{"id":28840,"date":"2023-10-27T17:19:56","date_gmt":"2023-10-27T15:19:56","guid":{"rendered":"https:\/\/www.justy.de\/?page_id=28840"},"modified":"2025-11-24T19:53:09","modified_gmt":"2025-11-24T18:53:09","slug":"contact","status":"publish","type":"page","link":"https:\/\/www.justy.bio\/fr\/contact\/","title":{"rendered":"Contact"},"content":{"rendered":"\n<p>Chez Justy, nous sommes toujours \u00e0 la recherche de moyens pour rendre nos jus encore plus savoureux et plus sains. Nous ne nous arr\u00eaterons pas tant que vous, en tant que client, ne serez pas satisfait. Envoyez-nous un e-mail ou appelez-nous si vous avez des questions. Ou si vous avez une id\u00e9e g\u00e9niale sur la fa\u00e7on dont nous pouvons am\u00e9liorer nos jus ou notre service. Remplissez le formulaire et nous vous r\u00e9pondrons dans les plus brefs d\u00e9lais. Une r\u00e9ponse encore plus rapide ? Vous trouverez ici les r\u00e9ponses aux <a href=\"https:\/\/www.justy.bio\/fr\/questions-frequemment-posees\/\">questions les plus fr\u00e9quemment pos\u00e9es<\/a>.<\/p>\n\n\n\n<div style=\"height:64px\" aria-hidden=\"true\" class=\"wp-block-spacer\"><\/div>\n\n\n\n<h4 class=\"wp-block-heading\" id=\"h-questions-generales-et-service-client\"><strong>QUESTIONS G\u00c9N\u00c9RALES ET SERVICE CLIENT<\/strong><\/h4>\n\n\n\n<p>Vous souhaitez nous contacter par t\u00e9l\u00e9phone et vous avez des questions d&#8217;ordre g\u00e9n\u00e9ral ? Appelez-nous. Vous pouvez nous joindre par t\u00e9l\u00e9phone du lundi au vendredi au <a href=\"tel:01 83 64 25 44\"><br>01 83 64 25 44<\/a>. Ou envoyez-nous un courriel \u00e0 l&#8217;adresse suivante : <a href=\"mailto:info@justy.bio\">info@justy.bio<\/a>.<\/p>\n\n\n\n<div style=\"height:32px\" aria-hidden=\"true\" class=\"wp-block-spacer\"><\/div>\n\n\n\n<h4 class=\"wp-block-heading\" id=\"h-collaboration-et-marketing\"><strong>COLLABORATION ET MARKETING<\/strong><\/h4>\n\n\n\n<p>Vous souhaitez travailler avec nous ou vous avez d&#8217;autres bonnes id\u00e9es ? \u00c9crivez-nous un courriel \u00e0 l&#8217;adresse suivante : <a href=\"mailto:info@justy.bio\">info@justy.bio<\/a>.<\/p>\n\n\n\n<p>Nous vous r\u00e9pondrons dans les plus brefs d\u00e9lais.<\/p>\n\n\n\n<p><\/p>\n","protected":false},"excerpt":{"rendered":"<p>Chez Justy, nous sommes toujours \u00e0 la recherche de moyens pour rendre nos jus encore plus savoureux et plus sains. Nous ne nous arr\u00eaterons pas tant que vous, en tant que client, ne serez pas satisfait. Envoyez-nous un e-mail ou appelez-nous si vous avez des questions. Ou si vous avez une id\u00e9e g\u00e9niale sur la [&hellip;]<\/p>\n","protected":false},"author":1,"featured_media":0,"parent":0,"menu_order":0,"comment_status":"closed","ping_status":"closed","template":"","meta":{"_acf_changed":false,"_gspb_post_css":"","footnotes":""},"class_list":["post-28840","page","type-page","status-publish","hentry"],"acf":[],"yoast_head":"<!-- This site is optimized with the Yoast SEO Premium plugin v25.5 (Yoast SEO v25.5) - https:\/\/yoast.com\/wordpress\/plugins\/seo\/ -->\n<title>Contact - Justy<\/title>\n<meta name=\"robots\" content=\"index, follow, max-snippet:-1, max-image-preview:large, max-video-preview:-1\" \/>\n<link rel=\"canonical\" href=\"https:\/\/www.justy.bio\/fr\/contact\/\" \/>\n<meta property=\"og:locale\" content=\"fr_FR\" \/>\n<meta property=\"og:type\" content=\"article\" \/>\n<meta property=\"og:title\" content=\"Contact - Justy\" \/>\n<meta property=\"og:description\" content=\"Chez Justy, nous sommes toujours \u00e0 la recherche de moyens pour rendre nos jus encore plus savoureux et plus sains. Nous ne nous arr\u00eaterons pas tant que vous, en tant que client, ne serez pas satisfait. Envoyez-nous un e-mail ou appelez-nous si vous avez des questions. Ou si vous avez une id\u00e9e g\u00e9niale sur la [&hellip;]\" \/>\n<meta property=\"og:url\" content=\"https:\/\/www.justy.bio\/fr\/contact\/\" \/>\n<meta property=\"og:site_name\" content=\"Justy\" \/>\n<meta property=\"article:publisher\" content=\"https:\/\/www.facebook.com\/justygoodness\" \/>\n<meta property=\"article:modified_time\" content=\"2025-11-24T18:53:09+00:00\" \/>\n<meta name=\"twitter:card\" content=\"summary_large_image\" \/>\n<meta name=\"twitter:label1\" content=\"Dur\u00e9e de lecture estim\u00e9e\" \/>\n\t<meta name=\"twitter:data1\" content=\"1 minute\" \/>\n<script type=\"application\/ld+json\" class=\"yoast-schema-graph\">{\"@context\":\"https:\/\/schema.org\",\"@graph\":[{\"@type\":\"WebPage\",\"@id\":\"https:\/\/www.justy.bio\/fr\/contact\/\",\"url\":\"https:\/\/www.justy.bio\/fr\/contact\/\",\"name\":\"Contact - Justy\",\"isPartOf\":{\"@id\":\"https:\/\/www.justy.bio\/fr\/#website\"},\"datePublished\":\"2023-10-27T15:19:56+00:00\",\"dateModified\":\"2025-11-24T18:53:09+00:00\",\"inLanguage\":\"fr-FR\",\"potentialAction\":[{\"@type\":\"ReadAction\",\"target\":[\"https:\/\/www.justy.bio\/fr\/contact\/\"]}]},{\"@type\":\"WebSite\",\"@id\":\"https:\/\/www.justy.bio\/fr\/#website\",\"url\":\"https:\/\/www.justy.bio\/fr\/\",\"name\":\"Justy\",\"description\":\"\",\"publisher\":{\"@id\":\"https:\/\/www.justy.bio\/fr\/#organization\"},\"potentialAction\":[{\"@type\":\"SearchAction\",\"target\":{\"@type\":\"EntryPoint\",\"urlTemplate\":\"https:\/\/www.justy.bio\/fr\/?s={search_term_string}\"},\"query-input\":{\"@type\":\"PropertyValueSpecification\",\"valueRequired\":true,\"valueName\":\"search_term_string\"}}],\"inLanguage\":\"fr-FR\"},{\"@type\":\"Organization\",\"@id\":\"https:\/\/www.justy.bio\/fr\/#organization\",\"name\":\"Justy\",\"url\":\"https:\/\/www.justy.bio\/fr\/\",\"logo\":{\"@type\":\"ImageObject\",\"inLanguage\":\"fr-FR\",\"@id\":\"https:\/\/www.justy.bio\/fr\/#\/schema\/logo\/image\/\",\"url\":\"https:\/\/www.justy.bio\/wp-content\/uploads\/2023\/10\/Logo.png\",\"contentUrl\":\"https:\/\/www.justy.bio\/wp-content\/uploads\/2023\/10\/Logo.png\",\"width\":218,\"height\":218,\"caption\":\"Justy\"},\"image\":{\"@id\":\"https:\/\/www.justy.bio\/fr\/#\/schema\/logo\/image\/\"},\"sameAs\":[\"https:\/\/www.facebook.com\/justygoodness\",\"https:\/\/www.instagram.com\/justygoodness\/\"]}]}<\/script>\n<!-- \/ Yoast SEO Premium plugin. -->","yoast_head_json":{"title":"Contact - Justy","robots":{"index":"index","follow":"follow","max-snippet":"max-snippet:-1","max-image-preview":"max-image-preview:large","max-video-preview":"max-video-preview:-1"},"canonical":"https:\/\/www.justy.bio\/fr\/contact\/","og_locale":"fr_FR","og_type":"article","og_title":"Contact - Justy","og_description":"Chez Justy, nous sommes toujours \u00e0 la recherche de moyens pour rendre nos jus encore plus savoureux et plus sains. Nous ne nous arr\u00eaterons pas tant que vous, en tant que client, ne serez pas satisfait. Envoyez-nous un e-mail ou appelez-nous si vous avez des questions. Ou si vous avez une id\u00e9e g\u00e9niale sur la [&hellip;]","og_url":"https:\/\/www.justy.bio\/fr\/contact\/","og_site_name":"Justy","article_publisher":"https:\/\/www.facebook.com\/justygoodness","article_modified_time":"2025-11-24T18:53:09+00:00","twitter_card":"summary_large_image","twitter_misc":{"Dur\u00e9e de lecture estim\u00e9e":"1 minute"},"schema":{"@context":"https:\/\/schema.org","@graph":[{"@type":"WebPage","@id":"https:\/\/www.justy.bio\/fr\/contact\/","url":"https:\/\/www.justy.bio\/fr\/contact\/","name":"Contact - Justy","isPartOf":{"@id":"https:\/\/www.justy.bio\/fr\/#website"},"datePublished":"2023-10-27T15:19:56+00:00","dateModified":"2025-11-24T18:53:09+00:00","inLanguage":"fr-FR","potentialAction":[{"@type":"ReadAction","target":["https:\/\/www.justy.bio\/fr\/contact\/"]}]},{"@type":"WebSite","@id":"https:\/\/www.justy.bio\/fr\/#website","url":"https:\/\/www.justy.bio\/fr\/","name":"Justy","description":"","publisher":{"@id":"https:\/\/www.justy.bio\/fr\/#organization"},"potentialAction":[{"@type":"SearchAction","target":{"@type":"EntryPoint","urlTemplate":"https:\/\/www.justy.bio\/fr\/?s={search_term_string}"},"query-input":{"@type":"PropertyValueSpecification","valueRequired":true,"valueName":"search_term_string"}}],"inLanguage":"fr-FR"},{"@type":"Organization","@id":"https:\/\/www.justy.bio\/fr\/#organization","name":"Justy","url":"https:\/\/www.justy.bio\/fr\/","logo":{"@type":"ImageObject","inLanguage":"fr-FR","@id":"https:\/\/www.justy.bio\/fr\/#\/schema\/logo\/image\/","url":"https:\/\/www.justy.bio\/wp-content\/uploads\/2023\/10\/Logo.png","contentUrl":"https:\/\/www.justy.bio\/wp-content\/uploads\/2023\/10\/Logo.png","width":218,"height":218,"caption":"Justy"},"image":{"@id":"https:\/\/www.justy.bio\/fr\/#\/schema\/logo\/image\/"},"sameAs":["https:\/\/www.facebook.com\/justygoodness","https:\/\/www.instagram.com\/justygoodness\/"]}]}},"_links":{"self":[{"href":"https:\/\/www.justy.bio\/fr\/wp-json\/wp\/v2\/pages\/28840","targetHints":{"allow":["GET"]}}],"collection":[{"href":"https:\/\/www.justy.bio\/fr\/wp-json\/wp\/v2\/pages"}],"about":[{"href":"https:\/\/www.justy.bio\/fr\/wp-json\/wp\/v2\/types\/page"}],"author":[{"embeddable":true,"href":"https:\/\/www.justy.bio\/fr\/wp-json\/wp\/v2\/users\/1"}],"replies":[{"embeddable":true,"href":"https:\/\/www.justy.bio\/fr\/wp-json\/wp\/v2\/comments?post=28840"}],"version-history":[{"count":2,"href":"https:\/\/www.justy.bio\/fr\/wp-json\/wp\/v2\/pages\/28840\/revisions"}],"predecessor-version":[{"id":192386,"href":"https:\/\/www.justy.bio\/fr\/wp-json\/wp\/v2\/pages\/28840\/revisions\/192386"}],"wp:attachment":[{"href":"https:\/\/www.justy.bio\/fr\/wp-json\/wp\/v2\/media?parent=28840"}],"curies":[{"name":"wp","href":"https:\/\/api.w.org\/{rel}","templated":true}]}}