{"id":6487,"date":"2023-10-18T23:03:18","date_gmt":"2023-10-18T21:03:18","guid":{"rendered":"https:\/\/justy.bio\/how-it-works\/"},"modified":"2026-04-06T16:49:54","modified_gmt":"2026-04-06T14:49:54","slug":"comment-ca-marche","status":"publish","type":"page","link":"https:\/\/www.justy.bio\/fr\/comment-ca-marche\/","title":{"rendered":"Comment \u00e7a marche"},"content":{"rendered":"\n<div class=\"wp-block-columns alignwide are-vertically-aligned-top space-bottom-2 img-max-150 is-layout-flex wp-container-core-columns-is-layout-42b50436 wp-block-columns-is-layout-flex\" style=\"margin-top:64px;margin-bottom:64px\">\n<div class=\"wp-block-column is-vertically-aligned-top is-layout-flow wp-block-column-is-layout-flow\" style=\"flex-basis:15%\">\n<figure class=\"wp-block-image aligncenter size-large is-resized\"><img decoding=\"async\" src=\"\/wp-content\/uploads\/2023\/10\/juicer1-300x173-1.png\" alt=\"\" style=\"width:170px\"\/><\/figure>\n<\/div>\n\n\n\n<div class=\"wp-block-column is-vertically-aligned-top is-layout-flow wp-block-column-is-layout-flow\" style=\"flex-basis:85%\">\n<h2 class=\"wp-block-heading\" id=\"les-jus-sains-du-slowjuicer\">Les jus sains du slowjuicer<\/h2>\n\n\n\n<p>Nos jus de l\u00e9gumes sains sont pr\u00e9par\u00e9s de mani\u00e8re traditionnelle \u00e0 l&#8217;aide de slowjuicers ultramodernes, dans lesquels nous pressons au moins 400 grammes des meilleurs l\u00e9gumes, fruits, herbes et \u00e9pices de la r\u00e9gion. Tous nos jus 100 % biologiques changent \u00e0 chaque saison. Ainsi, vous obtenez une variation optimale de la saveur, de la couleur, du go\u00fbt et des nutriments. Nos jus sont ensuite plac\u00e9s dans notre cong\u00e9lateur \u00e0 chocs imm\u00e9diatement apr\u00e8s le pressage pour garantir qu&#8217;ils sont congel\u00e9s dans l&#8217;heure qui suit.<\/p>\n<\/div>\n<\/div>\n\n\n\n<div class=\"wp-block-columns alignwide are-vertically-aligned-center space-bottom-2 img-max-100 is-layout-flex wp-container-core-columns-is-layout-42b50436 wp-block-columns-is-layout-flex\" style=\"margin-top:64px;margin-bottom:64px\">\n<div class=\"wp-block-column is-layout-flow wp-block-column-is-layout-flow\" style=\"flex-basis:15%\">\n<figure class=\"wp-block-image aligncenter size-large is-resized\"><img decoding=\"async\" src=\"\/wp-content\/uploads\/2023\/10\/recycle-180x180-1.png\" alt=\"\" style=\"width:110px\"\/><\/figure>\n<\/div>\n\n\n\n<div class=\"wp-block-column is-layout-flow wp-block-column-is-layout-flow\" style=\"flex-basis:85%\">\n<h2 class=\"wp-block-heading\" id=\"durabilite\">Durabilit\u00e9<\/h2>\n\n\n\n<p>Nos jus biologiques sont conditionn\u00e9s dans des bouteilles en verre 100 % recyclables et les autres mat\u00e9riaux d&#8217;emballage sont \u00e9galement durables et recyclables. Nous n&#8217;utilisons que l&#8217;\u00e9nergie solaire et \u00e9olienne pour nos cong\u00e9lateurs et nos slowjuicers. Nous nous sommes associ\u00e9s \u00e0 des agriculteurs locaux et biologiques. Notre pulpe v\u00e9g\u00e9tale est envoy\u00e9e \u00e0 une ferme biodynamique dans la for\u00eat d&#8217;Amsterdam pour que les ch\u00e8vres et les autres animaux puissent s&#8217;en nourrir.<\/p>\n<\/div>\n<\/div>\n\n\n\n<div class=\"wp-block-columns alignwide are-vertically-aligned-center space-bottom-2 img-max-150 is-layout-flex wp-container-core-columns-is-layout-42b50436 wp-block-columns-is-layout-flex\" style=\"margin-top:64px;margin-bottom:64px\">\n<div class=\"wp-block-column is-vertically-aligned-center is-layout-flow wp-block-column-is-layout-flow\" style=\"flex-basis:15%\">\n<figure class=\"wp-block-image aligncenter size-large\"><img decoding=\"async\" src=\"\/wp-content\/uploads\/2023\/10\/flesjes-300x95-300x95-1.png\" alt=\"\"\/><\/figure>\n<\/div>\n\n\n\n<div class=\"wp-block-column is-vertically-aligned-center is-layout-flow wp-block-column-is-layout-flow\" style=\"flex-basis:85%\">\n<h2 class=\"wp-block-heading\" id=\"jus-kits-nettoyages-ou-abonnements\">Jus, kits, nettoyages ou abonnements<\/h2>\n\n\n\n<p>Voulez-vous go\u00fbter nos jus de l\u00e9gumes ? Commandez au moins 14 jus, soupes ou shots bio et sains. Commandez notre kit de jus qui contient tout notre assortiment de jus. Nous proposons \u00e9galement un grand nombre de nettoyages au jus et un abonnement tr\u00e8s pratique avec r\u00e9duction !<\/p>\n<\/div>\n<\/div>\n\n\n\n<div class=\"wp-block-columns alignwide are-vertically-aligned-center space-bottom-2 img-max-100 is-layout-flex wp-container-core-columns-is-layout-42b50436 wp-block-columns-is-layout-flex\" style=\"margin-top:64px;margin-bottom:64px\">\n<div class=\"wp-block-column is-layout-flow wp-block-column-is-layout-flow\" style=\"flex-basis:15%\">\n<figure class=\"wp-block-image aligncenter size-large is-resized\"><img decoding=\"async\" src=\"\/wp-content\/uploads\/2023\/10\/klok1-180x180-1.png\" alt=\"\" style=\"width:110px\"\/><\/figure>\n<\/div>\n\n\n\n<div class=\"wp-block-column is-layout-flow wp-block-column-is-layout-flow\" style=\"flex-basis:85%\">\n<h2 class=\"wp-block-heading\" id=\"choisissez-le-jour-et-l-heure-de-livraison\">Choisissez le jour et l&#8217;heure de livraison<\/h2>\n\n\n\n<p>Les jus seront livr\u00e9s au jour et \u00e0 l&#8217;heure de votre choix, que vous pouvez s\u00e9lectionner sur la page de paiement. En Allemagne, les jus sont livr\u00e9s 6 jours par semaine, du lundi au samedi. Les jours ouvrables avant 11 heures, les jus sont livr\u00e9s le jour ouvrable suivant. Vous pouvez choisir parmi les p\u00e9riodes de livraison suivantes : 08:00-14:00, 12:00-18:00 et 17:00-22:00.<\/p>\n<\/div>\n<\/div>\n\n\n\n<div class=\"wp-block-columns alignwide are-vertically-aligned-center space-bottom-2 img-max-150 is-layout-flex wp-container-core-columns-is-layout-42b50436 wp-block-columns-is-layout-flex\" style=\"margin-top:64px;margin-bottom:64px\">\n<div class=\"wp-block-column is-layout-flow wp-block-column-is-layout-flow\" style=\"flex-basis:15%\">\n<figure class=\"wp-block-image aligncenter size-large is-resized\"><img decoding=\"async\" src=\"\/wp-content\/uploads\/2023\/10\/SAPJE_truck_01.png\" alt=\"\" style=\"width:120px\"\/><\/figure>\n<\/div>\n\n\n\n<div class=\"wp-block-column is-layout-flow wp-block-column-is-layout-flow\" style=\"flex-basis:85%\">\n<h2 class=\"wp-block-heading\" id=\"livraison-dans-tout-le-pays-avec-un-service-de-livraison-de-produits-surgeles\">Livraison dans tout le pays avec un service de livraison de produits surgel\u00e9s<\/h2>\n\n\n\n<p>Nous livrons les jus de l\u00e9gumes surgel\u00e9s par le biais d&#8217;un service sp\u00e9cial de livraison de produits surgel\u00e9s. La veille de la livraison, vous recevrez une notification de l&#8217;heure de livraison par e-mail et le jour m\u00eame de la livraison, vous recevrez une notification plus pr\u00e9cise.<\/p>\n<\/div>\n<\/div>\n\n\n\n<div class=\"wp-block-columns alignwide space-bottom-2 img-max-100 is-layout-flex wp-container-core-columns-is-layout-42b50436 wp-block-columns-is-layout-flex\" style=\"margin-top:64px;margin-bottom:64px\">\n<div class=\"wp-block-column is-layout-flow wp-block-column-is-layout-flow\" style=\"flex-basis:15%\">\n<figure class=\"wp-block-image aligncenter size-large is-resized\"><img decoding=\"async\" src=\"\/wp-content\/uploads\/2023\/10\/tasje1-138x300-138x300-1.png\" alt=\"\" style=\"width:80px\"\/><\/figure>\n<\/div>\n\n\n\n<div class=\"wp-block-column is-vertically-aligned-center is-layout-flow wp-block-column-is-layout-flow\" style=\"flex-basis:85%\">\n<h2 class=\"wp-block-heading\" id=\"livraison-en-mains-propres\">Livraison en mains propres<\/h2>\n\n\n\n<p>Les jus vous seront livr\u00e9s par notre livreur Leen Menken. Vous n&#8217;\u00eates pas chez vous et souhaitez que le livreur d\u00e9pose vos jus devant votre porte ? Ou votre sonnette est cass\u00e9e ? Veuillez ajouter un message pour le livreur sur la page de paiement.<\/p>\n<\/div>\n<\/div>\n\n\n\n<div class=\"wp-block-columns alignwide are-vertically-aligned-center space-bottom-2 img-max-100 is-layout-flex wp-container-core-columns-is-layout-42b50436 wp-block-columns-is-layout-flex\" style=\"margin-top:64px;margin-bottom:64px\">\n<div class=\"wp-block-column is-layout-flow wp-block-column-is-layout-flow\" style=\"flex-basis:15%\">\n<figure class=\"wp-block-image aligncenter size-large is-resized\"><img decoding=\"async\" src=\"\/wp-content\/uploads\/2023\/10\/flesje_op1-235x300-235x300-1.png\" alt=\"\" style=\"width:120px\"\/><\/figure>\n<\/div>\n\n\n\n<div class=\"wp-block-column is-layout-flow wp-block-column-is-layout-flow\" style=\"flex-basis:85%\">\n<h2 class=\"wp-block-heading\" id=\"plus-de-jus\">Plus de jus ?<\/h2>\n\n\n\n<p>Qu&#8217;est-ce que vous attendez ? Commandez ici vos jus de l\u00e9gumes biologiques sains. Les bouteilles en verre vides et les emballages peuvent \u00eatre conserv\u00e9s pour un usage priv\u00e9 ou \u00eatre recycl\u00e9s \u00e0 100 % dans vos poubelles.<\/p>\n<\/div>\n<\/div>\n\n\n\n<div style=\"height:100px\" aria-hidden=\"true\" class=\"wp-block-spacer\"><\/div>\n\n\n\n<div class=\"wp-block-columns alignwide has-2-columns final-list is-layout-flex wp-container-core-columns-is-layout-cbe57604 wp-block-columns-is-layout-flex\">\n<div class=\"wp-block-column is-layout-flow wp-block-column-is-layout-flow\">\n<figure class=\"wp-block-image aligncenter size-large\"><img decoding=\"async\" src=\"\/wp-content\/uploads\/2023\/10\/sneeuwvlokje-80x80-2.png\" alt=\"\"\/><\/figure>\n\n\n\n<h2 class=\"wp-block-heading has-text-align-center\" id=\"conserver-et-decongeler\">Conserver et d\u00e9congeler<\/h2>\n\n\n\n<div style=\"height:24px\" aria-hidden=\"true\" class=\"wp-block-spacer\"><\/div>\n\n\n\n<ul class=\"wp-block-list\">\n<li>Les jus congel\u00e9s peuvent \u00eatre conserv\u00e9s au cong\u00e9lateur \u00e0 une temp\u00e9rature d&#8217;au moins -18\u00b0C pendant plusieurs mois. Veuillez tenir compte de la date de p\u00e9remption figurant sur la bouteille pour conna\u00eetre la dur\u00e9e exacte de conservation.<\/li>\n\n\n\n<li>Une fois d\u00e9congel\u00e9s, les jus restent frais au r\u00e9frig\u00e9rateur \u00e0 une temp\u00e9rature maximale de 7\u00b0C pendant 4 jours au maximum.<\/li>\n\n\n\n<li>Pour une conservation optimale des nutriments, nous vous recommandons de boire le jus le plus rapidement possible apr\u00e8s sa d\u00e9cong\u00e9lation.<\/li>\n\n\n\n<li>La d\u00e9cong\u00e9lation au r\u00e9frig\u00e9rateur prend environ 24 \u00e0 30 heures, en fonction de la temp\u00e9rature du r\u00e9frig\u00e9rateur et du fait que les jus congel\u00e9s sont plac\u00e9s pr\u00e8s les uns des autres.<\/li>\n\n\n\n<li>Ne pas recongeler les jus d\u00e9congel\u00e9s<\/li>\n<\/ul>\n<\/div>\n\n\n\n<div class=\"wp-block-column is-layout-flow wp-block-column-is-layout-flow\">\n<figure class=\"wp-block-image aligncenter size-large\"><img decoding=\"async\" src=\"\/wp-content\/uploads\/2023\/10\/label1-80x80-2.png\" alt=\"\"\/><\/figure>\n\n\n\n<h2 class=\"wp-block-heading has-text-align-center\" id=\"mce_31\">Prix<\/h2>\n\n\n\n<div style=\"height:24px\" aria-hidden=\"true\" class=\"wp-block-spacer\"><\/div>\n\n\n\n<ul class=\"wp-block-list\">\n<li>Chaque jus de l\u00e9gumes co\u00fbte 5,40 par bouteille (240 ml).<\/li>\n\n\n\n<li>Chaque soupe de l\u00e9gumes co\u00fbte 5,95 par bouteille (470 ml).<\/li>\n\n\n\n<li>Un shot co\u00fbte 3,95 par pot (50 ml).<\/li>\n<\/ul>\n<\/div>\n<\/div>\n\n\n\n<figure class=\"wp-block-image aligncenter size-large\"><img decoding=\"async\" src=\"\/wp-content\/uploads\/2023\/10\/label1-80x80-2.png\" alt=\"\"\/><\/figure>\n\n\n\n<h2 class=\"wp-block-heading has-text-align-center\" id=\"mce_31\"> Livraison<\/h2>\n\n\n\n<p><strong>Nos livraisons en France<\/strong>&nbsp;:<\/p>\n\n\n\n<p>Pour l\u2019exp\u00e9dition, les frais d\u2019envoi s\u2019\u00e9l\u00e8vent \u00e0 6,95 \u20ac.<br>Avec notre service surgel\u00e9, nous livrons du <strong>mardi \u00e0 samedi<\/strong>. Nous ne livrons pas les dimanches, les lundis et les jours f\u00e9ri\u00e9s. Si le jour que vous avez choisi pour recevoir votre commande est f\u00e9ri\u00e9 dans votre r\u00e9gion, vous la recevrez au <strong>prochain jour ouvrable<\/strong>.<\/p>\n\n\n\n<p>Si vous allez faire une <strong>cure d\u00e9tox<\/strong>, nous vous recommandons de choisir comme <strong>date de livraison la veille<\/strong> du jour o\u00f9 vous pr\u00e9voyez commencer, afin de pouvoir faire votre cure d\u00e8s le lendemain \u00e0 premi\u00e8re heure.<\/p>\n\n\n\n<p>Nos exp\u00e9ditions sont surgel\u00e9es. Par cons\u00e9quent, elles ne peuvent pas \u00eatre livr\u00e9es \u00e0 des points de collecte non r\u00e9frig\u00e9r\u00e9s. Les seuls points de collecte valables sont les <strong>agences ChronoFresh<\/strong>.<\/p>\n","protected":false},"excerpt":{"rendered":"<p>Les jus sains du slowjuicer Nos jus de l\u00e9gumes sains sont pr\u00e9par\u00e9s de mani\u00e8re traditionnelle \u00e0 l&#8217;aide de slowjuicers ultramodernes, dans lesquels nous pressons au moins 400 grammes des meilleurs l\u00e9gumes, fruits, herbes et \u00e9pices de la r\u00e9gion. Tous nos jus 100 % biologiques changent \u00e0 chaque saison. Ainsi, vous obtenez une variation optimale de [&hellip;]<\/p>\n","protected":false},"author":1,"featured_media":0,"parent":0,"menu_order":0,"comment_status":"closed","ping_status":"closed","template":"","meta":{"_acf_changed":false,"_gspb_post_css":"","footnotes":""},"class_list":["post-6487","page","type-page","status-publish","hentry"],"acf":[],"yoast_head":"<!-- This site is optimized with the Yoast SEO Premium plugin v25.5 (Yoast SEO v25.5) - https:\/\/yoast.com\/wordpress\/plugins\/seo\/ -->\n<title>Comment \u00e7a marche - Justy<\/title>\n<meta name=\"description\" content=\"D\u00e9couvrez nos jus de l\u00e9gumes de haute qualit\u00e9, soigneusement press\u00e9s \u00e0 la main avec le presse-agrumes lent \u00e0 partir des meilleurs ingr\u00e9dients locaux.\" \/>\n<meta name=\"robots\" content=\"index, follow, max-snippet:-1, max-image-preview:large, max-video-preview:-1\" \/>\n<link rel=\"canonical\" href=\"https:\/\/www.justy.bio\/fr\/comment-ca-marche\/\" \/>\n<meta property=\"og:locale\" content=\"fr_FR\" \/>\n<meta property=\"og:type\" content=\"article\" \/>\n<meta property=\"og:title\" content=\"Comment \u00e7a marche - Justy\" \/>\n<meta property=\"og:description\" content=\"D\u00e9couvrez nos jus de l\u00e9gumes de haute qualit\u00e9, soigneusement press\u00e9s \u00e0 la main avec le presse-agrumes lent \u00e0 partir des meilleurs ingr\u00e9dients locaux.\" \/>\n<meta property=\"og:url\" content=\"https:\/\/www.justy.bio\/fr\/comment-ca-marche\/\" \/>\n<meta property=\"og:site_name\" content=\"Justy\" \/>\n<meta property=\"article:publisher\" content=\"https:\/\/www.facebook.com\/justygoodness\" \/>\n<meta property=\"article:modified_time\" content=\"2026-04-06T14:49:54+00:00\" \/>\n<meta name=\"twitter:card\" content=\"summary_large_image\" \/>\n<meta name=\"twitter:label1\" content=\"Dur\u00e9e de lecture estim\u00e9e\" \/>\n\t<meta name=\"twitter:data1\" content=\"6 minutes\" \/>\n<script type=\"application\/ld+json\" class=\"yoast-schema-graph\">{\"@context\":\"https:\/\/schema.org\",\"@graph\":[{\"@type\":\"WebPage\",\"@id\":\"https:\/\/www.justy.bio\/fr\/comment-ca-marche\/\",\"url\":\"https:\/\/www.justy.bio\/fr\/comment-ca-marche\/\",\"name\":\"Comment \u00e7a marche - Justy\",\"isPartOf\":{\"@id\":\"https:\/\/www.justy.bio\/fr\/#website\"},\"datePublished\":\"2023-10-18T21:03:18+00:00\",\"dateModified\":\"2026-04-06T14:49:54+00:00\",\"description\":\"D\u00e9couvrez nos jus de l\u00e9gumes de haute qualit\u00e9, soigneusement press\u00e9s \u00e0 la main avec le presse-agrumes lent \u00e0 partir des meilleurs ingr\u00e9dients locaux.\",\"inLanguage\":\"fr-FR\",\"potentialAction\":[{\"@type\":\"ReadAction\",\"target\":[\"https:\/\/www.justy.bio\/fr\/comment-ca-marche\/\"]}]},{\"@type\":\"WebSite\",\"@id\":\"https:\/\/www.justy.bio\/fr\/#website\",\"url\":\"https:\/\/www.justy.bio\/fr\/\",\"name\":\"Justy\",\"description\":\"\",\"publisher\":{\"@id\":\"https:\/\/www.justy.bio\/fr\/#organization\"},\"potentialAction\":[{\"@type\":\"SearchAction\",\"target\":{\"@type\":\"EntryPoint\",\"urlTemplate\":\"https:\/\/www.justy.bio\/fr\/?s={search_term_string}\"},\"query-input\":{\"@type\":\"PropertyValueSpecification\",\"valueRequired\":true,\"valueName\":\"search_term_string\"}}],\"inLanguage\":\"fr-FR\"},{\"@type\":\"Organization\",\"@id\":\"https:\/\/www.justy.bio\/fr\/#organization\",\"name\":\"Justy\",\"url\":\"https:\/\/www.justy.bio\/fr\/\",\"logo\":{\"@type\":\"ImageObject\",\"inLanguage\":\"fr-FR\",\"@id\":\"https:\/\/www.justy.bio\/fr\/#\/schema\/logo\/image\/\",\"url\":\"https:\/\/www.justy.bio\/wp-content\/uploads\/2023\/10\/Logo.png\",\"contentUrl\":\"https:\/\/www.justy.bio\/wp-content\/uploads\/2023\/10\/Logo.png\",\"width\":218,\"height\":218,\"caption\":\"Justy\"},\"image\":{\"@id\":\"https:\/\/www.justy.bio\/fr\/#\/schema\/logo\/image\/\"},\"sameAs\":[\"https:\/\/www.facebook.com\/justygoodness\",\"https:\/\/www.instagram.com\/justygoodness\/\"]}]}<\/script>\n<!-- \/ Yoast SEO Premium plugin. -->","yoast_head_json":{"title":"Comment \u00e7a marche - Justy","description":"D\u00e9couvrez nos jus de l\u00e9gumes de haute qualit\u00e9, soigneusement press\u00e9s \u00e0 la main avec le presse-agrumes lent \u00e0 partir des meilleurs ingr\u00e9dients locaux.","robots":{"index":"index","follow":"follow","max-snippet":"max-snippet:-1","max-image-preview":"max-image-preview:large","max-video-preview":"max-video-preview:-1"},"canonical":"https:\/\/www.justy.bio\/fr\/comment-ca-marche\/","og_locale":"fr_FR","og_type":"article","og_title":"Comment \u00e7a marche - Justy","og_description":"D\u00e9couvrez nos jus de l\u00e9gumes de haute qualit\u00e9, soigneusement press\u00e9s \u00e0 la main avec le presse-agrumes lent \u00e0 partir des meilleurs ingr\u00e9dients locaux.","og_url":"https:\/\/www.justy.bio\/fr\/comment-ca-marche\/","og_site_name":"Justy","article_publisher":"https:\/\/www.facebook.com\/justygoodness","article_modified_time":"2026-04-06T14:49:54+00:00","twitter_card":"summary_large_image","twitter_misc":{"Dur\u00e9e de lecture estim\u00e9e":"6 minutes"},"schema":{"@context":"https:\/\/schema.org","@graph":[{"@type":"WebPage","@id":"https:\/\/www.justy.bio\/fr\/comment-ca-marche\/","url":"https:\/\/www.justy.bio\/fr\/comment-ca-marche\/","name":"Comment \u00e7a marche - Justy","isPartOf":{"@id":"https:\/\/www.justy.bio\/fr\/#website"},"datePublished":"2023-10-18T21:03:18+00:00","dateModified":"2026-04-06T14:49:54+00:00","description":"D\u00e9couvrez nos jus de l\u00e9gumes de haute qualit\u00e9, soigneusement press\u00e9s \u00e0 la main avec le presse-agrumes lent \u00e0 partir des meilleurs ingr\u00e9dients locaux.","inLanguage":"fr-FR","potentialAction":[{"@type":"ReadAction","target":["https:\/\/www.justy.bio\/fr\/comment-ca-marche\/"]}]},{"@type":"WebSite","@id":"https:\/\/www.justy.bio\/fr\/#website","url":"https:\/\/www.justy.bio\/fr\/","name":"Justy","description":"","publisher":{"@id":"https:\/\/www.justy.bio\/fr\/#organization"},"potentialAction":[{"@type":"SearchAction","target":{"@type":"EntryPoint","urlTemplate":"https:\/\/www.justy.bio\/fr\/?s={search_term_string}"},"query-input":{"@type":"PropertyValueSpecification","valueRequired":true,"valueName":"search_term_string"}}],"inLanguage":"fr-FR"},{"@type":"Organization","@id":"https:\/\/www.justy.bio\/fr\/#organization","name":"Justy","url":"https:\/\/www.justy.bio\/fr\/","logo":{"@type":"ImageObject","inLanguage":"fr-FR","@id":"https:\/\/www.justy.bio\/fr\/#\/schema\/logo\/image\/","url":"https:\/\/www.justy.bio\/wp-content\/uploads\/2023\/10\/Logo.png","contentUrl":"https:\/\/www.justy.bio\/wp-content\/uploads\/2023\/10\/Logo.png","width":218,"height":218,"caption":"Justy"},"image":{"@id":"https:\/\/www.justy.bio\/fr\/#\/schema\/logo\/image\/"},"sameAs":["https:\/\/www.facebook.com\/justygoodness","https:\/\/www.instagram.com\/justygoodness\/"]}]}},"_links":{"self":[{"href":"https:\/\/www.justy.bio\/fr\/wp-json\/wp\/v2\/pages\/6487","targetHints":{"allow":["GET"]}}],"collection":[{"href":"https:\/\/www.justy.bio\/fr\/wp-json\/wp\/v2\/pages"}],"about":[{"href":"https:\/\/www.justy.bio\/fr\/wp-json\/wp\/v2\/types\/page"}],"author":[{"embeddable":true,"href":"https:\/\/www.justy.bio\/fr\/wp-json\/wp\/v2\/users\/1"}],"replies":[{"embeddable":true,"href":"https:\/\/www.justy.bio\/fr\/wp-json\/wp\/v2\/comments?post=6487"}],"version-history":[{"count":5,"href":"https:\/\/www.justy.bio\/fr\/wp-json\/wp\/v2\/pages\/6487\/revisions"}],"predecessor-version":[{"id":193326,"href":"https:\/\/www.justy.bio\/fr\/wp-json\/wp\/v2\/pages\/6487\/revisions\/193326"}],"wp:attachment":[{"href":"https:\/\/www.justy.bio\/fr\/wp-json\/wp\/v2\/media?parent=6487"}],"curies":[{"name":"wp","href":"https:\/\/api.w.org\/{rel}","templated":true}]}}