{"id":6529,"date":"2023-11-09T10:37:24","date_gmt":"2023-11-09T09:37:24","guid":{"rendered":"https:\/\/justy.bio\/justy-reviews\/"},"modified":"2025-07-07T18:19:49","modified_gmt":"2025-07-07T16:19:49","slug":"justy-revues","status":"publish","type":"page","link":"https:\/\/www.justy.bio\/fr\/justy-revues\/","title":{"rendered":"Commentaires Sur Justy"},"content":{"rendered":"\n<p>Les clients de Justy font part de leurs exp\u00e9riences. Vous y trouverez, par exemple, des exp\u00e9riences de cure de d\u00e9sintoxication de personnes qui ont essay\u00e9 l&#8217;une de nos cures de jus. Vous souhaitez en savoir plus sur la mani\u00e8re dont les gens ont v\u00e9cu la livraison de nos jus ? Quel \u00e9tait le go\u00fbt des jus ? Ou \u00e0 quel point il a \u00e9t\u00e9 facile de suivre un je\u00fbne aux jus ? Vous pouvez en savoir plus ici ! Bien entendu, les exp\u00e9riences de la cure de d\u00e9sintoxication donnent \u00e9galement une id\u00e9e de l&#8217;effet du je\u00fbne aux jus, comme par exemple : B. plus d&#8217;\u00e9nergie ou perte de poids. Les exp\u00e9riences de nos clients ont \u00e9veill\u00e9 votre curiosit\u00e9 ? Commandez ici vos jus ou notre cure de jus.<\/p>\n\n\n\n<p><\/p>\n\n\n\n<p><em><br><\/em><\/p>\n\n\n\n<div class=\"wp-block-group has-global-padding is-layout-constrained wp-container-core-group-is-layout-105570a8 wp-block-group-is-layout-constrained\">\n<figure class=\"wp-block-image size-full is-resized\"><img loading=\"lazy\" decoding=\"async\" width=\"48\" height=\"49\" src=\"https:\/\/justy.bio\/wp-content\/uploads\/2023\/11\/image-5.png\" alt=\"\" class=\"wp-image-2275\" style=\"width:32px\"\/><\/figure>\n\n\n\n<p><em>&#8220;<\/em>Je fais cette cure depuis des ann\u00e9es. C&#8217;est mon d\u00e9clencheur de reprise en main. Il est important de boire chaque bouteille \u00e0 l&#8217;heure indiqu\u00e9e pour ne JAMAIS avoir faim. Mon teint change en trois jours, ma silhouette en cinq.<\/p>\n\n\n\n<p>&#8220;<\/p>\n\n\n\n<div class=\"wp-block-group is-vertical is-layout-flex wp-container-core-group-is-layout-fe9cc265 wp-block-group-is-layout-flex\">\n<p><em><strong><a href=\"https:\/\/fr.trustpilot.com\/users\/666b11a834fee719fbdd29c2\">Charlotte A.<\/a><\/strong><\/em><\/p>\n\n\n\n<p class=\"has-text-color has-link-color wp-elements-321f632620c9b7e702f6e0025e3a3241\" style=\"color:#e6c42c\">\u2605\u2605\u2605\u2605\u2605<\/p>\n<\/div>\n<\/div>\n\n\n\n<div style=\"height:22px\" aria-hidden=\"true\" class=\"wp-block-spacer\"><\/div>\n\n\n\n<div class=\"wp-block-group has-global-padding is-layout-constrained wp-container-core-group-is-layout-105570a8 wp-block-group-is-layout-constrained\">\n<figure class=\"wp-block-image size-full is-resized\"><img loading=\"lazy\" decoding=\"async\" width=\"48\" height=\"49\" src=\"https:\/\/justy.bio\/wp-content\/uploads\/2023\/11\/image-5.png\" alt=\"\" class=\"wp-image-2275\" style=\"width:32px\"\/><\/figure>\n\n\n\n<p><em>&#8220;<em>J&#8217;ai \u00e9t\u00e9 livr\u00e9 \u00e0 la date pr\u00e9vue et les produits \u00e9taient bien conserv\u00e9s et bien conditionn\u00e9s pendant le transport (congel\u00e9s et aucune casse).<br>J&#8217;ai r\u00e9alis\u00e9 ma premi\u00e8re journ\u00e9e. Les jus sont bons et de qualit\u00e9.<\/em><\/em>&#8220;<\/p>\n\n\n\n<div class=\"wp-block-group is-vertical is-layout-flex wp-container-core-group-is-layout-fe9cc265 wp-block-group-is-layout-flex\">\n<p><em><strong><a href=\"https:\/\/fr.trustpilot.com\/users\/676e74052040459450bc26cc\">Sabrina DEME<\/a><\/strong><\/em><\/p>\n\n\n\n<p class=\"has-text-color has-link-color wp-elements-321f632620c9b7e702f6e0025e3a3241\" style=\"color:#e6c42c\">\u2605\u2605\u2605\u2605\u2605<\/p>\n<\/div>\n<\/div>\n\n\n\n<div style=\"height:17px\" aria-hidden=\"true\" class=\"wp-block-spacer\"><\/div>\n\n\n\n<figure class=\"wp-block-image size-full is-resized\"><img loading=\"lazy\" decoding=\"async\" width=\"48\" height=\"49\" src=\"https:\/\/justy.bio\/wp-content\/uploads\/2023\/11\/image-5.png\" alt=\"\" class=\"wp-image-2275\" style=\"width:32px\"\/><\/figure>\n\n\n\n<p><em>&#8220;Jus bien conserv\u00e9 au frais par la cong\u00e9lation<br>Dur\u00e9e longue de conservation<br>Livraison \u00e0 l\u2019heure indiqu\u00e9e<\/em>&#8220;<\/p>\n\n\n\n<div class=\"wp-block-group is-vertical is-layout-flex wp-container-core-group-is-layout-fe9cc265 wp-block-group-is-layout-flex\">\n<p><em><strong><a href=\"https:\/\/fr.trustpilot.com\/users\/65d7485617d4910012773830\">Mam Mam<\/a><\/strong><\/em><\/p>\n\n\n\n<p class=\"has-text-color has-link-color wp-elements-321f632620c9b7e702f6e0025e3a3241\" style=\"color:#e6c42c\">\u2605\u2605\u2605\u2605\u2605<\/p>\n<\/div>\n\n\n\n<div style=\"height:17px\" aria-hidden=\"true\" class=\"wp-block-spacer\"><\/div>\n\n\n\n<figure class=\"wp-block-image size-full is-resized\"><img loading=\"lazy\" decoding=\"async\" width=\"48\" height=\"49\" src=\"https:\/\/justy.bio\/wp-content\/uploads\/2023\/11\/image-5.png\" alt=\"\" class=\"wp-image-2275\" style=\"width:32px\"\/><\/figure>\n\n\n\n<p><em>&#8220;<\/em>Livraison ? nickel bien emball\u00e9, tr\u00e8s pratique les jus surgel\u00e9s on peut les consommer quand on veut. Jus bio top ?? pas eu de sensation de faim bien reparti dans la journ\u00e9e.&#8221;<\/p>\n\n\n\n<p>Tr\u00e8s bon jus.<br>Livraison impeccable; les jus \u00e9taient bien congel\u00e9s et emball\u00e9s.<br>Le premier jus : Kick juice du matin a beaucoup de mal \u00e0 d\u00e9congeler. J&#8217;ai remarqu\u00e9 que 24h \u00e9tait un minimum pour d\u00e9congeler les jus.<\/p>\n\n\n\n<div class=\"wp-block-group is-vertical is-layout-flex wp-container-core-group-is-layout-fe9cc265 wp-block-group-is-layout-flex\">\n<p><em><strong><a href=\"https:\/\/fr.trustpilot.com\/users\/665a1ea8e862fe13e36fcf7f\">Carole<\/a><\/strong><\/em><\/p>\n\n\n\n<p class=\"has-text-color has-link-color wp-elements-ae3c9d8d221846048f6bd2c19c63038a\" style=\"color:#e6c42c\">\u2605\u2605\u2605\u2605<\/p>\n\n\n\n<p><\/p>\n<\/div>\n","protected":false},"excerpt":{"rendered":"<p>Les clients de Justy font part de leurs exp\u00e9riences. Vous y trouverez, par exemple, des exp\u00e9riences de cure de d\u00e9sintoxication de personnes qui ont essay\u00e9 l&#8217;une de nos cures de jus. Vous souhaitez en savoir plus sur la mani\u00e8re dont les gens ont v\u00e9cu la livraison de nos jus ? Quel \u00e9tait le go\u00fbt des [&hellip;]<\/p>\n","protected":false},"author":1,"featured_media":0,"parent":0,"menu_order":0,"comment_status":"closed","ping_status":"closed","template":"","meta":{"_acf_changed":false,"_gspb_post_css":"","footnotes":""},"class_list":["post-6529","page","type-page","status-publish","hentry"],"acf":[],"yoast_head":"<!-- This site is optimized with the Yoast SEO Premium plugin v25.5 (Yoast SEO v25.5) - https:\/\/yoast.com\/wordpress\/plugins\/seo\/ -->\n<title>Justy - Reviews<\/title>\n<meta name=\"description\" content=\"D\u00e9couvrez les meilleures critiques sur Justy Reviews et trouvez les produits parfaits pour vos besoins.\" \/>\n<meta name=\"robots\" content=\"index, follow, max-snippet:-1, max-image-preview:large, max-video-preview:-1\" \/>\n<link rel=\"canonical\" href=\"https:\/\/www.justy.bio\/fr\/justy-revues\/\" \/>\n<meta property=\"og:locale\" content=\"fr_FR\" \/>\n<meta property=\"og:type\" content=\"article\" \/>\n<meta property=\"og:title\" content=\"Justy - Reviews\" \/>\n<meta property=\"og:description\" content=\"D\u00e9couvrez les meilleures critiques sur Justy Reviews et trouvez les produits parfaits pour vos besoins.\" \/>\n<meta property=\"og:url\" content=\"https:\/\/www.justy.bio\/fr\/justy-revues\/\" \/>\n<meta property=\"og:site_name\" content=\"Justy\" \/>\n<meta property=\"article:publisher\" content=\"https:\/\/www.facebook.com\/justygoodness\" \/>\n<meta property=\"article:modified_time\" content=\"2025-07-07T16:19:49+00:00\" \/>\n<meta property=\"og:image\" content=\"https:\/\/justy.bio\/wp-content\/uploads\/2023\/11\/image-5.png\" \/>\n<meta name=\"twitter:card\" content=\"summary_large_image\" \/>\n<meta name=\"twitter:label1\" content=\"Dur\u00e9e de lecture estim\u00e9e\" \/>\n\t<meta name=\"twitter:data1\" content=\"3 minutes\" \/>\n<script type=\"application\/ld+json\" class=\"yoast-schema-graph\">{\"@context\":\"https:\/\/schema.org\",\"@graph\":[{\"@type\":\"WebPage\",\"@id\":\"https:\/\/www.justy.bio\/fr\/justy-revues\/\",\"url\":\"https:\/\/www.justy.bio\/fr\/justy-revues\/\",\"name\":\"Justy - Reviews\",\"isPartOf\":{\"@id\":\"https:\/\/www.justy.bio\/fr\/#website\"},\"primaryImageOfPage\":{\"@id\":\"https:\/\/www.justy.bio\/fr\/justy-revues\/#primaryimage\"},\"image\":{\"@id\":\"https:\/\/www.justy.bio\/fr\/justy-revues\/#primaryimage\"},\"thumbnailUrl\":\"https:\/\/justy.bio\/wp-content\/uploads\/2023\/11\/image-5.png\",\"datePublished\":\"2023-11-09T09:37:24+00:00\",\"dateModified\":\"2025-07-07T16:19:49+00:00\",\"description\":\"D\u00e9couvrez les meilleures critiques sur Justy Reviews et trouvez les produits parfaits pour vos besoins.\",\"inLanguage\":\"fr-FR\",\"potentialAction\":[{\"@type\":\"ReadAction\",\"target\":[\"https:\/\/www.justy.bio\/fr\/justy-revues\/\"]}]},{\"@type\":\"ImageObject\",\"inLanguage\":\"fr-FR\",\"@id\":\"https:\/\/www.justy.bio\/fr\/justy-revues\/#primaryimage\",\"url\":\"https:\/\/justy.bio\/wp-content\/uploads\/2023\/11\/image-5.png\",\"contentUrl\":\"https:\/\/justy.bio\/wp-content\/uploads\/2023\/11\/image-5.png\"},{\"@type\":\"WebSite\",\"@id\":\"https:\/\/www.justy.bio\/fr\/#website\",\"url\":\"https:\/\/www.justy.bio\/fr\/\",\"name\":\"Justy\",\"description\":\"\",\"publisher\":{\"@id\":\"https:\/\/www.justy.bio\/fr\/#organization\"},\"potentialAction\":[{\"@type\":\"SearchAction\",\"target\":{\"@type\":\"EntryPoint\",\"urlTemplate\":\"https:\/\/www.justy.bio\/fr\/?s={search_term_string}\"},\"query-input\":{\"@type\":\"PropertyValueSpecification\",\"valueRequired\":true,\"valueName\":\"search_term_string\"}}],\"inLanguage\":\"fr-FR\"},{\"@type\":\"Organization\",\"@id\":\"https:\/\/www.justy.bio\/fr\/#organization\",\"name\":\"Justy\",\"url\":\"https:\/\/www.justy.bio\/fr\/\",\"logo\":{\"@type\":\"ImageObject\",\"inLanguage\":\"fr-FR\",\"@id\":\"https:\/\/www.justy.bio\/fr\/#\/schema\/logo\/image\/\",\"url\":\"https:\/\/www.justy.bio\/wp-content\/uploads\/2023\/10\/Logo.png\",\"contentUrl\":\"https:\/\/www.justy.bio\/wp-content\/uploads\/2023\/10\/Logo.png\",\"width\":218,\"height\":218,\"caption\":\"Justy\"},\"image\":{\"@id\":\"https:\/\/www.justy.bio\/fr\/#\/schema\/logo\/image\/\"},\"sameAs\":[\"https:\/\/www.facebook.com\/justygoodness\",\"https:\/\/www.instagram.com\/justygoodness\/\"]}]}<\/script>\n<!-- \/ Yoast SEO Premium plugin. -->","yoast_head_json":{"title":"Justy - Reviews","description":"D\u00e9couvrez les meilleures critiques sur Justy Reviews et trouvez les produits parfaits pour vos besoins.","robots":{"index":"index","follow":"follow","max-snippet":"max-snippet:-1","max-image-preview":"max-image-preview:large","max-video-preview":"max-video-preview:-1"},"canonical":"https:\/\/www.justy.bio\/fr\/justy-revues\/","og_locale":"fr_FR","og_type":"article","og_title":"Justy - Reviews","og_description":"D\u00e9couvrez les meilleures critiques sur Justy Reviews et trouvez les produits parfaits pour vos besoins.","og_url":"https:\/\/www.justy.bio\/fr\/justy-revues\/","og_site_name":"Justy","article_publisher":"https:\/\/www.facebook.com\/justygoodness","article_modified_time":"2025-07-07T16:19:49+00:00","og_image":[{"url":"https:\/\/justy.bio\/wp-content\/uploads\/2023\/11\/image-5.png","type":"","width":"","height":""}],"twitter_card":"summary_large_image","twitter_misc":{"Dur\u00e9e de lecture estim\u00e9e":"3 minutes"},"schema":{"@context":"https:\/\/schema.org","@graph":[{"@type":"WebPage","@id":"https:\/\/www.justy.bio\/fr\/justy-revues\/","url":"https:\/\/www.justy.bio\/fr\/justy-revues\/","name":"Justy - Reviews","isPartOf":{"@id":"https:\/\/www.justy.bio\/fr\/#website"},"primaryImageOfPage":{"@id":"https:\/\/www.justy.bio\/fr\/justy-revues\/#primaryimage"},"image":{"@id":"https:\/\/www.justy.bio\/fr\/justy-revues\/#primaryimage"},"thumbnailUrl":"https:\/\/justy.bio\/wp-content\/uploads\/2023\/11\/image-5.png","datePublished":"2023-11-09T09:37:24+00:00","dateModified":"2025-07-07T16:19:49+00:00","description":"D\u00e9couvrez les meilleures critiques sur Justy Reviews et trouvez les produits parfaits pour vos besoins.","inLanguage":"fr-FR","potentialAction":[{"@type":"ReadAction","target":["https:\/\/www.justy.bio\/fr\/justy-revues\/"]}]},{"@type":"ImageObject","inLanguage":"fr-FR","@id":"https:\/\/www.justy.bio\/fr\/justy-revues\/#primaryimage","url":"https:\/\/justy.bio\/wp-content\/uploads\/2023\/11\/image-5.png","contentUrl":"https:\/\/justy.bio\/wp-content\/uploads\/2023\/11\/image-5.png"},{"@type":"WebSite","@id":"https:\/\/www.justy.bio\/fr\/#website","url":"https:\/\/www.justy.bio\/fr\/","name":"Justy","description":"","publisher":{"@id":"https:\/\/www.justy.bio\/fr\/#organization"},"potentialAction":[{"@type":"SearchAction","target":{"@type":"EntryPoint","urlTemplate":"https:\/\/www.justy.bio\/fr\/?s={search_term_string}"},"query-input":{"@type":"PropertyValueSpecification","valueRequired":true,"valueName":"search_term_string"}}],"inLanguage":"fr-FR"},{"@type":"Organization","@id":"https:\/\/www.justy.bio\/fr\/#organization","name":"Justy","url":"https:\/\/www.justy.bio\/fr\/","logo":{"@type":"ImageObject","inLanguage":"fr-FR","@id":"https:\/\/www.justy.bio\/fr\/#\/schema\/logo\/image\/","url":"https:\/\/www.justy.bio\/wp-content\/uploads\/2023\/10\/Logo.png","contentUrl":"https:\/\/www.justy.bio\/wp-content\/uploads\/2023\/10\/Logo.png","width":218,"height":218,"caption":"Justy"},"image":{"@id":"https:\/\/www.justy.bio\/fr\/#\/schema\/logo\/image\/"},"sameAs":["https:\/\/www.facebook.com\/justygoodness","https:\/\/www.instagram.com\/justygoodness\/"]}]}},"_links":{"self":[{"href":"https:\/\/www.justy.bio\/fr\/wp-json\/wp\/v2\/pages\/6529","targetHints":{"allow":["GET"]}}],"collection":[{"href":"https:\/\/www.justy.bio\/fr\/wp-json\/wp\/v2\/pages"}],"about":[{"href":"https:\/\/www.justy.bio\/fr\/wp-json\/wp\/v2\/types\/page"}],"author":[{"embeddable":true,"href":"https:\/\/www.justy.bio\/fr\/wp-json\/wp\/v2\/users\/1"}],"replies":[{"embeddable":true,"href":"https:\/\/www.justy.bio\/fr\/wp-json\/wp\/v2\/comments?post=6529"}],"version-history":[{"count":2,"href":"https:\/\/www.justy.bio\/fr\/wp-json\/wp\/v2\/pages\/6529\/revisions"}],"predecessor-version":[{"id":29961,"href":"https:\/\/www.justy.bio\/fr\/wp-json\/wp\/v2\/pages\/6529\/revisions\/29961"}],"wp:attachment":[{"href":"https:\/\/www.justy.bio\/fr\/wp-json\/wp\/v2\/media?parent=6529"}],"curies":[{"name":"wp","href":"https:\/\/api.w.org\/{rel}","templated":true}]}}