{"id":6539,"date":"2024-02-06T14:52:30","date_gmt":"2024-02-06T13:52:30","guid":{"rendered":"https:\/\/justy.bio\/tip-a-friend\/"},"modified":"2025-05-29T16:27:25","modified_gmt":"2025-05-29T14:27:25","slug":"pourboire-a-un-ami","status":"publish","type":"page","link":"https:\/\/www.justy.bio\/fr\/pourboire-a-un-ami\/","title":{"rendered":"Conseil \u00e0 un ami"},"content":{"rendered":"\n<div class=\"wp-block-media-text is-stacked-on-mobile\" style=\"grid-template-columns:20% auto\"><figure class=\"wp-block-media-text__media\"><img decoding=\"async\" src=\"https:\/\/www.sap.je\/wp-content\/uploads\/2021\/04\/tip-een-vriend-icoon.png\" alt=\"tip-een-vriend-icoon\" class=\"wp-image-149417 size-full\"\/><\/figure><div class=\"wp-block-media-text__content\">\n<h2 class=\"wp-block-heading\" id=\"h-offrez-a-votre-ami-e-15-de-reduction-et-obtenez-15-de-credit\">OFFREZ \u00c0 VOTRE AMI(E) 15\u20ac DE R\u00c9DUCTION ET OBTENEZ 15\u20ac DE CR\u00c9DIT<\/h2>\n\n\n\n<p>Vous souhaitez obtenir rapidement et facilement une r\u00e9duction de 15\u20ac sur Justy ? Recommandez Justy \u00e0 un(e) ami(e) et offrez-lui une r\u00e9duction imm\u00e9diate de 15 \u20ac sur sa premi\u00e8re commande. En retour, vous recevrez un cr\u00e9dit d&#8217;achat de 15\u20ac. D\u00e9couvrez ci-dessous comment fonctionne cette promotion et comment vous pouvez facilement obtenir des r\u00e9ductions sur votre cure de d\u00e9sintoxication ou d&#8217;autres produits. Non seulement pour vous, mais aussi pour vos amis.<\/p>\n<\/div><\/div>\n\n\n\n<div class=\"wp-block-media-text is-stacked-on-mobile\" style=\"grid-template-columns:20% auto\"><figure class=\"wp-block-media-text__media\"><img decoding=\"async\" src=\"https:\/\/www.sap.je\/wp-content\/uploads\/2021\/04\/SAPJE_voucher_icon_04.png\" alt=\"tip een vriend hartje\" class=\"wp-image-149405 size-full\"\/><\/figure><div class=\"wp-block-media-text__content\">\n<h2 class=\"wp-block-heading\" id=\"h-offrez-vous-et-offrez-a-vos-amis-un-jus-de-fruit-justy-avec-une-reduction\">OFFREZ-VOUS ET OFFREZ \u00c0 VOS AMIS UN JUS DE FRUIT JUSTY AVEC UNE R\u00c9DUCTION<\/h2>\n\n\n\n<p>L&#8217;objectif de Justy est de faire profiter le plus grand nombre des bienfaits des aliments frais et biologiques pour la sant\u00e9. Cr\u00e9ez un compte sur Justy ou inscrivez-vous et invitez vos amis \u00e0 essayer nos jus. Vous b\u00e9n\u00e9ficierez tous les deux d&#8217;une r\u00e9duction de 15 \u20ac.<\/p>\n\n\n\n<p>Vous \u00eates d\u00e9j\u00e0 client de Justy ? Dans ce cas, vous pouvez \u00e9galement b\u00e9n\u00e9ficier de cette r\u00e9duction. De cette mani\u00e8re, vous pouvez facilement partager votre enthousiasme pour nos jus de l\u00e9gumes biologiques avec votre\/vos ami(s). D\u00e8s qu&#8217;ils passeront commande via le lien de r\u00e9duction sp\u00e9cial que vous aurez partag\u00e9 avec eux, ils b\u00e9n\u00e9ficieront imm\u00e9diatement d&#8217;une r\u00e9duction de 15\u20ac sur leur commande et vous recevrez 15\u20ac de cr\u00e9dit d&#8217;achat sur votre compte Justy.<\/p>\n\n\n\n<p>Vous pouvez utiliser votre cr\u00e9dit d&#8217;achat comme bon vous semble, par exemple pour payer moins cher votre abonnement, mais aussi pour essayer quelque chose de nouveau. Commandez par exemple un programme de d\u00e9sintoxication avec une r\u00e9duction et voyez ce que vous en pensez !<\/p>\n<\/div><\/div>\n\n\n\n<div class=\"wp-block-media-text is-stacked-on-mobile\" style=\"grid-template-columns:20% auto\"><figure class=\"wp-block-media-text__media\"><img decoding=\"async\" src=\"https:\/\/www.sap.je\/wp-content\/uploads\/2021\/04\/Sapje_kratje.png\" alt=\"Sapje_kratje icoon\" class=\"wp-image-149470 size-full\"\/><\/figure><div class=\"wp-block-media-text__content\">\n<h2 class=\"wp-block-heading\" id=\"h-comment-obtenir-une-reduction-sur-votre-cure-detox\">COMMENT OBTENIR UNE R\u00c9DUCTION SUR VOTRE CURE D\u00c9TOX<\/h2>\n\n\n\n<p>Vous souhaitez \u00e9galement commander une cure de jus \u00e0 prix r\u00e9duit et faire b\u00e9n\u00e9ficier vos amis d&#8217;une r\u00e9duction ? Dans ce cas, vous pouvez profiter ensemble de cette remise exceptionnelle de Justy !<\/p>\n\n\n\n<p>Cr\u00e9ez un compte Justy ou connectez-vous \u00e0 votre compte Justy existant.<\/p>\n\n\n\n<p>Une fois connect\u00e9, cliquez sur le bouton \u00ab Informer un ami \u00bb.<\/p>\n\n\n\n<p>Partagez ce lien unique avec votre\/vos ami(s) par e-mail ou via les m\u00e9dias sociaux.<\/p>\n\n\n\n<p>Si votre ami(e) passe une commande en utilisant ce lien, il\/elle recevra automatiquement une r\u00e9duction de 15\u20ac sur sa premi\u00e8re commande.<\/p>\n\n\n\n<p>Une fois que votre ami(e) aura pass\u00e9 sa premi\u00e8re commande, vous recevrez un e-mail de confirmation de Justy et un cr\u00e9dit de 15\u20ac sur votre compte.<\/p>\n\n\n\n<p>Rendez-vous sur le site et faites votre choix parmi notre gamme. Utilisez votre cr\u00e9dit d&#8217;achat de 15\u20ac pour commander des jus individuels, des bo\u00eetes combin\u00e9es, des cures de jus, des shots, des soupes ou des tisanes, par exemple. La r\u00e9duction peut \u00e9galement \u00eatre combin\u00e9e avec un abonnement Sapje.<\/p>\n\n\n\n<p>Cliquez sur le bouton sp\u00e9cial \u00ab cr\u00e9dit boutique \u00bb pour b\u00e9n\u00e9ficier d&#8217;une r\u00e9duction de 15 \u20ac sur votre commande.<\/p>\n\n\n\n<p>Indiquez o\u00f9 et quand nous pouvons vous livrer les produits et finalisez votre commande.<\/p>\n<\/div><\/div>\n\n\n\n<div class=\"wp-block-media-text is-stacked-on-mobile\" style=\"grid-template-columns:20% auto\"><figure class=\"wp-block-media-text__media\"><img decoding=\"async\" src=\"https:\/\/www.sap.je\/wp-content\/uploads\/2021\/04\/credits-verdienen.png\" alt=\"\" class=\"wp-image-149411 size-full\"\/><\/figure><div class=\"wp-block-media-text__content\">\n<h2 class=\"wp-block-heading\" id=\"h-plus-vous-parrainez-d-amis-plus-vous-beneficiez-de-reductions\">PLUS VOUS PARRAINEZ D&#8217;AMIS, PLUS VOUS B\u00c9N\u00c9FICIEZ DE R\u00c9DUCTIONS !<\/h2>\n\n\n\n<p>Le cr\u00e9dit d&#8217;achat de 15\u20ac que vous pouvez recevoir s&#8217;applique \u00e0 chaque ami qui passe une commande chez Justy pour la premi\u00e8re fois. Par exemple, si 3 de vos amis commandent chez Justy, vous recevrez une r\u00e9duction de 45 \u20ac (3 x 15 \u20ac). Si vos amis partagent la promotion avec leurs amis, ils peuvent \u00e9galement recevoir un cr\u00e9dit boutique suppl\u00e9mentaire de 15\u20ac. Vous souhaitez vous aussi profiter de cette belle r\u00e9duction chez Justy et soutenir votre sant\u00e9 ? N&#8217;attendez plus et pr\u00e9sentez-nous \u00e0 vos amis !<\/p>\n<\/div><\/div>\n","protected":false},"excerpt":{"rendered":"<p>OFFREZ \u00c0 VOTRE AMI(E) 15\u20ac DE R\u00c9DUCTION ET OBTENEZ 15\u20ac DE CR\u00c9DIT Vous souhaitez obtenir rapidement et facilement une r\u00e9duction de 15\u20ac sur Justy ? Recommandez Justy \u00e0 un(e) ami(e) et offrez-lui une r\u00e9duction imm\u00e9diate de 15 \u20ac sur sa premi\u00e8re commande. En retour, vous recevrez un cr\u00e9dit d&#8217;achat de 15\u20ac. D\u00e9couvrez ci-dessous comment fonctionne [&hellip;]<\/p>\n","protected":false},"author":96,"featured_media":0,"parent":0,"menu_order":0,"comment_status":"closed","ping_status":"closed","template":"","meta":{"_acf_changed":false,"_gspb_post_css":"","footnotes":""},"class_list":["post-6539","page","type-page","status-publish","hentry"],"acf":[],"yoast_head":"<!-- This site is optimized with the Yoast SEO Premium plugin v25.5 (Yoast SEO v25.5) - https:\/\/yoast.com\/wordpress\/plugins\/seo\/ -->\n<title>15 de r\u00e9duction sur une cure d\u00e9tox ? | Justy<\/title>\n<meta name=\"description\" content=\"R\u00e9duction sur une cure d\u00e9tox, une cure de jus ou un jus de l\u00e9gumes ? Offrez \u00e0 un ami une r\u00e9duction de 15\u20ac et recevez 15\u20ac de cr\u00e9dit d&#039;achat !\" \/>\n<meta name=\"robots\" content=\"index, follow, max-snippet:-1, max-image-preview:large, max-video-preview:-1\" \/>\n<link rel=\"canonical\" href=\"https:\/\/www.justy.bio\/fr\/pourboire-a-un-ami\/\" \/>\n<meta property=\"og:locale\" content=\"fr_FR\" \/>\n<meta property=\"og:type\" content=\"article\" \/>\n<meta property=\"og:title\" content=\"15 de r\u00e9duction sur une cure d\u00e9tox ? | Justy\" \/>\n<meta property=\"og:description\" content=\"R\u00e9duction sur une cure d\u00e9tox, une cure de jus ou un jus de l\u00e9gumes ? Offrez \u00e0 un ami une r\u00e9duction de 15\u20ac et recevez 15\u20ac de cr\u00e9dit d&#039;achat !\" \/>\n<meta property=\"og:url\" content=\"https:\/\/www.justy.bio\/fr\/pourboire-a-un-ami\/\" \/>\n<meta property=\"og:site_name\" content=\"Justy\" \/>\n<meta property=\"article:publisher\" content=\"https:\/\/www.facebook.com\/justygoodness\" \/>\n<meta property=\"article:modified_time\" content=\"2025-05-29T14:27:25+00:00\" \/>\n<meta property=\"og:image\" content=\"https:\/\/www.sap.je\/wp-content\/uploads\/2021\/04\/tip-een-vriend-icoon.png\" \/>\n<meta name=\"twitter:card\" content=\"summary_large_image\" \/>\n<meta name=\"twitter:label1\" content=\"Dur\u00e9e de lecture estim\u00e9e\" \/>\n\t<meta name=\"twitter:data1\" content=\"4 minutes\" \/>\n<script type=\"application\/ld+json\" class=\"yoast-schema-graph\">{\"@context\":\"https:\/\/schema.org\",\"@graph\":[{\"@type\":\"WebPage\",\"@id\":\"https:\/\/www.justy.bio\/fr\/pourboire-a-un-ami\/\",\"url\":\"https:\/\/www.justy.bio\/fr\/pourboire-a-un-ami\/\",\"name\":\"15 de r\u00e9duction sur une cure d\u00e9tox ? | Justy\",\"isPartOf\":{\"@id\":\"https:\/\/www.justy.bio\/fr\/#website\"},\"primaryImageOfPage\":{\"@id\":\"https:\/\/www.justy.bio\/fr\/pourboire-a-un-ami\/#primaryimage\"},\"image\":{\"@id\":\"https:\/\/www.justy.bio\/fr\/pourboire-a-un-ami\/#primaryimage\"},\"thumbnailUrl\":\"https:\/\/www.sap.je\/wp-content\/uploads\/2021\/04\/tip-een-vriend-icoon.png\",\"datePublished\":\"2024-02-06T13:52:30+00:00\",\"dateModified\":\"2025-05-29T14:27:25+00:00\",\"description\":\"R\u00e9duction sur une cure d\u00e9tox, une cure de jus ou un jus de l\u00e9gumes ? Offrez \u00e0 un ami une r\u00e9duction de 15\u20ac et recevez 15\u20ac de cr\u00e9dit d'achat !\",\"inLanguage\":\"fr-FR\",\"potentialAction\":[{\"@type\":\"ReadAction\",\"target\":[\"https:\/\/www.justy.bio\/fr\/pourboire-a-un-ami\/\"]}]},{\"@type\":\"ImageObject\",\"inLanguage\":\"fr-FR\",\"@id\":\"https:\/\/www.justy.bio\/fr\/pourboire-a-un-ami\/#primaryimage\",\"url\":\"https:\/\/www.sap.je\/wp-content\/uploads\/2021\/04\/tip-een-vriend-icoon.png\",\"contentUrl\":\"https:\/\/www.sap.je\/wp-content\/uploads\/2021\/04\/tip-een-vriend-icoon.png\"},{\"@type\":\"WebSite\",\"@id\":\"https:\/\/www.justy.bio\/fr\/#website\",\"url\":\"https:\/\/www.justy.bio\/fr\/\",\"name\":\"Justy\",\"description\":\"\",\"publisher\":{\"@id\":\"https:\/\/www.justy.bio\/fr\/#organization\"},\"potentialAction\":[{\"@type\":\"SearchAction\",\"target\":{\"@type\":\"EntryPoint\",\"urlTemplate\":\"https:\/\/www.justy.bio\/fr\/?s={search_term_string}\"},\"query-input\":{\"@type\":\"PropertyValueSpecification\",\"valueRequired\":true,\"valueName\":\"search_term_string\"}}],\"inLanguage\":\"fr-FR\"},{\"@type\":\"Organization\",\"@id\":\"https:\/\/www.justy.bio\/fr\/#organization\",\"name\":\"Justy\",\"url\":\"https:\/\/www.justy.bio\/fr\/\",\"logo\":{\"@type\":\"ImageObject\",\"inLanguage\":\"fr-FR\",\"@id\":\"https:\/\/www.justy.bio\/fr\/#\/schema\/logo\/image\/\",\"url\":\"https:\/\/www.justy.bio\/wp-content\/uploads\/2023\/10\/Logo.png\",\"contentUrl\":\"https:\/\/www.justy.bio\/wp-content\/uploads\/2023\/10\/Logo.png\",\"width\":218,\"height\":218,\"caption\":\"Justy\"},\"image\":{\"@id\":\"https:\/\/www.justy.bio\/fr\/#\/schema\/logo\/image\/\"},\"sameAs\":[\"https:\/\/www.facebook.com\/justygoodness\",\"https:\/\/www.instagram.com\/justygoodness\/\"]}]}<\/script>\n<!-- \/ Yoast SEO Premium plugin. -->","yoast_head_json":{"title":"15 de r\u00e9duction sur une cure d\u00e9tox ? | Justy","description":"R\u00e9duction sur une cure d\u00e9tox, une cure de jus ou un jus de l\u00e9gumes ? Offrez \u00e0 un ami une r\u00e9duction de 15\u20ac et recevez 15\u20ac de cr\u00e9dit d'achat !","robots":{"index":"index","follow":"follow","max-snippet":"max-snippet:-1","max-image-preview":"max-image-preview:large","max-video-preview":"max-video-preview:-1"},"canonical":"https:\/\/www.justy.bio\/fr\/pourboire-a-un-ami\/","og_locale":"fr_FR","og_type":"article","og_title":"15 de r\u00e9duction sur une cure d\u00e9tox ? | Justy","og_description":"R\u00e9duction sur une cure d\u00e9tox, une cure de jus ou un jus de l\u00e9gumes ? Offrez \u00e0 un ami une r\u00e9duction de 15\u20ac et recevez 15\u20ac de cr\u00e9dit d'achat !","og_url":"https:\/\/www.justy.bio\/fr\/pourboire-a-un-ami\/","og_site_name":"Justy","article_publisher":"https:\/\/www.facebook.com\/justygoodness","article_modified_time":"2025-05-29T14:27:25+00:00","og_image":[{"url":"https:\/\/www.sap.je\/wp-content\/uploads\/2021\/04\/tip-een-vriend-icoon.png","type":"","width":"","height":""}],"twitter_card":"summary_large_image","twitter_misc":{"Dur\u00e9e de lecture estim\u00e9e":"4 minutes"},"schema":{"@context":"https:\/\/schema.org","@graph":[{"@type":"WebPage","@id":"https:\/\/www.justy.bio\/fr\/pourboire-a-un-ami\/","url":"https:\/\/www.justy.bio\/fr\/pourboire-a-un-ami\/","name":"15 de r\u00e9duction sur une cure d\u00e9tox ? | Justy","isPartOf":{"@id":"https:\/\/www.justy.bio\/fr\/#website"},"primaryImageOfPage":{"@id":"https:\/\/www.justy.bio\/fr\/pourboire-a-un-ami\/#primaryimage"},"image":{"@id":"https:\/\/www.justy.bio\/fr\/pourboire-a-un-ami\/#primaryimage"},"thumbnailUrl":"https:\/\/www.sap.je\/wp-content\/uploads\/2021\/04\/tip-een-vriend-icoon.png","datePublished":"2024-02-06T13:52:30+00:00","dateModified":"2025-05-29T14:27:25+00:00","description":"R\u00e9duction sur une cure d\u00e9tox, une cure de jus ou un jus de l\u00e9gumes ? Offrez \u00e0 un ami une r\u00e9duction de 15\u20ac et recevez 15\u20ac de cr\u00e9dit d'achat !","inLanguage":"fr-FR","potentialAction":[{"@type":"ReadAction","target":["https:\/\/www.justy.bio\/fr\/pourboire-a-un-ami\/"]}]},{"@type":"ImageObject","inLanguage":"fr-FR","@id":"https:\/\/www.justy.bio\/fr\/pourboire-a-un-ami\/#primaryimage","url":"https:\/\/www.sap.je\/wp-content\/uploads\/2021\/04\/tip-een-vriend-icoon.png","contentUrl":"https:\/\/www.sap.je\/wp-content\/uploads\/2021\/04\/tip-een-vriend-icoon.png"},{"@type":"WebSite","@id":"https:\/\/www.justy.bio\/fr\/#website","url":"https:\/\/www.justy.bio\/fr\/","name":"Justy","description":"","publisher":{"@id":"https:\/\/www.justy.bio\/fr\/#organization"},"potentialAction":[{"@type":"SearchAction","target":{"@type":"EntryPoint","urlTemplate":"https:\/\/www.justy.bio\/fr\/?s={search_term_string}"},"query-input":{"@type":"PropertyValueSpecification","valueRequired":true,"valueName":"search_term_string"}}],"inLanguage":"fr-FR"},{"@type":"Organization","@id":"https:\/\/www.justy.bio\/fr\/#organization","name":"Justy","url":"https:\/\/www.justy.bio\/fr\/","logo":{"@type":"ImageObject","inLanguage":"fr-FR","@id":"https:\/\/www.justy.bio\/fr\/#\/schema\/logo\/image\/","url":"https:\/\/www.justy.bio\/wp-content\/uploads\/2023\/10\/Logo.png","contentUrl":"https:\/\/www.justy.bio\/wp-content\/uploads\/2023\/10\/Logo.png","width":218,"height":218,"caption":"Justy"},"image":{"@id":"https:\/\/www.justy.bio\/fr\/#\/schema\/logo\/image\/"},"sameAs":["https:\/\/www.facebook.com\/justygoodness","https:\/\/www.instagram.com\/justygoodness\/"]}]}},"_links":{"self":[{"href":"https:\/\/www.justy.bio\/fr\/wp-json\/wp\/v2\/pages\/6539","targetHints":{"allow":["GET"]}}],"collection":[{"href":"https:\/\/www.justy.bio\/fr\/wp-json\/wp\/v2\/pages"}],"about":[{"href":"https:\/\/www.justy.bio\/fr\/wp-json\/wp\/v2\/types\/page"}],"author":[{"embeddable":true,"href":"https:\/\/www.justy.bio\/fr\/wp-json\/wp\/v2\/users\/96"}],"replies":[{"embeddable":true,"href":"https:\/\/www.justy.bio\/fr\/wp-json\/wp\/v2\/comments?post=6539"}],"version-history":[{"count":1,"href":"https:\/\/www.justy.bio\/fr\/wp-json\/wp\/v2\/pages\/6539\/revisions"}],"predecessor-version":[{"id":7229,"href":"https:\/\/www.justy.bio\/fr\/wp-json\/wp\/v2\/pages\/6539\/revisions\/7229"}],"wp:attachment":[{"href":"https:\/\/www.justy.bio\/fr\/wp-json\/wp\/v2\/media?parent=6539"}],"curies":[{"name":"wp","href":"https:\/\/api.w.org\/{rel}","templated":true}]}}