{"id":7058,"date":"2023-09-20T11:06:45","date_gmt":"2023-09-20T09:06:45","guid":{"rendered":"https:\/\/justy.bio\/privacy-policy\/"},"modified":"2025-05-29T16:25:42","modified_gmt":"2025-05-29T14:25:42","slug":"privacy-policy","status":"publish","type":"page","link":"https:\/\/www.justy.bio\/fr\/privacy-policy\/","title":{"rendered":"Politique de confidentialit\u00e9"},"content":{"rendered":"\n<h2 class=\"wp-block-heading\" id=\"h-generalites\">G\u00e9n\u00e9ralit\u00e9s<\/h2>\n\n\n\n<p>Sapje B.V., \u00e9tablie \u00e0 Noorddammerweg 13K\/1424 NV Kwakel, est responsable du traitement des donn\u00e9es \u00e0 caract\u00e8re personnel, comme indiqu\u00e9 dans la pr\u00e9sente d\u00e9claration de confidentialit\u00e9.<\/p>\n\n\n\n<p>Coordonn\u00e9es de contact :<\/p>\n\n\n\n<p>www.sap.je Noorddammerweg 13K\/1424 NV Kwakel. J. Goudsmit est le d\u00e9l\u00e9gu\u00e9 \u00e0 la protection des donn\u00e9es de Sapje. Il peut \u00eatre contact\u00e9 via info@sap.je.<\/p>\n\n\n\n<div style=\"height:24px\" aria-hidden=\"true\" class=\"wp-block-spacer\"><\/div>\n\n\n\n<h2 class=\"wp-block-heading\" id=\"h-donnees-personnelles-que-nous-utilisons\">Donn\u00e9es personnelles que nous utilisons<\/h2>\n\n\n\n<p>Sapje traite vos donn\u00e9es personnelles parce que vous utilisez nos services et\/ou parce que vous nous fournissez ces donn\u00e9es.<\/p>\n\n\n\n<p>Vous trouverez ci-dessous un aper\u00e7u des donn\u00e9es personnelles que nous traitons :<\/p>\n\n\n\n<ul class=\"wp-block-list\">\n<li>Nom et pr\u00e9nom<\/li>\n\n\n\n<li>Adresse<\/li>\n\n\n\n<li>Num\u00e9ro de t\u00e9l\u00e9phone<\/li>\n\n\n\n<li>adresse \u00e9lectronique<\/li>\n\n\n\n<li>adresse IP<\/li>\n\n\n\n<li>Autres donn\u00e9es \u00e0 caract\u00e8re personnel que vous fournissez activement, par exemple dans la correspondance et par t\u00e9l\u00e9phone<\/li>\n\n\n\n<li>Informations sur vos activit\u00e9s sur notre site web<\/li>\n\n\n\n<li>Navigateur Internet et type d&#8217;appareil<\/li>\n<\/ul>\n\n\n\n<div style=\"height:24px\" aria-hidden=\"true\" class=\"wp-block-spacer\"><\/div>\n\n\n\n<h2 class=\"wp-block-heading\" id=\"h-donnees-personnelles-speciales-et-ou-sensibles-que-nous-utilisons\">Donn\u00e9es personnelles sp\u00e9ciales et\/ou sensibles que nous utilisons<\/h2>\n\n\n\n<p>Notre site web et\/ou service n&#8217;a pas l&#8217;intention de collecter des informations sur les visiteurs du site web \u00e2g\u00e9s de moins de 16 ans, \u00e0 moins qu&#8217;ils n&#8217;aient l&#8217;autorisation d&#8217;un parent ou d&#8217;un tuteur. Toutefois, nous ne pouvons pas v\u00e9rifier si un visiteur a plus de 16 ans. Nous encourageons les parents \u00e0 s&#8217;impliquer dans les activit\u00e9s en ligne de leurs enfants afin d&#8217;emp\u00eacher la collecte d&#8217;informations sur les enfants sans le consentement des parents. Si vous pensez que nous avons recueilli des informations personnelles sur un mineur sans son consentement, veuillez nous contacter \u00e0 l&#8217;adresse info@sap.je et nous supprimerons ces informations.<\/p>\n\n\n\n<div style=\"height:24px\" aria-hidden=\"true\" class=\"wp-block-spacer\"><\/div>\n\n\n\n<h2 class=\"wp-block-heading\" id=\"h-pourquoi-et-sur-quelles-bases-traitons-nous-des-donnees-a-caractere-personnel\">Pourquoi et sur quelles bases traitons-nous des donn\u00e9es \u00e0 caract\u00e8re personnel ?<\/h2>\n\n\n\n<ul class=\"wp-block-list\">\n<li>Traiter votre paiement.<\/li>\n\n\n\n<li>Pour pouvoir vous appeler ou vous envoyer un courrier \u00e9lectronique si cela est n\u00e9cessaire \u00e0 l&#8217;ex\u00e9cution de nos services.<\/li>\n\n\n\n<li>Pour vous informer des changements apport\u00e9s \u00e0 nos services et produits.<\/li>\n\n\n\n<li>Sapje analyse votre comportement sur le site web afin de l&#8217;am\u00e9liorer et d&#8217;adapter la gamme de produits et de services \u00e0 vos pr\u00e9f\u00e9rences.<\/li>\n\n\n\n<li>Sapje traite \u00e9galement des donn\u00e9es \u00e0 caract\u00e8re personnel si nous sommes l\u00e9galement tenus de le faire, comme les donn\u00e9es dont nous avons besoin pour notre d\u00e9claration d&#8217;imp\u00f4ts.<\/li>\n<\/ul>\n\n\n\n<div style=\"height:24px\" aria-hidden=\"true\" class=\"wp-block-spacer\"><\/div>\n\n\n\n<h2 class=\"wp-block-heading\" id=\"h-prise-de-decision-automatisee\">Prise de d\u00e9cision automatis\u00e9e<\/h2>\n\n\n\n<p>Sapje peut prendre des d\u00e9cisions sur des questions susceptibles d&#8217;affecter des personnes sur la base d&#8217;un traitement automatis\u00e9. Il s&#8217;agit de d\u00e9cisions prises par des programmes ou des syst\u00e8mes informatiques, sans qu&#8217;une personne (par exemple un employ\u00e9 de Sapje) ne soit impliqu\u00e9e. Sapje utilise les programmes ou syst\u00e8mes informatiques suivants : Mailgun et Mollie Payments. Mollie Payments est utilis\u00e9 pour envoyer des courriels aux clients afin qu&#8217;ils re\u00e7oivent les bonnes informations. Mollie Payments s&#8217;occupe du trafic des paiements afin que les commandes puissent \u00eatre pass\u00e9es.<\/p>\n\n\n\n<div style=\"height:24px\" aria-hidden=\"true\" class=\"wp-block-spacer\"><\/div>\n\n\n\n<h2 class=\"wp-block-heading\" id=\"h-comment-nous-conservons-les-donnees-personnelles\">Comment nous conservons les donn\u00e9es personnelles<\/h2>\n\n\n\n<p>Sapje conserve vos donn\u00e9es personnelles pour une dur\u00e9e n&#8217;exc\u00e9dant pas celle strictement n\u00e9cessaire \u00e0 la r\u00e9alisation des objectifs pour lesquels elles ont \u00e9t\u00e9 collect\u00e9es.<\/p>\n\n\n\n<div style=\"height:24px\" aria-hidden=\"true\" class=\"wp-block-spacer\"><\/div>\n\n\n\n<h2 class=\"wp-block-heading\" id=\"h-partage-des-donnees-personnelles-avec-des-tiers\">Partage des donn\u00e9es personnelles avec des tiers<\/h2>\n\n\n\n<p>Sapje ne fournit des informations \u00e0 des tiers que si cela est n\u00e9cessaire \u00e0 l&#8217;ex\u00e9cution de notre contrat avec vous ou au respect d&#8217;une obligation l\u00e9gale.<\/p>\n\n\n\n<div style=\"height:24px\" aria-hidden=\"true\" class=\"wp-block-spacer\"><\/div>\n\n\n\n<h2 class=\"wp-block-heading\" id=\"h-cookies-ou-techniques-similaires-que-nous-utilisons\">Cookies ou techniques similaires que nous utilisons<\/h2>\n\n\n\n<p>Sapje n&#8217;utilise que des cookies techniques et fonctionnels et des cookies analytiques qui ne portent pas atteinte \u00e0 votre vie priv\u00e9e. Un cookie est un petit fichier texte qui est stock\u00e9 sur votre ordinateur, votre tablette ou votre smartphone lors de votre premi\u00e8re visite sur ce site web. Les cookies que nous utilisons sont n\u00e9cessaires au fonctionnement technique du site web et \u00e0 sa facilit\u00e9 d&#8217;utilisation. Ils garantissent que le site web fonctionne correctement et se souvient, par exemple, de vos param\u00e8tres pr\u00e9f\u00e9r\u00e9s. Ils nous permettent \u00e9galement d&#8217;optimiser notre site web. Vous pouvez vous d\u00e9sinscrire des cookies en param\u00e9trant votre navigateur Internet de mani\u00e8re \u00e0 ce qu&#8217;il ne stocke plus de cookies. En outre, vous pouvez \u00e9galement supprimer toutes les informations pr\u00e9c\u00e9demment stock\u00e9es dans les param\u00e8tres de votre navigateur.<\/p>\n\n\n\n<div style=\"height:24px\" aria-hidden=\"true\" class=\"wp-block-spacer\"><\/div>\n\n\n\n<h2 class=\"wp-block-heading\" id=\"h-consulter-corriger-ou-supprimer-des-donnees\">Consulter, corriger ou supprimer des donn\u00e9es<\/h2>\n\n\n\n<p>Vous avez le droit de consulter, de corriger ou de supprimer vos donn\u00e9es personnelles. Vous pouvez le faire vous-m\u00eame via les param\u00e8tres personnels de votre compte. En outre, vous avez le droit de retirer votre consentement au traitement des donn\u00e9es ou de vous opposer au traitement de vos donn\u00e9es personnelles par notre soci\u00e9t\u00e9 et vous avez le droit au transfert des donn\u00e9es. Cela signifie que vous pouvez nous demander de vous envoyer les informations personnelles dont nous disposons \u00e0 votre sujet dans un fichier informatique ou dans un autre format choisi par vous.<\/p>\n\n\n\n<p>Si vous souhaitez exercer votre droit d&#8217;opposition et\/ou votre droit au transfert de donn\u00e9es ou si vous avez d&#8217;autres questions ou remarques concernant le traitement des donn\u00e9es, veuillez envoyer une demande sp\u00e9cifique \u00e0 info@sap.je.<\/p>\n\n\n\n<p>Afin de nous assurer que la demande d&#8217;inspection a \u00e9t\u00e9 faite par vous, nous vous demandons de joindre une copie de votre preuve d&#8217;identit\u00e9 \u00e0 la demande. Il peut s&#8217;agir d&#8217;une copie de la page de la photo de votre passeport, de la MRZ (zone lisible \u00e0 la machine, la bande avec des chiffres au bas du passeport), du num\u00e9ro de votre passeport et du num\u00e9ro du service de la consommation (BSN) en noir et blanc. Cette mesure vise \u00e0 prot\u00e9ger votre vie priv\u00e9e. Sapje r\u00e9pondra \u00e0 votre demande dans les plus brefs d\u00e9lais et, en tout \u00e9tat de cause, dans un d\u00e9lai de quatre semaines.<\/p>\n\n\n\n<p>Sapje souhaite \u00e9galement souligner que vous pouvez d\u00e9poser une plainte aupr\u00e8s du superviseur national, l&#8217;Autorit\u00e9 des donn\u00e9es personnelles. Vous pouvez le faire en cliquant sur le lien suivant : https:\/\/autoriteitpersoonsgegevens.nl\/nl\/zelf-doen\/gebruik-uw-privacyrechten\/klacht-melden-bij-de-ap<\/p>\n\n\n\n<div style=\"height:24px\" aria-hidden=\"true\" class=\"wp-block-spacer\"><\/div>\n\n\n\n<h2 class=\"wp-block-heading\" id=\"h-comment-nous-protegeons-les-donnees-personnelles\">Comment nous prot\u00e9geons les donn\u00e9es personnelles<\/h2>\n\n\n\n<p>Sapje prend au s\u00e9rieux la protection de vos donn\u00e9es et prend des mesures appropri\u00e9es pour emp\u00eacher toute utilisation abusive, perte, acc\u00e8s non autoris\u00e9, divulgation non d\u00e9sir\u00e9e et modification non autoris\u00e9e. Si vous estimez que vos informations ne sont pas correctement prot\u00e9g\u00e9es ou s&#8217;il existe des indices d&#8217;utilisation abusive, veuillez contacter notre service client\u00e8le \u00e0 l&#8217;adresse info@sap.je.<\/p>\n\n\n\n<ul class=\"wp-block-list\">\n<li>Nom et pr\u00e9nom<\/li>\n\n\n\n<li>Adresse<\/li>\n\n\n\n<li>Num\u00e9ro de t\u00e9l\u00e9phone<\/li>\n\n\n\n<li>adresse \u00e9lectronique<\/li>\n\n\n\n<li>Donn\u00e9es relatives \u00e0 vos activit\u00e9s sur notre site web<\/li>\n\n\n\n<li>Num\u00e9ro de compte bancaire<\/li>\n\n\n\n<li>Pour vous livrer des biens et des services<\/li>\n<\/ul>\n\n\n\n<div style=\"height:24px\" aria-hidden=\"true\" class=\"wp-block-spacer\"><\/div>\n\n\n\n<p>Sapje conserve vos donn\u00e9es \u00e0 caract\u00e8re personnel pendant une dur\u00e9e n&#8217;exc\u00e9dant pas celle strictement n\u00e9cessaire \u00e0 la r\u00e9alisation des objectifs pour lesquels elles ont \u00e9t\u00e9 collect\u00e9es. Nous utilisons les p\u00e9riodes de conservation suivantes pour les (cat\u00e9gories) de donn\u00e9es \u00e0 caract\u00e8re personnel suivantes :<\/p>\n\n\n\n<p>Donn\u00e9es \u00e0 caract\u00e8re personnel (cat\u00e9gorie) : Sapje conserve les donn\u00e9es personnelles pendant un maximum de 5 ans. Le client peut demander (pour les donn\u00e9es personnelles et les adresses) la suppression imm\u00e9diate des donn\u00e9es. La raison pour laquelle nous conservons les donn\u00e9es est que nous pouvons ensuite livrer les jus \u00e0 la bonne personne et \u00e0 la bonne adresse.<\/p>\n\n\n\n<div style=\"height:24px\" aria-hidden=\"true\" class=\"wp-block-spacer\"><\/div>\n\n\n\n<h2 class=\"wp-block-heading\" id=\"h-publicites-personnalisees\">PUBLICIT\u00c9S PERSONNALIS\u00c9ES<\/h2>\n\n\n\n<p>Sapje peut vous pr\u00e9senter des publicit\u00e9s sur d&#8217;autres sites web et plateformes. Cela se fait sur la base de vos visites pr\u00e9c\u00e9dentes sur notre site web et sur les sites web de tiers. Votre comportement de navigation, de recherche et d&#8217;achat est recueilli sur la base de techniques de cookies, de votre adresse IP et du num\u00e9ro de publicit\u00e9 li\u00e9 \u00e0 l&#8217;appareil que vous utilisez pour naviguer. Nous n&#8217;utilisons ces informations que si vous avez donn\u00e9 votre accord pour l&#8217;installation de cookies. Une p\u00e9riode de conservation limit\u00e9e s&#8217;applique aux cookies et cette p\u00e9riode diff\u00e8re selon le cookie.<\/p>\n\n\n\n<div style=\"height:24px\" aria-hidden=\"true\" class=\"wp-block-spacer\"><\/div>\n\n\n\n<h2 class=\"wp-block-heading\" id=\"h-details-pour-la-redaction-des-critiques\">D\u00c9TAILS POUR LA R\u00c9DACTION DES CRITIQUES<\/h2>\n\n\n\n<p>Sapje demande \u00e0 ses clients de r\u00e9diger des commentaires. Lorsque vous r\u00e9digez un avis, vous choisissez si vos donn\u00e9es personnelles ou votre nom sont visibles par les autres visiteurs. Vous pouvez \u00e9galement utiliser un pseudonyme. Nous ne publions les avis qu&#8217;avec votre autorisation. Les avis ayant une valeur durable pour les clients, nous conservons un avis jusqu&#8217;\u00e0 ce que vous nous demandiez de le supprimer ou jusqu&#8217;\u00e0 ce que nous le supprimions sur la base des conditions d&#8217;utilisation de l&#8217;avis.<\/p>\n\n\n\n<div style=\"height:24px\" aria-hidden=\"true\" class=\"wp-block-spacer\"><\/div>\n\n\n\n<h2 class=\"wp-block-heading\" id=\"h-les-cookies-fonctionnels-ou-necessaires\">LES COOKIES FONCTIONNELS OU N\u00c9CESSAIRES<\/h2>\n\n\n\n<p>Les cookies fonctionnels ou n\u00e9cessaires garantissent le bon fonctionnement de la boutique en ligne de Sapje. Pensez-y :<\/p>\n\n\n\n<ul class=\"wp-block-list\">\n<li>M\u00e9moriser et stocker les articles que vous ajoutez \u00e0 votre panier ;<\/li>\n\n\n\n<li>La notification d&#8217;une commande inachev\u00e9e afin que vous ne perdiez pas les articles dans le panier ;<\/li>\n\n\n\n<li>Sauvegarde des param\u00e8tres du navigateur afin que vous puissiez visualiser notre boutique en ligne de mani\u00e8re optimale sur votre \u00e9cran ;<\/li>\n\n\n\n<li>La possibilit\u00e9 d&#8217;enregistrer vos donn\u00e9es de connexion afin que vous ne deviez pas les saisir \u00e0 nouveau \u00e0 chaque fois ;<\/li>\n\n\n\n<li>Un chargement r\u00e9gulier du site web afin qu&#8217;il soit facilement accessible et qu&#8217;il continue \u00e0 fonctionner de mani\u00e8re optimale ;<\/li>\n<\/ul>\n\n\n\n<div style=\"height:24px\" aria-hidden=\"true\" class=\"wp-block-spacer\"><\/div>\n\n\n\n<h2 class=\"wp-block-heading\" id=\"h-cookies-analytiques\">COOKIES ANALYTIQUES<\/h2>\n\n\n\n<p>Nous utilisons, avec l&#8217;aide de tiers, des cookies analytiques pour \u00e9tudier l&#8217;utilisation du magasin. Ces statistiques nous donnent un aper\u00e7u, entre autres, de la fr\u00e9quence des visites et des am\u00e9liorations que nous pouvons apporter \u00e0 notre boutique en ligne. De cette mani\u00e8re, nous pouvons continuellement optimiser l&#8217;exp\u00e9rience avec notre boutique en ligne. Les donn\u00e9es suivantes sont notamment stock\u00e9es :<\/p>\n\n\n\n<ul class=\"wp-block-list\">\n<li>L&#8217;adresse IP qui sera rendue anonyme ;<\/li>\n\n\n\n<li>Des caract\u00e9ristiques techniques, telles que le navigateur que vous utilisez (Chrome, Safari ou Firefox), la r\u00e9solution de l&#8217;\u00e9cran de votre ordinateur, la langue que vous pr\u00e9f\u00e9rez et l&#8217;appareil que vous utilisez ;<\/li>\n\n\n\n<li>la page \u00e0 partir de laquelle vous avez acc\u00e9d\u00e9 \u00e0 la boutique en ligne ;<\/li>\n\n\n\n<li>Quand et pendant combien de temps vous visitez ou utilisez la boutique en ligne ;<\/li>\n\n\n\n<li>si vous utilisez les fonctionnalit\u00e9s de la boutique en ligne. Par exemple, la cr\u00e9ation d&#8217;une liste de souhaits, la passation d&#8217;une commande ou la consultation d&#8217;achats ant\u00e9rieurs ;<\/li>\n\n\n\n<li>la lecture de notre communication ; et<\/li>\n\n\n\n<li>les pages que vous visitez dans notre boutique en ligne.<\/li>\n<\/ul>\n","protected":false},"excerpt":{"rendered":"<p>G\u00e9n\u00e9ralit\u00e9s Sapje B.V., \u00e9tablie \u00e0 Noorddammerweg 13K\/1424 NV Kwakel, est responsable du traitement des donn\u00e9es \u00e0 caract\u00e8re personnel, comme indiqu\u00e9 dans la pr\u00e9sente d\u00e9claration de confidentialit\u00e9. Coordonn\u00e9es de contact : www.sap.je Noorddammerweg 13K\/1424 NV Kwakel. J. Goudsmit est le d\u00e9l\u00e9gu\u00e9 \u00e0 la protection des donn\u00e9es de Sapje. Il peut \u00eatre contact\u00e9 via info@sap.je. Donn\u00e9es personnelles [&hellip;]<\/p>\n","protected":false},"author":1,"featured_media":0,"parent":0,"menu_order":0,"comment_status":"closed","ping_status":"open","template":"","meta":{"_acf_changed":false,"_gspb_post_css":"","footnotes":""},"class_list":["post-7058","page","type-page","status-publish","hentry"],"acf":[],"yoast_head":"<!-- This site is optimized with the Yoast SEO Premium plugin v25.5 (Yoast SEO v25.5) - https:\/\/yoast.com\/wordpress\/plugins\/seo\/ -->\n<title>Politique de confidentialit\u00e9 - Justy<\/title>\n<meta name=\"robots\" content=\"index, follow, max-snippet:-1, max-image-preview:large, max-video-preview:-1\" \/>\n<link rel=\"canonical\" href=\"https:\/\/www.justy.bio\/fr\/privacy-policy\/\" \/>\n<meta property=\"og:locale\" content=\"fr_FR\" \/>\n<meta property=\"og:type\" content=\"article\" \/>\n<meta property=\"og:title\" content=\"Politique de confidentialit\u00e9 - Justy\" \/>\n<meta property=\"og:description\" content=\"G\u00e9n\u00e9ralit\u00e9s Sapje B.V., \u00e9tablie \u00e0 Noorddammerweg 13K\/1424 NV Kwakel, est responsable du traitement des donn\u00e9es \u00e0 caract\u00e8re personnel, comme indiqu\u00e9 dans la pr\u00e9sente d\u00e9claration de confidentialit\u00e9. Coordonn\u00e9es de contact : www.sap.je Noorddammerweg 13K\/1424 NV Kwakel. J. Goudsmit est le d\u00e9l\u00e9gu\u00e9 \u00e0 la protection des donn\u00e9es de Sapje. Il peut \u00eatre contact\u00e9 via info@sap.je. Donn\u00e9es personnelles [&hellip;]\" \/>\n<meta property=\"og:url\" content=\"https:\/\/www.justy.bio\/fr\/privacy-policy\/\" \/>\n<meta property=\"og:site_name\" content=\"Justy\" \/>\n<meta property=\"article:publisher\" content=\"https:\/\/www.facebook.com\/justygoodness\" \/>\n<meta property=\"article:modified_time\" content=\"2025-05-29T14:25:42+00:00\" \/>\n<meta name=\"twitter:card\" content=\"summary_large_image\" \/>\n<meta name=\"twitter:label1\" content=\"Dur\u00e9e de lecture estim\u00e9e\" \/>\n\t<meta name=\"twitter:data1\" content=\"8 minutes\" \/>\n<script type=\"application\/ld+json\" class=\"yoast-schema-graph\">{\"@context\":\"https:\/\/schema.org\",\"@graph\":[{\"@type\":\"WebPage\",\"@id\":\"https:\/\/www.justy.bio\/fr\/privacy-policy\/\",\"url\":\"https:\/\/www.justy.bio\/fr\/privacy-policy\/\",\"name\":\"Politique de confidentialit\u00e9 - Justy\",\"isPartOf\":{\"@id\":\"https:\/\/www.justy.bio\/fr\/#website\"},\"datePublished\":\"2023-09-20T09:06:45+00:00\",\"dateModified\":\"2025-05-29T14:25:42+00:00\",\"inLanguage\":\"fr-FR\",\"potentialAction\":[{\"@type\":\"ReadAction\",\"target\":[\"https:\/\/www.justy.bio\/fr\/privacy-policy\/\"]}]},{\"@type\":\"WebSite\",\"@id\":\"https:\/\/www.justy.bio\/fr\/#website\",\"url\":\"https:\/\/www.justy.bio\/fr\/\",\"name\":\"Justy\",\"description\":\"\",\"publisher\":{\"@id\":\"https:\/\/www.justy.bio\/fr\/#organization\"},\"potentialAction\":[{\"@type\":\"SearchAction\",\"target\":{\"@type\":\"EntryPoint\",\"urlTemplate\":\"https:\/\/www.justy.bio\/fr\/?s={search_term_string}\"},\"query-input\":{\"@type\":\"PropertyValueSpecification\",\"valueRequired\":true,\"valueName\":\"search_term_string\"}}],\"inLanguage\":\"fr-FR\"},{\"@type\":\"Organization\",\"@id\":\"https:\/\/www.justy.bio\/fr\/#organization\",\"name\":\"Justy\",\"url\":\"https:\/\/www.justy.bio\/fr\/\",\"logo\":{\"@type\":\"ImageObject\",\"inLanguage\":\"fr-FR\",\"@id\":\"https:\/\/www.justy.bio\/fr\/#\/schema\/logo\/image\/\",\"url\":\"https:\/\/www.justy.bio\/wp-content\/uploads\/2023\/10\/Logo.png\",\"contentUrl\":\"https:\/\/www.justy.bio\/wp-content\/uploads\/2023\/10\/Logo.png\",\"width\":218,\"height\":218,\"caption\":\"Justy\"},\"image\":{\"@id\":\"https:\/\/www.justy.bio\/fr\/#\/schema\/logo\/image\/\"},\"sameAs\":[\"https:\/\/www.facebook.com\/justygoodness\",\"https:\/\/www.instagram.com\/justygoodness\/\"]}]}<\/script>\n<!-- \/ Yoast SEO Premium plugin. -->","yoast_head_json":{"title":"Politique de confidentialit\u00e9 - Justy","robots":{"index":"index","follow":"follow","max-snippet":"max-snippet:-1","max-image-preview":"max-image-preview:large","max-video-preview":"max-video-preview:-1"},"canonical":"https:\/\/www.justy.bio\/fr\/privacy-policy\/","og_locale":"fr_FR","og_type":"article","og_title":"Politique de confidentialit\u00e9 - Justy","og_description":"G\u00e9n\u00e9ralit\u00e9s Sapje B.V., \u00e9tablie \u00e0 Noorddammerweg 13K\/1424 NV Kwakel, est responsable du traitement des donn\u00e9es \u00e0 caract\u00e8re personnel, comme indiqu\u00e9 dans la pr\u00e9sente d\u00e9claration de confidentialit\u00e9. Coordonn\u00e9es de contact : www.sap.je Noorddammerweg 13K\/1424 NV Kwakel. J. Goudsmit est le d\u00e9l\u00e9gu\u00e9 \u00e0 la protection des donn\u00e9es de Sapje. Il peut \u00eatre contact\u00e9 via info@sap.je. Donn\u00e9es personnelles [&hellip;]","og_url":"https:\/\/www.justy.bio\/fr\/privacy-policy\/","og_site_name":"Justy","article_publisher":"https:\/\/www.facebook.com\/justygoodness","article_modified_time":"2025-05-29T14:25:42+00:00","twitter_card":"summary_large_image","twitter_misc":{"Dur\u00e9e de lecture estim\u00e9e":"8 minutes"},"schema":{"@context":"https:\/\/schema.org","@graph":[{"@type":"WebPage","@id":"https:\/\/www.justy.bio\/fr\/privacy-policy\/","url":"https:\/\/www.justy.bio\/fr\/privacy-policy\/","name":"Politique de confidentialit\u00e9 - Justy","isPartOf":{"@id":"https:\/\/www.justy.bio\/fr\/#website"},"datePublished":"2023-09-20T09:06:45+00:00","dateModified":"2025-05-29T14:25:42+00:00","inLanguage":"fr-FR","potentialAction":[{"@type":"ReadAction","target":["https:\/\/www.justy.bio\/fr\/privacy-policy\/"]}]},{"@type":"WebSite","@id":"https:\/\/www.justy.bio\/fr\/#website","url":"https:\/\/www.justy.bio\/fr\/","name":"Justy","description":"","publisher":{"@id":"https:\/\/www.justy.bio\/fr\/#organization"},"potentialAction":[{"@type":"SearchAction","target":{"@type":"EntryPoint","urlTemplate":"https:\/\/www.justy.bio\/fr\/?s={search_term_string}"},"query-input":{"@type":"PropertyValueSpecification","valueRequired":true,"valueName":"search_term_string"}}],"inLanguage":"fr-FR"},{"@type":"Organization","@id":"https:\/\/www.justy.bio\/fr\/#organization","name":"Justy","url":"https:\/\/www.justy.bio\/fr\/","logo":{"@type":"ImageObject","inLanguage":"fr-FR","@id":"https:\/\/www.justy.bio\/fr\/#\/schema\/logo\/image\/","url":"https:\/\/www.justy.bio\/wp-content\/uploads\/2023\/10\/Logo.png","contentUrl":"https:\/\/www.justy.bio\/wp-content\/uploads\/2023\/10\/Logo.png","width":218,"height":218,"caption":"Justy"},"image":{"@id":"https:\/\/www.justy.bio\/fr\/#\/schema\/logo\/image\/"},"sameAs":["https:\/\/www.facebook.com\/justygoodness","https:\/\/www.instagram.com\/justygoodness\/"]}]}},"_links":{"self":[{"href":"https:\/\/www.justy.bio\/fr\/wp-json\/wp\/v2\/pages\/7058","targetHints":{"allow":["GET"]}}],"collection":[{"href":"https:\/\/www.justy.bio\/fr\/wp-json\/wp\/v2\/pages"}],"about":[{"href":"https:\/\/www.justy.bio\/fr\/wp-json\/wp\/v2\/types\/page"}],"author":[{"embeddable":true,"href":"https:\/\/www.justy.bio\/fr\/wp-json\/wp\/v2\/users\/1"}],"replies":[{"embeddable":true,"href":"https:\/\/www.justy.bio\/fr\/wp-json\/wp\/v2\/comments?post=7058"}],"version-history":[{"count":1,"href":"https:\/\/www.justy.bio\/fr\/wp-json\/wp\/v2\/pages\/7058\/revisions"}],"predecessor-version":[{"id":7190,"href":"https:\/\/www.justy.bio\/fr\/wp-json\/wp\/v2\/pages\/7058\/revisions\/7190"}],"wp:attachment":[{"href":"https:\/\/www.justy.bio\/fr\/wp-json\/wp\/v2\/media?parent=7058"}],"curies":[{"name":"wp","href":"https:\/\/api.w.org\/{rel}","templated":true}]}}