{"id":29189,"date":"2025-05-29T17:16:13","date_gmt":"2025-05-29T15:16:13","guid":{"rendered":"https:\/\/www.justy.de\/?post_type=product&#038;p=29189"},"modified":"2025-09-08T13:05:17","modified_gmt":"2025-09-08T11:05:17","slug":"smoothie-vert","status":"publish","type":"product","link":"https:\/\/www.justy.bio\/fr\/shop\/smoothies\/smoothie-vert\/","title":{"rendered":"Smoothie Vert"},"content":{"rendered":"<h3>Ce smoothie vert rayonne de sant\u00e9 de tous c\u00f4t\u00e9s. La couleur vert profond et le go\u00fbt \u00e9quilibr\u00e9 vous donnent imm\u00e9diatement le sentiment d&#8217;aider votre corps. En raison de la grande quantit\u00e9 de l\u00e9gumes, de fruits et d&#8217;herbes dans cette bouteille, vous obtenez une dose solide de vitamines, de min\u00e9raux et de fibres. Ce n&#8217;est pas pour rien qu&#8217;un smoothie vert est l&#8217;une des boissons les plus populaires parmi les amateurs de sant\u00e9. L&#8217;ajout de gingembre, d&#8217;algues et de menthe compl\u00e8te notre smoothie vert!<\/h3>\n<div class=\"wp-block-spacer\" style=\"height: 24px;\" aria-hidden=\"true\"><\/div>\n<h2><span class=\"web-mod-tabs__tab-title\">POURQUOI LE SMOOTHIE VERT EST-IL SAINE ?<\/span><\/h2>\n<p>En raison de la grande vari\u00e9t\u00e9 de l\u00e9gumes frais, de fruits et d&#8217;herbes, notre smoothie vert regorge de nutriments sains. Les diff\u00e9rents ingr\u00e9dients excellent tous dans diff\u00e9rentes vitamines et min\u00e9raux. Le chou fris\u00e9, par exemple, est particuli\u00e8rement riche en vitamines C et K, les \u00e9pinards fournissent beaucoup d&#8217;acide folique et les algues fra\u00eeches sont de v\u00e9ritables champions de la vitamine A. En cons\u00e9quence, le smoothie vert contient une grande quantit\u00e9 de presque tous les nutriments importants et est une v\u00e9ritable bombe nutritionnelle. Ensemble, tous ces nutriments aident \u00e0 maintenir votre corps en forme et en bonne sant\u00e9. Par exemple, la vitamine C soutient le fonctionnement de votre syst\u00e8me immunitaire et le mangan\u00e8se contribue \u00e0 la protection de vos cellules contre les radicaux libres nocifs gr\u00e2ce \u00e0 sa fonction antioxydant. Le magn\u00e9sium et le calcium dans ce smoothie vert frais sont bons pour vos os et vos muscles et favorisent \u00e9galement votre m\u00e9tabolisme \u00e9nerg\u00e9tique.<\/p>\n<div class=\"wp-block-spacer\" style=\"height: 24px;\" aria-hidden=\"true\"><\/div>\n<h2 class=\"web-mod-bullets__title\">GO\u00dbT DE NOTRE SMOOTHIE AUX L\u00c9GUMES<\/h2>\n<div class=\"web-mod-bullets__content\">\n<p>Ce magnifique smoothie d&#8217;un vert fonc\u00e9 pr\u00e9sente une saveur complexe et \u00e9quilibr\u00e9e. Les notes fra\u00eeches et sucr\u00e9es de la mangue, de l&#8217;ananas et du citron vert s&#8217;harmonisent parfaitement avec les touches l\u00e9g\u00e8rement am\u00e8res des verts fonc\u00e9s. Ce smoothie exhale un parfum v\u00e9g\u00e9tal frais et agr\u00e9able, offrant ainsi un plaisir multisensoriel. Chez Justy, nous pr\u00e9parons nos smoothies comme vous le feriez chez vous. Nous utilisons exclusivement des ingr\u00e9dients frais, locaux et biologiques, et nos m\u00e9langes sont r\u00e9alis\u00e9s dans un blender en acier inoxydable. Aucune poudre transform\u00e9e ni autre ingr\u00e9dient non naturel n&#8217;est incorpor\u00e9.<\/p>\n<p>&#8220;Nos smoothies constituent un excellent compl\u00e9ment dans le cadre d&#8217;une alimentation diversifi\u00e9e, \u00e9quilibr\u00e9e et d&#8217;un mode de vie sain.&#8221;<\/p>\n<\/div>\n","protected":false},"excerpt":{"rendered":"<p>D\u00e9bordant de nutriments sains !<\/p>\n","protected":false},"featured_media":29093,"comment_status":"open","ping_status":"closed","template":"","meta":{"_acf_changed":false,"_gspb_post_css":""},"product_brand":[],"product_cat":[879],"product_tag":[866],"class_list":{"0":"post-29189","1":"product","2":"type-product","3":"status-publish","4":"has-post-thumbnail","6":"product_cat-smoothies","7":"product_tag-import-2","8":"has-subscription-plans","10":"first","11":"instock","12":"sale","13":"taxable","14":"shipping-taxable","15":"purchasable","16":"product-type-simple"},"bundled_by":[],"bundle_stock_status":"instock","bundle_stock_quantity":null,"bundle_virtual":false,"bundle_layout":"","bundle_add_to_cart_form_location":"","bundle_editable_in_cart":false,"bundle_sold_individually_context":"","bundle_item_grouping":"","bundle_min_size":"","bundle_max_size":"","bundle_price":[],"bundled_items":[],"bundle_sell_ids":[],"acf":[],"yoast_head":"<!-- This site is optimized with the Yoast SEO Premium plugin v25.5 (Yoast SEO v25.5) - https:\/\/yoast.com\/wordpress\/plugins\/seo\/ -->\n<title>Smoothie Vert - Justy<\/title>\n<meta name=\"description\" content=\"Smoothie Vert - D\u00e9bordant d&#039;\u00e9l\u00e9ments nutritifs sains ! 470 ml\" \/>\n<meta name=\"robots\" content=\"index, follow, max-snippet:-1, max-image-preview:large, max-video-preview:-1\" \/>\n<link rel=\"canonical\" href=\"https:\/\/www.justy.bio\/fr\/shop\/smoothies\/smoothie-vert\/\" \/>\n<meta property=\"og:locale\" content=\"fr_FR\" \/>\n<meta property=\"og:type\" content=\"article\" \/>\n<meta property=\"og:title\" content=\"Smoothie Vert - Justy\" \/>\n<meta property=\"og:description\" content=\"Smoothie Vert - D\u00e9bordant d&#039;\u00e9l\u00e9ments nutritifs sains ! 470 ml\" \/>\n<meta property=\"og:url\" content=\"https:\/\/www.justy.bio\/fr\/shop\/smoothies\/smoothie-vert\/\" \/>\n<meta property=\"og:site_name\" content=\"Justy\" \/>\n<meta property=\"article:publisher\" content=\"https:\/\/www.facebook.com\/justygoodness\" \/>\n<meta property=\"article:modified_time\" content=\"2025-09-08T11:05:17+00:00\" \/>\n<meta property=\"og:image\" content=\"https:\/\/www.justy.bio\/wp-content\/uploads\/2025\/05\/groene-3.webp\" \/>\n\t<meta property=\"og:image:width\" content=\"600\" \/>\n\t<meta property=\"og:image:height\" content=\"450\" \/>\n\t<meta property=\"og:image:type\" content=\"image\/webp\" \/>\n<meta name=\"twitter:card\" content=\"summary_large_image\" \/>\n<meta name=\"twitter:label1\" content=\"Prix\" \/>\n\t<meta name=\"twitter:data1\" content=\"&euro;&nbsp;5,95\" \/>\n\t<meta name=\"twitter:label2\" content=\"Disponibilit\u00e9\" \/>\n\t<meta name=\"twitter:data2\" content=\"En stock\" \/>\n<script type=\"application\/ld+json\" class=\"yoast-schema-graph\">{\"@context\":\"https:\/\/schema.org\",\"@graph\":[{\"@type\":\"WebPage\",\"@id\":\"https:\/\/www.justy.bio\/fr\/shop\/smoothies\/smoothie-vert\/\",\"url\":\"https:\/\/www.justy.bio\/fr\/shop\/smoothies\/smoothie-vert\/\",\"name\":\"Smoothie Vert - Justy\",\"isPartOf\":{\"@id\":\"https:\/\/www.justy.bio\/fr\/#website\"},\"primaryImageOfPage\":{\"@id\":\"https:\/\/www.justy.bio\/fr\/shop\/smoothies\/smoothie-vert\/#primaryimage\"},\"image\":{\"@id\":\"https:\/\/www.justy.bio\/fr\/shop\/smoothies\/smoothie-vert\/#primaryimage\"},\"thumbnailUrl\":\"https:\/\/www.justy.bio\/wp-content\/uploads\/2025\/05\/groene-3.webp\",\"datePublished\":\"2025-05-29T15:16:13+00:00\",\"dateModified\":\"2025-09-08T11:05:17+00:00\",\"description\":\"Smoothie Vert - D\u00e9bordant d'\u00e9l\u00e9ments nutritifs sains ! 470 ml\",\"breadcrumb\":{\"@id\":\"https:\/\/www.justy.bio\/fr\/shop\/smoothies\/smoothie-vert\/#breadcrumb\"},\"inLanguage\":\"fr-FR\",\"potentialAction\":[{\"@type\":\"ReadAction\",\"target\":[\"https:\/\/www.justy.bio\/fr\/shop\/smoothies\/smoothie-vert\/\"]}]},{\"@type\":\"ImageObject\",\"inLanguage\":\"fr-FR\",\"@id\":\"https:\/\/www.justy.bio\/fr\/shop\/smoothies\/smoothie-vert\/#primaryimage\",\"url\":\"https:\/\/www.justy.bio\/wp-content\/uploads\/2025\/05\/groene-3.webp\",\"contentUrl\":\"https:\/\/www.justy.bio\/wp-content\/uploads\/2025\/05\/groene-3.webp\",\"width\":600,\"height\":450},{\"@type\":\"BreadcrumbList\",\"@id\":\"https:\/\/www.justy.bio\/fr\/shop\/smoothies\/smoothie-vert\/#breadcrumb\",\"itemListElement\":[{\"@type\":\"ListItem\",\"position\":1,\"name\":\"Shop\",\"item\":\"https:\/\/www.justy.bio\/fr\/shop\/\"},{\"@type\":\"ListItem\",\"position\":2,\"name\":\"Smoothie Vert\"}]},{\"@type\":\"WebSite\",\"@id\":\"https:\/\/www.justy.bio\/fr\/#website\",\"url\":\"https:\/\/www.justy.bio\/fr\/\",\"name\":\"Justy\",\"description\":\"\",\"publisher\":{\"@id\":\"https:\/\/www.justy.bio\/fr\/#organization\"},\"potentialAction\":[{\"@type\":\"SearchAction\",\"target\":{\"@type\":\"EntryPoint\",\"urlTemplate\":\"https:\/\/www.justy.bio\/fr\/?s={search_term_string}\"},\"query-input\":{\"@type\":\"PropertyValueSpecification\",\"valueRequired\":true,\"valueName\":\"search_term_string\"}}],\"inLanguage\":\"fr-FR\"},{\"@type\":\"Organization\",\"@id\":\"https:\/\/www.justy.bio\/fr\/#organization\",\"name\":\"Justy\",\"url\":\"https:\/\/www.justy.bio\/fr\/\",\"logo\":{\"@type\":\"ImageObject\",\"inLanguage\":\"fr-FR\",\"@id\":\"https:\/\/www.justy.bio\/fr\/#\/schema\/logo\/image\/\",\"url\":\"https:\/\/www.justy.bio\/wp-content\/uploads\/2023\/10\/Logo.png\",\"contentUrl\":\"https:\/\/www.justy.bio\/wp-content\/uploads\/2023\/10\/Logo.png\",\"width\":218,\"height\":218,\"caption\":\"Justy\"},\"image\":{\"@id\":\"https:\/\/www.justy.bio\/fr\/#\/schema\/logo\/image\/\"},\"sameAs\":[\"https:\/\/www.facebook.com\/justygoodness\",\"https:\/\/www.instagram.com\/justygoodness\/\"]}]}<\/script>\n<meta property=\"product:price:amount\" content=\"5.95\" \/>\n<meta property=\"product:price:currency\" content=\"EUR\" \/>\n<meta property=\"og:availability\" content=\"instock\" \/>\n<meta property=\"product:availability\" content=\"instock\" \/>\n<meta property=\"product:retailer_item_id\" content=\"3308002\" \/>\n<meta property=\"product:condition\" content=\"new\" \/>\n<!-- \/ Yoast SEO Premium plugin. -->","yoast_head_json":{"title":"Smoothie Vert - Justy","description":"Smoothie Vert - D\u00e9bordant d'\u00e9l\u00e9ments nutritifs sains ! 470 ml","robots":{"index":"index","follow":"follow","max-snippet":"max-snippet:-1","max-image-preview":"max-image-preview:large","max-video-preview":"max-video-preview:-1"},"canonical":"https:\/\/www.justy.bio\/fr\/shop\/smoothies\/smoothie-vert\/","og_locale":"fr_FR","og_type":"article","og_title":"Smoothie Vert - Justy","og_description":"Smoothie Vert - D\u00e9bordant d'\u00e9l\u00e9ments nutritifs sains ! 470 ml","og_url":"https:\/\/www.justy.bio\/fr\/shop\/smoothies\/smoothie-vert\/","og_site_name":"Justy","article_publisher":"https:\/\/www.facebook.com\/justygoodness","article_modified_time":"2025-09-08T11:05:17+00:00","og_image":[{"width":600,"height":450,"url":"https:\/\/www.justy.bio\/wp-content\/uploads\/2025\/05\/groene-3.webp","type":"image\/webp"}],"twitter_card":"summary_large_image","twitter_misc":{"Prix":"&euro;&nbsp;5,95","Disponibilit\u00e9":"En stock"},"schema":{"@context":"https:\/\/schema.org","@graph":[{"@type":"WebPage","@id":"https:\/\/www.justy.bio\/fr\/shop\/smoothies\/smoothie-vert\/","url":"https:\/\/www.justy.bio\/fr\/shop\/smoothies\/smoothie-vert\/","name":"Smoothie Vert - Justy","isPartOf":{"@id":"https:\/\/www.justy.bio\/fr\/#website"},"primaryImageOfPage":{"@id":"https:\/\/www.justy.bio\/fr\/shop\/smoothies\/smoothie-vert\/#primaryimage"},"image":{"@id":"https:\/\/www.justy.bio\/fr\/shop\/smoothies\/smoothie-vert\/#primaryimage"},"thumbnailUrl":"https:\/\/www.justy.bio\/wp-content\/uploads\/2025\/05\/groene-3.webp","datePublished":"2025-05-29T15:16:13+00:00","dateModified":"2025-09-08T11:05:17+00:00","description":"Smoothie Vert - D\u00e9bordant d'\u00e9l\u00e9ments nutritifs sains ! 470 ml","breadcrumb":{"@id":"https:\/\/www.justy.bio\/fr\/shop\/smoothies\/smoothie-vert\/#breadcrumb"},"inLanguage":"fr-FR","potentialAction":[{"@type":"ReadAction","target":["https:\/\/www.justy.bio\/fr\/shop\/smoothies\/smoothie-vert\/"]}]},{"@type":"ImageObject","inLanguage":"fr-FR","@id":"https:\/\/www.justy.bio\/fr\/shop\/smoothies\/smoothie-vert\/#primaryimage","url":"https:\/\/www.justy.bio\/wp-content\/uploads\/2025\/05\/groene-3.webp","contentUrl":"https:\/\/www.justy.bio\/wp-content\/uploads\/2025\/05\/groene-3.webp","width":600,"height":450},{"@type":"BreadcrumbList","@id":"https:\/\/www.justy.bio\/fr\/shop\/smoothies\/smoothie-vert\/#breadcrumb","itemListElement":[{"@type":"ListItem","position":1,"name":"Shop","item":"https:\/\/www.justy.bio\/fr\/shop\/"},{"@type":"ListItem","position":2,"name":"Smoothie Vert"}]},{"@type":"WebSite","@id":"https:\/\/www.justy.bio\/fr\/#website","url":"https:\/\/www.justy.bio\/fr\/","name":"Justy","description":"","publisher":{"@id":"https:\/\/www.justy.bio\/fr\/#organization"},"potentialAction":[{"@type":"SearchAction","target":{"@type":"EntryPoint","urlTemplate":"https:\/\/www.justy.bio\/fr\/?s={search_term_string}"},"query-input":{"@type":"PropertyValueSpecification","valueRequired":true,"valueName":"search_term_string"}}],"inLanguage":"fr-FR"},{"@type":"Organization","@id":"https:\/\/www.justy.bio\/fr\/#organization","name":"Justy","url":"https:\/\/www.justy.bio\/fr\/","logo":{"@type":"ImageObject","inLanguage":"fr-FR","@id":"https:\/\/www.justy.bio\/fr\/#\/schema\/logo\/image\/","url":"https:\/\/www.justy.bio\/wp-content\/uploads\/2023\/10\/Logo.png","contentUrl":"https:\/\/www.justy.bio\/wp-content\/uploads\/2023\/10\/Logo.png","width":218,"height":218,"caption":"Justy"},"image":{"@id":"https:\/\/www.justy.bio\/fr\/#\/schema\/logo\/image\/"},"sameAs":["https:\/\/www.facebook.com\/justygoodness","https:\/\/www.instagram.com\/justygoodness\/"]}]},"product_price_amount":"5.95","product_price_currency":"EUR","og_availability":"instock","product_availability":"instock","product_retailer_item_id":"3308002","product_condition":"new"},"_links":{"self":[{"href":"https:\/\/www.justy.bio\/fr\/wp-json\/wp\/v2\/product\/29189","targetHints":{"allow":["GET"]}}],"collection":[{"href":"https:\/\/www.justy.bio\/fr\/wp-json\/wp\/v2\/product"}],"about":[{"href":"https:\/\/www.justy.bio\/fr\/wp-json\/wp\/v2\/types\/product"}],"replies":[{"embeddable":true,"href":"https:\/\/www.justy.bio\/fr\/wp-json\/wp\/v2\/comments?post=29189"}],"wp:featuredmedia":[{"embeddable":true,"href":"https:\/\/www.justy.bio\/fr\/wp-json\/wp\/v2\/media\/29093"}],"wp:attachment":[{"href":"https:\/\/www.justy.bio\/fr\/wp-json\/wp\/v2\/media?parent=29189"}],"wp:term":[{"taxonomy":"product_brand","embeddable":true,"href":"https:\/\/www.justy.bio\/fr\/wp-json\/wp\/v2\/product_brand?post=29189"},{"taxonomy":"product_cat","embeddable":true,"href":"https:\/\/www.justy.bio\/fr\/wp-json\/wp\/v2\/product_cat?post=29189"},{"taxonomy":"product_tag","embeddable":true,"href":"https:\/\/www.justy.bio\/fr\/wp-json\/wp\/v2\/product_tag?post=29189"}],"curies":[{"name":"wp","href":"https:\/\/api.w.org\/{rel}","templated":true}]}}