{"id":29197,"date":"2025-05-29T17:23:32","date_gmt":"2025-05-29T15:23:32","guid":{"rendered":"https:\/\/www.justy.de\/?post_type=product&#038;p=29197"},"modified":"2025-09-05T15:25:51","modified_gmt":"2025-09-05T13:25:51","slug":"fresh-jus","status":"publish","type":"product","link":"https:\/\/www.justy.bio\/fr\/shop\/jus\/fresh-jus\/","title":{"rendered":"Fresh Jus"},"content":{"rendered":"<h3>Ce jus de carotte l\u00e9g\u00e8rement sucr\u00e9 chouchoute tout votre corps et stimule tous vos sens. Il a un go\u00fbt sucr\u00e9 et frais gr\u00e2ce, entre autres, \u00e0 la carotte, au fenouil, \u00e0 la pomme, \u00e0 la cannelle, au pamplemousse, \u00e0 la menthe et \u00e0 la sauge. Il est plein de b\u00eata-carot\u00e8ne* et contribue donc au maintien d&#8217;une peau saine, de bons yeux et d&#8217;un bon syst\u00e8me immunitaire.<\/h3>\n<div id=\"\" class=\"web-mod-tabs web-mod-tabs--is-horizontal  js-mod-tabs\">\n<div class=\"u-center-page\">\n<div class=\"web-mod-tabs__tab-content js-mod-tabs__tabs-content\">\n<div id=\"tab8974-1\" class=\"web-mod-tabs__tab-content-item js-mod-tabs__tab-content-item tab-mobile\">\n<div class=\"web-mod-tabs__content\">\n<section id=\"\" class=\"web-mod-gvml  \">\n<div class=\"web-u-gvml\">\n<p>Le jus de carotte est un rem\u00e8de naturel qui peut vous aider \u00e0 vous sentir bien et \u00e0 para\u00eetre radieux. En raison de la grande quantit\u00e9 de b\u00eata-carot\u00e8ne qu&#8217;il contient, le jus de carotte est bon pour votre syst\u00e8me immunitaire, votre peau et vos yeux. De plus, notre jus de carotte frais contient de bonnes quantit\u00e9s d&#8217;antioxydants tels que le cuivre, le mangan\u00e8se, les vitamines C et E. Le jus aide \u00e0 prot\u00e9ger votre corps contre les radicaux libres, entre autres. De plus, la vitamine C et le cuivre contribuent \u00e0 une bonne r\u00e9sistance. En plus des bienfaits pour la sant\u00e9 de la consommation de jus de carotte, il peut \u00e9galement \u00eatre tr\u00e8s savoureux. En combinant ce jus de carotte avec du gingembre, de la cannelle, du pamplemousse, de la sauge et bien plus encore, nous en avons fait une sensation gustative surprenante.<\/p>\n<\/div>\n<\/section>\n<\/div>\n<\/div>\n<div class=\"web-mod-tabs__tabs-mobile\"><\/div>\n<div class=\"web-mod-tabs__tabs-mobile\"><\/div>\n<\/div>\n<\/div>\n<\/div>\n<h2><span class=\"web-mod-tabs__tab-title\">QU&#8217;EST-CE QUI REND LE JUS DE CAROTTE SAIN ?<\/span><\/h2>\n<h3>Boire du jus de carotte bio \u00e0 extraction lente est bon pour le corps et l&#8217;esprit.<\/h3>\n<p>Notre jus Fresh, par exemple, contient 284 % de l&#8217;apport de r\u00e9f\u00e9rence en vitamine A, sous forme de b\u00eata-carot\u00e8ne. Ce dernier est converti par votre corps en vitamine A (\u00e9galement appel\u00e9e r\u00e9tinol), qui est bonne pour votre vue, entre autres. Elle aide \u00e0 rester vif et soutient votre vision dans l&#8217;obscurit\u00e9. Le r\u00e9tinol est \u00e9galement b\u00e9n\u00e9fique pour votre peau et votre \u00e9quilibre en fer. De plus, la vitamine A a un effet positif sur votre syst\u00e8me immunitaire. Les vitamines C et B6 dans ce jus de carotte y contribuent \u00e9galement. Les belles quantit\u00e9s de vitamine K et de potassium dans ce jus de carotte assurent, entre autres, le maintien de os et muscles solides. Notre jus de carotte Fresh est \u00e9galement riche en antioxydants (tels que la vitamine C et le cuivre) qui aident \u00e0 prot\u00e9ger votre corps contre les radicaux libres. Les vitamines B1 et B6 dans le jus de carotte soutiennent votre niveau d&#8217;\u00e9nergie et sont bonnes pour votre concentration. Chez nous, vous pouvez acheter du jus de carotte bio qui est encore d\u00e9licieux sans sucre et \u00e9galement sain.<\/p>\n<div class=\"wp-block-spacer\" style=\"height: 24px;\" aria-hidden=\"true\"><\/div>\n<h2 class=\"web-mod-bullets__title\">LE GO\u00dbT DE NOTRE JUS DE CAROTTE<\/h2>\n<div class=\"web-mod-bullets__content\">\n<p>Il est depuis longtemps connu que le jus de carotte a des bienfaits pour la sant\u00e9. Pourtant, le go\u00fbt sucr\u00e9 et terrestre de la carotte n&#8217;\u00e9tait pas \u00e9galement populaire aupr\u00e8s de tout le monde. Pour am\u00e9liorer le go\u00fbt de cette boisson orange, nous avons combin\u00e9 le jus de carotte avec un peu de pomme pour un accent sucr\u00e9 et frais et ajout\u00e9 du gingembre et de la cannelle pour une touche chaude et \u00e9pic\u00e9e. Nous pressons le pamplemousse, peau comprise, dans l&#8217;extracteur \u00e0 jus lent, lib\u00e9rant des huiles essentielles qui procurent une \u00e9tincelle revigorante. Le fenouil renforce la douceur, tandis que la sauge et la menthe fournissent un parfum frais. La patate douce orange le rend un peu plus cr\u00e9meux et augmente \u00e9galement l\u00e9g\u00e8rement la quantit\u00e9 de b\u00eata-carot\u00e8ne. Attention, ce jus de carotte \u00e0 pression lente pourrait bien vous rendre accro ! &#8220;Nos jus sont un excellent compl\u00e9ment dans le cadre d&#8217;une alimentation vari\u00e9e, \u00e9quilibr\u00e9e et d&#8217;un mode de vie sain.&#8221;<\/p>\n<\/div>\n","protected":false},"excerpt":{"rendered":"<p>Le jus de carotte frais est bon pour la peau et les yeux<\/p>\n","protected":false},"featured_media":28888,"comment_status":"open","ping_status":"closed","template":"","meta":{"_acf_changed":true,"_gspb_post_css":""},"product_brand":[],"product_cat":[720],"product_tag":[866],"class_list":{"0":"post-29197","1":"product","2":"type-product","3":"status-publish","4":"has-post-thumbnail","6":"product_cat-jus","7":"product_tag-import-2","8":"has-subscription-plans","10":"first","11":"instock","12":"sale","13":"taxable","14":"shipping-taxable","15":"purchasable","16":"product-type-simple"},"bundled_by":[],"bundle_stock_status":"instock","bundle_stock_quantity":null,"bundle_virtual":false,"bundle_layout":"","bundle_add_to_cart_form_location":"","bundle_editable_in_cart":false,"bundle_sold_individually_context":"","bundle_item_grouping":"","bundle_min_size":"","bundle_max_size":"","bundle_price":[],"bundled_items":[],"bundle_sell_ids":[],"acf":[],"yoast_head":"<!-- This site is optimized with the Yoast SEO Premium plugin v25.5 (Yoast SEO v25.5) - https:\/\/yoast.com\/wordpress\/plugins\/seo\/ -->\n<title>Fresh Jus - Justy<\/title>\n<meta name=\"description\" content=\"Fresh Jus - Le jus de carotte frais est bon pour la peau et les yeux ? Carotte, Pomme, Fenouil, Pamplemousse... 240 ml\" \/>\n<meta name=\"robots\" content=\"index, follow, max-snippet:-1, max-image-preview:large, max-video-preview:-1\" \/>\n<link rel=\"canonical\" href=\"https:\/\/www.justy.bio\/fr\/shop\/jus\/fresh-jus\/\" \/>\n<meta property=\"og:locale\" content=\"fr_FR\" \/>\n<meta property=\"og:type\" content=\"article\" \/>\n<meta property=\"og:title\" content=\"Fresh Jus - Justy\" \/>\n<meta property=\"og:description\" content=\"Fresh Jus - Le jus de carotte frais est bon pour la peau et les yeux ? Carotte, Pomme, Fenouil, Pamplemousse... 240 ml\" \/>\n<meta property=\"og:url\" content=\"https:\/\/www.justy.bio\/fr\/shop\/jus\/fresh-jus\/\" \/>\n<meta property=\"og:site_name\" content=\"Justy\" \/>\n<meta property=\"article:publisher\" content=\"https:\/\/www.facebook.com\/justygoodness\" \/>\n<meta property=\"article:modified_time\" content=\"2025-09-05T13:25:51+00:00\" \/>\n<meta property=\"og:image\" content=\"https:\/\/www.justy.bio\/wp-content\/uploads\/2025\/05\/fresh-3.webp\" \/>\n\t<meta property=\"og:image:width\" content=\"600\" \/>\n\t<meta property=\"og:image:height\" content=\"450\" \/>\n\t<meta property=\"og:image:type\" content=\"image\/webp\" \/>\n<meta name=\"twitter:card\" content=\"summary_large_image\" \/>\n<meta name=\"twitter:label1\" content=\"Prix\" \/>\n\t<meta name=\"twitter:data1\" content=\"&euro;&nbsp;5,40\" \/>\n\t<meta name=\"twitter:label2\" content=\"Disponibilit\u00e9\" \/>\n\t<meta name=\"twitter:data2\" content=\"En stock\" \/>\n<script type=\"application\/ld+json\" class=\"yoast-schema-graph\">{\"@context\":\"https:\/\/schema.org\",\"@graph\":[{\"@type\":\"WebPage\",\"@id\":\"https:\/\/www.justy.bio\/fr\/shop\/jus\/fresh-jus\/\",\"url\":\"https:\/\/www.justy.bio\/fr\/shop\/jus\/fresh-jus\/\",\"name\":\"Fresh Jus - Justy\",\"isPartOf\":{\"@id\":\"https:\/\/www.justy.bio\/fr\/#website\"},\"primaryImageOfPage\":{\"@id\":\"https:\/\/www.justy.bio\/fr\/shop\/jus\/fresh-jus\/#primaryimage\"},\"image\":{\"@id\":\"https:\/\/www.justy.bio\/fr\/shop\/jus\/fresh-jus\/#primaryimage\"},\"thumbnailUrl\":\"https:\/\/www.justy.bio\/wp-content\/uploads\/2025\/05\/fresh-3.webp\",\"datePublished\":\"2025-05-29T15:23:32+00:00\",\"dateModified\":\"2025-09-05T13:25:51+00:00\",\"description\":\"Fresh Jus - Le jus de carotte frais est bon pour la peau et les yeux ? Carotte, Pomme, Fenouil, Pamplemousse... 240 ml\",\"breadcrumb\":{\"@id\":\"https:\/\/www.justy.bio\/fr\/shop\/jus\/fresh-jus\/#breadcrumb\"},\"inLanguage\":\"fr-FR\",\"potentialAction\":[{\"@type\":\"ReadAction\",\"target\":[\"https:\/\/www.justy.bio\/fr\/shop\/jus\/fresh-jus\/\"]}]},{\"@type\":\"ImageObject\",\"inLanguage\":\"fr-FR\",\"@id\":\"https:\/\/www.justy.bio\/fr\/shop\/jus\/fresh-jus\/#primaryimage\",\"url\":\"https:\/\/www.justy.bio\/wp-content\/uploads\/2025\/05\/fresh-3.webp\",\"contentUrl\":\"https:\/\/www.justy.bio\/wp-content\/uploads\/2025\/05\/fresh-3.webp\",\"width\":600,\"height\":450},{\"@type\":\"BreadcrumbList\",\"@id\":\"https:\/\/www.justy.bio\/fr\/shop\/jus\/fresh-jus\/#breadcrumb\",\"itemListElement\":[{\"@type\":\"ListItem\",\"position\":1,\"name\":\"Shop\",\"item\":\"https:\/\/www.justy.bio\/fr\/shop\/\"},{\"@type\":\"ListItem\",\"position\":2,\"name\":\"Fresh Jus\"}]},{\"@type\":\"WebSite\",\"@id\":\"https:\/\/www.justy.bio\/fr\/#website\",\"url\":\"https:\/\/www.justy.bio\/fr\/\",\"name\":\"Justy\",\"description\":\"\",\"publisher\":{\"@id\":\"https:\/\/www.justy.bio\/fr\/#organization\"},\"potentialAction\":[{\"@type\":\"SearchAction\",\"target\":{\"@type\":\"EntryPoint\",\"urlTemplate\":\"https:\/\/www.justy.bio\/fr\/?s={search_term_string}\"},\"query-input\":{\"@type\":\"PropertyValueSpecification\",\"valueRequired\":true,\"valueName\":\"search_term_string\"}}],\"inLanguage\":\"fr-FR\"},{\"@type\":\"Organization\",\"@id\":\"https:\/\/www.justy.bio\/fr\/#organization\",\"name\":\"Justy\",\"url\":\"https:\/\/www.justy.bio\/fr\/\",\"logo\":{\"@type\":\"ImageObject\",\"inLanguage\":\"fr-FR\",\"@id\":\"https:\/\/www.justy.bio\/fr\/#\/schema\/logo\/image\/\",\"url\":\"https:\/\/www.justy.bio\/wp-content\/uploads\/2023\/10\/Logo.png\",\"contentUrl\":\"https:\/\/www.justy.bio\/wp-content\/uploads\/2023\/10\/Logo.png\",\"width\":218,\"height\":218,\"caption\":\"Justy\"},\"image\":{\"@id\":\"https:\/\/www.justy.bio\/fr\/#\/schema\/logo\/image\/\"},\"sameAs\":[\"https:\/\/www.facebook.com\/justygoodness\",\"https:\/\/www.instagram.com\/justygoodness\/\"]}]}<\/script>\n<meta property=\"product:price:amount\" content=\"5.40\" \/>\n<meta property=\"product:price:currency\" content=\"EUR\" \/>\n<meta property=\"og:availability\" content=\"instock\" \/>\n<meta property=\"product:availability\" content=\"instock\" \/>\n<meta property=\"product:retailer_item_id\" content=\"3301004\" \/>\n<meta property=\"product:condition\" content=\"new\" \/>\n<!-- \/ Yoast SEO Premium plugin. -->","yoast_head_json":{"title":"Fresh Jus - Justy","description":"Fresh Jus - Le jus de carotte frais est bon pour la peau et les yeux ? Carotte, Pomme, Fenouil, Pamplemousse... 240 ml","robots":{"index":"index","follow":"follow","max-snippet":"max-snippet:-1","max-image-preview":"max-image-preview:large","max-video-preview":"max-video-preview:-1"},"canonical":"https:\/\/www.justy.bio\/fr\/shop\/jus\/fresh-jus\/","og_locale":"fr_FR","og_type":"article","og_title":"Fresh Jus - Justy","og_description":"Fresh Jus - Le jus de carotte frais est bon pour la peau et les yeux ? Carotte, Pomme, Fenouil, Pamplemousse... 240 ml","og_url":"https:\/\/www.justy.bio\/fr\/shop\/jus\/fresh-jus\/","og_site_name":"Justy","article_publisher":"https:\/\/www.facebook.com\/justygoodness","article_modified_time":"2025-09-05T13:25:51+00:00","og_image":[{"width":600,"height":450,"url":"https:\/\/www.justy.bio\/wp-content\/uploads\/2025\/05\/fresh-3.webp","type":"image\/webp"}],"twitter_card":"summary_large_image","twitter_misc":{"Prix":"&euro;&nbsp;5,40","Disponibilit\u00e9":"En stock"},"schema":{"@context":"https:\/\/schema.org","@graph":[{"@type":"WebPage","@id":"https:\/\/www.justy.bio\/fr\/shop\/jus\/fresh-jus\/","url":"https:\/\/www.justy.bio\/fr\/shop\/jus\/fresh-jus\/","name":"Fresh Jus - Justy","isPartOf":{"@id":"https:\/\/www.justy.bio\/fr\/#website"},"primaryImageOfPage":{"@id":"https:\/\/www.justy.bio\/fr\/shop\/jus\/fresh-jus\/#primaryimage"},"image":{"@id":"https:\/\/www.justy.bio\/fr\/shop\/jus\/fresh-jus\/#primaryimage"},"thumbnailUrl":"https:\/\/www.justy.bio\/wp-content\/uploads\/2025\/05\/fresh-3.webp","datePublished":"2025-05-29T15:23:32+00:00","dateModified":"2025-09-05T13:25:51+00:00","description":"Fresh Jus - Le jus de carotte frais est bon pour la peau et les yeux ? Carotte, Pomme, Fenouil, Pamplemousse... 240 ml","breadcrumb":{"@id":"https:\/\/www.justy.bio\/fr\/shop\/jus\/fresh-jus\/#breadcrumb"},"inLanguage":"fr-FR","potentialAction":[{"@type":"ReadAction","target":["https:\/\/www.justy.bio\/fr\/shop\/jus\/fresh-jus\/"]}]},{"@type":"ImageObject","inLanguage":"fr-FR","@id":"https:\/\/www.justy.bio\/fr\/shop\/jus\/fresh-jus\/#primaryimage","url":"https:\/\/www.justy.bio\/wp-content\/uploads\/2025\/05\/fresh-3.webp","contentUrl":"https:\/\/www.justy.bio\/wp-content\/uploads\/2025\/05\/fresh-3.webp","width":600,"height":450},{"@type":"BreadcrumbList","@id":"https:\/\/www.justy.bio\/fr\/shop\/jus\/fresh-jus\/#breadcrumb","itemListElement":[{"@type":"ListItem","position":1,"name":"Shop","item":"https:\/\/www.justy.bio\/fr\/shop\/"},{"@type":"ListItem","position":2,"name":"Fresh Jus"}]},{"@type":"WebSite","@id":"https:\/\/www.justy.bio\/fr\/#website","url":"https:\/\/www.justy.bio\/fr\/","name":"Justy","description":"","publisher":{"@id":"https:\/\/www.justy.bio\/fr\/#organization"},"potentialAction":[{"@type":"SearchAction","target":{"@type":"EntryPoint","urlTemplate":"https:\/\/www.justy.bio\/fr\/?s={search_term_string}"},"query-input":{"@type":"PropertyValueSpecification","valueRequired":true,"valueName":"search_term_string"}}],"inLanguage":"fr-FR"},{"@type":"Organization","@id":"https:\/\/www.justy.bio\/fr\/#organization","name":"Justy","url":"https:\/\/www.justy.bio\/fr\/","logo":{"@type":"ImageObject","inLanguage":"fr-FR","@id":"https:\/\/www.justy.bio\/fr\/#\/schema\/logo\/image\/","url":"https:\/\/www.justy.bio\/wp-content\/uploads\/2023\/10\/Logo.png","contentUrl":"https:\/\/www.justy.bio\/wp-content\/uploads\/2023\/10\/Logo.png","width":218,"height":218,"caption":"Justy"},"image":{"@id":"https:\/\/www.justy.bio\/fr\/#\/schema\/logo\/image\/"},"sameAs":["https:\/\/www.facebook.com\/justygoodness","https:\/\/www.instagram.com\/justygoodness\/"]}]},"product_price_amount":"5.40","product_price_currency":"EUR","og_availability":"instock","product_availability":"instock","product_retailer_item_id":"3301004","product_condition":"new"},"_links":{"self":[{"href":"https:\/\/www.justy.bio\/fr\/wp-json\/wp\/v2\/product\/29197","targetHints":{"allow":["GET"]}}],"collection":[{"href":"https:\/\/www.justy.bio\/fr\/wp-json\/wp\/v2\/product"}],"about":[{"href":"https:\/\/www.justy.bio\/fr\/wp-json\/wp\/v2\/types\/product"}],"replies":[{"embeddable":true,"href":"https:\/\/www.justy.bio\/fr\/wp-json\/wp\/v2\/comments?post=29197"}],"wp:featuredmedia":[{"embeddable":true,"href":"https:\/\/www.justy.bio\/fr\/wp-json\/wp\/v2\/media\/28888"}],"wp:attachment":[{"href":"https:\/\/www.justy.bio\/fr\/wp-json\/wp\/v2\/media?parent=29197"}],"wp:term":[{"taxonomy":"product_brand","embeddable":true,"href":"https:\/\/www.justy.bio\/fr\/wp-json\/wp\/v2\/product_brand?post=29197"},{"taxonomy":"product_cat","embeddable":true,"href":"https:\/\/www.justy.bio\/fr\/wp-json\/wp\/v2\/product_cat?post=29197"},{"taxonomy":"product_tag","embeddable":true,"href":"https:\/\/www.justy.bio\/fr\/wp-json\/wp\/v2\/product_tag?post=29197"}],"curies":[{"name":"wp","href":"https:\/\/api.w.org\/{rel}","templated":true}]}}