{"id":29216,"date":"2025-05-29T17:16:04","date_gmt":"2025-05-29T15:16:04","guid":{"rendered":"https:\/\/www.justy.de\/?post_type=product&#038;p=29216"},"modified":"2025-09-05T17:19:39","modified_gmt":"2025-09-05T15:19:39","slug":"fuel-jus","status":"publish","type":"product","link":"https:\/\/www.justy.bio\/fr\/shop\/jus\/fuel-jus\/","title":{"rendered":"Fuel Jus"},"content":{"rendered":"\n<h3 class=\"wp-block-heading\" id=\"h-le-jus-de-concombre-fuel-est-le-carburant-parfait-pour-le-corps-et-l-esprit-ce-jus-super-vert-et-frais-vous-donne-une-nouvelle-energie-il-est-riche-en-vitamines-et-mineraux-qui-soutiennent-vos-niveaux-d-energie-tels-que-les-vitamines-b-et-le-magnesium\">Le jus de concombre Fuel est le carburant parfait pour le corps et l&#8217;esprit. Ce jus super vert et frais vous donne une nouvelle \u00e9nergie. Il est riche en vitamines et min\u00e9raux qui soutiennent vos niveaux d&#8217;\u00e9nergie, tels que les vitamines B et le magn\u00e9sium.<\/h3>\n\n\n\n<div style=\"height:20px\" aria-hidden=\"true\" class=\"wp-block-spacer\"><\/div>\n\n\n\n<p>Qui aurait pens\u00e9 que le carburant pourrait \u00eatre vert ? Il est temps de vous pr\u00e9senter notre jus de concombre FUEL ! Il se compose de pas moins de 97 % de l\u00e9gumes, d&#8217;herbes et d&#8217;\u00e9pices et est notre jus le plus vert. Le citron est le seul fruit dedans. Vous savez peut-\u00eatre d\u00e9j\u00e0 que le jus de concombre a des bienfaits pour la sant\u00e9. Par exemple, il est riche en \u00e9lectrolytes et en eau, ce qui en fait une source id\u00e9ale d&#8217;hydratation pour votre corps. De plus, il est plein de vitamines et min\u00e9raux. Avec FUEL, nous voulions cr\u00e9er un jus de concombre qui d\u00e9passe toutes les attentes en termes de go\u00fbt et de sant\u00e9. C&#8217;est pourquoi nous avons d\u00e9cid\u00e9 de compl\u00e9ter la recette de ce jus avec du c\u00e9leri, du fenouil, des \u00e9pinards et de la menthe. Pour un effet de surprise suppl\u00e9mentaire et un meilleur go\u00fbt, nous avons \u00e9galement ajout\u00e9 du persil, de la vanille et une feuille de stevia au presse-agrumes lent. Le r\u00e9sultat est un cocktail vitamin\u00e9 vert que vous n&#8217;oublierez pas de sit\u00f4t !<\/p>\n\n\n\n<div style=\"height:40px\" aria-hidden=\"true\" class=\"wp-block-spacer\"><\/div>\n\n\n\n<h2 class=\"wp-block-heading\" id=\"h-pourquoi-le-jus-de-concombre-est-il-bon-pour-la-sante\"><span class=\"web-mod-tabs__tab-title\">POURQUOI LE JUS DE CONCOMBRE EST-IL BON POUR LA SANT\u00c9 ?<\/span><\/h2>\n\n\n\n<div style=\"height:20px\" aria-hidden=\"true\" class=\"wp-block-spacer\"><\/div>\n\n\n\n<p>Ce jus super vert et frais vous donne une nouvelle \u00e9nergie. Il est riche en vitamines et min\u00e9raux qui soutiennent vos niveaux d&#8217;\u00e9nergie, tels que les vitamines B et le magn\u00e9sium. Qui aurait pens\u00e9 que le carburant pourrait \u00eatre vert ? Il est temps de vous pr\u00e9senter notre jus de concombre FUEL ! Il se compose de pas moins de 97 % de l\u00e9gumes, d&#8217;herbes et d&#8217;\u00e9pices et est notre jus le plus vert. Le citron est le seul fruit dedans. Vous savez peut-\u00eatre d\u00e9j\u00e0 que le jus de concombre a des bienfaits pour la sant\u00e9. Par exemple, il est riche en \u00e9lectrolytes et en eau, ce qui en fait une source id\u00e9ale d&#8217;hydratation pour votre corps. De plus, il est plein de vitamines et min\u00e9raux. Avec FUEL, nous voulions cr\u00e9er un jus de concombre qui d\u00e9passe toutes les attentes en termes de go\u00fbt et de sant\u00e9. C&#8217;est pourquoi nous avons d\u00e9cid\u00e9 de compl\u00e9ter la recette de ce jus avec du c\u00e9leri, du fenouil, des \u00e9pinards et de la menthe. Pour un effet de surprise suppl\u00e9mentaire et un meilleur go\u00fbt, nous avons \u00e9galement ajout\u00e9 du persil, de la vanille et une feuille de stevia au presse-agrumes lent. Le r\u00e9sultat est un cocktail vitamin\u00e9 vert que vous n&#8217;oublierez pas de sit\u00f4t !<\/p>\n\n\n\n<div style=\"height:40px\" aria-hidden=\"true\" class=\"wp-block-spacer\"><\/div>\n\n\n\n<h2 class=\"wp-block-heading web-mod-bullets__title\" id=\"h-le-gout-de-notre-jus-de-concombre\">LE GO\u00dbT DE NOTRE JUS DE CONCOMBRE<\/h2>\n\n\n\n<div style=\"height:20px\" aria-hidden=\"true\" class=\"wp-block-spacer\"><\/div>\n\n\n\n<p>Ce jus est sain et a bon go\u00fbt. Comme on peut s&#8217;y attendre du jus de concombre, notre jus FUEL a un go\u00fbt tr\u00e8s vert, frais et revigorant gr\u00e2ce au concombre, au c\u00e9leri et aux \u00e9pinards. La menthe et le citron procurent une sensation de picotement, tandis que le fenouil, la vanille et la feuille de stevia verte ajoutent une note sucr\u00e9e. La carotte blanche et le panais le rendent un peu plus cr\u00e9meux et plus ferme, tandis que le chou chinois et le persil apportent une touche l\u00e9g\u00e8rement piquante et am\u00e8re. Vous devrez peut-\u00eatre vous habituer \u00e0 cette combinaison de saveurs sp\u00e9ciale, mais la sensation rafra\u00eechissante que vous ressentez rend ce jus de concombre agr\u00e9able \u00e0 boire ! <\/p>\n\n\n\n<p><\/p>\n\n\n\n<p>Nos jus sont un excellent ajout dans le cadre d&#8217;une alimentation vari\u00e9e, \u00e9quilibr\u00e9e et d&#8217;un mode de vie sain.<\/p>\n","protected":false},"excerpt":{"rendered":"<p>Jus avec 97 % de l\u00e9gumes !<\/p>\n","protected":false},"featured_media":28925,"comment_status":"open","ping_status":"closed","template":"","meta":{"_acf_changed":false,"_gspb_post_css":""},"product_brand":[],"product_cat":[720],"product_tag":[866],"class_list":{"0":"post-29216","1":"product","2":"type-product","3":"status-publish","4":"has-post-thumbnail","6":"product_cat-jus","7":"product_tag-import-2","8":"has-subscription-plans","10":"first","11":"instock","12":"sale","13":"taxable","14":"shipping-taxable","15":"purchasable","16":"product-type-simple"},"bundled_by":[],"bundle_stock_status":"instock","bundle_stock_quantity":null,"bundle_virtual":false,"bundle_layout":"","bundle_add_to_cart_form_location":"","bundle_editable_in_cart":false,"bundle_sold_individually_context":"","bundle_item_grouping":"","bundle_min_size":"","bundle_max_size":"","bundle_price":[],"bundled_items":[],"bundle_sell_ids":[],"acf":[],"yoast_head":"<!-- This site is optimized with the Yoast SEO Premium plugin v25.5 (Yoast SEO v25.5) - https:\/\/yoast.com\/wordpress\/plugins\/seo\/ -->\n<title>Fuel Jus - Justy<\/title>\n<meta name=\"description\" content=\"Fuel Jus - Jus avec 97 % de l\u00e9gumes ! ? Concombre, Carotte blanche, Panais, Fenouil, \u00c9pinards... 240 ml\" \/>\n<meta name=\"robots\" content=\"index, follow, max-snippet:-1, max-image-preview:large, max-video-preview:-1\" \/>\n<link rel=\"canonical\" href=\"https:\/\/www.justy.bio\/fr\/shop\/jus\/fuel-jus\/\" \/>\n<meta property=\"og:locale\" content=\"fr_FR\" \/>\n<meta property=\"og:type\" content=\"article\" \/>\n<meta property=\"og:title\" content=\"Fuel Jus - Justy\" \/>\n<meta property=\"og:description\" content=\"Fuel Jus - Jus avec 97 % de l\u00e9gumes ! ? Concombre, Carotte blanche, Panais, Fenouil, \u00c9pinards... 240 ml\" \/>\n<meta property=\"og:url\" content=\"https:\/\/www.justy.bio\/fr\/shop\/jus\/fuel-jus\/\" \/>\n<meta property=\"og:site_name\" content=\"Justy\" \/>\n<meta property=\"article:publisher\" content=\"https:\/\/www.facebook.com\/justygoodness\" \/>\n<meta property=\"article:modified_time\" content=\"2025-09-05T15:19:39+00:00\" \/>\n<meta property=\"og:image\" content=\"https:\/\/www.justy.bio\/wp-content\/uploads\/2025\/05\/fuel-3.webp\" \/>\n\t<meta property=\"og:image:width\" content=\"600\" \/>\n\t<meta property=\"og:image:height\" content=\"450\" \/>\n\t<meta property=\"og:image:type\" content=\"image\/webp\" \/>\n<meta name=\"twitter:card\" content=\"summary_large_image\" \/>\n<meta name=\"twitter:label1\" content=\"Prix\" \/>\n\t<meta name=\"twitter:data1\" content=\"&euro;&nbsp;5,40\" \/>\n\t<meta name=\"twitter:label2\" content=\"Disponibilit\u00e9\" \/>\n\t<meta name=\"twitter:data2\" content=\"En stock\" \/>\n<script type=\"application\/ld+json\" class=\"yoast-schema-graph\">{\"@context\":\"https:\/\/schema.org\",\"@graph\":[{\"@type\":\"WebPage\",\"@id\":\"https:\/\/www.justy.bio\/fr\/shop\/jus\/fuel-jus\/\",\"url\":\"https:\/\/www.justy.bio\/fr\/shop\/jus\/fuel-jus\/\",\"name\":\"Fuel Jus - Justy\",\"isPartOf\":{\"@id\":\"https:\/\/www.justy.bio\/fr\/#website\"},\"primaryImageOfPage\":{\"@id\":\"https:\/\/www.justy.bio\/fr\/shop\/jus\/fuel-jus\/#primaryimage\"},\"image\":{\"@id\":\"https:\/\/www.justy.bio\/fr\/shop\/jus\/fuel-jus\/#primaryimage\"},\"thumbnailUrl\":\"https:\/\/www.justy.bio\/wp-content\/uploads\/2025\/05\/fuel-3.webp\",\"datePublished\":\"2025-05-29T15:16:04+00:00\",\"dateModified\":\"2025-09-05T15:19:39+00:00\",\"description\":\"Fuel Jus - Jus avec 97 % de l\u00e9gumes ! ? Concombre, Carotte blanche, Panais, Fenouil, \u00c9pinards... 240 ml\",\"breadcrumb\":{\"@id\":\"https:\/\/www.justy.bio\/fr\/shop\/jus\/fuel-jus\/#breadcrumb\"},\"inLanguage\":\"fr-FR\",\"potentialAction\":[{\"@type\":\"ReadAction\",\"target\":[\"https:\/\/www.justy.bio\/fr\/shop\/jus\/fuel-jus\/\"]}]},{\"@type\":\"ImageObject\",\"inLanguage\":\"fr-FR\",\"@id\":\"https:\/\/www.justy.bio\/fr\/shop\/jus\/fuel-jus\/#primaryimage\",\"url\":\"https:\/\/www.justy.bio\/wp-content\/uploads\/2025\/05\/fuel-3.webp\",\"contentUrl\":\"https:\/\/www.justy.bio\/wp-content\/uploads\/2025\/05\/fuel-3.webp\",\"width\":600,\"height\":450},{\"@type\":\"BreadcrumbList\",\"@id\":\"https:\/\/www.justy.bio\/fr\/shop\/jus\/fuel-jus\/#breadcrumb\",\"itemListElement\":[{\"@type\":\"ListItem\",\"position\":1,\"name\":\"Shop\",\"item\":\"https:\/\/www.justy.bio\/fr\/shop\/\"},{\"@type\":\"ListItem\",\"position\":2,\"name\":\"Fuel Jus\"}]},{\"@type\":\"WebSite\",\"@id\":\"https:\/\/www.justy.bio\/fr\/#website\",\"url\":\"https:\/\/www.justy.bio\/fr\/\",\"name\":\"Justy\",\"description\":\"\",\"publisher\":{\"@id\":\"https:\/\/www.justy.bio\/fr\/#organization\"},\"potentialAction\":[{\"@type\":\"SearchAction\",\"target\":{\"@type\":\"EntryPoint\",\"urlTemplate\":\"https:\/\/www.justy.bio\/fr\/?s={search_term_string}\"},\"query-input\":{\"@type\":\"PropertyValueSpecification\",\"valueRequired\":true,\"valueName\":\"search_term_string\"}}],\"inLanguage\":\"fr-FR\"},{\"@type\":\"Organization\",\"@id\":\"https:\/\/www.justy.bio\/fr\/#organization\",\"name\":\"Justy\",\"url\":\"https:\/\/www.justy.bio\/fr\/\",\"logo\":{\"@type\":\"ImageObject\",\"inLanguage\":\"fr-FR\",\"@id\":\"https:\/\/www.justy.bio\/fr\/#\/schema\/logo\/image\/\",\"url\":\"https:\/\/www.justy.bio\/wp-content\/uploads\/2023\/10\/Logo.png\",\"contentUrl\":\"https:\/\/www.justy.bio\/wp-content\/uploads\/2023\/10\/Logo.png\",\"width\":218,\"height\":218,\"caption\":\"Justy\"},\"image\":{\"@id\":\"https:\/\/www.justy.bio\/fr\/#\/schema\/logo\/image\/\"},\"sameAs\":[\"https:\/\/www.facebook.com\/justygoodness\",\"https:\/\/www.instagram.com\/justygoodness\/\"]}]}<\/script>\n<meta property=\"product:price:amount\" content=\"5.40\" \/>\n<meta property=\"product:price:currency\" content=\"EUR\" \/>\n<meta property=\"og:availability\" content=\"instock\" \/>\n<meta property=\"product:availability\" content=\"instock\" \/>\n<meta property=\"product:retailer_item_id\" content=\"3301005\" \/>\n<meta property=\"product:condition\" content=\"new\" \/>\n<!-- \/ Yoast SEO Premium plugin. -->","yoast_head_json":{"title":"Fuel Jus - Justy","description":"Fuel Jus - Jus avec 97 % de l\u00e9gumes ! ? Concombre, Carotte blanche, Panais, Fenouil, \u00c9pinards... 240 ml","robots":{"index":"index","follow":"follow","max-snippet":"max-snippet:-1","max-image-preview":"max-image-preview:large","max-video-preview":"max-video-preview:-1"},"canonical":"https:\/\/www.justy.bio\/fr\/shop\/jus\/fuel-jus\/","og_locale":"fr_FR","og_type":"article","og_title":"Fuel Jus - Justy","og_description":"Fuel Jus - Jus avec 97 % de l\u00e9gumes ! ? Concombre, Carotte blanche, Panais, Fenouil, \u00c9pinards... 240 ml","og_url":"https:\/\/www.justy.bio\/fr\/shop\/jus\/fuel-jus\/","og_site_name":"Justy","article_publisher":"https:\/\/www.facebook.com\/justygoodness","article_modified_time":"2025-09-05T15:19:39+00:00","og_image":[{"width":600,"height":450,"url":"https:\/\/www.justy.bio\/wp-content\/uploads\/2025\/05\/fuel-3.webp","type":"image\/webp"}],"twitter_card":"summary_large_image","twitter_misc":{"Prix":"&euro;&nbsp;5,40","Disponibilit\u00e9":"En stock"},"schema":{"@context":"https:\/\/schema.org","@graph":[{"@type":"WebPage","@id":"https:\/\/www.justy.bio\/fr\/shop\/jus\/fuel-jus\/","url":"https:\/\/www.justy.bio\/fr\/shop\/jus\/fuel-jus\/","name":"Fuel Jus - Justy","isPartOf":{"@id":"https:\/\/www.justy.bio\/fr\/#website"},"primaryImageOfPage":{"@id":"https:\/\/www.justy.bio\/fr\/shop\/jus\/fuel-jus\/#primaryimage"},"image":{"@id":"https:\/\/www.justy.bio\/fr\/shop\/jus\/fuel-jus\/#primaryimage"},"thumbnailUrl":"https:\/\/www.justy.bio\/wp-content\/uploads\/2025\/05\/fuel-3.webp","datePublished":"2025-05-29T15:16:04+00:00","dateModified":"2025-09-05T15:19:39+00:00","description":"Fuel Jus - Jus avec 97 % de l\u00e9gumes ! ? Concombre, Carotte blanche, Panais, Fenouil, \u00c9pinards... 240 ml","breadcrumb":{"@id":"https:\/\/www.justy.bio\/fr\/shop\/jus\/fuel-jus\/#breadcrumb"},"inLanguage":"fr-FR","potentialAction":[{"@type":"ReadAction","target":["https:\/\/www.justy.bio\/fr\/shop\/jus\/fuel-jus\/"]}]},{"@type":"ImageObject","inLanguage":"fr-FR","@id":"https:\/\/www.justy.bio\/fr\/shop\/jus\/fuel-jus\/#primaryimage","url":"https:\/\/www.justy.bio\/wp-content\/uploads\/2025\/05\/fuel-3.webp","contentUrl":"https:\/\/www.justy.bio\/wp-content\/uploads\/2025\/05\/fuel-3.webp","width":600,"height":450},{"@type":"BreadcrumbList","@id":"https:\/\/www.justy.bio\/fr\/shop\/jus\/fuel-jus\/#breadcrumb","itemListElement":[{"@type":"ListItem","position":1,"name":"Shop","item":"https:\/\/www.justy.bio\/fr\/shop\/"},{"@type":"ListItem","position":2,"name":"Fuel Jus"}]},{"@type":"WebSite","@id":"https:\/\/www.justy.bio\/fr\/#website","url":"https:\/\/www.justy.bio\/fr\/","name":"Justy","description":"","publisher":{"@id":"https:\/\/www.justy.bio\/fr\/#organization"},"potentialAction":[{"@type":"SearchAction","target":{"@type":"EntryPoint","urlTemplate":"https:\/\/www.justy.bio\/fr\/?s={search_term_string}"},"query-input":{"@type":"PropertyValueSpecification","valueRequired":true,"valueName":"search_term_string"}}],"inLanguage":"fr-FR"},{"@type":"Organization","@id":"https:\/\/www.justy.bio\/fr\/#organization","name":"Justy","url":"https:\/\/www.justy.bio\/fr\/","logo":{"@type":"ImageObject","inLanguage":"fr-FR","@id":"https:\/\/www.justy.bio\/fr\/#\/schema\/logo\/image\/","url":"https:\/\/www.justy.bio\/wp-content\/uploads\/2023\/10\/Logo.png","contentUrl":"https:\/\/www.justy.bio\/wp-content\/uploads\/2023\/10\/Logo.png","width":218,"height":218,"caption":"Justy"},"image":{"@id":"https:\/\/www.justy.bio\/fr\/#\/schema\/logo\/image\/"},"sameAs":["https:\/\/www.facebook.com\/justygoodness","https:\/\/www.instagram.com\/justygoodness\/"]}]},"product_price_amount":"5.40","product_price_currency":"EUR","og_availability":"instock","product_availability":"instock","product_retailer_item_id":"3301005","product_condition":"new"},"_links":{"self":[{"href":"https:\/\/www.justy.bio\/fr\/wp-json\/wp\/v2\/product\/29216","targetHints":{"allow":["GET"]}}],"collection":[{"href":"https:\/\/www.justy.bio\/fr\/wp-json\/wp\/v2\/product"}],"about":[{"href":"https:\/\/www.justy.bio\/fr\/wp-json\/wp\/v2\/types\/product"}],"replies":[{"embeddable":true,"href":"https:\/\/www.justy.bio\/fr\/wp-json\/wp\/v2\/comments?post=29216"}],"wp:featuredmedia":[{"embeddable":true,"href":"https:\/\/www.justy.bio\/fr\/wp-json\/wp\/v2\/media\/28925"}],"wp:attachment":[{"href":"https:\/\/www.justy.bio\/fr\/wp-json\/wp\/v2\/media?parent=29216"}],"wp:term":[{"taxonomy":"product_brand","embeddable":true,"href":"https:\/\/www.justy.bio\/fr\/wp-json\/wp\/v2\/product_brand?post=29216"},{"taxonomy":"product_cat","embeddable":true,"href":"https:\/\/www.justy.bio\/fr\/wp-json\/wp\/v2\/product_cat?post=29216"},{"taxonomy":"product_tag","embeddable":true,"href":"https:\/\/www.justy.bio\/fr\/wp-json\/wp\/v2\/product_tag?post=29216"}],"curies":[{"name":"wp","href":"https:\/\/api.w.org\/{rel}","templated":true}]}}