{"id":29217,"date":"2025-05-29T17:16:06","date_gmt":"2025-05-29T15:16:06","guid":{"rendered":"https:\/\/www.justy.de\/?post_type=product&#038;p=29217"},"modified":"2025-09-05T15:50:32","modified_gmt":"2025-09-05T13:50:32","slug":"kick-jus","status":"publish","type":"product","link":"https:\/\/www.justy.bio\/fr\/shop\/jus\/kick-jus\/","title":{"rendered":"Kick Jus"},"content":{"rendered":"<h3>Donnez un coup de pouce \u00e0 votre journ\u00e9e avec ce jus de curcuma acidul\u00e9.<\/h3>\n<div id=\"\" class=\"web-mod-tabs web-mod-tabs--is-horizontal  js-mod-tabs\">\n<div class=\"u-center-page\">\n<div class=\"web-mod-tabs__tab-content js-mod-tabs__tabs-content\">\n<div id=\"tab8080-1\" class=\"web-mod-tabs__tab-content-item js-mod-tabs__tab-content-item tab-mobile\">\n<div class=\"web-mod-tabs__content\">\n<section id=\"\" class=\"web-mod-gvml  \">\n<div class=\"web-u-gvml\">\n<p>Le jus KICK contient du curcuma frais avec du poivre noir, du gingembre et du citron. Notre jus de curcuma lent est riche en vitamine C, un puissant antioxydant. Cette vitamine soutient votre syst\u00e8me immunitaire, prot\u00e8ge contre les radicaux libres, est b\u00e9n\u00e9fique pour votre m\u00e9moire et contribue \u00e0 un surplus d&#8217;\u00e9nergie en cas de fatigue* ! Vous avez s\u00fbrement remarqu\u00e9 que le curcuma s&#8217;int\u00e8gre bien dans une alimentation saine. De nombreux experts en nutrition nous exhortent \u00e0 ajouter r\u00e9guli\u00e8rement cette carotte color\u00e9e \u00e0 notre alimentation. Le curcuma frais est meilleur que le curcuma en poudre car le curcuma pur et non transform\u00e9 contient la plupart des nutriments sains. Faire un d\u00e9licieux jus de curcuma biologique sans additifs artificiels nous a sembl\u00e9 si logique. En pressant le jus de curcuma avec le presse-agrumes lent et en le congelant imm\u00e9diatement, nous conservons autant de nutriments sains que possible. C&#8217;est pourquoi vous pouvez acheter du jus de curcuma de la meilleure qualit\u00e9 biologique chez Sapje. Notre boisson au curcuma avec curcuma et poivre noir, gingembre et citron est bien absorb\u00e9e par votre corps et a aussi bon go\u00fbt !<\/p>\n<\/div>\n<\/section>\n<\/div>\n<\/div>\n<\/div>\n<\/div>\n<\/div>\n<div class=\"wp-block-spacer\" style=\"height: 24px\" aria-hidden=\"true\"><\/div>\n<h2><a class=\"web-mod-tabs__link js-mod-tabs__link\" href=\"https:\/\/justy.bio\/fr\/jus-detox\/kick-bio-jus\/#tab8080-2\"><span class=\"web-mod-tabs__tab-title\">POURQUOI LE JUS DE CURCUMA EST-IL BON POUR LA SANT\u00c9 ?<\/span><\/a><\/h2>\n<h3>Boire du jus de curcuma est un excellent moyen de commencer votre journ\u00e9e.<\/h3>\n<p>Notre jus de curcuma frais et 100 % biologique contient beaucoup de vitamine C. Cet antioxydant aide \u00e0 prot\u00e9ger votre corps contre les radicaux libres, soutient votre syst\u00e8me immunitaire et contribue \u00e0 un surplus d&#8217;\u00e9nergie en cas de fatigue. Le curcuma et le gingembre se retrouvent souvent dans les jus sains. Le compos\u00e9 le plus connu dans le curcuma est la curcumine. Le poivre noir a \u00e9t\u00e9 ajout\u00e9 \u00e0 ce jus sp\u00e9cialement pour favoriser l&#8217;absorption de cette substance. Le gingembre est surtout connu pour sa teneur \u00e9lev\u00e9e en ging\u00e9rol. C&#8217;est la substance \u00e0 laquelle la racine de gingembre doit \u00e9galement son go\u00fbt piquant. Le citron donne \u00e0 ce jus une touche rafra\u00eechissante suppl\u00e9mentaire. Le citron, le curcuma, le gingembre et le poivre noir se combinent pour cr\u00e9er une boisson fra\u00eeche et consistante qui vous mettra en marche. Gr\u00e2ce \u00e0 sa forte teneur en vitamine C, ce jus puissant contribue \u00e0 une clart\u00e9 mentale et peut aider \u00e0 r\u00e9duire le manque d&#8217;\u00e9nergie.<\/p>\n<div class=\"wp-block-spacer\" style=\"height: 24px\" aria-hidden=\"true\"><\/div>\n<h2 class=\"web-mod-bullets__title\">LE GO\u00dbT DU JUS DE CURCUMA<\/h2>\n<div class=\"web-mod-bullets__content\">\n<p>Le jus de curcuma \u00e9pic\u00e9 attire imm\u00e9diatement l&#8217;attention avec sa couleur jaune profond, qui provient du curcuma frais (racine de curcuma). Nous pressons ce jus lent avec la peau et tout, tout comme le gingembre et le citron, pour pr\u00e9server de mani\u00e8re optimale les nutriments. D\u00e8s que vous ouvrez la bouteille, vous sentez imm\u00e9diatement un parfum frais d&#8217;agrume. Le go\u00fbt du jus de curcuma est initialement aigre et amer en m\u00eame temps. Cela vous r\u00e9veillera certainement ! Pour adoucir ce go\u00fbt intense, nous avons ajout\u00e9 un peu d&#8217;eau alcaline. En cons\u00e9quence, le coup de fouet r\u00e9el arrive un peu plus tard. Vous pouvez le ressentir par une sensation chaleureuse dans l&#8217;arri\u00e8re de votre gorge, qui commence lentement \u00e0 r\u00e9chauffer tout votre corps. Tout compte fait, vous pouvez comparer le go\u00fbt de ce jus de curcuma et gingembre \u00e0 une combinaison de citron amer, de tonic et de ginger ale. Mais contrairement \u00e0 ces boissons gazeuses, notre jus de curcuma est sain ! \u00ab Nos jus sont un excellent compl\u00e9ment dans le cadre d&#8217;une alimentation vari\u00e9e, \u00e9quilibr\u00e9e et d&#8217;un mode de vie sain. \u00bb<\/p>\n<\/div>\n","protected":false},"excerpt":{"rendered":"<p>Aide \u00e0 lutter contre la fatigue<\/p>\n","protected":false},"featured_media":28968,"comment_status":"open","ping_status":"closed","template":"","meta":{"_acf_changed":false,"_gspb_post_css":""},"product_brand":[],"product_cat":[720],"product_tag":[866],"class_list":{"0":"post-29217","1":"product","2":"type-product","3":"status-publish","4":"has-post-thumbnail","6":"product_cat-jus","7":"product_tag-import-2","8":"has-subscription-plans","10":"first","11":"instock","12":"sale","13":"taxable","14":"shipping-taxable","15":"purchasable","16":"product-type-simple"},"bundled_by":[],"bundle_stock_status":"instock","bundle_stock_quantity":null,"bundle_virtual":false,"bundle_layout":"","bundle_add_to_cart_form_location":"","bundle_editable_in_cart":false,"bundle_sold_individually_context":"","bundle_item_grouping":"","bundle_min_size":"","bundle_max_size":"","bundle_price":[],"bundled_items":[],"bundle_sell_ids":[],"acf":[],"yoast_head":"<!-- This site is optimized with the Yoast SEO Premium plugin v25.5 (Yoast SEO v25.5) - https:\/\/yoast.com\/wordpress\/plugins\/seo\/ -->\n<title>Kick Jus - Justy<\/title>\n<meta name=\"description\" content=\"Kick Jus - Aide \u00e0 lutter contre la fatigue ? Eau, Citron, Curcuma, Gingembre et Poivre Noir. 240 ml\" \/>\n<meta name=\"robots\" content=\"index, follow, max-snippet:-1, max-image-preview:large, max-video-preview:-1\" \/>\n<link rel=\"canonical\" href=\"https:\/\/www.justy.bio\/fr\/shop\/jus\/kick-jus\/\" \/>\n<meta property=\"og:locale\" content=\"fr_FR\" \/>\n<meta property=\"og:type\" content=\"article\" \/>\n<meta property=\"og:title\" content=\"Kick Jus - Justy\" \/>\n<meta property=\"og:description\" content=\"Kick Jus - Aide \u00e0 lutter contre la fatigue ? Eau, Citron, Curcuma, Gingembre et Poivre Noir. 240 ml\" \/>\n<meta property=\"og:url\" content=\"https:\/\/www.justy.bio\/fr\/shop\/jus\/kick-jus\/\" \/>\n<meta property=\"og:site_name\" content=\"Justy\" \/>\n<meta property=\"article:publisher\" content=\"https:\/\/www.facebook.com\/justygoodness\" \/>\n<meta property=\"article:modified_time\" content=\"2025-09-05T13:50:32+00:00\" \/>\n<meta property=\"og:image\" content=\"https:\/\/www.justy.bio\/wp-content\/uploads\/2025\/05\/kick-3.webp\" \/>\n\t<meta property=\"og:image:width\" content=\"600\" \/>\n\t<meta property=\"og:image:height\" content=\"450\" \/>\n\t<meta property=\"og:image:type\" content=\"image\/webp\" \/>\n<meta name=\"twitter:card\" content=\"summary_large_image\" \/>\n<meta name=\"twitter:label1\" content=\"Prix\" \/>\n\t<meta name=\"twitter:data1\" content=\"&euro;&nbsp;5,40\" \/>\n\t<meta name=\"twitter:label2\" content=\"Disponibilit\u00e9\" \/>\n\t<meta name=\"twitter:data2\" content=\"En stock\" \/>\n<script type=\"application\/ld+json\" class=\"yoast-schema-graph\">{\"@context\":\"https:\/\/schema.org\",\"@graph\":[{\"@type\":\"WebPage\",\"@id\":\"https:\/\/www.justy.bio\/fr\/shop\/jus\/kick-jus\/\",\"url\":\"https:\/\/www.justy.bio\/fr\/shop\/jus\/kick-jus\/\",\"name\":\"Kick Jus - Justy\",\"isPartOf\":{\"@id\":\"https:\/\/www.justy.bio\/fr\/#website\"},\"primaryImageOfPage\":{\"@id\":\"https:\/\/www.justy.bio\/fr\/shop\/jus\/kick-jus\/#primaryimage\"},\"image\":{\"@id\":\"https:\/\/www.justy.bio\/fr\/shop\/jus\/kick-jus\/#primaryimage\"},\"thumbnailUrl\":\"https:\/\/www.justy.bio\/wp-content\/uploads\/2025\/05\/kick-3.webp\",\"datePublished\":\"2025-05-29T15:16:06+00:00\",\"dateModified\":\"2025-09-05T13:50:32+00:00\",\"description\":\"Kick Jus - Aide \u00e0 lutter contre la fatigue ? Eau, Citron, Curcuma, Gingembre et Poivre Noir. 240 ml\",\"breadcrumb\":{\"@id\":\"https:\/\/www.justy.bio\/fr\/shop\/jus\/kick-jus\/#breadcrumb\"},\"inLanguage\":\"fr-FR\",\"potentialAction\":[{\"@type\":\"ReadAction\",\"target\":[\"https:\/\/www.justy.bio\/fr\/shop\/jus\/kick-jus\/\"]}]},{\"@type\":\"ImageObject\",\"inLanguage\":\"fr-FR\",\"@id\":\"https:\/\/www.justy.bio\/fr\/shop\/jus\/kick-jus\/#primaryimage\",\"url\":\"https:\/\/www.justy.bio\/wp-content\/uploads\/2025\/05\/kick-3.webp\",\"contentUrl\":\"https:\/\/www.justy.bio\/wp-content\/uploads\/2025\/05\/kick-3.webp\",\"width\":600,\"height\":450},{\"@type\":\"BreadcrumbList\",\"@id\":\"https:\/\/www.justy.bio\/fr\/shop\/jus\/kick-jus\/#breadcrumb\",\"itemListElement\":[{\"@type\":\"ListItem\",\"position\":1,\"name\":\"Shop\",\"item\":\"https:\/\/www.justy.bio\/fr\/shop\/\"},{\"@type\":\"ListItem\",\"position\":2,\"name\":\"Kick Jus\"}]},{\"@type\":\"WebSite\",\"@id\":\"https:\/\/www.justy.bio\/fr\/#website\",\"url\":\"https:\/\/www.justy.bio\/fr\/\",\"name\":\"Justy\",\"description\":\"\",\"publisher\":{\"@id\":\"https:\/\/www.justy.bio\/fr\/#organization\"},\"potentialAction\":[{\"@type\":\"SearchAction\",\"target\":{\"@type\":\"EntryPoint\",\"urlTemplate\":\"https:\/\/www.justy.bio\/fr\/?s={search_term_string}\"},\"query-input\":{\"@type\":\"PropertyValueSpecification\",\"valueRequired\":true,\"valueName\":\"search_term_string\"}}],\"inLanguage\":\"fr-FR\"},{\"@type\":\"Organization\",\"@id\":\"https:\/\/www.justy.bio\/fr\/#organization\",\"name\":\"Justy\",\"url\":\"https:\/\/www.justy.bio\/fr\/\",\"logo\":{\"@type\":\"ImageObject\",\"inLanguage\":\"fr-FR\",\"@id\":\"https:\/\/www.justy.bio\/fr\/#\/schema\/logo\/image\/\",\"url\":\"https:\/\/www.justy.bio\/wp-content\/uploads\/2023\/10\/Logo.png\",\"contentUrl\":\"https:\/\/www.justy.bio\/wp-content\/uploads\/2023\/10\/Logo.png\",\"width\":218,\"height\":218,\"caption\":\"Justy\"},\"image\":{\"@id\":\"https:\/\/www.justy.bio\/fr\/#\/schema\/logo\/image\/\"},\"sameAs\":[\"https:\/\/www.facebook.com\/justygoodness\",\"https:\/\/www.instagram.com\/justygoodness\/\"]}]}<\/script>\n<meta property=\"product:price:amount\" content=\"5.40\" \/>\n<meta property=\"product:price:currency\" content=\"EUR\" \/>\n<meta property=\"og:availability\" content=\"instock\" \/>\n<meta property=\"product:availability\" content=\"instock\" \/>\n<meta property=\"product:retailer_item_id\" content=\"3301007\" \/>\n<meta property=\"product:condition\" content=\"new\" \/>\n<!-- \/ Yoast SEO Premium plugin. -->","yoast_head_json":{"title":"Kick Jus - Justy","description":"Kick Jus - Aide \u00e0 lutter contre la fatigue ? Eau, Citron, Curcuma, Gingembre et Poivre Noir. 240 ml","robots":{"index":"index","follow":"follow","max-snippet":"max-snippet:-1","max-image-preview":"max-image-preview:large","max-video-preview":"max-video-preview:-1"},"canonical":"https:\/\/www.justy.bio\/fr\/shop\/jus\/kick-jus\/","og_locale":"fr_FR","og_type":"article","og_title":"Kick Jus - Justy","og_description":"Kick Jus - Aide \u00e0 lutter contre la fatigue ? Eau, Citron, Curcuma, Gingembre et Poivre Noir. 240 ml","og_url":"https:\/\/www.justy.bio\/fr\/shop\/jus\/kick-jus\/","og_site_name":"Justy","article_publisher":"https:\/\/www.facebook.com\/justygoodness","article_modified_time":"2025-09-05T13:50:32+00:00","og_image":[{"width":600,"height":450,"url":"https:\/\/www.justy.bio\/wp-content\/uploads\/2025\/05\/kick-3.webp","type":"image\/webp"}],"twitter_card":"summary_large_image","twitter_misc":{"Prix":"&euro;&nbsp;5,40","Disponibilit\u00e9":"En stock"},"schema":{"@context":"https:\/\/schema.org","@graph":[{"@type":"WebPage","@id":"https:\/\/www.justy.bio\/fr\/shop\/jus\/kick-jus\/","url":"https:\/\/www.justy.bio\/fr\/shop\/jus\/kick-jus\/","name":"Kick Jus - Justy","isPartOf":{"@id":"https:\/\/www.justy.bio\/fr\/#website"},"primaryImageOfPage":{"@id":"https:\/\/www.justy.bio\/fr\/shop\/jus\/kick-jus\/#primaryimage"},"image":{"@id":"https:\/\/www.justy.bio\/fr\/shop\/jus\/kick-jus\/#primaryimage"},"thumbnailUrl":"https:\/\/www.justy.bio\/wp-content\/uploads\/2025\/05\/kick-3.webp","datePublished":"2025-05-29T15:16:06+00:00","dateModified":"2025-09-05T13:50:32+00:00","description":"Kick Jus - Aide \u00e0 lutter contre la fatigue ? Eau, Citron, Curcuma, Gingembre et Poivre Noir. 240 ml","breadcrumb":{"@id":"https:\/\/www.justy.bio\/fr\/shop\/jus\/kick-jus\/#breadcrumb"},"inLanguage":"fr-FR","potentialAction":[{"@type":"ReadAction","target":["https:\/\/www.justy.bio\/fr\/shop\/jus\/kick-jus\/"]}]},{"@type":"ImageObject","inLanguage":"fr-FR","@id":"https:\/\/www.justy.bio\/fr\/shop\/jus\/kick-jus\/#primaryimage","url":"https:\/\/www.justy.bio\/wp-content\/uploads\/2025\/05\/kick-3.webp","contentUrl":"https:\/\/www.justy.bio\/wp-content\/uploads\/2025\/05\/kick-3.webp","width":600,"height":450},{"@type":"BreadcrumbList","@id":"https:\/\/www.justy.bio\/fr\/shop\/jus\/kick-jus\/#breadcrumb","itemListElement":[{"@type":"ListItem","position":1,"name":"Shop","item":"https:\/\/www.justy.bio\/fr\/shop\/"},{"@type":"ListItem","position":2,"name":"Kick Jus"}]},{"@type":"WebSite","@id":"https:\/\/www.justy.bio\/fr\/#website","url":"https:\/\/www.justy.bio\/fr\/","name":"Justy","description":"","publisher":{"@id":"https:\/\/www.justy.bio\/fr\/#organization"},"potentialAction":[{"@type":"SearchAction","target":{"@type":"EntryPoint","urlTemplate":"https:\/\/www.justy.bio\/fr\/?s={search_term_string}"},"query-input":{"@type":"PropertyValueSpecification","valueRequired":true,"valueName":"search_term_string"}}],"inLanguage":"fr-FR"},{"@type":"Organization","@id":"https:\/\/www.justy.bio\/fr\/#organization","name":"Justy","url":"https:\/\/www.justy.bio\/fr\/","logo":{"@type":"ImageObject","inLanguage":"fr-FR","@id":"https:\/\/www.justy.bio\/fr\/#\/schema\/logo\/image\/","url":"https:\/\/www.justy.bio\/wp-content\/uploads\/2023\/10\/Logo.png","contentUrl":"https:\/\/www.justy.bio\/wp-content\/uploads\/2023\/10\/Logo.png","width":218,"height":218,"caption":"Justy"},"image":{"@id":"https:\/\/www.justy.bio\/fr\/#\/schema\/logo\/image\/"},"sameAs":["https:\/\/www.facebook.com\/justygoodness","https:\/\/www.instagram.com\/justygoodness\/"]}]},"product_price_amount":"5.40","product_price_currency":"EUR","og_availability":"instock","product_availability":"instock","product_retailer_item_id":"3301007","product_condition":"new"},"_links":{"self":[{"href":"https:\/\/www.justy.bio\/fr\/wp-json\/wp\/v2\/product\/29217","targetHints":{"allow":["GET"]}}],"collection":[{"href":"https:\/\/www.justy.bio\/fr\/wp-json\/wp\/v2\/product"}],"about":[{"href":"https:\/\/www.justy.bio\/fr\/wp-json\/wp\/v2\/types\/product"}],"replies":[{"embeddable":true,"href":"https:\/\/www.justy.bio\/fr\/wp-json\/wp\/v2\/comments?post=29217"}],"wp:featuredmedia":[{"embeddable":true,"href":"https:\/\/www.justy.bio\/fr\/wp-json\/wp\/v2\/media\/28968"}],"wp:attachment":[{"href":"https:\/\/www.justy.bio\/fr\/wp-json\/wp\/v2\/media?parent=29217"}],"wp:term":[{"taxonomy":"product_brand","embeddable":true,"href":"https:\/\/www.justy.bio\/fr\/wp-json\/wp\/v2\/product_brand?post=29217"},{"taxonomy":"product_cat","embeddable":true,"href":"https:\/\/www.justy.bio\/fr\/wp-json\/wp\/v2\/product_cat?post=29217"},{"taxonomy":"product_tag","embeddable":true,"href":"https:\/\/www.justy.bio\/fr\/wp-json\/wp\/v2\/product_tag?post=29217"}],"curies":[{"name":"wp","href":"https:\/\/api.w.org\/{rel}","templated":true}]}}