{"id":29218,"date":"2025-05-29T17:16:06","date_gmt":"2025-05-29T15:16:06","guid":{"rendered":"https:\/\/www.justy.de\/?post_type=product&#038;p=29218"},"modified":"2025-09-05T15:45:45","modified_gmt":"2025-09-05T13:45:45","slug":"recover-jus","status":"publish","type":"product","link":"https:\/\/www.justy.bio\/fr\/shop\/jus\/recover-jus\/","title":{"rendered":"Recover Jus"},"content":{"rendered":"<h3>Ce jus de betterave et de cerise aigre sans sucres ajout\u00e9s est sain gr\u00e2ce \u00e0 une belle combinaison de vitamines, de min\u00e9raux et d&#8217;antioxydants. Entre autres, il contient beaucoup de potassium, qui est bon pour le fonctionnement de vos muscles.<\/h3>\n<p>Le jus de cerise est une boisson populaire apr\u00e8s l&#8217;exercice. Et ce n&#8217;est pas pour rien. Il contient de nombreux antioxydants, tels que la vitamine C, qui aident votre corps \u00e0 prot\u00e9ger les cellules et les tissus sains. C&#8217;est pourquoi notre jus Recover est principalement compos\u00e9 de jus de cerise. Il s&#8217;agit de jus de cerise aigre sans sucres ajout\u00e9s, qui est compl\u00e8tement naturel. En combinant du jus de cerise biologique avec de la betterave, de la grenade, de la carotte, du curcuma, du poivre noir et d&#8217;autres ingr\u00e9dients sains, nous avons veill\u00e9 \u00e0 ce que ce jus de cerise Recover devienne votre nouveau jus pr\u00e9f\u00e9r\u00e9 apr\u00e8s l&#8217;entra\u00eenement.<\/p>\n<h2><span class=\"web-mod-tabs__tab-title\">POURQUOI NOTRE JUS DE CERISE EST-IL SAIN ?<\/span><\/h2>\n<p>Le jus Recover est biologique, pur et tr\u00e8s sain. Il est non sucr\u00e9 et non sal\u00e9, mais tr\u00e8s savoureux gr\u00e2ce \u00e0 la combinaison sp\u00e9ciale d&#8217;ingr\u00e9dients sains. Ensemble, ils fournissent une belle quantit\u00e9 de vitamines, de min\u00e9raux et d&#8217;antioxydants dans chaque bouteille. Par exemple, le potassium dans ce jus de cerise aide \u00e0 garder vos muscles forts et souples. C&#8217;est particuli\u00e8rement important pour tous ceux qui font r\u00e9guli\u00e8rement du sport ! Le min\u00e9ral potassium a \u00e9galement un effet b\u00e9n\u00e9fique sur la pression art\u00e9rielle. De plus, notre jus de cerise bio contient des antioxydants tels que la vitamine A, la vitamine C, le cuivre et le mangan\u00e8se qui aident votre corps \u00e0 se prot\u00e9ger contre les radicaux libres. Les belles quantit\u00e9s de vitamine C et de vitamine A dans ce jus garantissent \u00e9galement une bonne r\u00e9sistance. La vitamine B6 et le cuivre soutiennent votre niveau d&#8217;\u00e9nergie et le fer aide au transport normal de l&#8217;oxyg\u00e8ne dans votre corps. Enfin, notre jus de cerise Recover vous assure une hydratation parfaite, ce qui rend ce jus id\u00e9al apr\u00e8s l&#8217;exercice. !<\/p>\n<div class=\"wp-block-spacer\" style=\"height: 24px;\" aria-hidden=\"true\"><\/div>\n<h2 class=\"web-mod-bullets__title\">LE GO\u00dbT DE NOTRE JUS DE CERISE RECOVER<\/h2>\n<div class=\"web-mod-bullets__content\">\n<p>Avec Recover, nous voulions faire un jus de cerise super sain qui soit aussi tr\u00e8s savoureux. En combinant le jus de cerise avec, entre autres, de la grenade, de la carotte, du curcuma, du poivre noir, de la betterave, de l&#8217;orange et de la groseille noire, nous avons r\u00e9ussi \u00e0 le faire. Le jus de cerise aigre obtient un caract\u00e8re plus doux et plus terrestre de la carotte et de la betterave. Le curcuma, le poivre noir, le gingembre et le ginseng fournissent un accent chaud et puissant. L&#8217;orange avec la pelure offre une \u00e9tincelle fra\u00eeche qui vous donne de l&#8217;\u00e9nergie. Voulez-vous \u00e9galement profiter du go\u00fbt et des bienfaits pour la sant\u00e9 de boire du jus de betterave et de cerise apr\u00e8s l&#8217;exercice ? Alors vous devriez certainement commander notre jus Recover !<\/p>\n<p>&#8220;Nos jus sont un excellent compl\u00e9ment dans le cadre d&#8217;une alimentation vari\u00e9e et \u00e9quilibr\u00e9e et d&#8217;un mode de vie sain.&#8221;<\/p>\n<\/div>\n","protected":false},"excerpt":{"rendered":"<p>Bon pour les muscles<\/p>\n","protected":false},"featured_media":28959,"comment_status":"open","ping_status":"closed","template":"","meta":{"_acf_changed":true,"_gspb_post_css":""},"product_brand":[],"product_cat":[720],"product_tag":[866],"class_list":{"0":"post-29218","1":"product","2":"type-product","3":"status-publish","4":"has-post-thumbnail","6":"product_cat-jus","7":"product_tag-import-2","8":"has-subscription-plans","10":"first","11":"instock","12":"sale","13":"taxable","14":"shipping-taxable","15":"purchasable","16":"product-type-simple"},"bundled_by":[],"bundle_stock_status":"instock","bundle_stock_quantity":null,"bundle_virtual":false,"bundle_layout":"","bundle_add_to_cart_form_location":"","bundle_editable_in_cart":false,"bundle_sold_individually_context":"","bundle_item_grouping":"","bundle_min_size":"","bundle_max_size":"","bundle_price":[],"bundled_items":[],"bundle_sell_ids":[],"acf":[],"yoast_head":"<!-- This site is optimized with the Yoast SEO Premium plugin v25.5 (Yoast SEO v25.5) - https:\/\/yoast.com\/wordpress\/plugins\/seo\/ -->\n<title>Recover Jus - Justy<\/title>\n<meta name=\"description\" content=\"Recover Jus - Bon pour les muscles ? Carotte, Betterave rouge, Orange, Grenade, Cerises, Cassis, Curcuma... 240 ml\" \/>\n<meta name=\"robots\" content=\"index, follow, max-snippet:-1, max-image-preview:large, max-video-preview:-1\" \/>\n<link rel=\"canonical\" href=\"https:\/\/www.justy.bio\/fr\/shop\/jus\/recover-jus\/\" \/>\n<meta property=\"og:locale\" content=\"fr_FR\" \/>\n<meta property=\"og:type\" content=\"article\" \/>\n<meta property=\"og:title\" content=\"Recover Jus - Justy\" \/>\n<meta property=\"og:description\" content=\"Recover Jus - Bon pour les muscles ? Carotte, Betterave rouge, Orange, Grenade, Cerises, Cassis, Curcuma... 240 ml\" \/>\n<meta property=\"og:url\" content=\"https:\/\/www.justy.bio\/fr\/shop\/jus\/recover-jus\/\" \/>\n<meta property=\"og:site_name\" content=\"Justy\" \/>\n<meta property=\"article:publisher\" content=\"https:\/\/www.facebook.com\/justygoodness\" \/>\n<meta property=\"article:modified_time\" content=\"2025-09-05T13:45:45+00:00\" \/>\n<meta property=\"og:image\" content=\"https:\/\/www.justy.bio\/wp-content\/uploads\/2025\/05\/recover-3.webp\" \/>\n\t<meta property=\"og:image:width\" content=\"600\" \/>\n\t<meta property=\"og:image:height\" content=\"450\" \/>\n\t<meta property=\"og:image:type\" content=\"image\/webp\" \/>\n<meta name=\"twitter:card\" content=\"summary_large_image\" \/>\n<meta name=\"twitter:label1\" content=\"Prix\" \/>\n\t<meta name=\"twitter:data1\" content=\"&euro;&nbsp;5,40\" \/>\n\t<meta name=\"twitter:label2\" content=\"Disponibilit\u00e9\" \/>\n\t<meta name=\"twitter:data2\" content=\"En stock\" \/>\n<script type=\"application\/ld+json\" class=\"yoast-schema-graph\">{\"@context\":\"https:\/\/schema.org\",\"@graph\":[{\"@type\":\"WebPage\",\"@id\":\"https:\/\/www.justy.bio\/fr\/shop\/jus\/recover-jus\/\",\"url\":\"https:\/\/www.justy.bio\/fr\/shop\/jus\/recover-jus\/\",\"name\":\"Recover Jus - Justy\",\"isPartOf\":{\"@id\":\"https:\/\/www.justy.bio\/fr\/#website\"},\"primaryImageOfPage\":{\"@id\":\"https:\/\/www.justy.bio\/fr\/shop\/jus\/recover-jus\/#primaryimage\"},\"image\":{\"@id\":\"https:\/\/www.justy.bio\/fr\/shop\/jus\/recover-jus\/#primaryimage\"},\"thumbnailUrl\":\"https:\/\/www.justy.bio\/wp-content\/uploads\/2025\/05\/recover-3.webp\",\"datePublished\":\"2025-05-29T15:16:06+00:00\",\"dateModified\":\"2025-09-05T13:45:45+00:00\",\"description\":\"Recover Jus - Bon pour les muscles ? Carotte, Betterave rouge, Orange, Grenade, Cerises, Cassis, Curcuma... 240 ml\",\"breadcrumb\":{\"@id\":\"https:\/\/www.justy.bio\/fr\/shop\/jus\/recover-jus\/#breadcrumb\"},\"inLanguage\":\"fr-FR\",\"potentialAction\":[{\"@type\":\"ReadAction\",\"target\":[\"https:\/\/www.justy.bio\/fr\/shop\/jus\/recover-jus\/\"]}]},{\"@type\":\"ImageObject\",\"inLanguage\":\"fr-FR\",\"@id\":\"https:\/\/www.justy.bio\/fr\/shop\/jus\/recover-jus\/#primaryimage\",\"url\":\"https:\/\/www.justy.bio\/wp-content\/uploads\/2025\/05\/recover-3.webp\",\"contentUrl\":\"https:\/\/www.justy.bio\/wp-content\/uploads\/2025\/05\/recover-3.webp\",\"width\":600,\"height\":450},{\"@type\":\"BreadcrumbList\",\"@id\":\"https:\/\/www.justy.bio\/fr\/shop\/jus\/recover-jus\/#breadcrumb\",\"itemListElement\":[{\"@type\":\"ListItem\",\"position\":1,\"name\":\"Shop\",\"item\":\"https:\/\/www.justy.bio\/fr\/shop\/\"},{\"@type\":\"ListItem\",\"position\":2,\"name\":\"Recover Jus\"}]},{\"@type\":\"WebSite\",\"@id\":\"https:\/\/www.justy.bio\/fr\/#website\",\"url\":\"https:\/\/www.justy.bio\/fr\/\",\"name\":\"Justy\",\"description\":\"\",\"publisher\":{\"@id\":\"https:\/\/www.justy.bio\/fr\/#organization\"},\"potentialAction\":[{\"@type\":\"SearchAction\",\"target\":{\"@type\":\"EntryPoint\",\"urlTemplate\":\"https:\/\/www.justy.bio\/fr\/?s={search_term_string}\"},\"query-input\":{\"@type\":\"PropertyValueSpecification\",\"valueRequired\":true,\"valueName\":\"search_term_string\"}}],\"inLanguage\":\"fr-FR\"},{\"@type\":\"Organization\",\"@id\":\"https:\/\/www.justy.bio\/fr\/#organization\",\"name\":\"Justy\",\"url\":\"https:\/\/www.justy.bio\/fr\/\",\"logo\":{\"@type\":\"ImageObject\",\"inLanguage\":\"fr-FR\",\"@id\":\"https:\/\/www.justy.bio\/fr\/#\/schema\/logo\/image\/\",\"url\":\"https:\/\/www.justy.bio\/wp-content\/uploads\/2023\/10\/Logo.png\",\"contentUrl\":\"https:\/\/www.justy.bio\/wp-content\/uploads\/2023\/10\/Logo.png\",\"width\":218,\"height\":218,\"caption\":\"Justy\"},\"image\":{\"@id\":\"https:\/\/www.justy.bio\/fr\/#\/schema\/logo\/image\/\"},\"sameAs\":[\"https:\/\/www.facebook.com\/justygoodness\",\"https:\/\/www.instagram.com\/justygoodness\/\"]}]}<\/script>\n<meta property=\"product:price:amount\" content=\"5.40\" \/>\n<meta property=\"product:price:currency\" content=\"EUR\" \/>\n<meta property=\"og:availability\" content=\"instock\" \/>\n<meta property=\"product:availability\" content=\"instock\" \/>\n<meta property=\"product:retailer_item_id\" content=\"3301011\" \/>\n<meta property=\"product:condition\" content=\"new\" \/>\n<!-- \/ Yoast SEO Premium plugin. -->","yoast_head_json":{"title":"Recover Jus - Justy","description":"Recover Jus - Bon pour les muscles ? Carotte, Betterave rouge, Orange, Grenade, Cerises, Cassis, Curcuma... 240 ml","robots":{"index":"index","follow":"follow","max-snippet":"max-snippet:-1","max-image-preview":"max-image-preview:large","max-video-preview":"max-video-preview:-1"},"canonical":"https:\/\/www.justy.bio\/fr\/shop\/jus\/recover-jus\/","og_locale":"fr_FR","og_type":"article","og_title":"Recover Jus - Justy","og_description":"Recover Jus - Bon pour les muscles ? Carotte, Betterave rouge, Orange, Grenade, Cerises, Cassis, Curcuma... 240 ml","og_url":"https:\/\/www.justy.bio\/fr\/shop\/jus\/recover-jus\/","og_site_name":"Justy","article_publisher":"https:\/\/www.facebook.com\/justygoodness","article_modified_time":"2025-09-05T13:45:45+00:00","og_image":[{"width":600,"height":450,"url":"https:\/\/www.justy.bio\/wp-content\/uploads\/2025\/05\/recover-3.webp","type":"image\/webp"}],"twitter_card":"summary_large_image","twitter_misc":{"Prix":"&euro;&nbsp;5,40","Disponibilit\u00e9":"En stock"},"schema":{"@context":"https:\/\/schema.org","@graph":[{"@type":"WebPage","@id":"https:\/\/www.justy.bio\/fr\/shop\/jus\/recover-jus\/","url":"https:\/\/www.justy.bio\/fr\/shop\/jus\/recover-jus\/","name":"Recover Jus - Justy","isPartOf":{"@id":"https:\/\/www.justy.bio\/fr\/#website"},"primaryImageOfPage":{"@id":"https:\/\/www.justy.bio\/fr\/shop\/jus\/recover-jus\/#primaryimage"},"image":{"@id":"https:\/\/www.justy.bio\/fr\/shop\/jus\/recover-jus\/#primaryimage"},"thumbnailUrl":"https:\/\/www.justy.bio\/wp-content\/uploads\/2025\/05\/recover-3.webp","datePublished":"2025-05-29T15:16:06+00:00","dateModified":"2025-09-05T13:45:45+00:00","description":"Recover Jus - Bon pour les muscles ? Carotte, Betterave rouge, Orange, Grenade, Cerises, Cassis, Curcuma... 240 ml","breadcrumb":{"@id":"https:\/\/www.justy.bio\/fr\/shop\/jus\/recover-jus\/#breadcrumb"},"inLanguage":"fr-FR","potentialAction":[{"@type":"ReadAction","target":["https:\/\/www.justy.bio\/fr\/shop\/jus\/recover-jus\/"]}]},{"@type":"ImageObject","inLanguage":"fr-FR","@id":"https:\/\/www.justy.bio\/fr\/shop\/jus\/recover-jus\/#primaryimage","url":"https:\/\/www.justy.bio\/wp-content\/uploads\/2025\/05\/recover-3.webp","contentUrl":"https:\/\/www.justy.bio\/wp-content\/uploads\/2025\/05\/recover-3.webp","width":600,"height":450},{"@type":"BreadcrumbList","@id":"https:\/\/www.justy.bio\/fr\/shop\/jus\/recover-jus\/#breadcrumb","itemListElement":[{"@type":"ListItem","position":1,"name":"Shop","item":"https:\/\/www.justy.bio\/fr\/shop\/"},{"@type":"ListItem","position":2,"name":"Recover Jus"}]},{"@type":"WebSite","@id":"https:\/\/www.justy.bio\/fr\/#website","url":"https:\/\/www.justy.bio\/fr\/","name":"Justy","description":"","publisher":{"@id":"https:\/\/www.justy.bio\/fr\/#organization"},"potentialAction":[{"@type":"SearchAction","target":{"@type":"EntryPoint","urlTemplate":"https:\/\/www.justy.bio\/fr\/?s={search_term_string}"},"query-input":{"@type":"PropertyValueSpecification","valueRequired":true,"valueName":"search_term_string"}}],"inLanguage":"fr-FR"},{"@type":"Organization","@id":"https:\/\/www.justy.bio\/fr\/#organization","name":"Justy","url":"https:\/\/www.justy.bio\/fr\/","logo":{"@type":"ImageObject","inLanguage":"fr-FR","@id":"https:\/\/www.justy.bio\/fr\/#\/schema\/logo\/image\/","url":"https:\/\/www.justy.bio\/wp-content\/uploads\/2023\/10\/Logo.png","contentUrl":"https:\/\/www.justy.bio\/wp-content\/uploads\/2023\/10\/Logo.png","width":218,"height":218,"caption":"Justy"},"image":{"@id":"https:\/\/www.justy.bio\/fr\/#\/schema\/logo\/image\/"},"sameAs":["https:\/\/www.facebook.com\/justygoodness","https:\/\/www.instagram.com\/justygoodness\/"]}]},"product_price_amount":"5.40","product_price_currency":"EUR","og_availability":"instock","product_availability":"instock","product_retailer_item_id":"3301011","product_condition":"new"},"_links":{"self":[{"href":"https:\/\/www.justy.bio\/fr\/wp-json\/wp\/v2\/product\/29218","targetHints":{"allow":["GET"]}}],"collection":[{"href":"https:\/\/www.justy.bio\/fr\/wp-json\/wp\/v2\/product"}],"about":[{"href":"https:\/\/www.justy.bio\/fr\/wp-json\/wp\/v2\/types\/product"}],"replies":[{"embeddable":true,"href":"https:\/\/www.justy.bio\/fr\/wp-json\/wp\/v2\/comments?post=29218"}],"wp:featuredmedia":[{"embeddable":true,"href":"https:\/\/www.justy.bio\/fr\/wp-json\/wp\/v2\/media\/28959"}],"wp:attachment":[{"href":"https:\/\/www.justy.bio\/fr\/wp-json\/wp\/v2\/media?parent=29218"}],"wp:term":[{"taxonomy":"product_brand","embeddable":true,"href":"https:\/\/www.justy.bio\/fr\/wp-json\/wp\/v2\/product_brand?post=29218"},{"taxonomy":"product_cat","embeddable":true,"href":"https:\/\/www.justy.bio\/fr\/wp-json\/wp\/v2\/product_cat?post=29218"},{"taxonomy":"product_tag","embeddable":true,"href":"https:\/\/www.justy.bio\/fr\/wp-json\/wp\/v2\/product_tag?post=29218"}],"curies":[{"name":"wp","href":"https:\/\/api.w.org\/{rel}","templated":true}]}}