{"id":29219,"date":"2025-05-29T17:16:05","date_gmt":"2025-05-29T15:16:05","guid":{"rendered":"https:\/\/www.justy.de\/?post_type=product&#038;p=29219"},"modified":"2025-09-05T17:14:48","modified_gmt":"2025-09-05T15:14:48","slug":"power-jus","status":"publish","type":"product","link":"https:\/\/www.justy.bio\/fr\/shop\/jus\/power-jus\/","title":{"rendered":"Power Jus"},"content":{"rendered":"<h3>Boire notre jus de tomate bio est un excellent moyen de commencer votre journ\u00e9e ! Avec une bouteille, vous obtenez plus que l&#8217;apport de r\u00e9f\u00e9rence quotidien en antioxydants vitamine C et vitamine A. Avec les autres vitamines, min\u00e9raux, oligo-\u00e9l\u00e9ments et antioxydants, cela fait du jus Power un cadeau pour votre corps.<\/h3>\n<p>Besoin d&#8217;un peu plus de puissance ? Alors ce jus de tomate bio (l\u00e9g\u00e8rement) \u00e9pic\u00e9 est votre salut. Le go\u00fbt fort vient d&#8217;un m\u00e9lange soigneusement s\u00e9lectionn\u00e9 des meilleurs l\u00e9gumes bio, tels que les tomates, les poivrons et les carottes. Pour donner \u00e0 ce jus de tomate un go\u00fbt d\u00e9licieux sans sel et sans sucre ajout\u00e9, nous avons ajout\u00e9 quelques ingr\u00e9dients excitants \u00e0 la recette de ce jus de tomate, comme la pomme, le citron et la grenade, mais aussi le basilic et les algues. Ceux-ci augmentent \u00e9galement la teneur en nutriments sains de ce jus de tomate bio.<\/p>\n<h2><span class=\"web-mod-tabs__tab-title\">POURQUOI NOTRE JUS DE TOMATE BIO EST-IL SAIN ?<\/span><\/h2>\n<p>Notre jus de tomate bio est sain en raison du beau m\u00e9lange de vitamines, min\u00e9raux, oligo-\u00e9l\u00e9ments et antioxydants qu&#8217;il contient. Les fortes doses de vitamine C naturelle et de vitamine A, par exemple, contribuent \u00e0 une bonne r\u00e9sistance et au maintien d&#8217;une peau saine. La belle quantit\u00e9 de potassium qu&#8217;il contient aide \u00e0 maintenir une pression art\u00e9rielle normale. Ce jus de tomate bio est \u00e9galement riche en cuivre, qui soutient le transport du fer dans votre corps et contribue \u00e0 une bonne r\u00e9sistance. De plus, le cuivre aide \u00e0 prot\u00e9ger vos cellules en tant qu&#8217;antioxydant. La vitamine C et le mangan\u00e8se pr\u00e9sents dans ce jus contribuent encore plus. Les tomates contiennent \u00e9galement du lycop\u00e8ne. C&#8217;est le tissu auquel ces puissances rouges doivent leur couleur frappante. L&#8217;iode naturel des algues fra\u00eeches de ce jus de tomate bio est bon pour le fonctionnement normal de votre glande thyro\u00efde. Vous trouverez tout cela et bien d&#8217;autres nutriments sains dans une bouteille de jus de tomate bio ; purement naturel et sans additifs ! Parce que nous pressons le jus Power avec le presse-agrumes lent et le cong\u00e9lons imm\u00e9diatement, toutes ces propri\u00e9t\u00e9s saines sont pr\u00e9serv\u00e9es de mani\u00e8re optimale.<\/p>\n<div class=\"wp-block-spacer\" style=\"height: 24px;\" aria-hidden=\"true\"><\/div>\n<h2 class=\"web-mod-bullets__title\">LE GO\u00dbT DE NOTRE JUS DE TOMATE BIO<\/h2>\n<div class=\"web-mod-bullets__content\">\n<p>Lors de la fabrication de notre jus de tomate bio, nous avons cherch\u00e9 pendant longtemps le parfait \u00e9quilibre entre doux, \u00e9pic\u00e9 et fort. Si vous regardez le jus de l\u00e9gumes, vous pouvez voir la couleur rouge profonde de la tomate et du poivron. Les tomates et les poivrons pointus se d\u00e9marquent \u00e9galement imm\u00e9diatement lorsque vous ouvrez la bouteille de jus de tomate et que vous le sentez. Vous pouvez \u00e9galement d\u00e9couvrir une touche de basilic. Le go\u00fbt du jus est merveilleusement savoureux, excitant et l\u00e9ger, avec un caract\u00e8re tr\u00e8s individuel. C&#8217;est du jus de tomate bio comme vous ne l&#8217;avez jamais go\u00fbt\u00e9 auparavant. Le go\u00fbt nous rappelle une gazpacho unique. Le basilic apporte une note \u00e9pic\u00e9e et revigorante et la pomme et le citron apportent une touche de fra\u00eecheur. Pendant ce temps, le curcuma et le poivre rouge ajoutent un peu plus d&#8217;\u00e9pices. Les algues Dulse de la mer Celtique donnent au jus de tomate bio un d\u00e9licieux arri\u00e8re-go\u00fbt l\u00e9g\u00e8rement sal\u00e9. Voulez-vous aussi commencer votre journ\u00e9e avec une exp\u00e9rience gustative puissante et polyvalente ? Alors vous devriez certainement commander notre jus Power !<\/p>\n<p>&#8220;Nos jus sont un excellent ajout dans le cadre d&#8217;une alimentation vari\u00e9e, \u00e9quilibr\u00e9e et d&#8217;un mode de vie sain.&#8221;<\/p>\n<\/div>\n","protected":false},"excerpt":{"rendered":"<p>Notre jus de tomate biologique est riche en antioxydants<\/p>\n","protected":false},"featured_media":28939,"comment_status":"open","ping_status":"closed","template":"","meta":{"_acf_changed":false,"_gspb_post_css":""},"product_brand":[],"product_cat":[720],"product_tag":[866],"class_list":{"0":"post-29219","1":"product","2":"type-product","3":"status-publish","4":"has-post-thumbnail","6":"product_cat-jus","7":"product_tag-import-2","8":"has-subscription-plans","10":"first","11":"outofstock","12":"sale","13":"taxable","14":"shipping-taxable","15":"purchasable","16":"product-type-simple"},"bundled_by":[],"bundle_stock_status":"outofstock","bundle_stock_quantity":null,"bundle_virtual":false,"bundle_layout":"","bundle_add_to_cart_form_location":"","bundle_editable_in_cart":false,"bundle_sold_individually_context":"","bundle_item_grouping":"","bundle_min_size":"","bundle_max_size":"","bundle_price":[],"bundled_items":[],"bundle_sell_ids":[],"acf":[],"yoast_head":"<!-- This site is optimized with the Yoast SEO Premium plugin v25.5 (Yoast SEO v25.5) - https:\/\/yoast.com\/wordpress\/plugins\/seo\/ -->\n<title>Power Jus - Justy<\/title>\n<meta name=\"description\" content=\"Power Jus - Notre jus de tomate biologique est riche en antioxydants ? Carotte, Tomate, Poivron rouge, Citron vert, C\u00e9leri, Groseilles, Basilic... 240 ml\" \/>\n<meta name=\"robots\" content=\"index, follow, max-snippet:-1, max-image-preview:large, max-video-preview:-1\" \/>\n<link rel=\"canonical\" href=\"https:\/\/www.justy.bio\/fr\/shop\/jus\/power-jus\/\" \/>\n<meta property=\"og:locale\" content=\"fr_FR\" \/>\n<meta property=\"og:type\" content=\"article\" \/>\n<meta property=\"og:title\" content=\"Power Jus - Justy\" \/>\n<meta property=\"og:description\" content=\"Power Jus - Notre jus de tomate biologique est riche en antioxydants ? Carotte, Tomate, Poivron rouge, Citron vert, C\u00e9leri, Groseilles, Basilic... 240 ml\" \/>\n<meta property=\"og:url\" content=\"https:\/\/www.justy.bio\/fr\/shop\/jus\/power-jus\/\" \/>\n<meta property=\"og:site_name\" content=\"Justy\" \/>\n<meta property=\"article:publisher\" content=\"https:\/\/www.facebook.com\/justygoodness\" \/>\n<meta property=\"article:modified_time\" content=\"2025-09-05T15:14:48+00:00\" \/>\n<meta property=\"og:image\" content=\"https:\/\/www.justy.bio\/wp-content\/uploads\/2025\/05\/power-3.webp\" \/>\n\t<meta property=\"og:image:width\" content=\"600\" \/>\n\t<meta property=\"og:image:height\" content=\"450\" \/>\n\t<meta property=\"og:image:type\" content=\"image\/webp\" \/>\n<meta name=\"twitter:card\" content=\"summary_large_image\" \/>\n<meta name=\"twitter:label1\" content=\"Prix\" \/>\n\t<meta name=\"twitter:data1\" content=\"&euro;&nbsp;5,40\" \/>\n\t<meta name=\"twitter:label2\" content=\"Disponibilit\u00e9\" \/>\n\t<meta name=\"twitter:data2\" content=\"Rupture de stock\" \/>\n<script type=\"application\/ld+json\" class=\"yoast-schema-graph\">{\"@context\":\"https:\/\/schema.org\",\"@graph\":[{\"@type\":\"WebPage\",\"@id\":\"https:\/\/www.justy.bio\/fr\/shop\/jus\/power-jus\/\",\"url\":\"https:\/\/www.justy.bio\/fr\/shop\/jus\/power-jus\/\",\"name\":\"Power Jus - Justy\",\"isPartOf\":{\"@id\":\"https:\/\/www.justy.bio\/fr\/#website\"},\"primaryImageOfPage\":{\"@id\":\"https:\/\/www.justy.bio\/fr\/shop\/jus\/power-jus\/#primaryimage\"},\"image\":{\"@id\":\"https:\/\/www.justy.bio\/fr\/shop\/jus\/power-jus\/#primaryimage\"},\"thumbnailUrl\":\"https:\/\/www.justy.bio\/wp-content\/uploads\/2025\/05\/power-3.webp\",\"datePublished\":\"2025-05-29T15:16:05+00:00\",\"dateModified\":\"2025-09-05T15:14:48+00:00\",\"description\":\"Power Jus - Notre jus de tomate biologique est riche en antioxydants ? Carotte, Tomate, Poivron rouge, Citron vert, C\u00e9leri, Groseilles, Basilic... 240 ml\",\"breadcrumb\":{\"@id\":\"https:\/\/www.justy.bio\/fr\/shop\/jus\/power-jus\/#breadcrumb\"},\"inLanguage\":\"fr-FR\",\"potentialAction\":[{\"@type\":\"ReadAction\",\"target\":[\"https:\/\/www.justy.bio\/fr\/shop\/jus\/power-jus\/\"]}]},{\"@type\":\"ImageObject\",\"inLanguage\":\"fr-FR\",\"@id\":\"https:\/\/www.justy.bio\/fr\/shop\/jus\/power-jus\/#primaryimage\",\"url\":\"https:\/\/www.justy.bio\/wp-content\/uploads\/2025\/05\/power-3.webp\",\"contentUrl\":\"https:\/\/www.justy.bio\/wp-content\/uploads\/2025\/05\/power-3.webp\",\"width\":600,\"height\":450},{\"@type\":\"BreadcrumbList\",\"@id\":\"https:\/\/www.justy.bio\/fr\/shop\/jus\/power-jus\/#breadcrumb\",\"itemListElement\":[{\"@type\":\"ListItem\",\"position\":1,\"name\":\"Shop\",\"item\":\"https:\/\/www.justy.bio\/fr\/shop\/\"},{\"@type\":\"ListItem\",\"position\":2,\"name\":\"Power Jus\"}]},{\"@type\":\"WebSite\",\"@id\":\"https:\/\/www.justy.bio\/fr\/#website\",\"url\":\"https:\/\/www.justy.bio\/fr\/\",\"name\":\"Justy\",\"description\":\"\",\"publisher\":{\"@id\":\"https:\/\/www.justy.bio\/fr\/#organization\"},\"potentialAction\":[{\"@type\":\"SearchAction\",\"target\":{\"@type\":\"EntryPoint\",\"urlTemplate\":\"https:\/\/www.justy.bio\/fr\/?s={search_term_string}\"},\"query-input\":{\"@type\":\"PropertyValueSpecification\",\"valueRequired\":true,\"valueName\":\"search_term_string\"}}],\"inLanguage\":\"fr-FR\"},{\"@type\":\"Organization\",\"@id\":\"https:\/\/www.justy.bio\/fr\/#organization\",\"name\":\"Justy\",\"url\":\"https:\/\/www.justy.bio\/fr\/\",\"logo\":{\"@type\":\"ImageObject\",\"inLanguage\":\"fr-FR\",\"@id\":\"https:\/\/www.justy.bio\/fr\/#\/schema\/logo\/image\/\",\"url\":\"https:\/\/www.justy.bio\/wp-content\/uploads\/2023\/10\/Logo.png\",\"contentUrl\":\"https:\/\/www.justy.bio\/wp-content\/uploads\/2023\/10\/Logo.png\",\"width\":218,\"height\":218,\"caption\":\"Justy\"},\"image\":{\"@id\":\"https:\/\/www.justy.bio\/fr\/#\/schema\/logo\/image\/\"},\"sameAs\":[\"https:\/\/www.facebook.com\/justygoodness\",\"https:\/\/www.instagram.com\/justygoodness\/\"]}]}<\/script>\n<meta property=\"product:price:amount\" content=\"5.40\" \/>\n<meta property=\"product:price:currency\" content=\"EUR\" \/>\n<meta property=\"og:availability\" content=\"out of stock\" \/>\n<meta property=\"product:availability\" content=\"out of stock\" \/>\n<meta property=\"product:retailer_item_id\" content=\"3301008\" \/>\n<meta property=\"product:condition\" content=\"new\" \/>\n<!-- \/ Yoast SEO Premium plugin. -->","yoast_head_json":{"title":"Power Jus - Justy","description":"Power Jus - Notre jus de tomate biologique est riche en antioxydants ? Carotte, Tomate, Poivron rouge, Citron vert, C\u00e9leri, Groseilles, Basilic... 240 ml","robots":{"index":"index","follow":"follow","max-snippet":"max-snippet:-1","max-image-preview":"max-image-preview:large","max-video-preview":"max-video-preview:-1"},"canonical":"https:\/\/www.justy.bio\/fr\/shop\/jus\/power-jus\/","og_locale":"fr_FR","og_type":"article","og_title":"Power Jus - Justy","og_description":"Power Jus - Notre jus de tomate biologique est riche en antioxydants ? Carotte, Tomate, Poivron rouge, Citron vert, C\u00e9leri, Groseilles, Basilic... 240 ml","og_url":"https:\/\/www.justy.bio\/fr\/shop\/jus\/power-jus\/","og_site_name":"Justy","article_publisher":"https:\/\/www.facebook.com\/justygoodness","article_modified_time":"2025-09-05T15:14:48+00:00","og_image":[{"width":600,"height":450,"url":"https:\/\/www.justy.bio\/wp-content\/uploads\/2025\/05\/power-3.webp","type":"image\/webp"}],"twitter_card":"summary_large_image","twitter_misc":{"Prix":"&euro;&nbsp;5,40","Disponibilit\u00e9":"Rupture de stock"},"schema":{"@context":"https:\/\/schema.org","@graph":[{"@type":"WebPage","@id":"https:\/\/www.justy.bio\/fr\/shop\/jus\/power-jus\/","url":"https:\/\/www.justy.bio\/fr\/shop\/jus\/power-jus\/","name":"Power Jus - Justy","isPartOf":{"@id":"https:\/\/www.justy.bio\/fr\/#website"},"primaryImageOfPage":{"@id":"https:\/\/www.justy.bio\/fr\/shop\/jus\/power-jus\/#primaryimage"},"image":{"@id":"https:\/\/www.justy.bio\/fr\/shop\/jus\/power-jus\/#primaryimage"},"thumbnailUrl":"https:\/\/www.justy.bio\/wp-content\/uploads\/2025\/05\/power-3.webp","datePublished":"2025-05-29T15:16:05+00:00","dateModified":"2025-09-05T15:14:48+00:00","description":"Power Jus - Notre jus de tomate biologique est riche en antioxydants ? Carotte, Tomate, Poivron rouge, Citron vert, C\u00e9leri, Groseilles, Basilic... 240 ml","breadcrumb":{"@id":"https:\/\/www.justy.bio\/fr\/shop\/jus\/power-jus\/#breadcrumb"},"inLanguage":"fr-FR","potentialAction":[{"@type":"ReadAction","target":["https:\/\/www.justy.bio\/fr\/shop\/jus\/power-jus\/"]}]},{"@type":"ImageObject","inLanguage":"fr-FR","@id":"https:\/\/www.justy.bio\/fr\/shop\/jus\/power-jus\/#primaryimage","url":"https:\/\/www.justy.bio\/wp-content\/uploads\/2025\/05\/power-3.webp","contentUrl":"https:\/\/www.justy.bio\/wp-content\/uploads\/2025\/05\/power-3.webp","width":600,"height":450},{"@type":"BreadcrumbList","@id":"https:\/\/www.justy.bio\/fr\/shop\/jus\/power-jus\/#breadcrumb","itemListElement":[{"@type":"ListItem","position":1,"name":"Shop","item":"https:\/\/www.justy.bio\/fr\/shop\/"},{"@type":"ListItem","position":2,"name":"Power Jus"}]},{"@type":"WebSite","@id":"https:\/\/www.justy.bio\/fr\/#website","url":"https:\/\/www.justy.bio\/fr\/","name":"Justy","description":"","publisher":{"@id":"https:\/\/www.justy.bio\/fr\/#organization"},"potentialAction":[{"@type":"SearchAction","target":{"@type":"EntryPoint","urlTemplate":"https:\/\/www.justy.bio\/fr\/?s={search_term_string}"},"query-input":{"@type":"PropertyValueSpecification","valueRequired":true,"valueName":"search_term_string"}}],"inLanguage":"fr-FR"},{"@type":"Organization","@id":"https:\/\/www.justy.bio\/fr\/#organization","name":"Justy","url":"https:\/\/www.justy.bio\/fr\/","logo":{"@type":"ImageObject","inLanguage":"fr-FR","@id":"https:\/\/www.justy.bio\/fr\/#\/schema\/logo\/image\/","url":"https:\/\/www.justy.bio\/wp-content\/uploads\/2023\/10\/Logo.png","contentUrl":"https:\/\/www.justy.bio\/wp-content\/uploads\/2023\/10\/Logo.png","width":218,"height":218,"caption":"Justy"},"image":{"@id":"https:\/\/www.justy.bio\/fr\/#\/schema\/logo\/image\/"},"sameAs":["https:\/\/www.facebook.com\/justygoodness","https:\/\/www.instagram.com\/justygoodness\/"]}]},"product_price_amount":"5.40","product_price_currency":"EUR","og_availability":"out of stock","product_availability":"out of stock","product_retailer_item_id":"3301008","product_condition":"new"},"_links":{"self":[{"href":"https:\/\/www.justy.bio\/fr\/wp-json\/wp\/v2\/product\/29219","targetHints":{"allow":["GET"]}}],"collection":[{"href":"https:\/\/www.justy.bio\/fr\/wp-json\/wp\/v2\/product"}],"about":[{"href":"https:\/\/www.justy.bio\/fr\/wp-json\/wp\/v2\/types\/product"}],"replies":[{"embeddable":true,"href":"https:\/\/www.justy.bio\/fr\/wp-json\/wp\/v2\/comments?post=29219"}],"wp:featuredmedia":[{"embeddable":true,"href":"https:\/\/www.justy.bio\/fr\/wp-json\/wp\/v2\/media\/28939"}],"wp:attachment":[{"href":"https:\/\/www.justy.bio\/fr\/wp-json\/wp\/v2\/media?parent=29219"}],"wp:term":[{"taxonomy":"product_brand","embeddable":true,"href":"https:\/\/www.justy.bio\/fr\/wp-json\/wp\/v2\/product_brand?post=29219"},{"taxonomy":"product_cat","embeddable":true,"href":"https:\/\/www.justy.bio\/fr\/wp-json\/wp\/v2\/product_cat?post=29219"},{"taxonomy":"product_tag","embeddable":true,"href":"https:\/\/www.justy.bio\/fr\/wp-json\/wp\/v2\/product_tag?post=29219"}],"curies":[{"name":"wp","href":"https:\/\/api.w.org\/{rel}","templated":true}]}}