{"id":29221,"date":"2025-05-29T17:31:56","date_gmt":"2025-05-29T15:31:56","guid":{"rendered":"https:\/\/www.justy.de\/?post_type=product&#038;p=29221"},"modified":"2025-09-05T14:04:28","modified_gmt":"2025-09-05T12:04:28","slug":"support-jus","status":"publish","type":"product","link":"https:\/\/www.justy.bio\/fr\/shop\/jus\/support-jus\/","title":{"rendered":"Support Jus"},"content":{"rendered":"\n<h3 class=\"wp-block-heading\" id=\"h-le-jus-de-soutien-se-compose-entierement-de-jus-de-celeri-biologique-avec-du-citron-presse-avec-un-extracteur-de-jus-lent-puis-congele-riche-en-vitamines-et-mineraux-naturels-qui-soutiennent-votre-systeme-immunitaire-tels-que-la-vitamine-c-la-vitamine-b6-et-l-acide-folique\">Le jus de soutien se compose enti\u00e8rement de jus de c\u00e9leri biologique avec du citron, press\u00e9 avec un extracteur de jus lent puis congel\u00e9. Riche en vitamines et min\u00e9raux naturels qui soutiennent votre syst\u00e8me immunitaire, tels que la vitamine C, la vitamine B6 et l&#8217;acide folique. <\/h3>\n\n\n\n<p><\/p>\n\n\n\n<p>Le jus de c\u00e9leri est un excellent moyen de soutenir naturellement votre sant\u00e9. Tout d&#8217;abord, le jus de c\u00e9leri est sain car il est riche en vitamines et min\u00e9raux qui ont une influence positive sur votre syst\u00e8me immunitaire, tels que les vitamines C, A et B6, l&#8217;acide folique et le cuivre. De plus, les tiges de c\u00e9leri vert contiennent de nombreux antioxydants, notamment la vitamine B2 et le mangan\u00e8se. Ceux-ci aident \u00e0 prot\u00e9ger vos cellules et vos tissus contre les influences externes.<\/p>\n\n\n\n<p><\/p>\n\n\n\n<p><\/p>\n\n\n\n<h2 class=\"wp-block-heading\" id=\"h-pourquoi-notre-jus-de-celeri-est-il-sain\">POURQUOI NOTRE JUS DE C\u00c9LERI EST-IL SAIN ?<\/h2>\n\n\n\n<p>Beaucoup a \u00e9t\u00e9 \u00e9crit sur les bienfaits du jus de c\u00e9leri ces derniers temps. Nous pensons que c&#8217;est tout \u00e0 fait juste. Comme vous pouvez le voir ci-dessous, notre Jus de C\u00e9leri Biologique avec Citron est riche en diverses vitamines et min\u00e9raux. Avec une bouteille de jus de soutien, vous obtenez imm\u00e9diatement plus que l&#8217;apport de r\u00e9f\u00e9rence en vitamines C, A et K. La vitamine K favorise la coagulation du sang et aide \u00e0 maintenir vos os solides. La vitamine A est importante pour votre peau et a une influence positive sur votre syst\u00e8me immunitaire. La vitamine C dans notre jus de c\u00e9leri frais soutient votre r\u00e9sistance et prot\u00e8ge votre corps contre les radicaux libres. Vous obtenez plus de la moiti\u00e9 de votre dose quotidienne de potassium avec ce jus de c\u00e9leri. C&#8217;est bon pour la pression art\u00e9rielle et le fonctionnement de vos muscles et nerfs. Comme si cela ne suffisait pas, le jus de soutien contient \u00e9galement plus de 20 % de l&#8217;apport de r\u00e9f\u00e9rence en vitamines B1, B2 et B6, en cuivre, en mangan\u00e8se, en acide folique et en phosphore. Enfin, notre jus de c\u00e9leri contribue agr\u00e9ablement \u00e0 votre apport quotidien en l\u00e9gumes. La recommandation g\u00e9n\u00e9rale est de manger au moins 250 grammes de l\u00e9gumes par jour. Avec nos jus, vous en avez d\u00e9j\u00e0 une bonne partie. Qui aurait pens\u00e9 que quelque chose d&#8217;aussi simple que le jus de c\u00e9leri pouvait \u00eatre si sain ? Parce que nous cong\u00e9lons notre jus de c\u00e9leri \u00e0 pression lente, ses propri\u00e9t\u00e9s saines sont pr\u00e9serv\u00e9es de mani\u00e8re optimale.<\/p>\n\n\n\n<p><\/p>\n\n\n\n<p><\/p>\n\n\n\n<h2 class=\"wp-block-heading\" id=\"h-le-gout-du-jus-de-celeri\">LE GO\u00dbT DU JUS DE C\u00c9LERI<\/h2>\n\n\n\n<p>Soyons honn\u00eates : vous buvez principalement du jus de c\u00e9leri parce que c&#8217;est sain. Vos papilles gustatives peuvent devoir s&#8217;habituer au go\u00fbt sal\u00e9 et quelque peu amer du jus de c\u00e9leri. C&#8217;est pourquoi nous avons ajout\u00e9 un peu de citron avec la peau lorsque nous avons pr\u00e9par\u00e9 ce jus de c\u00e9leri \u00e0 pression lente. Cela apporte une \u00e9tincelle fra\u00eeche et revigorante et quelques vitamines suppl\u00e9mentaires. Voulez-vous \u00e9galement profiter des nombreux avantages du jus de c\u00e9leri avec du citron ? Alors commander du jus de c\u00e9leri biologique est si sain. Sinon, vous courez le risque d&#8217;ing\u00e9rer beaucoup de pesticides. D\u00e9couvrez la qualit\u00e9 pure du jus de soutien et soutenez votre sant\u00e9 de mani\u00e8re naturelle. <\/p>\n\n\n\n<p><\/p>\n\n\n\n<p>&#8220;Nos jus sont un excellent compl\u00e9ment dans le cadre d&#8217;une alimentation vari\u00e9e, \u00e9quilibr\u00e9e et d&#8217;un mode de vie sain.&#8221;<br><\/p>\n","protected":false},"excerpt":{"rendered":"<div class=\"new_product__header_top\">\n<p class=\"product_subtitle\">Le jus de c\u00e9leri est bon pour le syst\u00e8me immunitaire ?<\/p>\n<\/div>\n","protected":false},"featured_media":29263,"comment_status":"open","ping_status":"closed","template":"","meta":{"_acf_changed":false,"_gspb_post_css":""},"product_brand":[],"product_cat":[720],"product_tag":[866],"class_list":{"0":"post-29221","1":"product","2":"type-product","3":"status-publish","4":"has-post-thumbnail","6":"product_cat-jus","7":"product_tag-import-2","8":"has-subscription-plans","10":"first","11":"instock","12":"sale","13":"taxable","14":"shipping-taxable","15":"purchasable","16":"product-type-simple"},"bundled_by":[],"bundle_stock_status":"instock","bundle_stock_quantity":null,"bundle_virtual":false,"bundle_layout":"","bundle_add_to_cart_form_location":"","bundle_editable_in_cart":false,"bundle_sold_individually_context":"","bundle_item_grouping":"","bundle_min_size":"","bundle_max_size":"","bundle_price":[],"bundled_items":[],"bundle_sell_ids":[],"acf":[],"yoast_head":"<!-- This site is optimized with the Yoast SEO Premium plugin v25.5 (Yoast SEO v25.5) - https:\/\/yoast.com\/wordpress\/plugins\/seo\/ -->\n<title>Support Jus Bio 240ml | Immunit\u00e9 Renforc\u00e9e | Justy<\/title>\n<meta name=\"description\" content=\"Un shot de c\u00e9leri et citron pour soutenir votre syst\u00e8me immunitaire naturellement.\" \/>\n<meta name=\"robots\" content=\"index, follow, max-snippet:-1, max-image-preview:large, max-video-preview:-1\" \/>\n<link rel=\"canonical\" href=\"https:\/\/www.justy.bio\/fr\/shop\/jus\/support-jus\/\" \/>\n<meta property=\"og:locale\" content=\"fr_FR\" \/>\n<meta property=\"og:type\" content=\"article\" \/>\n<meta property=\"og:title\" content=\"Support Jus Bio 240ml | Immunit\u00e9 Renforc\u00e9e | Justy\" \/>\n<meta property=\"og:description\" content=\"Un shot de c\u00e9leri et citron pour soutenir votre syst\u00e8me immunitaire naturellement.\" \/>\n<meta property=\"og:url\" content=\"https:\/\/www.justy.bio\/fr\/shop\/jus\/support-jus\/\" \/>\n<meta property=\"og:site_name\" content=\"Justy\" \/>\n<meta property=\"article:publisher\" content=\"https:\/\/www.facebook.com\/justygoodness\" \/>\n<meta property=\"article:modified_time\" content=\"2025-09-05T12:04:28+00:00\" \/>\n<meta property=\"og:image\" content=\"https:\/\/www.justy.bio\/wp-content\/uploads\/2025\/05\/support-1.webp\" \/>\n\t<meta property=\"og:image:width\" content=\"600\" \/>\n\t<meta property=\"og:image:height\" content=\"450\" \/>\n\t<meta property=\"og:image:type\" content=\"image\/webp\" \/>\n<meta name=\"twitter:card\" content=\"summary_large_image\" \/>\n<meta name=\"twitter:label1\" content=\"Prix\" \/>\n\t<meta name=\"twitter:data1\" content=\"&euro;&nbsp;5,40\" \/>\n\t<meta name=\"twitter:label2\" content=\"Disponibilit\u00e9\" \/>\n\t<meta name=\"twitter:data2\" content=\"En stock\" \/>\n<script type=\"application\/ld+json\" class=\"yoast-schema-graph\">{\"@context\":\"https:\/\/schema.org\",\"@graph\":[{\"@type\":\"WebPage\",\"@id\":\"https:\/\/www.justy.bio\/fr\/shop\/jus\/support-jus\/\",\"url\":\"https:\/\/www.justy.bio\/fr\/shop\/jus\/support-jus\/\",\"name\":\"Support Jus Bio 240ml | Immunit\u00e9 Renforc\u00e9e | Justy\",\"isPartOf\":{\"@id\":\"https:\/\/www.justy.bio\/fr\/#website\"},\"primaryImageOfPage\":{\"@id\":\"https:\/\/www.justy.bio\/fr\/shop\/jus\/support-jus\/#primaryimage\"},\"image\":{\"@id\":\"https:\/\/www.justy.bio\/fr\/shop\/jus\/support-jus\/#primaryimage\"},\"thumbnailUrl\":\"https:\/\/www.justy.bio\/wp-content\/uploads\/2025\/05\/support-1.webp\",\"datePublished\":\"2025-05-29T15:31:56+00:00\",\"dateModified\":\"2025-09-05T12:04:28+00:00\",\"description\":\"Un shot de c\u00e9leri et citron pour soutenir votre syst\u00e8me immunitaire naturellement.\",\"breadcrumb\":{\"@id\":\"https:\/\/www.justy.bio\/fr\/shop\/jus\/support-jus\/#breadcrumb\"},\"inLanguage\":\"fr-FR\",\"potentialAction\":[{\"@type\":\"ReadAction\",\"target\":[\"https:\/\/www.justy.bio\/fr\/shop\/jus\/support-jus\/\"]}]},{\"@type\":\"ImageObject\",\"inLanguage\":\"fr-FR\",\"@id\":\"https:\/\/www.justy.bio\/fr\/shop\/jus\/support-jus\/#primaryimage\",\"url\":\"https:\/\/www.justy.bio\/wp-content\/uploads\/2025\/05\/support-1.webp\",\"contentUrl\":\"https:\/\/www.justy.bio\/wp-content\/uploads\/2025\/05\/support-1.webp\",\"width\":600,\"height\":450},{\"@type\":\"BreadcrumbList\",\"@id\":\"https:\/\/www.justy.bio\/fr\/shop\/jus\/support-jus\/#breadcrumb\",\"itemListElement\":[{\"@type\":\"ListItem\",\"position\":1,\"name\":\"Shop\",\"item\":\"https:\/\/www.justy.bio\/fr\/shop\/\"},{\"@type\":\"ListItem\",\"position\":2,\"name\":\"Support Jus\"}]},{\"@type\":\"WebSite\",\"@id\":\"https:\/\/www.justy.bio\/fr\/#website\",\"url\":\"https:\/\/www.justy.bio\/fr\/\",\"name\":\"Justy\",\"description\":\"\",\"publisher\":{\"@id\":\"https:\/\/www.justy.bio\/fr\/#organization\"},\"potentialAction\":[{\"@type\":\"SearchAction\",\"target\":{\"@type\":\"EntryPoint\",\"urlTemplate\":\"https:\/\/www.justy.bio\/fr\/?s={search_term_string}\"},\"query-input\":{\"@type\":\"PropertyValueSpecification\",\"valueRequired\":true,\"valueName\":\"search_term_string\"}}],\"inLanguage\":\"fr-FR\"},{\"@type\":\"Organization\",\"@id\":\"https:\/\/www.justy.bio\/fr\/#organization\",\"name\":\"Justy\",\"url\":\"https:\/\/www.justy.bio\/fr\/\",\"logo\":{\"@type\":\"ImageObject\",\"inLanguage\":\"fr-FR\",\"@id\":\"https:\/\/www.justy.bio\/fr\/#\/schema\/logo\/image\/\",\"url\":\"https:\/\/www.justy.bio\/wp-content\/uploads\/2023\/10\/Logo.png\",\"contentUrl\":\"https:\/\/www.justy.bio\/wp-content\/uploads\/2023\/10\/Logo.png\",\"width\":218,\"height\":218,\"caption\":\"Justy\"},\"image\":{\"@id\":\"https:\/\/www.justy.bio\/fr\/#\/schema\/logo\/image\/\"},\"sameAs\":[\"https:\/\/www.facebook.com\/justygoodness\",\"https:\/\/www.instagram.com\/justygoodness\/\"]}]}<\/script>\n<meta property=\"product:price:amount\" content=\"5.40\" \/>\n<meta property=\"product:price:currency\" content=\"EUR\" \/>\n<meta property=\"og:availability\" content=\"instock\" \/>\n<meta property=\"product:availability\" content=\"instock\" \/>\n<meta property=\"product:retailer_item_id\" content=\"3301015\" \/>\n<meta property=\"product:condition\" content=\"new\" \/>\n<!-- \/ Yoast SEO Premium plugin. -->","yoast_head_json":{"title":"Support Jus Bio 240ml | Immunit\u00e9 Renforc\u00e9e | Justy","description":"Un shot de c\u00e9leri et citron pour soutenir votre syst\u00e8me immunitaire naturellement.","robots":{"index":"index","follow":"follow","max-snippet":"max-snippet:-1","max-image-preview":"max-image-preview:large","max-video-preview":"max-video-preview:-1"},"canonical":"https:\/\/www.justy.bio\/fr\/shop\/jus\/support-jus\/","og_locale":"fr_FR","og_type":"article","og_title":"Support Jus Bio 240ml | Immunit\u00e9 Renforc\u00e9e | Justy","og_description":"Un shot de c\u00e9leri et citron pour soutenir votre syst\u00e8me immunitaire naturellement.","og_url":"https:\/\/www.justy.bio\/fr\/shop\/jus\/support-jus\/","og_site_name":"Justy","article_publisher":"https:\/\/www.facebook.com\/justygoodness","article_modified_time":"2025-09-05T12:04:28+00:00","og_image":[{"width":600,"height":450,"url":"https:\/\/www.justy.bio\/wp-content\/uploads\/2025\/05\/support-1.webp","type":"image\/webp"}],"twitter_card":"summary_large_image","twitter_misc":{"Prix":"&euro;&nbsp;5,40","Disponibilit\u00e9":"En stock"},"schema":{"@context":"https:\/\/schema.org","@graph":[{"@type":"WebPage","@id":"https:\/\/www.justy.bio\/fr\/shop\/jus\/support-jus\/","url":"https:\/\/www.justy.bio\/fr\/shop\/jus\/support-jus\/","name":"Support Jus Bio 240ml | Immunit\u00e9 Renforc\u00e9e | Justy","isPartOf":{"@id":"https:\/\/www.justy.bio\/fr\/#website"},"primaryImageOfPage":{"@id":"https:\/\/www.justy.bio\/fr\/shop\/jus\/support-jus\/#primaryimage"},"image":{"@id":"https:\/\/www.justy.bio\/fr\/shop\/jus\/support-jus\/#primaryimage"},"thumbnailUrl":"https:\/\/www.justy.bio\/wp-content\/uploads\/2025\/05\/support-1.webp","datePublished":"2025-05-29T15:31:56+00:00","dateModified":"2025-09-05T12:04:28+00:00","description":"Un shot de c\u00e9leri et citron pour soutenir votre syst\u00e8me immunitaire naturellement.","breadcrumb":{"@id":"https:\/\/www.justy.bio\/fr\/shop\/jus\/support-jus\/#breadcrumb"},"inLanguage":"fr-FR","potentialAction":[{"@type":"ReadAction","target":["https:\/\/www.justy.bio\/fr\/shop\/jus\/support-jus\/"]}]},{"@type":"ImageObject","inLanguage":"fr-FR","@id":"https:\/\/www.justy.bio\/fr\/shop\/jus\/support-jus\/#primaryimage","url":"https:\/\/www.justy.bio\/wp-content\/uploads\/2025\/05\/support-1.webp","contentUrl":"https:\/\/www.justy.bio\/wp-content\/uploads\/2025\/05\/support-1.webp","width":600,"height":450},{"@type":"BreadcrumbList","@id":"https:\/\/www.justy.bio\/fr\/shop\/jus\/support-jus\/#breadcrumb","itemListElement":[{"@type":"ListItem","position":1,"name":"Shop","item":"https:\/\/www.justy.bio\/fr\/shop\/"},{"@type":"ListItem","position":2,"name":"Support Jus"}]},{"@type":"WebSite","@id":"https:\/\/www.justy.bio\/fr\/#website","url":"https:\/\/www.justy.bio\/fr\/","name":"Justy","description":"","publisher":{"@id":"https:\/\/www.justy.bio\/fr\/#organization"},"potentialAction":[{"@type":"SearchAction","target":{"@type":"EntryPoint","urlTemplate":"https:\/\/www.justy.bio\/fr\/?s={search_term_string}"},"query-input":{"@type":"PropertyValueSpecification","valueRequired":true,"valueName":"search_term_string"}}],"inLanguage":"fr-FR"},{"@type":"Organization","@id":"https:\/\/www.justy.bio\/fr\/#organization","name":"Justy","url":"https:\/\/www.justy.bio\/fr\/","logo":{"@type":"ImageObject","inLanguage":"fr-FR","@id":"https:\/\/www.justy.bio\/fr\/#\/schema\/logo\/image\/","url":"https:\/\/www.justy.bio\/wp-content\/uploads\/2023\/10\/Logo.png","contentUrl":"https:\/\/www.justy.bio\/wp-content\/uploads\/2023\/10\/Logo.png","width":218,"height":218,"caption":"Justy"},"image":{"@id":"https:\/\/www.justy.bio\/fr\/#\/schema\/logo\/image\/"},"sameAs":["https:\/\/www.facebook.com\/justygoodness","https:\/\/www.instagram.com\/justygoodness\/"]}]},"product_price_amount":"5.40","product_price_currency":"EUR","og_availability":"instock","product_availability":"instock","product_retailer_item_id":"3301015","product_condition":"new"},"_links":{"self":[{"href":"https:\/\/www.justy.bio\/fr\/wp-json\/wp\/v2\/product\/29221","targetHints":{"allow":["GET"]}}],"collection":[{"href":"https:\/\/www.justy.bio\/fr\/wp-json\/wp\/v2\/product"}],"about":[{"href":"https:\/\/www.justy.bio\/fr\/wp-json\/wp\/v2\/types\/product"}],"replies":[{"embeddable":true,"href":"https:\/\/www.justy.bio\/fr\/wp-json\/wp\/v2\/comments?post=29221"}],"wp:featuredmedia":[{"embeddable":true,"href":"https:\/\/www.justy.bio\/fr\/wp-json\/wp\/v2\/media\/29263"}],"wp:attachment":[{"href":"https:\/\/www.justy.bio\/fr\/wp-json\/wp\/v2\/media?parent=29221"}],"wp:term":[{"taxonomy":"product_brand","embeddable":true,"href":"https:\/\/www.justy.bio\/fr\/wp-json\/wp\/v2\/product_brand?post=29221"},{"taxonomy":"product_cat","embeddable":true,"href":"https:\/\/www.justy.bio\/fr\/wp-json\/wp\/v2\/product_cat?post=29221"},{"taxonomy":"product_tag","embeddable":true,"href":"https:\/\/www.justy.bio\/fr\/wp-json\/wp\/v2\/product_tag?post=29221"}],"curies":[{"name":"wp","href":"https:\/\/api.w.org\/{rel}","templated":true}]}}