{"id":29227,"date":"2025-05-29T17:32:22","date_gmt":"2025-05-29T15:32:22","guid":{"rendered":"https:\/\/www.justy.de\/?post_type=product&#038;p=29227"},"modified":"2026-02-03T15:49:44","modified_gmt":"2026-02-03T14:49:44","slug":"detox-cure-5-jours","status":"publish","type":"product","link":"https:\/\/www.justy.bio\/fr\/shop\/cure-detox\/detox-cure-5-jours\/","title":{"rendered":"D\u00c9TOX CURE 5 JOURS"},"content":{"rendered":"\n<h3 class=\"wp-block-heading\" id=\"h-une-cure-de-5-jours-a-base-de-jus-de-legumes-est-un-nettoyage-liquide-de-courte-duree-destine-a-soutenir-le-corps-et-l-esprit-pendant-cette-cure-vous-ne-buvez-que-des-jus-de-legumes-biologiques-des-soupes-de-legumes-des-shots-concentres-et-des-tisanes-cette-cure-de-5-jours-vous-permet-d-abandonner-vos-mauvaises-habitudes-vous-aiderez-ainsi-votre-corps-de-maniere-naturelle\"><em>Une cure de 5 jours \u00e0 base de jus de l\u00e9gumes est un nettoyage liquide de courte dur\u00e9e, destin\u00e9 \u00e0 soutenir le corps et l&#8217;esprit. Pendant cette cure, vous ne buvez que des jus de l\u00e9gumes biologiques, des soupes de l\u00e9gumes, des shots concentr\u00e9s et des tisanes. Cette cure de 5 jours vous permet d&#8217;abandonner vos mauvaises habitudes. Vous aiderez ainsi votre corps de mani\u00e8re naturelle.<\/em><\/h3>\n\n\n\n<div style=\"height:24px\" aria-hidden=\"true\" class=\"wp-block-spacer\"><\/div>\n\n\n\n<h2 class=\"wp-block-heading\" id=\"h-avantages-d-une-cure-de-jus-de-5-jours\">AVANTAGES D&#8217;UNE CURE DE JUS DE 5 JOURS<\/h2>\n\n\n\n<div style=\"height:24px\" aria-hidden=\"true\" class=\"wp-block-spacer\"><\/div>\n\n\n\n<h3 class=\"wp-block-heading\" id=\"h-soutenir-l-effet-nettoyant-du-foie\"><em>Soutenir l&#8217;effet nettoyant du foie<\/em><\/h3>\n\n\n\n<p>L&#8217;objectif principal d&#8217;une cure de jus de 5 jours est de permettre \u00e0 votre corps de continuer \u00e0 remplir ses fonctions naturelles le mieux possible. Une cure de jus peut \u00eatre consid\u00e9r\u00e9e comme faisant partie d&#8217;une vie saine et \u00e9quilibr\u00e9e.<\/p>\n\n\n\n<p><\/p>\n\n\n\n<p>Avec notre cure de jus de 5 jours, vous recevrez diff\u00e9rents jus, soupes et shots qui peuvent soutenir votre corps. Par exemple, le jus sp\u00e9cial Detox de notre cure contient de la choline, qui soutient l&#8217;effet nettoyant de votre foie. La pr\u00e9sence de calcium dans nos jus facilite la digestion. En outre, les antioxydants (notamment la vitamine C et le mangan\u00e8se) contenus dans les jus contribuent \u00e0 la protection des cellules de votre corps contre les influences ext\u00e9rieures nocives, telles que la pollution de l&#8217;air et les rayons UV.<\/p>\n\n\n\n<p><\/p>\n\n\n\n<p>Un autre objectif, tout aussi important, d&#8217;une cure de jus est d&#8217;arr\u00eater temporairement les mauvaises habitudes telles que le tabagisme, les aliments malsains, l&#8217;alcool et le caf\u00e9, et de les remplacer par suffisamment de repos et d&#8217;aliments sains pour continuer \u00e0 se sentir au mieux de sa forme. Il est pr\u00e9f\u00e9rable de commencer \u00e0 \u00e9liminer progressivement ces habitudes avant la cure de d\u00e9sintoxication. De cette mani\u00e8re, votre corps n&#8217;a pas \u00e0 traiter de substances malsaines pendant au moins 5 jours et est donc moins sollicit\u00e9. Vous pouvez consid\u00e9rer une cure de jus comme un coup de pouce pour votre corps.<\/p>\n\n\n\n<p><\/p>\n\n\n\n<div style=\"height:24px\" aria-hidden=\"true\" class=\"wp-block-spacer\"><\/div>\n\n\n\n<h3 class=\"wp-block-heading\" id=\"h-avantages-d-une-cure-detox\">Avantages d&#8217;une cure d\u00e9tox<\/h3>\n\n\n\n<p>M\u00eame si vous mangez tr\u00e8s sainement depuis des ann\u00e9es, une cure de jus peut soutenir votre vitalit\u00e9 g\u00e9n\u00e9rale. Vous donnez \u00e0 votre corps un repos temporaire. En outre, vous b\u00e9n\u00e9ficiez d&#8217;un grand nombre de nutriments sains, ce qui favorise votre sant\u00e9. Au cours d&#8217;une cure de jus de 5 jours, vous consommez plus de 15 kilos de l\u00e9gumes, de fruits, d&#8217;herbes, d&#8217;\u00e9pices et d&#8217;algues crus et biologiques ! Le plus beau, c&#8217;est que les nutriments peuvent \u00eatre absorb\u00e9s imm\u00e9diatement une fois que les ingr\u00e9dients ont \u00e9t\u00e9 press\u00e9s en jus de l\u00e9gumes \u00e0 l&#8217;aide de l&#8217;extracteur de jus lent. Prendre notre Juice cleanse peut contribuer, entre autres, \u00e0<\/p>\n\n\n\n<ul class=\"wp-block-list\">\n<li>Soutenir votre r\u00e9sistance gr\u00e2ce, entre autres, \u00e0 la vitamine C, au zinc et \u00e0 l&#8217;acide folique.<\/li>\n\n\n\n<li>Soutenir votre niveau d&#8217;\u00e9nergie gr\u00e2ce, entre autres, \u00e0 la vitamine B6, au cuivre et au fer.<\/li>\n\n\n\n<li>un fonctionnement normal de votre syst\u00e8me digestif gr\u00e2ce au calcium<\/li>\n\n\n\n<li>Un esprit clair gr\u00e2ce \u00e0 l&#8217;acide folique et \u00e0 la vitamine B1<\/li>\n\n\n\n<li>une peau saine gr\u00e2ce, entre autres, \u00e0 la vitamine A, \u00e0 l&#8217;iode et au zinc<\/li>\n\n\n\n<li>Maintien de la solidit\u00e9 des os et des muscles gr\u00e2ce, entre autres, au calcium et au magn\u00e9sium<\/li>\n\n\n\n<li>La protection contre les dommages oxydatifs gr\u00e2ce, entre autres, \u00e0 la vitamine C, \u00e0 la vitamine E et au mangan\u00e8se.<\/li>\n\n\n\n<li>la r\u00e9gulation de votre activit\u00e9 hormonale par la vitamine B6 et le zinc<\/li>\n\n\n\n<li>la production normale d&#8217;hormones par la glande thyro\u00efde gr\u00e2ce \u00e0 l&#8217;iode.<\/li>\n\n\n\n<li>la r\u00e9sistance mentale, la concentration et la fonction de la m\u00e9moire gr\u00e2ce, entre autres, \u00e0 la vitamine B6, au magn\u00e9sium et \u00e0 l&#8217;acide folique<\/li>\n\n\n\n<li>Le maintien d&#8217;une bonne tension art\u00e9rielle gr\u00e2ce au potassium<\/li>\n<\/ul>\n\n\n\n<div style=\"height:14px\" aria-hidden=\"true\" class=\"wp-block-spacer\"><\/div>\n\n\n\n<div style=\"height:14px\" aria-hidden=\"true\" class=\"wp-block-spacer\"><\/div>\n\n\n\n<h3 class=\"wp-block-heading\" id=\"h-detox-cures-et-mode-de-vie-sain\"><em>Detox Cures et mode de vie sain<\/em><\/h3>\n\n\n\n<p>Voulez-vous aussi changer votre mode de vie et manger plus sainement ? Vous voulez prendre soin de votre corps et offrir \u00e0 votre syst\u00e8me immunitaire un soutien optimal ? Dans ce cas, la commande de notre cure de jus de 5 jours est un tr\u00e8s bon d\u00e9but ! Vous pouvez \u00e9galement utiliser notre cure de jus de 5 jours pendant la perte de poids pour soutenir votre sant\u00e9.<\/p>\n\n\n\n<p>Suivre une cure de jus de 5 jours est la mani\u00e8re id\u00e9ale d&#8217;acqu\u00e9rir de nouvelles habitudes saines. En abandonnant vos anciennes habitudes, il devient plus facile de prendre un nouveau d\u00e9part. Si vous d\u00e9cidez \u00e9galement de commander notre cure, vous recevrez par e-mail un manuel de d\u00e9sintoxication num\u00e9rique et de d\u00e9licieuses recettes de d\u00e9sintoxication qui vous aideront dans votre d\u00e9marche.<\/p>\n\n\n\n<div style=\"height:24px\" aria-hidden=\"true\" class=\"wp-block-spacer\"><\/div>\n\n\n\n<p><strong>Contenu de notre cure de 5 jours :<\/strong><\/p>\n\n\n\n<ul class=\"wp-block-list\">\n<li>30 jus de l\u00e9gumes Slowjuice bio (240 ml)<\/li>\n\n\n\n<li>5 shots d\u00e9toxifiants Slowjuice bio (50 ml)<\/li>\n\n\n\n<li>5 soupes de l\u00e9gumes bio (470 ml)<\/li>\n\n\n\n<li>Th\u00e9 biologique<\/li>\n\n\n\n<li>Une explication d\u00e9taill\u00e9e de la pr\u00e9paration<\/li>\n\n\n\n<li>Un menu sain pour l&#8217;avant et l&#8217;apr\u00e8s-detox<\/li>\n<\/ul>\n","protected":false},"excerpt":{"rendered":"<p>Plus de 15 kg de l\u00e9gumes !<\/p>\n","protected":false},"featured_media":192733,"comment_status":"open","ping_status":"closed","template":"","meta":{"_acf_changed":true,"_gspb_post_css":""},"product_brand":[],"product_cat":[769],"product_tag":[866],"class_list":{"0":"post-29227","1":"product","2":"type-product","3":"status-publish","4":"has-post-thumbnail","6":"product_cat-cure-detox","7":"product_tag-import-2","8":"has-subscription-plans","10":"first","11":"instock","12":"sale","13":"taxable","14":"shipping-taxable","15":"purchasable","16":"product-type-easy_product_bundle"},"bundled_by":[],"bundle_stock_status":"instock","bundle_stock_quantity":null,"bundle_virtual":false,"bundle_layout":"","bundle_add_to_cart_form_location":"","bundle_editable_in_cart":false,"bundle_sold_individually_context":"","bundle_item_grouping":"","bundle_min_size":"","bundle_max_size":"","bundle_price":[],"bundled_items":[],"bundle_sell_ids":[],"acf":[],"yoast_head":"<!-- This site is optimized with the Yoast SEO Premium plugin v25.5 (Yoast SEO v25.5) - https:\/\/yoast.com\/wordpress\/plugins\/seo\/ -->\n<title>D\u00e9tox Cure 5 jours | Justy<\/title>\n<meta name=\"description\" content=\"D\u00e9tox Cure (5 jours) - 30 Jus | 5 Shots | 5 Soupes | Th\u00e9 ? Difficult\u00e9 moyenne. Plus de 15 kilos de l\u00e9gumes !\" \/>\n<meta name=\"robots\" content=\"index, follow, max-snippet:-1, max-image-preview:large, max-video-preview:-1\" \/>\n<link rel=\"canonical\" href=\"https:\/\/www.justy.bio\/fr\/shop\/cure-detox\/detox-cure-5-jours\/\" \/>\n<meta property=\"og:locale\" content=\"fr_FR\" \/>\n<meta property=\"og:type\" content=\"article\" \/>\n<meta property=\"og:title\" content=\"D\u00e9tox Cure 5 jours | Justy\" \/>\n<meta property=\"og:description\" content=\"D\u00e9tox Cure (5 jours) - 30 Jus | 5 Shots | 5 Soupes | Th\u00e9 ? Difficult\u00e9 moyenne. Plus de 15 kilos de l\u00e9gumes !\" \/>\n<meta property=\"og:url\" content=\"https:\/\/www.justy.bio\/fr\/shop\/cure-detox\/detox-cure-5-jours\/\" \/>\n<meta property=\"og:site_name\" content=\"Justy\" \/>\n<meta property=\"article:publisher\" content=\"https:\/\/www.facebook.com\/justygoodness\" \/>\n<meta property=\"article:modified_time\" content=\"2026-02-03T14:49:44+00:00\" \/>\n<meta property=\"og:image\" content=\"https:\/\/www.justy.bio\/wp-content\/uploads\/2025\/05\/detox-5_2-1.webp\" \/>\n\t<meta property=\"og:image:width\" content=\"800\" \/>\n\t<meta property=\"og:image:height\" content=\"517\" \/>\n\t<meta property=\"og:image:type\" content=\"image\/webp\" \/>\n<meta name=\"twitter:card\" content=\"summary_large_image\" \/>\n<meta name=\"twitter:label1\" content=\"Prix\" \/>\n\t<meta name=\"twitter:data1\" content=\"&euro;&nbsp;195,00\" \/>\n\t<meta name=\"twitter:label2\" content=\"Disponibilit\u00e9\" \/>\n\t<meta name=\"twitter:data2\" content=\"En stock\" \/>\n<script type=\"application\/ld+json\" class=\"yoast-schema-graph\">{\"@context\":\"https:\/\/schema.org\",\"@graph\":[{\"@type\":\"WebPage\",\"@id\":\"https:\/\/www.justy.bio\/fr\/shop\/cure-detox\/detox-cure-5-jours\/\",\"url\":\"https:\/\/www.justy.bio\/fr\/shop\/cure-detox\/detox-cure-5-jours\/\",\"name\":\"D\u00e9tox Cure 5 jours | Justy\",\"isPartOf\":{\"@id\":\"https:\/\/www.justy.bio\/fr\/#website\"},\"primaryImageOfPage\":{\"@id\":\"https:\/\/www.justy.bio\/fr\/shop\/cure-detox\/detox-cure-5-jours\/#primaryimage\"},\"image\":{\"@id\":\"https:\/\/www.justy.bio\/fr\/shop\/cure-detox\/detox-cure-5-jours\/#primaryimage\"},\"thumbnailUrl\":\"https:\/\/www.justy.bio\/wp-content\/uploads\/2025\/05\/1_detox-composite-f5f6ee-2-scaled.jpg\",\"datePublished\":\"2025-05-29T15:32:22+00:00\",\"dateModified\":\"2026-02-03T14:49:44+00:00\",\"description\":\"D\u00e9tox Cure (5 jours) - 30 Jus | 5 Shots | 5 Soupes | Th\u00e9 ? Difficult\u00e9 moyenne. Plus de 15 kilos de l\u00e9gumes !\",\"breadcrumb\":{\"@id\":\"https:\/\/www.justy.bio\/fr\/shop\/cure-detox\/detox-cure-5-jours\/#breadcrumb\"},\"inLanguage\":\"fr-FR\",\"potentialAction\":[{\"@type\":\"ReadAction\",\"target\":[\"https:\/\/www.justy.bio\/fr\/shop\/cure-detox\/detox-cure-5-jours\/\"]}]},{\"@type\":\"ImageObject\",\"inLanguage\":\"fr-FR\",\"@id\":\"https:\/\/www.justy.bio\/fr\/shop\/cure-detox\/detox-cure-5-jours\/#primaryimage\",\"url\":\"https:\/\/www.justy.bio\/wp-content\/uploads\/2025\/05\/1_detox-composite-f5f6ee-2-scaled.jpg\",\"contentUrl\":\"https:\/\/www.justy.bio\/wp-content\/uploads\/2025\/05\/1_detox-composite-f5f6ee-2-scaled.jpg\",\"width\":1707,\"height\":2560},{\"@type\":\"BreadcrumbList\",\"@id\":\"https:\/\/www.justy.bio\/fr\/shop\/cure-detox\/detox-cure-5-jours\/#breadcrumb\",\"itemListElement\":[{\"@type\":\"ListItem\",\"position\":1,\"name\":\"Shop\",\"item\":\"https:\/\/www.justy.bio\/fr\/shop\/\"},{\"@type\":\"ListItem\",\"position\":2,\"name\":\"D\u00c9TOX CURE 5 JOURS\"}]},{\"@type\":\"WebSite\",\"@id\":\"https:\/\/www.justy.bio\/fr\/#website\",\"url\":\"https:\/\/www.justy.bio\/fr\/\",\"name\":\"Justy\",\"description\":\"\",\"publisher\":{\"@id\":\"https:\/\/www.justy.bio\/fr\/#organization\"},\"potentialAction\":[{\"@type\":\"SearchAction\",\"target\":{\"@type\":\"EntryPoint\",\"urlTemplate\":\"https:\/\/www.justy.bio\/fr\/?s={search_term_string}\"},\"query-input\":{\"@type\":\"PropertyValueSpecification\",\"valueRequired\":true,\"valueName\":\"search_term_string\"}}],\"inLanguage\":\"fr-FR\"},{\"@type\":\"Organization\",\"@id\":\"https:\/\/www.justy.bio\/fr\/#organization\",\"name\":\"Justy\",\"url\":\"https:\/\/www.justy.bio\/fr\/\",\"logo\":{\"@type\":\"ImageObject\",\"inLanguage\":\"fr-FR\",\"@id\":\"https:\/\/www.justy.bio\/fr\/#\/schema\/logo\/image\/\",\"url\":\"https:\/\/www.justy.bio\/wp-content\/uploads\/2023\/10\/Logo.png\",\"contentUrl\":\"https:\/\/www.justy.bio\/wp-content\/uploads\/2023\/10\/Logo.png\",\"width\":218,\"height\":218,\"caption\":\"Justy\"},\"image\":{\"@id\":\"https:\/\/www.justy.bio\/fr\/#\/schema\/logo\/image\/\"},\"sameAs\":[\"https:\/\/www.facebook.com\/justygoodness\",\"https:\/\/www.instagram.com\/justygoodness\/\"]}]}<\/script>\n<meta property=\"product:price:amount\" content=\"195.00\" \/>\n<meta property=\"product:price:currency\" content=\"EUR\" \/>\n<meta property=\"og:availability\" content=\"instock\" \/>\n<meta property=\"product:availability\" content=\"instock\" \/>\n<meta property=\"product:retailer_item_id\" content=\"SAP - 00002\" \/>\n<meta property=\"product:condition\" content=\"new\" \/>\n<!-- \/ Yoast SEO Premium plugin. -->","yoast_head_json":{"title":"D\u00e9tox Cure 5 jours | Justy","description":"D\u00e9tox Cure (5 jours) - 30 Jus | 5 Shots | 5 Soupes | Th\u00e9 ? Difficult\u00e9 moyenne. Plus de 15 kilos de l\u00e9gumes !","robots":{"index":"index","follow":"follow","max-snippet":"max-snippet:-1","max-image-preview":"max-image-preview:large","max-video-preview":"max-video-preview:-1"},"canonical":"https:\/\/www.justy.bio\/fr\/shop\/cure-detox\/detox-cure-5-jours\/","og_locale":"fr_FR","og_type":"article","og_title":"D\u00e9tox Cure 5 jours | Justy","og_description":"D\u00e9tox Cure (5 jours) - 30 Jus | 5 Shots | 5 Soupes | Th\u00e9 ? Difficult\u00e9 moyenne. Plus de 15 kilos de l\u00e9gumes !","og_url":"https:\/\/www.justy.bio\/fr\/shop\/cure-detox\/detox-cure-5-jours\/","og_site_name":"Justy","article_publisher":"https:\/\/www.facebook.com\/justygoodness","article_modified_time":"2026-02-03T14:49:44+00:00","og_image":[{"width":800,"height":517,"url":"https:\/\/www.justy.bio\/wp-content\/uploads\/2025\/05\/detox-5_2-1.webp","type":"image\/webp"}],"twitter_card":"summary_large_image","twitter_misc":{"Prix":"&euro;&nbsp;195,00","Disponibilit\u00e9":"En stock"},"schema":{"@context":"https:\/\/schema.org","@graph":[{"@type":"WebPage","@id":"https:\/\/www.justy.bio\/fr\/shop\/cure-detox\/detox-cure-5-jours\/","url":"https:\/\/www.justy.bio\/fr\/shop\/cure-detox\/detox-cure-5-jours\/","name":"D\u00e9tox Cure 5 jours | Justy","isPartOf":{"@id":"https:\/\/www.justy.bio\/fr\/#website"},"primaryImageOfPage":{"@id":"https:\/\/www.justy.bio\/fr\/shop\/cure-detox\/detox-cure-5-jours\/#primaryimage"},"image":{"@id":"https:\/\/www.justy.bio\/fr\/shop\/cure-detox\/detox-cure-5-jours\/#primaryimage"},"thumbnailUrl":"https:\/\/www.justy.bio\/wp-content\/uploads\/2025\/05\/1_detox-composite-f5f6ee-2-scaled.jpg","datePublished":"2025-05-29T15:32:22+00:00","dateModified":"2026-02-03T14:49:44+00:00","description":"D\u00e9tox Cure (5 jours) - 30 Jus | 5 Shots | 5 Soupes | Th\u00e9 ? Difficult\u00e9 moyenne. Plus de 15 kilos de l\u00e9gumes !","breadcrumb":{"@id":"https:\/\/www.justy.bio\/fr\/shop\/cure-detox\/detox-cure-5-jours\/#breadcrumb"},"inLanguage":"fr-FR","potentialAction":[{"@type":"ReadAction","target":["https:\/\/www.justy.bio\/fr\/shop\/cure-detox\/detox-cure-5-jours\/"]}]},{"@type":"ImageObject","inLanguage":"fr-FR","@id":"https:\/\/www.justy.bio\/fr\/shop\/cure-detox\/detox-cure-5-jours\/#primaryimage","url":"https:\/\/www.justy.bio\/wp-content\/uploads\/2025\/05\/1_detox-composite-f5f6ee-2-scaled.jpg","contentUrl":"https:\/\/www.justy.bio\/wp-content\/uploads\/2025\/05\/1_detox-composite-f5f6ee-2-scaled.jpg","width":1707,"height":2560},{"@type":"BreadcrumbList","@id":"https:\/\/www.justy.bio\/fr\/shop\/cure-detox\/detox-cure-5-jours\/#breadcrumb","itemListElement":[{"@type":"ListItem","position":1,"name":"Shop","item":"https:\/\/www.justy.bio\/fr\/shop\/"},{"@type":"ListItem","position":2,"name":"D\u00c9TOX CURE 5 JOURS"}]},{"@type":"WebSite","@id":"https:\/\/www.justy.bio\/fr\/#website","url":"https:\/\/www.justy.bio\/fr\/","name":"Justy","description":"","publisher":{"@id":"https:\/\/www.justy.bio\/fr\/#organization"},"potentialAction":[{"@type":"SearchAction","target":{"@type":"EntryPoint","urlTemplate":"https:\/\/www.justy.bio\/fr\/?s={search_term_string}"},"query-input":{"@type":"PropertyValueSpecification","valueRequired":true,"valueName":"search_term_string"}}],"inLanguage":"fr-FR"},{"@type":"Organization","@id":"https:\/\/www.justy.bio\/fr\/#organization","name":"Justy","url":"https:\/\/www.justy.bio\/fr\/","logo":{"@type":"ImageObject","inLanguage":"fr-FR","@id":"https:\/\/www.justy.bio\/fr\/#\/schema\/logo\/image\/","url":"https:\/\/www.justy.bio\/wp-content\/uploads\/2023\/10\/Logo.png","contentUrl":"https:\/\/www.justy.bio\/wp-content\/uploads\/2023\/10\/Logo.png","width":218,"height":218,"caption":"Justy"},"image":{"@id":"https:\/\/www.justy.bio\/fr\/#\/schema\/logo\/image\/"},"sameAs":["https:\/\/www.facebook.com\/justygoodness","https:\/\/www.instagram.com\/justygoodness\/"]}]},"product_price_amount":"195.00","product_price_currency":"EUR","og_availability":"instock","product_availability":"instock","product_retailer_item_id":"SAP - 00002","product_condition":"new"},"_links":{"self":[{"href":"https:\/\/www.justy.bio\/fr\/wp-json\/wp\/v2\/product\/29227","targetHints":{"allow":["GET"]}}],"collection":[{"href":"https:\/\/www.justy.bio\/fr\/wp-json\/wp\/v2\/product"}],"about":[{"href":"https:\/\/www.justy.bio\/fr\/wp-json\/wp\/v2\/types\/product"}],"replies":[{"embeddable":true,"href":"https:\/\/www.justy.bio\/fr\/wp-json\/wp\/v2\/comments?post=29227"}],"wp:featuredmedia":[{"embeddable":true,"href":"https:\/\/www.justy.bio\/fr\/wp-json\/wp\/v2\/media\/192733"}],"wp:attachment":[{"href":"https:\/\/www.justy.bio\/fr\/wp-json\/wp\/v2\/media?parent=29227"}],"wp:term":[{"taxonomy":"product_brand","embeddable":true,"href":"https:\/\/www.justy.bio\/fr\/wp-json\/wp\/v2\/product_brand?post=29227"},{"taxonomy":"product_cat","embeddable":true,"href":"https:\/\/www.justy.bio\/fr\/wp-json\/wp\/v2\/product_cat?post=29227"},{"taxonomy":"product_tag","embeddable":true,"href":"https:\/\/www.justy.bio\/fr\/wp-json\/wp\/v2\/product_tag?post=29227"}],"curies":[{"name":"wp","href":"https:\/\/api.w.org\/{rel}","templated":true}]}}