{"id":29255,"date":"2025-05-29T17:33:50","date_gmt":"2025-05-29T15:33:50","guid":{"rendered":"https:\/\/www.justy.de\/?post_type=product&#038;p=29255"},"modified":"2026-01-06T11:37:31","modified_gmt":"2026-01-06T10:37:31","slug":"energy-jus","status":"publish","type":"product","link":"https:\/\/www.justy.bio\/fr\/shop\/jus\/energy-jus\/","title":{"rendered":"Energy Jus"},"content":{"rendered":"<h3>Commencez votre journ\u00e9e avec un bon coup de fouet. Soutenez vos niveaux d&#8217;\u00e9nergie et aidez \u00e0 r\u00e9duire la fatigue avec la vitamine C et B6* dans ce jus de betterave biologique. Cette puissance pourpre est \u00e9galement pleine d&#8217;autres vitamines et min\u00e9raux, tels que les vitamines K et A, le potassium et le mangan\u00e8se. Ces nutriments vous aident \u00e0 rester en bonne sant\u00e9 et fort.<\/h3>\n<div id=\"\" class=\"web-mod-tabs web-mod-tabs--is-horizontal  js-mod-tabs\">\n<div class=\"u-center-page\">\n<div class=\"web-mod-tabs__tab-content js-mod-tabs__tabs-content\">\n<div id=\"tab6263-1\" class=\"web-mod-tabs__tab-content-item js-mod-tabs__tab-content-item tab-mobile\">\n<div class=\"web-mod-tabs__content\">\n<section id=\"\" class=\"web-mod-gvml  \">\n<div class=\"web-u-gvml\">\n<p>Avez-vous besoin d&#8217;un peu plus d&#8217;\u00e9nergie, de force et de forme physique ? Alors notre jus Energy \u00e0 base de jus de betterave est un excellent ajout \u00e0 votre alimentation. La betterave est une source naturelle de potassium, b\u00e9n\u00e9fique pour maintenir une pression art\u00e9rielle normale. De plus, notre jus Energy \u00e0 base de betterave est riche en vitamines et min\u00e9raux qui soutiennent votre r\u00e9sistance, tels que la vitamine C et l&#8217;acide folique. Il est donc souvent consomm\u00e9 par des personnes soucieuses de leur sant\u00e9. Aussi pour les athl\u00e8tes, le jus de betterave fait souvent partie int\u00e9grante de leur alimentation. En plus d&#8217;\u00eatre sain, ce jus de betterave avec de la pomme et du gingembre est \u00e9galement tr\u00e8s savoureux.<\/p>\n<\/div>\n<\/section>\n<\/div>\n<\/div>\n<\/div>\n<\/div>\n<\/div>\n<div class=\"wp-block-spacer\" style=\"height: 24px;\" aria-hidden=\"true\"><\/div>\n<h2><span class=\"web-mod-tabs__tab-title\">POURQUOI LE JUS DE BETTERAVE EST-IL BON POUR LA SANT\u00c9 ?<\/span><\/h2>\n<h3>Commencez votre journ\u00e9e avec un bon coup de fouet. Soutenez vos niveaux d&#8217;\u00e9nergie et aidez \u00e0 r\u00e9duire la fatigue avec la vitamine C et B6* dans ce jus de betterave biologique.<\/h3>\n<p>Cette puissance pourpre est \u00e9galement pleine d&#8217;autres vitamines et min\u00e9raux, tels que les vitamines K et A, le potassium et le mangan\u00e8se. Ces nutriments vous aident \u00e0 rester en bonne sant\u00e9 et fort.<\/p>\n<p>Avez-vous besoin d&#8217;un peu plus d&#8217;\u00e9nergie, de force et de forme physique ? Alors notre jus Energy \u00e0 base de jus de betterave est un excellent ajout \u00e0 votre alimentation. La betterave est une source naturelle de potassium, b\u00e9n\u00e9fique pour maintenir une pression art\u00e9rielle normale. De plus, notre jus Energy \u00e0 base de betterave est riche en vitamines et min\u00e9raux qui soutiennent votre r\u00e9sistance, tels que la vitamine C et l&#8217;acide folique. Il est donc souvent consomm\u00e9 par des personnes soucieuses de leur sant\u00e9. Aussi pour les athl\u00e8tes, le jus de betterave fait souvent partie int\u00e9grante de leur alimentation. En plus d&#8217;\u00eatre sain, ce jus de betterave avec de la pomme et du gingembre est \u00e9galement tr\u00e8s savoureux.<\/p>\n<h2 class=\"web-mod-bullets__title\">LE GO\u00dbT DE NOTRE JUS DE BETTERAVE<\/h2>\n<div class=\"web-mod-bullets__content\">\n<p>Ce jus a une belle couleur pourpre fonc\u00e9 et sent l\u00e9g\u00e8rement la betterave, le basilic et le zeste de citron lorsque vous ouvrez la bouteille. D\u00e8s la premi\u00e8re gorg\u00e9e, vous go\u00fbterez probablement le go\u00fbt terreux et sucr\u00e9 de la betterave. Lors de la pression de ce jus de betterave biologique, les betteraves, avec leur peau, entrent dans l&#8217;extracteur \u00e0 jus lent, car la peau contient la plupart des saveurs et nutriments. Cela procure un go\u00fbt terreux suppl\u00e9mentaire, mais rend ce jus de betterave sain. Les vari\u00e9t\u00e9s de chou pourpre, de patate douce pourpre et de carotte pourpre renforcent la couleur intense et fournissent des vitamines suppl\u00e9mentaires. L&#8217;ajout de gingembre procure un coup de pied vif et chaud qui vous r\u00e9veille imm\u00e9diatement. La pomme, le citron et le basilic apportent une note fra\u00eeche et revigorante \u00e0 ce jus de betterave. Ce n&#8217;est pas sans raison que le jus de betterave Energy est \u00e9galement tr\u00e8s adapt\u00e9 comme substitut \u00e0 une tasse de caf\u00e9. Vous voulez plus de force et d&#8217;\u00e9nergie de mani\u00e8re saine ? Alors acheter du jus de betterave est une bonne id\u00e9e !<\/p>\n<p>&#8220;Nos jus sont un excellent compl\u00e9ment dans le cadre d&#8217;une alimentation vari\u00e9e, \u00e9quilibr\u00e9e et d&#8217;un mode de vie sain.&#8221;<\/p>\n<div class=\"web-mod-bullets__content\">\n<div class=\"web-mod-bullets__content\">\n<div class=\"web-mod-bullets__content\"><\/div>\n<\/div>\n<\/div>\n<\/div>\n","protected":false},"excerpt":{"rendered":"<p>Le jus de betterave rouge aide \u00e0 lutter contre la fatigue<\/p>\n","protected":false},"featured_media":29363,"comment_status":"open","ping_status":"closed","template":"","meta":{"_acf_changed":true,"_gspb_post_css":""},"product_brand":[],"product_cat":[720],"product_tag":[866],"class_list":{"0":"post-29255","1":"product","2":"type-product","3":"status-publish","4":"has-post-thumbnail","6":"product_cat-jus","7":"product_tag-import-2","8":"has-subscription-plans","10":"first","11":"instock","12":"sale","13":"taxable","14":"shipping-taxable","15":"purchasable","16":"product-type-simple"},"bundled_by":[],"bundle_stock_status":"instock","bundle_stock_quantity":null,"bundle_virtual":false,"bundle_layout":"","bundle_add_to_cart_form_location":"","bundle_editable_in_cart":false,"bundle_sold_individually_context":"","bundle_item_grouping":"","bundle_min_size":"","bundle_max_size":"","bundle_price":[],"bundled_items":[],"bundle_sell_ids":[],"acf":[],"yoast_head":"<!-- This site is optimized with the Yoast SEO Premium plugin v25.5 (Yoast SEO v25.5) - https:\/\/yoast.com\/wordpress\/plugins\/seo\/ -->\n<title>Justy | Jus \u00e9nerg\u00e9tique bio \u00e0 la betterave rouge<\/title>\n<meta name=\"description\" content=\"Energy Jus -Le jus de betterave rouge aide \u00e0 lutter contre la fatigue ? Betterave rouge, Carotte, Pomme, Chou rouge... 240 ml\" \/>\n<meta name=\"robots\" content=\"index, follow, max-snippet:-1, max-image-preview:large, max-video-preview:-1\" \/>\n<link rel=\"canonical\" href=\"https:\/\/www.justy.bio\/fr\/shop\/jus\/energy-jus\/\" \/>\n<meta property=\"og:locale\" content=\"fr_FR\" \/>\n<meta property=\"og:type\" content=\"article\" \/>\n<meta property=\"og:title\" content=\"Justy | Jus \u00e9nerg\u00e9tique bio \u00e0 la betterave rouge\" \/>\n<meta property=\"og:description\" content=\"Energy Jus -Le jus de betterave rouge aide \u00e0 lutter contre la fatigue ? Betterave rouge, Carotte, Pomme, Chou rouge... 240 ml\" \/>\n<meta property=\"og:url\" content=\"https:\/\/www.justy.bio\/fr\/shop\/jus\/energy-jus\/\" \/>\n<meta property=\"og:site_name\" content=\"Justy\" \/>\n<meta property=\"article:publisher\" content=\"https:\/\/www.facebook.com\/justygoodness\" \/>\n<meta property=\"article:modified_time\" content=\"2026-01-06T10:37:31+00:00\" \/>\n<meta property=\"og:image\" content=\"https:\/\/www.justy.bio\/wp-content\/uploads\/2025\/05\/energy-3.webp\" \/>\n\t<meta property=\"og:image:width\" content=\"600\" \/>\n\t<meta property=\"og:image:height\" content=\"450\" \/>\n\t<meta property=\"og:image:type\" content=\"image\/webp\" \/>\n<meta name=\"twitter:card\" content=\"summary_large_image\" \/>\n<meta name=\"twitter:label1\" content=\"Prix\" \/>\n\t<meta name=\"twitter:data1\" content=\"&euro;&nbsp;5,40\" \/>\n\t<meta name=\"twitter:label2\" content=\"Disponibilit\u00e9\" \/>\n\t<meta name=\"twitter:data2\" content=\"En stock\" \/>\n<script type=\"application\/ld+json\" class=\"yoast-schema-graph\">{\"@context\":\"https:\/\/schema.org\",\"@graph\":[{\"@type\":\"WebPage\",\"@id\":\"https:\/\/www.justy.bio\/fr\/shop\/jus\/energy-jus\/\",\"url\":\"https:\/\/www.justy.bio\/fr\/shop\/jus\/energy-jus\/\",\"name\":\"Justy | Jus \u00e9nerg\u00e9tique bio \u00e0 la betterave rouge\",\"isPartOf\":{\"@id\":\"https:\/\/www.justy.bio\/fr\/#website\"},\"primaryImageOfPage\":{\"@id\":\"https:\/\/www.justy.bio\/fr\/shop\/jus\/energy-jus\/#primaryimage\"},\"image\":{\"@id\":\"https:\/\/www.justy.bio\/fr\/shop\/jus\/energy-jus\/#primaryimage\"},\"thumbnailUrl\":\"https:\/\/www.justy.bio\/wp-content\/uploads\/2025\/05\/energy-3.webp\",\"datePublished\":\"2025-05-29T15:33:50+00:00\",\"dateModified\":\"2026-01-06T10:37:31+00:00\",\"description\":\"Energy Jus -Le jus de betterave rouge aide \u00e0 lutter contre la fatigue ? Betterave rouge, Carotte, Pomme, Chou rouge... 240 ml\",\"breadcrumb\":{\"@id\":\"https:\/\/www.justy.bio\/fr\/shop\/jus\/energy-jus\/#breadcrumb\"},\"inLanguage\":\"fr-FR\",\"potentialAction\":[{\"@type\":\"ReadAction\",\"target\":[\"https:\/\/www.justy.bio\/fr\/shop\/jus\/energy-jus\/\"]}]},{\"@type\":\"ImageObject\",\"inLanguage\":\"fr-FR\",\"@id\":\"https:\/\/www.justy.bio\/fr\/shop\/jus\/energy-jus\/#primaryimage\",\"url\":\"https:\/\/www.justy.bio\/wp-content\/uploads\/2025\/05\/energy-3.webp\",\"contentUrl\":\"https:\/\/www.justy.bio\/wp-content\/uploads\/2025\/05\/energy-3.webp\",\"width\":600,\"height\":450},{\"@type\":\"BreadcrumbList\",\"@id\":\"https:\/\/www.justy.bio\/fr\/shop\/jus\/energy-jus\/#breadcrumb\",\"itemListElement\":[{\"@type\":\"ListItem\",\"position\":1,\"name\":\"Shop\",\"item\":\"https:\/\/www.justy.bio\/fr\/shop\/\"},{\"@type\":\"ListItem\",\"position\":2,\"name\":\"Privat: Energy Jus\"}]},{\"@type\":\"WebSite\",\"@id\":\"https:\/\/www.justy.bio\/fr\/#website\",\"url\":\"https:\/\/www.justy.bio\/fr\/\",\"name\":\"Justy\",\"description\":\"\",\"publisher\":{\"@id\":\"https:\/\/www.justy.bio\/fr\/#organization\"},\"potentialAction\":[{\"@type\":\"SearchAction\",\"target\":{\"@type\":\"EntryPoint\",\"urlTemplate\":\"https:\/\/www.justy.bio\/fr\/?s={search_term_string}\"},\"query-input\":{\"@type\":\"PropertyValueSpecification\",\"valueRequired\":true,\"valueName\":\"search_term_string\"}}],\"inLanguage\":\"fr-FR\"},{\"@type\":\"Organization\",\"@id\":\"https:\/\/www.justy.bio\/fr\/#organization\",\"name\":\"Justy\",\"url\":\"https:\/\/www.justy.bio\/fr\/\",\"logo\":{\"@type\":\"ImageObject\",\"inLanguage\":\"fr-FR\",\"@id\":\"https:\/\/www.justy.bio\/fr\/#\/schema\/logo\/image\/\",\"url\":\"https:\/\/www.justy.bio\/wp-content\/uploads\/2023\/10\/Logo.png\",\"contentUrl\":\"https:\/\/www.justy.bio\/wp-content\/uploads\/2023\/10\/Logo.png\",\"width\":218,\"height\":218,\"caption\":\"Justy\"},\"image\":{\"@id\":\"https:\/\/www.justy.bio\/fr\/#\/schema\/logo\/image\/\"},\"sameAs\":[\"https:\/\/www.facebook.com\/justygoodness\",\"https:\/\/www.instagram.com\/justygoodness\/\"]}]}<\/script>\n<meta property=\"product:price:amount\" content=\"5.40\" \/>\n<meta property=\"product:price:currency\" content=\"EUR\" \/>\n<meta property=\"og:availability\" content=\"instock\" \/>\n<meta property=\"product:availability\" content=\"instock\" \/>\n<meta property=\"product:retailer_item_id\" content=\"3301003\" \/>\n<meta property=\"product:condition\" content=\"new\" \/>\n<!-- \/ Yoast SEO Premium plugin. -->","yoast_head_json":{"title":"Justy | Jus \u00e9nerg\u00e9tique bio \u00e0 la betterave rouge","description":"Energy Jus -Le jus de betterave rouge aide \u00e0 lutter contre la fatigue ? Betterave rouge, Carotte, Pomme, Chou rouge... 240 ml","robots":{"index":"index","follow":"follow","max-snippet":"max-snippet:-1","max-image-preview":"max-image-preview:large","max-video-preview":"max-video-preview:-1"},"canonical":"https:\/\/www.justy.bio\/fr\/shop\/jus\/energy-jus\/","og_locale":"fr_FR","og_type":"article","og_title":"Justy | Jus \u00e9nerg\u00e9tique bio \u00e0 la betterave rouge","og_description":"Energy Jus -Le jus de betterave rouge aide \u00e0 lutter contre la fatigue ? Betterave rouge, Carotte, Pomme, Chou rouge... 240 ml","og_url":"https:\/\/www.justy.bio\/fr\/shop\/jus\/energy-jus\/","og_site_name":"Justy","article_publisher":"https:\/\/www.facebook.com\/justygoodness","article_modified_time":"2026-01-06T10:37:31+00:00","og_image":[{"width":600,"height":450,"url":"https:\/\/www.justy.bio\/wp-content\/uploads\/2025\/05\/energy-3.webp","type":"image\/webp"}],"twitter_card":"summary_large_image","twitter_misc":{"Prix":"&euro;&nbsp;5,40","Disponibilit\u00e9":"En stock"},"schema":{"@context":"https:\/\/schema.org","@graph":[{"@type":"WebPage","@id":"https:\/\/www.justy.bio\/fr\/shop\/jus\/energy-jus\/","url":"https:\/\/www.justy.bio\/fr\/shop\/jus\/energy-jus\/","name":"Justy | Jus \u00e9nerg\u00e9tique bio \u00e0 la betterave rouge","isPartOf":{"@id":"https:\/\/www.justy.bio\/fr\/#website"},"primaryImageOfPage":{"@id":"https:\/\/www.justy.bio\/fr\/shop\/jus\/energy-jus\/#primaryimage"},"image":{"@id":"https:\/\/www.justy.bio\/fr\/shop\/jus\/energy-jus\/#primaryimage"},"thumbnailUrl":"https:\/\/www.justy.bio\/wp-content\/uploads\/2025\/05\/energy-3.webp","datePublished":"2025-05-29T15:33:50+00:00","dateModified":"2026-01-06T10:37:31+00:00","description":"Energy Jus -Le jus de betterave rouge aide \u00e0 lutter contre la fatigue ? Betterave rouge, Carotte, Pomme, Chou rouge... 240 ml","breadcrumb":{"@id":"https:\/\/www.justy.bio\/fr\/shop\/jus\/energy-jus\/#breadcrumb"},"inLanguage":"fr-FR","potentialAction":[{"@type":"ReadAction","target":["https:\/\/www.justy.bio\/fr\/shop\/jus\/energy-jus\/"]}]},{"@type":"ImageObject","inLanguage":"fr-FR","@id":"https:\/\/www.justy.bio\/fr\/shop\/jus\/energy-jus\/#primaryimage","url":"https:\/\/www.justy.bio\/wp-content\/uploads\/2025\/05\/energy-3.webp","contentUrl":"https:\/\/www.justy.bio\/wp-content\/uploads\/2025\/05\/energy-3.webp","width":600,"height":450},{"@type":"BreadcrumbList","@id":"https:\/\/www.justy.bio\/fr\/shop\/jus\/energy-jus\/#breadcrumb","itemListElement":[{"@type":"ListItem","position":1,"name":"Shop","item":"https:\/\/www.justy.bio\/fr\/shop\/"},{"@type":"ListItem","position":2,"name":"Privat: Energy Jus"}]},{"@type":"WebSite","@id":"https:\/\/www.justy.bio\/fr\/#website","url":"https:\/\/www.justy.bio\/fr\/","name":"Justy","description":"","publisher":{"@id":"https:\/\/www.justy.bio\/fr\/#organization"},"potentialAction":[{"@type":"SearchAction","target":{"@type":"EntryPoint","urlTemplate":"https:\/\/www.justy.bio\/fr\/?s={search_term_string}"},"query-input":{"@type":"PropertyValueSpecification","valueRequired":true,"valueName":"search_term_string"}}],"inLanguage":"fr-FR"},{"@type":"Organization","@id":"https:\/\/www.justy.bio\/fr\/#organization","name":"Justy","url":"https:\/\/www.justy.bio\/fr\/","logo":{"@type":"ImageObject","inLanguage":"fr-FR","@id":"https:\/\/www.justy.bio\/fr\/#\/schema\/logo\/image\/","url":"https:\/\/www.justy.bio\/wp-content\/uploads\/2023\/10\/Logo.png","contentUrl":"https:\/\/www.justy.bio\/wp-content\/uploads\/2023\/10\/Logo.png","width":218,"height":218,"caption":"Justy"},"image":{"@id":"https:\/\/www.justy.bio\/fr\/#\/schema\/logo\/image\/"},"sameAs":["https:\/\/www.facebook.com\/justygoodness","https:\/\/www.instagram.com\/justygoodness\/"]}]},"product_price_amount":"5.40","product_price_currency":"EUR","og_availability":"instock","product_availability":"instock","product_retailer_item_id":"3301003","product_condition":"new"},"_links":{"self":[{"href":"https:\/\/www.justy.bio\/fr\/wp-json\/wp\/v2\/product\/29255","targetHints":{"allow":["GET"]}}],"collection":[{"href":"https:\/\/www.justy.bio\/fr\/wp-json\/wp\/v2\/product"}],"about":[{"href":"https:\/\/www.justy.bio\/fr\/wp-json\/wp\/v2\/types\/product"}],"replies":[{"embeddable":true,"href":"https:\/\/www.justy.bio\/fr\/wp-json\/wp\/v2\/comments?post=29255"}],"wp:featuredmedia":[{"embeddable":true,"href":"https:\/\/www.justy.bio\/fr\/wp-json\/wp\/v2\/media\/29363"}],"wp:attachment":[{"href":"https:\/\/www.justy.bio\/fr\/wp-json\/wp\/v2\/media?parent=29255"}],"wp:term":[{"taxonomy":"product_brand","embeddable":true,"href":"https:\/\/www.justy.bio\/fr\/wp-json\/wp\/v2\/product_brand?post=29255"},{"taxonomy":"product_cat","embeddable":true,"href":"https:\/\/www.justy.bio\/fr\/wp-json\/wp\/v2\/product_cat?post=29255"},{"taxonomy":"product_tag","embeddable":true,"href":"https:\/\/www.justy.bio\/fr\/wp-json\/wp\/v2\/product_tag?post=29255"}],"curies":[{"name":"wp","href":"https:\/\/api.w.org\/{rel}","templated":true}]}}