{"id":29388,"date":"2025-05-29T17:38:33","date_gmt":"2025-05-29T15:38:33","guid":{"rendered":"https:\/\/www.justy.de\/?post_type=product&#038;p=29388"},"modified":"2026-02-03T15:49:44","modified_gmt":"2026-02-03T14:49:44","slug":"bio-jus-soupe-smoothie-box","status":"publish","type":"product","link":"https:\/\/www.justy.bio\/fr\/shop\/packs\/bio-jus-soupe-smoothie-box\/","title":{"rendered":"BIO Jus, Soupe &amp; Smoothie BOX"},"content":{"rendered":"\n<h2 class=\"wp-block-heading\" id=\"h-boite-de-jus-soupes-et-smoothies-un-coup-de-pouce-savoureux-pour-votre-corps\">Bo\u00eete de jus, soupes et smoothies &#8211; Un coup de pouce savoureux pour votre corps<\/h2>\n\n\n\n<p>D\u00e9couvrez la fa\u00e7on id\u00e9ale de vous nourrir avec notre <strong>bo\u00eete de jus, de soupes et de smoothies<\/strong> &#8211; un m\u00e9lange soigneusement s\u00e9lectionn\u00e9 de <strong>jus biologiques, de soupes de l\u00e9gumes saines et de smoothies rafra\u00eechissants.<\/strong> Cet ensemble vari\u00e9 est con\u00e7u pour alimenter votre corps en <strong>vitamines, min\u00e9raux et antioxydants<\/strong> essentiels, vous aidant ainsi \u00e0 vous sentir dynamique et \u00e9nergique chaque jour.<\/p>\n\n\n\n<p><\/p>\n\n\n\n<h4 class=\"wp-block-heading\" id=\"h-qu-y-a-t-il-a-l-interieur\"><strong>Qu&#8217;y a-t-il \u00e0 l&#8217;int\u00e9rieur ?<\/strong><\/h4>\n\n\n\n<p>\u2714<strong> Des jus bourr\u00e9s d&#8217;\u00e9l\u00e9ments nutritifs &#8211;<\/strong> Une explosion de fruits et de l\u00e9gumes biologiques \u00e0 chaque gorg\u00e9e.<br>\u2714 <strong>Soupes r\u00e9confortantes &#8211;<\/strong> D\u00e9licieusement chaudes et remplies de bienfaits \u00e0 base de plantes.<br>\u2714<strong> Smoothies \u00e9nergisants <\/strong>&#8211; Un concentr\u00e9 de super-aliments comme les bananes, le cacao, les noix du Br\u00e9sil, les avocats, le gingembre et les \u00e9pinards pour une vitalit\u00e9 de tous les instants.<\/p>\n\n\n\n<p><\/p>\n\n\n\n<p>Que vous soyez \u00e0 la recherche d&#8217;une <strong>remise \u00e0 z\u00e9ro de votre sant\u00e9 ou que vous souhaitiez simplement explorer de nouvelles saveurs<\/strong>, cette bo\u00eete est le moyen ultime de vous ressourcer et de vous sentir au mieux de votre forme.<\/p>\n\n\n\n<p><\/p>\n\n\n\n<p><\/p>\n","protected":false},"excerpt":{"rendered":"<p>Une exp\u00e9rience compl\u00e8te, pleine de vitamines et de min\u00e9raux. 12 jus, 4 soupes, 4 smoothies et 2 shots.<\/p>\n","protected":false},"featured_media":190338,"comment_status":"open","ping_status":"closed","template":"","meta":{"_acf_changed":false,"_gspb_post_css":""},"product_brand":[],"product_cat":[850],"product_tag":[866],"class_list":{"0":"post-29388","1":"product","2":"type-product","3":"status-publish","4":"has-post-thumbnail","6":"product_cat-packs","7":"product_tag-import-2","8":"has-subscription-plans","10":"first","11":"instock","12":"sale","13":"taxable","14":"shipping-taxable","15":"purchasable","16":"product-type-easy_product_bundle"},"bundled_by":[],"bundle_stock_status":"instock","bundle_stock_quantity":null,"bundle_virtual":false,"bundle_layout":"","bundle_add_to_cart_form_location":"","bundle_editable_in_cart":false,"bundle_sold_individually_context":"","bundle_item_grouping":"","bundle_min_size":"","bundle_max_size":"","bundle_price":[],"bundled_items":[],"bundle_sell_ids":[],"acf":[],"yoast_head":"<!-- This site is optimized with the Yoast SEO Premium plugin v25.5 (Yoast SEO v25.5) - https:\/\/yoast.com\/wordpress\/plugins\/seo\/ -->\n<title>BIO Jus, Soupes &amp; Smoothies BOX | Justy<\/title>\n<meta name=\"description\" content=\"BIO Jus, Soupes &amp; Smoothies BOX-Une exp\u00e9rience compl\u00e8te, pleine de vitamines et de min\u00e9raux. 12 jus, 5 soupes et 4 smoothies.\" \/>\n<meta name=\"robots\" content=\"index, follow, max-snippet:-1, max-image-preview:large, max-video-preview:-1\" \/>\n<link rel=\"canonical\" href=\"https:\/\/www.justy.bio\/fr\/shop\/packs\/bio-jus-soupe-smoothie-box\/\" \/>\n<meta property=\"og:locale\" content=\"fr_FR\" \/>\n<meta property=\"og:type\" content=\"article\" \/>\n<meta property=\"og:title\" content=\"BIO Jus, Soupes &amp; Smoothies BOX | Justy\" \/>\n<meta property=\"og:description\" content=\"BIO Jus, Soupes &amp; Smoothies BOX-Une exp\u00e9rience compl\u00e8te, pleine de vitamines et de min\u00e9raux. 12 jus, 5 soupes et 4 smoothies.\" \/>\n<meta property=\"og:url\" content=\"https:\/\/www.justy.bio\/fr\/shop\/packs\/bio-jus-soupe-smoothie-box\/\" \/>\n<meta property=\"og:site_name\" content=\"Justy\" \/>\n<meta property=\"article:publisher\" content=\"https:\/\/www.facebook.com\/justygoodness\" \/>\n<meta property=\"article:modified_time\" content=\"2026-02-03T14:49:44+00:00\" \/>\n<meta property=\"og:image\" content=\"https:\/\/www.justy.bio\/wp-content\/uploads\/2025\/05\/BIO-JUS-SOUPE-SMOOTHIE-BOX.jpg\" \/>\n\t<meta property=\"og:image:width\" content=\"1500\" \/>\n\t<meta property=\"og:image:height\" content=\"1500\" \/>\n\t<meta property=\"og:image:type\" content=\"image\/jpeg\" \/>\n<meta name=\"twitter:card\" content=\"summary_large_image\" \/>\n<meta name=\"twitter:label1\" content=\"Prix\" \/>\n\t<meta name=\"twitter:data1\" content=\"&euro;&nbsp;105,00\" \/>\n\t<meta name=\"twitter:label2\" content=\"Disponibilit\u00e9\" \/>\n\t<meta name=\"twitter:data2\" content=\"En stock\" \/>\n<script type=\"application\/ld+json\" class=\"yoast-schema-graph\">{\"@context\":\"https:\/\/schema.org\",\"@graph\":[{\"@type\":\"WebPage\",\"@id\":\"https:\/\/www.justy.bio\/fr\/shop\/packs\/bio-jus-soupe-smoothie-box\/\",\"url\":\"https:\/\/www.justy.bio\/fr\/shop\/packs\/bio-jus-soupe-smoothie-box\/\",\"name\":\"BIO Jus, Soupes & Smoothies BOX | Justy\",\"isPartOf\":{\"@id\":\"https:\/\/www.justy.bio\/fr\/#website\"},\"primaryImageOfPage\":{\"@id\":\"https:\/\/www.justy.bio\/fr\/shop\/packs\/bio-jus-soupe-smoothie-box\/#primaryimage\"},\"image\":{\"@id\":\"https:\/\/www.justy.bio\/fr\/shop\/packs\/bio-jus-soupe-smoothie-box\/#primaryimage\"},\"thumbnailUrl\":\"https:\/\/www.justy.bio\/wp-content\/uploads\/2025\/05\/BIO-JUS-SOUPE-SMOOTHIE-BOX.jpg\",\"datePublished\":\"2025-05-29T15:38:33+00:00\",\"dateModified\":\"2026-02-03T14:49:44+00:00\",\"description\":\"BIO Jus, Soupes & Smoothies BOX-Une exp\u00e9rience compl\u00e8te, pleine de vitamines et de min\u00e9raux. 12 jus, 5 soupes et 4 smoothies.\",\"breadcrumb\":{\"@id\":\"https:\/\/www.justy.bio\/fr\/shop\/packs\/bio-jus-soupe-smoothie-box\/#breadcrumb\"},\"inLanguage\":\"fr-FR\",\"potentialAction\":[{\"@type\":\"ReadAction\",\"target\":[\"https:\/\/www.justy.bio\/fr\/shop\/packs\/bio-jus-soupe-smoothie-box\/\"]}]},{\"@type\":\"ImageObject\",\"inLanguage\":\"fr-FR\",\"@id\":\"https:\/\/www.justy.bio\/fr\/shop\/packs\/bio-jus-soupe-smoothie-box\/#primaryimage\",\"url\":\"https:\/\/www.justy.bio\/wp-content\/uploads\/2025\/05\/BIO-JUS-SOUPE-SMOOTHIE-BOX.jpg\",\"contentUrl\":\"https:\/\/www.justy.bio\/wp-content\/uploads\/2025\/05\/BIO-JUS-SOUPE-SMOOTHIE-BOX.jpg\",\"width\":1500,\"height\":1500},{\"@type\":\"BreadcrumbList\",\"@id\":\"https:\/\/www.justy.bio\/fr\/shop\/packs\/bio-jus-soupe-smoothie-box\/#breadcrumb\",\"itemListElement\":[{\"@type\":\"ListItem\",\"position\":1,\"name\":\"Shop\",\"item\":\"https:\/\/www.justy.bio\/fr\/shop\/\"},{\"@type\":\"ListItem\",\"position\":2,\"name\":\"BIO Jus, Soupe &amp; Smoothie BOX\"}]},{\"@type\":\"WebSite\",\"@id\":\"https:\/\/www.justy.bio\/fr\/#website\",\"url\":\"https:\/\/www.justy.bio\/fr\/\",\"name\":\"Justy\",\"description\":\"\",\"publisher\":{\"@id\":\"https:\/\/www.justy.bio\/fr\/#organization\"},\"potentialAction\":[{\"@type\":\"SearchAction\",\"target\":{\"@type\":\"EntryPoint\",\"urlTemplate\":\"https:\/\/www.justy.bio\/fr\/?s={search_term_string}\"},\"query-input\":{\"@type\":\"PropertyValueSpecification\",\"valueRequired\":true,\"valueName\":\"search_term_string\"}}],\"inLanguage\":\"fr-FR\"},{\"@type\":\"Organization\",\"@id\":\"https:\/\/www.justy.bio\/fr\/#organization\",\"name\":\"Justy\",\"url\":\"https:\/\/www.justy.bio\/fr\/\",\"logo\":{\"@type\":\"ImageObject\",\"inLanguage\":\"fr-FR\",\"@id\":\"https:\/\/www.justy.bio\/fr\/#\/schema\/logo\/image\/\",\"url\":\"https:\/\/www.justy.bio\/wp-content\/uploads\/2023\/10\/Logo.png\",\"contentUrl\":\"https:\/\/www.justy.bio\/wp-content\/uploads\/2023\/10\/Logo.png\",\"width\":218,\"height\":218,\"caption\":\"Justy\"},\"image\":{\"@id\":\"https:\/\/www.justy.bio\/fr\/#\/schema\/logo\/image\/\"},\"sameAs\":[\"https:\/\/www.facebook.com\/justygoodness\",\"https:\/\/www.instagram.com\/justygoodness\/\"]}]}<\/script>\n<meta property=\"product:price:amount\" content=\"105.00\" \/>\n<meta property=\"product:price:currency\" content=\"EUR\" \/>\n<meta property=\"og:availability\" content=\"instock\" \/>\n<meta property=\"product:availability\" content=\"instock\" \/>\n<meta property=\"product:retailer_item_id\" content=\"JUSTY - 000100 -c1\" \/>\n<meta property=\"product:condition\" content=\"new\" \/>\n<!-- \/ Yoast SEO Premium plugin. -->","yoast_head_json":{"title":"BIO Jus, Soupes & Smoothies BOX | Justy","description":"BIO Jus, Soupes & Smoothies BOX-Une exp\u00e9rience compl\u00e8te, pleine de vitamines et de min\u00e9raux. 12 jus, 5 soupes et 4 smoothies.","robots":{"index":"index","follow":"follow","max-snippet":"max-snippet:-1","max-image-preview":"max-image-preview:large","max-video-preview":"max-video-preview:-1"},"canonical":"https:\/\/www.justy.bio\/fr\/shop\/packs\/bio-jus-soupe-smoothie-box\/","og_locale":"fr_FR","og_type":"article","og_title":"BIO Jus, Soupes & Smoothies BOX | Justy","og_description":"BIO Jus, Soupes & Smoothies BOX-Une exp\u00e9rience compl\u00e8te, pleine de vitamines et de min\u00e9raux. 12 jus, 5 soupes et 4 smoothies.","og_url":"https:\/\/www.justy.bio\/fr\/shop\/packs\/bio-jus-soupe-smoothie-box\/","og_site_name":"Justy","article_publisher":"https:\/\/www.facebook.com\/justygoodness","article_modified_time":"2026-02-03T14:49:44+00:00","og_image":[{"width":1500,"height":1500,"url":"https:\/\/www.justy.bio\/wp-content\/uploads\/2025\/05\/BIO-JUS-SOUPE-SMOOTHIE-BOX.jpg","type":"image\/jpeg"}],"twitter_card":"summary_large_image","twitter_misc":{"Prix":"&euro;&nbsp;105,00","Disponibilit\u00e9":"En stock"},"schema":{"@context":"https:\/\/schema.org","@graph":[{"@type":"WebPage","@id":"https:\/\/www.justy.bio\/fr\/shop\/packs\/bio-jus-soupe-smoothie-box\/","url":"https:\/\/www.justy.bio\/fr\/shop\/packs\/bio-jus-soupe-smoothie-box\/","name":"BIO Jus, Soupes & Smoothies BOX | Justy","isPartOf":{"@id":"https:\/\/www.justy.bio\/fr\/#website"},"primaryImageOfPage":{"@id":"https:\/\/www.justy.bio\/fr\/shop\/packs\/bio-jus-soupe-smoothie-box\/#primaryimage"},"image":{"@id":"https:\/\/www.justy.bio\/fr\/shop\/packs\/bio-jus-soupe-smoothie-box\/#primaryimage"},"thumbnailUrl":"https:\/\/www.justy.bio\/wp-content\/uploads\/2025\/05\/BIO-JUS-SOUPE-SMOOTHIE-BOX.jpg","datePublished":"2025-05-29T15:38:33+00:00","dateModified":"2026-02-03T14:49:44+00:00","description":"BIO Jus, Soupes & Smoothies BOX-Une exp\u00e9rience compl\u00e8te, pleine de vitamines et de min\u00e9raux. 12 jus, 5 soupes et 4 smoothies.","breadcrumb":{"@id":"https:\/\/www.justy.bio\/fr\/shop\/packs\/bio-jus-soupe-smoothie-box\/#breadcrumb"},"inLanguage":"fr-FR","potentialAction":[{"@type":"ReadAction","target":["https:\/\/www.justy.bio\/fr\/shop\/packs\/bio-jus-soupe-smoothie-box\/"]}]},{"@type":"ImageObject","inLanguage":"fr-FR","@id":"https:\/\/www.justy.bio\/fr\/shop\/packs\/bio-jus-soupe-smoothie-box\/#primaryimage","url":"https:\/\/www.justy.bio\/wp-content\/uploads\/2025\/05\/BIO-JUS-SOUPE-SMOOTHIE-BOX.jpg","contentUrl":"https:\/\/www.justy.bio\/wp-content\/uploads\/2025\/05\/BIO-JUS-SOUPE-SMOOTHIE-BOX.jpg","width":1500,"height":1500},{"@type":"BreadcrumbList","@id":"https:\/\/www.justy.bio\/fr\/shop\/packs\/bio-jus-soupe-smoothie-box\/#breadcrumb","itemListElement":[{"@type":"ListItem","position":1,"name":"Shop","item":"https:\/\/www.justy.bio\/fr\/shop\/"},{"@type":"ListItem","position":2,"name":"BIO Jus, Soupe &amp; Smoothie BOX"}]},{"@type":"WebSite","@id":"https:\/\/www.justy.bio\/fr\/#website","url":"https:\/\/www.justy.bio\/fr\/","name":"Justy","description":"","publisher":{"@id":"https:\/\/www.justy.bio\/fr\/#organization"},"potentialAction":[{"@type":"SearchAction","target":{"@type":"EntryPoint","urlTemplate":"https:\/\/www.justy.bio\/fr\/?s={search_term_string}"},"query-input":{"@type":"PropertyValueSpecification","valueRequired":true,"valueName":"search_term_string"}}],"inLanguage":"fr-FR"},{"@type":"Organization","@id":"https:\/\/www.justy.bio\/fr\/#organization","name":"Justy","url":"https:\/\/www.justy.bio\/fr\/","logo":{"@type":"ImageObject","inLanguage":"fr-FR","@id":"https:\/\/www.justy.bio\/fr\/#\/schema\/logo\/image\/","url":"https:\/\/www.justy.bio\/wp-content\/uploads\/2023\/10\/Logo.png","contentUrl":"https:\/\/www.justy.bio\/wp-content\/uploads\/2023\/10\/Logo.png","width":218,"height":218,"caption":"Justy"},"image":{"@id":"https:\/\/www.justy.bio\/fr\/#\/schema\/logo\/image\/"},"sameAs":["https:\/\/www.facebook.com\/justygoodness","https:\/\/www.instagram.com\/justygoodness\/"]}]},"product_price_amount":"105.00","product_price_currency":"EUR","og_availability":"instock","product_availability":"instock","product_retailer_item_id":"JUSTY - 000100 -c1","product_condition":"new"},"_links":{"self":[{"href":"https:\/\/www.justy.bio\/fr\/wp-json\/wp\/v2\/product\/29388","targetHints":{"allow":["GET"]}}],"collection":[{"href":"https:\/\/www.justy.bio\/fr\/wp-json\/wp\/v2\/product"}],"about":[{"href":"https:\/\/www.justy.bio\/fr\/wp-json\/wp\/v2\/types\/product"}],"replies":[{"embeddable":true,"href":"https:\/\/www.justy.bio\/fr\/wp-json\/wp\/v2\/comments?post=29388"}],"wp:featuredmedia":[{"embeddable":true,"href":"https:\/\/www.justy.bio\/fr\/wp-json\/wp\/v2\/media\/190338"}],"wp:attachment":[{"href":"https:\/\/www.justy.bio\/fr\/wp-json\/wp\/v2\/media?parent=29388"}],"wp:term":[{"taxonomy":"product_brand","embeddable":true,"href":"https:\/\/www.justy.bio\/fr\/wp-json\/wp\/v2\/product_brand?post=29388"},{"taxonomy":"product_cat","embeddable":true,"href":"https:\/\/www.justy.bio\/fr\/wp-json\/wp\/v2\/product_cat?post=29388"},{"taxonomy":"product_tag","embeddable":true,"href":"https:\/\/www.justy.bio\/fr\/wp-json\/wp\/v2\/product_tag?post=29388"}],"curies":[{"name":"wp","href":"https:\/\/api.w.org\/{rel}","templated":true}]}}