{"id":29390,"date":"2025-05-29T17:36:34","date_gmt":"2025-05-29T15:36:34","guid":{"rendered":"https:\/\/www.justy.de\/?post_type=product&#038;p=29390"},"modified":"2026-04-28T09:27:02","modified_gmt":"2026-04-28T07:27:02","slug":"happy-fruit-jus","status":"publish","type":"product","link":"https:\/\/www.justy.bio\/fr\/shop\/jus\/happy-fruit-jus\/","title":{"rendered":"Jus de fruits heureux"},"content":{"rendered":"\n<h3 class=\"wp-block-heading\" id=\"h-this-tropical-delight-is-guaranteed-to-bring-a-smile-to-your-face-with-flavours-like-mango-passion-fruit-and-orange-this-juice-is-a-treat-for-your-taste-buds-but-the-delicious-taste-is-not-the-only-thing-to-get-happy-about-as-the-juice-also-provides-a-nice-dose-of-vitamin-c-which-is-good-for-your-mood-with-every-sip-you-imagine-yourself-in-a-tropical-country-with-snow-white-beaches-your-feet-in-the-sand-and-the-sun-in-the-sky\">Ce d\u00e9lice tropical ne manquera pas de vous donner le sourire. Avec des saveurs comme la mangue, le fruit de la passion et l&#8217;orange, ce jus est un r\u00e9gal pour les papilles. Mais le go\u00fbt d\u00e9licieux n&#8217;est pas la seule raison de se r\u00e9jouir, car le jus fournit \u00e9galement une bonne dose de vitamine C, ce qui est bon pour l&#8217;humeur. \u00c0 chaque gorg\u00e9e, vous vous imaginez dans un pays tropical, avec des plages blanches comme la neige, les pieds dans le sable et le soleil dans le ciel.   <\/h3>\n\n<div style=\"height:40px\" aria-hidden=\"true\" class=\"wp-block-spacer\"><\/div>\n\n<h2 class=\"wp-block-heading\" id=\"what-makes-our-happy-fruit-juice-healthy\">Qu&#8217;est-ce qui fait que notre jus de fruits Happy est bon pour la sant\u00e9 ?<\/h2>\n\n<div style=\"height:20px\" aria-hidden=\"true\" class=\"wp-block-spacer\"><\/div>\n\n<p>Happy est un heureux m\u00e9lange de vitamines et de min\u00e9raux. La premi\u00e8re vitamine que nous souhaitons mettre en avant est la vitamine A, car ce g\u00e9ant n&#8217;est pas seulement important pour votre peau, mais contribue \u00e9galement au fonctionnement normal de votre syst\u00e8me immunitaire et est b\u00e9n\u00e9fique pour votre vue. La vitamine C est \u00e9galement abondante dans ce jus, principalement gr\u00e2ce aux ar\u00f4mes de mangue et d&#8217;orange. La vitamine C est b\u00e9n\u00e9fique pour l&#8217;humeur et contribue \u00e0 donner de l&#8217;\u00e9nergie en cas de fatigue. La teneur en potassium provient principalement de la betterave jaune, ce qui est b\u00e9n\u00e9fique pour la tension art\u00e9rielle et contribue au fonctionnement normal des muscles et des nerfs. En outre, le cuivre contenu dans ce jus favorise le transport du fer dans l&#8217;organisme et contribue \u00e0 la protection contre les influences ext\u00e9rieures gr\u00e2ce \u00e0 sa fonction d&#8217;antioxydant.     <\/p>\n\n<div style=\"height:40px\" aria-hidden=\"true\" class=\"wp-block-spacer\"><\/div>\n\n<h2 class=\"wp-block-heading\" id=\"taste-of-the-happy-fruit-juice\">Le go\u00fbt du jus de fruit Happy<\/h2>\n\n<div style=\"height:20px\" aria-hidden=\"true\" class=\"wp-block-spacer\"><\/div>\n\n<p>Ce jus tropical donne l&#8217;impression que le soleil brille \u00e0 chaque gorg\u00e9e. La saveur douce et moelleuse de la mangue arrive en premier, cr\u00e9ant une d\u00e9licieuse explosion de saveurs dans votre bouche. Elle est suivie par la saveur rafra\u00eechissante de l&#8217;orange. Vous \u00eates un d\u00e9gustateur exp\u00e9riment\u00e9 ? Vous reconna\u00eetrez certainement les ar\u00f4mes typiques du fruit de la passion. L&#8217;arri\u00e8re-go\u00fbt est agr\u00e9able et surprenant, avec des notes subtiles de gingembre et de curcuma.     <\/p>\n\n<p><\/p>\n\n<p>&#8220;Nos jus sont un excellent compl\u00e9ment \u00e0 un r\u00e9gime alimentaire vari\u00e9 et \u00e9quilibr\u00e9 et \u00e0 un mode de vie sain.<\/p>\n\n<p><\/p>\n","protected":false},"excerpt":{"rendered":"<p>Vitamin Boost pour un sourire tropical !<\/p>\n","protected":false},"featured_media":29393,"comment_status":"closed","ping_status":"closed","template":"","meta":{"_acf_changed":true,"_gspb_post_css":""},"product_brand":[],"product_cat":[720],"product_tag":[866],"class_list":{"0":"post-29390","1":"product","2":"type-product","3":"status-publish","4":"has-post-thumbnail","6":"product_cat-jus","7":"product_tag-import-2","8":"has-subscription-plans","10":"first","11":"instock","12":"sale","13":"taxable","14":"shipping-taxable","15":"purchasable","16":"product-type-simple"},"bundled_by":[],"bundle_stock_status":"instock","bundle_stock_quantity":null,"bundle_virtual":false,"bundle_layout":"","bundle_add_to_cart_form_location":"","bundle_editable_in_cart":false,"bundle_sold_individually_context":"","bundle_item_grouping":"","bundle_min_size":"","bundle_max_size":"","bundle_price":[],"bundled_items":[],"bundle_sell_ids":[],"acf":[],"yoast_head":"<!-- This site is optimized with the Yoast SEO Premium plugin v25.5 (Yoast SEO v25.5) - https:\/\/yoast.com\/wordpress\/plugins\/seo\/ -->\n<title>Happy Fruit Organic Juice 240ml | Fruits tropicaux et bonnes vibrations | Justy.<\/title>\n<meta name=\"description\" content=\"Le jus parfait, un m\u00e9lange exotique d&#039;ananas, de mangue et de pomme pour illuminer votre journ\u00e9e avec du soleil, des vitamines et une saveur bienfaisante.\" \/>\n<meta name=\"robots\" content=\"index, follow, max-snippet:-1, max-image-preview:large, max-video-preview:-1\" \/>\n<link rel=\"canonical\" href=\"https:\/\/www.justy.bio\/fr\/shop\/jus\/happy-fruit-jus\/\" \/>\n<meta property=\"og:locale\" content=\"fr_FR\" \/>\n<meta property=\"og:type\" content=\"article\" \/>\n<meta property=\"og:title\" content=\"Happy Fruit Organic Juice 240ml | Fruits tropicaux et bonnes vibrations | Justy.\" \/>\n<meta property=\"og:description\" content=\"Le jus parfait, un m\u00e9lange exotique d&#039;ananas, de mangue et de pomme pour illuminer votre journ\u00e9e avec du soleil, des vitamines et une saveur bienfaisante.\" \/>\n<meta property=\"og:url\" content=\"https:\/\/www.justy.bio\/fr\/shop\/jus\/happy-fruit-jus\/\" \/>\n<meta property=\"og:site_name\" content=\"Justy\" \/>\n<meta property=\"article:publisher\" content=\"https:\/\/www.facebook.com\/justygoodness\" \/>\n<meta property=\"article:modified_time\" content=\"2026-04-28T07:27:02+00:00\" \/>\n<meta property=\"og:image\" content=\"https:\/\/www.justy.bio\/wp-content\/uploads\/2025\/05\/happy.webp\" \/>\n\t<meta property=\"og:image:width\" content=\"600\" \/>\n\t<meta property=\"og:image:height\" content=\"450\" \/>\n\t<meta property=\"og:image:type\" content=\"image\/webp\" \/>\n<meta name=\"twitter:card\" content=\"summary_large_image\" \/>\n<meta name=\"twitter:label1\" content=\"Prix\" \/>\n\t<meta name=\"twitter:data1\" content=\"&euro;&nbsp;5,40\" \/>\n\t<meta name=\"twitter:label2\" content=\"Disponibilit\u00e9\" \/>\n\t<meta name=\"twitter:data2\" content=\"En stock\" \/>\n<script type=\"application\/ld+json\" class=\"yoast-schema-graph\">{\"@context\":\"https:\/\/schema.org\",\"@graph\":[{\"@type\":\"WebPage\",\"@id\":\"https:\/\/www.justy.bio\/fr\/shop\/jus\/happy-fruit-jus\/\",\"url\":\"https:\/\/www.justy.bio\/fr\/shop\/jus\/happy-fruit-jus\/\",\"name\":\"Happy Fruit Organic Juice 240ml | Fruits tropicaux et bonnes vibrations | Justy.\",\"isPartOf\":{\"@id\":\"https:\/\/www.justy.bio\/fr\/#website\"},\"primaryImageOfPage\":{\"@id\":\"https:\/\/www.justy.bio\/fr\/shop\/jus\/happy-fruit-jus\/#primaryimage\"},\"image\":{\"@id\":\"https:\/\/www.justy.bio\/fr\/shop\/jus\/happy-fruit-jus\/#primaryimage\"},\"thumbnailUrl\":\"https:\/\/www.justy.bio\/wp-content\/uploads\/2025\/05\/happy.webp\",\"datePublished\":\"2025-05-29T15:36:34+00:00\",\"dateModified\":\"2026-04-28T07:27:02+00:00\",\"description\":\"Le jus parfait, un m\u00e9lange exotique d'ananas, de mangue et de pomme pour illuminer votre journ\u00e9e avec du soleil, des vitamines et une saveur bienfaisante.\",\"breadcrumb\":{\"@id\":\"https:\/\/www.justy.bio\/fr\/shop\/jus\/happy-fruit-jus\/#breadcrumb\"},\"inLanguage\":\"fr-FR\",\"potentialAction\":[{\"@type\":\"ReadAction\",\"target\":[\"https:\/\/www.justy.bio\/fr\/shop\/jus\/happy-fruit-jus\/\"]}]},{\"@type\":\"ImageObject\",\"inLanguage\":\"fr-FR\",\"@id\":\"https:\/\/www.justy.bio\/fr\/shop\/jus\/happy-fruit-jus\/#primaryimage\",\"url\":\"https:\/\/www.justy.bio\/wp-content\/uploads\/2025\/05\/happy.webp\",\"contentUrl\":\"https:\/\/www.justy.bio\/wp-content\/uploads\/2025\/05\/happy.webp\",\"width\":600,\"height\":450},{\"@type\":\"BreadcrumbList\",\"@id\":\"https:\/\/www.justy.bio\/fr\/shop\/jus\/happy-fruit-jus\/#breadcrumb\",\"itemListElement\":[{\"@type\":\"ListItem\",\"position\":1,\"name\":\"Shop\",\"item\":\"https:\/\/www.justy.bio\/fr\/shop\/\"},{\"@type\":\"ListItem\",\"position\":2,\"name\":\"Jus de fruits heureux\"}]},{\"@type\":\"WebSite\",\"@id\":\"https:\/\/www.justy.bio\/fr\/#website\",\"url\":\"https:\/\/www.justy.bio\/fr\/\",\"name\":\"Justy\",\"description\":\"\",\"publisher\":{\"@id\":\"https:\/\/www.justy.bio\/fr\/#organization\"},\"potentialAction\":[{\"@type\":\"SearchAction\",\"target\":{\"@type\":\"EntryPoint\",\"urlTemplate\":\"https:\/\/www.justy.bio\/fr\/?s={search_term_string}\"},\"query-input\":{\"@type\":\"PropertyValueSpecification\",\"valueRequired\":true,\"valueName\":\"search_term_string\"}}],\"inLanguage\":\"fr-FR\"},{\"@type\":\"Organization\",\"@id\":\"https:\/\/www.justy.bio\/fr\/#organization\",\"name\":\"Justy\",\"url\":\"https:\/\/www.justy.bio\/fr\/\",\"logo\":{\"@type\":\"ImageObject\",\"inLanguage\":\"fr-FR\",\"@id\":\"https:\/\/www.justy.bio\/fr\/#\/schema\/logo\/image\/\",\"url\":\"https:\/\/www.justy.bio\/wp-content\/uploads\/2023\/10\/Logo.png\",\"contentUrl\":\"https:\/\/www.justy.bio\/wp-content\/uploads\/2023\/10\/Logo.png\",\"width\":218,\"height\":218,\"caption\":\"Justy\"},\"image\":{\"@id\":\"https:\/\/www.justy.bio\/fr\/#\/schema\/logo\/image\/\"},\"sameAs\":[\"https:\/\/www.facebook.com\/justygoodness\",\"https:\/\/www.instagram.com\/justygoodness\/\"]}]}<\/script>\n<meta property=\"product:price:amount\" content=\"5.40\" \/>\n<meta property=\"product:price:currency\" content=\"EUR\" \/>\n<meta property=\"og:availability\" content=\"instock\" \/>\n<meta property=\"product:availability\" content=\"instock\" \/>\n<meta property=\"product:retailer_item_id\" content=\"3301022\" \/>\n<meta property=\"product:condition\" content=\"new\" \/>\n<!-- \/ Yoast SEO Premium plugin. -->","yoast_head_json":{"title":"Happy Fruit Organic Juice 240ml | Fruits tropicaux et bonnes vibrations | Justy.","description":"Le jus parfait, un m\u00e9lange exotique d'ananas, de mangue et de pomme pour illuminer votre journ\u00e9e avec du soleil, des vitamines et une saveur bienfaisante.","robots":{"index":"index","follow":"follow","max-snippet":"max-snippet:-1","max-image-preview":"max-image-preview:large","max-video-preview":"max-video-preview:-1"},"canonical":"https:\/\/www.justy.bio\/fr\/shop\/jus\/happy-fruit-jus\/","og_locale":"fr_FR","og_type":"article","og_title":"Happy Fruit Organic Juice 240ml | Fruits tropicaux et bonnes vibrations | Justy.","og_description":"Le jus parfait, un m\u00e9lange exotique d'ananas, de mangue et de pomme pour illuminer votre journ\u00e9e avec du soleil, des vitamines et une saveur bienfaisante.","og_url":"https:\/\/www.justy.bio\/fr\/shop\/jus\/happy-fruit-jus\/","og_site_name":"Justy","article_publisher":"https:\/\/www.facebook.com\/justygoodness","article_modified_time":"2026-04-28T07:27:02+00:00","og_image":[{"width":600,"height":450,"url":"https:\/\/www.justy.bio\/wp-content\/uploads\/2025\/05\/happy.webp","type":"image\/webp"}],"twitter_card":"summary_large_image","twitter_misc":{"Prix":"&euro;&nbsp;5,40","Disponibilit\u00e9":"En stock"},"schema":{"@context":"https:\/\/schema.org","@graph":[{"@type":"WebPage","@id":"https:\/\/www.justy.bio\/fr\/shop\/jus\/happy-fruit-jus\/","url":"https:\/\/www.justy.bio\/fr\/shop\/jus\/happy-fruit-jus\/","name":"Happy Fruit Organic Juice 240ml | Fruits tropicaux et bonnes vibrations | Justy.","isPartOf":{"@id":"https:\/\/www.justy.bio\/fr\/#website"},"primaryImageOfPage":{"@id":"https:\/\/www.justy.bio\/fr\/shop\/jus\/happy-fruit-jus\/#primaryimage"},"image":{"@id":"https:\/\/www.justy.bio\/fr\/shop\/jus\/happy-fruit-jus\/#primaryimage"},"thumbnailUrl":"https:\/\/www.justy.bio\/wp-content\/uploads\/2025\/05\/happy.webp","datePublished":"2025-05-29T15:36:34+00:00","dateModified":"2026-04-28T07:27:02+00:00","description":"Le jus parfait, un m\u00e9lange exotique d'ananas, de mangue et de pomme pour illuminer votre journ\u00e9e avec du soleil, des vitamines et une saveur bienfaisante.","breadcrumb":{"@id":"https:\/\/www.justy.bio\/fr\/shop\/jus\/happy-fruit-jus\/#breadcrumb"},"inLanguage":"fr-FR","potentialAction":[{"@type":"ReadAction","target":["https:\/\/www.justy.bio\/fr\/shop\/jus\/happy-fruit-jus\/"]}]},{"@type":"ImageObject","inLanguage":"fr-FR","@id":"https:\/\/www.justy.bio\/fr\/shop\/jus\/happy-fruit-jus\/#primaryimage","url":"https:\/\/www.justy.bio\/wp-content\/uploads\/2025\/05\/happy.webp","contentUrl":"https:\/\/www.justy.bio\/wp-content\/uploads\/2025\/05\/happy.webp","width":600,"height":450},{"@type":"BreadcrumbList","@id":"https:\/\/www.justy.bio\/fr\/shop\/jus\/happy-fruit-jus\/#breadcrumb","itemListElement":[{"@type":"ListItem","position":1,"name":"Shop","item":"https:\/\/www.justy.bio\/fr\/shop\/"},{"@type":"ListItem","position":2,"name":"Jus de fruits heureux"}]},{"@type":"WebSite","@id":"https:\/\/www.justy.bio\/fr\/#website","url":"https:\/\/www.justy.bio\/fr\/","name":"Justy","description":"","publisher":{"@id":"https:\/\/www.justy.bio\/fr\/#organization"},"potentialAction":[{"@type":"SearchAction","target":{"@type":"EntryPoint","urlTemplate":"https:\/\/www.justy.bio\/fr\/?s={search_term_string}"},"query-input":{"@type":"PropertyValueSpecification","valueRequired":true,"valueName":"search_term_string"}}],"inLanguage":"fr-FR"},{"@type":"Organization","@id":"https:\/\/www.justy.bio\/fr\/#organization","name":"Justy","url":"https:\/\/www.justy.bio\/fr\/","logo":{"@type":"ImageObject","inLanguage":"fr-FR","@id":"https:\/\/www.justy.bio\/fr\/#\/schema\/logo\/image\/","url":"https:\/\/www.justy.bio\/wp-content\/uploads\/2023\/10\/Logo.png","contentUrl":"https:\/\/www.justy.bio\/wp-content\/uploads\/2023\/10\/Logo.png","width":218,"height":218,"caption":"Justy"},"image":{"@id":"https:\/\/www.justy.bio\/fr\/#\/schema\/logo\/image\/"},"sameAs":["https:\/\/www.facebook.com\/justygoodness","https:\/\/www.instagram.com\/justygoodness\/"]}]},"product_price_amount":"5.40","product_price_currency":"EUR","og_availability":"instock","product_availability":"instock","product_retailer_item_id":"3301022","product_condition":"new"},"_links":{"self":[{"href":"https:\/\/www.justy.bio\/fr\/wp-json\/wp\/v2\/product\/29390","targetHints":{"allow":["GET"]}}],"collection":[{"href":"https:\/\/www.justy.bio\/fr\/wp-json\/wp\/v2\/product"}],"about":[{"href":"https:\/\/www.justy.bio\/fr\/wp-json\/wp\/v2\/types\/product"}],"replies":[{"embeddable":true,"href":"https:\/\/www.justy.bio\/fr\/wp-json\/wp\/v2\/comments?post=29390"}],"wp:featuredmedia":[{"embeddable":true,"href":"https:\/\/www.justy.bio\/fr\/wp-json\/wp\/v2\/media\/29393"}],"wp:attachment":[{"href":"https:\/\/www.justy.bio\/fr\/wp-json\/wp\/v2\/media?parent=29390"}],"wp:term":[{"taxonomy":"product_brand","embeddable":true,"href":"https:\/\/www.justy.bio\/fr\/wp-json\/wp\/v2\/product_brand?post=29390"},{"taxonomy":"product_cat","embeddable":true,"href":"https:\/\/www.justy.bio\/fr\/wp-json\/wp\/v2\/product_cat?post=29390"},{"taxonomy":"product_tag","embeddable":true,"href":"https:\/\/www.justy.bio\/fr\/wp-json\/wp\/v2\/product_tag?post=29390"}],"curies":[{"name":"wp","href":"https:\/\/api.w.org\/{rel}","templated":true}]}}