{"id":29445,"date":"2025-05-29T17:25:04","date_gmt":"2025-05-29T15:25:04","guid":{"rendered":"https:\/\/www.justy.de\/?post_type=product&#038;p=29445"},"modified":"2026-02-03T15:49:44","modified_gmt":"2026-02-03T14:49:44","slug":"cure-essentielle-3-jours","status":"publish","type":"product","link":"https:\/\/www.justy.bio\/fr\/shop\/cure-detox\/cure-essentielle-3-jours\/","title":{"rendered":"Cure Essentielle 3 jours"},"content":{"rendered":"\n<h2 class=\"wp-block-heading\" id=\"h-commencer-un-cure-detox-le-programme-ideal-pour-debutants\">Commencer un cure detox : le programme id\u00e9al pour d\u00e9butants<\/h2>\n\n\n\n<p>Nous savons qu\u2019un premier pas dans le monde du detox peut sembler intimidant. C\u2019est pourquoi nous avons cr\u00e9\u00e9 notre programme de&nbsp;<strong>3 jours<\/strong>&nbsp;pour d\u00e9butants, con\u00e7u sp\u00e9cialement, pour vous offrir une exp\u00e9rience accessible, savoureuse et b\u00e9n\u00e9fique. Ce plan contient&nbsp;<strong>15 jus&nbsp;<\/strong>et&nbsp;<strong>3 soupes<\/strong>, une combinaison \u00e9quilibr\u00e9e et vari\u00e9e qui vous permet de profiter des bienfaits d\u2019une&nbsp;<strong>cure detox<\/strong>, m\u00eame si c&#8217;est votre premi\u00e8re cure.<\/p>\n\n\n\n<p><\/p>\n\n\n\n<h2 class=\"wp-block-heading\" id=\"h-pourquoi-commencer-un-cure-detox-avec-justy\">Pourquoi commencer un cure detox avec JUSTY ?<\/h2>\n\n\n\n<ol class=\"wp-block-list\">\n<li><strong>Facile \u00e0 suivre:<\/strong>\u00a0Cette\u00a0<strong>cure detox<\/strong>, est con\u00e7u pour vous offrir une transition douce vers une alimentation detox. Pas besoin d\u2019\u00eatre un expert, ce plan est parfait pour ceux qui veulent commencer une\u00a0<strong>cure detox<\/strong>\u00a0sans effort.<\/li>\n\n\n\n<li><strong>Des ingr\u00e9dients 100 % bio<\/strong>: Chaque jus et chaque soupe est pr\u00e9par\u00e9 avec des fruits, l\u00e9gumes, herbes et \u00e9pices ultra-frais, press\u00e9s \u00e0 froid pour pr\u00e9server leurs nutriments.<\/li>\n\n\n\n<li><strong>Des saveurs vari\u00e9es:<\/strong>\u00a0D\u00e9couvrez une grande s\u00e9lection parmi nos recettes. Chaque bouteille vous permet de savourer une explosion de go\u00fbts tout en apportant des nutriments essentiels \u00e0 votre corps.<\/li>\n\n\n\n<li><strong>Une exp\u00e9rience \u00e9conomique et pratique:<\/strong>\u00a0Non seulement ce coffret est 5 % moins cher qu\u2019un achat individuel, mais il est aussi livr\u00e9 directement chez vous, pr\u00eat \u00e0 \u00eatre d\u00e9gust\u00e9.<\/li>\n<\/ol>\n\n\n\n<p><\/p>\n\n\n\n<h2 class=\"wp-block-heading\" id=\"h-quels-sont-les-bienfaits-et-les-symptomes-d-une-cure-detox\">Quels sont les bienfaits et les sympt\u00f4mes d\u2019une cure detox ?<\/h2>\n\n\n\n<p>Commencer une&nbsp;<strong>cure detox<\/strong>&nbsp;vous permet de&nbsp;<strong>purifier&nbsp;<\/strong>votre organisme en profondeur, d\u2019am\u00e9liorer votre&nbsp;<strong>digestion&nbsp;<\/strong>et d\u2019augmenter votre&nbsp;<strong>\u00e9nergie<\/strong>. Cependant, il est normal de ressentir quelques sympt\u00f4mes transitoires les premiers jours, tels qu\u2019une l\u00e9g\u00e8re fatigue ou des maux de t\u00eate. Ces signes montrent que votre corps&nbsp;<strong>\u00e9limine les toxines&nbsp;<\/strong>et s\u2019adapte \u00e0 cette nouvelle alimentation. Ne vous inqui\u00e9tez pas, ces effets disparaissent rapidement, laissant place \u00e0 une sensation de l\u00e9g\u00e8ret\u00e9 et de bien-\u00eatre.<\/p>\n\n\n\n<p><\/p>\n\n\n\n<h2 class=\"wp-block-heading\" id=\"h-pourquoi-notre-cure-detox-est-parfaite-pour-les-debutants\">Pourquoi notre cure detox est parfaite pour les d\u00e9butants ?<\/h2>\n\n\n\n<ul class=\"wp-block-list\">\n<li><strong>Simplicit\u00e9:<\/strong>\u00a0Il vous suffit de d\u00e9congeler les jus et les soupes, puis de les savourer. Aucun stress, juste du bien-\u00eatre.<\/li>\n\n\n\n<li><strong>Un \u00e9quilibre optimal:<\/strong>\u00a0Gr\u00e2ce \u00e0 une s\u00e9lection minutieuse, cette cure vous apporte toutes les vitamines, min\u00e9raux et antioxydants dont votre corps a besoin pour d\u00e9marrer en douceur.<\/li>\n\n\n\n<li><strong>Une porte d\u2019entr\u00e9e dans le monde du detox:<\/strong>\u00a0Ce programme de\u00a0<strong>3 jours<\/strong>\u00a0est id\u00e9al pour commencer une cure detox et explorer les bienfaits du detox pour adopter de nouvelles habitudes alimentaires saines.<\/li>\n<\/ul>\n\n\n\n<p><\/p>\n\n\n\n<h3 class=\"wp-block-heading\" id=\"h-alors-pret-a-commencer-un-cure-detox-et-a-offrir-a-votre-corps-le-soin-qu-il-merite\"><strong>Alors ? pr\u00eat \u00e0 commencer un cure detox et \u00e0 offrir \u00e0 votre corps le soin qu\u2019il m\u00e9rite ?<\/strong><\/h3>\n\n\n\n<p>Commandez votre cure detox d\u00e8s aujourd\u2019hui et choisissez la date de livraison qui vous convient le mieux. Vous n\u2019avez plus qu\u2019\u00e0 savourer des jus et soupes frais, sains et d\u00e9licieux.<\/p>\n\n\n\n<p>Offrez \u00e0 votre corps un nouveau d\u00e9part en douceur avec notre<strong>&nbsp;programme detox de 3 jours pour d\u00e9butants<\/strong>&nbsp;!<\/p>\n\n\n\n<p><\/p>\n","protected":false},"excerpt":{"rendered":"<p>Difficult\u00e9 facile. Plus de 7 kilos de l\u00e9gumes ! Tr\u00e8s faible en sucre.<\/p>\n","protected":false},"featured_media":192788,"comment_status":"closed","ping_status":"closed","template":"","meta":{"_acf_changed":true,"_gspb_post_css":""},"product_brand":[],"product_cat":[769],"product_tag":[866],"class_list":{"0":"post-29445","1":"product","2":"type-product","3":"status-publish","4":"has-post-thumbnail","6":"product_cat-cure-detox","7":"product_tag-import-2","8":"has-subscription-plans","10":"first","11":"instock","12":"taxable","13":"shipping-taxable","14":"purchasable","15":"product-type-easy_product_bundle"},"bundled_by":[],"bundle_stock_status":"instock","bundle_stock_quantity":null,"bundle_virtual":false,"bundle_layout":"","bundle_add_to_cart_form_location":"","bundle_editable_in_cart":false,"bundle_sold_individually_context":"","bundle_item_grouping":"","bundle_min_size":"","bundle_max_size":"","bundle_price":[],"bundled_items":[],"bundle_sell_ids":[],"acf":[],"yoast_head":"<!-- This site is optimized with the Yoast SEO Premium plugin v25.5 (Yoast SEO v25.5) - https:\/\/yoast.com\/wordpress\/plugins\/seo\/ -->\n<title>Cure Essentiellle 3 jours | Justy<\/title>\n<meta name=\"description\" content=\"Offrez \u00e0 votre corps une d\u00e9tox douce avec notre cure de 3 jours : 15 jus &amp; 3 soupes bio, press\u00e9s \u00e0 froid. Id\u00e9ale pour d\u00e9buter en toute simplicit\u00e9.\" \/>\n<meta name=\"robots\" content=\"index, follow, max-snippet:-1, max-image-preview:large, max-video-preview:-1\" \/>\n<link rel=\"canonical\" href=\"https:\/\/www.justy.bio\/fr\/shop\/cure-detox\/cure-essentielle-3-jours\/\" \/>\n<meta property=\"og:locale\" content=\"fr_FR\" \/>\n<meta property=\"og:type\" content=\"article\" \/>\n<meta property=\"og:title\" content=\"Cure Essentiellle 3 jours | Justy\" \/>\n<meta property=\"og:description\" content=\"Offrez \u00e0 votre corps une d\u00e9tox douce avec notre cure de 3 jours : 15 jus &amp; 3 soupes bio, press\u00e9s \u00e0 froid. Id\u00e9ale pour d\u00e9buter en toute simplicit\u00e9.\" \/>\n<meta property=\"og:url\" content=\"https:\/\/www.justy.bio\/fr\/shop\/cure-detox\/cure-essentielle-3-jours\/\" \/>\n<meta property=\"og:site_name\" content=\"Justy\" \/>\n<meta property=\"article:publisher\" content=\"https:\/\/www.facebook.com\/justygoodness\" \/>\n<meta property=\"article:modified_time\" content=\"2026-02-03T14:49:44+00:00\" \/>\n<meta property=\"og:image\" content=\"https:\/\/www.justy.bio\/wp-content\/uploads\/2025\/05\/A-KIDS-BOX.png\" \/>\n\t<meta property=\"og:image:width\" content=\"1024\" \/>\n\t<meta property=\"og:image:height\" content=\"768\" \/>\n\t<meta property=\"og:image:type\" content=\"image\/png\" \/>\n<meta name=\"twitter:card\" content=\"summary_large_image\" \/>\n<meta name=\"twitter:label1\" content=\"Prix\" \/>\n\t<meta name=\"twitter:data1\" content=\"&euro;&nbsp;99,00\" \/>\n\t<meta name=\"twitter:label2\" content=\"Disponibilit\u00e9\" \/>\n\t<meta name=\"twitter:data2\" content=\"En stock\" \/>\n<script type=\"application\/ld+json\" class=\"yoast-schema-graph\">{\"@context\":\"https:\/\/schema.org\",\"@graph\":[{\"@type\":\"WebPage\",\"@id\":\"https:\/\/www.justy.bio\/fr\/shop\/cure-detox\/cure-essentielle-3-jours\/\",\"url\":\"https:\/\/www.justy.bio\/fr\/shop\/cure-detox\/cure-essentielle-3-jours\/\",\"name\":\"Cure Essentiellle 3 jours | Justy\",\"isPartOf\":{\"@id\":\"https:\/\/www.justy.bio\/fr\/#website\"},\"primaryImageOfPage\":{\"@id\":\"https:\/\/www.justy.bio\/fr\/shop\/cure-detox\/cure-essentielle-3-jours\/#primaryimage\"},\"image\":{\"@id\":\"https:\/\/www.justy.bio\/fr\/shop\/cure-detox\/cure-essentielle-3-jours\/#primaryimage\"},\"thumbnailUrl\":\"https:\/\/www.justy.bio\/wp-content\/uploads\/2025\/05\/21_afterDetox-f5eeee-2-scaled.jpg\",\"datePublished\":\"2025-05-29T15:25:04+00:00\",\"dateModified\":\"2026-02-03T14:49:44+00:00\",\"description\":\"Offrez \u00e0 votre corps une d\u00e9tox douce avec notre cure de 3 jours : 15 jus & 3 soupes bio, press\u00e9s \u00e0 froid. Id\u00e9ale pour d\u00e9buter en toute simplicit\u00e9.\",\"breadcrumb\":{\"@id\":\"https:\/\/www.justy.bio\/fr\/shop\/cure-detox\/cure-essentielle-3-jours\/#breadcrumb\"},\"inLanguage\":\"fr-FR\",\"potentialAction\":[{\"@type\":\"ReadAction\",\"target\":[\"https:\/\/www.justy.bio\/fr\/shop\/cure-detox\/cure-essentielle-3-jours\/\"]}]},{\"@type\":\"ImageObject\",\"inLanguage\":\"fr-FR\",\"@id\":\"https:\/\/www.justy.bio\/fr\/shop\/cure-detox\/cure-essentielle-3-jours\/#primaryimage\",\"url\":\"https:\/\/www.justy.bio\/wp-content\/uploads\/2025\/05\/21_afterDetox-f5eeee-2-scaled.jpg\",\"contentUrl\":\"https:\/\/www.justy.bio\/wp-content\/uploads\/2025\/05\/21_afterDetox-f5eeee-2-scaled.jpg\",\"width\":1707,\"height\":2560},{\"@type\":\"BreadcrumbList\",\"@id\":\"https:\/\/www.justy.bio\/fr\/shop\/cure-detox\/cure-essentielle-3-jours\/#breadcrumb\",\"itemListElement\":[{\"@type\":\"ListItem\",\"position\":1,\"name\":\"Shop\",\"item\":\"https:\/\/www.justy.bio\/fr\/shop\/\"},{\"@type\":\"ListItem\",\"position\":2,\"name\":\"Cure Essentielle 3 jours\"}]},{\"@type\":\"WebSite\",\"@id\":\"https:\/\/www.justy.bio\/fr\/#website\",\"url\":\"https:\/\/www.justy.bio\/fr\/\",\"name\":\"Justy\",\"description\":\"\",\"publisher\":{\"@id\":\"https:\/\/www.justy.bio\/fr\/#organization\"},\"potentialAction\":[{\"@type\":\"SearchAction\",\"target\":{\"@type\":\"EntryPoint\",\"urlTemplate\":\"https:\/\/www.justy.bio\/fr\/?s={search_term_string}\"},\"query-input\":{\"@type\":\"PropertyValueSpecification\",\"valueRequired\":true,\"valueName\":\"search_term_string\"}}],\"inLanguage\":\"fr-FR\"},{\"@type\":\"Organization\",\"@id\":\"https:\/\/www.justy.bio\/fr\/#organization\",\"name\":\"Justy\",\"url\":\"https:\/\/www.justy.bio\/fr\/\",\"logo\":{\"@type\":\"ImageObject\",\"inLanguage\":\"fr-FR\",\"@id\":\"https:\/\/www.justy.bio\/fr\/#\/schema\/logo\/image\/\",\"url\":\"https:\/\/www.justy.bio\/wp-content\/uploads\/2023\/10\/Logo.png\",\"contentUrl\":\"https:\/\/www.justy.bio\/wp-content\/uploads\/2023\/10\/Logo.png\",\"width\":218,\"height\":218,\"caption\":\"Justy\"},\"image\":{\"@id\":\"https:\/\/www.justy.bio\/fr\/#\/schema\/logo\/image\/\"},\"sameAs\":[\"https:\/\/www.facebook.com\/justygoodness\",\"https:\/\/www.instagram.com\/justygoodness\/\"]}]}<\/script>\n<meta property=\"product:price:amount\" content=\"99.00\" \/>\n<meta property=\"product:price:currency\" content=\"EUR\" \/>\n<meta property=\"og:availability\" content=\"instock\" \/>\n<meta property=\"product:availability\" content=\"instock\" \/>\n<meta property=\"product:retailer_item_id\" content=\"SAP - 00001-c13\" \/>\n<meta property=\"product:condition\" content=\"new\" \/>\n<!-- \/ Yoast SEO Premium plugin. -->","yoast_head_json":{"title":"Cure Essentiellle 3 jours | Justy","description":"Offrez \u00e0 votre corps une d\u00e9tox douce avec notre cure de 3 jours : 15 jus & 3 soupes bio, press\u00e9s \u00e0 froid. Id\u00e9ale pour d\u00e9buter en toute simplicit\u00e9.","robots":{"index":"index","follow":"follow","max-snippet":"max-snippet:-1","max-image-preview":"max-image-preview:large","max-video-preview":"max-video-preview:-1"},"canonical":"https:\/\/www.justy.bio\/fr\/shop\/cure-detox\/cure-essentielle-3-jours\/","og_locale":"fr_FR","og_type":"article","og_title":"Cure Essentiellle 3 jours | Justy","og_description":"Offrez \u00e0 votre corps une d\u00e9tox douce avec notre cure de 3 jours : 15 jus & 3 soupes bio, press\u00e9s \u00e0 froid. Id\u00e9ale pour d\u00e9buter en toute simplicit\u00e9.","og_url":"https:\/\/www.justy.bio\/fr\/shop\/cure-detox\/cure-essentielle-3-jours\/","og_site_name":"Justy","article_publisher":"https:\/\/www.facebook.com\/justygoodness","article_modified_time":"2026-02-03T14:49:44+00:00","og_image":[{"width":1024,"height":768,"url":"https:\/\/www.justy.bio\/wp-content\/uploads\/2025\/05\/A-KIDS-BOX.png","type":"image\/png"}],"twitter_card":"summary_large_image","twitter_misc":{"Prix":"&euro;&nbsp;99,00","Disponibilit\u00e9":"En stock"},"schema":{"@context":"https:\/\/schema.org","@graph":[{"@type":"WebPage","@id":"https:\/\/www.justy.bio\/fr\/shop\/cure-detox\/cure-essentielle-3-jours\/","url":"https:\/\/www.justy.bio\/fr\/shop\/cure-detox\/cure-essentielle-3-jours\/","name":"Cure Essentiellle 3 jours | Justy","isPartOf":{"@id":"https:\/\/www.justy.bio\/fr\/#website"},"primaryImageOfPage":{"@id":"https:\/\/www.justy.bio\/fr\/shop\/cure-detox\/cure-essentielle-3-jours\/#primaryimage"},"image":{"@id":"https:\/\/www.justy.bio\/fr\/shop\/cure-detox\/cure-essentielle-3-jours\/#primaryimage"},"thumbnailUrl":"https:\/\/www.justy.bio\/wp-content\/uploads\/2025\/05\/21_afterDetox-f5eeee-2-scaled.jpg","datePublished":"2025-05-29T15:25:04+00:00","dateModified":"2026-02-03T14:49:44+00:00","description":"Offrez \u00e0 votre corps une d\u00e9tox douce avec notre cure de 3 jours : 15 jus & 3 soupes bio, press\u00e9s \u00e0 froid. Id\u00e9ale pour d\u00e9buter en toute simplicit\u00e9.","breadcrumb":{"@id":"https:\/\/www.justy.bio\/fr\/shop\/cure-detox\/cure-essentielle-3-jours\/#breadcrumb"},"inLanguage":"fr-FR","potentialAction":[{"@type":"ReadAction","target":["https:\/\/www.justy.bio\/fr\/shop\/cure-detox\/cure-essentielle-3-jours\/"]}]},{"@type":"ImageObject","inLanguage":"fr-FR","@id":"https:\/\/www.justy.bio\/fr\/shop\/cure-detox\/cure-essentielle-3-jours\/#primaryimage","url":"https:\/\/www.justy.bio\/wp-content\/uploads\/2025\/05\/21_afterDetox-f5eeee-2-scaled.jpg","contentUrl":"https:\/\/www.justy.bio\/wp-content\/uploads\/2025\/05\/21_afterDetox-f5eeee-2-scaled.jpg","width":1707,"height":2560},{"@type":"BreadcrumbList","@id":"https:\/\/www.justy.bio\/fr\/shop\/cure-detox\/cure-essentielle-3-jours\/#breadcrumb","itemListElement":[{"@type":"ListItem","position":1,"name":"Shop","item":"https:\/\/www.justy.bio\/fr\/shop\/"},{"@type":"ListItem","position":2,"name":"Cure Essentielle 3 jours"}]},{"@type":"WebSite","@id":"https:\/\/www.justy.bio\/fr\/#website","url":"https:\/\/www.justy.bio\/fr\/","name":"Justy","description":"","publisher":{"@id":"https:\/\/www.justy.bio\/fr\/#organization"},"potentialAction":[{"@type":"SearchAction","target":{"@type":"EntryPoint","urlTemplate":"https:\/\/www.justy.bio\/fr\/?s={search_term_string}"},"query-input":{"@type":"PropertyValueSpecification","valueRequired":true,"valueName":"search_term_string"}}],"inLanguage":"fr-FR"},{"@type":"Organization","@id":"https:\/\/www.justy.bio\/fr\/#organization","name":"Justy","url":"https:\/\/www.justy.bio\/fr\/","logo":{"@type":"ImageObject","inLanguage":"fr-FR","@id":"https:\/\/www.justy.bio\/fr\/#\/schema\/logo\/image\/","url":"https:\/\/www.justy.bio\/wp-content\/uploads\/2023\/10\/Logo.png","contentUrl":"https:\/\/www.justy.bio\/wp-content\/uploads\/2023\/10\/Logo.png","width":218,"height":218,"caption":"Justy"},"image":{"@id":"https:\/\/www.justy.bio\/fr\/#\/schema\/logo\/image\/"},"sameAs":["https:\/\/www.facebook.com\/justygoodness","https:\/\/www.instagram.com\/justygoodness\/"]}]},"product_price_amount":"99.00","product_price_currency":"EUR","og_availability":"instock","product_availability":"instock","product_retailer_item_id":"SAP - 00001-c13","product_condition":"new"},"_links":{"self":[{"href":"https:\/\/www.justy.bio\/fr\/wp-json\/wp\/v2\/product\/29445","targetHints":{"allow":["GET"]}}],"collection":[{"href":"https:\/\/www.justy.bio\/fr\/wp-json\/wp\/v2\/product"}],"about":[{"href":"https:\/\/www.justy.bio\/fr\/wp-json\/wp\/v2\/types\/product"}],"replies":[{"embeddable":true,"href":"https:\/\/www.justy.bio\/fr\/wp-json\/wp\/v2\/comments?post=29445"}],"wp:featuredmedia":[{"embeddable":true,"href":"https:\/\/www.justy.bio\/fr\/wp-json\/wp\/v2\/media\/192788"}],"wp:attachment":[{"href":"https:\/\/www.justy.bio\/fr\/wp-json\/wp\/v2\/media?parent=29445"}],"wp:term":[{"taxonomy":"product_brand","embeddable":true,"href":"https:\/\/www.justy.bio\/fr\/wp-json\/wp\/v2\/product_brand?post=29445"},{"taxonomy":"product_cat","embeddable":true,"href":"https:\/\/www.justy.bio\/fr\/wp-json\/wp\/v2\/product_cat?post=29445"},{"taxonomy":"product_tag","embeddable":true,"href":"https:\/\/www.justy.bio\/fr\/wp-json\/wp\/v2\/product_tag?post=29445"}],"curies":[{"name":"wp","href":"https:\/\/api.w.org\/{rel}","templated":true}]}}