{"id":31164,"date":"2023-10-18T23:05:48","date_gmt":"2023-10-18T21:05:48","guid":{"rendered":"https:\/\/www.justy.de\/about-justy\/"},"modified":"2026-04-06T16:46:22","modified_gmt":"2026-04-06T14:46:22","slug":"sobre-nos","status":"publish","type":"page","link":"https:\/\/www.justy.bio\/pt-pt\/sobre-nos\/","title":{"rendered":"Sobre N\u00f3s"},"content":{"rendered":"\n<div class=\"wp-block-columns alignwide is-layout-flex wp-container-core-columns-is-layout-c6809a2b wp-block-columns-is-layout-flex\">\n<div class=\"wp-block-column is-layout-flow wp-block-column-is-layout-flow\" style=\"flex-basis:15%\">\n<figure class=\"wp-block-image size-large\"><img decoding=\"async\" src=\"\/wp-content\/uploads\/2023\/10\/Boost-sapje-icoon-300x300.png\" alt=\"\"\/><\/figure>\n<\/div>\n\n\n\n<div class=\"wp-block-column is-layout-flow wp-block-column-is-layout-flow\" style=\"flex-basis:85%\">\n<h2 class=\"wp-block-heading\" id=\"h-mais-saudavel-com-sumos-de-legumes-biologicos\">Mais Saud\u00e1vel com Sumos de Legumes Biol\u00f3gicos<\/h2>\n\n\n\n<p>A Justy extrai sumo biol\u00f3gico de forma tradicional, utilizando um Slow Juicer. Os nossos sumos s\u00e3o compostos por pelo menos 85% de legumes crus. Com a adi\u00e7\u00e3o de alguma fruta, especiarias, ervas arom\u00e1ticas e algas, damos-lhes mais sabor e enriquecemo-los com nutrientes saud\u00e1veis. Todos os ingredientes s\u00e3o 100% biol\u00f3gicos, sazonais e, na sua maioria, provenientes de produtores locais. Todos os dias, criamos com carinho sumos deliciosos e, acima de tudo, saud\u00e1veis, com at\u00e9 100 ingredientes diferentes. Na composi\u00e7\u00e3o dos nossos sumos de legumes e programas de desintoxica\u00e7\u00e3o, seguimos os mais recentes conhecimentos da ci\u00eancia da nutri\u00e7\u00e3o, garantindo sempre uma boa combina\u00e7\u00e3o de vitaminas, minerais e antioxidantes. Assim, queremos ajudar a manter a sua sa\u00fade. Entregamos estas verdadeiras bombas de vitaminas, saborosas e puras, em garrafas de vidro. Uma esp\u00e9cie de leitaria moderna, mas 100% biol\u00f3gica, pura e crua!<\/p>\n<\/div>\n<\/div>\n\n\n\n<div style=\"height:100px\" aria-hidden=\"true\" class=\"wp-block-spacer\"><\/div>\n\n\n\n<div class=\"wp-block-columns alignwide are-vertically-aligned-center is-layout-flex wp-container-core-columns-is-layout-7fc3d43a wp-block-columns-is-layout-flex\">\n<div class=\"wp-block-column is-vertically-aligned-center is-layout-flow wp-block-column-is-layout-flow\" style=\"flex-basis:15%\">\n<figure class=\"wp-block-image size-large\"><img decoding=\"async\" src=\"\/wp-content\/uploads\/2023\/10\/ecolamp_icon_02-300x219-1.png\" alt=\"\"\/><\/figure>\n<\/div>\n\n\n\n<div class=\"wp-block-column is-vertically-aligned-center is-layout-flow wp-block-column-is-layout-flow\" style=\"flex-basis:85%\">\n<h2 class=\"wp-block-heading\" id=\"h-missao\">Miss\u00e3o<\/h2>\n\n\n\n<p>O nosso maior sonho \u00e9 sensibilizar o maior n\u00famero poss\u00edvel de pessoas \u2013 dos mais jovens aos mais velhos \u2013 para o poder da alimenta\u00e7\u00e3o saud\u00e1vel e para o funcionamento do corpo humano. Com os nossos sumos variados e deliciosos, queremos destacar o valor dos alimentos biol\u00f3gicos, locais e sazonais.<\/p>\n<\/div>\n<\/div>\n\n\n\n<div style=\"height:100px\" aria-hidden=\"true\" class=\"wp-block-spacer\"><\/div>\n\n\n\n<div class=\"wp-block-columns alignwide is-layout-flex wp-container-core-columns-is-layout-7fc3d43a wp-block-columns-is-layout-flex\">\n<div class=\"wp-block-column is-layout-flow wp-block-column-is-layout-flow\" style=\"flex-basis:15%\">\n<figure class=\"wp-block-image size-large\"><img decoding=\"async\" src=\"\/wp-content\/uploads\/2023\/10\/juicer1-300x173-1.png\" alt=\"\"\/><\/figure>\n<\/div>\n\n\n\n<div class=\"wp-block-column is-layout-flow wp-block-column-is-layout-flow\" style=\"flex-basis:85%\">\n<h2 class=\"wp-block-heading\" id=\"h-the-juice-lab-slow-juicer-amp-ultracongelador\">THE JUICE LAB: SLOW JUICER &amp; ULTRACONGELADOR<\/h2>\n\n\n\n<p>O Juice Lab \u00e9 o nosso orgulho e alegria. Trata-se de uma unidade de prensagem e armazenamento especialmente<br>concebida e totalmente certificada, localizada em Aalsmeer (Pa\u00edses Baixos). O Juice Lab est\u00e1 equipado com um dos<br>melhores slow juicers em a\u00e7o inoxid\u00e1vel do mundo e com um ultracongelador de alta tecnologia. Este congela os<br>sumos, no m\u00e1ximo, em 1 hora. Todos os dias recebemos fruta e legumes frescos de agricultores locais, que<br>processamos imediatamente ap\u00f3s a entrega. Isto garante a preserva\u00e7\u00e3o do maior n\u00famero poss\u00edvel de nutrientes<br>saud\u00e1veis. Os nossos sumos de legumes s\u00e3o prensados lentamente e engarrafados numa cozinha refrigerada. De<br>seguida, v\u00e3o diretamente para o ultracongelador, onde ficam armazenados at\u00e9 \u00e0 entrega. Desta forma, pode desfrutar<br>de sumos biol\u00f3gicos da mais alta qualidade e frescura.<\/p>\n<\/div>\n<\/div>\n\n\n\n<div style=\"height:100px\" aria-hidden=\"true\" class=\"wp-block-spacer\"><\/div>\n\n\n\n<div class=\"wp-block-columns alignwide more-space-hack is-layout-flex wp-container-core-columns-is-layout-7fc3d43a wp-block-columns-is-layout-flex\">\n<div class=\"wp-block-column is-layout-flow wp-block-column-is-layout-flow\" style=\"flex-basis:15%\">\n<figure class=\"wp-block-image size-large\"><img decoding=\"async\" src=\"\/wp-content\/uploads\/2023\/10\/SAPJE_druppel.png\" alt=\"\"\/><\/figure>\n<\/div>\n\n\n\n<div class=\"wp-block-column is-layout-flow wp-block-column-is-layout-flow\" style=\"flex-basis:85%\">\n<h2 class=\"wp-block-heading\" id=\"h-sumo-de-legumes-como-se-fosse-feito-em-casa\"><strong>SUMO DE LEGUMES, COMO SE FOSSE FEITO EM CASA<\/strong><\/h2>\n\n\n\n<p>Os nossos sumos s\u00e3o exclusivamente produzidos de forma artesanal. Desde a sua lavagem, pesagem, prensagem lenta,<br>engarrafamento, rotulagem at\u00e9 \u00e0 sua congela\u00e7\u00e3o \u2014 todo o processo \u00e9 feito manualmente. A congela\u00e7\u00e3o \u00e9 um m\u00e9todo<br>natural de conserva\u00e7\u00e3o que mant\u00e9m as vitaminas, os minerais e os antioxidantes. Por isso, n\u00e3o utilizamos conservantes,<br>pasteuriza\u00e7\u00e3o nem tratamentos HPP. Pode ter a certeza de que est\u00e1 a beber um sumo de legumes biol\u00f3gico puro, cheio de nutrientes e sem aditivos ou processos artificiais. \u00c9 por isso que o nosso sumo sabe como se o tivesse acabado de prensar em casa \u2014 com a vantagem de sermos n\u00f3s a fazer todo o trabalho, e voc\u00ea s\u00f3 precisa de descongelar o sumo.<\/p>\n<\/div>\n<\/div>\n\n\n\n<div style=\"height:100px\" aria-hidden=\"true\" class=\"wp-block-spacer\"><\/div>\n\n\n\n<div class=\"wp-block-columns alignwide are-vertically-aligned-center is-layout-flex wp-container-core-columns-is-layout-7fc3d43a wp-block-columns-is-layout-flex\">\n<div class=\"wp-block-column is-vertically-aligned-center is-layout-flow wp-block-column-is-layout-flow\" style=\"flex-basis:15%\">\n<figure class=\"wp-block-image size-large\"><img decoding=\"async\" src=\"\/wp-content\/uploads\/2023\/10\/sapje_natuurfreaks-300x300-1.webp\" alt=\"\"\/><\/figure>\n<\/div>\n\n\n\n<div class=\"wp-block-column is-vertically-aligned-center is-layout-flow wp-block-column-is-layout-flow\" style=\"flex-basis:85%\">\n<h2 class=\"wp-block-heading\" id=\"h-amantes-da-natureza\">Amantes da Natureza<\/h2>\n\n\n\n<p>Na Justy, somos apaixonados pela natureza. E faz todo o sentido \u2014 sem natureza, n\u00e3o haveria sumos Justy. Com os nossos sumos de legumes, queremos contribuir n\u00e3o s\u00f3 para a sua sa\u00fade, mas tamb\u00e9m para a sa\u00fade do planeta. Por isso, na Justy, esfor\u00e7amo-nos por ser o mais sustent\u00e1veis poss\u00edvel. Utilizamos ingredientes da \u00e9poca, colaboramos com agricultores locais, recorremos \u00e0 energia solar e e\u00f3lica, usamos materiais de embalagem recicl\u00e1veis e respeitamos a natureza.<\/p>\n<\/div>\n<\/div>\n\n\n\n<div style=\"height:100px\" aria-hidden=\"true\" class=\"wp-block-spacer\"><\/div>\n\n\n\n<div class=\"wp-block-columns alignwide is-layout-flex wp-container-core-columns-is-layout-7fc3d43a wp-block-columns-is-layout-flex\">\n<div class=\"wp-block-column is-layout-flow wp-block-column-is-layout-flow\" style=\"flex-basis:15%\">\n<figure class=\"wp-block-image size-large\"><img decoding=\"async\" src=\"\/wp-content\/uploads\/2023\/10\/icon_recycle-300x225-1.webp\" alt=\"\"\/><\/figure>\n<\/div>\n\n\n\n<div class=\"wp-block-column is-layout-flow wp-block-column-is-layout-flow\" style=\"flex-basis:85%\">\n<h2 class=\"wp-block-heading\" id=\"h-rotulagem-e-reciclagem\">ROTULAGEM E RECICLAGEM<\/h2>\n\n\n\n<p>Todos os ingredientes dos nossos sumos de legumes \u2014 incluindo ervas, especiarias e algas \u2014 s\u00e3o biol\u00f3gicos (certifica\u00e7\u00e3o SKAL, Pa\u00edses Baixos) e, muitas vezes, tamb\u00e9m biodin\u00e2micos (atrav\u00e9s da certifica\u00e7\u00e3o Demeter). Al\u00e9m disso, toda a polpa de legumes e fruta que sobra ap\u00f3s a prensagem \u00e9 utilizada como ra\u00e7\u00e3o biol\u00f3gica para uma quinta biodin\u00e2mica situada no Amsterdamse Bos. Assim, tamb\u00e9m cabras, porcos, vacas e galinhas beneficiam de uma alimenta\u00e7\u00e3o saud\u00e1vel! Este sistema est\u00e1 em linha com a economia circular, e na Justy fazemos tudo para seguir esta filosofia. Os materiais que usamos no processamento e embalagem dos nossos sumos de vegetais s\u00e3o 100% recicl\u00e1veis.<\/p>\n<\/div>\n<\/div>\n\n\n\n<div style=\"height:100px\" aria-hidden=\"true\" class=\"wp-block-spacer\"><\/div>\n\n\n\n<div class=\"wp-block-columns alignwide more-space-hack is-layout-flex wp-container-core-columns-is-layout-7fc3d43a wp-block-columns-is-layout-flex\">\n<div class=\"wp-block-column is-layout-flow wp-block-column-is-layout-flow\" style=\"flex-basis:15%\">\n<figure class=\"wp-block-image size-large\"><img decoding=\"async\" src=\"\/wp-content\/uploads\/2023\/10\/SAPJE_flesje-180x180-1.webp\" alt=\"\"\/><\/figure>\n<\/div>\n\n\n\n<div class=\"wp-block-column is-layout-flow wp-block-column-is-layout-flow\" style=\"flex-basis:85%\">\n<h2 class=\"wp-block-heading\" id=\"h-vidro-vs-plastico\">VIDRO VS. PL\u00c1STICO<\/h2>\n\n\n\n<p>Queremos que compre os nossos sumos de legumes na melhor embalagem poss\u00edvel. Para n\u00f3s, isso significa uma embalagem totalmente recicl\u00e1vel e que n\u00e3o liberte subst\u00e2ncias nocivas. Por esse motivo, escolhemos garrafas de vidro como material de embalagem. Ao contr\u00e1rio das garrafas de pl\u00e1stico, o vidro n\u00e3o liberta contaminantes para o sumo. O pl\u00e1stico cont\u00e9m frequentemente Bisfenol A (BPA), plastificantes, dioxinas, cloreto de vinilo, estireno e muitas outras toxinas que podem reagir com o sumo. Numa garrafa de vidro, o sumo est\u00e1 melhor protegido, pois o vidro n\u00e3o requer aditivos qu\u00edmicos nem revestimentos pl\u00e1sticos. Al\u00e9m disso, o vidro \u00e9 neutro em termos de sabor e imperme\u00e1vel a bact\u00e9rias. Isto ajuda os nossos sumos de legumes a manterem-se frescos durante mais tempo, preservando os nutrientes de forma mais eficaz.<\/p>\n\n\n\n<p>A produ\u00e7\u00e3o de vidro consome relativamente menos energia do que a do pl\u00e1stico, j\u00e1 que o vidro \u00e9 100% recicl\u00e1vel. As garrafas que utilizamos s\u00e3o feitas de vidro reciclado. Al\u00e9m disso, o vidro \u00e9 composto apenas por materiais naturais \u2014 areia, soda e calc\u00e1rio \u2014 o que significa que n\u00e3o representa uma carga adicional para o ambiente. E, por fim, apreciamos a est\u00e9tica e a qualidade do vidro: \u00e9 cristalino, tem um som agrad\u00e1vel e \u00e9 agrad\u00e1vel ao toque.<\/p>\n<\/div>\n<\/div>\n\n\n\n<div style=\"height:100px\" aria-hidden=\"true\" class=\"wp-block-spacer\"><\/div>\n\n\n\n<div class=\"wp-block-columns alignwide is-layout-flex wp-container-core-columns-is-layout-7fc3d43a wp-block-columns-is-layout-flex\">\n<div class=\"wp-block-column is-layout-flow wp-block-column-is-layout-flow\" style=\"flex-basis:15%\">\n<figure class=\"wp-block-image size-large\"><img decoding=\"async\" src=\"\/wp-content\/uploads\/2023\/10\/sapje_bakfiets-300x222-1.png\" alt=\"\"\/><\/figure>\n<\/div>\n\n\n\n<div class=\"wp-block-column is-layout-flow wp-block-column-is-layout-flow\" style=\"flex-basis:85%\">\n<h2 class=\"wp-block-heading\" id=\"h-entrega-na-data-que-preferir\">ENTREGA NA DATA QUE PREFERIR<\/h2>\n\n\n\n<p>Queremos que desfrute dos nossos sumos o mais rapidamente poss\u00edvel. Para pedidos abaixo de 150 euros, os custos de envio s\u00e3o de 12 euros.<\/p>\n\n\n\n<p>Enviamos as nossas encomendas perfeitamente protegidas. Normalmente, as encomendas s\u00e3o entregues no per\u00edodo da manh\u00e3, entre as 8:00 e as 14:30, contudo \u00e9 poss\u00edvel que sejam entregues at\u00e9 \u00e0s 20:00.<br><\/p>\n\n\n\n<p>As entregas s\u00e3o realizadas de ter\u00e7a a sexta-feira. N\u00e3o fazemos entregas aos s\u00e1bados, domingos ou feriados.<\/p>\n<\/div>\n<\/div>\n\n\n\n<p><\/p>\n","protected":false},"excerpt":{"rendered":"<p>Mais Saud\u00e1vel com Sumos de Legumes Biol\u00f3gicos A Justy extrai sumo biol\u00f3gico de forma tradicional, utilizando um Slow Juicer. Os nossos sumos s\u00e3o compostos por pelo menos 85% de legumes crus. Com a adi\u00e7\u00e3o de alguma fruta, especiarias, ervas arom\u00e1ticas e algas, damos-lhes mais sabor e enriquecemo-los com nutrientes saud\u00e1veis. Todos os ingredientes s\u00e3o 100% [&hellip;]<\/p>\n","protected":false},"author":1,"featured_media":0,"parent":0,"menu_order":0,"comment_status":"closed","ping_status":"closed","template":"","meta":{"_acf_changed":false,"_gspb_post_css":"","footnotes":""},"class_list":["post-31164","page","type-page","status-publish","hentry"],"acf":[],"yoast_head":"<!-- This site is optimized with the Yoast SEO Premium plugin v25.5 (Yoast SEO v25.5) - https:\/\/yoast.com\/wordpress\/plugins\/seo\/ -->\n<title>Sobre N\u00f3s - Justy<\/title>\n<meta name=\"description\" content=\"Learn everything about Justy \u2013 your reliable source for all information related to Justy.\" \/>\n<meta name=\"robots\" content=\"index, follow, max-snippet:-1, max-image-preview:large, max-video-preview:-1\" \/>\n<link rel=\"canonical\" href=\"https:\/\/www.justy.bio\/pt-pt\/sobre-nos\/\" \/>\n<meta property=\"og:locale\" content=\"pt_PT\" \/>\n<meta property=\"og:type\" content=\"article\" \/>\n<meta property=\"og:title\" content=\"Sobre N\u00f3s - Justy\" \/>\n<meta property=\"og:description\" content=\"Learn everything about Justy \u2013 your reliable source for all information related to Justy.\" \/>\n<meta property=\"og:url\" content=\"https:\/\/www.justy.bio\/pt-pt\/sobre-nos\/\" \/>\n<meta property=\"og:site_name\" content=\"Justy\" \/>\n<meta property=\"article:publisher\" content=\"https:\/\/www.facebook.com\/justygoodness\" \/>\n<meta property=\"article:modified_time\" content=\"2026-04-06T14:46:22+00:00\" \/>\n<meta name=\"twitter:card\" content=\"summary_large_image\" \/>\n<meta name=\"twitter:label1\" content=\"Tempo estimado de leitura\" \/>\n\t<meta name=\"twitter:data1\" content=\"6 minutos\" \/>\n<script type=\"application\/ld+json\" class=\"yoast-schema-graph\">{\"@context\":\"https:\/\/schema.org\",\"@graph\":[{\"@type\":\"WebPage\",\"@id\":\"https:\/\/www.justy.bio\/pt-pt\/sobre-nos\/\",\"url\":\"https:\/\/www.justy.bio\/pt-pt\/sobre-nos\/\",\"name\":\"Sobre N\u00f3s - Justy\",\"isPartOf\":{\"@id\":\"https:\/\/www.justy.bio\/pt-pt\/#website\"},\"datePublished\":\"2023-10-18T21:05:48+00:00\",\"dateModified\":\"2026-04-06T14:46:22+00:00\",\"description\":\"Learn everything about Justy \u2013 your reliable source for all information related to Justy.\",\"inLanguage\":\"pt-PT\",\"potentialAction\":[{\"@type\":\"ReadAction\",\"target\":[\"https:\/\/www.justy.bio\/pt-pt\/sobre-nos\/\"]}]},{\"@type\":\"WebSite\",\"@id\":\"https:\/\/www.justy.bio\/pt-pt\/#website\",\"url\":\"https:\/\/www.justy.bio\/pt-pt\/\",\"name\":\"Justy\",\"description\":\"\",\"publisher\":{\"@id\":\"https:\/\/www.justy.bio\/pt-pt\/#organization\"},\"potentialAction\":[{\"@type\":\"SearchAction\",\"target\":{\"@type\":\"EntryPoint\",\"urlTemplate\":\"https:\/\/www.justy.bio\/pt-pt\/?s={search_term_string}\"},\"query-input\":{\"@type\":\"PropertyValueSpecification\",\"valueRequired\":true,\"valueName\":\"search_term_string\"}}],\"inLanguage\":\"pt-PT\"},{\"@type\":\"Organization\",\"@id\":\"https:\/\/www.justy.bio\/pt-pt\/#organization\",\"name\":\"Justy\",\"url\":\"https:\/\/www.justy.bio\/pt-pt\/\",\"logo\":{\"@type\":\"ImageObject\",\"inLanguage\":\"pt-PT\",\"@id\":\"https:\/\/www.justy.bio\/pt-pt\/#\/schema\/logo\/image\/\",\"url\":\"https:\/\/www.justy.bio\/wp-content\/uploads\/2023\/10\/Logo.png\",\"contentUrl\":\"https:\/\/www.justy.bio\/wp-content\/uploads\/2023\/10\/Logo.png\",\"width\":218,\"height\":218,\"caption\":\"Justy\"},\"image\":{\"@id\":\"https:\/\/www.justy.bio\/pt-pt\/#\/schema\/logo\/image\/\"},\"sameAs\":[\"https:\/\/www.facebook.com\/justygoodness\",\"https:\/\/www.instagram.com\/justygoodness\/\"]}]}<\/script>\n<!-- \/ Yoast SEO Premium plugin. -->","yoast_head_json":{"title":"Sobre N\u00f3s - Justy","description":"Learn everything about Justy \u2013 your reliable source for all information related to Justy.","robots":{"index":"index","follow":"follow","max-snippet":"max-snippet:-1","max-image-preview":"max-image-preview:large","max-video-preview":"max-video-preview:-1"},"canonical":"https:\/\/www.justy.bio\/pt-pt\/sobre-nos\/","og_locale":"pt_PT","og_type":"article","og_title":"Sobre N\u00f3s - Justy","og_description":"Learn everything about Justy \u2013 your reliable source for all information related to Justy.","og_url":"https:\/\/www.justy.bio\/pt-pt\/sobre-nos\/","og_site_name":"Justy","article_publisher":"https:\/\/www.facebook.com\/justygoodness","article_modified_time":"2026-04-06T14:46:22+00:00","twitter_card":"summary_large_image","twitter_misc":{"Tempo estimado de leitura":"6 minutos"},"schema":{"@context":"https:\/\/schema.org","@graph":[{"@type":"WebPage","@id":"https:\/\/www.justy.bio\/pt-pt\/sobre-nos\/","url":"https:\/\/www.justy.bio\/pt-pt\/sobre-nos\/","name":"Sobre N\u00f3s - Justy","isPartOf":{"@id":"https:\/\/www.justy.bio\/pt-pt\/#website"},"datePublished":"2023-10-18T21:05:48+00:00","dateModified":"2026-04-06T14:46:22+00:00","description":"Learn everything about Justy \u2013 your reliable source for all information related to Justy.","inLanguage":"pt-PT","potentialAction":[{"@type":"ReadAction","target":["https:\/\/www.justy.bio\/pt-pt\/sobre-nos\/"]}]},{"@type":"WebSite","@id":"https:\/\/www.justy.bio\/pt-pt\/#website","url":"https:\/\/www.justy.bio\/pt-pt\/","name":"Justy","description":"","publisher":{"@id":"https:\/\/www.justy.bio\/pt-pt\/#organization"},"potentialAction":[{"@type":"SearchAction","target":{"@type":"EntryPoint","urlTemplate":"https:\/\/www.justy.bio\/pt-pt\/?s={search_term_string}"},"query-input":{"@type":"PropertyValueSpecification","valueRequired":true,"valueName":"search_term_string"}}],"inLanguage":"pt-PT"},{"@type":"Organization","@id":"https:\/\/www.justy.bio\/pt-pt\/#organization","name":"Justy","url":"https:\/\/www.justy.bio\/pt-pt\/","logo":{"@type":"ImageObject","inLanguage":"pt-PT","@id":"https:\/\/www.justy.bio\/pt-pt\/#\/schema\/logo\/image\/","url":"https:\/\/www.justy.bio\/wp-content\/uploads\/2023\/10\/Logo.png","contentUrl":"https:\/\/www.justy.bio\/wp-content\/uploads\/2023\/10\/Logo.png","width":218,"height":218,"caption":"Justy"},"image":{"@id":"https:\/\/www.justy.bio\/pt-pt\/#\/schema\/logo\/image\/"},"sameAs":["https:\/\/www.facebook.com\/justygoodness","https:\/\/www.instagram.com\/justygoodness\/"]}]}},"_links":{"self":[{"href":"https:\/\/www.justy.bio\/pt-pt\/wp-json\/wp\/v2\/pages\/31164","targetHints":{"allow":["GET"]}}],"collection":[{"href":"https:\/\/www.justy.bio\/pt-pt\/wp-json\/wp\/v2\/pages"}],"about":[{"href":"https:\/\/www.justy.bio\/pt-pt\/wp-json\/wp\/v2\/types\/page"}],"author":[{"embeddable":true,"href":"https:\/\/www.justy.bio\/pt-pt\/wp-json\/wp\/v2\/users\/1"}],"replies":[{"embeddable":true,"href":"https:\/\/www.justy.bio\/pt-pt\/wp-json\/wp\/v2\/comments?post=31164"}],"version-history":[{"count":4,"href":"https:\/\/www.justy.bio\/pt-pt\/wp-json\/wp\/v2\/pages\/31164\/revisions"}],"predecessor-version":[{"id":193325,"href":"https:\/\/www.justy.bio\/pt-pt\/wp-json\/wp\/v2\/pages\/31164\/revisions\/193325"}],"wp:attachment":[{"href":"https:\/\/www.justy.bio\/pt-pt\/wp-json\/wp\/v2\/media?parent=31164"}],"curies":[{"name":"wp","href":"https:\/\/api.w.org\/{rel}","templated":true}]}}