{"id":31167,"date":"2023-10-27T17:19:56","date_gmt":"2023-10-27T15:19:56","guid":{"rendered":"https:\/\/www.justy.de\/?page_id=31167"},"modified":"2025-11-24T19:54:59","modified_gmt":"2025-11-24T18:54:59","slug":"contactos","status":"publish","type":"page","link":"https:\/\/www.justy.bio\/pt-pt\/contactos\/","title":{"rendered":"Contactos"},"content":{"rendered":"\n<div class=\"wp-block-group is-nowrap is-layout-flex wp-container-core-group-is-layout-6c531013 wp-block-group-is-layout-flex\">\n<div class=\"wp-block-group has-global-padding is-layout-constrained wp-block-group-is-layout-constrained\">\n<p><br>Na Justy estamos sempre \u00e0 procura de formas de tornar os nossos sumos ainda mais saborosos e saud\u00e1veis. N\u00e3o descansamos enquanto tu, como cliente, n\u00e3o estiveres completamente satisfeito. Tens alguma pergunta? Ou uma boa ideia para melhorar os nossos sumos ou o nosso servi\u00e7o? Adorar\u00edamos ouvir-te! Escreve-nos ou liga-nos e responderemos o mais r\u00e1pido poss\u00edvel.<\/p>\n\n\n\n<p>Preferes uma resposta r\u00e1pida? Consulta a nossa sec\u00e7\u00e3o de PERGUNTAS FREQUENTES.<\/p>\n\n\n\n<p><strong>ATENDIMENTO AO CLIENTE &amp; CONSULTAS GERAIS<\/strong><\/p>\n\n\n\n<p>Podes ligar-nos de segunda a sexta, das 9:00 \u00e0s 17:00, para o +34 911 863 336 ou enviar um email para:&nbsp;<a>info@justy.bio<\/a><\/p>\n\n\n\n<p><strong>COLABORA\u00c7\u00d5ES &amp; MARKETING<\/strong><\/p>\n\n\n\n<p>Gostavas de trabalhar connosco ou tens outras grandes ideias? Envia-nos um email para:&nbsp;<a>info@justy.bio<\/a><\/p>\n\n\n\n<p>Entraremos em contacto contigo o mais breve poss\u00edvel.<\/p>\n\n\n\n<p><\/p>\n<\/div>\n<\/div>\n","protected":false},"excerpt":{"rendered":"<p>Na Justy estamos sempre \u00e0 procura de formas de tornar os nossos sumos ainda mais saborosos e saud\u00e1veis. N\u00e3o descansamos enquanto tu, como cliente, n\u00e3o estiveres completamente satisfeito. Tens alguma pergunta? Ou uma boa ideia para melhorar os nossos sumos ou o nosso servi\u00e7o? Adorar\u00edamos ouvir-te! Escreve-nos ou liga-nos e responderemos o mais r\u00e1pido poss\u00edvel. [&hellip;]<\/p>\n","protected":false},"author":24,"featured_media":0,"parent":0,"menu_order":0,"comment_status":"closed","ping_status":"closed","template":"","meta":{"_acf_changed":false,"_gspb_post_css":"","footnotes":""},"class_list":["post-31167","page","type-page","status-publish","hentry"],"acf":[],"yoast_head":"<!-- This site is optimized with the Yoast SEO Premium plugin v25.5 (Yoast SEO v25.5) - https:\/\/yoast.com\/wordpress\/plugins\/seo\/ -->\n<title>Contactos - Justy<\/title>\n<meta name=\"robots\" content=\"index, follow, max-snippet:-1, max-image-preview:large, max-video-preview:-1\" \/>\n<link rel=\"canonical\" href=\"https:\/\/www.justy.bio\/pt-pt\/contactos\/\" \/>\n<meta property=\"og:locale\" content=\"pt_PT\" \/>\n<meta property=\"og:type\" content=\"article\" \/>\n<meta property=\"og:title\" content=\"Contactos - Justy\" \/>\n<meta property=\"og:description\" content=\"Na Justy estamos sempre \u00e0 procura de formas de tornar os nossos sumos ainda mais saborosos e saud\u00e1veis. N\u00e3o descansamos enquanto tu, como cliente, n\u00e3o estiveres completamente satisfeito. Tens alguma pergunta? Ou uma boa ideia para melhorar os nossos sumos ou o nosso servi\u00e7o? Adorar\u00edamos ouvir-te! Escreve-nos ou liga-nos e responderemos o mais r\u00e1pido poss\u00edvel. [&hellip;]\" \/>\n<meta property=\"og:url\" content=\"https:\/\/www.justy.bio\/pt-pt\/contactos\/\" \/>\n<meta property=\"og:site_name\" content=\"Justy\" \/>\n<meta property=\"article:publisher\" content=\"https:\/\/www.facebook.com\/justygoodness\" \/>\n<meta property=\"article:modified_time\" content=\"2025-11-24T18:54:59+00:00\" \/>\n<meta name=\"twitter:card\" content=\"summary_large_image\" \/>\n<meta name=\"twitter:label1\" content=\"Tempo estimado de leitura\" \/>\n\t<meta name=\"twitter:data1\" content=\"1 minuto\" \/>\n<script type=\"application\/ld+json\" class=\"yoast-schema-graph\">{\"@context\":\"https:\/\/schema.org\",\"@graph\":[{\"@type\":\"WebPage\",\"@id\":\"https:\/\/www.justy.bio\/pt-pt\/contactos\/\",\"url\":\"https:\/\/www.justy.bio\/pt-pt\/contactos\/\",\"name\":\"Contactos - Justy\",\"isPartOf\":{\"@id\":\"https:\/\/www.justy.bio\/pt-pt\/#website\"},\"datePublished\":\"2023-10-27T15:19:56+00:00\",\"dateModified\":\"2025-11-24T18:54:59+00:00\",\"inLanguage\":\"pt-PT\",\"potentialAction\":[{\"@type\":\"ReadAction\",\"target\":[\"https:\/\/www.justy.bio\/pt-pt\/contactos\/\"]}]},{\"@type\":\"WebSite\",\"@id\":\"https:\/\/www.justy.bio\/pt-pt\/#website\",\"url\":\"https:\/\/www.justy.bio\/pt-pt\/\",\"name\":\"Justy\",\"description\":\"\",\"publisher\":{\"@id\":\"https:\/\/www.justy.bio\/pt-pt\/#organization\"},\"potentialAction\":[{\"@type\":\"SearchAction\",\"target\":{\"@type\":\"EntryPoint\",\"urlTemplate\":\"https:\/\/www.justy.bio\/pt-pt\/?s={search_term_string}\"},\"query-input\":{\"@type\":\"PropertyValueSpecification\",\"valueRequired\":true,\"valueName\":\"search_term_string\"}}],\"inLanguage\":\"pt-PT\"},{\"@type\":\"Organization\",\"@id\":\"https:\/\/www.justy.bio\/pt-pt\/#organization\",\"name\":\"Justy\",\"url\":\"https:\/\/www.justy.bio\/pt-pt\/\",\"logo\":{\"@type\":\"ImageObject\",\"inLanguage\":\"pt-PT\",\"@id\":\"https:\/\/www.justy.bio\/pt-pt\/#\/schema\/logo\/image\/\",\"url\":\"https:\/\/www.justy.bio\/wp-content\/uploads\/2023\/10\/Logo.png\",\"contentUrl\":\"https:\/\/www.justy.bio\/wp-content\/uploads\/2023\/10\/Logo.png\",\"width\":218,\"height\":218,\"caption\":\"Justy\"},\"image\":{\"@id\":\"https:\/\/www.justy.bio\/pt-pt\/#\/schema\/logo\/image\/\"},\"sameAs\":[\"https:\/\/www.facebook.com\/justygoodness\",\"https:\/\/www.instagram.com\/justygoodness\/\"]}]}<\/script>\n<!-- \/ Yoast SEO Premium plugin. -->","yoast_head_json":{"title":"Contactos - Justy","robots":{"index":"index","follow":"follow","max-snippet":"max-snippet:-1","max-image-preview":"max-image-preview:large","max-video-preview":"max-video-preview:-1"},"canonical":"https:\/\/www.justy.bio\/pt-pt\/contactos\/","og_locale":"pt_PT","og_type":"article","og_title":"Contactos - Justy","og_description":"Na Justy estamos sempre \u00e0 procura de formas de tornar os nossos sumos ainda mais saborosos e saud\u00e1veis. N\u00e3o descansamos enquanto tu, como cliente, n\u00e3o estiveres completamente satisfeito. Tens alguma pergunta? Ou uma boa ideia para melhorar os nossos sumos ou o nosso servi\u00e7o? Adorar\u00edamos ouvir-te! Escreve-nos ou liga-nos e responderemos o mais r\u00e1pido poss\u00edvel. [&hellip;]","og_url":"https:\/\/www.justy.bio\/pt-pt\/contactos\/","og_site_name":"Justy","article_publisher":"https:\/\/www.facebook.com\/justygoodness","article_modified_time":"2025-11-24T18:54:59+00:00","twitter_card":"summary_large_image","twitter_misc":{"Tempo estimado de leitura":"1 minuto"},"schema":{"@context":"https:\/\/schema.org","@graph":[{"@type":"WebPage","@id":"https:\/\/www.justy.bio\/pt-pt\/contactos\/","url":"https:\/\/www.justy.bio\/pt-pt\/contactos\/","name":"Contactos - Justy","isPartOf":{"@id":"https:\/\/www.justy.bio\/pt-pt\/#website"},"datePublished":"2023-10-27T15:19:56+00:00","dateModified":"2025-11-24T18:54:59+00:00","inLanguage":"pt-PT","potentialAction":[{"@type":"ReadAction","target":["https:\/\/www.justy.bio\/pt-pt\/contactos\/"]}]},{"@type":"WebSite","@id":"https:\/\/www.justy.bio\/pt-pt\/#website","url":"https:\/\/www.justy.bio\/pt-pt\/","name":"Justy","description":"","publisher":{"@id":"https:\/\/www.justy.bio\/pt-pt\/#organization"},"potentialAction":[{"@type":"SearchAction","target":{"@type":"EntryPoint","urlTemplate":"https:\/\/www.justy.bio\/pt-pt\/?s={search_term_string}"},"query-input":{"@type":"PropertyValueSpecification","valueRequired":true,"valueName":"search_term_string"}}],"inLanguage":"pt-PT"},{"@type":"Organization","@id":"https:\/\/www.justy.bio\/pt-pt\/#organization","name":"Justy","url":"https:\/\/www.justy.bio\/pt-pt\/","logo":{"@type":"ImageObject","inLanguage":"pt-PT","@id":"https:\/\/www.justy.bio\/pt-pt\/#\/schema\/logo\/image\/","url":"https:\/\/www.justy.bio\/wp-content\/uploads\/2023\/10\/Logo.png","contentUrl":"https:\/\/www.justy.bio\/wp-content\/uploads\/2023\/10\/Logo.png","width":218,"height":218,"caption":"Justy"},"image":{"@id":"https:\/\/www.justy.bio\/pt-pt\/#\/schema\/logo\/image\/"},"sameAs":["https:\/\/www.facebook.com\/justygoodness","https:\/\/www.instagram.com\/justygoodness\/"]}]}},"_links":{"self":[{"href":"https:\/\/www.justy.bio\/pt-pt\/wp-json\/wp\/v2\/pages\/31167","targetHints":{"allow":["GET"]}}],"collection":[{"href":"https:\/\/www.justy.bio\/pt-pt\/wp-json\/wp\/v2\/pages"}],"about":[{"href":"https:\/\/www.justy.bio\/pt-pt\/wp-json\/wp\/v2\/types\/page"}],"author":[{"embeddable":true,"href":"https:\/\/www.justy.bio\/pt-pt\/wp-json\/wp\/v2\/users\/24"}],"replies":[{"embeddable":true,"href":"https:\/\/www.justy.bio\/pt-pt\/wp-json\/wp\/v2\/comments?post=31167"}],"version-history":[{"count":4,"href":"https:\/\/www.justy.bio\/pt-pt\/wp-json\/wp\/v2\/pages\/31167\/revisions"}],"predecessor-version":[{"id":192387,"href":"https:\/\/www.justy.bio\/pt-pt\/wp-json\/wp\/v2\/pages\/31167\/revisions\/192387"}],"wp:attachment":[{"href":"https:\/\/www.justy.bio\/pt-pt\/wp-json\/wp\/v2\/media?parent=31167"}],"curies":[{"name":"wp","href":"https:\/\/api.w.org\/{rel}","templated":true}]}}