{"id":31173,"date":"2023-10-25T00:10:01","date_gmt":"2023-10-24T22:10:01","guid":{"rendered":"https:\/\/www.justy.de\/?page_id=31173"},"modified":"2025-07-02T13:32:09","modified_gmt":"2025-07-02T11:32:09","slug":"disclaimer","status":"publish","type":"page","link":"https:\/\/www.justy.bio\/pt-pt\/disclaimer\/","title":{"rendered":"Aviso legal"},"content":{"rendered":"\n<h2 class=\"wp-block-heading\" id=\"h-geral\">Geral<\/h2>\n\n\n\n<p>Este website, os seus designs, textos e imagens s\u00e3o propriedade da Sapje B.V. ou dos respetivos titulares legais a quem foi concedida licen\u00e7a. N\u00e3o \u00e9 permitida a publica\u00e7\u00e3o ou c\u00f3pia total ou parcial deste site sem o consentimento expresso e por escrito da Sapje.<\/p>\n\n\n\n<p>A Sapje reserva-se o direito de efetuar quaisquer altera\u00e7\u00f5es no website com efeito imediato e sem aviso pr\u00e9vio.<\/p>\n\n\n\n<p>\u00c9 poss\u00edvel que a informa\u00e7\u00e3o publicada no site n\u00e3o esteja completa. Os pre\u00e7os apresentados neste website est\u00e3o em euros, incluindo IVA, e est\u00e3o sujeitos a erros e altera\u00e7\u00f5es.<\/p>\n\n\n\n<p>A Sapje n\u00e3o \u00e9 respons\u00e1vel pela informa\u00e7\u00e3o e\/ou mensagens enviadas pelos utilizadores do website via Internet. Os links neste site que conduzem a websites fora do dom\u00ednio Sapje, que n\u00e3o s\u00e3o propriedade da Sapje, s\u00e3o fornecidos apenas para informa\u00e7\u00e3o do visitante. Ao ativar esses links, estar\u00e1 a sair do website da Sapje. A Sapje n\u00e3o garante o conte\u00fado, funcionamento, qualidade de produtos ou servi\u00e7os oferecidos nesses websites externos.<\/p>\n\n\n\n<hr class=\"wp-block-separator has-alpha-channel-opacity\" \/>\n\n\n\n<h2 class=\"wp-block-heading\" id=\"h-aviso-medico\">Aviso M\u00e9dico<\/h2>\n\n\n\n<p>Em alguns casos, a informa\u00e7\u00e3o pode conter \u201crecomenda\u00e7\u00f5es de autocuidado\u201d. Estas \u201crecomenda\u00e7\u00f5es de autocuidado\u201d n\u00e3o constituem, em nenhum caso, aconselhamento m\u00e9dico direto, nem se relacionam especificamente com a situa\u00e7\u00e3o m\u00e9dica individual do visitante ou de qualquer pessoa para quem esta informa\u00e7\u00e3o seja consultada neste website.<\/p>\n\n\n\n<p>As recomenda\u00e7\u00f5es de autocuidado devem ser vistas como orienta\u00e7\u00f5es gerais para sintomas comuns, n\u00e3o graves e do dia a dia. Como tamb\u00e9m podem surgir complica\u00e7\u00f5es nestes sintomas menos graves, \u00e9 importante que os visitantes procurem ajuda m\u00e9dica profissional em caso de d\u00favida, persist\u00eancia ou agravamento dos sintomas. Al\u00e9m disso, relativamente \u00e0 informa\u00e7\u00e3o sobre o uso de suplementos (de autocuidado), em nenhum caso esta informa\u00e7\u00e3o representa aconselhamento m\u00e9dico ou dados relacionados especificamente com a situa\u00e7\u00e3o m\u00e9dica individual do visitante ou de outra pessoa a quem o visitante procura informa\u00e7\u00e3o neste website.<\/p>\n\n\n\n<p>A utiliza\u00e7\u00e3o ou aplica\u00e7\u00e3o da informa\u00e7\u00e3o presente no Sapje.nl pelos visitantes \u00e9 inteiramente da responsabilidade do utilizador e por sua conta e risco. A Sapje e os seus fornecedores de informa\u00e7\u00e3o n\u00e3o aceitam qualquer responsabilidade por danos, diretos ou indiretos, por qualquer motivo, resultantes ou relacionados com a utiliza\u00e7\u00e3o ou aplica\u00e7\u00e3o da informa\u00e7\u00e3o, produtos ou servi\u00e7os oferecidos atrav\u00e9s do Sapje, outros websites ou fontes referidas dentro ou fora do Sapje.<\/p>\n","protected":false},"excerpt":{"rendered":"<p>Geral Este website, os seus designs, textos e imagens s\u00e3o propriedade da Sapje B.V. ou dos respetivos titulares legais a quem foi concedida licen\u00e7a. N\u00e3o \u00e9 permitida a publica\u00e7\u00e3o ou c\u00f3pia total ou parcial deste site sem o consentimento expresso e por escrito da Sapje. A Sapje reserva-se o direito de efetuar quaisquer altera\u00e7\u00f5es no [&hellip;]<\/p>\n","protected":false},"author":24,"featured_media":0,"parent":0,"menu_order":0,"comment_status":"closed","ping_status":"closed","template":"","meta":{"_acf_changed":false,"_gspb_post_css":"","footnotes":""},"class_list":["post-31173","page","type-page","status-publish","hentry"],"acf":[],"yoast_head":"<!-- This site is optimized with the Yoast SEO Premium plugin v25.5 (Yoast SEO v25.5) - https:\/\/yoast.com\/wordpress\/plugins\/seo\/ -->\n<title>Aviso legal - Justy<\/title>\n<meta name=\"robots\" content=\"index, follow, max-snippet:-1, max-image-preview:large, max-video-preview:-1\" \/>\n<link rel=\"canonical\" href=\"https:\/\/www.justy.bio\/pt-pt\/disclaimer\/\" \/>\n<meta property=\"og:locale\" content=\"pt_PT\" \/>\n<meta property=\"og:type\" content=\"article\" \/>\n<meta property=\"og:title\" content=\"Aviso legal - Justy\" \/>\n<meta property=\"og:description\" content=\"Geral Este website, os seus designs, textos e imagens s\u00e3o propriedade da Sapje B.V. ou dos respetivos titulares legais a quem foi concedida licen\u00e7a. N\u00e3o \u00e9 permitida a publica\u00e7\u00e3o ou c\u00f3pia total ou parcial deste site sem o consentimento expresso e por escrito da Sapje. A Sapje reserva-se o direito de efetuar quaisquer altera\u00e7\u00f5es no [&hellip;]\" \/>\n<meta property=\"og:url\" content=\"https:\/\/www.justy.bio\/pt-pt\/disclaimer\/\" \/>\n<meta property=\"og:site_name\" content=\"Justy\" \/>\n<meta property=\"article:publisher\" content=\"https:\/\/www.facebook.com\/justygoodness\" \/>\n<meta property=\"article:modified_time\" content=\"2025-07-02T11:32:09+00:00\" \/>\n<meta name=\"twitter:card\" content=\"summary_large_image\" \/>\n<meta name=\"twitter:label1\" content=\"Tempo estimado de leitura\" \/>\n\t<meta name=\"twitter:data1\" content=\"3 minutos\" \/>\n<script type=\"application\/ld+json\" class=\"yoast-schema-graph\">{\"@context\":\"https:\/\/schema.org\",\"@graph\":[{\"@type\":\"WebPage\",\"@id\":\"https:\/\/www.justy.bio\/pt-pt\/disclaimer\/\",\"url\":\"https:\/\/www.justy.bio\/pt-pt\/disclaimer\/\",\"name\":\"Aviso legal - Justy\",\"isPartOf\":{\"@id\":\"https:\/\/www.justy.bio\/pt-pt\/#website\"},\"datePublished\":\"2023-10-24T22:10:01+00:00\",\"dateModified\":\"2025-07-02T11:32:09+00:00\",\"inLanguage\":\"pt-PT\",\"potentialAction\":[{\"@type\":\"ReadAction\",\"target\":[\"https:\/\/www.justy.bio\/pt-pt\/disclaimer\/\"]}]},{\"@type\":\"WebSite\",\"@id\":\"https:\/\/www.justy.bio\/pt-pt\/#website\",\"url\":\"https:\/\/www.justy.bio\/pt-pt\/\",\"name\":\"Justy\",\"description\":\"\",\"publisher\":{\"@id\":\"https:\/\/www.justy.bio\/pt-pt\/#organization\"},\"potentialAction\":[{\"@type\":\"SearchAction\",\"target\":{\"@type\":\"EntryPoint\",\"urlTemplate\":\"https:\/\/www.justy.bio\/pt-pt\/?s={search_term_string}\"},\"query-input\":{\"@type\":\"PropertyValueSpecification\",\"valueRequired\":true,\"valueName\":\"search_term_string\"}}],\"inLanguage\":\"pt-PT\"},{\"@type\":\"Organization\",\"@id\":\"https:\/\/www.justy.bio\/pt-pt\/#organization\",\"name\":\"Justy\",\"url\":\"https:\/\/www.justy.bio\/pt-pt\/\",\"logo\":{\"@type\":\"ImageObject\",\"inLanguage\":\"pt-PT\",\"@id\":\"https:\/\/www.justy.bio\/pt-pt\/#\/schema\/logo\/image\/\",\"url\":\"https:\/\/www.justy.bio\/wp-content\/uploads\/2023\/10\/Logo.png\",\"contentUrl\":\"https:\/\/www.justy.bio\/wp-content\/uploads\/2023\/10\/Logo.png\",\"width\":218,\"height\":218,\"caption\":\"Justy\"},\"image\":{\"@id\":\"https:\/\/www.justy.bio\/pt-pt\/#\/schema\/logo\/image\/\"},\"sameAs\":[\"https:\/\/www.facebook.com\/justygoodness\",\"https:\/\/www.instagram.com\/justygoodness\/\"]}]}<\/script>\n<!-- \/ Yoast SEO Premium plugin. -->","yoast_head_json":{"title":"Aviso legal - Justy","robots":{"index":"index","follow":"follow","max-snippet":"max-snippet:-1","max-image-preview":"max-image-preview:large","max-video-preview":"max-video-preview:-1"},"canonical":"https:\/\/www.justy.bio\/pt-pt\/disclaimer\/","og_locale":"pt_PT","og_type":"article","og_title":"Aviso legal - Justy","og_description":"Geral Este website, os seus designs, textos e imagens s\u00e3o propriedade da Sapje B.V. ou dos respetivos titulares legais a quem foi concedida licen\u00e7a. N\u00e3o \u00e9 permitida a publica\u00e7\u00e3o ou c\u00f3pia total ou parcial deste site sem o consentimento expresso e por escrito da Sapje. A Sapje reserva-se o direito de efetuar quaisquer altera\u00e7\u00f5es no [&hellip;]","og_url":"https:\/\/www.justy.bio\/pt-pt\/disclaimer\/","og_site_name":"Justy","article_publisher":"https:\/\/www.facebook.com\/justygoodness","article_modified_time":"2025-07-02T11:32:09+00:00","twitter_card":"summary_large_image","twitter_misc":{"Tempo estimado de leitura":"3 minutos"},"schema":{"@context":"https:\/\/schema.org","@graph":[{"@type":"WebPage","@id":"https:\/\/www.justy.bio\/pt-pt\/disclaimer\/","url":"https:\/\/www.justy.bio\/pt-pt\/disclaimer\/","name":"Aviso legal - Justy","isPartOf":{"@id":"https:\/\/www.justy.bio\/pt-pt\/#website"},"datePublished":"2023-10-24T22:10:01+00:00","dateModified":"2025-07-02T11:32:09+00:00","inLanguage":"pt-PT","potentialAction":[{"@type":"ReadAction","target":["https:\/\/www.justy.bio\/pt-pt\/disclaimer\/"]}]},{"@type":"WebSite","@id":"https:\/\/www.justy.bio\/pt-pt\/#website","url":"https:\/\/www.justy.bio\/pt-pt\/","name":"Justy","description":"","publisher":{"@id":"https:\/\/www.justy.bio\/pt-pt\/#organization"},"potentialAction":[{"@type":"SearchAction","target":{"@type":"EntryPoint","urlTemplate":"https:\/\/www.justy.bio\/pt-pt\/?s={search_term_string}"},"query-input":{"@type":"PropertyValueSpecification","valueRequired":true,"valueName":"search_term_string"}}],"inLanguage":"pt-PT"},{"@type":"Organization","@id":"https:\/\/www.justy.bio\/pt-pt\/#organization","name":"Justy","url":"https:\/\/www.justy.bio\/pt-pt\/","logo":{"@type":"ImageObject","inLanguage":"pt-PT","@id":"https:\/\/www.justy.bio\/pt-pt\/#\/schema\/logo\/image\/","url":"https:\/\/www.justy.bio\/wp-content\/uploads\/2023\/10\/Logo.png","contentUrl":"https:\/\/www.justy.bio\/wp-content\/uploads\/2023\/10\/Logo.png","width":218,"height":218,"caption":"Justy"},"image":{"@id":"https:\/\/www.justy.bio\/pt-pt\/#\/schema\/logo\/image\/"},"sameAs":["https:\/\/www.facebook.com\/justygoodness","https:\/\/www.instagram.com\/justygoodness\/"]}]}},"_links":{"self":[{"href":"https:\/\/www.justy.bio\/pt-pt\/wp-json\/wp\/v2\/pages\/31173","targetHints":{"allow":["GET"]}}],"collection":[{"href":"https:\/\/www.justy.bio\/pt-pt\/wp-json\/wp\/v2\/pages"}],"about":[{"href":"https:\/\/www.justy.bio\/pt-pt\/wp-json\/wp\/v2\/types\/page"}],"author":[{"embeddable":true,"href":"https:\/\/www.justy.bio\/pt-pt\/wp-json\/wp\/v2\/users\/24"}],"replies":[{"embeddable":true,"href":"https:\/\/www.justy.bio\/pt-pt\/wp-json\/wp\/v2\/comments?post=31173"}],"version-history":[{"count":2,"href":"https:\/\/www.justy.bio\/pt-pt\/wp-json\/wp\/v2\/pages\/31173\/revisions"}],"predecessor-version":[{"id":31176,"href":"https:\/\/www.justy.bio\/pt-pt\/wp-json\/wp\/v2\/pages\/31173\/revisions\/31176"}],"wp:attachment":[{"href":"https:\/\/www.justy.bio\/pt-pt\/wp-json\/wp\/v2\/media?parent=31173"}],"curies":[{"name":"wp","href":"https:\/\/api.w.org\/{rel}","templated":true}]}}