{"id":31183,"date":"2023-10-18T23:03:18","date_gmt":"2023-10-18T21:03:18","guid":{"rendered":"https:\/\/www.justy.de\/?page_id=31183"},"modified":"2025-09-05T10:54:23","modified_gmt":"2025-09-05T08:54:23","slug":"como-funciona","status":"publish","type":"page","link":"https:\/\/www.justy.bio\/pt-pt\/como-funciona\/","title":{"rendered":"Como Funciona"},"content":{"rendered":"\n<div class=\"wp-block-columns alignwide are-vertically-aligned-top space-bottom-2 img-max-150 is-layout-flex wp-container-core-columns-is-layout-42b50436 wp-block-columns-is-layout-flex\" style=\"margin-top:64px;margin-bottom:64px\">\n<div class=\"wp-block-column is-vertically-aligned-top is-layout-flow wp-block-column-is-layout-flow\" style=\"flex-basis:15%\">\n<figure class=\"wp-block-image aligncenter size-large is-resized\"><img decoding=\"async\" src=\"\/wp-content\/uploads\/2023\/10\/juicer1-300x173-1.png\" alt=\"\" style=\"width:170px\" \/><\/figure>\n<\/div>\n\n\n\n<div class=\"wp-block-column is-vertically-aligned-top is-layout-flow wp-block-column-is-layout-flow\" style=\"flex-basis:85%\">\n<h2 class=\"wp-block-heading\" id=\"h-sumos-saudaveis-slow-juicer\">Sumos Saud\u00e1veis slow juicer<\/h2>\n\n\n\n<p>Os <strong>sumos feitos atrav\u00e9s de slow juicer<\/strong> (extra\u00e7\u00e3o lenta a frio) s\u00e3o uma escolha fant\u00e1stica para garantir o m\u00e1ximo de<br>nutrientes e sabor nos seus sumos. Diferente dos juicers tradicionais, que utilizam alta velocidade para extrair o sumo, o slow juicer funciona a uma velocidade mais baixa, preservando melhor os nutrientes, vitaminas e enzimas<br>presentes na fruta e legumes.<\/p>\n<\/div>\n<\/div>\n\n\n\n<div class=\"wp-block-columns alignwide are-vertically-aligned-center space-bottom-2 img-max-100 is-layout-flex wp-container-core-columns-is-layout-42b50436 wp-block-columns-is-layout-flex\" style=\"margin-top:64px;margin-bottom:64px\">\n<div class=\"wp-block-column is-layout-flow wp-block-column-is-layout-flow\" style=\"flex-basis:15%\">\n<figure class=\"wp-block-image aligncenter size-large is-resized\"><img decoding=\"async\" src=\"\/wp-content\/uploads\/2023\/10\/recycle-180x180-1.png\" alt=\"\" style=\"width:110px\" \/><\/figure>\n<\/div>\n\n\n\n<div class=\"wp-block-column is-layout-flow wp-block-column-is-layout-flow\" style=\"flex-basis:85%\">\n<h2 class=\"wp-block-heading\" id=\"h-sustentabilidade\">Sustentabilidade<\/h2>\n\n\n\n<p>Os nossos sumos biol\u00f3gicos s\u00e3o embalados em garrafas de vidro 100% recicl\u00e1veis, assim como os outros materiais de embalagem que tamb\u00e9m s\u00e3o sustent\u00e1veis e recicl\u00e1veis. Utilizamos apenas energia solar e e\u00f3lica para os nossos congeladores e slow juicers. Estabelecemos parcerias com agricultores locais e biol\u00f3gicos. O baga\u00e7o dos vegetais \u00e9 enviado para uma quinta biodin\u00e2mica na floresta de Amesterd\u00e3o, onde \u00e9 utilizado como alimento para cabras e outros animais.<\/p>\n<\/div>\n<\/div>\n\n\n\n<div class=\"wp-block-columns alignwide are-vertically-aligned-center space-bottom-2 img-max-150 is-layout-flex wp-container-core-columns-is-layout-42b50436 wp-block-columns-is-layout-flex\" style=\"margin-top:64px;margin-bottom:64px\">\n<div class=\"wp-block-column is-vertically-aligned-center is-layout-flow wp-block-column-is-layout-flow\" style=\"flex-basis:15%\">\n<figure class=\"wp-block-image aligncenter size-large\"><img decoding=\"async\" src=\"\/wp-content\/uploads\/2023\/10\/flesjes-300x95-300x95-1.png\" alt=\"\" \/><\/figure>\n<\/div>\n\n\n\n<div class=\"wp-block-column is-vertically-aligned-center is-layout-flow wp-block-column-is-layout-flow\" style=\"flex-basis:85%\">\n<h2 class=\"wp-block-heading\" id=\"h-sumos-kits-limpezas-ou-subscricoes\">Sumos, kits, limpezas ou subscri\u00e7\u00f5es<\/h2>\n\n\n\n<p>Gostaria de experimentar os nossos sumos de legumes? Encomende pelo menos 14<br>sumos, sopas ou shots biol\u00f3gicos e saud\u00e1veis. Pode tamb\u00e9m encomendar o nosso<br>kit de sumos, que inclui toda a nossa variedade deste produto. Temos tamb\u00e9m uma<br>variedade de planos detox e uma subscri\u00e7\u00e3o muito conveniente com desconto!<\/p>\n<\/div>\n<\/div>\n\n\n\n<div class=\"wp-block-columns alignwide are-vertically-aligned-center space-bottom-2 img-max-100 is-layout-flex wp-container-core-columns-is-layout-42b50436 wp-block-columns-is-layout-flex\" style=\"margin-top:64px;margin-bottom:64px\">\n<div class=\"wp-block-column is-layout-flow wp-block-column-is-layout-flow\" style=\"flex-basis:15%\">\n<figure class=\"wp-block-image aligncenter size-large is-resized\"><img decoding=\"async\" src=\"\/wp-content\/uploads\/2023\/10\/klok1-180x180-1.png\" alt=\"\" style=\"width:110px\" \/><\/figure>\n<\/div>\n\n\n\n<div class=\"wp-block-column is-layout-flow wp-block-column-is-layout-flow\" style=\"flex-basis:85%\">\n<h2 class=\"wp-block-heading\" id=\"h-escolha-o-dia-e-a-hora-da-sua-entrega\">Escolha o dia e a hora da sua entrega<\/h2>\n\n\n\n<p>Os sumos ser\u00e3o entregues no dia e hor\u00e1rio da sua escolha, que pode selecionar na p\u00e1gina de finaliza\u00e7\u00e3o da compra. Em Portugal, os sumos s\u00e3o entregues 5 dias por semana, de segunda a sexta.<\/p>\n<\/div>\n<\/div>\n\n\n\n<div class=\"wp-block-columns alignwide are-vertically-aligned-center space-bottom-2 img-max-150 is-layout-flex wp-container-core-columns-is-layout-42b50436 wp-block-columns-is-layout-flex\" style=\"margin-top:64px;margin-bottom:64px\">\n<div class=\"wp-block-column is-layout-flow wp-block-column-is-layout-flow\" style=\"flex-basis:15%\">\n<figure class=\"wp-block-image aligncenter size-large is-resized\"><img decoding=\"async\" src=\"\/wp-content\/uploads\/2023\/10\/SAPJE_truck_01.png\" alt=\"\" style=\"width:120px\" \/><\/figure>\n<\/div>\n\n\n\n<div class=\"wp-block-column is-layout-flow wp-block-column-is-layout-flow\" style=\"flex-basis:85%\">\n<h2 class=\"wp-block-heading\" id=\"h-entrega-em-todo-portugal-continental-com-servico-de-entrega-congelada\">Entrega em todo Portugal Continental com servi\u00e7o de entrega congelada<\/h2>\n\n\n\n<p>Entregamos os sumos congelados com um servi\u00e7o de entrega especial para produtos congelados.<\/p>\n<\/div>\n<\/div>\n\n\n\n<div class=\"wp-block-columns alignwide space-bottom-2 img-max-100 is-layout-flex wp-container-core-columns-is-layout-42b50436 wp-block-columns-is-layout-flex\" style=\"margin-top:64px;margin-bottom:64px\">\n<div class=\"wp-block-column is-layout-flow wp-block-column-is-layout-flow\" style=\"flex-basis:15%\">\n<figure class=\"wp-block-image aligncenter size-large is-resized\"><img decoding=\"async\" src=\"\/wp-content\/uploads\/2023\/10\/tasje1-138x300-138x300-1.png\" alt=\"\" style=\"width:80px\" \/><\/figure>\n<\/div>\n\n\n\n<div class=\"wp-block-column is-vertically-aligned-center is-layout-flow wp-block-column-is-layout-flow\" style=\"flex-basis:85%\">\n<h2 class=\"wp-block-heading\" id=\"h-entrega-personalizada\">Entrega personalizada<\/h2>\n\n\n\n<p>As entregas s\u00e3o realizadas de ter\u00e7a a sexta-feira. N\u00e3o fazemos entregas aos s\u00e1bados, domingos ou feriados. Se o dia que escolheu para receber os sumos for feriado no local de destino, o seu pedido ser\u00e1 entregue no dia \u00fatil<br>seguinte.<\/p>\n<\/div>\n<\/div>\n\n\n\n<div class=\"wp-block-columns alignwide are-vertically-aligned-center space-bottom-2 img-max-100 is-layout-flex wp-container-core-columns-is-layout-42b50436 wp-block-columns-is-layout-flex\" style=\"margin-top:64px;margin-bottom:64px\">\n<div class=\"wp-block-column is-layout-flow wp-block-column-is-layout-flow\" style=\"flex-basis:15%\">\n<figure class=\"wp-block-image aligncenter size-large is-resized\"><img decoding=\"async\" src=\"\/wp-content\/uploads\/2023\/10\/flesje_op1-235x300-235x300-1.png\" alt=\"\" style=\"width:120px\" \/><\/figure>\n<\/div>\n\n\n\n<div class=\"wp-block-column is-layout-flow wp-block-column-is-layout-flow\" style=\"flex-basis:85%\">\n<h2 class=\"wp-block-heading\" id=\"h-sem-mais-sumos\">Sem mais sumos?<\/h2>\n\n\n\n<p>O que est\u00e1 \u00e0 espera? Pe\u00e7a agora os seus sumos biol\u00f3gicos e saud\u00e1veis aqui. As garrafas de vidro vazias e as embalagens podem ser mantidas para uso pessoal ou recicladas 100% nos respetivos ecopontos.<\/p>\n<\/div>\n<\/div>\n\n\n\n<div style=\"height:100px\" aria-hidden=\"true\" class=\"wp-block-spacer\"><\/div>\n\n\n\n<div class=\"wp-block-columns alignwide has-2-columns final-list is-layout-flex wp-container-core-columns-is-layout-cbe57604 wp-block-columns-is-layout-flex\">\n<div class=\"wp-block-column is-layout-flow wp-block-column-is-layout-flow\">\n<figure class=\"wp-block-image aligncenter size-large\"><img decoding=\"async\" src=\"\/wp-content\/uploads\/2023\/10\/sneeuwvlokje-80x80-2.png\" alt=\"\" \/><\/figure>\n\n\n\n<h2 class=\"wp-block-heading has-text-align-center\" id=\"h-armazenar-amp-descongelar\">Armazenar &amp; Descongelar<\/h2>\n\n\n\n<div style=\"height:24px\" aria-hidden=\"true\" class=\"wp-block-spacer\"><\/div>\n\n\n\n<ul class=\"wp-block-list\">\n<li><strong>Armazenamento Congelado<\/strong>:\n<ul class=\"wp-block-list\">\n<li>Os sumos congelados podem ser armazenados no congelador a uma temperatura de pelo menos\u00a0<strong>-18\u00b0C<\/strong>\u00a0por v\u00e1rios meses. Confira a data de validade na garrafa para saber o tempo exato de armazenamento.<\/li>\n<\/ul>\n<\/li>\n\n\n\n<li><strong>Descongelamento<\/strong>:\n<ul class=\"wp-block-list\">\n<li><strong>No frigor\u00edfico:<\/strong>: Coloque o sumos congelado no frigor\u00edfico. O processo de descongelamento cerca de\u00a0<strong>24 a 30 horas<\/strong>, dependendo da temperatura do frigor\u00edfico e de como as garrafas est\u00e3o armazenadas.<\/li>\n\n\n\n<li><strong>Temperatura ambiente<\/strong>: O descongelamento \u00e0 temperatura ambiente leva cerca de&nbsp;<strong>8 horas<\/strong>.<\/li>\n\n\n\n<li><strong>\u00c1gua morna<\/strong>: Para um processo mais r\u00e1pido, voc\u00ea pode colocar a garrafa em \u00e1gua morna (n\u00e3o mais quente que 40\u00b0C) para acelerar o descongelamento.<\/li>\n<\/ul>\n<\/li>\n\n\n\n<li><strong>Ap\u00f3s o Descongelamento<\/strong>:\n<ul class=\"wp-block-list\">\n<li>Ap\u00f3s descongelar, os sumos devem ser armazenados no frigor\u00edfico a uma temperatura de at\u00e9\u00a0<strong>7\u00b0C<\/strong>\u00a0e consumidos em at\u00e9\u00a0<strong>4 dias<\/strong>.<\/li>\n\n\n\n<li><strong>N\u00e3o volte a congelar<\/strong>\u00a0os sumos depois de descongelados, pois isso pode afetar a qualidade e os nutrientes do produto.<\/li>\n<\/ul>\n<\/li>\n\n\n\n<li><strong>Dica Importante<\/strong>: Para preservar ao m\u00e1ximo os nutrientes, \u00e9 recomend\u00e1vel consumir o sumo logo ap\u00f3s o descongelamento.<\/li>\n<\/ul>\n<\/div>\n<\/div>\n","protected":false},"excerpt":{"rendered":"<p>Sumos Saud\u00e1veis slow juicer Os sumos feitos atrav\u00e9s de slow juicer (extra\u00e7\u00e3o lenta a frio) s\u00e3o uma escolha fant\u00e1stica para garantir o m\u00e1ximo denutrientes e sabor nos seus sumos. Diferente dos juicers tradicionais, que utilizam alta velocidade para extrair o sumo, o slow juicer funciona a uma velocidade mais baixa, preservando melhor os nutrientes, vitaminas [&hellip;]<\/p>\n","protected":false},"author":24,"featured_media":0,"parent":0,"menu_order":0,"comment_status":"closed","ping_status":"closed","template":"","meta":{"_acf_changed":false,"_gspb_post_css":"","footnotes":""},"class_list":["post-31183","page","type-page","status-publish","hentry"],"acf":[],"yoast_head":"<!-- This site is optimized with the Yoast SEO Premium plugin v25.5 (Yoast SEO v25.5) - https:\/\/yoast.com\/wordpress\/plugins\/seo\/ -->\n<title>Como Funciona - Justy<\/title>\n<meta name=\"robots\" content=\"index, follow, max-snippet:-1, max-image-preview:large, max-video-preview:-1\" \/>\n<link rel=\"canonical\" href=\"https:\/\/www.justy.bio\/pt-pt\/como-funciona\/\" \/>\n<meta property=\"og:locale\" content=\"pt_PT\" \/>\n<meta property=\"og:type\" content=\"article\" \/>\n<meta property=\"og:title\" content=\"Como Funciona - Justy\" \/>\n<meta property=\"og:description\" content=\"Sumos Saud\u00e1veis slow juicer Os sumos feitos atrav\u00e9s de slow juicer (extra\u00e7\u00e3o lenta a frio) s\u00e3o uma escolha fant\u00e1stica para garantir o m\u00e1ximo denutrientes e sabor nos seus sumos. Diferente dos juicers tradicionais, que utilizam alta velocidade para extrair o sumo, o slow juicer funciona a uma velocidade mais baixa, preservando melhor os nutrientes, vitaminas [&hellip;]\" \/>\n<meta property=\"og:url\" content=\"https:\/\/www.justy.bio\/pt-pt\/como-funciona\/\" \/>\n<meta property=\"og:site_name\" content=\"Justy\" \/>\n<meta property=\"article:publisher\" content=\"https:\/\/www.facebook.com\/justygoodness\" \/>\n<meta property=\"article:modified_time\" content=\"2025-09-05T08:54:23+00:00\" \/>\n<meta name=\"twitter:card\" content=\"summary_large_image\" \/>\n<meta name=\"twitter:label1\" content=\"Tempo estimado de leitura\" \/>\n\t<meta name=\"twitter:data1\" content=\"5 minutos\" \/>\n<script type=\"application\/ld+json\" class=\"yoast-schema-graph\">{\"@context\":\"https:\/\/schema.org\",\"@graph\":[{\"@type\":\"WebPage\",\"@id\":\"https:\/\/www.justy.bio\/pt-pt\/como-funciona\/\",\"url\":\"https:\/\/www.justy.bio\/pt-pt\/como-funciona\/\",\"name\":\"Como Funciona - Justy\",\"isPartOf\":{\"@id\":\"https:\/\/www.justy.bio\/pt-pt\/#website\"},\"datePublished\":\"2023-10-18T21:03:18+00:00\",\"dateModified\":\"2025-09-05T08:54:23+00:00\",\"inLanguage\":\"pt-PT\",\"potentialAction\":[{\"@type\":\"ReadAction\",\"target\":[\"https:\/\/www.justy.bio\/pt-pt\/como-funciona\/\"]}]},{\"@type\":\"WebSite\",\"@id\":\"https:\/\/www.justy.bio\/pt-pt\/#website\",\"url\":\"https:\/\/www.justy.bio\/pt-pt\/\",\"name\":\"Justy\",\"description\":\"\",\"publisher\":{\"@id\":\"https:\/\/www.justy.bio\/pt-pt\/#organization\"},\"potentialAction\":[{\"@type\":\"SearchAction\",\"target\":{\"@type\":\"EntryPoint\",\"urlTemplate\":\"https:\/\/www.justy.bio\/pt-pt\/?s={search_term_string}\"},\"query-input\":{\"@type\":\"PropertyValueSpecification\",\"valueRequired\":true,\"valueName\":\"search_term_string\"}}],\"inLanguage\":\"pt-PT\"},{\"@type\":\"Organization\",\"@id\":\"https:\/\/www.justy.bio\/pt-pt\/#organization\",\"name\":\"Justy\",\"url\":\"https:\/\/www.justy.bio\/pt-pt\/\",\"logo\":{\"@type\":\"ImageObject\",\"inLanguage\":\"pt-PT\",\"@id\":\"https:\/\/www.justy.bio\/pt-pt\/#\/schema\/logo\/image\/\",\"url\":\"https:\/\/www.justy.bio\/wp-content\/uploads\/2023\/10\/Logo.png\",\"contentUrl\":\"https:\/\/www.justy.bio\/wp-content\/uploads\/2023\/10\/Logo.png\",\"width\":218,\"height\":218,\"caption\":\"Justy\"},\"image\":{\"@id\":\"https:\/\/www.justy.bio\/pt-pt\/#\/schema\/logo\/image\/\"},\"sameAs\":[\"https:\/\/www.facebook.com\/justygoodness\",\"https:\/\/www.instagram.com\/justygoodness\/\"]}]}<\/script>\n<!-- \/ Yoast SEO Premium plugin. -->","yoast_head_json":{"title":"Como Funciona - Justy","robots":{"index":"index","follow":"follow","max-snippet":"max-snippet:-1","max-image-preview":"max-image-preview:large","max-video-preview":"max-video-preview:-1"},"canonical":"https:\/\/www.justy.bio\/pt-pt\/como-funciona\/","og_locale":"pt_PT","og_type":"article","og_title":"Como Funciona - Justy","og_description":"Sumos Saud\u00e1veis slow juicer Os sumos feitos atrav\u00e9s de slow juicer (extra\u00e7\u00e3o lenta a frio) s\u00e3o uma escolha fant\u00e1stica para garantir o m\u00e1ximo denutrientes e sabor nos seus sumos. Diferente dos juicers tradicionais, que utilizam alta velocidade para extrair o sumo, o slow juicer funciona a uma velocidade mais baixa, preservando melhor os nutrientes, vitaminas [&hellip;]","og_url":"https:\/\/www.justy.bio\/pt-pt\/como-funciona\/","og_site_name":"Justy","article_publisher":"https:\/\/www.facebook.com\/justygoodness","article_modified_time":"2025-09-05T08:54:23+00:00","twitter_card":"summary_large_image","twitter_misc":{"Tempo estimado de leitura":"5 minutos"},"schema":{"@context":"https:\/\/schema.org","@graph":[{"@type":"WebPage","@id":"https:\/\/www.justy.bio\/pt-pt\/como-funciona\/","url":"https:\/\/www.justy.bio\/pt-pt\/como-funciona\/","name":"Como Funciona - Justy","isPartOf":{"@id":"https:\/\/www.justy.bio\/pt-pt\/#website"},"datePublished":"2023-10-18T21:03:18+00:00","dateModified":"2025-09-05T08:54:23+00:00","inLanguage":"pt-PT","potentialAction":[{"@type":"ReadAction","target":["https:\/\/www.justy.bio\/pt-pt\/como-funciona\/"]}]},{"@type":"WebSite","@id":"https:\/\/www.justy.bio\/pt-pt\/#website","url":"https:\/\/www.justy.bio\/pt-pt\/","name":"Justy","description":"","publisher":{"@id":"https:\/\/www.justy.bio\/pt-pt\/#organization"},"potentialAction":[{"@type":"SearchAction","target":{"@type":"EntryPoint","urlTemplate":"https:\/\/www.justy.bio\/pt-pt\/?s={search_term_string}"},"query-input":{"@type":"PropertyValueSpecification","valueRequired":true,"valueName":"search_term_string"}}],"inLanguage":"pt-PT"},{"@type":"Organization","@id":"https:\/\/www.justy.bio\/pt-pt\/#organization","name":"Justy","url":"https:\/\/www.justy.bio\/pt-pt\/","logo":{"@type":"ImageObject","inLanguage":"pt-PT","@id":"https:\/\/www.justy.bio\/pt-pt\/#\/schema\/logo\/image\/","url":"https:\/\/www.justy.bio\/wp-content\/uploads\/2023\/10\/Logo.png","contentUrl":"https:\/\/www.justy.bio\/wp-content\/uploads\/2023\/10\/Logo.png","width":218,"height":218,"caption":"Justy"},"image":{"@id":"https:\/\/www.justy.bio\/pt-pt\/#\/schema\/logo\/image\/"},"sameAs":["https:\/\/www.facebook.com\/justygoodness","https:\/\/www.instagram.com\/justygoodness\/"]}]}},"_links":{"self":[{"href":"https:\/\/www.justy.bio\/pt-pt\/wp-json\/wp\/v2\/pages\/31183","targetHints":{"allow":["GET"]}}],"collection":[{"href":"https:\/\/www.justy.bio\/pt-pt\/wp-json\/wp\/v2\/pages"}],"about":[{"href":"https:\/\/www.justy.bio\/pt-pt\/wp-json\/wp\/v2\/types\/page"}],"author":[{"embeddable":true,"href":"https:\/\/www.justy.bio\/pt-pt\/wp-json\/wp\/v2\/users\/24"}],"replies":[{"embeddable":true,"href":"https:\/\/www.justy.bio\/pt-pt\/wp-json\/wp\/v2\/comments?post=31183"}],"version-history":[{"count":2,"href":"https:\/\/www.justy.bio\/pt-pt\/wp-json\/wp\/v2\/pages\/31183\/revisions"}],"predecessor-version":[{"id":181148,"href":"https:\/\/www.justy.bio\/pt-pt\/wp-json\/wp\/v2\/pages\/31183\/revisions\/181148"}],"wp:attachment":[{"href":"https:\/\/www.justy.bio\/pt-pt\/wp-json\/wp\/v2\/media?parent=31183"}],"curies":[{"name":"wp","href":"https:\/\/api.w.org\/{rel}","templated":true}]}}