{"id":31194,"date":"2023-11-09T10:37:24","date_gmt":"2023-11-09T09:37:24","guid":{"rendered":"https:\/\/www.justy.de\/?page_id=31194"},"modified":"2025-07-02T17:40:09","modified_gmt":"2025-07-02T15:40:09","slug":"opinioes-sobre-a-justy","status":"publish","type":"page","link":"https:\/\/www.justy.bio\/pt-pt\/opinioes-sobre-a-justy\/","title":{"rendered":"Opini\u00f5es sobre a Justy"},"content":{"rendered":"\n<p>Aqui, os clientes da Justy partilham as suas experi\u00eancias. Por exemplo, podes encontrar relatos de pessoas que experimentaram um dos nossos tratamentos detox com sumos. Gostavas de saber mais sobre como foi a entrega dos nossos sumos? Como era o sabor? Ou qu\u00e3o f\u00e1cil foi seguir o jejum de sumos? Aqui podes ler tudo sobre isso!<\/p>\n\n\n\n<p>Claro que as experi\u00eancias com o tratamento detox tamb\u00e9m d\u00e3o uma ideia dos efeitos do jejum com sumos, como por exemplo: mais energia ou perda de peso. Ficaste curioso com os testemunhos dos nossos clientes? Encomenda aqui os teus sumos ou o nosso plano de limpeza detox.<\/p>\n\n\n\n<p><\/p>\n\n\n\n<p><\/p>\n\n\n\n<p><em><br><\/em><\/p>\n\n\n\n<div class=\"wp-block-group has-global-padding is-layout-constrained wp-container-core-group-is-layout-105570a8 wp-block-group-is-layout-constrained\">\n<figure class=\"wp-block-image size-full is-resized\"><img loading=\"lazy\" decoding=\"async\" width=\"48\" height=\"49\" src=\"https:\/\/justy.bio\/wp-content\/uploads\/2023\/11\/image-5.png\" alt=\"\" class=\"wp-image-2275\" style=\"width:32px\" \/><\/figure>\n\n\n\n<p>&#8220;Na semana passada, fiz pela primeira vez o plano de limpeza de tr\u00eas dias da Justy. Pode parecer um pouco estranho, mas adorei mesmo a experi\u00eancia. Adorei os meus sumos di\u00e1rios, n\u00e3o precisei de comer mais nada e senti-me um pouco melhor a cada dia. As instru\u00e7\u00f5es eram muito claras, e ainda vinham com receitas deliciosas para os dias antes e depois da limpeza.&#8221;<\/p>\n\n\n\n<div class=\"wp-block-group is-vertical is-layout-flex wp-container-core-group-is-layout-fe9cc265 wp-block-group-is-layout-flex\">\n<p><strong>Ines<\/strong><\/p>\n\n\n\n<p class=\"has-text-color has-link-color wp-elements-321f632620c9b7e702f6e0025e3a3241\" style=\"color:#e6c42c\">\u2605\u2605\u2605\u2605\u2605<\/p>\n<\/div>\n<\/div>\n\n\n\n<div style=\"height:22px\" aria-hidden=\"true\" class=\"wp-block-spacer\"><\/div>\n\n\n\n<div class=\"wp-block-group has-global-padding is-layout-constrained wp-container-core-group-is-layout-105570a8 wp-block-group-is-layout-constrained\">\n<figure class=\"wp-block-image size-full is-resized\"><img loading=\"lazy\" decoding=\"async\" width=\"48\" height=\"49\" src=\"https:\/\/justy.bio\/wp-content\/uploads\/2023\/11\/image-5.png\" alt=\"\" class=\"wp-image-2275\" style=\"width:32px\" \/><\/figure>\n\n\n\n<p>&#8220;Com os e-mails anteriores e a explica\u00e7\u00e3o sobre como fazer a cura, a equipa da Justy conquistou-me por completo. A estrutura da cura est\u00e1 perfeita e os sumos s\u00e3o realmente deliciosos. Quando os bebemos, sente-se mesmo que o corpo recebe um impulso saud\u00e1vel! J\u00e1 experimentei outras curas, mas esta foi a que mais gostei, tamb\u00e9m por ser 100% biol\u00f3gica. Recomendo vivamente!&#8221;<\/p>\n\n\n\n<div class=\"wp-block-group is-vertical is-layout-flex wp-container-core-group-is-layout-fe9cc265 wp-block-group-is-layout-flex\">\n<p><strong>Joana<\/strong><\/p>\n\n\n\n<p class=\"has-text-color has-link-color wp-elements-321f632620c9b7e702f6e0025e3a3241\" style=\"color:#e6c42c\">\u2605\u2605\u2605\u2605\u2605<\/p>\n<\/div>\n<\/div>\n\n\n\n<div style=\"height:17px\" aria-hidden=\"true\" class=\"wp-block-spacer\"><\/div>\n\n\n\n<figure class=\"wp-block-image size-full is-resized\"><img loading=\"lazy\" decoding=\"async\" width=\"48\" height=\"49\" src=\"https:\/\/justy.bio\/wp-content\/uploads\/2023\/11\/image-5.png\" alt=\"\" class=\"wp-image-2275\" style=\"width:32px\" \/><\/figure>\n\n\n\n<p>&#8220;Adoro os sumos. Bebo-os quase todos os dias. Quando n\u00e3o tenho tempo para cozinhar com todos os ingredientes de que preciso, sei pelo menos que estou a dar algo de bom ao meu corpo ao beber os sumos. Sinto-me \u00f3tima e com menos culpa por n\u00e3o ter tempo para preparar uma refei\u00e7\u00e3o completa.&#8221;<\/p>\n\n\n\n<div class=\"wp-block-group is-vertical is-layout-flex wp-container-core-group-is-layout-fe9cc265 wp-block-group-is-layout-flex\">\n<p><strong>Sofia<\/strong><\/p>\n\n\n\n<p class=\"has-text-color has-link-color wp-elements-321f632620c9b7e702f6e0025e3a3241\" style=\"color:#e6c42c\">\u2605\u2605\u2605\u2605\u2605<\/p>\n<\/div>\n\n\n\n<div style=\"height:17px\" aria-hidden=\"true\" class=\"wp-block-spacer\"><\/div>\n\n\n\n<figure class=\"wp-block-image size-full is-resized\"><img loading=\"lazy\" decoding=\"async\" width=\"48\" height=\"49\" src=\"https:\/\/justy.bio\/wp-content\/uploads\/2023\/11\/image-5.png\" alt=\"\" class=\"wp-image-2275\" style=\"width:32px\" \/><\/figure>\n\n\n\n<p>A entrega correu bem e chegou \u00e0 hora combinada. Optei pela cura de desintoxica\u00e7\u00e3o de 5 dias \u2014 foi a primeira vez que fiz algo assim. N\u00e3o segui a prepara\u00e7\u00e3o pr\u00e9-detox e, nos dias anteriores \u00e0 cura, comi normalmente. Achei os sumos saborosos, com poucas exce\u00e7\u00f5es. Nos dois primeiros dias, tive mesmo alguns efeitos secund\u00e1rios: senti muito frio, dores de cabe\u00e7a e cansa\u00e7o. A meio do terceiro dia, senti-me muito melhor. Tinha muito mais energia, e essa sensa\u00e7\u00e3o ainda continua. Quase n\u00e3o senti fome \u2014 quando sentia, bebia alguma coisa e a sensa\u00e7\u00e3o passava rapidamente. Perdi 3 quilos e o meu abd\u00f3men j\u00e1 n\u00e3o se sente inchado. Repetiria sem d\u00favida!<\/p>\n\n\n\n<p>Ap\u00f3s a cura, acrescentei durante 3 dias um smoothie ao pequeno-almo\u00e7o. \u00c9 mesmo delicioso! Recomendo totalmente!<\/p>\n\n\n\n<div class=\"wp-block-group is-vertical is-layout-flex wp-container-core-group-is-layout-fe9cc265 wp-block-group-is-layout-flex\">\n<p><em><strong>Marta\u00a0<\/strong><\/em><\/p>\n\n\n\n<p class=\"has-text-color has-link-color wp-elements-321f632620c9b7e702f6e0025e3a3241\" style=\"color:#e6c42c\">\u2605\u2605\u2605\u2605\u2605<\/p>\n<\/div>\n\n\n\n<div style=\"height:17px\" aria-hidden=\"true\" class=\"wp-block-spacer\"><\/div>\n\n\n\n<figure class=\"wp-block-image size-full is-resized\"><img loading=\"lazy\" decoding=\"async\" width=\"48\" height=\"49\" src=\"https:\/\/justy.bio\/wp-content\/uploads\/2023\/11\/image-5.png\" alt=\"\" class=\"wp-image-2275\" style=\"width:32px\" \/><\/figure>\n\n\n\n<p>Fiz a cura detox de tr\u00eas dias \u2014 gostei bastante. N\u00e3o senti fome e os sumos s\u00e3o saborosos e saciantes. As instru\u00e7\u00f5es eram claras e houve um bom acompanhamento antes e depois da cura com um plano alimentar. \u00c9 pena que as tampas das garrafinhas n\u00e3o fechem muito bem. No entanto, assim que comuniquei o problema, recebi imediatamente um cr\u00e9dito adicional na minha conta. Um excelente servi\u00e7o ao cliente!<\/p>\n\n\n\n<div class=\"wp-block-group is-vertical is-layout-flex wp-container-core-group-is-layout-fe9cc265 wp-block-group-is-layout-flex\">\n<p><em><strong>Ricardo\u00a0<\/strong><\/em><\/p>\n\n\n\n<p class=\"has-text-color has-link-color wp-elements-ae3c9d8d221846048f6bd2c19c63038a\" style=\"color:#e6c42c\">\u2605\u2605\u2605\u2605<\/p>\n\n\n\n<p><\/p>\n<\/div>\n","protected":false},"excerpt":{"rendered":"<p>Aqui, os clientes da Justy partilham as suas experi\u00eancias. Por exemplo, podes encontrar relatos de pessoas que experimentaram um dos nossos tratamentos detox com sumos. Gostavas de saber mais sobre como foi a entrega dos nossos sumos? Como era o sabor? Ou qu\u00e3o f\u00e1cil foi seguir o jejum de sumos? Aqui podes ler tudo sobre [&hellip;]<\/p>\n","protected":false},"author":24,"featured_media":0,"parent":0,"menu_order":0,"comment_status":"closed","ping_status":"closed","template":"","meta":{"_acf_changed":false,"_gspb_post_css":"","footnotes":""},"class_list":["post-31194","page","type-page","status-publish","hentry"],"acf":[],"yoast_head":"<!-- This site is optimized with the Yoast SEO Premium plugin v25.5 (Yoast SEO v25.5) - https:\/\/yoast.com\/wordpress\/plugins\/seo\/ -->\n<title>Opini\u00f5es sobre a Justy - Justy<\/title>\n<meta name=\"robots\" content=\"index, follow, max-snippet:-1, max-image-preview:large, max-video-preview:-1\" \/>\n<link rel=\"canonical\" href=\"https:\/\/www.justy.bio\/pt-pt\/opinioes-sobre-a-justy\/\" \/>\n<meta property=\"og:locale\" content=\"pt_PT\" \/>\n<meta property=\"og:type\" content=\"article\" \/>\n<meta property=\"og:title\" content=\"Opini\u00f5es sobre a Justy - Justy\" \/>\n<meta property=\"og:description\" content=\"Aqui, os clientes da Justy partilham as suas experi\u00eancias. Por exemplo, podes encontrar relatos de pessoas que experimentaram um dos nossos tratamentos detox com sumos. Gostavas de saber mais sobre como foi a entrega dos nossos sumos? Como era o sabor? Ou qu\u00e3o f\u00e1cil foi seguir o jejum de sumos? Aqui podes ler tudo sobre [&hellip;]\" \/>\n<meta property=\"og:url\" content=\"https:\/\/www.justy.bio\/pt-pt\/opinioes-sobre-a-justy\/\" \/>\n<meta property=\"og:site_name\" content=\"Justy\" \/>\n<meta property=\"article:publisher\" content=\"https:\/\/www.facebook.com\/justygoodness\" \/>\n<meta property=\"article:modified_time\" content=\"2025-07-02T15:40:09+00:00\" \/>\n<meta property=\"og:image\" content=\"https:\/\/justy.bio\/wp-content\/uploads\/2023\/11\/image-5.png\" \/>\n<meta name=\"twitter:card\" content=\"summary_large_image\" \/>\n<meta name=\"twitter:label1\" content=\"Tempo estimado de leitura\" \/>\n\t<meta name=\"twitter:data1\" content=\"4 minutos\" \/>\n<script type=\"application\/ld+json\" class=\"yoast-schema-graph\">{\"@context\":\"https:\/\/schema.org\",\"@graph\":[{\"@type\":\"WebPage\",\"@id\":\"https:\/\/www.justy.bio\/pt-pt\/opinioes-sobre-a-justy\/\",\"url\":\"https:\/\/www.justy.bio\/pt-pt\/opinioes-sobre-a-justy\/\",\"name\":\"Opini\u00f5es sobre a Justy - Justy\",\"isPartOf\":{\"@id\":\"https:\/\/www.justy.bio\/pt-pt\/#website\"},\"primaryImageOfPage\":{\"@id\":\"https:\/\/www.justy.bio\/pt-pt\/opinioes-sobre-a-justy\/#primaryimage\"},\"image\":{\"@id\":\"https:\/\/www.justy.bio\/pt-pt\/opinioes-sobre-a-justy\/#primaryimage\"},\"thumbnailUrl\":\"https:\/\/justy.bio\/wp-content\/uploads\/2023\/11\/image-5.png\",\"datePublished\":\"2023-11-09T09:37:24+00:00\",\"dateModified\":\"2025-07-02T15:40:09+00:00\",\"inLanguage\":\"pt-PT\",\"potentialAction\":[{\"@type\":\"ReadAction\",\"target\":[\"https:\/\/www.justy.bio\/pt-pt\/opinioes-sobre-a-justy\/\"]}]},{\"@type\":\"ImageObject\",\"inLanguage\":\"pt-PT\",\"@id\":\"https:\/\/www.justy.bio\/pt-pt\/opinioes-sobre-a-justy\/#primaryimage\",\"url\":\"https:\/\/justy.bio\/wp-content\/uploads\/2023\/11\/image-5.png\",\"contentUrl\":\"https:\/\/justy.bio\/wp-content\/uploads\/2023\/11\/image-5.png\"},{\"@type\":\"WebSite\",\"@id\":\"https:\/\/www.justy.bio\/pt-pt\/#website\",\"url\":\"https:\/\/www.justy.bio\/pt-pt\/\",\"name\":\"Justy\",\"description\":\"\",\"publisher\":{\"@id\":\"https:\/\/www.justy.bio\/pt-pt\/#organization\"},\"potentialAction\":[{\"@type\":\"SearchAction\",\"target\":{\"@type\":\"EntryPoint\",\"urlTemplate\":\"https:\/\/www.justy.bio\/pt-pt\/?s={search_term_string}\"},\"query-input\":{\"@type\":\"PropertyValueSpecification\",\"valueRequired\":true,\"valueName\":\"search_term_string\"}}],\"inLanguage\":\"pt-PT\"},{\"@type\":\"Organization\",\"@id\":\"https:\/\/www.justy.bio\/pt-pt\/#organization\",\"name\":\"Justy\",\"url\":\"https:\/\/www.justy.bio\/pt-pt\/\",\"logo\":{\"@type\":\"ImageObject\",\"inLanguage\":\"pt-PT\",\"@id\":\"https:\/\/www.justy.bio\/pt-pt\/#\/schema\/logo\/image\/\",\"url\":\"https:\/\/www.justy.bio\/wp-content\/uploads\/2023\/10\/Logo.png\",\"contentUrl\":\"https:\/\/www.justy.bio\/wp-content\/uploads\/2023\/10\/Logo.png\",\"width\":218,\"height\":218,\"caption\":\"Justy\"},\"image\":{\"@id\":\"https:\/\/www.justy.bio\/pt-pt\/#\/schema\/logo\/image\/\"},\"sameAs\":[\"https:\/\/www.facebook.com\/justygoodness\",\"https:\/\/www.instagram.com\/justygoodness\/\"]}]}<\/script>\n<!-- \/ Yoast SEO Premium plugin. -->","yoast_head_json":{"title":"Opini\u00f5es sobre a Justy - Justy","robots":{"index":"index","follow":"follow","max-snippet":"max-snippet:-1","max-image-preview":"max-image-preview:large","max-video-preview":"max-video-preview:-1"},"canonical":"https:\/\/www.justy.bio\/pt-pt\/opinioes-sobre-a-justy\/","og_locale":"pt_PT","og_type":"article","og_title":"Opini\u00f5es sobre a Justy - Justy","og_description":"Aqui, os clientes da Justy partilham as suas experi\u00eancias. Por exemplo, podes encontrar relatos de pessoas que experimentaram um dos nossos tratamentos detox com sumos. Gostavas de saber mais sobre como foi a entrega dos nossos sumos? Como era o sabor? Ou qu\u00e3o f\u00e1cil foi seguir o jejum de sumos? Aqui podes ler tudo sobre [&hellip;]","og_url":"https:\/\/www.justy.bio\/pt-pt\/opinioes-sobre-a-justy\/","og_site_name":"Justy","article_publisher":"https:\/\/www.facebook.com\/justygoodness","article_modified_time":"2025-07-02T15:40:09+00:00","og_image":[{"url":"https:\/\/justy.bio\/wp-content\/uploads\/2023\/11\/image-5.png","type":"","width":"","height":""}],"twitter_card":"summary_large_image","twitter_misc":{"Tempo estimado de leitura":"4 minutos"},"schema":{"@context":"https:\/\/schema.org","@graph":[{"@type":"WebPage","@id":"https:\/\/www.justy.bio\/pt-pt\/opinioes-sobre-a-justy\/","url":"https:\/\/www.justy.bio\/pt-pt\/opinioes-sobre-a-justy\/","name":"Opini\u00f5es sobre a Justy - Justy","isPartOf":{"@id":"https:\/\/www.justy.bio\/pt-pt\/#website"},"primaryImageOfPage":{"@id":"https:\/\/www.justy.bio\/pt-pt\/opinioes-sobre-a-justy\/#primaryimage"},"image":{"@id":"https:\/\/www.justy.bio\/pt-pt\/opinioes-sobre-a-justy\/#primaryimage"},"thumbnailUrl":"https:\/\/justy.bio\/wp-content\/uploads\/2023\/11\/image-5.png","datePublished":"2023-11-09T09:37:24+00:00","dateModified":"2025-07-02T15:40:09+00:00","inLanguage":"pt-PT","potentialAction":[{"@type":"ReadAction","target":["https:\/\/www.justy.bio\/pt-pt\/opinioes-sobre-a-justy\/"]}]},{"@type":"ImageObject","inLanguage":"pt-PT","@id":"https:\/\/www.justy.bio\/pt-pt\/opinioes-sobre-a-justy\/#primaryimage","url":"https:\/\/justy.bio\/wp-content\/uploads\/2023\/11\/image-5.png","contentUrl":"https:\/\/justy.bio\/wp-content\/uploads\/2023\/11\/image-5.png"},{"@type":"WebSite","@id":"https:\/\/www.justy.bio\/pt-pt\/#website","url":"https:\/\/www.justy.bio\/pt-pt\/","name":"Justy","description":"","publisher":{"@id":"https:\/\/www.justy.bio\/pt-pt\/#organization"},"potentialAction":[{"@type":"SearchAction","target":{"@type":"EntryPoint","urlTemplate":"https:\/\/www.justy.bio\/pt-pt\/?s={search_term_string}"},"query-input":{"@type":"PropertyValueSpecification","valueRequired":true,"valueName":"search_term_string"}}],"inLanguage":"pt-PT"},{"@type":"Organization","@id":"https:\/\/www.justy.bio\/pt-pt\/#organization","name":"Justy","url":"https:\/\/www.justy.bio\/pt-pt\/","logo":{"@type":"ImageObject","inLanguage":"pt-PT","@id":"https:\/\/www.justy.bio\/pt-pt\/#\/schema\/logo\/image\/","url":"https:\/\/www.justy.bio\/wp-content\/uploads\/2023\/10\/Logo.png","contentUrl":"https:\/\/www.justy.bio\/wp-content\/uploads\/2023\/10\/Logo.png","width":218,"height":218,"caption":"Justy"},"image":{"@id":"https:\/\/www.justy.bio\/pt-pt\/#\/schema\/logo\/image\/"},"sameAs":["https:\/\/www.facebook.com\/justygoodness","https:\/\/www.instagram.com\/justygoodness\/"]}]}},"_links":{"self":[{"href":"https:\/\/www.justy.bio\/pt-pt\/wp-json\/wp\/v2\/pages\/31194","targetHints":{"allow":["GET"]}}],"collection":[{"href":"https:\/\/www.justy.bio\/pt-pt\/wp-json\/wp\/v2\/pages"}],"about":[{"href":"https:\/\/www.justy.bio\/pt-pt\/wp-json\/wp\/v2\/types\/page"}],"author":[{"embeddable":true,"href":"https:\/\/www.justy.bio\/pt-pt\/wp-json\/wp\/v2\/users\/24"}],"replies":[{"embeddable":true,"href":"https:\/\/www.justy.bio\/pt-pt\/wp-json\/wp\/v2\/comments?post=31194"}],"version-history":[{"count":1,"href":"https:\/\/www.justy.bio\/pt-pt\/wp-json\/wp\/v2\/pages\/31194\/revisions"}],"predecessor-version":[{"id":31195,"href":"https:\/\/www.justy.bio\/pt-pt\/wp-json\/wp\/v2\/pages\/31194\/revisions\/31195"}],"wp:attachment":[{"href":"https:\/\/www.justy.bio\/pt-pt\/wp-json\/wp\/v2\/media?parent=31194"}],"curies":[{"name":"wp","href":"https:\/\/api.w.org\/{rel}","templated":true}]}}