{"id":30122,"date":"2025-05-29T17:29:47","date_gmt":"2025-05-29T15:29:47","guid":{"rendered":"https:\/\/www.justy.de\/shop\/uncategorized\/fruit-joy\/"},"modified":"2025-09-10T14:15:11","modified_gmt":"2025-09-10T12:15:11","slug":"fruit-joy","status":"publish","type":"product","link":"https:\/\/www.justy.bio\/pt-pt\/shop\/sumos\/fruit-joy\/","title":{"rendered":"SUMO Fruit Joy"},"content":{"rendered":"\n<div class=\"wp-block-greenshift-blocks-container gspb_container gspb_container-gsbp-0563254\" id=\"gspb_container-id-gsbp-0563254\">\n<h3 class=\"wp-block-heading\" id=\"h-leve-o-seu-paladar-numa-alegre-aventura-com-o-nosso-fruit-joy\">Leve o seu paladar numa alegre aventura com o nosso Fruit Joy!<\/h3>\n\n\n\n<p>Descubra o sabor verde e a beleza simples que esta terra tem para oferecer, enquanto que ajuda, ao mesmo tempo, o seu corpo. Este sumo proporciona, entre outras, uma boa dose de vitamina K, que \u00e9 ben\u00e9fica para o esqueleto. Desfrute!&nbsp;<\/p>\n<\/div>\n\n\n\n<div style=\"height:22px\" aria-hidden=\"true\" class=\"wp-block-spacer\"><\/div>\n\n\n\n<h2 class=\"wp-block-heading\" id=\"h-o-que-torna-o-nosso-sumo-fruit-joy-saudavel\">O que torna o nosso sumo Fruit Joy saud\u00e1vel?<\/h2>\n\n\n\n<p>Os ingredientes locais que usamos neste sumo verde frutado proporcionam uma excelente variedade de nutrientes saud\u00e1veis.<\/p>\n\n\n\n<p>Gra\u00e7as aos espinafres frescos, o sumo destaca-se pela quantidade de vitamina K (126% da DDR). Esta vitamina \u00e9 importante para a sa\u00fade \u00f3ssea, mas tamb\u00e9m contribui para uma coagula\u00e7\u00e3o sangu\u00ednea adequada. E n\u00e3o \u00e9 tudo! Al\u00e9m da vitamina K, este sumo cont\u00e9m muitos outros micronutrientes. Outra vitamina que se destaca \u00e9 a vitamina C, que equilibra o seu estado de esp\u00edrito e \u00e9 importante para a sa\u00fade dent\u00e1ria. Este sumo tamb\u00e9m \u00e9 uma excelente fonte de vitaminas para a sua pele. A vitamina C ajuda na forma\u00e7\u00e3o de col\u00e1geno, que fortalece a pele desde o seu interior, e a vitamina A que ajuda a mant\u00ea-la saud\u00e1vel. Outro nutriente bem representado neste sumo \u00e9 o pot\u00e1ssio, importante para a fun\u00e7\u00e3o muscular normal e que ajuda a manter uma press\u00e3o arterial normal. Ao beber este sumo, est\u00e1 a fazer um grande favor ao seu corpo!<\/p>\n\n\n\n<div style=\"height:22px\" aria-hidden=\"true\" class=\"wp-block-spacer\"><\/div>\n\n\n\n<h2 class=\"wp-block-heading\" id=\"h-sabor-do-fruit-joy\">Sabor do Fruit Joy<\/h2>\n\n\n\n<p>Este sumo \u00e9 um verdadeiro vencedor quando se trata de sabor! Enquanto que a ma\u00e7\u00e3 e a p\u00eara s\u00e3o vistas frequentemente como hom\u00f3logas, neste sumo complementam-se para juntas proporcionarem um sabor refrescante. A erva-lim\u00e3o e um toque de lim\u00e3o conferem uma acidez subtil, que enriquece ainda mais a experi\u00eancia de sabor. A cor caracter\u00edstica deste sumo, que lembra o musgo, e o leve toque terroso v\u00eam da adi\u00e7\u00e3o dos espinafres e da salsa. Este sumo leva-o para uma aventura e demonstra que n\u00e3o precisa de ir longe de casa para desfrutar de algo especial. <\/p>\n\n\n\n<p><strong>&#8220;Os nossos sumos s\u00e3o um excelente complemento como parte de uma dieta variada, equilibrada e de um estilo de vida saud\u00e1vel.&#8221;<\/strong><\/p>\n\n\n\n<p><\/p>\n\n\n\n<p><\/p>\n","protected":false},"excerpt":{"rendered":"<p><b><i>Muito bom para os ossos. Cont\u00e9m ma\u00e7\u00e3, pepino, pera, maracuj\u00e1, espinafres&#8230;<\/i><\/b><\/p>\n","protected":false},"featured_media":30123,"comment_status":"closed","ping_status":"closed","template":"","meta":{"_acf_changed":true,"_gspb_post_css":""},"product_brand":[],"product_cat":[915],"product_tag":[916],"class_list":{"0":"post-30122","1":"product","2":"type-product","3":"status-publish","4":"has-post-thumbnail","6":"product_cat-sumos","7":"product_tag-import-pt-pt","8":"has-subscription-plans","10":"first","11":"instock","12":"sale","13":"taxable","14":"shipping-taxable","15":"purchasable","16":"product-type-simple"},"bundled_by":[],"bundle_stock_status":"instock","bundle_stock_quantity":null,"bundle_virtual":false,"bundle_layout":"","bundle_add_to_cart_form_location":"","bundle_editable_in_cart":false,"bundle_sold_individually_context":"","bundle_item_grouping":"","bundle_min_size":"","bundle_max_size":"","bundle_price":[],"bundled_items":[],"bundle_sell_ids":[],"acf":[],"yoast_head":"<!-- This site is optimized with the Yoast SEO Premium plugin v25.5 (Yoast SEO v25.5) - https:\/\/yoast.com\/wordpress\/plugins\/seo\/ -->\n<title>Sumo Fruit Joy | Justy<\/title>\n<meta name=\"description\" content=\"Sumo Fruit Joy-Muito bom para os ossos. Cont\u00e9m ma\u00e7\u00e3, pepino, pera ... Sumo Energy. 6,50\u20ac. O sumo de beterraba vermelha ajuda a combater a fadiga.\" \/>\n<meta name=\"robots\" content=\"index, follow, max-snippet:-1, max-image-preview:large, max-video-preview:-1\" \/>\n<link rel=\"canonical\" href=\"https:\/\/www.justy.bio\/pt-pt\/shop\/sumos\/fruit-joy\/\" \/>\n<meta property=\"og:locale\" content=\"pt_PT\" \/>\n<meta property=\"og:type\" content=\"article\" \/>\n<meta property=\"og:title\" content=\"Sumo Fruit Joy | Justy\" \/>\n<meta property=\"og:description\" content=\"Sumo Fruit Joy-Muito bom para os ossos. Cont\u00e9m ma\u00e7\u00e3, pepino, pera ... Sumo Energy. 6,50\u20ac. O sumo de beterraba vermelha ajuda a combater a fadiga.\" \/>\n<meta property=\"og:url\" content=\"https:\/\/www.justy.bio\/pt-pt\/shop\/sumos\/fruit-joy\/\" \/>\n<meta property=\"og:site_name\" content=\"Justy\" \/>\n<meta property=\"article:publisher\" content=\"https:\/\/www.facebook.com\/justygoodness\" \/>\n<meta property=\"article:modified_time\" content=\"2025-09-10T12:15:11+00:00\" \/>\n<meta property=\"og:image\" content=\"https:\/\/www.justy.bio\/wp-content\/uploads\/2025\/05\/joy-2.webp\" \/>\n\t<meta property=\"og:image:width\" content=\"600\" \/>\n\t<meta property=\"og:image:height\" content=\"450\" \/>\n\t<meta property=\"og:image:type\" content=\"image\/webp\" \/>\n<meta name=\"twitter:card\" content=\"summary_large_image\" \/>\n<meta name=\"twitter:label1\" content=\"pre\u00e7o\" \/>\n\t<meta name=\"twitter:data1\" content=\"&euro;&nbsp;5,40\" \/>\n\t<meta name=\"twitter:label2\" content=\"Disponibilidade\" \/>\n\t<meta name=\"twitter:data2\" content=\"Em stock\" \/>\n<script type=\"application\/ld+json\" class=\"yoast-schema-graph\">{\"@context\":\"https:\/\/schema.org\",\"@graph\":[{\"@type\":\"WebPage\",\"@id\":\"https:\/\/www.justy.bio\/pt-pt\/shop\/sumos\/fruit-joy\/\",\"url\":\"https:\/\/www.justy.bio\/pt-pt\/shop\/sumos\/fruit-joy\/\",\"name\":\"Sumo Fruit Joy | Justy\",\"isPartOf\":{\"@id\":\"https:\/\/www.justy.bio\/pt-pt\/#website\"},\"primaryImageOfPage\":{\"@id\":\"https:\/\/www.justy.bio\/pt-pt\/shop\/sumos\/fruit-joy\/#primaryimage\"},\"image\":{\"@id\":\"https:\/\/www.justy.bio\/pt-pt\/shop\/sumos\/fruit-joy\/#primaryimage\"},\"thumbnailUrl\":\"https:\/\/www.justy.bio\/wp-content\/uploads\/2025\/05\/joy-2.webp\",\"datePublished\":\"2025-05-29T15:29:47+00:00\",\"dateModified\":\"2025-09-10T12:15:11+00:00\",\"description\":\"Sumo Fruit Joy-Muito bom para os ossos. Cont\u00e9m ma\u00e7\u00e3, pepino, pera ... Sumo Energy. 6,50\u20ac. O sumo de beterraba vermelha ajuda a combater a fadiga.\",\"breadcrumb\":{\"@id\":\"https:\/\/www.justy.bio\/pt-pt\/shop\/sumos\/fruit-joy\/#breadcrumb\"},\"inLanguage\":\"pt-PT\",\"potentialAction\":[{\"@type\":\"ReadAction\",\"target\":[\"https:\/\/www.justy.bio\/pt-pt\/shop\/sumos\/fruit-joy\/\"]}]},{\"@type\":\"ImageObject\",\"inLanguage\":\"pt-PT\",\"@id\":\"https:\/\/www.justy.bio\/pt-pt\/shop\/sumos\/fruit-joy\/#primaryimage\",\"url\":\"https:\/\/www.justy.bio\/wp-content\/uploads\/2025\/05\/joy-2.webp\",\"contentUrl\":\"https:\/\/www.justy.bio\/wp-content\/uploads\/2025\/05\/joy-2.webp\",\"width\":600,\"height\":450},{\"@type\":\"BreadcrumbList\",\"@id\":\"https:\/\/www.justy.bio\/pt-pt\/shop\/sumos\/fruit-joy\/#breadcrumb\",\"itemListElement\":[{\"@type\":\"ListItem\",\"position\":1,\"name\":\"Shop\",\"item\":\"https:\/\/www.justy.bio\/pt-pt\/shop\/\"},{\"@type\":\"ListItem\",\"position\":2,\"name\":\"SUMO Fruit Joy\"}]},{\"@type\":\"WebSite\",\"@id\":\"https:\/\/www.justy.bio\/pt-pt\/#website\",\"url\":\"https:\/\/www.justy.bio\/pt-pt\/\",\"name\":\"Justy\",\"description\":\"\",\"publisher\":{\"@id\":\"https:\/\/www.justy.bio\/pt-pt\/#organization\"},\"potentialAction\":[{\"@type\":\"SearchAction\",\"target\":{\"@type\":\"EntryPoint\",\"urlTemplate\":\"https:\/\/www.justy.bio\/pt-pt\/?s={search_term_string}\"},\"query-input\":{\"@type\":\"PropertyValueSpecification\",\"valueRequired\":true,\"valueName\":\"search_term_string\"}}],\"inLanguage\":\"pt-PT\"},{\"@type\":\"Organization\",\"@id\":\"https:\/\/www.justy.bio\/pt-pt\/#organization\",\"name\":\"Justy\",\"url\":\"https:\/\/www.justy.bio\/pt-pt\/\",\"logo\":{\"@type\":\"ImageObject\",\"inLanguage\":\"pt-PT\",\"@id\":\"https:\/\/www.justy.bio\/pt-pt\/#\/schema\/logo\/image\/\",\"url\":\"https:\/\/www.justy.bio\/wp-content\/uploads\/2023\/10\/Logo.png\",\"contentUrl\":\"https:\/\/www.justy.bio\/wp-content\/uploads\/2023\/10\/Logo.png\",\"width\":218,\"height\":218,\"caption\":\"Justy\"},\"image\":{\"@id\":\"https:\/\/www.justy.bio\/pt-pt\/#\/schema\/logo\/image\/\"},\"sameAs\":[\"https:\/\/www.facebook.com\/justygoodness\",\"https:\/\/www.instagram.com\/justygoodness\/\"]}]}<\/script>\n<meta property=\"product:price:amount\" content=\"5.40\" \/>\n<meta property=\"product:price:currency\" content=\"EUR\" \/>\n<meta property=\"og:availability\" content=\"instock\" \/>\n<meta property=\"product:availability\" content=\"instock\" \/>\n<meta property=\"product:retailer_item_id\" content=\"3301024\" \/>\n<meta property=\"product:condition\" content=\"new\" \/>\n<!-- \/ Yoast SEO Premium plugin. -->","yoast_head_json":{"title":"Sumo Fruit Joy | Justy","description":"Sumo Fruit Joy-Muito bom para os ossos. Cont\u00e9m ma\u00e7\u00e3, pepino, pera ... Sumo Energy. 6,50\u20ac. O sumo de beterraba vermelha ajuda a combater a fadiga.","robots":{"index":"index","follow":"follow","max-snippet":"max-snippet:-1","max-image-preview":"max-image-preview:large","max-video-preview":"max-video-preview:-1"},"canonical":"https:\/\/www.justy.bio\/pt-pt\/shop\/sumos\/fruit-joy\/","og_locale":"pt_PT","og_type":"article","og_title":"Sumo Fruit Joy | Justy","og_description":"Sumo Fruit Joy-Muito bom para os ossos. Cont\u00e9m ma\u00e7\u00e3, pepino, pera ... Sumo Energy. 6,50\u20ac. O sumo de beterraba vermelha ajuda a combater a fadiga.","og_url":"https:\/\/www.justy.bio\/pt-pt\/shop\/sumos\/fruit-joy\/","og_site_name":"Justy","article_publisher":"https:\/\/www.facebook.com\/justygoodness","article_modified_time":"2025-09-10T12:15:11+00:00","og_image":[{"width":600,"height":450,"url":"https:\/\/www.justy.bio\/wp-content\/uploads\/2025\/05\/joy-2.webp","type":"image\/webp"}],"twitter_card":"summary_large_image","twitter_misc":{"pre\u00e7o":"&euro;&nbsp;5,40","Disponibilidade":"Em stock"},"schema":{"@context":"https:\/\/schema.org","@graph":[{"@type":"WebPage","@id":"https:\/\/www.justy.bio\/pt-pt\/shop\/sumos\/fruit-joy\/","url":"https:\/\/www.justy.bio\/pt-pt\/shop\/sumos\/fruit-joy\/","name":"Sumo Fruit Joy | Justy","isPartOf":{"@id":"https:\/\/www.justy.bio\/pt-pt\/#website"},"primaryImageOfPage":{"@id":"https:\/\/www.justy.bio\/pt-pt\/shop\/sumos\/fruit-joy\/#primaryimage"},"image":{"@id":"https:\/\/www.justy.bio\/pt-pt\/shop\/sumos\/fruit-joy\/#primaryimage"},"thumbnailUrl":"https:\/\/www.justy.bio\/wp-content\/uploads\/2025\/05\/joy-2.webp","datePublished":"2025-05-29T15:29:47+00:00","dateModified":"2025-09-10T12:15:11+00:00","description":"Sumo Fruit Joy-Muito bom para os ossos. Cont\u00e9m ma\u00e7\u00e3, pepino, pera ... Sumo Energy. 6,50\u20ac. O sumo de beterraba vermelha ajuda a combater a fadiga.","breadcrumb":{"@id":"https:\/\/www.justy.bio\/pt-pt\/shop\/sumos\/fruit-joy\/#breadcrumb"},"inLanguage":"pt-PT","potentialAction":[{"@type":"ReadAction","target":["https:\/\/www.justy.bio\/pt-pt\/shop\/sumos\/fruit-joy\/"]}]},{"@type":"ImageObject","inLanguage":"pt-PT","@id":"https:\/\/www.justy.bio\/pt-pt\/shop\/sumos\/fruit-joy\/#primaryimage","url":"https:\/\/www.justy.bio\/wp-content\/uploads\/2025\/05\/joy-2.webp","contentUrl":"https:\/\/www.justy.bio\/wp-content\/uploads\/2025\/05\/joy-2.webp","width":600,"height":450},{"@type":"BreadcrumbList","@id":"https:\/\/www.justy.bio\/pt-pt\/shop\/sumos\/fruit-joy\/#breadcrumb","itemListElement":[{"@type":"ListItem","position":1,"name":"Shop","item":"https:\/\/www.justy.bio\/pt-pt\/shop\/"},{"@type":"ListItem","position":2,"name":"SUMO Fruit Joy"}]},{"@type":"WebSite","@id":"https:\/\/www.justy.bio\/pt-pt\/#website","url":"https:\/\/www.justy.bio\/pt-pt\/","name":"Justy","description":"","publisher":{"@id":"https:\/\/www.justy.bio\/pt-pt\/#organization"},"potentialAction":[{"@type":"SearchAction","target":{"@type":"EntryPoint","urlTemplate":"https:\/\/www.justy.bio\/pt-pt\/?s={search_term_string}"},"query-input":{"@type":"PropertyValueSpecification","valueRequired":true,"valueName":"search_term_string"}}],"inLanguage":"pt-PT"},{"@type":"Organization","@id":"https:\/\/www.justy.bio\/pt-pt\/#organization","name":"Justy","url":"https:\/\/www.justy.bio\/pt-pt\/","logo":{"@type":"ImageObject","inLanguage":"pt-PT","@id":"https:\/\/www.justy.bio\/pt-pt\/#\/schema\/logo\/image\/","url":"https:\/\/www.justy.bio\/wp-content\/uploads\/2023\/10\/Logo.png","contentUrl":"https:\/\/www.justy.bio\/wp-content\/uploads\/2023\/10\/Logo.png","width":218,"height":218,"caption":"Justy"},"image":{"@id":"https:\/\/www.justy.bio\/pt-pt\/#\/schema\/logo\/image\/"},"sameAs":["https:\/\/www.facebook.com\/justygoodness","https:\/\/www.instagram.com\/justygoodness\/"]}]},"product_price_amount":"5.40","product_price_currency":"EUR","og_availability":"instock","product_availability":"instock","product_retailer_item_id":"3301024","product_condition":"new"},"_links":{"self":[{"href":"https:\/\/www.justy.bio\/pt-pt\/wp-json\/wp\/v2\/product\/30122","targetHints":{"allow":["GET"]}}],"collection":[{"href":"https:\/\/www.justy.bio\/pt-pt\/wp-json\/wp\/v2\/product"}],"about":[{"href":"https:\/\/www.justy.bio\/pt-pt\/wp-json\/wp\/v2\/types\/product"}],"replies":[{"embeddable":true,"href":"https:\/\/www.justy.bio\/pt-pt\/wp-json\/wp\/v2\/comments?post=30122"}],"wp:featuredmedia":[{"embeddable":true,"href":"https:\/\/www.justy.bio\/pt-pt\/wp-json\/wp\/v2\/media\/30123"}],"wp:attachment":[{"href":"https:\/\/www.justy.bio\/pt-pt\/wp-json\/wp\/v2\/media?parent=30122"}],"wp:term":[{"taxonomy":"product_brand","embeddable":true,"href":"https:\/\/www.justy.bio\/pt-pt\/wp-json\/wp\/v2\/product_brand?post=30122"},{"taxonomy":"product_cat","embeddable":true,"href":"https:\/\/www.justy.bio\/pt-pt\/wp-json\/wp\/v2\/product_cat?post=30122"},{"taxonomy":"product_tag","embeddable":true,"href":"https:\/\/www.justy.bio\/pt-pt\/wp-json\/wp\/v2\/product_tag?post=30122"}],"curies":[{"name":"wp","href":"https:\/\/api.w.org\/{rel}","templated":true}]}}