{"id":30136,"date":"2025-05-29T17:29:21","date_gmt":"2025-05-29T15:29:21","guid":{"rendered":"https:\/\/www.justy.de\/shop\/uncategorized\/fruit-love\/"},"modified":"2025-09-10T14:20:07","modified_gmt":"2025-09-10T12:20:07","slug":"fruit-love","status":"publish","type":"product","link":"https:\/\/www.justy.bio\/pt-pt\/shop\/sumos\/fruit-love\/","title":{"rendered":"SUMO FRUIT LOVE"},"content":{"rendered":"\n<div class=\"wp-block-greenshift-blocks-container gspb_container gspb_container-gsbp-0563254\" id=\"gspb_container-id-gsbp-0563254\">\n<h3 class=\"wp-block-heading\" id=\"h-este-sumo-vermelho-nao-so-tem-a-cor-do-amor\">Este sumo vermelho n\u00e3o s\u00f3 tem a cor do amor,<\/h3>\n\n\n\n<p>como tamb\u00e9m o sabor est\u00e1 \u00e0 altura do seu nome. O sabor fresco, \u00e1cido e doce dos frutos vermelhos, incluindo o morango e a framboesa, tornam este sumo um verdadeiro prazer. \u00c9 ideal para ser saboreado numa tarde quente de ver\u00e3o. Al\u00e9m disso, est\u00e1 repleto de vitaminas e minerais, incluindo as vitaminas A, C e pot\u00e1ssio. Amor em cada gole!<\/p>\n<\/div>\n\n\n\n<div style=\"height:22px\" aria-hidden=\"true\" class=\"wp-block-spacer\"><\/div>\n\n\n\n<h2 class=\"wp-block-heading\" id=\"h-o-que-torna-o-nosso-sumo-fruit-love-saudavel\"><a href=\"https:\/\/drink6detox.pt\/sumos-detox\/sumo-fruit-love\/#tab7008-2\">O que torna o nosso sumo Fruit Love saud\u00e1vel?<\/a><\/h2>\n\n\n\n<p>Este sumo n\u00e3o s\u00f3 \u00e9 um prazer para beber, como tamb\u00e9m est\u00e1 cheio de amor para o seu corpo.<\/p>\n\n\n\n<p>Este sumo saboroso \u00e9 rico em vitamina C, proveniente de groselha e morangos. A vitamina C \u00e9 conhecida por ser uma vitamina vers\u00e1til; pois atua como antioxidante, apoia o sistema imunit\u00e1rio, \u00e9 importante para a sa\u00fade da pele, entre outros benef\u00edcios. A vitamina A tamb\u00e9m est\u00e1 bastante presente neste sumo, o que \u00e9 ben\u00e9fico para a sua vis\u00e3o. O sumo Love tamb\u00e9m contribui para a resist\u00eancia ao stress e ajuda no processo de divis\u00e3o celular, gra\u00e7as \u00e0 boa dose de folato (vitamina B11), proveniente principalmente dos morangos. A cenoura org\u00e2nica deste sumo para al\u00e9m de ser uma fonte de vitamina A, \u00e9 tamb\u00e9m a principal fornecedora de cobre, um antioxidante que promove o metabolismo energ\u00e9tico. Al\u00e9m destes nutrientes, o sumo cont\u00e9m ainda outras vitaminas e minerais importantes para o organismo, como o pot\u00e1ssio, que contribui para o funcionamento normal dos m\u00fasculos e nervos, e \u00e9 ben\u00e9fico para a tens\u00e3o arterial. Em resumo, o sumo Fruit Love oferece um suplemento amoroso para o seu corpo!<\/p>\n\n\n\n<div style=\"height:22px\" aria-hidden=\"true\" class=\"wp-block-spacer\"><\/div>\n\n\n\n<h2 class=\"wp-block-heading\" id=\"h-sabor-do-sumo-fruit-love\">Sabor do sumo Fruit Love<\/h2>\n\n\n\n<p>Com este sumo, pode saborear o amor em cada gole! Viva o ver\u00e3o do amor. Assim que der o primeiro gole, a boca \u00e9 preenchida com os sabores intensos dos frutos vermelhos e da groselha. O morango e a framboesa alternam-se, seguidos por um toque de cereja. Ao engolir, sentir\u00e1 uma sensa\u00e7\u00e3o de formigueiro sutil, enquanto os deliciosos sabores ainda permanecem na boca. O sumo \u00e9 \u00e0 base de ch\u00e1 de hibisco, um ch\u00e1 de ervas conhecido pelos seus tons refrescantes e ligeiramente \u00e1cidos. Este toque de acidez \u00e9 real\u00e7ado pela adi\u00e7\u00e3o de laranja, que contribui para a experi\u00eancia de sabor \u00fanica do sumo Fruit Love. Deixe-se levar pelos maravilhosos aromas deste sumo Love! \u201cOs nossos sumos s\u00e3o um excelente complemento como parte de uma dieta variada, equilibrada e um estilo de vida saud\u00e1vel.\u201d<\/p>\n\n\n\n<div style=\"height:23px\" aria-hidden=\"true\" class=\"wp-block-spacer\"><\/div>\n\n\n\n<h2 class=\"wp-block-heading\" id=\"h-\"><\/h2>\n\n\n\n<p><\/p>\n","protected":false},"excerpt":{"rendered":"<p><b><i>Repleto de vitaminas para refor\u00e7ar o seu sistema imunit\u00e1rio e atuar como antioxidante, ame-se a si pr\u00f3prio!<\/i><\/b><\/p>\n","protected":false},"featured_media":30137,"comment_status":"closed","ping_status":"closed","template":"","meta":{"_acf_changed":true,"_gspb_post_css":""},"product_brand":[],"product_cat":[915],"product_tag":[916],"class_list":{"0":"post-30136","1":"product","2":"type-product","3":"status-publish","4":"has-post-thumbnail","6":"product_cat-sumos","7":"product_tag-import-pt-pt","8":"has-subscription-plans","10":"first","11":"instock","12":"sale","13":"taxable","14":"shipping-taxable","15":"purchasable","16":"product-type-simple"},"bundled_by":[],"bundle_stock_status":"instock","bundle_stock_quantity":null,"bundle_virtual":false,"bundle_layout":"","bundle_add_to_cart_form_location":"","bundle_editable_in_cart":false,"bundle_sold_individually_context":"","bundle_item_grouping":"","bundle_min_size":"","bundle_max_size":"","bundle_price":[],"bundled_items":[],"bundle_sell_ids":[],"acf":[],"yoast_head":"<!-- This site is optimized with the Yoast SEO Premium plugin v25.5 (Yoast SEO v25.5) - https:\/\/yoast.com\/wordpress\/plugins\/seo\/ -->\n<title>Sumo Fruit Love | Justy<\/title>\n<meta name=\"description\" content=\"Sumo Fruit Love-Repleto de vitaminas para refor\u00e7ar o seu sistema ... 6,50\u20ac. Um sumo de cenoura, bom para a pele e para os olhos Cenoura a ma\u00e7\u00e3.\" \/>\n<meta name=\"robots\" content=\"index, follow, max-snippet:-1, max-image-preview:large, max-video-preview:-1\" \/>\n<link rel=\"canonical\" href=\"https:\/\/www.justy.bio\/pt-pt\/shop\/sumos\/fruit-love\/\" \/>\n<meta property=\"og:locale\" content=\"pt_PT\" \/>\n<meta property=\"og:type\" content=\"article\" \/>\n<meta property=\"og:title\" content=\"Sumo Fruit Love | Justy\" \/>\n<meta property=\"og:description\" content=\"Sumo Fruit Love-Repleto de vitaminas para refor\u00e7ar o seu sistema ... 6,50\u20ac. Um sumo de cenoura, bom para a pele e para os olhos Cenoura a ma\u00e7\u00e3.\" \/>\n<meta property=\"og:url\" content=\"https:\/\/www.justy.bio\/pt-pt\/shop\/sumos\/fruit-love\/\" \/>\n<meta property=\"og:site_name\" content=\"Justy\" \/>\n<meta property=\"article:publisher\" content=\"https:\/\/www.facebook.com\/justygoodness\" \/>\n<meta property=\"article:modified_time\" content=\"2025-09-10T12:20:07+00:00\" \/>\n<meta property=\"og:image\" content=\"https:\/\/www.justy.bio\/wp-content\/uploads\/2025\/05\/love.webp\" \/>\n\t<meta property=\"og:image:width\" content=\"600\" \/>\n\t<meta property=\"og:image:height\" content=\"450\" \/>\n\t<meta property=\"og:image:type\" content=\"image\/webp\" \/>\n<meta name=\"twitter:card\" content=\"summary_large_image\" \/>\n<meta name=\"twitter:label1\" content=\"pre\u00e7o\" \/>\n\t<meta name=\"twitter:data1\" content=\"&euro;&nbsp;5,40\" \/>\n\t<meta name=\"twitter:label2\" content=\"Disponibilidade\" \/>\n\t<meta name=\"twitter:data2\" content=\"Em stock\" \/>\n<script type=\"application\/ld+json\" class=\"yoast-schema-graph\">{\"@context\":\"https:\/\/schema.org\",\"@graph\":[{\"@type\":\"WebPage\",\"@id\":\"https:\/\/www.justy.bio\/pt-pt\/shop\/sumos\/fruit-love\/\",\"url\":\"https:\/\/www.justy.bio\/pt-pt\/shop\/sumos\/fruit-love\/\",\"name\":\"Sumo Fruit Love | Justy\",\"isPartOf\":{\"@id\":\"https:\/\/www.justy.bio\/pt-pt\/#website\"},\"primaryImageOfPage\":{\"@id\":\"https:\/\/www.justy.bio\/pt-pt\/shop\/sumos\/fruit-love\/#primaryimage\"},\"image\":{\"@id\":\"https:\/\/www.justy.bio\/pt-pt\/shop\/sumos\/fruit-love\/#primaryimage\"},\"thumbnailUrl\":\"https:\/\/www.justy.bio\/wp-content\/uploads\/2025\/05\/love.webp\",\"datePublished\":\"2025-05-29T15:29:21+00:00\",\"dateModified\":\"2025-09-10T12:20:07+00:00\",\"description\":\"Sumo Fruit Love-Repleto de vitaminas para refor\u00e7ar o seu sistema ... 6,50\u20ac. Um sumo de cenoura, bom para a pele e para os olhos Cenoura a ma\u00e7\u00e3.\",\"breadcrumb\":{\"@id\":\"https:\/\/www.justy.bio\/pt-pt\/shop\/sumos\/fruit-love\/#breadcrumb\"},\"inLanguage\":\"pt-PT\",\"potentialAction\":[{\"@type\":\"ReadAction\",\"target\":[\"https:\/\/www.justy.bio\/pt-pt\/shop\/sumos\/fruit-love\/\"]}]},{\"@type\":\"ImageObject\",\"inLanguage\":\"pt-PT\",\"@id\":\"https:\/\/www.justy.bio\/pt-pt\/shop\/sumos\/fruit-love\/#primaryimage\",\"url\":\"https:\/\/www.justy.bio\/wp-content\/uploads\/2025\/05\/love.webp\",\"contentUrl\":\"https:\/\/www.justy.bio\/wp-content\/uploads\/2025\/05\/love.webp\",\"width\":600,\"height\":450},{\"@type\":\"BreadcrumbList\",\"@id\":\"https:\/\/www.justy.bio\/pt-pt\/shop\/sumos\/fruit-love\/#breadcrumb\",\"itemListElement\":[{\"@type\":\"ListItem\",\"position\":1,\"name\":\"Shop\",\"item\":\"https:\/\/www.justy.bio\/pt-pt\/shop\/\"},{\"@type\":\"ListItem\",\"position\":2,\"name\":\"SUMO FRUIT LOVE\"}]},{\"@type\":\"WebSite\",\"@id\":\"https:\/\/www.justy.bio\/pt-pt\/#website\",\"url\":\"https:\/\/www.justy.bio\/pt-pt\/\",\"name\":\"Justy\",\"description\":\"\",\"publisher\":{\"@id\":\"https:\/\/www.justy.bio\/pt-pt\/#organization\"},\"potentialAction\":[{\"@type\":\"SearchAction\",\"target\":{\"@type\":\"EntryPoint\",\"urlTemplate\":\"https:\/\/www.justy.bio\/pt-pt\/?s={search_term_string}\"},\"query-input\":{\"@type\":\"PropertyValueSpecification\",\"valueRequired\":true,\"valueName\":\"search_term_string\"}}],\"inLanguage\":\"pt-PT\"},{\"@type\":\"Organization\",\"@id\":\"https:\/\/www.justy.bio\/pt-pt\/#organization\",\"name\":\"Justy\",\"url\":\"https:\/\/www.justy.bio\/pt-pt\/\",\"logo\":{\"@type\":\"ImageObject\",\"inLanguage\":\"pt-PT\",\"@id\":\"https:\/\/www.justy.bio\/pt-pt\/#\/schema\/logo\/image\/\",\"url\":\"https:\/\/www.justy.bio\/wp-content\/uploads\/2023\/10\/Logo.png\",\"contentUrl\":\"https:\/\/www.justy.bio\/wp-content\/uploads\/2023\/10\/Logo.png\",\"width\":218,\"height\":218,\"caption\":\"Justy\"},\"image\":{\"@id\":\"https:\/\/www.justy.bio\/pt-pt\/#\/schema\/logo\/image\/\"},\"sameAs\":[\"https:\/\/www.facebook.com\/justygoodness\",\"https:\/\/www.instagram.com\/justygoodness\/\"]}]}<\/script>\n<meta property=\"product:price:amount\" content=\"5.40\" \/>\n<meta property=\"product:price:currency\" content=\"EUR\" \/>\n<meta property=\"og:availability\" content=\"instock\" \/>\n<meta property=\"product:availability\" content=\"instock\" \/>\n<meta property=\"product:retailer_item_id\" content=\"3301023\" \/>\n<meta property=\"product:condition\" content=\"new\" \/>\n<!-- \/ Yoast SEO Premium plugin. -->","yoast_head_json":{"title":"Sumo Fruit Love | Justy","description":"Sumo Fruit Love-Repleto de vitaminas para refor\u00e7ar o seu sistema ... 6,50\u20ac. Um sumo de cenoura, bom para a pele e para os olhos Cenoura a ma\u00e7\u00e3.","robots":{"index":"index","follow":"follow","max-snippet":"max-snippet:-1","max-image-preview":"max-image-preview:large","max-video-preview":"max-video-preview:-1"},"canonical":"https:\/\/www.justy.bio\/pt-pt\/shop\/sumos\/fruit-love\/","og_locale":"pt_PT","og_type":"article","og_title":"Sumo Fruit Love | Justy","og_description":"Sumo Fruit Love-Repleto de vitaminas para refor\u00e7ar o seu sistema ... 6,50\u20ac. Um sumo de cenoura, bom para a pele e para os olhos Cenoura a ma\u00e7\u00e3.","og_url":"https:\/\/www.justy.bio\/pt-pt\/shop\/sumos\/fruit-love\/","og_site_name":"Justy","article_publisher":"https:\/\/www.facebook.com\/justygoodness","article_modified_time":"2025-09-10T12:20:07+00:00","og_image":[{"width":600,"height":450,"url":"https:\/\/www.justy.bio\/wp-content\/uploads\/2025\/05\/love.webp","type":"image\/webp"}],"twitter_card":"summary_large_image","twitter_misc":{"pre\u00e7o":"&euro;&nbsp;5,40","Disponibilidade":"Em stock"},"schema":{"@context":"https:\/\/schema.org","@graph":[{"@type":"WebPage","@id":"https:\/\/www.justy.bio\/pt-pt\/shop\/sumos\/fruit-love\/","url":"https:\/\/www.justy.bio\/pt-pt\/shop\/sumos\/fruit-love\/","name":"Sumo Fruit Love | Justy","isPartOf":{"@id":"https:\/\/www.justy.bio\/pt-pt\/#website"},"primaryImageOfPage":{"@id":"https:\/\/www.justy.bio\/pt-pt\/shop\/sumos\/fruit-love\/#primaryimage"},"image":{"@id":"https:\/\/www.justy.bio\/pt-pt\/shop\/sumos\/fruit-love\/#primaryimage"},"thumbnailUrl":"https:\/\/www.justy.bio\/wp-content\/uploads\/2025\/05\/love.webp","datePublished":"2025-05-29T15:29:21+00:00","dateModified":"2025-09-10T12:20:07+00:00","description":"Sumo Fruit Love-Repleto de vitaminas para refor\u00e7ar o seu sistema ... 6,50\u20ac. Um sumo de cenoura, bom para a pele e para os olhos Cenoura a ma\u00e7\u00e3.","breadcrumb":{"@id":"https:\/\/www.justy.bio\/pt-pt\/shop\/sumos\/fruit-love\/#breadcrumb"},"inLanguage":"pt-PT","potentialAction":[{"@type":"ReadAction","target":["https:\/\/www.justy.bio\/pt-pt\/shop\/sumos\/fruit-love\/"]}]},{"@type":"ImageObject","inLanguage":"pt-PT","@id":"https:\/\/www.justy.bio\/pt-pt\/shop\/sumos\/fruit-love\/#primaryimage","url":"https:\/\/www.justy.bio\/wp-content\/uploads\/2025\/05\/love.webp","contentUrl":"https:\/\/www.justy.bio\/wp-content\/uploads\/2025\/05\/love.webp","width":600,"height":450},{"@type":"BreadcrumbList","@id":"https:\/\/www.justy.bio\/pt-pt\/shop\/sumos\/fruit-love\/#breadcrumb","itemListElement":[{"@type":"ListItem","position":1,"name":"Shop","item":"https:\/\/www.justy.bio\/pt-pt\/shop\/"},{"@type":"ListItem","position":2,"name":"SUMO FRUIT LOVE"}]},{"@type":"WebSite","@id":"https:\/\/www.justy.bio\/pt-pt\/#website","url":"https:\/\/www.justy.bio\/pt-pt\/","name":"Justy","description":"","publisher":{"@id":"https:\/\/www.justy.bio\/pt-pt\/#organization"},"potentialAction":[{"@type":"SearchAction","target":{"@type":"EntryPoint","urlTemplate":"https:\/\/www.justy.bio\/pt-pt\/?s={search_term_string}"},"query-input":{"@type":"PropertyValueSpecification","valueRequired":true,"valueName":"search_term_string"}}],"inLanguage":"pt-PT"},{"@type":"Organization","@id":"https:\/\/www.justy.bio\/pt-pt\/#organization","name":"Justy","url":"https:\/\/www.justy.bio\/pt-pt\/","logo":{"@type":"ImageObject","inLanguage":"pt-PT","@id":"https:\/\/www.justy.bio\/pt-pt\/#\/schema\/logo\/image\/","url":"https:\/\/www.justy.bio\/wp-content\/uploads\/2023\/10\/Logo.png","contentUrl":"https:\/\/www.justy.bio\/wp-content\/uploads\/2023\/10\/Logo.png","width":218,"height":218,"caption":"Justy"},"image":{"@id":"https:\/\/www.justy.bio\/pt-pt\/#\/schema\/logo\/image\/"},"sameAs":["https:\/\/www.facebook.com\/justygoodness","https:\/\/www.instagram.com\/justygoodness\/"]}]},"product_price_amount":"5.40","product_price_currency":"EUR","og_availability":"instock","product_availability":"instock","product_retailer_item_id":"3301023","product_condition":"new"},"_links":{"self":[{"href":"https:\/\/www.justy.bio\/pt-pt\/wp-json\/wp\/v2\/product\/30136","targetHints":{"allow":["GET"]}}],"collection":[{"href":"https:\/\/www.justy.bio\/pt-pt\/wp-json\/wp\/v2\/product"}],"about":[{"href":"https:\/\/www.justy.bio\/pt-pt\/wp-json\/wp\/v2\/types\/product"}],"replies":[{"embeddable":true,"href":"https:\/\/www.justy.bio\/pt-pt\/wp-json\/wp\/v2\/comments?post=30136"}],"wp:featuredmedia":[{"embeddable":true,"href":"https:\/\/www.justy.bio\/pt-pt\/wp-json\/wp\/v2\/media\/30137"}],"wp:attachment":[{"href":"https:\/\/www.justy.bio\/pt-pt\/wp-json\/wp\/v2\/media?parent=30136"}],"wp:term":[{"taxonomy":"product_brand","embeddable":true,"href":"https:\/\/www.justy.bio\/pt-pt\/wp-json\/wp\/v2\/product_brand?post=30136"},{"taxonomy":"product_cat","embeddable":true,"href":"https:\/\/www.justy.bio\/pt-pt\/wp-json\/wp\/v2\/product_cat?post=30136"},{"taxonomy":"product_tag","embeddable":true,"href":"https:\/\/www.justy.bio\/pt-pt\/wp-json\/wp\/v2\/product_tag?post=30136"}],"curies":[{"name":"wp","href":"https:\/\/api.w.org\/{rel}","templated":true}]}}