{"id":30145,"date":"2025-05-29T17:23:33","date_gmt":"2025-05-29T15:23:33","guid":{"rendered":"https:\/\/www.justy.de\/shop\/uncategorized\/sunny\/"},"modified":"2025-09-10T14:22:09","modified_gmt":"2025-09-10T12:22:09","slug":"sunny","status":"publish","type":"product","link":"https:\/\/www.justy.bio\/pt-pt\/shop\/sumos\/sunny\/","title":{"rendered":"SUMO SUNNY"},"content":{"rendered":"<h3>Este sumo solarengo Sunny sem aditivos consiste apenas em ingredientes naturais. Est\u00e1 repleto de vitaminas, minerais e antioxidantes.<\/h3>\n<p>Devido ao seu elevado teor de vitamina C, este sumo de ver\u00e3o apoia o seu sistema imunit\u00e1rio e n\u00edveis de energia, entre outras coisas, e ajuda a manter a pele saud\u00e1vel. Com o sumo Sunny, cheio de vegetais amarelos, como cenoura amarela, beterraba amarela e pimento amarelo, frutas e especiarias, pode trazer o ver\u00e3o para sua casa. Mesmo em dias sombrios, este sumo org\u00e2nico solarengo certamente elevar\u00e1 o seu \u00e2nimo. \u00c9 rico em vitaminas e minerais, como a vitamina C, que promovem a sua resist\u00eancia e ajudam a reduzir a fadiga. Com este sumo, obt\u00e9m a sua dose di\u00e1ria de vitamina C de uma s\u00f3 vez. Ao contr\u00e1rio de muitos outros tipos de sumos vitam\u00ednicos, o Sunny \u00e9 completamente natural, sem aditivos, como p\u00f3s, e sem a\u00e7\u00facares ou ado\u00e7antes adicionados. O sabor agridoce com toques quentes e terrosos d\u00e1-lhe um grande impulso. Sumo puro e org\u00e2nico pode ser t\u00e3o saboroso!<\/p>\n<div class=\"wp-block-spacer\" style=\"height: 24px\" aria-hidden=\"true\"><\/div>\n<h2><span class=\"web-mod-tabs__tab-title\">PARA QUE SERVE O SUMO DE VITAMINA C?<\/span><\/h2>\n<p>A vitamina C \u00e9 um nutriente importante do qual muitas pessoas gostam de obter um pouco mais.<\/p>\n<p>Esta vitamina refor\u00e7a a sua resist\u00eancia, entre outras coisas. Como tamb\u00e9m \u00e9 um antioxidante, a vitamina C protege as c\u00e9lulas do seu corpo contra os radicais livres. Al\u00e9m disso, a vitamina C \u00e9 boa para a pele, pois esta subst\u00e2ncia desempenha um papel na produ\u00e7\u00e3o de colag\u00e9nio. Esta vitamina tamb\u00e9m contribui para uma mente clara e ao correto funcionamento do sistema nervoso. Pode encontrar vitamina C em frutas como os citrinos, bem como em v\u00e1rios vegetais. O pimento amarelo \u00e9 uma das fontes mais ricas de vitamina C natural e, portanto, n\u00e3o deve faltar neste sumo. O nosso sumo tamb\u00e9m \u00e9 enriquecido com outros ingredientes saud\u00e1veis, como c\u00farcuma, gengibre e pimenta preta. Al\u00e9m disso, o sumo de cor amarela brilhante \u00e9 tamb\u00e9m rico em pot\u00e1ssio, vitamina K, mangan\u00eas e \u00e1cido f\u00f3lico.<\/p>\n<div class=\"wp-block-spacer\" style=\"height: 24px\" aria-hidden=\"true\"><\/div>\n<div class=\"web-mod-bullets__content\">\n<p>Este sumo amarelo brilhante cheira &#8220;a ver\u00e3o&#8221;. Ao remover a tampa da garrafa sente os aromas da laranja e lim\u00e3o. Quando fazemos o sumo, esprememos o \u00f3leo essencial das cascas destas frutas com o slow juicer. O seu aroma transporta-o para um bosque de citrinos no Mediterr\u00e2neo. Quase que n\u00e3o precisa mais de f\u00e9rias! Quando bebe um gole do sumo, vai saborear alguns sabores terrosos al\u00e9m das frutas c\u00edtricas doces e \u00e1cidas. Eles v\u00eam da beterraba amarela e da cenoura. Enquanto isso, a couve chinesa e o pimento amarelo fornecem um subtom fresco, mas saboroso. O acabamento \u00e9 quente e poderoso devido \u00e0 adi\u00e7\u00e3o de c\u00farcuma, gengibre, pimenta preta e folha de aloe vera fresca. Isto torna este sumo um complexo cocktail de sa\u00fade que o faz feliz! \u201cOs nossos sumos s\u00e3o um excelente complemento como parte de uma dieta variada e equilibrada e de um estilo de vida saud\u00e1vel.\u201d<\/p>\n<\/div>\n<div class=\"web-mod-bullets__img\">\n<h2 class=\"web-mod-bullets__title\">O SABOR DO SUMO SUNNY COM VITAMINA C<\/h2>\n<\/div>\n<blockquote data-start=\"818\" data-end=\"905\" data-is-last-node=\"\" data-is-only-node=\"\">\n<p data-start=\"820\" data-end=\"905\" data-is-last-node=\"\">Este sumo amarelo brilhante cheira &#8220;a ver\u00e3o&#8221;. Ao remover a tampa da garrafa sente os aromas da laranja e lim\u00e3o. Quando fazemos o sumo, esprememos o \u00f3leo essencial das cascas destas frutas com o slow juicer. O seu aroma transporta-o para um bosque de citrinos no Mediterr\u00e2neo. Quase que n\u00e3o precisa mais de f\u00e9rias! Quando bebe um gole do sumo, vai saborear alguns sabores terrosos al\u00e9m das frutas c\u00edtricas doces e \u00e1cidas. Eles v\u00eam da beterraba amarela e da cenoura. Enquanto isso, a couve chinesa e o pimento amarelo fornecem um subtom fresco, mas saboroso. O acabamento \u00e9 quente e poderoso devido \u00e0 adi\u00e7\u00e3o de c\u00farcuma, gengibre, pimenta preta e folha de aloe vera fresca. Isto torna este sumo um complexo cocktail de sa\u00fade que o faz feliz!<\/p>\n<p data-start=\"820\" data-end=\"905\" data-is-last-node=\"\"><strong> \u201cOs nossos sumos s\u00e3o um excelente complemento como parte de uma dieta variada e equilibrada e de um estilo de vida saud\u00e1vel.\u201d<\/strong><\/p>\n<\/blockquote>\n","protected":false},"excerpt":{"rendered":"<p>Rico em Vitamina C<\/p>\n","protected":false},"featured_media":30146,"comment_status":"open","ping_status":"closed","template":"","meta":{"_acf_changed":true,"_gspb_post_css":""},"product_brand":[],"product_cat":[915],"product_tag":[916],"class_list":{"0":"post-30145","1":"product","2":"type-product","3":"status-publish","4":"has-post-thumbnail","6":"product_cat-sumos","7":"product_tag-import-pt-pt","8":"has-subscription-plans","10":"first","11":"instock","12":"sale","13":"taxable","14":"shipping-taxable","15":"purchasable","16":"product-type-simple"},"bundled_by":[],"bundle_stock_status":"instock","bundle_stock_quantity":null,"bundle_virtual":false,"bundle_layout":"","bundle_add_to_cart_form_location":"","bundle_editable_in_cart":false,"bundle_sold_individually_context":"","bundle_item_grouping":"","bundle_min_size":"","bundle_max_size":"","bundle_price":[],"bundled_items":[],"bundle_sell_ids":[],"acf":[],"yoast_head":"<!-- This site is optimized with the Yoast SEO Premium plugin v25.5 (Yoast SEO v25.5) - https:\/\/yoast.com\/wordpress\/plugins\/seo\/ -->\n<title>Sumo Sunny | Justy<\/title>\n<meta name=\"description\" content=\"Este sumo solarengo Sunny sem aditivos consiste apenas em ingredientes naturais. Est\u00e1 repleto de vitaminas, minerais e antioxidantes.\" \/>\n<meta name=\"robots\" content=\"index, follow, max-snippet:-1, max-image-preview:large, max-video-preview:-1\" \/>\n<link rel=\"canonical\" href=\"https:\/\/www.justy.bio\/pt-pt\/shop\/sumos\/sunny\/\" \/>\n<meta property=\"og:locale\" content=\"pt_PT\" \/>\n<meta property=\"og:type\" content=\"article\" \/>\n<meta property=\"og:title\" content=\"Sumo Sunny | Justy\" \/>\n<meta property=\"og:description\" content=\"Este sumo solarengo Sunny sem aditivos consiste apenas em ingredientes naturais. Est\u00e1 repleto de vitaminas, minerais e antioxidantes.\" \/>\n<meta property=\"og:url\" content=\"https:\/\/www.justy.bio\/pt-pt\/shop\/sumos\/sunny\/\" \/>\n<meta property=\"og:site_name\" content=\"Justy\" \/>\n<meta property=\"article:publisher\" content=\"https:\/\/www.facebook.com\/justygoodness\" \/>\n<meta property=\"article:modified_time\" content=\"2025-09-10T12:22:09+00:00\" \/>\n<meta property=\"og:image\" content=\"https:\/\/www.justy.bio\/wp-content\/uploads\/2025\/05\/sunny-3.webp\" \/>\n\t<meta property=\"og:image:width\" content=\"600\" \/>\n\t<meta property=\"og:image:height\" content=\"450\" \/>\n\t<meta property=\"og:image:type\" content=\"image\/webp\" \/>\n<meta name=\"twitter:card\" content=\"summary_large_image\" \/>\n<meta name=\"twitter:label1\" content=\"pre\u00e7o\" \/>\n\t<meta name=\"twitter:data1\" content=\"&euro;&nbsp;5,40\" \/>\n\t<meta name=\"twitter:label2\" content=\"Disponibilidade\" \/>\n\t<meta name=\"twitter:data2\" content=\"Em stock\" \/>\n<script type=\"application\/ld+json\" class=\"yoast-schema-graph\">{\"@context\":\"https:\/\/schema.org\",\"@graph\":[{\"@type\":\"WebPage\",\"@id\":\"https:\/\/www.justy.bio\/pt-pt\/shop\/sumos\/sunny\/\",\"url\":\"https:\/\/www.justy.bio\/pt-pt\/shop\/sumos\/sunny\/\",\"name\":\"Sumo Sunny | Justy\",\"isPartOf\":{\"@id\":\"https:\/\/www.justy.bio\/pt-pt\/#website\"},\"primaryImageOfPage\":{\"@id\":\"https:\/\/www.justy.bio\/pt-pt\/shop\/sumos\/sunny\/#primaryimage\"},\"image\":{\"@id\":\"https:\/\/www.justy.bio\/pt-pt\/shop\/sumos\/sunny\/#primaryimage\"},\"thumbnailUrl\":\"https:\/\/www.justy.bio\/wp-content\/uploads\/2025\/05\/sunny-3.webp\",\"datePublished\":\"2025-05-29T15:23:33+00:00\",\"dateModified\":\"2025-09-10T12:22:09+00:00\",\"description\":\"Este sumo solarengo Sunny sem aditivos consiste apenas em ingredientes naturais. Est\u00e1 repleto de vitaminas, minerais e antioxidantes.\",\"breadcrumb\":{\"@id\":\"https:\/\/www.justy.bio\/pt-pt\/shop\/sumos\/sunny\/#breadcrumb\"},\"inLanguage\":\"pt-PT\",\"potentialAction\":[{\"@type\":\"ReadAction\",\"target\":[\"https:\/\/www.justy.bio\/pt-pt\/shop\/sumos\/sunny\/\"]}]},{\"@type\":\"ImageObject\",\"inLanguage\":\"pt-PT\",\"@id\":\"https:\/\/www.justy.bio\/pt-pt\/shop\/sumos\/sunny\/#primaryimage\",\"url\":\"https:\/\/www.justy.bio\/wp-content\/uploads\/2025\/05\/sunny-3.webp\",\"contentUrl\":\"https:\/\/www.justy.bio\/wp-content\/uploads\/2025\/05\/sunny-3.webp\",\"width\":600,\"height\":450},{\"@type\":\"BreadcrumbList\",\"@id\":\"https:\/\/www.justy.bio\/pt-pt\/shop\/sumos\/sunny\/#breadcrumb\",\"itemListElement\":[{\"@type\":\"ListItem\",\"position\":1,\"name\":\"Shop\",\"item\":\"https:\/\/www.justy.bio\/pt-pt\/shop\/\"},{\"@type\":\"ListItem\",\"position\":2,\"name\":\"SUMO SUNNY\"}]},{\"@type\":\"WebSite\",\"@id\":\"https:\/\/www.justy.bio\/pt-pt\/#website\",\"url\":\"https:\/\/www.justy.bio\/pt-pt\/\",\"name\":\"Justy\",\"description\":\"\",\"publisher\":{\"@id\":\"https:\/\/www.justy.bio\/pt-pt\/#organization\"},\"potentialAction\":[{\"@type\":\"SearchAction\",\"target\":{\"@type\":\"EntryPoint\",\"urlTemplate\":\"https:\/\/www.justy.bio\/pt-pt\/?s={search_term_string}\"},\"query-input\":{\"@type\":\"PropertyValueSpecification\",\"valueRequired\":true,\"valueName\":\"search_term_string\"}}],\"inLanguage\":\"pt-PT\"},{\"@type\":\"Organization\",\"@id\":\"https:\/\/www.justy.bio\/pt-pt\/#organization\",\"name\":\"Justy\",\"url\":\"https:\/\/www.justy.bio\/pt-pt\/\",\"logo\":{\"@type\":\"ImageObject\",\"inLanguage\":\"pt-PT\",\"@id\":\"https:\/\/www.justy.bio\/pt-pt\/#\/schema\/logo\/image\/\",\"url\":\"https:\/\/www.justy.bio\/wp-content\/uploads\/2023\/10\/Logo.png\",\"contentUrl\":\"https:\/\/www.justy.bio\/wp-content\/uploads\/2023\/10\/Logo.png\",\"width\":218,\"height\":218,\"caption\":\"Justy\"},\"image\":{\"@id\":\"https:\/\/www.justy.bio\/pt-pt\/#\/schema\/logo\/image\/\"},\"sameAs\":[\"https:\/\/www.facebook.com\/justygoodness\",\"https:\/\/www.instagram.com\/justygoodness\/\"]}]}<\/script>\n<meta property=\"product:price:amount\" content=\"5.40\" \/>\n<meta property=\"product:price:currency\" content=\"EUR\" \/>\n<meta property=\"og:availability\" content=\"instock\" \/>\n<meta property=\"product:availability\" content=\"instock\" \/>\n<meta property=\"product:retailer_item_id\" content=\"3301014\" \/>\n<meta property=\"product:condition\" content=\"new\" \/>\n<!-- \/ Yoast SEO Premium plugin. -->","yoast_head_json":{"title":"Sumo Sunny | Justy","description":"Este sumo solarengo Sunny sem aditivos consiste apenas em ingredientes naturais. Est\u00e1 repleto de vitaminas, minerais e antioxidantes.","robots":{"index":"index","follow":"follow","max-snippet":"max-snippet:-1","max-image-preview":"max-image-preview:large","max-video-preview":"max-video-preview:-1"},"canonical":"https:\/\/www.justy.bio\/pt-pt\/shop\/sumos\/sunny\/","og_locale":"pt_PT","og_type":"article","og_title":"Sumo Sunny | Justy","og_description":"Este sumo solarengo Sunny sem aditivos consiste apenas em ingredientes naturais. Est\u00e1 repleto de vitaminas, minerais e antioxidantes.","og_url":"https:\/\/www.justy.bio\/pt-pt\/shop\/sumos\/sunny\/","og_site_name":"Justy","article_publisher":"https:\/\/www.facebook.com\/justygoodness","article_modified_time":"2025-09-10T12:22:09+00:00","og_image":[{"width":600,"height":450,"url":"https:\/\/www.justy.bio\/wp-content\/uploads\/2025\/05\/sunny-3.webp","type":"image\/webp"}],"twitter_card":"summary_large_image","twitter_misc":{"pre\u00e7o":"&euro;&nbsp;5,40","Disponibilidade":"Em stock"},"schema":{"@context":"https:\/\/schema.org","@graph":[{"@type":"WebPage","@id":"https:\/\/www.justy.bio\/pt-pt\/shop\/sumos\/sunny\/","url":"https:\/\/www.justy.bio\/pt-pt\/shop\/sumos\/sunny\/","name":"Sumo Sunny | Justy","isPartOf":{"@id":"https:\/\/www.justy.bio\/pt-pt\/#website"},"primaryImageOfPage":{"@id":"https:\/\/www.justy.bio\/pt-pt\/shop\/sumos\/sunny\/#primaryimage"},"image":{"@id":"https:\/\/www.justy.bio\/pt-pt\/shop\/sumos\/sunny\/#primaryimage"},"thumbnailUrl":"https:\/\/www.justy.bio\/wp-content\/uploads\/2025\/05\/sunny-3.webp","datePublished":"2025-05-29T15:23:33+00:00","dateModified":"2025-09-10T12:22:09+00:00","description":"Este sumo solarengo Sunny sem aditivos consiste apenas em ingredientes naturais. Est\u00e1 repleto de vitaminas, minerais e antioxidantes.","breadcrumb":{"@id":"https:\/\/www.justy.bio\/pt-pt\/shop\/sumos\/sunny\/#breadcrumb"},"inLanguage":"pt-PT","potentialAction":[{"@type":"ReadAction","target":["https:\/\/www.justy.bio\/pt-pt\/shop\/sumos\/sunny\/"]}]},{"@type":"ImageObject","inLanguage":"pt-PT","@id":"https:\/\/www.justy.bio\/pt-pt\/shop\/sumos\/sunny\/#primaryimage","url":"https:\/\/www.justy.bio\/wp-content\/uploads\/2025\/05\/sunny-3.webp","contentUrl":"https:\/\/www.justy.bio\/wp-content\/uploads\/2025\/05\/sunny-3.webp","width":600,"height":450},{"@type":"BreadcrumbList","@id":"https:\/\/www.justy.bio\/pt-pt\/shop\/sumos\/sunny\/#breadcrumb","itemListElement":[{"@type":"ListItem","position":1,"name":"Shop","item":"https:\/\/www.justy.bio\/pt-pt\/shop\/"},{"@type":"ListItem","position":2,"name":"SUMO SUNNY"}]},{"@type":"WebSite","@id":"https:\/\/www.justy.bio\/pt-pt\/#website","url":"https:\/\/www.justy.bio\/pt-pt\/","name":"Justy","description":"","publisher":{"@id":"https:\/\/www.justy.bio\/pt-pt\/#organization"},"potentialAction":[{"@type":"SearchAction","target":{"@type":"EntryPoint","urlTemplate":"https:\/\/www.justy.bio\/pt-pt\/?s={search_term_string}"},"query-input":{"@type":"PropertyValueSpecification","valueRequired":true,"valueName":"search_term_string"}}],"inLanguage":"pt-PT"},{"@type":"Organization","@id":"https:\/\/www.justy.bio\/pt-pt\/#organization","name":"Justy","url":"https:\/\/www.justy.bio\/pt-pt\/","logo":{"@type":"ImageObject","inLanguage":"pt-PT","@id":"https:\/\/www.justy.bio\/pt-pt\/#\/schema\/logo\/image\/","url":"https:\/\/www.justy.bio\/wp-content\/uploads\/2023\/10\/Logo.png","contentUrl":"https:\/\/www.justy.bio\/wp-content\/uploads\/2023\/10\/Logo.png","width":218,"height":218,"caption":"Justy"},"image":{"@id":"https:\/\/www.justy.bio\/pt-pt\/#\/schema\/logo\/image\/"},"sameAs":["https:\/\/www.facebook.com\/justygoodness","https:\/\/www.instagram.com\/justygoodness\/"]}]},"product_price_amount":"5.40","product_price_currency":"EUR","og_availability":"instock","product_availability":"instock","product_retailer_item_id":"3301014","product_condition":"new"},"_links":{"self":[{"href":"https:\/\/www.justy.bio\/pt-pt\/wp-json\/wp\/v2\/product\/30145","targetHints":{"allow":["GET"]}}],"collection":[{"href":"https:\/\/www.justy.bio\/pt-pt\/wp-json\/wp\/v2\/product"}],"about":[{"href":"https:\/\/www.justy.bio\/pt-pt\/wp-json\/wp\/v2\/types\/product"}],"replies":[{"embeddable":true,"href":"https:\/\/www.justy.bio\/pt-pt\/wp-json\/wp\/v2\/comments?post=30145"}],"wp:featuredmedia":[{"embeddable":true,"href":"https:\/\/www.justy.bio\/pt-pt\/wp-json\/wp\/v2\/media\/30146"}],"wp:attachment":[{"href":"https:\/\/www.justy.bio\/pt-pt\/wp-json\/wp\/v2\/media?parent=30145"}],"wp:term":[{"taxonomy":"product_brand","embeddable":true,"href":"https:\/\/www.justy.bio\/pt-pt\/wp-json\/wp\/v2\/product_brand?post=30145"},{"taxonomy":"product_cat","embeddable":true,"href":"https:\/\/www.justy.bio\/pt-pt\/wp-json\/wp\/v2\/product_cat?post=30145"},{"taxonomy":"product_tag","embeddable":true,"href":"https:\/\/www.justy.bio\/pt-pt\/wp-json\/wp\/v2\/product_tag?post=30145"}],"curies":[{"name":"wp","href":"https:\/\/api.w.org\/{rel}","templated":true}]}}