{"id":30156,"date":"2025-05-29T17:23:32","date_gmt":"2025-05-29T15:23:32","guid":{"rendered":"https:\/\/www.justy.de\/shop\/sem%20categoria\/fresh\/"},"modified":"2025-09-10T15:13:19","modified_gmt":"2025-09-10T13:13:19","slug":"fresh","status":"publish","type":"product","link":"https:\/\/www.justy.bio\/pt-pt\/shop\/sumos\/fresh\/","title":{"rendered":"SUMO Fresh"},"content":{"rendered":"<h2>Este sumo de cenoura levemente doce mima todo o seu corpo e estimula os seus sentidos.<\/h2>\n<p>Tem um sabor doce e, ao mesmo tempo, fresco devido, entre outras coisas, \u00e0 cenoura, funcho, ma\u00e7\u00e3, canela, toranja, hortel\u00e3 e s\u00e1lvia. \u00c9 rico em beta-caroteno*, contribuindo assim para a manuten\u00e7\u00e3o de uma pele saud\u00e1vel, boa vis\u00e3o e um bom sistema imunol\u00f3gico. O sumo de cenoura \u00e9 um rem\u00e9dio natural que pode ajud\u00e1-lo a sentir-se bem e a parecer radiante. Devido \u00e0 grande quantidade de beta-caroteno que cont\u00e9m, \u00e9 bom para o seu sistema imunol\u00f3gico, pele e olhos. Al\u00e9m disso, o nosso sumo de cenoura fresco cont\u00e9m boas quantidades de antioxidantes como cobre, mangan\u00eas, vitaminas C e E. O sumo ajuda a proteger o seu corpo contra os radicais livres, entre outras coisas. A vitamina C e o cobre contribuem para uma boa resist\u00eancia. Al\u00e9m dos benef\u00edcios para a sa\u00fade, o sumo de cenoura tamb\u00e9m pode ser muito saboroso. Ao combinar este sumo de cenoura com gengibre, canela, toranja, s\u00e1lvia e muito outros, cri\u00e1mos uma sensa\u00e7\u00e3o de sabor surpreendente.<\/p>\n<div class=\"wp-block-spacer\" style=\"height: 24px\" aria-hidden=\"true\"><\/div>\n<h2><span class=\"web-mod-tabs__tab-title\">O QUE TORNA O SUMO DE CENOURA SAUD\u00c1VEL?<\/span><\/h2>\n<p>Beber sumo de cenoura org\u00e2nico slow juice \u00e9 bom para o corpo e mente. O nosso sumo fresco, por exemplo, cont\u00e9m 284% da ingest\u00e3o de refer\u00eancia de vitamina A, na forma de beta-caroteno. Este \u00e9 convertido pelo corpo em vitamina A (tamb\u00e9m chamada de retinol), que \u00e9 bom para a vis\u00e3o, entre outras coisas. Ajuda a manter-se atento e favorece a sua vis\u00e3o no escuro. O retinol tamb\u00e9m \u00e9 indicado para a pele e equil\u00edbrio de ferro. Al\u00e9m disso, a vitamina A tem um efeito positivo no seu sistema imunol\u00f3gico. As vitaminas C e B6 neste sumo de cenoura tamb\u00e9m contribuem para isso. As boas quantidades de vitamina K e pot\u00e1ssio neste sumo de cenoura garantem, entre outras coisas, a manuten\u00e7\u00e3o de ossos e m\u00fasculos fortes. O nosso sumo de cenoura fresco \u00e9 tamb\u00e9m rico em antioxidantes (como vitamina C e cobre) que ajudam a proteger o seu corpo contra os radicais livres. As vitaminas B1 e B6 no sumo de cenoura regulam o seu n\u00edvel de energia e s\u00e3o boas para a sua concentra\u00e7\u00e3o. Connosco, compra um sumo de cenoura org\u00e2nico que para al\u00e9m do seu sabor fant\u00e1stico, sem a\u00e7\u00facar, e tamb\u00e9m saud\u00e1vel.<\/p>\n<div class=\"wp-block-spacer\" style=\"height: 24px\" aria-hidden=\"true\"><\/div>\n<h2 class=\"web-mod-bullets__title\">O SABOR DO NOSSO SUMO DE CENOURA<\/h2>\n<p>H\u00e1 muito que se sabe que o sumo de cenoura tem benef\u00edcios para a sa\u00fade. No entanto, o sabor doce e terroso da cenoura n\u00e3o era igualmente popular entre todos. Para real\u00e7ar o sabor desta bebida laranja, combin\u00e1mos sumo de cenoura com um pouco de ma\u00e7\u00e3 para um toque doce e fresco e adicion\u00e1mos gengibre e canela para um trago quente e picante. Esprememos toranja, com casca e tudo, no espremedor lento, libertando \u00f3leos essenciais que proporcionam um brilho revigorante. O funcho real\u00e7a a do\u00e7ura, enquanto a s\u00e1lvia e a hortel\u00e3 proporcionam um aroma fresco. A batata-doce laranja torna-o um pouco mais cremoso e tamb\u00e9m aumenta um pouco a quantidade de beta-caroteno. Cuidado, este sumo de cenoura slow juice pode facilmente tornar-se um v\u00edcio!<\/p>\n<p><strong> \u201cOs nossos sumos s\u00e3o um excelente complemento como parte de uma dieta variada e equilibrada e um estilo de vida saud\u00e1vel.\u201d<\/strong><\/p>\n","protected":false},"excerpt":{"rendered":"<p>Um sumo de cenoura, bom para a pele e para os olhos ? Cenoura, ma\u00e7\u00e3, funcho, toranja&#8230;<\/p>\n","protected":false},"featured_media":30157,"comment_status":"open","ping_status":"closed","template":"","meta":{"_acf_changed":true,"_gspb_post_css":""},"product_brand":[],"product_cat":[915],"product_tag":[916],"class_list":{"0":"post-30156","1":"product","2":"type-product","3":"status-publish","4":"has-post-thumbnail","6":"product_cat-sumos","7":"product_tag-import-pt-pt","8":"has-subscription-plans","10":"first","11":"instock","12":"sale","13":"taxable","14":"shipping-taxable","15":"purchasable","16":"product-type-simple"},"bundled_by":[],"bundle_stock_status":"instock","bundle_stock_quantity":null,"bundle_virtual":false,"bundle_layout":"","bundle_add_to_cart_form_location":"","bundle_editable_in_cart":false,"bundle_sold_individually_context":"","bundle_item_grouping":"","bundle_min_size":"","bundle_max_size":"","bundle_price":[],"bundled_items":[],"bundle_sell_ids":[],"acf":[],"yoast_head":"<!-- This site is optimized with the Yoast SEO Premium plugin v25.5 (Yoast SEO v25.5) - https:\/\/yoast.com\/wordpress\/plugins\/seo\/ -->\n<title>Sumo Fresh | Justy<\/title>\n<meta name=\"description\" content=\"Sumo Fruit Love. 6,50\u20ac. Repleto de vitaminas para refor\u00e7ar o seu sistema imunit\u00e1rio e atuar como antioxidante, ame-se a si pr\u00f3prio!\" \/>\n<meta name=\"robots\" content=\"index, follow, max-snippet:-1, max-image-preview:large, max-video-preview:-1\" \/>\n<link rel=\"canonical\" href=\"https:\/\/www.justy.bio\/pt-pt\/shop\/sumos\/fresh\/\" \/>\n<meta property=\"og:locale\" content=\"pt_PT\" \/>\n<meta property=\"og:type\" content=\"article\" \/>\n<meta property=\"og:title\" content=\"Sumo Fresh | Justy\" \/>\n<meta property=\"og:description\" content=\"Sumo Fruit Love. 6,50\u20ac. Repleto de vitaminas para refor\u00e7ar o seu sistema imunit\u00e1rio e atuar como antioxidante, ame-se a si pr\u00f3prio!\" \/>\n<meta property=\"og:url\" content=\"https:\/\/www.justy.bio\/pt-pt\/shop\/sumos\/fresh\/\" \/>\n<meta property=\"og:site_name\" content=\"Justy\" \/>\n<meta property=\"article:publisher\" content=\"https:\/\/www.facebook.com\/justygoodness\" \/>\n<meta property=\"article:modified_time\" content=\"2025-09-10T13:13:19+00:00\" \/>\n<meta property=\"og:image\" content=\"https:\/\/www.justy.bio\/wp-content\/uploads\/2025\/05\/fresh-3.webp\" \/>\n\t<meta property=\"og:image:width\" content=\"600\" \/>\n\t<meta property=\"og:image:height\" content=\"450\" \/>\n\t<meta property=\"og:image:type\" content=\"image\/webp\" \/>\n<meta name=\"twitter:card\" content=\"summary_large_image\" \/>\n<meta name=\"twitter:label1\" content=\"pre\u00e7o\" \/>\n\t<meta name=\"twitter:data1\" content=\"&euro;&nbsp;5,40\" \/>\n\t<meta name=\"twitter:label2\" content=\"Disponibilidade\" \/>\n\t<meta name=\"twitter:data2\" content=\"Em stock\" \/>\n<script type=\"application\/ld+json\" class=\"yoast-schema-graph\">{\"@context\":\"https:\/\/schema.org\",\"@graph\":[{\"@type\":\"WebPage\",\"@id\":\"https:\/\/www.justy.bio\/pt-pt\/shop\/sumos\/fresh\/\",\"url\":\"https:\/\/www.justy.bio\/pt-pt\/shop\/sumos\/fresh\/\",\"name\":\"Sumo Fresh | Justy\",\"isPartOf\":{\"@id\":\"https:\/\/www.justy.bio\/pt-pt\/#website\"},\"primaryImageOfPage\":{\"@id\":\"https:\/\/www.justy.bio\/pt-pt\/shop\/sumos\/fresh\/#primaryimage\"},\"image\":{\"@id\":\"https:\/\/www.justy.bio\/pt-pt\/shop\/sumos\/fresh\/#primaryimage\"},\"thumbnailUrl\":\"https:\/\/www.justy.bio\/wp-content\/uploads\/2025\/05\/fresh-3.webp\",\"datePublished\":\"2025-05-29T15:23:32+00:00\",\"dateModified\":\"2025-09-10T13:13:19+00:00\",\"description\":\"Sumo Fruit Love. 6,50\u20ac. Repleto de vitaminas para refor\u00e7ar o seu sistema imunit\u00e1rio e atuar como antioxidante, ame-se a si pr\u00f3prio!\",\"breadcrumb\":{\"@id\":\"https:\/\/www.justy.bio\/pt-pt\/shop\/sumos\/fresh\/#breadcrumb\"},\"inLanguage\":\"pt-PT\",\"potentialAction\":[{\"@type\":\"ReadAction\",\"target\":[\"https:\/\/www.justy.bio\/pt-pt\/shop\/sumos\/fresh\/\"]}]},{\"@type\":\"ImageObject\",\"inLanguage\":\"pt-PT\",\"@id\":\"https:\/\/www.justy.bio\/pt-pt\/shop\/sumos\/fresh\/#primaryimage\",\"url\":\"https:\/\/www.justy.bio\/wp-content\/uploads\/2025\/05\/fresh-3.webp\",\"contentUrl\":\"https:\/\/www.justy.bio\/wp-content\/uploads\/2025\/05\/fresh-3.webp\",\"width\":600,\"height\":450},{\"@type\":\"BreadcrumbList\",\"@id\":\"https:\/\/www.justy.bio\/pt-pt\/shop\/sumos\/fresh\/#breadcrumb\",\"itemListElement\":[{\"@type\":\"ListItem\",\"position\":1,\"name\":\"Shop\",\"item\":\"https:\/\/www.justy.bio\/pt-pt\/shop\/\"},{\"@type\":\"ListItem\",\"position\":2,\"name\":\"SUMO Fresh\"}]},{\"@type\":\"WebSite\",\"@id\":\"https:\/\/www.justy.bio\/pt-pt\/#website\",\"url\":\"https:\/\/www.justy.bio\/pt-pt\/\",\"name\":\"Justy\",\"description\":\"\",\"publisher\":{\"@id\":\"https:\/\/www.justy.bio\/pt-pt\/#organization\"},\"potentialAction\":[{\"@type\":\"SearchAction\",\"target\":{\"@type\":\"EntryPoint\",\"urlTemplate\":\"https:\/\/www.justy.bio\/pt-pt\/?s={search_term_string}\"},\"query-input\":{\"@type\":\"PropertyValueSpecification\",\"valueRequired\":true,\"valueName\":\"search_term_string\"}}],\"inLanguage\":\"pt-PT\"},{\"@type\":\"Organization\",\"@id\":\"https:\/\/www.justy.bio\/pt-pt\/#organization\",\"name\":\"Justy\",\"url\":\"https:\/\/www.justy.bio\/pt-pt\/\",\"logo\":{\"@type\":\"ImageObject\",\"inLanguage\":\"pt-PT\",\"@id\":\"https:\/\/www.justy.bio\/pt-pt\/#\/schema\/logo\/image\/\",\"url\":\"https:\/\/www.justy.bio\/wp-content\/uploads\/2023\/10\/Logo.png\",\"contentUrl\":\"https:\/\/www.justy.bio\/wp-content\/uploads\/2023\/10\/Logo.png\",\"width\":218,\"height\":218,\"caption\":\"Justy\"},\"image\":{\"@id\":\"https:\/\/www.justy.bio\/pt-pt\/#\/schema\/logo\/image\/\"},\"sameAs\":[\"https:\/\/www.facebook.com\/justygoodness\",\"https:\/\/www.instagram.com\/justygoodness\/\"]}]}<\/script>\n<meta property=\"product:price:amount\" content=\"5.40\" \/>\n<meta property=\"product:price:currency\" content=\"EUR\" \/>\n<meta property=\"og:availability\" content=\"instock\" \/>\n<meta property=\"product:availability\" content=\"instock\" \/>\n<meta property=\"product:retailer_item_id\" content=\"3301004\" \/>\n<meta property=\"product:condition\" content=\"new\" \/>\n<!-- \/ Yoast SEO Premium plugin. -->","yoast_head_json":{"title":"Sumo Fresh | Justy","description":"Sumo Fruit Love. 6,50\u20ac. Repleto de vitaminas para refor\u00e7ar o seu sistema imunit\u00e1rio e atuar como antioxidante, ame-se a si pr\u00f3prio!","robots":{"index":"index","follow":"follow","max-snippet":"max-snippet:-1","max-image-preview":"max-image-preview:large","max-video-preview":"max-video-preview:-1"},"canonical":"https:\/\/www.justy.bio\/pt-pt\/shop\/sumos\/fresh\/","og_locale":"pt_PT","og_type":"article","og_title":"Sumo Fresh | Justy","og_description":"Sumo Fruit Love. 6,50\u20ac. Repleto de vitaminas para refor\u00e7ar o seu sistema imunit\u00e1rio e atuar como antioxidante, ame-se a si pr\u00f3prio!","og_url":"https:\/\/www.justy.bio\/pt-pt\/shop\/sumos\/fresh\/","og_site_name":"Justy","article_publisher":"https:\/\/www.facebook.com\/justygoodness","article_modified_time":"2025-09-10T13:13:19+00:00","og_image":[{"width":600,"height":450,"url":"https:\/\/www.justy.bio\/wp-content\/uploads\/2025\/05\/fresh-3.webp","type":"image\/webp"}],"twitter_card":"summary_large_image","twitter_misc":{"pre\u00e7o":"&euro;&nbsp;5,40","Disponibilidade":"Em stock"},"schema":{"@context":"https:\/\/schema.org","@graph":[{"@type":"WebPage","@id":"https:\/\/www.justy.bio\/pt-pt\/shop\/sumos\/fresh\/","url":"https:\/\/www.justy.bio\/pt-pt\/shop\/sumos\/fresh\/","name":"Sumo Fresh | Justy","isPartOf":{"@id":"https:\/\/www.justy.bio\/pt-pt\/#website"},"primaryImageOfPage":{"@id":"https:\/\/www.justy.bio\/pt-pt\/shop\/sumos\/fresh\/#primaryimage"},"image":{"@id":"https:\/\/www.justy.bio\/pt-pt\/shop\/sumos\/fresh\/#primaryimage"},"thumbnailUrl":"https:\/\/www.justy.bio\/wp-content\/uploads\/2025\/05\/fresh-3.webp","datePublished":"2025-05-29T15:23:32+00:00","dateModified":"2025-09-10T13:13:19+00:00","description":"Sumo Fruit Love. 6,50\u20ac. Repleto de vitaminas para refor\u00e7ar o seu sistema imunit\u00e1rio e atuar como antioxidante, ame-se a si pr\u00f3prio!","breadcrumb":{"@id":"https:\/\/www.justy.bio\/pt-pt\/shop\/sumos\/fresh\/#breadcrumb"},"inLanguage":"pt-PT","potentialAction":[{"@type":"ReadAction","target":["https:\/\/www.justy.bio\/pt-pt\/shop\/sumos\/fresh\/"]}]},{"@type":"ImageObject","inLanguage":"pt-PT","@id":"https:\/\/www.justy.bio\/pt-pt\/shop\/sumos\/fresh\/#primaryimage","url":"https:\/\/www.justy.bio\/wp-content\/uploads\/2025\/05\/fresh-3.webp","contentUrl":"https:\/\/www.justy.bio\/wp-content\/uploads\/2025\/05\/fresh-3.webp","width":600,"height":450},{"@type":"BreadcrumbList","@id":"https:\/\/www.justy.bio\/pt-pt\/shop\/sumos\/fresh\/#breadcrumb","itemListElement":[{"@type":"ListItem","position":1,"name":"Shop","item":"https:\/\/www.justy.bio\/pt-pt\/shop\/"},{"@type":"ListItem","position":2,"name":"SUMO Fresh"}]},{"@type":"WebSite","@id":"https:\/\/www.justy.bio\/pt-pt\/#website","url":"https:\/\/www.justy.bio\/pt-pt\/","name":"Justy","description":"","publisher":{"@id":"https:\/\/www.justy.bio\/pt-pt\/#organization"},"potentialAction":[{"@type":"SearchAction","target":{"@type":"EntryPoint","urlTemplate":"https:\/\/www.justy.bio\/pt-pt\/?s={search_term_string}"},"query-input":{"@type":"PropertyValueSpecification","valueRequired":true,"valueName":"search_term_string"}}],"inLanguage":"pt-PT"},{"@type":"Organization","@id":"https:\/\/www.justy.bio\/pt-pt\/#organization","name":"Justy","url":"https:\/\/www.justy.bio\/pt-pt\/","logo":{"@type":"ImageObject","inLanguage":"pt-PT","@id":"https:\/\/www.justy.bio\/pt-pt\/#\/schema\/logo\/image\/","url":"https:\/\/www.justy.bio\/wp-content\/uploads\/2023\/10\/Logo.png","contentUrl":"https:\/\/www.justy.bio\/wp-content\/uploads\/2023\/10\/Logo.png","width":218,"height":218,"caption":"Justy"},"image":{"@id":"https:\/\/www.justy.bio\/pt-pt\/#\/schema\/logo\/image\/"},"sameAs":["https:\/\/www.facebook.com\/justygoodness","https:\/\/www.instagram.com\/justygoodness\/"]}]},"product_price_amount":"5.40","product_price_currency":"EUR","og_availability":"instock","product_availability":"instock","product_retailer_item_id":"3301004","product_condition":"new"},"_links":{"self":[{"href":"https:\/\/www.justy.bio\/pt-pt\/wp-json\/wp\/v2\/product\/30156","targetHints":{"allow":["GET"]}}],"collection":[{"href":"https:\/\/www.justy.bio\/pt-pt\/wp-json\/wp\/v2\/product"}],"about":[{"href":"https:\/\/www.justy.bio\/pt-pt\/wp-json\/wp\/v2\/types\/product"}],"replies":[{"embeddable":true,"href":"https:\/\/www.justy.bio\/pt-pt\/wp-json\/wp\/v2\/comments?post=30156"}],"wp:featuredmedia":[{"embeddable":true,"href":"https:\/\/www.justy.bio\/pt-pt\/wp-json\/wp\/v2\/media\/30157"}],"wp:attachment":[{"href":"https:\/\/www.justy.bio\/pt-pt\/wp-json\/wp\/v2\/media?parent=30156"}],"wp:term":[{"taxonomy":"product_brand","embeddable":true,"href":"https:\/\/www.justy.bio\/pt-pt\/wp-json\/wp\/v2\/product_brand?post=30156"},{"taxonomy":"product_cat","embeddable":true,"href":"https:\/\/www.justy.bio\/pt-pt\/wp-json\/wp\/v2\/product_cat?post=30156"},{"taxonomy":"product_tag","embeddable":true,"href":"https:\/\/www.justy.bio\/pt-pt\/wp-json\/wp\/v2\/product_tag?post=30156"}],"curies":[{"name":"wp","href":"https:\/\/api.w.org\/{rel}","templated":true}]}}