{"id":30163,"date":"2025-05-29T17:16:06","date_gmt":"2025-05-29T15:16:06","guid":{"rendered":"https:\/\/www.justy.de\/shop\/uncategorized\/recover\/"},"modified":"2025-09-10T15:15:07","modified_gmt":"2025-09-10T13:15:07","slug":"recover","status":"publish","type":"product","link":"https:\/\/www.justy.bio\/pt-pt\/shop\/sumos\/recover\/","title":{"rendered":"SUMO RECOVER"},"content":{"rendered":"<h2>Este sumo de beterraba e ginja, sem adi\u00e7\u00e3o de a\u00e7\u00facares, \u00e9 saud\u00e1vel devido \u00e0 sua combina\u00e7\u00e3o de vitaminas, minerais e antioxidantes.<\/h2>\n<p>Cont\u00e9m uma quantidade significativa de pot\u00e1ssio*, ben\u00e9fico para o funcionamento dos m\u00fasculos. O sumo de ginja \u00e9 uma bebida popular ap\u00f3s o exerc\u00edcio f\u00edsico. Tal pode ser explicado pela elevada quantidade de antioxidantes, como a vitamina C, que ajudam o corpo a proteger as c\u00e9lulas e tecidos saud\u00e1veis. Por isso, o nosso sumo Recover \u00e9 composto maioritariamente por sumo de ginja, sem adi\u00e7\u00e3o de a\u00e7\u00facar, completamente natural. Ao combinarmos o sumo org\u00e2nico de ginja com beterraba, rom\u00e3, cenoura, a\u00e7afr\u00e3o, pimenta preta e outros ingredientes saud\u00e1veis, garantimos que este sumo Recover de ginja se converta no seu sumo preferido p\u00f3s-treino.<\/p>\n<div class=\"wp-block-spacer\" style=\"height: 24px\" aria-hidden=\"true\"><\/div>\n<h2><span class=\"web-mod-tabs__tab-title\">O QUE TORNA O NOSSO SUMO DE GINJA SAUD\u00c1VEL?<\/span><\/h2>\n<p>O sumo Recover \u00e9 org\u00e2nico, puro e muito saud\u00e1vel. N\u00e3o \u00e9 adociado nem salgado, mas \u00e9 muito saboroso devido \u00e0 combina\u00e7\u00e3o especial de ingredientes saud\u00e1veis. Juntos, proporcionam uma boa quantidade de vitaminas, minerais e antioxidantes em cada garrafa. Por exemplo, o pot\u00e1ssio neste sumo de ginja ajuda a manter os m\u00fasculos fortes e flex\u00edveis, o que \u00e9 especialmente importante para quem pratica desporto regularmente! O mineral pot\u00e1ssio tamb\u00e9m tem um efeito ben\u00e9fico na press\u00e3o arterial. Al\u00e9m disso, o nosso sumo org\u00e2nico de ginja cont\u00e9m os antioxidantes vitamina A e C, cobre e mangan\u00eas, que ajudam o seu corpo a proteger-se dos radicais livres. As boas quantidades de vitamina C e A neste sumo tamb\u00e9m contribuem para uma boa resist\u00eancia. A vitamina B6 e o cobre contribuem para o n\u00edvel de energia, e o ferro ajuda no transporte de oxig\u00e9nio no corpo. Por fim, o nosso sumo Recover de ginja proporciona uma hidrata\u00e7\u00e3o perfeita, tornando-o ideal ap\u00f3s o exerc\u00edcio.<\/p>\n<div class=\"wp-block-spacer\" style=\"height: 24px\" aria-hidden=\"true\"><\/div>\n<h2 class=\"web-mod-bullets__title\">O SABOR DO NOSSO SUMO DE GINJA RECOVER<\/h2>\n<p>Com o Recover, quisemos criar um sumo de ginja super saud\u00e1vel que tamb\u00e9m fosse muito saboroso. Ao combinarmos o sumo de ginja com rom\u00e3, cenoura, a\u00e7afr\u00e3o, pimenta preta, beterraba, laranja e groselha-preta, conseguimos alcan\u00e7ar esse objetivo. O sumo de ginja adquire um car\u00e1ter mais doce e terroso da cenoura e da beterraba. O a\u00e7afr\u00e3o, pimenta preta, gengibre e ginseng proporcionam um toque quente e poderoso. A laranja com casca oferece um brilho fresco que lhe d\u00e1 energia. Gostaria de desfrutar do sabor e dos benef\u00edcios saud\u00e1veis de beber sumo de beterraba e ginja ap\u00f3s o exerc\u00edcio f\u00edsico? Ent\u00e3o, n\u00e3o hesite em encomendar o nosso sumo Recover! &#8220;Os nossos sumos s\u00e3o um excelente complemento como parte de uma dieta variada, equilibrada e um estilo de vida saud\u00e1vel.&#8221;<\/p>\n","protected":false},"excerpt":{"rendered":"<p>Muito bom para os m\u00fasculos<\/p>\n","protected":false},"featured_media":30164,"comment_status":"open","ping_status":"closed","template":"","meta":{"_acf_changed":true,"_gspb_post_css":""},"product_brand":[],"product_cat":[915],"product_tag":[916],"class_list":{"0":"post-30163","1":"product","2":"type-product","3":"status-publish","4":"has-post-thumbnail","6":"product_cat-sumos","7":"product_tag-import-pt-pt","8":"has-subscription-plans","10":"first","11":"instock","12":"sale","13":"taxable","14":"shipping-taxable","15":"purchasable","16":"product-type-simple"},"bundled_by":[],"bundle_stock_status":"instock","bundle_stock_quantity":null,"bundle_virtual":false,"bundle_layout":"","bundle_add_to_cart_form_location":"","bundle_editable_in_cart":false,"bundle_sold_individually_context":"","bundle_item_grouping":"","bundle_min_size":"","bundle_max_size":"","bundle_price":[],"bundled_items":[],"bundle_sell_ids":[],"acf":[],"yoast_head":"<!-- This site is optimized with the Yoast SEO Premium plugin v25.5 (Yoast SEO v25.5) - https:\/\/yoast.com\/wordpress\/plugins\/seo\/ -->\n<title>Sumo Recover | Justy<\/title>\n<meta name=\"description\" content=\"Este sumo de beterraba e ginja, sem adi\u00e7\u00e3o de a\u00e7\u00facares, \u00e9 saud\u00e1vel devido \u00e0 sua combina\u00e7\u00e3o de vitaminas, minerais e antioxidantes.\" \/>\n<meta name=\"robots\" content=\"index, follow, max-snippet:-1, max-image-preview:large, max-video-preview:-1\" \/>\n<link rel=\"canonical\" href=\"https:\/\/www.justy.bio\/pt-pt\/shop\/sumos\/recover\/\" \/>\n<meta property=\"og:locale\" content=\"pt_PT\" \/>\n<meta property=\"og:type\" content=\"article\" \/>\n<meta property=\"og:title\" content=\"Sumo Recover | Justy\" \/>\n<meta property=\"og:description\" content=\"Este sumo de beterraba e ginja, sem adi\u00e7\u00e3o de a\u00e7\u00facares, \u00e9 saud\u00e1vel devido \u00e0 sua combina\u00e7\u00e3o de vitaminas, minerais e antioxidantes.\" \/>\n<meta property=\"og:url\" content=\"https:\/\/www.justy.bio\/pt-pt\/shop\/sumos\/recover\/\" \/>\n<meta property=\"og:site_name\" content=\"Justy\" \/>\n<meta property=\"article:publisher\" content=\"https:\/\/www.facebook.com\/justygoodness\" \/>\n<meta property=\"article:modified_time\" content=\"2025-09-10T13:15:07+00:00\" \/>\n<meta property=\"og:image\" content=\"https:\/\/www.justy.bio\/wp-content\/uploads\/2025\/05\/recover-3.webp\" \/>\n\t<meta property=\"og:image:width\" content=\"600\" \/>\n\t<meta property=\"og:image:height\" content=\"450\" \/>\n\t<meta property=\"og:image:type\" content=\"image\/webp\" \/>\n<meta name=\"twitter:card\" content=\"summary_large_image\" \/>\n<meta name=\"twitter:label1\" content=\"pre\u00e7o\" \/>\n\t<meta name=\"twitter:data1\" content=\"&euro;&nbsp;5,40\" \/>\n\t<meta name=\"twitter:label2\" content=\"Disponibilidade\" \/>\n\t<meta name=\"twitter:data2\" content=\"Em stock\" \/>\n<script type=\"application\/ld+json\" class=\"yoast-schema-graph\">{\"@context\":\"https:\/\/schema.org\",\"@graph\":[{\"@type\":\"WebPage\",\"@id\":\"https:\/\/www.justy.bio\/pt-pt\/shop\/sumos\/recover\/\",\"url\":\"https:\/\/www.justy.bio\/pt-pt\/shop\/sumos\/recover\/\",\"name\":\"Sumo Recover | Justy\",\"isPartOf\":{\"@id\":\"https:\/\/www.justy.bio\/pt-pt\/#website\"},\"primaryImageOfPage\":{\"@id\":\"https:\/\/www.justy.bio\/pt-pt\/shop\/sumos\/recover\/#primaryimage\"},\"image\":{\"@id\":\"https:\/\/www.justy.bio\/pt-pt\/shop\/sumos\/recover\/#primaryimage\"},\"thumbnailUrl\":\"https:\/\/www.justy.bio\/wp-content\/uploads\/2025\/05\/recover-3.webp\",\"datePublished\":\"2025-05-29T15:16:06+00:00\",\"dateModified\":\"2025-09-10T13:15:07+00:00\",\"description\":\"Este sumo de beterraba e ginja, sem adi\u00e7\u00e3o de a\u00e7\u00facares, \u00e9 saud\u00e1vel devido \u00e0 sua combina\u00e7\u00e3o de vitaminas, minerais e antioxidantes.\",\"breadcrumb\":{\"@id\":\"https:\/\/www.justy.bio\/pt-pt\/shop\/sumos\/recover\/#breadcrumb\"},\"inLanguage\":\"pt-PT\",\"potentialAction\":[{\"@type\":\"ReadAction\",\"target\":[\"https:\/\/www.justy.bio\/pt-pt\/shop\/sumos\/recover\/\"]}]},{\"@type\":\"ImageObject\",\"inLanguage\":\"pt-PT\",\"@id\":\"https:\/\/www.justy.bio\/pt-pt\/shop\/sumos\/recover\/#primaryimage\",\"url\":\"https:\/\/www.justy.bio\/wp-content\/uploads\/2025\/05\/recover-3.webp\",\"contentUrl\":\"https:\/\/www.justy.bio\/wp-content\/uploads\/2025\/05\/recover-3.webp\",\"width\":600,\"height\":450},{\"@type\":\"BreadcrumbList\",\"@id\":\"https:\/\/www.justy.bio\/pt-pt\/shop\/sumos\/recover\/#breadcrumb\",\"itemListElement\":[{\"@type\":\"ListItem\",\"position\":1,\"name\":\"Shop\",\"item\":\"https:\/\/www.justy.bio\/pt-pt\/shop\/\"},{\"@type\":\"ListItem\",\"position\":2,\"name\":\"SUMO RECOVER\"}]},{\"@type\":\"WebSite\",\"@id\":\"https:\/\/www.justy.bio\/pt-pt\/#website\",\"url\":\"https:\/\/www.justy.bio\/pt-pt\/\",\"name\":\"Justy\",\"description\":\"\",\"publisher\":{\"@id\":\"https:\/\/www.justy.bio\/pt-pt\/#organization\"},\"potentialAction\":[{\"@type\":\"SearchAction\",\"target\":{\"@type\":\"EntryPoint\",\"urlTemplate\":\"https:\/\/www.justy.bio\/pt-pt\/?s={search_term_string}\"},\"query-input\":{\"@type\":\"PropertyValueSpecification\",\"valueRequired\":true,\"valueName\":\"search_term_string\"}}],\"inLanguage\":\"pt-PT\"},{\"@type\":\"Organization\",\"@id\":\"https:\/\/www.justy.bio\/pt-pt\/#organization\",\"name\":\"Justy\",\"url\":\"https:\/\/www.justy.bio\/pt-pt\/\",\"logo\":{\"@type\":\"ImageObject\",\"inLanguage\":\"pt-PT\",\"@id\":\"https:\/\/www.justy.bio\/pt-pt\/#\/schema\/logo\/image\/\",\"url\":\"https:\/\/www.justy.bio\/wp-content\/uploads\/2023\/10\/Logo.png\",\"contentUrl\":\"https:\/\/www.justy.bio\/wp-content\/uploads\/2023\/10\/Logo.png\",\"width\":218,\"height\":218,\"caption\":\"Justy\"},\"image\":{\"@id\":\"https:\/\/www.justy.bio\/pt-pt\/#\/schema\/logo\/image\/\"},\"sameAs\":[\"https:\/\/www.facebook.com\/justygoodness\",\"https:\/\/www.instagram.com\/justygoodness\/\"]}]}<\/script>\n<meta property=\"product:price:amount\" content=\"5.40\" \/>\n<meta property=\"product:price:currency\" content=\"EUR\" \/>\n<meta property=\"og:availability\" content=\"instock\" \/>\n<meta property=\"product:availability\" content=\"instock\" \/>\n<meta property=\"product:retailer_item_id\" content=\"3301011\" \/>\n<meta property=\"product:condition\" content=\"new\" \/>\n<!-- \/ Yoast SEO Premium plugin. -->","yoast_head_json":{"title":"Sumo Recover | Justy","description":"Este sumo de beterraba e ginja, sem adi\u00e7\u00e3o de a\u00e7\u00facares, \u00e9 saud\u00e1vel devido \u00e0 sua combina\u00e7\u00e3o de vitaminas, minerais e antioxidantes.","robots":{"index":"index","follow":"follow","max-snippet":"max-snippet:-1","max-image-preview":"max-image-preview:large","max-video-preview":"max-video-preview:-1"},"canonical":"https:\/\/www.justy.bio\/pt-pt\/shop\/sumos\/recover\/","og_locale":"pt_PT","og_type":"article","og_title":"Sumo Recover | Justy","og_description":"Este sumo de beterraba e ginja, sem adi\u00e7\u00e3o de a\u00e7\u00facares, \u00e9 saud\u00e1vel devido \u00e0 sua combina\u00e7\u00e3o de vitaminas, minerais e antioxidantes.","og_url":"https:\/\/www.justy.bio\/pt-pt\/shop\/sumos\/recover\/","og_site_name":"Justy","article_publisher":"https:\/\/www.facebook.com\/justygoodness","article_modified_time":"2025-09-10T13:15:07+00:00","og_image":[{"width":600,"height":450,"url":"https:\/\/www.justy.bio\/wp-content\/uploads\/2025\/05\/recover-3.webp","type":"image\/webp"}],"twitter_card":"summary_large_image","twitter_misc":{"pre\u00e7o":"&euro;&nbsp;5,40","Disponibilidade":"Em stock"},"schema":{"@context":"https:\/\/schema.org","@graph":[{"@type":"WebPage","@id":"https:\/\/www.justy.bio\/pt-pt\/shop\/sumos\/recover\/","url":"https:\/\/www.justy.bio\/pt-pt\/shop\/sumos\/recover\/","name":"Sumo Recover | Justy","isPartOf":{"@id":"https:\/\/www.justy.bio\/pt-pt\/#website"},"primaryImageOfPage":{"@id":"https:\/\/www.justy.bio\/pt-pt\/shop\/sumos\/recover\/#primaryimage"},"image":{"@id":"https:\/\/www.justy.bio\/pt-pt\/shop\/sumos\/recover\/#primaryimage"},"thumbnailUrl":"https:\/\/www.justy.bio\/wp-content\/uploads\/2025\/05\/recover-3.webp","datePublished":"2025-05-29T15:16:06+00:00","dateModified":"2025-09-10T13:15:07+00:00","description":"Este sumo de beterraba e ginja, sem adi\u00e7\u00e3o de a\u00e7\u00facares, \u00e9 saud\u00e1vel devido \u00e0 sua combina\u00e7\u00e3o de vitaminas, minerais e antioxidantes.","breadcrumb":{"@id":"https:\/\/www.justy.bio\/pt-pt\/shop\/sumos\/recover\/#breadcrumb"},"inLanguage":"pt-PT","potentialAction":[{"@type":"ReadAction","target":["https:\/\/www.justy.bio\/pt-pt\/shop\/sumos\/recover\/"]}]},{"@type":"ImageObject","inLanguage":"pt-PT","@id":"https:\/\/www.justy.bio\/pt-pt\/shop\/sumos\/recover\/#primaryimage","url":"https:\/\/www.justy.bio\/wp-content\/uploads\/2025\/05\/recover-3.webp","contentUrl":"https:\/\/www.justy.bio\/wp-content\/uploads\/2025\/05\/recover-3.webp","width":600,"height":450},{"@type":"BreadcrumbList","@id":"https:\/\/www.justy.bio\/pt-pt\/shop\/sumos\/recover\/#breadcrumb","itemListElement":[{"@type":"ListItem","position":1,"name":"Shop","item":"https:\/\/www.justy.bio\/pt-pt\/shop\/"},{"@type":"ListItem","position":2,"name":"SUMO RECOVER"}]},{"@type":"WebSite","@id":"https:\/\/www.justy.bio\/pt-pt\/#website","url":"https:\/\/www.justy.bio\/pt-pt\/","name":"Justy","description":"","publisher":{"@id":"https:\/\/www.justy.bio\/pt-pt\/#organization"},"potentialAction":[{"@type":"SearchAction","target":{"@type":"EntryPoint","urlTemplate":"https:\/\/www.justy.bio\/pt-pt\/?s={search_term_string}"},"query-input":{"@type":"PropertyValueSpecification","valueRequired":true,"valueName":"search_term_string"}}],"inLanguage":"pt-PT"},{"@type":"Organization","@id":"https:\/\/www.justy.bio\/pt-pt\/#organization","name":"Justy","url":"https:\/\/www.justy.bio\/pt-pt\/","logo":{"@type":"ImageObject","inLanguage":"pt-PT","@id":"https:\/\/www.justy.bio\/pt-pt\/#\/schema\/logo\/image\/","url":"https:\/\/www.justy.bio\/wp-content\/uploads\/2023\/10\/Logo.png","contentUrl":"https:\/\/www.justy.bio\/wp-content\/uploads\/2023\/10\/Logo.png","width":218,"height":218,"caption":"Justy"},"image":{"@id":"https:\/\/www.justy.bio\/pt-pt\/#\/schema\/logo\/image\/"},"sameAs":["https:\/\/www.facebook.com\/justygoodness","https:\/\/www.instagram.com\/justygoodness\/"]}]},"product_price_amount":"5.40","product_price_currency":"EUR","og_availability":"instock","product_availability":"instock","product_retailer_item_id":"3301011","product_condition":"new"},"_links":{"self":[{"href":"https:\/\/www.justy.bio\/pt-pt\/wp-json\/wp\/v2\/product\/30163","targetHints":{"allow":["GET"]}}],"collection":[{"href":"https:\/\/www.justy.bio\/pt-pt\/wp-json\/wp\/v2\/product"}],"about":[{"href":"https:\/\/www.justy.bio\/pt-pt\/wp-json\/wp\/v2\/types\/product"}],"replies":[{"embeddable":true,"href":"https:\/\/www.justy.bio\/pt-pt\/wp-json\/wp\/v2\/comments?post=30163"}],"wp:featuredmedia":[{"embeddable":true,"href":"https:\/\/www.justy.bio\/pt-pt\/wp-json\/wp\/v2\/media\/30164"}],"wp:attachment":[{"href":"https:\/\/www.justy.bio\/pt-pt\/wp-json\/wp\/v2\/media?parent=30163"}],"wp:term":[{"taxonomy":"product_brand","embeddable":true,"href":"https:\/\/www.justy.bio\/pt-pt\/wp-json\/wp\/v2\/product_brand?post=30163"},{"taxonomy":"product_cat","embeddable":true,"href":"https:\/\/www.justy.bio\/pt-pt\/wp-json\/wp\/v2\/product_cat?post=30163"},{"taxonomy":"product_tag","embeddable":true,"href":"https:\/\/www.justy.bio\/pt-pt\/wp-json\/wp\/v2\/product_tag?post=30163"}],"curies":[{"name":"wp","href":"https:\/\/api.w.org\/{rel}","templated":true}]}}