{"id":30187,"date":"2025-05-29T17:16:13","date_gmt":"2025-05-29T15:16:13","guid":{"rendered":"https:\/\/www.justy.de\/shop\/sem%20categoria\/green-smoothie-2\/"},"modified":"2025-09-15T11:19:10","modified_gmt":"2025-09-15T09:19:10","slug":"smoothie-verde","status":"publish","type":"product","link":"https:\/\/www.justy.bio\/pt-pt\/shop\/smoothies\/smoothie-verde\/","title":{"rendered":"SMOOTHIE VERDE"},"content":{"rendered":"<h2>Este batido verde irradia salud por los cuatro costados.<\/h2>\n<p>El color verde intenso y el sabor equilibrado le dan inmediatamente la sensaci\u00f3n de que est\u00e1 ayudando a su cuerpo. Gracias a la gran cantidad de verduras, frutas y hierbas que contiene, obtendr\u00e1 una s\u00f3lida dosis de vitaminas, minerales y fibra. No en vano, el batido verde es una de las bebidas m\u00e1s populares entre los entusiastas de la salud. El jengibre, las algas y la menta completan nuestro batido verde.<\/p>\n<div class=\"wp-block-spacer\" style=\"height: 24px\" aria-hidden=\"true\"><\/div>\n<h2><span class=\"web-mod-tabs__tab-title\">O QUE TORNA O BATIDO VERDE SAUD\u00c1VEL?<\/span><\/h2>\n<p>Devido \u00e0 ampla variedade de vegetais frescos, fruta e ervas, o nosso batido verde est\u00e1 repleto de nutrientes saud\u00e1veis. Os diferentes ingredientes destacam-se em v\u00e1rias vitaminas e minerais. A couve, por exemplo, \u00e9 especialmente rica em vitaminas C e K, os espinafres fornecem muito \u00e1cido f\u00f3lico, e as algas frescas s\u00e3o ricas em vitamina A. Como resultado, o batido verde cont\u00e9m uma grande quantidade de quase todos os nutrientes importantes e \u00e9 uma verdadeira bomba nutritiva. Juntos, estes nutrientes ajudam o corpo a manter-se em forma e saud\u00e1vel. Por exemplo, a vitamina C favorece o funcionamento do sistema imunit\u00e1rio, e o mangan\u00eas contribui para a prote\u00e7\u00e3o das c\u00e9lulas contra os radicais livres nocivos devido \u00e0 sua fun\u00e7\u00e3o antioxidante. O magn\u00e9sio e o c\u00e1lcio deste batido verde fresco s\u00e3o ben\u00e9ficos para os ossos e m\u00fasculos e tamb\u00e9m promovem o metabolismo energ\u00e9tico.<\/p>\n<div class=\"wp-block-spacer\" style=\"height: 24px\" aria-hidden=\"true\"><\/div>\n<h2 class=\"web-mod-bullets__title\">SABOR DO NOSSO BATIDO DE VEGETAIS<\/h2>\n<p>Este belo batido verde escuro tem um sabor complexo e equilibrado. Os sabores frescos e doces da manga, abacaxi e lima proporcionam um bom equil\u00edbrio quando combinados com o sabor um pouco amargo da couve. O batido tem um aroma agrad\u00e1vel, fresco e verde, sendo um prazer para todos os sentidos. Na Sapje, preparamos os nossos batidos como em casa. Utilizamos apenas ingredientes frescos, locais e org\u00e2nicos e um liquidificador de a\u00e7o inoxid\u00e1vel. Portanto, n\u00e3o usamos p\u00f3s processados nem outros ingredientes n\u00e3o naturais.<\/p>\n<p><strong>&#8220;Os nossos batidos s\u00e3o um excelente complemento para uma dieta variada, equilibrada e um estilo de vida saud\u00e1vel.&#8221;<\/strong><\/p>\n","protected":false},"excerpt":{"rendered":"<p>Rebosante de nutrientes saludables!<\/p>\n","protected":false},"featured_media":30188,"comment_status":"open","ping_status":"closed","template":"","meta":{"_acf_changed":true,"_gspb_post_css":""},"product_brand":[],"product_cat":[975],"product_tag":[916],"class_list":{"0":"post-30187","1":"product","2":"type-product","3":"status-publish","4":"has-post-thumbnail","6":"product_cat-smoothies","7":"product_tag-import-pt-pt","8":"has-subscription-plans","10":"first","11":"instock","12":"sale","13":"taxable","14":"shipping-taxable","15":"purchasable","16":"product-type-simple"},"bundled_by":[],"bundle_stock_status":"instock","bundle_stock_quantity":null,"bundle_virtual":false,"bundle_layout":"","bundle_add_to_cart_form_location":"","bundle_editable_in_cart":false,"bundle_sold_individually_context":"","bundle_item_grouping":"","bundle_min_size":"","bundle_max_size":"","bundle_price":[],"bundled_items":[],"bundle_sell_ids":[],"acf":[],"yoast_head":"<!-- This site is optimized with the Yoast SEO Premium plugin v25.5 (Yoast SEO v25.5) - https:\/\/yoast.com\/wordpress\/plugins\/seo\/ -->\n<title>Smoothie Verde | Justy<\/title>\n<meta name=\"description\" content=\"Este hermoso batido verde oscuro tiene un sabor complejo y equilibrado. Los sabores frescos y dulces del mango, la pi\u00f1a y la lima proporcionan un agradable ...\" \/>\n<meta name=\"robots\" content=\"index, follow, max-snippet:-1, max-image-preview:large, max-video-preview:-1\" \/>\n<link rel=\"canonical\" href=\"https:\/\/www.justy.bio\/pt-pt\/shop\/smoothies\/smoothie-verde\/\" \/>\n<meta property=\"og:locale\" content=\"pt_PT\" \/>\n<meta property=\"og:type\" content=\"article\" \/>\n<meta property=\"og:title\" content=\"Smoothie Verde | Justy\" \/>\n<meta property=\"og:description\" content=\"Este hermoso batido verde oscuro tiene un sabor complejo y equilibrado. Los sabores frescos y dulces del mango, la pi\u00f1a y la lima proporcionan un agradable ...\" \/>\n<meta property=\"og:url\" content=\"https:\/\/www.justy.bio\/pt-pt\/shop\/smoothies\/smoothie-verde\/\" \/>\n<meta property=\"og:site_name\" content=\"Justy\" \/>\n<meta property=\"article:publisher\" content=\"https:\/\/www.facebook.com\/justygoodness\" \/>\n<meta property=\"article:modified_time\" content=\"2025-09-15T09:19:10+00:00\" \/>\n<meta property=\"og:image\" content=\"https:\/\/www.justy.bio\/wp-content\/uploads\/2025\/05\/groene-3.webp\" \/>\n\t<meta property=\"og:image:width\" content=\"600\" \/>\n\t<meta property=\"og:image:height\" content=\"450\" \/>\n\t<meta property=\"og:image:type\" content=\"image\/webp\" \/>\n<meta name=\"twitter:card\" content=\"summary_large_image\" \/>\n<meta name=\"twitter:label1\" content=\"pre\u00e7o\" \/>\n\t<meta name=\"twitter:data1\" content=\"&euro;&nbsp;5,95\" \/>\n\t<meta name=\"twitter:label2\" content=\"Disponibilidade\" \/>\n\t<meta name=\"twitter:data2\" content=\"Em stock\" \/>\n<script type=\"application\/ld+json\" class=\"yoast-schema-graph\">{\"@context\":\"https:\/\/schema.org\",\"@graph\":[{\"@type\":\"WebPage\",\"@id\":\"https:\/\/www.justy.bio\/pt-pt\/shop\/smoothies\/smoothie-verde\/\",\"url\":\"https:\/\/www.justy.bio\/pt-pt\/shop\/smoothies\/smoothie-verde\/\",\"name\":\"Smoothie Verde | Justy\",\"isPartOf\":{\"@id\":\"https:\/\/www.justy.bio\/pt-pt\/#website\"},\"primaryImageOfPage\":{\"@id\":\"https:\/\/www.justy.bio\/pt-pt\/shop\/smoothies\/smoothie-verde\/#primaryimage\"},\"image\":{\"@id\":\"https:\/\/www.justy.bio\/pt-pt\/shop\/smoothies\/smoothie-verde\/#primaryimage\"},\"thumbnailUrl\":\"https:\/\/www.justy.bio\/wp-content\/uploads\/2025\/05\/groene-3.webp\",\"datePublished\":\"2025-05-29T15:16:13+00:00\",\"dateModified\":\"2025-09-15T09:19:10+00:00\",\"description\":\"Este hermoso batido verde oscuro tiene un sabor complejo y equilibrado. Los sabores frescos y dulces del mango, la pi\u00f1a y la lima proporcionan un agradable ...\",\"breadcrumb\":{\"@id\":\"https:\/\/www.justy.bio\/pt-pt\/shop\/smoothies\/smoothie-verde\/#breadcrumb\"},\"inLanguage\":\"pt-PT\",\"potentialAction\":[{\"@type\":\"ReadAction\",\"target\":[\"https:\/\/www.justy.bio\/pt-pt\/shop\/smoothies\/smoothie-verde\/\"]}]},{\"@type\":\"ImageObject\",\"inLanguage\":\"pt-PT\",\"@id\":\"https:\/\/www.justy.bio\/pt-pt\/shop\/smoothies\/smoothie-verde\/#primaryimage\",\"url\":\"https:\/\/www.justy.bio\/wp-content\/uploads\/2025\/05\/groene-3.webp\",\"contentUrl\":\"https:\/\/www.justy.bio\/wp-content\/uploads\/2025\/05\/groene-3.webp\",\"width\":600,\"height\":450},{\"@type\":\"BreadcrumbList\",\"@id\":\"https:\/\/www.justy.bio\/pt-pt\/shop\/smoothies\/smoothie-verde\/#breadcrumb\",\"itemListElement\":[{\"@type\":\"ListItem\",\"position\":1,\"name\":\"Shop\",\"item\":\"https:\/\/www.justy.bio\/pt-pt\/shop\/\"},{\"@type\":\"ListItem\",\"position\":2,\"name\":\"SMOOTHIE VERDE\"}]},{\"@type\":\"WebSite\",\"@id\":\"https:\/\/www.justy.bio\/pt-pt\/#website\",\"url\":\"https:\/\/www.justy.bio\/pt-pt\/\",\"name\":\"Justy\",\"description\":\"\",\"publisher\":{\"@id\":\"https:\/\/www.justy.bio\/pt-pt\/#organization\"},\"potentialAction\":[{\"@type\":\"SearchAction\",\"target\":{\"@type\":\"EntryPoint\",\"urlTemplate\":\"https:\/\/www.justy.bio\/pt-pt\/?s={search_term_string}\"},\"query-input\":{\"@type\":\"PropertyValueSpecification\",\"valueRequired\":true,\"valueName\":\"search_term_string\"}}],\"inLanguage\":\"pt-PT\"},{\"@type\":\"Organization\",\"@id\":\"https:\/\/www.justy.bio\/pt-pt\/#organization\",\"name\":\"Justy\",\"url\":\"https:\/\/www.justy.bio\/pt-pt\/\",\"logo\":{\"@type\":\"ImageObject\",\"inLanguage\":\"pt-PT\",\"@id\":\"https:\/\/www.justy.bio\/pt-pt\/#\/schema\/logo\/image\/\",\"url\":\"https:\/\/www.justy.bio\/wp-content\/uploads\/2023\/10\/Logo.png\",\"contentUrl\":\"https:\/\/www.justy.bio\/wp-content\/uploads\/2023\/10\/Logo.png\",\"width\":218,\"height\":218,\"caption\":\"Justy\"},\"image\":{\"@id\":\"https:\/\/www.justy.bio\/pt-pt\/#\/schema\/logo\/image\/\"},\"sameAs\":[\"https:\/\/www.facebook.com\/justygoodness\",\"https:\/\/www.instagram.com\/justygoodness\/\"]}]}<\/script>\n<meta property=\"product:price:amount\" content=\"5.95\" \/>\n<meta property=\"product:price:currency\" content=\"EUR\" \/>\n<meta property=\"og:availability\" content=\"instock\" \/>\n<meta property=\"product:availability\" content=\"instock\" \/>\n<meta property=\"product:retailer_item_id\" content=\"3308002\" \/>\n<meta property=\"product:condition\" content=\"new\" \/>\n<!-- \/ Yoast SEO Premium plugin. -->","yoast_head_json":{"title":"Smoothie Verde | Justy","description":"Este hermoso batido verde oscuro tiene un sabor complejo y equilibrado. Los sabores frescos y dulces del mango, la pi\u00f1a y la lima proporcionan un agradable ...","robots":{"index":"index","follow":"follow","max-snippet":"max-snippet:-1","max-image-preview":"max-image-preview:large","max-video-preview":"max-video-preview:-1"},"canonical":"https:\/\/www.justy.bio\/pt-pt\/shop\/smoothies\/smoothie-verde\/","og_locale":"pt_PT","og_type":"article","og_title":"Smoothie Verde | Justy","og_description":"Este hermoso batido verde oscuro tiene un sabor complejo y equilibrado. Los sabores frescos y dulces del mango, la pi\u00f1a y la lima proporcionan un agradable ...","og_url":"https:\/\/www.justy.bio\/pt-pt\/shop\/smoothies\/smoothie-verde\/","og_site_name":"Justy","article_publisher":"https:\/\/www.facebook.com\/justygoodness","article_modified_time":"2025-09-15T09:19:10+00:00","og_image":[{"width":600,"height":450,"url":"https:\/\/www.justy.bio\/wp-content\/uploads\/2025\/05\/groene-3.webp","type":"image\/webp"}],"twitter_card":"summary_large_image","twitter_misc":{"pre\u00e7o":"&euro;&nbsp;5,95","Disponibilidade":"Em stock"},"schema":{"@context":"https:\/\/schema.org","@graph":[{"@type":"WebPage","@id":"https:\/\/www.justy.bio\/pt-pt\/shop\/smoothies\/smoothie-verde\/","url":"https:\/\/www.justy.bio\/pt-pt\/shop\/smoothies\/smoothie-verde\/","name":"Smoothie Verde | Justy","isPartOf":{"@id":"https:\/\/www.justy.bio\/pt-pt\/#website"},"primaryImageOfPage":{"@id":"https:\/\/www.justy.bio\/pt-pt\/shop\/smoothies\/smoothie-verde\/#primaryimage"},"image":{"@id":"https:\/\/www.justy.bio\/pt-pt\/shop\/smoothies\/smoothie-verde\/#primaryimage"},"thumbnailUrl":"https:\/\/www.justy.bio\/wp-content\/uploads\/2025\/05\/groene-3.webp","datePublished":"2025-05-29T15:16:13+00:00","dateModified":"2025-09-15T09:19:10+00:00","description":"Este hermoso batido verde oscuro tiene un sabor complejo y equilibrado. Los sabores frescos y dulces del mango, la pi\u00f1a y la lima proporcionan un agradable ...","breadcrumb":{"@id":"https:\/\/www.justy.bio\/pt-pt\/shop\/smoothies\/smoothie-verde\/#breadcrumb"},"inLanguage":"pt-PT","potentialAction":[{"@type":"ReadAction","target":["https:\/\/www.justy.bio\/pt-pt\/shop\/smoothies\/smoothie-verde\/"]}]},{"@type":"ImageObject","inLanguage":"pt-PT","@id":"https:\/\/www.justy.bio\/pt-pt\/shop\/smoothies\/smoothie-verde\/#primaryimage","url":"https:\/\/www.justy.bio\/wp-content\/uploads\/2025\/05\/groene-3.webp","contentUrl":"https:\/\/www.justy.bio\/wp-content\/uploads\/2025\/05\/groene-3.webp","width":600,"height":450},{"@type":"BreadcrumbList","@id":"https:\/\/www.justy.bio\/pt-pt\/shop\/smoothies\/smoothie-verde\/#breadcrumb","itemListElement":[{"@type":"ListItem","position":1,"name":"Shop","item":"https:\/\/www.justy.bio\/pt-pt\/shop\/"},{"@type":"ListItem","position":2,"name":"SMOOTHIE VERDE"}]},{"@type":"WebSite","@id":"https:\/\/www.justy.bio\/pt-pt\/#website","url":"https:\/\/www.justy.bio\/pt-pt\/","name":"Justy","description":"","publisher":{"@id":"https:\/\/www.justy.bio\/pt-pt\/#organization"},"potentialAction":[{"@type":"SearchAction","target":{"@type":"EntryPoint","urlTemplate":"https:\/\/www.justy.bio\/pt-pt\/?s={search_term_string}"},"query-input":{"@type":"PropertyValueSpecification","valueRequired":true,"valueName":"search_term_string"}}],"inLanguage":"pt-PT"},{"@type":"Organization","@id":"https:\/\/www.justy.bio\/pt-pt\/#organization","name":"Justy","url":"https:\/\/www.justy.bio\/pt-pt\/","logo":{"@type":"ImageObject","inLanguage":"pt-PT","@id":"https:\/\/www.justy.bio\/pt-pt\/#\/schema\/logo\/image\/","url":"https:\/\/www.justy.bio\/wp-content\/uploads\/2023\/10\/Logo.png","contentUrl":"https:\/\/www.justy.bio\/wp-content\/uploads\/2023\/10\/Logo.png","width":218,"height":218,"caption":"Justy"},"image":{"@id":"https:\/\/www.justy.bio\/pt-pt\/#\/schema\/logo\/image\/"},"sameAs":["https:\/\/www.facebook.com\/justygoodness","https:\/\/www.instagram.com\/justygoodness\/"]}]},"product_price_amount":"5.95","product_price_currency":"EUR","og_availability":"instock","product_availability":"instock","product_retailer_item_id":"3308002","product_condition":"new"},"_links":{"self":[{"href":"https:\/\/www.justy.bio\/pt-pt\/wp-json\/wp\/v2\/product\/30187","targetHints":{"allow":["GET"]}}],"collection":[{"href":"https:\/\/www.justy.bio\/pt-pt\/wp-json\/wp\/v2\/product"}],"about":[{"href":"https:\/\/www.justy.bio\/pt-pt\/wp-json\/wp\/v2\/types\/product"}],"replies":[{"embeddable":true,"href":"https:\/\/www.justy.bio\/pt-pt\/wp-json\/wp\/v2\/comments?post=30187"}],"wp:featuredmedia":[{"embeddable":true,"href":"https:\/\/www.justy.bio\/pt-pt\/wp-json\/wp\/v2\/media\/30188"}],"wp:attachment":[{"href":"https:\/\/www.justy.bio\/pt-pt\/wp-json\/wp\/v2\/media?parent=30187"}],"wp:term":[{"taxonomy":"product_brand","embeddable":true,"href":"https:\/\/www.justy.bio\/pt-pt\/wp-json\/wp\/v2\/product_brand?post=30187"},{"taxonomy":"product_cat","embeddable":true,"href":"https:\/\/www.justy.bio\/pt-pt\/wp-json\/wp\/v2\/product_cat?post=30187"},{"taxonomy":"product_tag","embeddable":true,"href":"https:\/\/www.justy.bio\/pt-pt\/wp-json\/wp\/v2\/product_tag?post=30187"}],"curies":[{"name":"wp","href":"https:\/\/api.w.org\/{rel}","templated":true}]}}