{"id":30191,"date":"2025-05-29T17:16:12","date_gmt":"2025-05-29T15:16:12","guid":{"rendered":"https:\/\/www.justy.de\/shop\/sem%20categoria\/protein-smoothie\/"},"modified":"2025-09-15T11:13:06","modified_gmt":"2025-09-15T09:13:06","slug":"smoothie-de-proteinas","status":"publish","type":"product","link":"https:\/\/www.justy.bio\/pt-pt\/shop\/smoothies\/smoothie-de-proteinas\/","title":{"rendered":"SMOOTHIE DE PROTE\u00cdNAS"},"content":{"rendered":"<h2>Este batido cremoso \u00e9 totalmente feito \u00e0 base de plantas e cont\u00e9m 19 gramas de prote\u00edna por garrafa!<\/h2>\n<p>Ideal para fazer desporto, como um lanche ou como um pequeno-almo\u00e7o saboroso e nutritivo. As prote\u00ednas deste batido promovem a for\u00e7a muscular e ajudam na recupera\u00e7\u00e3o dos m\u00fasculos ap\u00f3s o exerc\u00edcio. A nossa bebida caseira de caju \u00e9 a base deste batido proteico. A baunilha, a t\u00e2mara e a banana proporcionam um sabor delicioso ligeiramente adocicado. Gra\u00e7as aos seus ingredientes puros e naturais, o batido proteico est\u00e1 repleto de nutrientes saud\u00e1veis, incluindo vitaminas e minerais. Um batido perfeito para um atleta entusiasta ou para quem gosta de cuidar da sua sa\u00fade.<\/p>\n<div class=\"wp-block-spacer\" style=\"height: 24px\" aria-hidden=\"true\"><\/div>\n<h2><span class=\"web-mod-tabs__tab-title\">O QUE TORNA O BATIDO PROTEICO SAUD\u00c1VEL?<\/span><\/h2>\n<p>Gra\u00e7as ao elevado teor de prote\u00ednas, este batido \u00e9 bom para os ossos e m\u00fasculos. As prote\u00ednas s\u00e3o blocos importantes de constru\u00e7\u00e3o para o seu corpo. Quando faz exerc\u00edcio regularmente, a sua necessidade de prote\u00edna \u00e9 um pouco maior. Isto porque o exerc\u00edcio causa pequenas rupturas nos seus m\u00fasculos. As prote\u00ednas deste batido promovem uma r\u00e1pida recupera\u00e7\u00e3o dos seus m\u00fasculos ap\u00f3s o exerc\u00edcio. Al\u00e9m disso, as prote\u00ednas contribuem para o crescimento e for\u00e7a muscular, sobretudo quando combinadas com um treino adequado. Como o nosso batido proteico \u00e9 feito apenas com ingredientes naturais e \u00e0 base de plantas, fornece muitos outros nutrientes saud\u00e1veis. Os minerais magn\u00e9sio, pot\u00e1ssio e c\u00e1lcio deste batido fornecem um apoio adicional aos seus m\u00fasculos. Al\u00e9m disso, as v\u00e1rias vitaminas do complexo B promovem o seu metabolismo energ\u00e9tico, pelo que contribuem para o seu n\u00edvel de energia. Finalmente, este batido proteico tamb\u00e9m cont\u00e9m uma grande quantidade de ferro. Este mineral tamb\u00e9m interv\u00e9m no metabolismo energ\u00e9tico e tem um efeito ben\u00e9fico no transporte normal de oxig\u00e9nio no corpo.<\/p>\n<div class=\"wp-block-spacer\" style=\"height: 24px\" aria-hidden=\"true\"><\/div>\n<h2 class=\"web-mod-bullets__title\">SABOR DO NOSSO BATIDO PROTEICO ORG\u00c2NICO<\/h2>\n<p>O batido proteico tem uma bela cor branca creme e \u00e9 um prazer beb\u00ea-lo entre refei\u00e7\u00f5es, ap\u00f3s o exerc\u00edcio f\u00edsico ou ao pequeno-almo\u00e7o. O abacate, o feij\u00e3o branco e as nozes d\u00e3o ao batido uma textura cremosa, enquanto que a baunilha, as t\u00e2maras e a banana proporcionam um sabor delicioso ligeiramente doce. Esta combina\u00e7\u00e3o garante um batido muito saud\u00e1vel e saboroso. A base deste batido \u00e9 a nossa bebida caseira de caju. Deixamos os cajus de molho durante um dia inteiro, que resulta numa bela bebida de caju da mais alta qualidade. Ao contr\u00e1rio de muitas outras bebidas proteicas, o nosso batido \u00e9 feito exclusivamente com ingredientes naturais, por isso n\u00e3o cont\u00e9m aditivos artificiais.<\/p>\n<p><strong>&#8220;Os nossos batidos s\u00e3o um excelente complemento como parte de uma dieta variada, equilibrada e um estilo de vida saud\u00e1vel.&#8221;<\/strong><\/p>\n","protected":false},"excerpt":{"rendered":"<p>Batido saud\u00e1vel repleto de prote\u00ednas<\/p>\n","protected":false},"featured_media":30192,"comment_status":"open","ping_status":"closed","template":"","meta":{"_acf_changed":false,"_gspb_post_css":""},"product_brand":[],"product_cat":[975],"product_tag":[916],"class_list":{"0":"post-30191","1":"product","2":"type-product","3":"status-publish","4":"has-post-thumbnail","6":"product_cat-smoothies","7":"product_tag-import-pt-pt","8":"has-subscription-plans","10":"first","11":"instock","12":"sale","13":"taxable","14":"shipping-taxable","15":"purchasable","16":"product-type-simple"},"bundled_by":[],"bundle_stock_status":"instock","bundle_stock_quantity":null,"bundle_virtual":false,"bundle_layout":"","bundle_add_to_cart_form_location":"","bundle_editable_in_cart":false,"bundle_sold_individually_context":"","bundle_item_grouping":"","bundle_min_size":"","bundle_max_size":"","bundle_price":[],"bundled_items":[],"bundle_sell_ids":[],"acf":[],"yoast_head":"<!-- This site is optimized with the Yoast SEO Premium plugin v25.5 (Yoast SEO v25.5) - https:\/\/yoast.com\/wordpress\/plugins\/seo\/ -->\n<title>Smoothie de Proteinas | Justy<\/title>\n<meta name=\"description\" content=\"Batido saud\u00e1vel repleto de prote\u00ednas\" \/>\n<meta name=\"robots\" content=\"index, follow, max-snippet:-1, max-image-preview:large, max-video-preview:-1\" \/>\n<link rel=\"canonical\" href=\"https:\/\/www.justy.bio\/pt-pt\/shop\/smoothies\/smoothie-de-proteinas\/\" \/>\n<meta property=\"og:locale\" content=\"pt_PT\" \/>\n<meta property=\"og:type\" content=\"article\" \/>\n<meta property=\"og:title\" content=\"Smoothie de Proteinas | Justy\" \/>\n<meta property=\"og:description\" content=\"Batido saud\u00e1vel repleto de prote\u00ednas\" \/>\n<meta property=\"og:url\" content=\"https:\/\/www.justy.bio\/pt-pt\/shop\/smoothies\/smoothie-de-proteinas\/\" \/>\n<meta property=\"og:site_name\" content=\"Justy\" \/>\n<meta property=\"article:publisher\" content=\"https:\/\/www.facebook.com\/justygoodness\" \/>\n<meta property=\"article:modified_time\" content=\"2025-09-15T09:13:06+00:00\" \/>\n<meta property=\"og:image\" content=\"https:\/\/www.justy.bio\/wp-content\/uploads\/2025\/05\/proteine-2.webp\" \/>\n\t<meta property=\"og:image:width\" content=\"600\" \/>\n\t<meta property=\"og:image:height\" content=\"450\" \/>\n\t<meta property=\"og:image:type\" content=\"image\/webp\" \/>\n<meta name=\"twitter:card\" content=\"summary_large_image\" \/>\n<meta name=\"twitter:label1\" content=\"pre\u00e7o\" \/>\n\t<meta name=\"twitter:data1\" content=\"&euro;&nbsp;5,95\" \/>\n\t<meta name=\"twitter:label2\" content=\"Disponibilidade\" \/>\n\t<meta name=\"twitter:data2\" content=\"Em stock\" \/>\n<script type=\"application\/ld+json\" class=\"yoast-schema-graph\">{\"@context\":\"https:\/\/schema.org\",\"@graph\":[{\"@type\":\"WebPage\",\"@id\":\"https:\/\/www.justy.bio\/pt-pt\/shop\/smoothies\/smoothie-de-proteinas\/\",\"url\":\"https:\/\/www.justy.bio\/pt-pt\/shop\/smoothies\/smoothie-de-proteinas\/\",\"name\":\"Smoothie de Proteinas | Justy\",\"isPartOf\":{\"@id\":\"https:\/\/www.justy.bio\/pt-pt\/#website\"},\"primaryImageOfPage\":{\"@id\":\"https:\/\/www.justy.bio\/pt-pt\/shop\/smoothies\/smoothie-de-proteinas\/#primaryimage\"},\"image\":{\"@id\":\"https:\/\/www.justy.bio\/pt-pt\/shop\/smoothies\/smoothie-de-proteinas\/#primaryimage\"},\"thumbnailUrl\":\"https:\/\/www.justy.bio\/wp-content\/uploads\/2025\/05\/proteine-2.webp\",\"datePublished\":\"2025-05-29T15:16:12+00:00\",\"dateModified\":\"2025-09-15T09:13:06+00:00\",\"description\":\"Batido saud\u00e1vel repleto de prote\u00ednas\",\"breadcrumb\":{\"@id\":\"https:\/\/www.justy.bio\/pt-pt\/shop\/smoothies\/smoothie-de-proteinas\/#breadcrumb\"},\"inLanguage\":\"pt-PT\",\"potentialAction\":[{\"@type\":\"ReadAction\",\"target\":[\"https:\/\/www.justy.bio\/pt-pt\/shop\/smoothies\/smoothie-de-proteinas\/\"]}]},{\"@type\":\"ImageObject\",\"inLanguage\":\"pt-PT\",\"@id\":\"https:\/\/www.justy.bio\/pt-pt\/shop\/smoothies\/smoothie-de-proteinas\/#primaryimage\",\"url\":\"https:\/\/www.justy.bio\/wp-content\/uploads\/2025\/05\/proteine-2.webp\",\"contentUrl\":\"https:\/\/www.justy.bio\/wp-content\/uploads\/2025\/05\/proteine-2.webp\",\"width\":600,\"height\":450},{\"@type\":\"BreadcrumbList\",\"@id\":\"https:\/\/www.justy.bio\/pt-pt\/shop\/smoothies\/smoothie-de-proteinas\/#breadcrumb\",\"itemListElement\":[{\"@type\":\"ListItem\",\"position\":1,\"name\":\"Shop\",\"item\":\"https:\/\/www.justy.bio\/pt-pt\/shop\/\"},{\"@type\":\"ListItem\",\"position\":2,\"name\":\"SMOOTHIE DE PROTE\u00cdNAS\"}]},{\"@type\":\"WebSite\",\"@id\":\"https:\/\/www.justy.bio\/pt-pt\/#website\",\"url\":\"https:\/\/www.justy.bio\/pt-pt\/\",\"name\":\"Justy\",\"description\":\"\",\"publisher\":{\"@id\":\"https:\/\/www.justy.bio\/pt-pt\/#organization\"},\"potentialAction\":[{\"@type\":\"SearchAction\",\"target\":{\"@type\":\"EntryPoint\",\"urlTemplate\":\"https:\/\/www.justy.bio\/pt-pt\/?s={search_term_string}\"},\"query-input\":{\"@type\":\"PropertyValueSpecification\",\"valueRequired\":true,\"valueName\":\"search_term_string\"}}],\"inLanguage\":\"pt-PT\"},{\"@type\":\"Organization\",\"@id\":\"https:\/\/www.justy.bio\/pt-pt\/#organization\",\"name\":\"Justy\",\"url\":\"https:\/\/www.justy.bio\/pt-pt\/\",\"logo\":{\"@type\":\"ImageObject\",\"inLanguage\":\"pt-PT\",\"@id\":\"https:\/\/www.justy.bio\/pt-pt\/#\/schema\/logo\/image\/\",\"url\":\"https:\/\/www.justy.bio\/wp-content\/uploads\/2023\/10\/Logo.png\",\"contentUrl\":\"https:\/\/www.justy.bio\/wp-content\/uploads\/2023\/10\/Logo.png\",\"width\":218,\"height\":218,\"caption\":\"Justy\"},\"image\":{\"@id\":\"https:\/\/www.justy.bio\/pt-pt\/#\/schema\/logo\/image\/\"},\"sameAs\":[\"https:\/\/www.facebook.com\/justygoodness\",\"https:\/\/www.instagram.com\/justygoodness\/\"]}]}<\/script>\n<meta property=\"product:price:amount\" content=\"5.95\" \/>\n<meta property=\"product:price:currency\" content=\"EUR\" \/>\n<meta property=\"og:availability\" content=\"instock\" \/>\n<meta property=\"product:availability\" content=\"instock\" \/>\n<meta property=\"product:retailer_item_id\" content=\"3308001\" \/>\n<meta property=\"product:condition\" content=\"new\" \/>\n<!-- \/ Yoast SEO Premium plugin. -->","yoast_head_json":{"title":"Smoothie de Proteinas | Justy","description":"Batido saud\u00e1vel repleto de prote\u00ednas","robots":{"index":"index","follow":"follow","max-snippet":"max-snippet:-1","max-image-preview":"max-image-preview:large","max-video-preview":"max-video-preview:-1"},"canonical":"https:\/\/www.justy.bio\/pt-pt\/shop\/smoothies\/smoothie-de-proteinas\/","og_locale":"pt_PT","og_type":"article","og_title":"Smoothie de Proteinas | Justy","og_description":"Batido saud\u00e1vel repleto de prote\u00ednas","og_url":"https:\/\/www.justy.bio\/pt-pt\/shop\/smoothies\/smoothie-de-proteinas\/","og_site_name":"Justy","article_publisher":"https:\/\/www.facebook.com\/justygoodness","article_modified_time":"2025-09-15T09:13:06+00:00","og_image":[{"width":600,"height":450,"url":"https:\/\/www.justy.bio\/wp-content\/uploads\/2025\/05\/proteine-2.webp","type":"image\/webp"}],"twitter_card":"summary_large_image","twitter_misc":{"pre\u00e7o":"&euro;&nbsp;5,95","Disponibilidade":"Em stock"},"schema":{"@context":"https:\/\/schema.org","@graph":[{"@type":"WebPage","@id":"https:\/\/www.justy.bio\/pt-pt\/shop\/smoothies\/smoothie-de-proteinas\/","url":"https:\/\/www.justy.bio\/pt-pt\/shop\/smoothies\/smoothie-de-proteinas\/","name":"Smoothie de Proteinas | Justy","isPartOf":{"@id":"https:\/\/www.justy.bio\/pt-pt\/#website"},"primaryImageOfPage":{"@id":"https:\/\/www.justy.bio\/pt-pt\/shop\/smoothies\/smoothie-de-proteinas\/#primaryimage"},"image":{"@id":"https:\/\/www.justy.bio\/pt-pt\/shop\/smoothies\/smoothie-de-proteinas\/#primaryimage"},"thumbnailUrl":"https:\/\/www.justy.bio\/wp-content\/uploads\/2025\/05\/proteine-2.webp","datePublished":"2025-05-29T15:16:12+00:00","dateModified":"2025-09-15T09:13:06+00:00","description":"Batido saud\u00e1vel repleto de prote\u00ednas","breadcrumb":{"@id":"https:\/\/www.justy.bio\/pt-pt\/shop\/smoothies\/smoothie-de-proteinas\/#breadcrumb"},"inLanguage":"pt-PT","potentialAction":[{"@type":"ReadAction","target":["https:\/\/www.justy.bio\/pt-pt\/shop\/smoothies\/smoothie-de-proteinas\/"]}]},{"@type":"ImageObject","inLanguage":"pt-PT","@id":"https:\/\/www.justy.bio\/pt-pt\/shop\/smoothies\/smoothie-de-proteinas\/#primaryimage","url":"https:\/\/www.justy.bio\/wp-content\/uploads\/2025\/05\/proteine-2.webp","contentUrl":"https:\/\/www.justy.bio\/wp-content\/uploads\/2025\/05\/proteine-2.webp","width":600,"height":450},{"@type":"BreadcrumbList","@id":"https:\/\/www.justy.bio\/pt-pt\/shop\/smoothies\/smoothie-de-proteinas\/#breadcrumb","itemListElement":[{"@type":"ListItem","position":1,"name":"Shop","item":"https:\/\/www.justy.bio\/pt-pt\/shop\/"},{"@type":"ListItem","position":2,"name":"SMOOTHIE DE PROTE\u00cdNAS"}]},{"@type":"WebSite","@id":"https:\/\/www.justy.bio\/pt-pt\/#website","url":"https:\/\/www.justy.bio\/pt-pt\/","name":"Justy","description":"","publisher":{"@id":"https:\/\/www.justy.bio\/pt-pt\/#organization"},"potentialAction":[{"@type":"SearchAction","target":{"@type":"EntryPoint","urlTemplate":"https:\/\/www.justy.bio\/pt-pt\/?s={search_term_string}"},"query-input":{"@type":"PropertyValueSpecification","valueRequired":true,"valueName":"search_term_string"}}],"inLanguage":"pt-PT"},{"@type":"Organization","@id":"https:\/\/www.justy.bio\/pt-pt\/#organization","name":"Justy","url":"https:\/\/www.justy.bio\/pt-pt\/","logo":{"@type":"ImageObject","inLanguage":"pt-PT","@id":"https:\/\/www.justy.bio\/pt-pt\/#\/schema\/logo\/image\/","url":"https:\/\/www.justy.bio\/wp-content\/uploads\/2023\/10\/Logo.png","contentUrl":"https:\/\/www.justy.bio\/wp-content\/uploads\/2023\/10\/Logo.png","width":218,"height":218,"caption":"Justy"},"image":{"@id":"https:\/\/www.justy.bio\/pt-pt\/#\/schema\/logo\/image\/"},"sameAs":["https:\/\/www.facebook.com\/justygoodness","https:\/\/www.instagram.com\/justygoodness\/"]}]},"product_price_amount":"5.95","product_price_currency":"EUR","og_availability":"instock","product_availability":"instock","product_retailer_item_id":"3308001","product_condition":"new"},"_links":{"self":[{"href":"https:\/\/www.justy.bio\/pt-pt\/wp-json\/wp\/v2\/product\/30191","targetHints":{"allow":["GET"]}}],"collection":[{"href":"https:\/\/www.justy.bio\/pt-pt\/wp-json\/wp\/v2\/product"}],"about":[{"href":"https:\/\/www.justy.bio\/pt-pt\/wp-json\/wp\/v2\/types\/product"}],"replies":[{"embeddable":true,"href":"https:\/\/www.justy.bio\/pt-pt\/wp-json\/wp\/v2\/comments?post=30191"}],"wp:featuredmedia":[{"embeddable":true,"href":"https:\/\/www.justy.bio\/pt-pt\/wp-json\/wp\/v2\/media\/30192"}],"wp:attachment":[{"href":"https:\/\/www.justy.bio\/pt-pt\/wp-json\/wp\/v2\/media?parent=30191"}],"wp:term":[{"taxonomy":"product_brand","embeddable":true,"href":"https:\/\/www.justy.bio\/pt-pt\/wp-json\/wp\/v2\/product_brand?post=30191"},{"taxonomy":"product_cat","embeddable":true,"href":"https:\/\/www.justy.bio\/pt-pt\/wp-json\/wp\/v2\/product_cat?post=30191"},{"taxonomy":"product_tag","embeddable":true,"href":"https:\/\/www.justy.bio\/pt-pt\/wp-json\/wp\/v2\/product_tag?post=30191"}],"curies":[{"name":"wp","href":"https:\/\/api.w.org\/{rel}","templated":true}]}}