{"id":30194,"date":"2025-05-29T17:16:12","date_gmt":"2025-05-29T15:16:12","guid":{"rendered":"https:\/\/www.justy.de\/shop\/uncategorized\/breakfast-smoothie-2\/"},"modified":"2025-09-15T11:06:07","modified_gmt":"2025-09-15T09:06:07","slug":"smoothie-de-pequeno-almoco","status":"publish","type":"product","link":"https:\/\/www.justy.bio\/pt-pt\/shop\/smoothies\/smoothie-de-pequeno-almoco\/","title":{"rendered":"SMOOTHIE DE PEQUENO-ALMO\u00c7O"},"content":{"rendered":"<h2>Gosta de leite com chocolate? Ent\u00e3o este batido saud\u00e1vel \u00e9 ideal para o seu pequeno-almo\u00e7o e para come\u00e7ar bem o dia.<\/h2>\n<p>Como base para o batido utilizamos a nossa bebida de am\u00eandoa caseira, repleta de ingredientes nutritivos como nozes, banana, t\u00e2maras e manteiga de am\u00eandoa. Al\u00e9m disso, o nosso batido de pequeno-almo\u00e7o inclui o superalimento cogumelo reishi. O batido tem um delicioso sabor a chocolate e uma textura cremosa. Gra\u00e7as aos ingredientes de alta qualidade, este batido para o pequeno-almo\u00e7o fornece todos os nutrientes essenciais. Perfeito para saborear em casa ou para levar consigo quando est\u00e1 com pressa de manh\u00e3.<\/p>\n<div class=\"wp-block-spacer\" style=\"height: 24px\" aria-hidden=\"true\"><\/div>\n<h2><span class=\"web-mod-tabs__tab-title\">O QUE TORNA O BATIDO PARA O PEQUENO-ALMO\u00c7O SAUD\u00c1VEL?<\/span><\/h2>\n<p>Os ingredientes org\u00e2nicos de alta qualidade do nosso batido para o pequeno-almo\u00e7o fornecem os nutrientes essenciais para come\u00e7ar o dia com energia. Gra\u00e7as \u00e0s nozes do Brasil, ingrediente chave, este batido de chocolate \u00e9 particularmente rico em sel\u00e9nio. Este mineral desempenha um papel antioxidante crucial no corpo, ao proteger as c\u00e9lulas e tecidos contra danos. O sel\u00e9nio tamb\u00e9m interv\u00e9m no funcionamento do sistema imunit\u00e1rio. A banana presente neste batido d\u00e1-lhe uma textura cremosa e contribui com uma quantidade significativa de pot\u00e1ssio, que regula a press\u00e3o sangu\u00ednea e favorece o funcionamento dos musculos e nervos. A mistura de ingredientes tamb\u00e9m fornece uma dose substancial de vitamina B, essencial para um pequeno-almo\u00e7o completo. A vitamina B promove o metabolismo energ\u00e9tico, mant\u00e9m os n\u00edveis de energia e promove a mem\u00f3ria, concentra\u00e7\u00e3o e o humor. Deste modo, come\u00e7a o dia com energia e vitalidade.<\/p>\n<div class=\"wp-block-spacer\" style=\"height: 24px\" aria-hidden=\"true\"><\/div>\n<h2 class=\"web-mod-bullets__title\">SABOR DO NOSSO BATIDO PARA O PEQUENO-ALMO\u00c7O<\/h2>\n<p>O nosso batido de chocolate para o pequeno-almo\u00e7o \u00e9 um prazer para todos os sentidos. O cacau em p\u00f3 e a alfarroba conferem um sabor a chocolate profundo e uma cor quente. A bebida de am\u00eandoa caseira e a manteiga de am\u00eandoa d\u00e3o ao batido uma textura cremosa. A nossa bebida de am\u00eandoa \u00e9 feita com am\u00eandoas de alta qualidade, embebidas durante um dia inteiro para infundir a bebida com o m\u00e1ximo sabor e nutrientes. Tal como todos os nossos produtos, neste batido usamos apenas ingredientes naturais, vegetais e org\u00e2nicos. O seu delicioso sabor e nutrientes saud\u00e1veis tornam-no na escolha perfeita para todos os amantes de chocolate.<\/p>\n<p><strong> &#8220;Os nossos batidos s\u00e3o um excelente complemento para uma dieta variada, equilibrada e um estilo de vida saud\u00e1vel.&#8221;<\/strong><\/p>\n","protected":false},"excerpt":{"rendered":"<p>Comece o dia com o nosso saud\u00e1vel batido de chocolate<\/p>\n","protected":false},"featured_media":30195,"comment_status":"open","ping_status":"closed","template":"","meta":{"_acf_changed":true,"_gspb_post_css":""},"product_brand":[],"product_cat":[975],"product_tag":[916],"class_list":{"0":"post-30194","1":"product","2":"type-product","3":"status-publish","4":"has-post-thumbnail","6":"product_cat-smoothies","7":"product_tag-import-pt-pt","8":"has-subscription-plans","10":"first","11":"instock","12":"sale","13":"taxable","14":"shipping-taxable","15":"purchasable","16":"product-type-simple"},"bundled_by":[],"bundle_stock_status":"instock","bundle_stock_quantity":null,"bundle_virtual":false,"bundle_layout":"","bundle_add_to_cart_form_location":"","bundle_editable_in_cart":false,"bundle_sold_individually_context":"","bundle_item_grouping":"","bundle_min_size":"","bundle_max_size":"","bundle_price":[],"bundled_items":[],"bundle_sell_ids":[],"acf":[],"yoast_head":"<!-- This site is optimized with the Yoast SEO Premium plugin v25.5 (Yoast SEO v25.5) - https:\/\/yoast.com\/wordpress\/plugins\/seo\/ -->\n<title>Smoothie de pequeno-almo\u00e7o | Justy<\/title>\n<meta name=\"description\" content=\"Como base para o batido utilizamos a nossa bebida de am\u00eandoa caseira, repleta de ingredientes nutritivos como nozes, banana, t\u00e2maras e manteiga de am\u00eandoa.\" \/>\n<meta name=\"robots\" content=\"index, follow, max-snippet:-1, max-image-preview:large, max-video-preview:-1\" \/>\n<link rel=\"canonical\" href=\"https:\/\/www.justy.bio\/pt-pt\/shop\/smoothies\/smoothie-de-pequeno-almoco\/\" \/>\n<meta property=\"og:locale\" content=\"pt_PT\" \/>\n<meta property=\"og:type\" content=\"article\" \/>\n<meta property=\"og:title\" content=\"Smoothie de pequeno-almo\u00e7o | Justy\" \/>\n<meta property=\"og:description\" content=\"Como base para o batido utilizamos a nossa bebida de am\u00eandoa caseira, repleta de ingredientes nutritivos como nozes, banana, t\u00e2maras e manteiga de am\u00eandoa.\" \/>\n<meta property=\"og:url\" content=\"https:\/\/www.justy.bio\/pt-pt\/shop\/smoothies\/smoothie-de-pequeno-almoco\/\" \/>\n<meta property=\"og:site_name\" content=\"Justy\" \/>\n<meta property=\"article:publisher\" content=\"https:\/\/www.facebook.com\/justygoodness\" \/>\n<meta property=\"article:modified_time\" content=\"2025-09-15T09:06:07+00:00\" \/>\n<meta property=\"og:image\" content=\"https:\/\/www.justy.bio\/wp-content\/uploads\/2025\/05\/desayuno-1.webp\" \/>\n\t<meta property=\"og:image:width\" content=\"600\" \/>\n\t<meta property=\"og:image:height\" content=\"450\" \/>\n\t<meta property=\"og:image:type\" content=\"image\/webp\" \/>\n<meta name=\"twitter:card\" content=\"summary_large_image\" \/>\n<meta name=\"twitter:label1\" content=\"pre\u00e7o\" \/>\n\t<meta name=\"twitter:data1\" content=\"&euro;&nbsp;5,95\" \/>\n\t<meta name=\"twitter:label2\" content=\"Disponibilidade\" \/>\n\t<meta name=\"twitter:data2\" content=\"Em stock\" \/>\n<script type=\"application\/ld+json\" class=\"yoast-schema-graph\">{\"@context\":\"https:\/\/schema.org\",\"@graph\":[{\"@type\":\"WebPage\",\"@id\":\"https:\/\/www.justy.bio\/pt-pt\/shop\/smoothies\/smoothie-de-pequeno-almoco\/\",\"url\":\"https:\/\/www.justy.bio\/pt-pt\/shop\/smoothies\/smoothie-de-pequeno-almoco\/\",\"name\":\"Smoothie de pequeno-almo\u00e7o | Justy\",\"isPartOf\":{\"@id\":\"https:\/\/www.justy.bio\/pt-pt\/#website\"},\"primaryImageOfPage\":{\"@id\":\"https:\/\/www.justy.bio\/pt-pt\/shop\/smoothies\/smoothie-de-pequeno-almoco\/#primaryimage\"},\"image\":{\"@id\":\"https:\/\/www.justy.bio\/pt-pt\/shop\/smoothies\/smoothie-de-pequeno-almoco\/#primaryimage\"},\"thumbnailUrl\":\"https:\/\/www.justy.bio\/wp-content\/uploads\/2025\/05\/desayuno-1.webp\",\"datePublished\":\"2025-05-29T15:16:12+00:00\",\"dateModified\":\"2025-09-15T09:06:07+00:00\",\"description\":\"Como base para o batido utilizamos a nossa bebida de am\u00eandoa caseira, repleta de ingredientes nutritivos como nozes, banana, t\u00e2maras e manteiga de am\u00eandoa.\",\"breadcrumb\":{\"@id\":\"https:\/\/www.justy.bio\/pt-pt\/shop\/smoothies\/smoothie-de-pequeno-almoco\/#breadcrumb\"},\"inLanguage\":\"pt-PT\",\"potentialAction\":[{\"@type\":\"ReadAction\",\"target\":[\"https:\/\/www.justy.bio\/pt-pt\/shop\/smoothies\/smoothie-de-pequeno-almoco\/\"]}]},{\"@type\":\"ImageObject\",\"inLanguage\":\"pt-PT\",\"@id\":\"https:\/\/www.justy.bio\/pt-pt\/shop\/smoothies\/smoothie-de-pequeno-almoco\/#primaryimage\",\"url\":\"https:\/\/www.justy.bio\/wp-content\/uploads\/2025\/05\/desayuno-1.webp\",\"contentUrl\":\"https:\/\/www.justy.bio\/wp-content\/uploads\/2025\/05\/desayuno-1.webp\",\"width\":600,\"height\":450},{\"@type\":\"BreadcrumbList\",\"@id\":\"https:\/\/www.justy.bio\/pt-pt\/shop\/smoothies\/smoothie-de-pequeno-almoco\/#breadcrumb\",\"itemListElement\":[{\"@type\":\"ListItem\",\"position\":1,\"name\":\"Shop\",\"item\":\"https:\/\/www.justy.bio\/pt-pt\/shop\/\"},{\"@type\":\"ListItem\",\"position\":2,\"name\":\"SMOOTHIE DE PEQUENO-ALMO\u00c7O\"}]},{\"@type\":\"WebSite\",\"@id\":\"https:\/\/www.justy.bio\/pt-pt\/#website\",\"url\":\"https:\/\/www.justy.bio\/pt-pt\/\",\"name\":\"Justy\",\"description\":\"\",\"publisher\":{\"@id\":\"https:\/\/www.justy.bio\/pt-pt\/#organization\"},\"potentialAction\":[{\"@type\":\"SearchAction\",\"target\":{\"@type\":\"EntryPoint\",\"urlTemplate\":\"https:\/\/www.justy.bio\/pt-pt\/?s={search_term_string}\"},\"query-input\":{\"@type\":\"PropertyValueSpecification\",\"valueRequired\":true,\"valueName\":\"search_term_string\"}}],\"inLanguage\":\"pt-PT\"},{\"@type\":\"Organization\",\"@id\":\"https:\/\/www.justy.bio\/pt-pt\/#organization\",\"name\":\"Justy\",\"url\":\"https:\/\/www.justy.bio\/pt-pt\/\",\"logo\":{\"@type\":\"ImageObject\",\"inLanguage\":\"pt-PT\",\"@id\":\"https:\/\/www.justy.bio\/pt-pt\/#\/schema\/logo\/image\/\",\"url\":\"https:\/\/www.justy.bio\/wp-content\/uploads\/2023\/10\/Logo.png\",\"contentUrl\":\"https:\/\/www.justy.bio\/wp-content\/uploads\/2023\/10\/Logo.png\",\"width\":218,\"height\":218,\"caption\":\"Justy\"},\"image\":{\"@id\":\"https:\/\/www.justy.bio\/pt-pt\/#\/schema\/logo\/image\/\"},\"sameAs\":[\"https:\/\/www.facebook.com\/justygoodness\",\"https:\/\/www.instagram.com\/justygoodness\/\"]}]}<\/script>\n<meta property=\"product:price:amount\" content=\"5.95\" \/>\n<meta property=\"product:price:currency\" content=\"EUR\" \/>\n<meta property=\"og:availability\" content=\"instock\" \/>\n<meta property=\"product:availability\" content=\"instock\" \/>\n<meta property=\"product:retailer_item_id\" content=\"3308003\" \/>\n<meta property=\"product:condition\" content=\"new\" \/>\n<!-- \/ Yoast SEO Premium plugin. -->","yoast_head_json":{"title":"Smoothie de pequeno-almo\u00e7o | Justy","description":"Como base para o batido utilizamos a nossa bebida de am\u00eandoa caseira, repleta de ingredientes nutritivos como nozes, banana, t\u00e2maras e manteiga de am\u00eandoa.","robots":{"index":"index","follow":"follow","max-snippet":"max-snippet:-1","max-image-preview":"max-image-preview:large","max-video-preview":"max-video-preview:-1"},"canonical":"https:\/\/www.justy.bio\/pt-pt\/shop\/smoothies\/smoothie-de-pequeno-almoco\/","og_locale":"pt_PT","og_type":"article","og_title":"Smoothie de pequeno-almo\u00e7o | Justy","og_description":"Como base para o batido utilizamos a nossa bebida de am\u00eandoa caseira, repleta de ingredientes nutritivos como nozes, banana, t\u00e2maras e manteiga de am\u00eandoa.","og_url":"https:\/\/www.justy.bio\/pt-pt\/shop\/smoothies\/smoothie-de-pequeno-almoco\/","og_site_name":"Justy","article_publisher":"https:\/\/www.facebook.com\/justygoodness","article_modified_time":"2025-09-15T09:06:07+00:00","og_image":[{"width":600,"height":450,"url":"https:\/\/www.justy.bio\/wp-content\/uploads\/2025\/05\/desayuno-1.webp","type":"image\/webp"}],"twitter_card":"summary_large_image","twitter_misc":{"pre\u00e7o":"&euro;&nbsp;5,95","Disponibilidade":"Em stock"},"schema":{"@context":"https:\/\/schema.org","@graph":[{"@type":"WebPage","@id":"https:\/\/www.justy.bio\/pt-pt\/shop\/smoothies\/smoothie-de-pequeno-almoco\/","url":"https:\/\/www.justy.bio\/pt-pt\/shop\/smoothies\/smoothie-de-pequeno-almoco\/","name":"Smoothie de pequeno-almo\u00e7o | Justy","isPartOf":{"@id":"https:\/\/www.justy.bio\/pt-pt\/#website"},"primaryImageOfPage":{"@id":"https:\/\/www.justy.bio\/pt-pt\/shop\/smoothies\/smoothie-de-pequeno-almoco\/#primaryimage"},"image":{"@id":"https:\/\/www.justy.bio\/pt-pt\/shop\/smoothies\/smoothie-de-pequeno-almoco\/#primaryimage"},"thumbnailUrl":"https:\/\/www.justy.bio\/wp-content\/uploads\/2025\/05\/desayuno-1.webp","datePublished":"2025-05-29T15:16:12+00:00","dateModified":"2025-09-15T09:06:07+00:00","description":"Como base para o batido utilizamos a nossa bebida de am\u00eandoa caseira, repleta de ingredientes nutritivos como nozes, banana, t\u00e2maras e manteiga de am\u00eandoa.","breadcrumb":{"@id":"https:\/\/www.justy.bio\/pt-pt\/shop\/smoothies\/smoothie-de-pequeno-almoco\/#breadcrumb"},"inLanguage":"pt-PT","potentialAction":[{"@type":"ReadAction","target":["https:\/\/www.justy.bio\/pt-pt\/shop\/smoothies\/smoothie-de-pequeno-almoco\/"]}]},{"@type":"ImageObject","inLanguage":"pt-PT","@id":"https:\/\/www.justy.bio\/pt-pt\/shop\/smoothies\/smoothie-de-pequeno-almoco\/#primaryimage","url":"https:\/\/www.justy.bio\/wp-content\/uploads\/2025\/05\/desayuno-1.webp","contentUrl":"https:\/\/www.justy.bio\/wp-content\/uploads\/2025\/05\/desayuno-1.webp","width":600,"height":450},{"@type":"BreadcrumbList","@id":"https:\/\/www.justy.bio\/pt-pt\/shop\/smoothies\/smoothie-de-pequeno-almoco\/#breadcrumb","itemListElement":[{"@type":"ListItem","position":1,"name":"Shop","item":"https:\/\/www.justy.bio\/pt-pt\/shop\/"},{"@type":"ListItem","position":2,"name":"SMOOTHIE DE PEQUENO-ALMO\u00c7O"}]},{"@type":"WebSite","@id":"https:\/\/www.justy.bio\/pt-pt\/#website","url":"https:\/\/www.justy.bio\/pt-pt\/","name":"Justy","description":"","publisher":{"@id":"https:\/\/www.justy.bio\/pt-pt\/#organization"},"potentialAction":[{"@type":"SearchAction","target":{"@type":"EntryPoint","urlTemplate":"https:\/\/www.justy.bio\/pt-pt\/?s={search_term_string}"},"query-input":{"@type":"PropertyValueSpecification","valueRequired":true,"valueName":"search_term_string"}}],"inLanguage":"pt-PT"},{"@type":"Organization","@id":"https:\/\/www.justy.bio\/pt-pt\/#organization","name":"Justy","url":"https:\/\/www.justy.bio\/pt-pt\/","logo":{"@type":"ImageObject","inLanguage":"pt-PT","@id":"https:\/\/www.justy.bio\/pt-pt\/#\/schema\/logo\/image\/","url":"https:\/\/www.justy.bio\/wp-content\/uploads\/2023\/10\/Logo.png","contentUrl":"https:\/\/www.justy.bio\/wp-content\/uploads\/2023\/10\/Logo.png","width":218,"height":218,"caption":"Justy"},"image":{"@id":"https:\/\/www.justy.bio\/pt-pt\/#\/schema\/logo\/image\/"},"sameAs":["https:\/\/www.facebook.com\/justygoodness","https:\/\/www.instagram.com\/justygoodness\/"]}]},"product_price_amount":"5.95","product_price_currency":"EUR","og_availability":"instock","product_availability":"instock","product_retailer_item_id":"3308003","product_condition":"new"},"_links":{"self":[{"href":"https:\/\/www.justy.bio\/pt-pt\/wp-json\/wp\/v2\/product\/30194","targetHints":{"allow":["GET"]}}],"collection":[{"href":"https:\/\/www.justy.bio\/pt-pt\/wp-json\/wp\/v2\/product"}],"about":[{"href":"https:\/\/www.justy.bio\/pt-pt\/wp-json\/wp\/v2\/types\/product"}],"replies":[{"embeddable":true,"href":"https:\/\/www.justy.bio\/pt-pt\/wp-json\/wp\/v2\/comments?post=30194"}],"wp:featuredmedia":[{"embeddable":true,"href":"https:\/\/www.justy.bio\/pt-pt\/wp-json\/wp\/v2\/media\/30195"}],"wp:attachment":[{"href":"https:\/\/www.justy.bio\/pt-pt\/wp-json\/wp\/v2\/media?parent=30194"}],"wp:term":[{"taxonomy":"product_brand","embeddable":true,"href":"https:\/\/www.justy.bio\/pt-pt\/wp-json\/wp\/v2\/product_brand?post=30194"},{"taxonomy":"product_cat","embeddable":true,"href":"https:\/\/www.justy.bio\/pt-pt\/wp-json\/wp\/v2\/product_cat?post=30194"},{"taxonomy":"product_tag","embeddable":true,"href":"https:\/\/www.justy.bio\/pt-pt\/wp-json\/wp\/v2\/product_tag?post=30194"}],"curies":[{"name":"wp","href":"https:\/\/api.w.org\/{rel}","templated":true}]}}