{"id":30204,"date":"2025-05-29T17:25:36","date_gmt":"2025-05-29T15:25:36","guid":{"rendered":"https:\/\/www.justy.de\/shop\/sem%20categoria\/pumpkin-soup\/"},"modified":"2026-01-16T09:58:07","modified_gmt":"2026-01-16T08:58:07","slug":"sopa-de-abobora","status":"publish","type":"product","link":"https:\/\/www.justy.bio\/pt-pt\/shop\/sopa\/sopa-de-abobora\/","title":{"rendered":"SOPA DE AB\u00d3BORA"},"content":{"rendered":"\n<h3 class=\"wp-block-heading\" id=\"h-esta-sopa-organica-de-abobora-com-batata-doce-cenoura-e-gengibre-e-saudavel-e-deliciosa\">Esta sopa org\u00e2nica de ab\u00f3bora com batata-doce, cenoura e gengibre \u00e9 saud\u00e1vel e deliciosa.<\/h3>\n\n\n\n<p>A textura cremosa e o sabor ligeiramente picante tornam-na um alimento reconfortante. A generosa quantidade de vitaminas A e C refor\u00e7am a sa\u00fade da sua pele desde o interior e fortalecem a sua resist\u00eancia*. A nossa sopa org\u00e2nica de ab\u00f3bora \u00e9 um verdadeiro festim para a sua sa\u00fade e o seu paladar. A receita \u00e9 composta apenas por ingredientes puros, locais, veganos e sazonais, todos conhecidos pelas suas propriedades saud\u00e1veis. A base da sopa \u00e9 o nosso caldo de legumes caseiro, feito com os ingredientes mais puros durante 24 horas. A nossa sopa cremosa org\u00e2nica de ab\u00f3bora com batata-doce e curcuma, entre outros ingredientes, \u00e9 reconfortante e ligeiramente picante. Perfeita para quando precisa de um refor\u00e7o de sa\u00fade!<\/p>\n\n\n\n<div style=\"height:25px\" aria-hidden=\"true\" class=\"wp-block-spacer\"><\/div>\n\n\n\n<h2 class=\"wp-block-heading\" id=\"h-o-que-torna-a-nossa-sopa-organica-de-abobora-saudavel\">O QUE TORNA A NOSSA SOPA ORG\u00c2NICA DE AB\u00d3BORA SAUD\u00c1VEL?<\/h2>\n\n\n\n<h2 class=\"wp-block-heading\" id=\"na-justy-quisemos-criar-uma-saborosa-sopa-organica-de-abobora-que-seja-saudavel-e-que-o-satisfaca\">Na Justy, quisemos criar uma saborosa sopa org\u00e2nica de ab\u00f3bora que seja saud\u00e1vel e que o satisfa\u00e7a.<\/h2>\n\n\n\n<p>&nbsp;A receita foi cuidadosamente elaborada para garantir que s\u00f3 recebe o melhor com esta sopa. N\u00e3o utiliz\u00e1mos p\u00f3s, aditivos alimentares ou outros aditivos artificiais. N\u00e3o \u00e9 necess\u00e1rio, pois o sabor \u00e9 naturalmente fant\u00e1stico. Como congelamos a sopa, os conservantes n\u00e3o s\u00e3o necess\u00e1rios. Os ingredientes desta sopa org\u00e2nica de ab\u00f3bora s\u00e3o ricos em vitaminas, minerais e antioxidantes. A vitamina A est\u00e1 particularmente bem representada, na forma de beta-caroteno, proveniente da ab\u00f3bora, cenoura e batata-doce. A vitamina A \u00e9 importante para a manuten\u00e7\u00e3o de uma pele saud\u00e1vel, boa resist\u00eancia e boa vis\u00e3o. A vitamina C nesta sopa org\u00e2nica de ab\u00f3bora tamb\u00e9m tem um efeito positivo no sistema imunit\u00e1rio. Al\u00e9m disso, ajuda na produ\u00e7\u00e3o de colag\u00e9nio, que \u00e9 importante, entre outras coisas, para a pele. A vitamina C \u00e9 tamb\u00e9m um antioxidante, tal como o mangan\u00eas e a vitamina E, dos quais tamb\u00e9m se obt\u00e9m uma boa quantidade com esta sopa. Estes ajudam a eliminar os radicais livres do corpo. Desta forma, ajudam a proteger o corpo contra, entre outras coisas, danos oxidativos causados pela radia\u00e7\u00e3o UV. A curcuma e a malagueta desta sopa org\u00e2nica de ab\u00f3bora n\u00e3o s\u00f3 a tornam mais picante, como tamb\u00e9m mais saud\u00e1vel. Fornecem uma boa quantidade de pot\u00e1ssio.<\/p>\n\n\n\n<div style=\"height:25px\" aria-hidden=\"true\" class=\"wp-block-spacer\"><\/div>\n\n\n\n<h2 class=\"wp-block-heading\" id=\"h-o-sabor-da-nossa-sopa-organica-de-abobora\">O SABOR DA NOSSA SOPA ORG\u00c2NICA DE AB\u00d3BORA<\/h2>\n\n\n\n<p>A nossa sopa org\u00e2nica de ab\u00f3bora com batata-doce tem uma bela cor laranja que o vai fazer sorrir imediatamente. Assim que abrir a garrafa e a verter, ir\u00e1 notar primeiro no cheiro arom\u00e1tico e ligeiramente picante da combina\u00e7\u00e3o da curcuma, malagueta, alho e salva. A ab\u00f3bora, a batata-doce, a cenoura e a cebola roxa combinam-se para criar um sabor doce e terroso e uma textura particularmente cremosa. Estes tornam a degusta\u00e7\u00e3o da nossa sopa org\u00e2nica de ab\u00f3bora um prazer e d\u00e3o-lhe uma sensa\u00e7\u00e3o de saciedade. Como us\u00e1mos o nosso caldo de legumes caseiro como base, a sopa de ab\u00f3bora tem tamb\u00e9m um delicioso e rico sabor umami. Outros ingredientes, como a curcuma, salva, pimento, azeite virgem extra, vinagre de vinho tinto e sal marinho, fazem com que esta sopa reconfortante seja um pouco mais excitante e picante. Especialmente a curcuma e a malagueta que provocam uma agrad\u00e1vel sensa\u00e7\u00e3o de calor. A nossa rica sopa org\u00e2nica de ab\u00f3bora \u00e9 adequada para todos os momentos do dia. Experimente ao almo\u00e7o ou ao jantar, ou ainda ao final da tarde, quando se sentir sem energia. Esta sopa org\u00e2nica de ab\u00f3bora d\u00e1-lhe imediatamente a energia que necessita para voltar \u00e0 rotina! <\/p>\n\n\n\n<p><strong>&#8220;As nossas sopas s\u00e3o um excelente complemento como parte de uma dieta variada e equilibrada e de um estilo de vida saud\u00e1vel.&#8221;<\/strong><\/p>\n\n\n\n<p><\/p>\n","protected":false},"excerpt":{"rendered":"<p><strong>Cuide da sua pele de dentro para fora.<\/strong><\/p>\n","protected":false},"featured_media":30205,"comment_status":"closed","ping_status":"closed","template":"","meta":{"_acf_changed":true,"_gspb_post_css":""},"product_brand":[],"product_cat":[1004],"product_tag":[916],"class_list":{"0":"post-30204","1":"product","2":"type-product","3":"status-publish","4":"has-post-thumbnail","6":"product_cat-sopa","7":"product_tag-import-pt-pt","8":"has-subscription-plans","10":"first","11":"instock","12":"sale","13":"taxable","14":"shipping-taxable","15":"purchasable","16":"product-type-simple"},"bundled_by":[],"bundle_stock_status":"instock","bundle_stock_quantity":null,"bundle_virtual":false,"bundle_layout":"","bundle_add_to_cart_form_location":"","bundle_editable_in_cart":false,"bundle_sold_individually_context":"","bundle_item_grouping":"","bundle_min_size":"","bundle_max_size":"","bundle_price":[],"bundled_items":[],"bundle_sell_ids":[],"acf":[],"yoast_head":"<!-- This site is optimized with the Yoast SEO Premium plugin v25.5 (Yoast SEO v25.5) - https:\/\/yoast.com\/wordpress\/plugins\/seo\/ -->\n<title>Sopa de Ab\u00f3bora |Justy<\/title>\n<meta name=\"description\" content=\"Esta sopa org\u00e2nica de ab\u00f3bora com batata-doce, cenoura e gengibre \u00e9 saud\u00e1vel e deliciosa. A textura cremosa e o sabor ligeiramente picante.\" \/>\n<meta name=\"robots\" content=\"index, follow, max-snippet:-1, max-image-preview:large, max-video-preview:-1\" \/>\n<link rel=\"canonical\" href=\"https:\/\/www.justy.bio\/pt-pt\/shop\/sopa\/sopa-de-abobora\/\" \/>\n<meta property=\"og:locale\" content=\"pt_PT\" \/>\n<meta property=\"og:type\" content=\"article\" \/>\n<meta property=\"og:title\" content=\"Sopa de Ab\u00f3bora |Justy\" \/>\n<meta property=\"og:description\" content=\"Esta sopa org\u00e2nica de ab\u00f3bora com batata-doce, cenoura e gengibre \u00e9 saud\u00e1vel e deliciosa. A textura cremosa e o sabor ligeiramente picante.\" \/>\n<meta property=\"og:url\" content=\"https:\/\/www.justy.bio\/pt-pt\/shop\/sopa\/sopa-de-abobora\/\" \/>\n<meta property=\"og:site_name\" content=\"Justy\" \/>\n<meta property=\"article:publisher\" content=\"https:\/\/www.facebook.com\/justygoodness\" \/>\n<meta property=\"article:modified_time\" content=\"2026-01-16T08:58:07+00:00\" \/>\n<meta property=\"og:image\" content=\"https:\/\/www.justy.bio\/wp-content\/uploads\/2025\/05\/calabaza.webp\" \/>\n\t<meta property=\"og:image:width\" content=\"600\" \/>\n\t<meta property=\"og:image:height\" content=\"450\" \/>\n\t<meta property=\"og:image:type\" content=\"image\/webp\" \/>\n<meta name=\"twitter:card\" content=\"summary_large_image\" \/>\n<meta name=\"twitter:label1\" content=\"pre\u00e7o\" \/>\n\t<meta name=\"twitter:data1\" content=\"&euro;&nbsp;5,95\" \/>\n\t<meta name=\"twitter:label2\" content=\"Disponibilidade\" \/>\n\t<meta name=\"twitter:data2\" content=\"Em stock\" \/>\n<script type=\"application\/ld+json\" class=\"yoast-schema-graph\">{\"@context\":\"https:\/\/schema.org\",\"@graph\":[{\"@type\":\"WebPage\",\"@id\":\"https:\/\/www.justy.bio\/pt-pt\/shop\/sopa\/sopa-de-abobora\/\",\"url\":\"https:\/\/www.justy.bio\/pt-pt\/shop\/sopa\/sopa-de-abobora\/\",\"name\":\"Sopa de Ab\u00f3bora |Justy\",\"isPartOf\":{\"@id\":\"https:\/\/www.justy.bio\/pt-pt\/#website\"},\"primaryImageOfPage\":{\"@id\":\"https:\/\/www.justy.bio\/pt-pt\/shop\/sopa\/sopa-de-abobora\/#primaryimage\"},\"image\":{\"@id\":\"https:\/\/www.justy.bio\/pt-pt\/shop\/sopa\/sopa-de-abobora\/#primaryimage\"},\"thumbnailUrl\":\"https:\/\/www.justy.bio\/wp-content\/uploads\/2025\/05\/calabaza.webp\",\"datePublished\":\"2025-05-29T15:25:36+00:00\",\"dateModified\":\"2026-01-16T08:58:07+00:00\",\"description\":\"Esta sopa org\u00e2nica de ab\u00f3bora com batata-doce, cenoura e gengibre \u00e9 saud\u00e1vel e deliciosa. A textura cremosa e o sabor ligeiramente picante.\",\"breadcrumb\":{\"@id\":\"https:\/\/www.justy.bio\/pt-pt\/shop\/sopa\/sopa-de-abobora\/#breadcrumb\"},\"inLanguage\":\"pt-PT\",\"potentialAction\":[{\"@type\":\"ReadAction\",\"target\":[\"https:\/\/www.justy.bio\/pt-pt\/shop\/sopa\/sopa-de-abobora\/\"]}]},{\"@type\":\"ImageObject\",\"inLanguage\":\"pt-PT\",\"@id\":\"https:\/\/www.justy.bio\/pt-pt\/shop\/sopa\/sopa-de-abobora\/#primaryimage\",\"url\":\"https:\/\/www.justy.bio\/wp-content\/uploads\/2025\/05\/calabaza.webp\",\"contentUrl\":\"https:\/\/www.justy.bio\/wp-content\/uploads\/2025\/05\/calabaza.webp\",\"width\":600,\"height\":450},{\"@type\":\"BreadcrumbList\",\"@id\":\"https:\/\/www.justy.bio\/pt-pt\/shop\/sopa\/sopa-de-abobora\/#breadcrumb\",\"itemListElement\":[{\"@type\":\"ListItem\",\"position\":1,\"name\":\"Shop\",\"item\":\"https:\/\/www.justy.bio\/pt-pt\/shop\/\"},{\"@type\":\"ListItem\",\"position\":2,\"name\":\"SOPA DE AB\u00d3BORA\"}]},{\"@type\":\"WebSite\",\"@id\":\"https:\/\/www.justy.bio\/pt-pt\/#website\",\"url\":\"https:\/\/www.justy.bio\/pt-pt\/\",\"name\":\"Justy\",\"description\":\"\",\"publisher\":{\"@id\":\"https:\/\/www.justy.bio\/pt-pt\/#organization\"},\"potentialAction\":[{\"@type\":\"SearchAction\",\"target\":{\"@type\":\"EntryPoint\",\"urlTemplate\":\"https:\/\/www.justy.bio\/pt-pt\/?s={search_term_string}\"},\"query-input\":{\"@type\":\"PropertyValueSpecification\",\"valueRequired\":true,\"valueName\":\"search_term_string\"}}],\"inLanguage\":\"pt-PT\"},{\"@type\":\"Organization\",\"@id\":\"https:\/\/www.justy.bio\/pt-pt\/#organization\",\"name\":\"Justy\",\"url\":\"https:\/\/www.justy.bio\/pt-pt\/\",\"logo\":{\"@type\":\"ImageObject\",\"inLanguage\":\"pt-PT\",\"@id\":\"https:\/\/www.justy.bio\/pt-pt\/#\/schema\/logo\/image\/\",\"url\":\"https:\/\/www.justy.bio\/wp-content\/uploads\/2023\/10\/Logo.png\",\"contentUrl\":\"https:\/\/www.justy.bio\/wp-content\/uploads\/2023\/10\/Logo.png\",\"width\":218,\"height\":218,\"caption\":\"Justy\"},\"image\":{\"@id\":\"https:\/\/www.justy.bio\/pt-pt\/#\/schema\/logo\/image\/\"},\"sameAs\":[\"https:\/\/www.facebook.com\/justygoodness\",\"https:\/\/www.instagram.com\/justygoodness\/\"]}]}<\/script>\n<meta property=\"product:price:amount\" content=\"5.95\" \/>\n<meta property=\"product:price:currency\" content=\"EUR\" \/>\n<meta property=\"og:availability\" content=\"instock\" \/>\n<meta property=\"product:availability\" content=\"instock\" \/>\n<meta property=\"product:retailer_item_id\" content=\"3309001\" \/>\n<meta property=\"product:condition\" content=\"new\" \/>\n<!-- \/ Yoast SEO Premium plugin. -->","yoast_head_json":{"title":"Sopa de Ab\u00f3bora |Justy","description":"Esta sopa org\u00e2nica de ab\u00f3bora com batata-doce, cenoura e gengibre \u00e9 saud\u00e1vel e deliciosa. A textura cremosa e o sabor ligeiramente picante.","robots":{"index":"index","follow":"follow","max-snippet":"max-snippet:-1","max-image-preview":"max-image-preview:large","max-video-preview":"max-video-preview:-1"},"canonical":"https:\/\/www.justy.bio\/pt-pt\/shop\/sopa\/sopa-de-abobora\/","og_locale":"pt_PT","og_type":"article","og_title":"Sopa de Ab\u00f3bora |Justy","og_description":"Esta sopa org\u00e2nica de ab\u00f3bora com batata-doce, cenoura e gengibre \u00e9 saud\u00e1vel e deliciosa. A textura cremosa e o sabor ligeiramente picante.","og_url":"https:\/\/www.justy.bio\/pt-pt\/shop\/sopa\/sopa-de-abobora\/","og_site_name":"Justy","article_publisher":"https:\/\/www.facebook.com\/justygoodness","article_modified_time":"2026-01-16T08:58:07+00:00","og_image":[{"width":600,"height":450,"url":"https:\/\/www.justy.bio\/wp-content\/uploads\/2025\/05\/calabaza.webp","type":"image\/webp"}],"twitter_card":"summary_large_image","twitter_misc":{"pre\u00e7o":"&euro;&nbsp;5,95","Disponibilidade":"Em stock"},"schema":{"@context":"https:\/\/schema.org","@graph":[{"@type":"WebPage","@id":"https:\/\/www.justy.bio\/pt-pt\/shop\/sopa\/sopa-de-abobora\/","url":"https:\/\/www.justy.bio\/pt-pt\/shop\/sopa\/sopa-de-abobora\/","name":"Sopa de Ab\u00f3bora |Justy","isPartOf":{"@id":"https:\/\/www.justy.bio\/pt-pt\/#website"},"primaryImageOfPage":{"@id":"https:\/\/www.justy.bio\/pt-pt\/shop\/sopa\/sopa-de-abobora\/#primaryimage"},"image":{"@id":"https:\/\/www.justy.bio\/pt-pt\/shop\/sopa\/sopa-de-abobora\/#primaryimage"},"thumbnailUrl":"https:\/\/www.justy.bio\/wp-content\/uploads\/2025\/05\/calabaza.webp","datePublished":"2025-05-29T15:25:36+00:00","dateModified":"2026-01-16T08:58:07+00:00","description":"Esta sopa org\u00e2nica de ab\u00f3bora com batata-doce, cenoura e gengibre \u00e9 saud\u00e1vel e deliciosa. A textura cremosa e o sabor ligeiramente picante.","breadcrumb":{"@id":"https:\/\/www.justy.bio\/pt-pt\/shop\/sopa\/sopa-de-abobora\/#breadcrumb"},"inLanguage":"pt-PT","potentialAction":[{"@type":"ReadAction","target":["https:\/\/www.justy.bio\/pt-pt\/shop\/sopa\/sopa-de-abobora\/"]}]},{"@type":"ImageObject","inLanguage":"pt-PT","@id":"https:\/\/www.justy.bio\/pt-pt\/shop\/sopa\/sopa-de-abobora\/#primaryimage","url":"https:\/\/www.justy.bio\/wp-content\/uploads\/2025\/05\/calabaza.webp","contentUrl":"https:\/\/www.justy.bio\/wp-content\/uploads\/2025\/05\/calabaza.webp","width":600,"height":450},{"@type":"BreadcrumbList","@id":"https:\/\/www.justy.bio\/pt-pt\/shop\/sopa\/sopa-de-abobora\/#breadcrumb","itemListElement":[{"@type":"ListItem","position":1,"name":"Shop","item":"https:\/\/www.justy.bio\/pt-pt\/shop\/"},{"@type":"ListItem","position":2,"name":"SOPA DE AB\u00d3BORA"}]},{"@type":"WebSite","@id":"https:\/\/www.justy.bio\/pt-pt\/#website","url":"https:\/\/www.justy.bio\/pt-pt\/","name":"Justy","description":"","publisher":{"@id":"https:\/\/www.justy.bio\/pt-pt\/#organization"},"potentialAction":[{"@type":"SearchAction","target":{"@type":"EntryPoint","urlTemplate":"https:\/\/www.justy.bio\/pt-pt\/?s={search_term_string}"},"query-input":{"@type":"PropertyValueSpecification","valueRequired":true,"valueName":"search_term_string"}}],"inLanguage":"pt-PT"},{"@type":"Organization","@id":"https:\/\/www.justy.bio\/pt-pt\/#organization","name":"Justy","url":"https:\/\/www.justy.bio\/pt-pt\/","logo":{"@type":"ImageObject","inLanguage":"pt-PT","@id":"https:\/\/www.justy.bio\/pt-pt\/#\/schema\/logo\/image\/","url":"https:\/\/www.justy.bio\/wp-content\/uploads\/2023\/10\/Logo.png","contentUrl":"https:\/\/www.justy.bio\/wp-content\/uploads\/2023\/10\/Logo.png","width":218,"height":218,"caption":"Justy"},"image":{"@id":"https:\/\/www.justy.bio\/pt-pt\/#\/schema\/logo\/image\/"},"sameAs":["https:\/\/www.facebook.com\/justygoodness","https:\/\/www.instagram.com\/justygoodness\/"]}]},"product_price_amount":"5.95","product_price_currency":"EUR","og_availability":"instock","product_availability":"instock","product_retailer_item_id":"3309001","product_condition":"new"},"_links":{"self":[{"href":"https:\/\/www.justy.bio\/pt-pt\/wp-json\/wp\/v2\/product\/30204","targetHints":{"allow":["GET"]}}],"collection":[{"href":"https:\/\/www.justy.bio\/pt-pt\/wp-json\/wp\/v2\/product"}],"about":[{"href":"https:\/\/www.justy.bio\/pt-pt\/wp-json\/wp\/v2\/types\/product"}],"replies":[{"embeddable":true,"href":"https:\/\/www.justy.bio\/pt-pt\/wp-json\/wp\/v2\/comments?post=30204"}],"wp:featuredmedia":[{"embeddable":true,"href":"https:\/\/www.justy.bio\/pt-pt\/wp-json\/wp\/v2\/media\/30205"}],"wp:attachment":[{"href":"https:\/\/www.justy.bio\/pt-pt\/wp-json\/wp\/v2\/media?parent=30204"}],"wp:term":[{"taxonomy":"product_brand","embeddable":true,"href":"https:\/\/www.justy.bio\/pt-pt\/wp-json\/wp\/v2\/product_brand?post=30204"},{"taxonomy":"product_cat","embeddable":true,"href":"https:\/\/www.justy.bio\/pt-pt\/wp-json\/wp\/v2\/product_cat?post=30204"},{"taxonomy":"product_tag","embeddable":true,"href":"https:\/\/www.justy.bio\/pt-pt\/wp-json\/wp\/v2\/product_tag?post=30204"}],"curies":[{"name":"wp","href":"https:\/\/api.w.org\/{rel}","templated":true}]}}