{"id":30208,"date":"2025-05-29T17:16:09","date_gmt":"2025-05-29T15:16:09","guid":{"rendered":"https:\/\/www.justy.de\/shop\/sem%20categoria\/tomato-soup\/"},"modified":"2025-09-08T10:58:33","modified_gmt":"2025-09-08T08:58:33","slug":"sopa-de-tomate","status":"publish","type":"product","link":"https:\/\/www.justy.bio\/pt-pt\/shop\/sopa\/sopa-de-tomate\/","title":{"rendered":"SOPA DE TOMATE"},"content":{"rendered":"<h3>A nossa deliciosa sopa org\u00e2nica de tomate est\u00e1 repleta de nutrientes saud\u00e1veis. Esta sopa fresca e saborosa \u00e9 rica em antioxidantes, como as vitaminas C e E, cobre e mangan\u00eas, que ajudam a proteger o teu corpo contra os radicais livres*. Os ingredientes da nossa sopa org\u00e2nica de tomate s\u00e3o frescos, puros, locais e sazonais. Criar uma sopa org\u00e2nica de tomate que n\u00e3o seja apenas saborosa, mas tamb\u00e9m muito saud\u00e1vel, foi um grande desafio. A receita inclui muitos cl\u00e1ssicos mediterr\u00e2nicos, como tomates frescos, cebola vermelha, or\u00e9g\u00e3os e alho. Todos os ingredientes s\u00e3o, naturalmente, frescos, puros, locais e sazonais, como fazemos habitualmente. Esta sopa org\u00e2nica de tomate \u00e9 feita de acordo com m\u00e9todos tradicionais, sem aditivos artificiais. Usamos o nosso caldo de vegetais caseiro como base, que \u00e9 preparado durante 24 horas a partir dos ingredientes mais puros. Ao congelarmos imediatamente a sopa ap\u00f3s a sua prepara\u00e7\u00e3o, conseguimos preservar todos os nutrientes saud\u00e1veis, assim como o sabor fresco, o aroma e a cor. Conseguimos sentir e saborear!<\/h3>\n<div class=\"wp-block-spacer\" style=\"height: 24px\" aria-hidden=\"true\"><\/div>\n<h2><span class=\"web-mod-tabs__tab-title\">O QUE TORNA A NOSSA SOPA ORG\u00c2NICA DE TOMATE SAUD\u00c1VEL?<\/span><\/h2>\n<p>A sopa de tomate \u00e9 um cl\u00e1ssico em diversas culturas. Na Justy, no entanto, quisemos fazer uma sopa de tomate org\u00e2nica extra pura, natural, fresca e, sobretudo, saud\u00e1vel. Por isso, a receita \u00e9 composta pelos melhores ingredientes locais e sazonais, todos conhecidos pelo seu elevado valor nutricional. A nossa sopa org\u00e2nica de tomate, com tomate fresco, cenoura, aipo, or\u00e9g\u00e3os e alho, e um fio de azeite virgem extra, cont\u00e9m v\u00e1rios nutrientes ben\u00e9ficos ao nosso sistema imunit\u00e1rio, como o beta-caroteno (provitamina A) e o cobre. Os ingredientes desta sopa tamb\u00e9m fornecem uma boa quantidade e variedade de antioxidantes. Estas s\u00e3o subst\u00e2ncias que ajudam o corpo a proteger-se contra os radicais livres. O tomate e o aipo, por exemplo, s\u00e3o ambos boas fontes de antioxidante vitamina C, e o azeite virgem extra fornece muita vitamina E. O alho tamb\u00e9m cont\u00e9m v\u00e1rios antioxidantes, incluindo o mineral cobre. Se observar a lista de nutrientes da nossa sopa org\u00e2nica de tomate, constata que a vitamina B6 e os minerais mangan\u00eas e pot\u00e1ssio est\u00e3o bem representados. A vitamina B6 \u00e9 ben\u00e9fica para o humor, mem\u00f3ria e concentra\u00e7\u00e3o. O mangan\u00eas refor\u00e7a os n\u00edveis de energia e ajuda a manter os ossos fortes. O pot\u00e1ssio \u00e9 bom para a press\u00e3o arterial e tamb\u00e9m assegura o correto funcionamento dos m\u00fasculos e nervos.<\/p>\n<div class=\"wp-block-spacer\" style=\"height: 24px\" aria-hidden=\"true\"><\/div>\n<h2 class=\"web-mod-bullets__title\">SABOR DA NOSSA SOPA ORG\u00c2NICA DE TOMATE<\/h2>\n<p>A nossa sopa org\u00e2nica de tomate destaca-se imediatamente pela sua cor laranja-vermelha profunda. Quando abre a garrafa, sente os aromas tentadores do tomate fresco, or\u00e9g\u00e3os e alho. Estes aromas tornam-se ainda mais intensos se aquecer a sopa num tacho. Ao saborear a sopa quente, vai sentir primeiro o sabor puro do alho, tomate, cebola vermelha e dos or\u00e9g\u00e3os. A acidez, o doce e o ligeiramente amargo destes ingredientes s\u00e3o complementados pelos sabores deliciosos e ricos do nosso caldo de vegetais caseiro. O pur\u00e9 de tomate puro, o vinagre de vinho tinto e uma pitada de sal marinho completam esta rica sensa\u00e7\u00e3o de sabor. Comer ou beber esta sopa org\u00e2nica de tomate far\u00e1 com que se sinta bem. Isso torna esta sopa perfeita para o almo\u00e7o, um lanche saud\u00e1vel ou um jantar mais leve. Com uma \u00fanica garrafa garante a dose di\u00e1ria de vegetais.<\/p>\n<p><strong>\u201cAs nossas sopas s\u00e3o um excelente complemento para uma dieta variada, equilibrada e um estilo de vida saud\u00e1vel.\u201d<\/strong><\/p>\n","protected":false},"excerpt":{"rendered":"<p>Para proteger contra os radicais livres*<\/p>\n","protected":false},"featured_media":30209,"comment_status":"open","ping_status":"closed","template":"","meta":{"_acf_changed":false,"_gspb_post_css":""},"product_brand":[],"product_cat":[1004],"product_tag":[916],"class_list":{"0":"post-30208","1":"product","2":"type-product","3":"status-publish","4":"has-post-thumbnail","6":"product_cat-sopa","7":"product_tag-import-pt-pt","8":"has-subscription-plans","10":"first","11":"instock","12":"sale","13":"taxable","14":"shipping-taxable","15":"purchasable","16":"product-type-simple"},"bundled_by":[],"bundle_stock_status":"instock","bundle_stock_quantity":null,"bundle_virtual":false,"bundle_layout":"","bundle_add_to_cart_form_location":"","bundle_editable_in_cart":false,"bundle_sold_individually_context":"","bundle_item_grouping":"","bundle_min_size":"","bundle_max_size":"","bundle_price":[],"bundled_items":[],"bundle_sell_ids":[],"acf":[],"yoast_head":"<!-- This site is optimized with the Yoast SEO Premium plugin v25.5 (Yoast SEO v25.5) - https:\/\/yoast.com\/wordpress\/plugins\/seo\/ -->\n<title>Sopa de Tomate Org\u00e2nica 470ml | Antioxidantes e Sabor Delicioso |Justy<\/title>\n<meta name=\"description\" content=\"Deliciosa sopa de tomate org\u00e2nica, repleta de antioxidantes e sabores mediterr\u00e2neos, para uma refei\u00e7\u00e3o saud\u00e1vel e nutritiva.\" \/>\n<meta name=\"robots\" content=\"index, follow, max-snippet:-1, max-image-preview:large, max-video-preview:-1\" \/>\n<link rel=\"canonical\" href=\"https:\/\/www.justy.bio\/pt-pt\/shop\/sopa\/sopa-de-tomate\/\" \/>\n<meta property=\"og:locale\" content=\"pt_PT\" \/>\n<meta property=\"og:type\" content=\"article\" \/>\n<meta property=\"og:title\" content=\"Sopa de Tomate Org\u00e2nica 470ml | Antioxidantes e Sabor Delicioso |Justy\" \/>\n<meta property=\"og:description\" content=\"Deliciosa sopa de tomate org\u00e2nica, repleta de antioxidantes e sabores mediterr\u00e2neos, para uma refei\u00e7\u00e3o saud\u00e1vel e nutritiva.\" \/>\n<meta property=\"og:url\" content=\"https:\/\/www.justy.bio\/pt-pt\/shop\/sopa\/sopa-de-tomate\/\" \/>\n<meta property=\"og:site_name\" content=\"Justy\" \/>\n<meta property=\"article:publisher\" content=\"https:\/\/www.facebook.com\/justygoodness\" \/>\n<meta property=\"article:modified_time\" content=\"2025-09-08T08:58:33+00:00\" \/>\n<meta property=\"og:image\" content=\"https:\/\/www.justy.bio\/wp-content\/uploads\/2025\/05\/tomate-1.webp\" \/>\n\t<meta property=\"og:image:width\" content=\"600\" \/>\n\t<meta property=\"og:image:height\" content=\"450\" \/>\n\t<meta property=\"og:image:type\" content=\"image\/webp\" \/>\n<meta name=\"twitter:card\" content=\"summary_large_image\" \/>\n<meta name=\"twitter:label1\" content=\"pre\u00e7o\" \/>\n\t<meta name=\"twitter:data1\" content=\"&euro;&nbsp;5,95\" \/>\n\t<meta name=\"twitter:label2\" content=\"Disponibilidade\" \/>\n\t<meta name=\"twitter:data2\" content=\"Em stock\" \/>\n<script type=\"application\/ld+json\" class=\"yoast-schema-graph\">{\"@context\":\"https:\/\/schema.org\",\"@graph\":[{\"@type\":\"WebPage\",\"@id\":\"https:\/\/www.justy.bio\/pt-pt\/shop\/sopa\/sopa-de-tomate\/\",\"url\":\"https:\/\/www.justy.bio\/pt-pt\/shop\/sopa\/sopa-de-tomate\/\",\"name\":\"Sopa de Tomate Org\u00e2nica 470ml | Antioxidantes e Sabor Delicioso |Justy\",\"isPartOf\":{\"@id\":\"https:\/\/www.justy.bio\/pt-pt\/#website\"},\"primaryImageOfPage\":{\"@id\":\"https:\/\/www.justy.bio\/pt-pt\/shop\/sopa\/sopa-de-tomate\/#primaryimage\"},\"image\":{\"@id\":\"https:\/\/www.justy.bio\/pt-pt\/shop\/sopa\/sopa-de-tomate\/#primaryimage\"},\"thumbnailUrl\":\"https:\/\/www.justy.bio\/wp-content\/uploads\/2025\/05\/tomate-1.webp\",\"datePublished\":\"2025-05-29T15:16:09+00:00\",\"dateModified\":\"2025-09-08T08:58:33+00:00\",\"description\":\"Deliciosa sopa de tomate org\u00e2nica, repleta de antioxidantes e sabores mediterr\u00e2neos, para uma refei\u00e7\u00e3o saud\u00e1vel e nutritiva.\",\"breadcrumb\":{\"@id\":\"https:\/\/www.justy.bio\/pt-pt\/shop\/sopa\/sopa-de-tomate\/#breadcrumb\"},\"inLanguage\":\"pt-PT\",\"potentialAction\":[{\"@type\":\"ReadAction\",\"target\":[\"https:\/\/www.justy.bio\/pt-pt\/shop\/sopa\/sopa-de-tomate\/\"]}]},{\"@type\":\"ImageObject\",\"inLanguage\":\"pt-PT\",\"@id\":\"https:\/\/www.justy.bio\/pt-pt\/shop\/sopa\/sopa-de-tomate\/#primaryimage\",\"url\":\"https:\/\/www.justy.bio\/wp-content\/uploads\/2025\/05\/tomate-1.webp\",\"contentUrl\":\"https:\/\/www.justy.bio\/wp-content\/uploads\/2025\/05\/tomate-1.webp\",\"width\":600,\"height\":450},{\"@type\":\"BreadcrumbList\",\"@id\":\"https:\/\/www.justy.bio\/pt-pt\/shop\/sopa\/sopa-de-tomate\/#breadcrumb\",\"itemListElement\":[{\"@type\":\"ListItem\",\"position\":1,\"name\":\"Shop\",\"item\":\"https:\/\/www.justy.bio\/pt-pt\/shop\/\"},{\"@type\":\"ListItem\",\"position\":2,\"name\":\"SOPA DE TOMATE\"}]},{\"@type\":\"WebSite\",\"@id\":\"https:\/\/www.justy.bio\/pt-pt\/#website\",\"url\":\"https:\/\/www.justy.bio\/pt-pt\/\",\"name\":\"Justy\",\"description\":\"\",\"publisher\":{\"@id\":\"https:\/\/www.justy.bio\/pt-pt\/#organization\"},\"potentialAction\":[{\"@type\":\"SearchAction\",\"target\":{\"@type\":\"EntryPoint\",\"urlTemplate\":\"https:\/\/www.justy.bio\/pt-pt\/?s={search_term_string}\"},\"query-input\":{\"@type\":\"PropertyValueSpecification\",\"valueRequired\":true,\"valueName\":\"search_term_string\"}}],\"inLanguage\":\"pt-PT\"},{\"@type\":\"Organization\",\"@id\":\"https:\/\/www.justy.bio\/pt-pt\/#organization\",\"name\":\"Justy\",\"url\":\"https:\/\/www.justy.bio\/pt-pt\/\",\"logo\":{\"@type\":\"ImageObject\",\"inLanguage\":\"pt-PT\",\"@id\":\"https:\/\/www.justy.bio\/pt-pt\/#\/schema\/logo\/image\/\",\"url\":\"https:\/\/www.justy.bio\/wp-content\/uploads\/2023\/10\/Logo.png\",\"contentUrl\":\"https:\/\/www.justy.bio\/wp-content\/uploads\/2023\/10\/Logo.png\",\"width\":218,\"height\":218,\"caption\":\"Justy\"},\"image\":{\"@id\":\"https:\/\/www.justy.bio\/pt-pt\/#\/schema\/logo\/image\/\"},\"sameAs\":[\"https:\/\/www.facebook.com\/justygoodness\",\"https:\/\/www.instagram.com\/justygoodness\/\"]}]}<\/script>\n<meta property=\"product:price:amount\" content=\"5.95\" \/>\n<meta property=\"product:price:currency\" content=\"EUR\" \/>\n<meta property=\"og:availability\" content=\"instock\" \/>\n<meta property=\"product:availability\" content=\"instock\" \/>\n<meta property=\"product:retailer_item_id\" content=\"3309002\" \/>\n<meta property=\"product:condition\" content=\"new\" \/>\n<!-- \/ Yoast SEO Premium plugin. -->","yoast_head_json":{"title":"Sopa de Tomate Org\u00e2nica 470ml | Antioxidantes e Sabor Delicioso |Justy","description":"Deliciosa sopa de tomate org\u00e2nica, repleta de antioxidantes e sabores mediterr\u00e2neos, para uma refei\u00e7\u00e3o saud\u00e1vel e nutritiva.","robots":{"index":"index","follow":"follow","max-snippet":"max-snippet:-1","max-image-preview":"max-image-preview:large","max-video-preview":"max-video-preview:-1"},"canonical":"https:\/\/www.justy.bio\/pt-pt\/shop\/sopa\/sopa-de-tomate\/","og_locale":"pt_PT","og_type":"article","og_title":"Sopa de Tomate Org\u00e2nica 470ml | Antioxidantes e Sabor Delicioso |Justy","og_description":"Deliciosa sopa de tomate org\u00e2nica, repleta de antioxidantes e sabores mediterr\u00e2neos, para uma refei\u00e7\u00e3o saud\u00e1vel e nutritiva.","og_url":"https:\/\/www.justy.bio\/pt-pt\/shop\/sopa\/sopa-de-tomate\/","og_site_name":"Justy","article_publisher":"https:\/\/www.facebook.com\/justygoodness","article_modified_time":"2025-09-08T08:58:33+00:00","og_image":[{"width":600,"height":450,"url":"https:\/\/www.justy.bio\/wp-content\/uploads\/2025\/05\/tomate-1.webp","type":"image\/webp"}],"twitter_card":"summary_large_image","twitter_misc":{"pre\u00e7o":"&euro;&nbsp;5,95","Disponibilidade":"Em stock"},"schema":{"@context":"https:\/\/schema.org","@graph":[{"@type":"WebPage","@id":"https:\/\/www.justy.bio\/pt-pt\/shop\/sopa\/sopa-de-tomate\/","url":"https:\/\/www.justy.bio\/pt-pt\/shop\/sopa\/sopa-de-tomate\/","name":"Sopa de Tomate Org\u00e2nica 470ml | Antioxidantes e Sabor Delicioso |Justy","isPartOf":{"@id":"https:\/\/www.justy.bio\/pt-pt\/#website"},"primaryImageOfPage":{"@id":"https:\/\/www.justy.bio\/pt-pt\/shop\/sopa\/sopa-de-tomate\/#primaryimage"},"image":{"@id":"https:\/\/www.justy.bio\/pt-pt\/shop\/sopa\/sopa-de-tomate\/#primaryimage"},"thumbnailUrl":"https:\/\/www.justy.bio\/wp-content\/uploads\/2025\/05\/tomate-1.webp","datePublished":"2025-05-29T15:16:09+00:00","dateModified":"2025-09-08T08:58:33+00:00","description":"Deliciosa sopa de tomate org\u00e2nica, repleta de antioxidantes e sabores mediterr\u00e2neos, para uma refei\u00e7\u00e3o saud\u00e1vel e nutritiva.","breadcrumb":{"@id":"https:\/\/www.justy.bio\/pt-pt\/shop\/sopa\/sopa-de-tomate\/#breadcrumb"},"inLanguage":"pt-PT","potentialAction":[{"@type":"ReadAction","target":["https:\/\/www.justy.bio\/pt-pt\/shop\/sopa\/sopa-de-tomate\/"]}]},{"@type":"ImageObject","inLanguage":"pt-PT","@id":"https:\/\/www.justy.bio\/pt-pt\/shop\/sopa\/sopa-de-tomate\/#primaryimage","url":"https:\/\/www.justy.bio\/wp-content\/uploads\/2025\/05\/tomate-1.webp","contentUrl":"https:\/\/www.justy.bio\/wp-content\/uploads\/2025\/05\/tomate-1.webp","width":600,"height":450},{"@type":"BreadcrumbList","@id":"https:\/\/www.justy.bio\/pt-pt\/shop\/sopa\/sopa-de-tomate\/#breadcrumb","itemListElement":[{"@type":"ListItem","position":1,"name":"Shop","item":"https:\/\/www.justy.bio\/pt-pt\/shop\/"},{"@type":"ListItem","position":2,"name":"SOPA DE TOMATE"}]},{"@type":"WebSite","@id":"https:\/\/www.justy.bio\/pt-pt\/#website","url":"https:\/\/www.justy.bio\/pt-pt\/","name":"Justy","description":"","publisher":{"@id":"https:\/\/www.justy.bio\/pt-pt\/#organization"},"potentialAction":[{"@type":"SearchAction","target":{"@type":"EntryPoint","urlTemplate":"https:\/\/www.justy.bio\/pt-pt\/?s={search_term_string}"},"query-input":{"@type":"PropertyValueSpecification","valueRequired":true,"valueName":"search_term_string"}}],"inLanguage":"pt-PT"},{"@type":"Organization","@id":"https:\/\/www.justy.bio\/pt-pt\/#organization","name":"Justy","url":"https:\/\/www.justy.bio\/pt-pt\/","logo":{"@type":"ImageObject","inLanguage":"pt-PT","@id":"https:\/\/www.justy.bio\/pt-pt\/#\/schema\/logo\/image\/","url":"https:\/\/www.justy.bio\/wp-content\/uploads\/2023\/10\/Logo.png","contentUrl":"https:\/\/www.justy.bio\/wp-content\/uploads\/2023\/10\/Logo.png","width":218,"height":218,"caption":"Justy"},"image":{"@id":"https:\/\/www.justy.bio\/pt-pt\/#\/schema\/logo\/image\/"},"sameAs":["https:\/\/www.facebook.com\/justygoodness","https:\/\/www.instagram.com\/justygoodness\/"]}]},"product_price_amount":"5.95","product_price_currency":"EUR","og_availability":"instock","product_availability":"instock","product_retailer_item_id":"3309002","product_condition":"new"},"_links":{"self":[{"href":"https:\/\/www.justy.bio\/pt-pt\/wp-json\/wp\/v2\/product\/30208","targetHints":{"allow":["GET"]}}],"collection":[{"href":"https:\/\/www.justy.bio\/pt-pt\/wp-json\/wp\/v2\/product"}],"about":[{"href":"https:\/\/www.justy.bio\/pt-pt\/wp-json\/wp\/v2\/types\/product"}],"replies":[{"embeddable":true,"href":"https:\/\/www.justy.bio\/pt-pt\/wp-json\/wp\/v2\/comments?post=30208"}],"wp:featuredmedia":[{"embeddable":true,"href":"https:\/\/www.justy.bio\/pt-pt\/wp-json\/wp\/v2\/media\/30209"}],"wp:attachment":[{"href":"https:\/\/www.justy.bio\/pt-pt\/wp-json\/wp\/v2\/media?parent=30208"}],"wp:term":[{"taxonomy":"product_brand","embeddable":true,"href":"https:\/\/www.justy.bio\/pt-pt\/wp-json\/wp\/v2\/product_brand?post=30208"},{"taxonomy":"product_cat","embeddable":true,"href":"https:\/\/www.justy.bio\/pt-pt\/wp-json\/wp\/v2\/product_cat?post=30208"},{"taxonomy":"product_tag","embeddable":true,"href":"https:\/\/www.justy.bio\/pt-pt\/wp-json\/wp\/v2\/product_tag?post=30208"}],"curies":[{"name":"wp","href":"https:\/\/api.w.org\/{rel}","templated":true}]}}