{"id":30235,"date":"2025-05-29T17:16:13","date_gmt":"2025-05-29T15:16:13","guid":{"rendered":"https:\/\/www.justy.de\/shop\/uncategorized\/relax-tea\/"},"modified":"2025-09-15T11:29:56","modified_gmt":"2025-09-15T09:29:56","slug":"te-relax","status":"publish","type":"product","link":"https:\/\/www.justy.bio\/pt-pt\/shop\/cha\/te-relax\/","title":{"rendered":"T\u00c9 RELAX"},"content":{"rendered":"<h2>O ch\u00e1 Relax \u00e9 feito a partir de ervas org\u00e2nicas cuidadosamente selecionadas.<\/h2>\n<p>Cont\u00e9m raiz de valeriana, melissa e camomila, conhecidas pelo seu efeito relaxante no corpo e a mente*. As ervas calmantes s\u00e3o misturadas manualmente at\u00e9 se obter um equil\u00edbrio perfeito entre efeito e sabor. Cada frasco de vidro cont\u00e9m uma bonita mistura das melhores ra\u00edzes de valeriana org\u00e2nica, erva-de-s\u00e3o-jo\u00e3o, melissa, camomila, funcho, lavanda e cent\u00e1urea, sem ervas baratas ou outros aditivos. Um frasco cont\u00e9m ervas suficientes para fazer 40 a 50 ch\u00e1venas de ch\u00e1 Relax.<\/p>\n<div class=\"wp-block-spacer\" style=\"height: 24px\" aria-hidden=\"true\"><\/div>\n<h2>POTE DE CH\u00c1 PURO E EFICAZ PARA RELAXAR E DORMIR<\/h2>\n<p>Este ch\u00e1 Relax j\u00e1 existe h\u00e1 algum tempo na Sapje. Faz parte das nossas curas de sumos h\u00e1 anos. Muitos clientes ficaram t\u00e3o entusiasmados com o efeito relaxante deste ch\u00e1 de ervas org\u00e2nicas que quiseram encomend\u00e1-lo separadamente. Agora \u00e9 poss\u00edvel! Uma ch\u00e1vena deste ch\u00e1 com ingredientes \u00e0 base de ervas relaxantes promove a calma em momentos de stress. O nosso ch\u00e1 Relax tamb\u00e9m \u00e9 ideal para beber antes de dormir. As ervas deste ch\u00e1 contribuem para uma noite de sono saud\u00e1vel, ao promover um sono reparador e um despertar tranquilo na manh\u00e3 seguinte*.<\/p>\n<div class=\"wp-block-spacer\" style=\"height: 24px\" aria-hidden=\"true\"><\/div>\n<h2>QUAIS AS ERVAS QUE TORNAM O CH\u00c1 RELAX T\u00c3O RELAXANTE?<\/h2>\n<p>Para este ch\u00e1 Relax, mistur\u00e1mos as melhores ervas que promovem o relaxamento do corpo e mente:<\/p>\n<ul>\n<li><strong>Raiz de valeriana (Valeriana officinalis)<\/strong> (24%): cont\u00e9m v\u00e1rios ingredientes, incluindo \u00e1cido valer\u00e9nico. A valeriana ajuda a dormir bem e contribui para um despertar tranquilo, sem causar sonol\u00eancia*.<\/li>\n<li><strong>Erva-de-S\u00e3o-Jo\u00e3o (Hypericum perforatum) <\/strong>(21%): usada h\u00e1 s\u00e9culos na herbologia tradicional europeia. Deve o seu nome ao facto de as suas flores amarelas caracter\u00edsticas, em forma de estrela, florescerem ao mesmo tempo que o dia de S\u00e3o Jo\u00e3o, a 24 de junho.<\/li>\n<li><strong>Erva-cidreira (Melissa officinalis)<\/strong> (17%): cont\u00e9m diversos compostos vegetais, incluindo \u00e1cido rosmar\u00ednico. Sobretudo quando combinada com a valeriana e a camomila, a erva-cidreira tem um efeito calmante*.<\/li>\n<li><strong>Funcho (Foeniculum vulgare) <\/strong>(13%): tem um sabor doce, semelhante ao alca\u00e7uz. As sementes arom\u00e1ticas do funcho devem este sabor delicioso \u00e0 subst\u00e2ncia anetol.<\/li>\n<li><strong>Camomila (Matricaria chamomilla)<\/strong> (12%): cont\u00e9m apigenina. A camomila promove o sono e ajuda o corpo e a mente a relaxar durante per\u00edodos de stress*.<\/li>\n<li><strong>Lavanda (Lavandula angustifolia)<\/strong> (12%): o aroma maravilhoso das flores secas de lavanda, de cor azul-p\u00farpura, enriquece a sua ch\u00e1vena de ch\u00e1.<\/li>\n<li><strong>Cent\u00e1urea (Centaurea cyanus)<\/strong> (1%): tem um sabor surpreendentemente doce e floral. As flores devem a sua impressionante cor azul ao pigmento protocianina.<\/li>\n<\/ul>\n<p>*Raiz de valeriana, erva-cidreira e camomila promovem o sono e t\u00eam um efeito relaxante no corpo e na mente. Alega\u00e7\u00f5es de sa\u00fade pendentes de aprova\u00e7\u00e3o pela Uni\u00e3o Europeia. N\u00famero de registo: 4059. Precisa de relaxar e de uma boa noite de sono? Encomende j\u00e1 o ch\u00e1 Relax org\u00e2nico da Sapje!<\/p>\n<p>&#8220;O nosso ch\u00e1 Relax \u00e9 um excelente complemento como parte de uma dieta variada, equilibrada e de um estilo de vida saud\u00e1vel.&#8221;<\/p>\n","protected":false},"excerpt":{"rendered":"<p>Bueno para dormir bien y relajarse, para unas 40-50 tazas.<\/p>\n","protected":false},"featured_media":30240,"comment_status":"open","ping_status":"closed","template":"","meta":{"_acf_changed":false,"_gspb_post_css":""},"product_brand":[],"product_cat":[1026],"product_tag":[916],"class_list":{"0":"post-30235","1":"product","2":"type-product","3":"status-publish","4":"has-post-thumbnail","6":"product_cat-cha","7":"product_tag-import-pt-pt","8":"has-subscription-plans","10":"first","11":"instock","12":"taxable","13":"shipping-taxable","14":"purchasable","15":"product-type-simple"},"bundled_by":[],"bundle_stock_status":"instock","bundle_stock_quantity":null,"bundle_virtual":false,"bundle_layout":"","bundle_add_to_cart_form_location":"","bundle_editable_in_cart":false,"bundle_sold_individually_context":"","bundle_item_grouping":"","bundle_min_size":"","bundle_max_size":"","bundle_price":[],"bundled_items":[],"bundle_sell_ids":[],"acf":[],"yoast_head":"<!-- This site is optimized with the Yoast SEO Premium plugin v25.5 (Yoast SEO v25.5) - https:\/\/yoast.com\/wordpress\/plugins\/seo\/ -->\n<title>T\u00c9 RELAX - Justy<\/title>\n<meta name=\"description\" content=\"Este t\u00e9 Relax est\u00e1 elaborado con hierbas ecol\u00f3gicas cuidadosamente seleccionadas. Contiene ra\u00edz de valeriana, melisa y manzanilla, conocidas por su efecto ...\" \/>\n<meta name=\"robots\" content=\"index, follow, max-snippet:-1, max-image-preview:large, max-video-preview:-1\" \/>\n<link rel=\"canonical\" href=\"https:\/\/www.justy.bio\/pt-pt\/shop\/cha\/te-relax\/\" \/>\n<meta property=\"og:locale\" content=\"pt_PT\" \/>\n<meta property=\"og:type\" content=\"article\" \/>\n<meta property=\"og:title\" content=\"T\u00c9 RELAX - Justy\" \/>\n<meta property=\"og:description\" content=\"Este t\u00e9 Relax est\u00e1 elaborado con hierbas ecol\u00f3gicas cuidadosamente seleccionadas. Contiene ra\u00edz de valeriana, melisa y manzanilla, conocidas por su efecto ...\" \/>\n<meta property=\"og:url\" content=\"https:\/\/www.justy.bio\/pt-pt\/shop\/cha\/te-relax\/\" \/>\n<meta property=\"og:site_name\" content=\"Justy\" \/>\n<meta property=\"article:publisher\" content=\"https:\/\/www.facebook.com\/justygoodness\" \/>\n<meta property=\"article:modified_time\" content=\"2025-09-15T09:29:56+00:00\" \/>\n<meta property=\"og:image\" content=\"https:\/\/www.justy.bio\/wp-content\/uploads\/2025\/05\/ontspan-thee_with_color.webp\" \/>\n\t<meta property=\"og:image:width\" content=\"480\" \/>\n\t<meta property=\"og:image:height\" content=\"360\" \/>\n\t<meta property=\"og:image:type\" content=\"image\/webp\" \/>\n<meta name=\"twitter:card\" content=\"summary_large_image\" \/>\n<meta name=\"twitter:label1\" content=\"pre\u00e7o\" \/>\n\t<meta name=\"twitter:data1\" content=\"&euro;&nbsp;7,95\" \/>\n\t<meta name=\"twitter:label2\" content=\"Disponibilidade\" \/>\n\t<meta name=\"twitter:data2\" content=\"Em stock\" \/>\n<script type=\"application\/ld+json\" class=\"yoast-schema-graph\">{\"@context\":\"https:\/\/schema.org\",\"@graph\":[{\"@type\":\"WebPage\",\"@id\":\"https:\/\/www.justy.bio\/pt-pt\/shop\/cha\/te-relax\/\",\"url\":\"https:\/\/www.justy.bio\/pt-pt\/shop\/cha\/te-relax\/\",\"name\":\"T\u00c9 RELAX - Justy\",\"isPartOf\":{\"@id\":\"https:\/\/www.justy.bio\/pt-pt\/#website\"},\"primaryImageOfPage\":{\"@id\":\"https:\/\/www.justy.bio\/pt-pt\/shop\/cha\/te-relax\/#primaryimage\"},\"image\":{\"@id\":\"https:\/\/www.justy.bio\/pt-pt\/shop\/cha\/te-relax\/#primaryimage\"},\"thumbnailUrl\":\"https:\/\/www.justy.bio\/wp-content\/uploads\/2025\/05\/ontspan-thee_with_color.webp\",\"datePublished\":\"2025-05-29T15:16:13+00:00\",\"dateModified\":\"2025-09-15T09:29:56+00:00\",\"description\":\"Este t\u00e9 Relax est\u00e1 elaborado con hierbas ecol\u00f3gicas cuidadosamente seleccionadas. Contiene ra\u00edz de valeriana, melisa y manzanilla, conocidas por su efecto ...\",\"breadcrumb\":{\"@id\":\"https:\/\/www.justy.bio\/pt-pt\/shop\/cha\/te-relax\/#breadcrumb\"},\"inLanguage\":\"pt-PT\",\"potentialAction\":[{\"@type\":\"ReadAction\",\"target\":[\"https:\/\/www.justy.bio\/pt-pt\/shop\/cha\/te-relax\/\"]}]},{\"@type\":\"ImageObject\",\"inLanguage\":\"pt-PT\",\"@id\":\"https:\/\/www.justy.bio\/pt-pt\/shop\/cha\/te-relax\/#primaryimage\",\"url\":\"https:\/\/www.justy.bio\/wp-content\/uploads\/2025\/05\/ontspan-thee_with_color.webp\",\"contentUrl\":\"https:\/\/www.justy.bio\/wp-content\/uploads\/2025\/05\/ontspan-thee_with_color.webp\",\"width\":480,\"height\":360},{\"@type\":\"BreadcrumbList\",\"@id\":\"https:\/\/www.justy.bio\/pt-pt\/shop\/cha\/te-relax\/#breadcrumb\",\"itemListElement\":[{\"@type\":\"ListItem\",\"position\":1,\"name\":\"Shop\",\"item\":\"https:\/\/www.justy.bio\/pt-pt\/shop\/\"},{\"@type\":\"ListItem\",\"position\":2,\"name\":\"T\u00c9 RELAX\"}]},{\"@type\":\"WebSite\",\"@id\":\"https:\/\/www.justy.bio\/pt-pt\/#website\",\"url\":\"https:\/\/www.justy.bio\/pt-pt\/\",\"name\":\"Justy\",\"description\":\"\",\"publisher\":{\"@id\":\"https:\/\/www.justy.bio\/pt-pt\/#organization\"},\"potentialAction\":[{\"@type\":\"SearchAction\",\"target\":{\"@type\":\"EntryPoint\",\"urlTemplate\":\"https:\/\/www.justy.bio\/pt-pt\/?s={search_term_string}\"},\"query-input\":{\"@type\":\"PropertyValueSpecification\",\"valueRequired\":true,\"valueName\":\"search_term_string\"}}],\"inLanguage\":\"pt-PT\"},{\"@type\":\"Organization\",\"@id\":\"https:\/\/www.justy.bio\/pt-pt\/#organization\",\"name\":\"Justy\",\"url\":\"https:\/\/www.justy.bio\/pt-pt\/\",\"logo\":{\"@type\":\"ImageObject\",\"inLanguage\":\"pt-PT\",\"@id\":\"https:\/\/www.justy.bio\/pt-pt\/#\/schema\/logo\/image\/\",\"url\":\"https:\/\/www.justy.bio\/wp-content\/uploads\/2023\/10\/Logo.png\",\"contentUrl\":\"https:\/\/www.justy.bio\/wp-content\/uploads\/2023\/10\/Logo.png\",\"width\":218,\"height\":218,\"caption\":\"Justy\"},\"image\":{\"@id\":\"https:\/\/www.justy.bio\/pt-pt\/#\/schema\/logo\/image\/\"},\"sameAs\":[\"https:\/\/www.facebook.com\/justygoodness\",\"https:\/\/www.instagram.com\/justygoodness\/\"]}]}<\/script>\n<meta property=\"product:price:amount\" content=\"7.95\" \/>\n<meta property=\"product:price:currency\" content=\"EUR\" \/>\n<meta property=\"og:availability\" content=\"instock\" \/>\n<meta property=\"product:availability\" content=\"instock\" \/>\n<meta property=\"product:retailer_item_id\" content=\"3303003\" \/>\n<meta property=\"product:condition\" content=\"new\" \/>\n<!-- \/ Yoast SEO Premium plugin. -->","yoast_head_json":{"title":"T\u00c9 RELAX - Justy","description":"Este t\u00e9 Relax est\u00e1 elaborado con hierbas ecol\u00f3gicas cuidadosamente seleccionadas. Contiene ra\u00edz de valeriana, melisa y manzanilla, conocidas por su efecto ...","robots":{"index":"index","follow":"follow","max-snippet":"max-snippet:-1","max-image-preview":"max-image-preview:large","max-video-preview":"max-video-preview:-1"},"canonical":"https:\/\/www.justy.bio\/pt-pt\/shop\/cha\/te-relax\/","og_locale":"pt_PT","og_type":"article","og_title":"T\u00c9 RELAX - Justy","og_description":"Este t\u00e9 Relax est\u00e1 elaborado con hierbas ecol\u00f3gicas cuidadosamente seleccionadas. Contiene ra\u00edz de valeriana, melisa y manzanilla, conocidas por su efecto ...","og_url":"https:\/\/www.justy.bio\/pt-pt\/shop\/cha\/te-relax\/","og_site_name":"Justy","article_publisher":"https:\/\/www.facebook.com\/justygoodness","article_modified_time":"2025-09-15T09:29:56+00:00","og_image":[{"width":480,"height":360,"url":"https:\/\/www.justy.bio\/wp-content\/uploads\/2025\/05\/ontspan-thee_with_color.webp","type":"image\/webp"}],"twitter_card":"summary_large_image","twitter_misc":{"pre\u00e7o":"&euro;&nbsp;7,95","Disponibilidade":"Em stock"},"schema":{"@context":"https:\/\/schema.org","@graph":[{"@type":"WebPage","@id":"https:\/\/www.justy.bio\/pt-pt\/shop\/cha\/te-relax\/","url":"https:\/\/www.justy.bio\/pt-pt\/shop\/cha\/te-relax\/","name":"T\u00c9 RELAX - Justy","isPartOf":{"@id":"https:\/\/www.justy.bio\/pt-pt\/#website"},"primaryImageOfPage":{"@id":"https:\/\/www.justy.bio\/pt-pt\/shop\/cha\/te-relax\/#primaryimage"},"image":{"@id":"https:\/\/www.justy.bio\/pt-pt\/shop\/cha\/te-relax\/#primaryimage"},"thumbnailUrl":"https:\/\/www.justy.bio\/wp-content\/uploads\/2025\/05\/ontspan-thee_with_color.webp","datePublished":"2025-05-29T15:16:13+00:00","dateModified":"2025-09-15T09:29:56+00:00","description":"Este t\u00e9 Relax est\u00e1 elaborado con hierbas ecol\u00f3gicas cuidadosamente seleccionadas. Contiene ra\u00edz de valeriana, melisa y manzanilla, conocidas por su efecto ...","breadcrumb":{"@id":"https:\/\/www.justy.bio\/pt-pt\/shop\/cha\/te-relax\/#breadcrumb"},"inLanguage":"pt-PT","potentialAction":[{"@type":"ReadAction","target":["https:\/\/www.justy.bio\/pt-pt\/shop\/cha\/te-relax\/"]}]},{"@type":"ImageObject","inLanguage":"pt-PT","@id":"https:\/\/www.justy.bio\/pt-pt\/shop\/cha\/te-relax\/#primaryimage","url":"https:\/\/www.justy.bio\/wp-content\/uploads\/2025\/05\/ontspan-thee_with_color.webp","contentUrl":"https:\/\/www.justy.bio\/wp-content\/uploads\/2025\/05\/ontspan-thee_with_color.webp","width":480,"height":360},{"@type":"BreadcrumbList","@id":"https:\/\/www.justy.bio\/pt-pt\/shop\/cha\/te-relax\/#breadcrumb","itemListElement":[{"@type":"ListItem","position":1,"name":"Shop","item":"https:\/\/www.justy.bio\/pt-pt\/shop\/"},{"@type":"ListItem","position":2,"name":"T\u00c9 RELAX"}]},{"@type":"WebSite","@id":"https:\/\/www.justy.bio\/pt-pt\/#website","url":"https:\/\/www.justy.bio\/pt-pt\/","name":"Justy","description":"","publisher":{"@id":"https:\/\/www.justy.bio\/pt-pt\/#organization"},"potentialAction":[{"@type":"SearchAction","target":{"@type":"EntryPoint","urlTemplate":"https:\/\/www.justy.bio\/pt-pt\/?s={search_term_string}"},"query-input":{"@type":"PropertyValueSpecification","valueRequired":true,"valueName":"search_term_string"}}],"inLanguage":"pt-PT"},{"@type":"Organization","@id":"https:\/\/www.justy.bio\/pt-pt\/#organization","name":"Justy","url":"https:\/\/www.justy.bio\/pt-pt\/","logo":{"@type":"ImageObject","inLanguage":"pt-PT","@id":"https:\/\/www.justy.bio\/pt-pt\/#\/schema\/logo\/image\/","url":"https:\/\/www.justy.bio\/wp-content\/uploads\/2023\/10\/Logo.png","contentUrl":"https:\/\/www.justy.bio\/wp-content\/uploads\/2023\/10\/Logo.png","width":218,"height":218,"caption":"Justy"},"image":{"@id":"https:\/\/www.justy.bio\/pt-pt\/#\/schema\/logo\/image\/"},"sameAs":["https:\/\/www.facebook.com\/justygoodness","https:\/\/www.instagram.com\/justygoodness\/"]}]},"product_price_amount":"7.95","product_price_currency":"EUR","og_availability":"instock","product_availability":"instock","product_retailer_item_id":"3303003","product_condition":"new"},"_links":{"self":[{"href":"https:\/\/www.justy.bio\/pt-pt\/wp-json\/wp\/v2\/product\/30235","targetHints":{"allow":["GET"]}}],"collection":[{"href":"https:\/\/www.justy.bio\/pt-pt\/wp-json\/wp\/v2\/product"}],"about":[{"href":"https:\/\/www.justy.bio\/pt-pt\/wp-json\/wp\/v2\/types\/product"}],"replies":[{"embeddable":true,"href":"https:\/\/www.justy.bio\/pt-pt\/wp-json\/wp\/v2\/comments?post=30235"}],"wp:featuredmedia":[{"embeddable":true,"href":"https:\/\/www.justy.bio\/pt-pt\/wp-json\/wp\/v2\/media\/30240"}],"wp:attachment":[{"href":"https:\/\/www.justy.bio\/pt-pt\/wp-json\/wp\/v2\/media?parent=30235"}],"wp:term":[{"taxonomy":"product_brand","embeddable":true,"href":"https:\/\/www.justy.bio\/pt-pt\/wp-json\/wp\/v2\/product_brand?post=30235"},{"taxonomy":"product_cat","embeddable":true,"href":"https:\/\/www.justy.bio\/pt-pt\/wp-json\/wp\/v2\/product_cat?post=30235"},{"taxonomy":"product_tag","embeddable":true,"href":"https:\/\/www.justy.bio\/pt-pt\/wp-json\/wp\/v2\/product_tag?post=30235"}],"curies":[{"name":"wp","href":"https:\/\/api.w.org\/{rel}","templated":true}]}}