{"id":30250,"date":"2025-05-29T17:32:22","date_gmt":"2025-05-29T15:32:22","guid":{"rendered":"https:\/\/www.justy.de\/shop\/uncategorized\/detox-cleanse-5-days\/"},"modified":"2025-11-06T16:42:20","modified_gmt":"2025-11-06T15:42:20","slug":"plano-detox-5-dias","status":"publish","type":"product","link":"https:\/\/www.justy.bio\/pt-pt\/shop\/planos-detox\/plano-detox-5-dias\/","title":{"rendered":"PLANO DETOX JUSTY (5 DIAS)"},"content":{"rendered":"\n<h3 class=\"wp-block-heading\" id=\"h-uma-limpeza-com-sucos-de-vegetais-por-5-dias-e-uma-desintoxicacao-liquida-e-curta-pensada-para-dar-suporte-ao-corpo-e-a-mente-durante-esse-tratamento-voce-consome-apenas-sucos-vegetais-organicos-sopas-de-legumes-shots-concentrados-e-cha-de-ervas-com-essa-limpeza-de-5-dias-voce-pode-deixar-para-tras-habitos-pouco-saudaveis-e-ajudar-seu-corpo-de-forma-natural\">Uma limpeza com sucos de vegetais por 5 dias \u00e9 uma desintoxica\u00e7\u00e3o l\u00edquida e curta, pensada para dar suporte ao corpo e \u00e0 mente. Durante esse tratamento, voc\u00ea consome apenas sucos vegetais org\u00e2nicos, sopas de legumes, shots concentrados e ch\u00e1 de ervas. Com essa limpeza de 5 dias, voc\u00ea pode deixar para tr\u00e1s h\u00e1bitos pouco saud\u00e1veis e ajudar seu corpo de forma natural.<\/h3>\n\n\n\n<div style=\"height:24px\" aria-hidden=\"true\" class=\"wp-block-spacer\"><\/div>\n\n\n\n<h2 class=\"wp-block-heading\" id=\"h-beneficios-de-uma-limpeza-com-sucos-de-5-dias\">BENEF\u00cdCIOS DE UMA LIMPEZA COM SUCOS DE 5 DIAS<\/h2>\n\n\n\n<div style=\"height:24px\" aria-hidden=\"true\" class=\"wp-block-spacer\"><\/div>\n\n\n\n<h3 class=\"wp-block-heading\" id=\"h-apoio-a-funcao-de-limpeza-do-figado\">Apoio \u00e0 fun\u00e7\u00e3o de limpeza do f\u00edgado<\/h3>\n\n\n\n<p>O principal objetivo de uma limpeza com sucos de 5 dias \u00e9 apoiar o corpo para que ele continue desempenhando suas fun\u00e7\u00f5es naturais da melhor maneira poss\u00edvel. A limpeza com sucos pode ser vista como parte de um estilo de vida saud\u00e1vel e equilibrado.<\/p>\n\n\n\n<p>Com nossa limpeza de 5 dias, voc\u00ea receber\u00e1 diversos sucos, sopas e shots que podem dar suporte ao seu organismo. Por exemplo, o suco Detox especial do nosso programa cont\u00e9m colina, que auxilia na fun\u00e7\u00e3o de limpeza do f\u00edgado*. O c\u00e1lcio presente nos sucos ajuda a digest\u00e3o a funcionar corretamente. Al\u00e9m disso, os antioxidantes (como a vitamina C e o mangan\u00eas) contribuem para a prote\u00e7\u00e3o das c\u00e9lulas do corpo contra influ\u00eancias externas prejudiciais, como a polui\u00e7\u00e3o do ar e a radia\u00e7\u00e3o UV.<\/p>\n\n\n\n<p>Outro objetivo igualmente importante da limpeza com sucos \u00e9 interromper temporariamente h\u00e1bitos pouco saud\u00e1veis, como fumar, consumir alimentos ultraprocessados, beber \u00e1lcool e caf\u00e9, substituindo-os por descanso adequado e alimenta\u00e7\u00e3o natural. O ideal \u00e9 come\u00e7ar a eliminar esses h\u00e1bitos antes da limpeza. Assim, o corpo n\u00e3o precisar\u00e1 lidar com subst\u00e2ncias prejudiciais por pelo menos 5 dias e ser\u00e1 menos sobrecarregado. Voc\u00ea pode ver essa limpeza como uma ajuda extra para o seu corpo.<\/p>\n\n\n\n<div style=\"height:24px\" aria-hidden=\"true\" class=\"wp-block-spacer\"><\/div>\n\n\n\n<h3 class=\"wp-block-heading\" id=\"h-beneficios-da-limpeza-com-sucos\">Benef\u00edcios da Limpeza com Sucos<\/h3>\n\n\n\n<p>Even if you have been eating super healthy for years, a Juice cleanse can support your overall vitality. You give your body some temporary rest. In addition, you get a loMesmo que voc\u00ea j\u00e1 tenha uma alimenta\u00e7\u00e3o saud\u00e1vel, a limpeza com sucos pode oferecer suporte extra \u00e0 sua vitalidade geral. Ela proporciona um descanso tempor\u00e1rio ao sistema digestivo e, ao mesmo tempo, fornece uma grande quantidade de nutrientes ben\u00e9ficos \u00e0 sa\u00fade.<\/p>\n\n\n\n<p>Durante os 5 dias de limpeza, voc\u00ea consome&nbsp;<strong>mais de 15 quilos de vegetais crus, frutas, ervas, especiarias e algas marinhas org\u00e2nicas<\/strong>! E o melhor: ao serem prensados a frio com slow juicer, os nutrientes dos ingredientes s\u00e3o facilmente absorvidos pelo corpo.<\/p>\n\n\n\n<p>Ao fazer a nossa limpeza com sucos, voc\u00ea pode obter os seguintes benef\u00edcios:<\/p>\n\n\n\n<ul class=\"wp-block-list\">\n<li>Apoio \u00e0 imunidade com vitamina C, zinco e \u00e1cido f\u00f3lico<\/li>\n\n\n\n<li>Mais energia com vitamina B6, cobre e ferro<\/li>\n\n\n\n<li>Funcionamento normal da digest\u00e3o com c\u00e1lcio<\/li>\n\n\n\n<li>Clareza mental com \u00e1cido f\u00f3lico e vitamina B1<\/li>\n\n\n\n<li>Pele saud\u00e1vel com vitamina A, iodo e zinco<\/li>\n\n\n\n<li>Ossos e m\u00fasculos fortes com c\u00e1lcio e magn\u00e9sio<\/li>\n\n\n\n<li>Prote\u00e7\u00e3o contra danos oxidativos com vitamina C, vitamina E e mangan\u00eas<\/li>\n\n\n\n<li>Regula\u00e7\u00e3o da atividade hormonal com vitamina B6 e zinco<\/li>\n\n\n\n<li>Produ\u00e7\u00e3o hormonal normal da tireoide com iodo<\/li>\n\n\n\n<li>Resili\u00eancia mental, concentra\u00e7\u00e3o e mem\u00f3ria com vitamina B6, magn\u00e9sio e \u00e1cido f\u00f3lico<\/li>\n\n\n\n<li>Manuten\u00e7\u00e3o da press\u00e3o arterial com pot\u00e1ssio<\/li>\n<\/ul>\n\n\n\n<p><em>Saiba mais sobre os benef\u00edcios da nossa limpeza com sucos no nosso site.<\/em><\/p>\n\n\n\n<div style=\"height:14px\" aria-hidden=\"true\" class=\"wp-block-spacer\"><\/div>\n\n\n\n<h3 class=\"wp-block-heading\" id=\"h-limpeza-com-sucos-e-estilo-de-vida-saudavel\">Limpeza com Sucos e Estilo de Vida Saud\u00e1vel<\/h3>\n\n\n\n<p>Quer mudar seu estilo de vida e adotar h\u00e1bitos mais saud\u00e1veis? Deseja cuidar melhor do seu corpo e dar o suporte ideal ao seu sistema imunol\u00f3gico? Ent\u00e3o, adquirir a nossa&nbsp;<strong>limpeza com sucos de 5 dias<\/strong>&nbsp;\u00e9 um excelente primeiro passo! Voc\u00ea tamb\u00e9m pode us\u00e1-la como apoio durante a perda de peso, favorecendo sua sa\u00fade.<\/p>\n\n\n\n<p>Seguir uma limpeza com sucos por 5 dias \u00e9 uma \u00f3tima forma de iniciar novos h\u00e1bitos saud\u00e1veis. Ao abandonar antigos padr\u00f5es, fica mais f\u00e1cil recome\u00e7ar com mais equil\u00edbrio e consci\u00eancia. Ao adquirir a nossa limpeza, voc\u00ea receber\u00e1 por e-mail um&nbsp;<strong>manual digital de detox<\/strong>&nbsp;e&nbsp;<strong>deliciosas receitas detox<\/strong>, para ajudar em toda a sua jornada.<\/p>\n\n\n\n<div style=\"height:24px\" aria-hidden=\"true\" class=\"wp-block-spacer\"><\/div>\n\n\n\n<p><strong>Conte\u00fado da Limpeza com Sucos de 5 Dias:<\/strong><\/p>\n\n\n\n<ul class=\"wp-block-list\">\n<li>30 sucos vegetais org\u00e2nicos Slowjuice (240 ml)<\/li>\n\n\n\n<li>5 shots detoxificantes org\u00e2nicos Slowjuice (50 ml)<\/li>\n\n\n\n<li>5 sopas vegetais org\u00e2nicas (470 ml)<\/li>\n\n\n\n<li>Ch\u00e1 de ervas org\u00e2nico<\/li>\n\n\n\n<li>Explica\u00e7\u00e3o detalhada sobre a prepara\u00e7\u00e3o<\/li>\n\n\n\n<li>Card\u00e1pio saud\u00e1vel para o pr\u00e9 e o p\u00f3s-detox<\/li>\n<\/ul>\n","protected":false},"excerpt":{"rendered":"<p>30 Sumos | 5 Shots | 5 Sopas | Ch\u00e1 ? Dificuldade m\u00e9dia. Mais de 15 quilos de vegetais.<\/p>\n","protected":false},"featured_media":192736,"comment_status":"open","ping_status":"closed","template":"","meta":{"_acf_changed":true,"_gspb_post_css":""},"product_brand":[],"product_cat":[1032],"product_tag":[916],"class_list":{"0":"post-30250","1":"product","2":"type-product","3":"status-publish","4":"has-post-thumbnail","6":"product_cat-planos-detox","7":"product_tag-import-pt-pt","8":"has-subscription-plans","10":"first","11":"instock","12":"sale","13":"taxable","14":"shipping-taxable","15":"purchasable","16":"product-type-easy_product_bundle"},"bundled_by":[],"bundle_stock_status":"instock","bundle_stock_quantity":null,"bundle_virtual":false,"bundle_layout":"","bundle_add_to_cart_form_location":"","bundle_editable_in_cart":false,"bundle_sold_individually_context":"","bundle_item_grouping":"","bundle_min_size":"","bundle_max_size":"","bundle_price":[],"bundled_items":[],"bundle_sell_ids":[],"acf":[],"yoast_head":"<!-- This site is optimized with the Yoast SEO Premium plugin v25.5 (Yoast SEO v25.5) - https:\/\/yoast.com\/wordpress\/plugins\/seo\/ -->\n<title>PLANO DETOX JUSTY (5 DIAS) - Justy<\/title>\n<meta name=\"description\" content=\"Plano Detox Justy (5 dias) 30 Sumos | 5 Shots | 5 Sopas | Ch\u00e1 ? Dificuldade m\u00e9dia. Mais de 15 quilos de vegetais.\" \/>\n<meta name=\"robots\" content=\"index, follow, max-snippet:-1, max-image-preview:large, max-video-preview:-1\" \/>\n<link rel=\"canonical\" href=\"https:\/\/www.justy.bio\/pt-pt\/shop\/planos-detox\/plano-detox-5-dias\/\" \/>\n<meta property=\"og:locale\" content=\"pt_PT\" \/>\n<meta property=\"og:type\" content=\"article\" \/>\n<meta property=\"og:title\" content=\"PLANO DETOX JUSTY (5 DIAS) - Justy\" \/>\n<meta property=\"og:description\" content=\"Plano Detox Justy (5 dias) 30 Sumos | 5 Shots | 5 Sopas | Ch\u00e1 ? Dificuldade m\u00e9dia. Mais de 15 quilos de vegetais.\" \/>\n<meta property=\"og:url\" content=\"https:\/\/www.justy.bio\/pt-pt\/shop\/planos-detox\/plano-detox-5-dias\/\" \/>\n<meta property=\"og:site_name\" content=\"Justy\" \/>\n<meta property=\"article:publisher\" content=\"https:\/\/www.facebook.com\/justygoodness\" \/>\n<meta property=\"article:modified_time\" content=\"2025-11-06T15:42:20+00:00\" \/>\n<meta property=\"og:image\" content=\"https:\/\/www.justy.bio\/wp-content\/uploads\/2025\/05\/detox-5_2-1.webp\" \/>\n\t<meta property=\"og:image:width\" content=\"800\" \/>\n\t<meta property=\"og:image:height\" content=\"517\" \/>\n\t<meta property=\"og:image:type\" content=\"image\/webp\" \/>\n<meta name=\"twitter:card\" content=\"summary_large_image\" \/>\n<meta name=\"twitter:label1\" content=\"pre\u00e7o\" \/>\n\t<meta name=\"twitter:data1\" content=\"&euro;&nbsp;195,00\" \/>\n\t<meta name=\"twitter:label2\" content=\"Disponibilidade\" \/>\n\t<meta name=\"twitter:data2\" content=\"Em stock\" \/>\n<script type=\"application\/ld+json\" class=\"yoast-schema-graph\">{\"@context\":\"https:\/\/schema.org\",\"@graph\":[{\"@type\":\"WebPage\",\"@id\":\"https:\/\/www.justy.bio\/pt-pt\/shop\/planos-detox\/plano-detox-5-dias\/\",\"url\":\"https:\/\/www.justy.bio\/pt-pt\/shop\/planos-detox\/plano-detox-5-dias\/\",\"name\":\"PLANO DETOX JUSTY (5 DIAS) - Justy\",\"isPartOf\":{\"@id\":\"https:\/\/www.justy.bio\/pt-pt\/#website\"},\"primaryImageOfPage\":{\"@id\":\"https:\/\/www.justy.bio\/pt-pt\/shop\/planos-detox\/plano-detox-5-dias\/#primaryimage\"},\"image\":{\"@id\":\"https:\/\/www.justy.bio\/pt-pt\/shop\/planos-detox\/plano-detox-5-dias\/#primaryimage\"},\"thumbnailUrl\":\"https:\/\/www.justy.bio\/wp-content\/uploads\/2025\/05\/1_detox-composite-f5f6ee-2-scaled.jpg\",\"datePublished\":\"2025-05-29T15:32:22+00:00\",\"dateModified\":\"2025-11-06T15:42:20+00:00\",\"description\":\"Plano Detox Justy (5 dias) 30 Sumos | 5 Shots | 5 Sopas | Ch\u00e1 ? Dificuldade m\u00e9dia. Mais de 15 quilos de vegetais.\",\"breadcrumb\":{\"@id\":\"https:\/\/www.justy.bio\/pt-pt\/shop\/planos-detox\/plano-detox-5-dias\/#breadcrumb\"},\"inLanguage\":\"pt-PT\",\"potentialAction\":[{\"@type\":\"ReadAction\",\"target\":[\"https:\/\/www.justy.bio\/pt-pt\/shop\/planos-detox\/plano-detox-5-dias\/\"]}]},{\"@type\":\"ImageObject\",\"inLanguage\":\"pt-PT\",\"@id\":\"https:\/\/www.justy.bio\/pt-pt\/shop\/planos-detox\/plano-detox-5-dias\/#primaryimage\",\"url\":\"https:\/\/www.justy.bio\/wp-content\/uploads\/2025\/05\/1_detox-composite-f5f6ee-2-scaled.jpg\",\"contentUrl\":\"https:\/\/www.justy.bio\/wp-content\/uploads\/2025\/05\/1_detox-composite-f5f6ee-2-scaled.jpg\",\"width\":1707,\"height\":2560},{\"@type\":\"BreadcrumbList\",\"@id\":\"https:\/\/www.justy.bio\/pt-pt\/shop\/planos-detox\/plano-detox-5-dias\/#breadcrumb\",\"itemListElement\":[{\"@type\":\"ListItem\",\"position\":1,\"name\":\"Shop\",\"item\":\"https:\/\/www.justy.bio\/pt-pt\/shop\/\"},{\"@type\":\"ListItem\",\"position\":2,\"name\":\"PLANO DETOX JUSTY (5 DIAS)\"}]},{\"@type\":\"WebSite\",\"@id\":\"https:\/\/www.justy.bio\/pt-pt\/#website\",\"url\":\"https:\/\/www.justy.bio\/pt-pt\/\",\"name\":\"Justy\",\"description\":\"\",\"publisher\":{\"@id\":\"https:\/\/www.justy.bio\/pt-pt\/#organization\"},\"potentialAction\":[{\"@type\":\"SearchAction\",\"target\":{\"@type\":\"EntryPoint\",\"urlTemplate\":\"https:\/\/www.justy.bio\/pt-pt\/?s={search_term_string}\"},\"query-input\":{\"@type\":\"PropertyValueSpecification\",\"valueRequired\":true,\"valueName\":\"search_term_string\"}}],\"inLanguage\":\"pt-PT\"},{\"@type\":\"Organization\",\"@id\":\"https:\/\/www.justy.bio\/pt-pt\/#organization\",\"name\":\"Justy\",\"url\":\"https:\/\/www.justy.bio\/pt-pt\/\",\"logo\":{\"@type\":\"ImageObject\",\"inLanguage\":\"pt-PT\",\"@id\":\"https:\/\/www.justy.bio\/pt-pt\/#\/schema\/logo\/image\/\",\"url\":\"https:\/\/www.justy.bio\/wp-content\/uploads\/2023\/10\/Logo.png\",\"contentUrl\":\"https:\/\/www.justy.bio\/wp-content\/uploads\/2023\/10\/Logo.png\",\"width\":218,\"height\":218,\"caption\":\"Justy\"},\"image\":{\"@id\":\"https:\/\/www.justy.bio\/pt-pt\/#\/schema\/logo\/image\/\"},\"sameAs\":[\"https:\/\/www.facebook.com\/justygoodness\",\"https:\/\/www.instagram.com\/justygoodness\/\"]}]}<\/script>\n<meta property=\"product:price:amount\" content=\"195.00\" \/>\n<meta property=\"product:price:currency\" content=\"EUR\" \/>\n<meta property=\"og:availability\" content=\"instock\" \/>\n<meta property=\"product:availability\" content=\"instock\" \/>\n<meta property=\"product:retailer_item_id\" content=\"SAP - 00002\" \/>\n<meta property=\"product:condition\" content=\"new\" \/>\n<!-- \/ Yoast SEO Premium plugin. -->","yoast_head_json":{"title":"PLANO DETOX JUSTY (5 DIAS) - Justy","description":"Plano Detox Justy (5 dias) 30 Sumos | 5 Shots | 5 Sopas | Ch\u00e1 ? Dificuldade m\u00e9dia. Mais de 15 quilos de vegetais.","robots":{"index":"index","follow":"follow","max-snippet":"max-snippet:-1","max-image-preview":"max-image-preview:large","max-video-preview":"max-video-preview:-1"},"canonical":"https:\/\/www.justy.bio\/pt-pt\/shop\/planos-detox\/plano-detox-5-dias\/","og_locale":"pt_PT","og_type":"article","og_title":"PLANO DETOX JUSTY (5 DIAS) - Justy","og_description":"Plano Detox Justy (5 dias) 30 Sumos | 5 Shots | 5 Sopas | Ch\u00e1 ? Dificuldade m\u00e9dia. Mais de 15 quilos de vegetais.","og_url":"https:\/\/www.justy.bio\/pt-pt\/shop\/planos-detox\/plano-detox-5-dias\/","og_site_name":"Justy","article_publisher":"https:\/\/www.facebook.com\/justygoodness","article_modified_time":"2025-11-06T15:42:20+00:00","og_image":[{"width":800,"height":517,"url":"https:\/\/www.justy.bio\/wp-content\/uploads\/2025\/05\/detox-5_2-1.webp","type":"image\/webp"}],"twitter_card":"summary_large_image","twitter_misc":{"pre\u00e7o":"&euro;&nbsp;195,00","Disponibilidade":"Em stock"},"schema":{"@context":"https:\/\/schema.org","@graph":[{"@type":"WebPage","@id":"https:\/\/www.justy.bio\/pt-pt\/shop\/planos-detox\/plano-detox-5-dias\/","url":"https:\/\/www.justy.bio\/pt-pt\/shop\/planos-detox\/plano-detox-5-dias\/","name":"PLANO DETOX JUSTY (5 DIAS) - Justy","isPartOf":{"@id":"https:\/\/www.justy.bio\/pt-pt\/#website"},"primaryImageOfPage":{"@id":"https:\/\/www.justy.bio\/pt-pt\/shop\/planos-detox\/plano-detox-5-dias\/#primaryimage"},"image":{"@id":"https:\/\/www.justy.bio\/pt-pt\/shop\/planos-detox\/plano-detox-5-dias\/#primaryimage"},"thumbnailUrl":"https:\/\/www.justy.bio\/wp-content\/uploads\/2025\/05\/1_detox-composite-f5f6ee-2-scaled.jpg","datePublished":"2025-05-29T15:32:22+00:00","dateModified":"2025-11-06T15:42:20+00:00","description":"Plano Detox Justy (5 dias) 30 Sumos | 5 Shots | 5 Sopas | Ch\u00e1 ? Dificuldade m\u00e9dia. Mais de 15 quilos de vegetais.","breadcrumb":{"@id":"https:\/\/www.justy.bio\/pt-pt\/shop\/planos-detox\/plano-detox-5-dias\/#breadcrumb"},"inLanguage":"pt-PT","potentialAction":[{"@type":"ReadAction","target":["https:\/\/www.justy.bio\/pt-pt\/shop\/planos-detox\/plano-detox-5-dias\/"]}]},{"@type":"ImageObject","inLanguage":"pt-PT","@id":"https:\/\/www.justy.bio\/pt-pt\/shop\/planos-detox\/plano-detox-5-dias\/#primaryimage","url":"https:\/\/www.justy.bio\/wp-content\/uploads\/2025\/05\/1_detox-composite-f5f6ee-2-scaled.jpg","contentUrl":"https:\/\/www.justy.bio\/wp-content\/uploads\/2025\/05\/1_detox-composite-f5f6ee-2-scaled.jpg","width":1707,"height":2560},{"@type":"BreadcrumbList","@id":"https:\/\/www.justy.bio\/pt-pt\/shop\/planos-detox\/plano-detox-5-dias\/#breadcrumb","itemListElement":[{"@type":"ListItem","position":1,"name":"Shop","item":"https:\/\/www.justy.bio\/pt-pt\/shop\/"},{"@type":"ListItem","position":2,"name":"PLANO DETOX JUSTY (5 DIAS)"}]},{"@type":"WebSite","@id":"https:\/\/www.justy.bio\/pt-pt\/#website","url":"https:\/\/www.justy.bio\/pt-pt\/","name":"Justy","description":"","publisher":{"@id":"https:\/\/www.justy.bio\/pt-pt\/#organization"},"potentialAction":[{"@type":"SearchAction","target":{"@type":"EntryPoint","urlTemplate":"https:\/\/www.justy.bio\/pt-pt\/?s={search_term_string}"},"query-input":{"@type":"PropertyValueSpecification","valueRequired":true,"valueName":"search_term_string"}}],"inLanguage":"pt-PT"},{"@type":"Organization","@id":"https:\/\/www.justy.bio\/pt-pt\/#organization","name":"Justy","url":"https:\/\/www.justy.bio\/pt-pt\/","logo":{"@type":"ImageObject","inLanguage":"pt-PT","@id":"https:\/\/www.justy.bio\/pt-pt\/#\/schema\/logo\/image\/","url":"https:\/\/www.justy.bio\/wp-content\/uploads\/2023\/10\/Logo.png","contentUrl":"https:\/\/www.justy.bio\/wp-content\/uploads\/2023\/10\/Logo.png","width":218,"height":218,"caption":"Justy"},"image":{"@id":"https:\/\/www.justy.bio\/pt-pt\/#\/schema\/logo\/image\/"},"sameAs":["https:\/\/www.facebook.com\/justygoodness","https:\/\/www.instagram.com\/justygoodness\/"]}]},"product_price_amount":"195.00","product_price_currency":"EUR","og_availability":"instock","product_availability":"instock","product_retailer_item_id":"SAP - 00002","product_condition":"new"},"_links":{"self":[{"href":"https:\/\/www.justy.bio\/pt-pt\/wp-json\/wp\/v2\/product\/30250","targetHints":{"allow":["GET"]}}],"collection":[{"href":"https:\/\/www.justy.bio\/pt-pt\/wp-json\/wp\/v2\/product"}],"about":[{"href":"https:\/\/www.justy.bio\/pt-pt\/wp-json\/wp\/v2\/types\/product"}],"replies":[{"embeddable":true,"href":"https:\/\/www.justy.bio\/pt-pt\/wp-json\/wp\/v2\/comments?post=30250"}],"wp:featuredmedia":[{"embeddable":true,"href":"https:\/\/www.justy.bio\/pt-pt\/wp-json\/wp\/v2\/media\/192736"}],"wp:attachment":[{"href":"https:\/\/www.justy.bio\/pt-pt\/wp-json\/wp\/v2\/media?parent=30250"}],"wp:term":[{"taxonomy":"product_brand","embeddable":true,"href":"https:\/\/www.justy.bio\/pt-pt\/wp-json\/wp\/v2\/product_brand?post=30250"},{"taxonomy":"product_cat","embeddable":true,"href":"https:\/\/www.justy.bio\/pt-pt\/wp-json\/wp\/v2\/product_cat?post=30250"},{"taxonomy":"product_tag","embeddable":true,"href":"https:\/\/www.justy.bio\/pt-pt\/wp-json\/wp\/v2\/product_tag?post=30250"}],"curies":[{"name":"wp","href":"https:\/\/api.w.org\/{rel}","templated":true}]}}