{"id":30256,"date":"2025-05-29T17:32:50","date_gmt":"2025-05-29T15:32:50","guid":{"rendered":"https:\/\/www.justy.de\/shop\/sem%20categoria\/detox-cleanse-7-days\/"},"modified":"2025-11-06T16:42:20","modified_gmt":"2025-11-06T15:42:20","slug":"plano-detox-7-dias","status":"publish","type":"product","link":"https:\/\/www.justy.bio\/pt-pt\/shop\/planos-detox\/plano-detox-7-dias\/","title":{"rendered":"PLANO DETOX JUSTY (7 DIAS)"},"content":{"rendered":"\n<h3 class=\"wp-block-heading\" id=\"h-transforme-o-seu-corpo-com-a-nossa-cura-bio-detox-de-7-dias-infundida-com-mais-de-21-quilos-de-vegetais-frescos\">Transforme o seu corpo com a nossa Cura BIO Detox de 7 dias, infundida com mais de 21 quilos de vegetais frescos!<\/h3>\n\n\n\n<p>Mergulhe num festival de sabores com a nossa gama de sumos, sopas revigorantes e shots, todos preparados com mais de 15 ingredientes 100% biol\u00f3gicos, dos quais mais de 85% prov\u00eam de vegetais ricos em vitaminas e minerais.<\/p>\n\n\n\n<p>Explore os benef\u00edcios naturais e alimente o seu corpo desde o interior, elimine toxinas e reabaste\u00e7a o organismo com nutrientes essenciais. Sinta o aumento de energia e vitalidade a cada gole, consciente que est\u00e1 a oferecer ao seu corpo o melhor que a natureza tem para oferecer. Mergulhe nesta experi\u00eancia sensorial de bem-estar e descubra uma nova vers\u00e3o mais vibrante de si mesmo.<\/p>\n\n\n\n<p><strong>Um dia fornece 675 kcal.<\/strong><\/p>\n\n\n\n<div style=\"height:24px\" aria-hidden=\"true\" class=\"wp-block-spacer\"><\/div>\n\n\n\n<h2 class=\"wp-block-heading\" id=\"h-beneficios-de-uma-limpeza-com-sucos-de-7-dias\">BENEF\u00cdCIOS DE UMA LIMPEZA COM SUCOS DE 7 DIAS<\/h2>\n\n\n\n<div style=\"height:24px\" aria-hidden=\"true\" class=\"wp-block-spacer\"><\/div>\n\n\n\n<h3 class=\"wp-block-heading\" id=\"h-apoio-a-funcao-de-limpeza-do-figado\">Apoio \u00e0 fun\u00e7\u00e3o de limpeza do f\u00edgado<\/h3>\n\n\n\n<p>O principal objetivo de uma limpeza com sucos de 7 dias \u00e9 apoiar o corpo para que ele continue desempenhando suas fun\u00e7\u00f5es naturais da melhor forma poss\u00edvel. A limpeza com sucos pode ser vista como parte de um estilo de vida saud\u00e1vel e equilibrado.<\/p>\n\n\n\n<p>Com a nossa limpeza de 7 dias, voc\u00ea receber\u00e1 diferentes sucos, sopas e shots que podem oferecer suporte ao seu organismo. Por exemplo, o suco Detox especial cont\u00e9m colina, que auxilia a fun\u00e7\u00e3o de limpeza do f\u00edgado. O c\u00e1lcio presente nos sucos contribui para uma digest\u00e3o eficiente. Al\u00e9m disso, os antioxidantes (como a vitamina C e o mangan\u00eas) ajudam a proteger as c\u00e9lulas do corpo contra influ\u00eancias externas prejudiciais, como polui\u00e7\u00e3o do ar e radia\u00e7\u00e3o UV.<\/p>\n\n\n\n<p>Outro objetivo importante da limpeza com sucos \u00e9 interromper temporariamente h\u00e1bitos prejudiciais, como fumar, consumir alimentos industrializados, bebidas alco\u00f3licas e caf\u00e9, substituindo-os por descanso e alimenta\u00e7\u00e3o saud\u00e1vel. O ideal \u00e9 come\u00e7ar a eliminar esses h\u00e1bitos antes da limpeza. Assim, seu corpo evita o processamento de subst\u00e2ncias nocivas por pelo menos 7 dias, sendo menos sobrecarregado. Essa limpeza \u00e9 como uma for\u00e7a extra para o seu corpo.<\/p>\n\n\n\n<div style=\"height:24px\" aria-hidden=\"true\" class=\"wp-block-spacer\"><\/div>\n\n\n\n<h3 class=\"wp-block-heading\" id=\"h-beneficios-da-limpeza-com-sucosmesmo-se-voce-ja-mantem-uma-alimentacao-saudavel-uma-limpeza-com-sucos-pode-fortalecer-ainda-mais-sua-vitalidade-ela-proporciona-um-descanso-momentaneo-ao-sistema-digestivo-e-ao-mesmo-tempo-oferece-uma-grande-carga-de-nutrientes-que-sustentam-a-saude\">Benef\u00edcios da Limpeza com SucosMesmo se voc\u00ea j\u00e1 mant\u00e9m uma alimenta\u00e7\u00e3o saud\u00e1vel, uma limpeza com sucos pode fortalecer ainda mais sua vitalidade. Ela proporciona um descanso moment\u00e2neo ao sistema digestivo e, ao mesmo tempo, oferece uma grande carga de nutrientes que sustentam a sa\u00fade.<\/h3>\n\n\n\n<p>Durante a limpeza de 7 dias, voc\u00ea consome&nbsp;<strong>mais de 21 quilos de vegetais crus, frutas, ervas, especiarias e algas marinhas org\u00e2nicas<\/strong>! O melhor \u00e9 que, ao serem prensados com slow juicer, os nutrientes s\u00e3o facilmente absorvidos pelo organismo.<\/p>\n\n\n\n<p>Ao fazer nossa limpeza com sucos, voc\u00ea pode obter benef\u00edcios como:<\/p>\n\n\n\n<p>Manuten\u00e7\u00e3o da press\u00e3o arterial com pot\u00e1ssio<\/p>\n\n\n\n<p>Apoio \u00e0 imunidade com vitamina C, zinco e \u00e1cido f\u00f3lico<\/p>\n\n\n\n<p>Aumento da energia com vitamina B6, cobre e ferro<\/p>\n\n\n\n<p>Digest\u00e3o equilibrada com c\u00e1lcio<\/p>\n\n\n\n<p>Clareza mental com \u00e1cido f\u00f3lico e vitamina B1<\/p>\n\n\n\n<p>Pele saud\u00e1vel com vitamina A, iodo e zinco<\/p>\n\n\n\n<p>Ossos e m\u00fasculos fortes com c\u00e1lcio e magn\u00e9sio<\/p>\n\n\n\n<p>Prote\u00e7\u00e3o contra danos oxidativos com vitamina C, vitamina E e mangan\u00eas<\/p>\n\n\n\n<p>Regula\u00e7\u00e3o hormonal com vitamina B6 e zinco<\/p>\n\n\n\n<p>Produ\u00e7\u00e3o hormonal normal da tireoide com iodo<\/p>\n\n\n\n<p>Resili\u00eancia mental, concentra\u00e7\u00e3o e mem\u00f3ria com vitamina B6, magn\u00e9sio e \u00e1cido f\u00f3lico<\/p>\n\n\n\n<div style=\"height:14px\" aria-hidden=\"true\" class=\"wp-block-spacer\"><\/div>\n\n\n\n<div style=\"height:14px\" aria-hidden=\"true\" class=\"wp-block-spacer\"><\/div>\n\n\n\n<h3 class=\"wp-block-heading\" id=\"h-limpeza-com-sucos-e-estilo-de-vida-saudavel\">Limpeza com Sucos e Estilo de Vida Saud\u00e1vel<\/h3>\n\n\n\n<p>Quer transformar seu estilo de vida e adotar h\u00e1bitos mais saud\u00e1veis? Deseja cuidar melhor do seu corpo e fortalecer o sistema imunol\u00f3gico? Ent\u00e3o a nossa&nbsp;<strong>Cura Detox com Sucos de 7 Dias<\/strong>&nbsp;\u00e9 o come\u00e7o ideal! Voc\u00ea tamb\u00e9m pode us\u00e1-la como apoio durante o emagrecimento, promovendo bem-estar.<\/p>\n\n\n\n<p>Fazer uma limpeza com sucos de 7 dias \u00e9 a oportunidade perfeita para estabelecer novos h\u00e1bitos saud\u00e1veis. Ao abandonar velhos padr\u00f5es, torna-se mais f\u00e1cil recome\u00e7ar com equil\u00edbrio. Ao adquirir nossa limpeza, voc\u00ea receber\u00e1 um&nbsp;<strong>manual digital de detox<\/strong>&nbsp;e&nbsp;<strong>receitas detox deliciosas<\/strong>&nbsp;por e-mail para acompanhar voc\u00ea durante todo o processo.<\/p>\n\n\n\n<h3 class=\"wp-block-heading\" id=\"conteudo-da-limpeza-com-sucos-de-7-dias\"><strong>Conte\u00fado da Limpeza com Sucos de 7 Dias:<\/strong><\/h3>\n\n\n\n<ul class=\"wp-block-list\">\n<li>42 sucos vegetais org\u00e2nicos Slowjuice (240 ml)<\/li>\n\n\n\n<li>7 shots detoxificantes org\u00e2nicos Slowjuice (50 ml)<\/li>\n\n\n\n<li>7 sopas vegetais org\u00e2nicas (470 ml)<\/li>\n\n\n\n<li>Ch\u00e1 de ervas org\u00e2nico<\/li>\n\n\n\n<li>Explica\u00e7\u00e3o detalhada sobre a prepara\u00e7\u00e3o<\/li>\n\n\n\n<li>Card\u00e1pio saud\u00e1vel para o pr\u00e9 e o p\u00f3s-detox<\/li>\n<\/ul>\n","protected":false},"excerpt":{"rendered":"<p>42 Sumos | 7 Shots | 7 Sopas | Ch\u00e1 ? Dificuldade elevada. Mais de 21 quilos de vegetais.<\/p>\n","protected":false},"featured_media":192742,"comment_status":"open","ping_status":"closed","template":"","meta":{"_acf_changed":false,"_gspb_post_css":""},"product_brand":[],"product_cat":[1032],"product_tag":[916],"class_list":{"0":"post-30256","1":"product","2":"type-product","3":"status-publish","4":"has-post-thumbnail","6":"product_cat-planos-detox","7":"product_tag-import-pt-pt","8":"has-subscription-plans","10":"first","11":"instock","12":"sale","13":"taxable","14":"shipping-taxable","15":"purchasable","16":"product-type-easy_product_bundle"},"bundled_by":[],"bundle_stock_status":"instock","bundle_stock_quantity":null,"bundle_virtual":false,"bundle_layout":"","bundle_add_to_cart_form_location":"","bundle_editable_in_cart":false,"bundle_sold_individually_context":"","bundle_item_grouping":"","bundle_min_size":"","bundle_max_size":"","bundle_price":[],"bundled_items":[],"bundle_sell_ids":[],"acf":[],"yoast_head":"<!-- This site is optimized with the Yoast SEO Premium plugin v25.5 (Yoast SEO v25.5) - https:\/\/yoast.com\/wordpress\/plugins\/seo\/ -->\n<title>PLANO DETOX JUSTY (7 DIAS) - Justy<\/title>\n<meta name=\"description\" content=\"Cheio de vitaminas e minerais naturais que refor\u00e7am o seu sistema imunol\u00f3gico, como a vitamina C, vitamina B6 e \u00e1cido f\u00f3lico*.\" \/>\n<meta name=\"robots\" content=\"index, follow, max-snippet:-1, max-image-preview:large, max-video-preview:-1\" \/>\n<link rel=\"canonical\" href=\"https:\/\/www.justy.bio\/pt-pt\/shop\/planos-detox\/plano-detox-7-dias\/\" \/>\n<meta property=\"og:locale\" content=\"pt_PT\" \/>\n<meta property=\"og:type\" content=\"article\" \/>\n<meta property=\"og:title\" content=\"PLANO DETOX JUSTY (7 DIAS) - Justy\" \/>\n<meta property=\"og:description\" content=\"Cheio de vitaminas e minerais naturais que refor\u00e7am o seu sistema imunol\u00f3gico, como a vitamina C, vitamina B6 e \u00e1cido f\u00f3lico*.\" \/>\n<meta property=\"og:url\" content=\"https:\/\/www.justy.bio\/pt-pt\/shop\/planos-detox\/plano-detox-7-dias\/\" \/>\n<meta property=\"og:site_name\" content=\"Justy\" \/>\n<meta property=\"article:publisher\" content=\"https:\/\/www.facebook.com\/justygoodness\" \/>\n<meta property=\"article:modified_time\" content=\"2025-11-06T15:42:20+00:00\" \/>\n<meta property=\"og:image\" content=\"https:\/\/www.justy.bio\/wp-content\/uploads\/2025\/05\/detox-7_3-1.webp\" \/>\n\t<meta property=\"og:image:width\" content=\"800\" \/>\n\t<meta property=\"og:image:height\" content=\"517\" \/>\n\t<meta property=\"og:image:type\" content=\"image\/webp\" \/>\n<meta name=\"twitter:card\" content=\"summary_large_image\" \/>\n<meta name=\"twitter:label1\" content=\"pre\u00e7o\" \/>\n\t<meta name=\"twitter:data1\" content=\"&euro;&nbsp;259,00\" \/>\n\t<meta name=\"twitter:label2\" content=\"Disponibilidade\" \/>\n\t<meta name=\"twitter:data2\" content=\"Em stock\" \/>\n<script type=\"application\/ld+json\" class=\"yoast-schema-graph\">{\"@context\":\"https:\/\/schema.org\",\"@graph\":[{\"@type\":\"WebPage\",\"@id\":\"https:\/\/www.justy.bio\/pt-pt\/shop\/planos-detox\/plano-detox-7-dias\/\",\"url\":\"https:\/\/www.justy.bio\/pt-pt\/shop\/planos-detox\/plano-detox-7-dias\/\",\"name\":\"PLANO DETOX JUSTY (7 DIAS) - Justy\",\"isPartOf\":{\"@id\":\"https:\/\/www.justy.bio\/pt-pt\/#website\"},\"primaryImageOfPage\":{\"@id\":\"https:\/\/www.justy.bio\/pt-pt\/shop\/planos-detox\/plano-detox-7-dias\/#primaryimage\"},\"image\":{\"@id\":\"https:\/\/www.justy.bio\/pt-pt\/shop\/planos-detox\/plano-detox-7-dias\/#primaryimage\"},\"thumbnailUrl\":\"https:\/\/www.justy.bio\/wp-content\/uploads\/2025\/05\/1_detox-composite-fdf6eb-1-scaled.jpg\",\"datePublished\":\"2025-05-29T15:32:50+00:00\",\"dateModified\":\"2025-11-06T15:42:20+00:00\",\"description\":\"Cheio de vitaminas e minerais naturais que refor\u00e7am o seu sistema imunol\u00f3gico, como a vitamina C, vitamina B6 e \u00e1cido f\u00f3lico*.\",\"breadcrumb\":{\"@id\":\"https:\/\/www.justy.bio\/pt-pt\/shop\/planos-detox\/plano-detox-7-dias\/#breadcrumb\"},\"inLanguage\":\"pt-PT\",\"potentialAction\":[{\"@type\":\"ReadAction\",\"target\":[\"https:\/\/www.justy.bio\/pt-pt\/shop\/planos-detox\/plano-detox-7-dias\/\"]}]},{\"@type\":\"ImageObject\",\"inLanguage\":\"pt-PT\",\"@id\":\"https:\/\/www.justy.bio\/pt-pt\/shop\/planos-detox\/plano-detox-7-dias\/#primaryimage\",\"url\":\"https:\/\/www.justy.bio\/wp-content\/uploads\/2025\/05\/1_detox-composite-fdf6eb-1-scaled.jpg\",\"contentUrl\":\"https:\/\/www.justy.bio\/wp-content\/uploads\/2025\/05\/1_detox-composite-fdf6eb-1-scaled.jpg\",\"width\":1707,\"height\":2560},{\"@type\":\"BreadcrumbList\",\"@id\":\"https:\/\/www.justy.bio\/pt-pt\/shop\/planos-detox\/plano-detox-7-dias\/#breadcrumb\",\"itemListElement\":[{\"@type\":\"ListItem\",\"position\":1,\"name\":\"Shop\",\"item\":\"https:\/\/www.justy.bio\/pt-pt\/shop\/\"},{\"@type\":\"ListItem\",\"position\":2,\"name\":\"PLANO DETOX JUSTY (7 DIAS)\"}]},{\"@type\":\"WebSite\",\"@id\":\"https:\/\/www.justy.bio\/pt-pt\/#website\",\"url\":\"https:\/\/www.justy.bio\/pt-pt\/\",\"name\":\"Justy\",\"description\":\"\",\"publisher\":{\"@id\":\"https:\/\/www.justy.bio\/pt-pt\/#organization\"},\"potentialAction\":[{\"@type\":\"SearchAction\",\"target\":{\"@type\":\"EntryPoint\",\"urlTemplate\":\"https:\/\/www.justy.bio\/pt-pt\/?s={search_term_string}\"},\"query-input\":{\"@type\":\"PropertyValueSpecification\",\"valueRequired\":true,\"valueName\":\"search_term_string\"}}],\"inLanguage\":\"pt-PT\"},{\"@type\":\"Organization\",\"@id\":\"https:\/\/www.justy.bio\/pt-pt\/#organization\",\"name\":\"Justy\",\"url\":\"https:\/\/www.justy.bio\/pt-pt\/\",\"logo\":{\"@type\":\"ImageObject\",\"inLanguage\":\"pt-PT\",\"@id\":\"https:\/\/www.justy.bio\/pt-pt\/#\/schema\/logo\/image\/\",\"url\":\"https:\/\/www.justy.bio\/wp-content\/uploads\/2023\/10\/Logo.png\",\"contentUrl\":\"https:\/\/www.justy.bio\/wp-content\/uploads\/2023\/10\/Logo.png\",\"width\":218,\"height\":218,\"caption\":\"Justy\"},\"image\":{\"@id\":\"https:\/\/www.justy.bio\/pt-pt\/#\/schema\/logo\/image\/\"},\"sameAs\":[\"https:\/\/www.facebook.com\/justygoodness\",\"https:\/\/www.instagram.com\/justygoodness\/\"]}]}<\/script>\n<meta property=\"product:price:amount\" content=\"259.00\" \/>\n<meta property=\"product:price:currency\" content=\"EUR\" \/>\n<meta property=\"og:availability\" content=\"instock\" \/>\n<meta property=\"product:availability\" content=\"instock\" \/>\n<meta property=\"product:retailer_item_id\" content=\"SAP - 000038\" \/>\n<meta property=\"product:condition\" content=\"new\" \/>\n<!-- \/ Yoast SEO Premium plugin. -->","yoast_head_json":{"title":"PLANO DETOX JUSTY (7 DIAS) - Justy","description":"Cheio de vitaminas e minerais naturais que refor\u00e7am o seu sistema imunol\u00f3gico, como a vitamina C, vitamina B6 e \u00e1cido f\u00f3lico*.","robots":{"index":"index","follow":"follow","max-snippet":"max-snippet:-1","max-image-preview":"max-image-preview:large","max-video-preview":"max-video-preview:-1"},"canonical":"https:\/\/www.justy.bio\/pt-pt\/shop\/planos-detox\/plano-detox-7-dias\/","og_locale":"pt_PT","og_type":"article","og_title":"PLANO DETOX JUSTY (7 DIAS) - Justy","og_description":"Cheio de vitaminas e minerais naturais que refor\u00e7am o seu sistema imunol\u00f3gico, como a vitamina C, vitamina B6 e \u00e1cido f\u00f3lico*.","og_url":"https:\/\/www.justy.bio\/pt-pt\/shop\/planos-detox\/plano-detox-7-dias\/","og_site_name":"Justy","article_publisher":"https:\/\/www.facebook.com\/justygoodness","article_modified_time":"2025-11-06T15:42:20+00:00","og_image":[{"width":800,"height":517,"url":"https:\/\/www.justy.bio\/wp-content\/uploads\/2025\/05\/detox-7_3-1.webp","type":"image\/webp"}],"twitter_card":"summary_large_image","twitter_misc":{"pre\u00e7o":"&euro;&nbsp;259,00","Disponibilidade":"Em stock"},"schema":{"@context":"https:\/\/schema.org","@graph":[{"@type":"WebPage","@id":"https:\/\/www.justy.bio\/pt-pt\/shop\/planos-detox\/plano-detox-7-dias\/","url":"https:\/\/www.justy.bio\/pt-pt\/shop\/planos-detox\/plano-detox-7-dias\/","name":"PLANO DETOX JUSTY (7 DIAS) - Justy","isPartOf":{"@id":"https:\/\/www.justy.bio\/pt-pt\/#website"},"primaryImageOfPage":{"@id":"https:\/\/www.justy.bio\/pt-pt\/shop\/planos-detox\/plano-detox-7-dias\/#primaryimage"},"image":{"@id":"https:\/\/www.justy.bio\/pt-pt\/shop\/planos-detox\/plano-detox-7-dias\/#primaryimage"},"thumbnailUrl":"https:\/\/www.justy.bio\/wp-content\/uploads\/2025\/05\/1_detox-composite-fdf6eb-1-scaled.jpg","datePublished":"2025-05-29T15:32:50+00:00","dateModified":"2025-11-06T15:42:20+00:00","description":"Cheio de vitaminas e minerais naturais que refor\u00e7am o seu sistema imunol\u00f3gico, como a vitamina C, vitamina B6 e \u00e1cido f\u00f3lico*.","breadcrumb":{"@id":"https:\/\/www.justy.bio\/pt-pt\/shop\/planos-detox\/plano-detox-7-dias\/#breadcrumb"},"inLanguage":"pt-PT","potentialAction":[{"@type":"ReadAction","target":["https:\/\/www.justy.bio\/pt-pt\/shop\/planos-detox\/plano-detox-7-dias\/"]}]},{"@type":"ImageObject","inLanguage":"pt-PT","@id":"https:\/\/www.justy.bio\/pt-pt\/shop\/planos-detox\/plano-detox-7-dias\/#primaryimage","url":"https:\/\/www.justy.bio\/wp-content\/uploads\/2025\/05\/1_detox-composite-fdf6eb-1-scaled.jpg","contentUrl":"https:\/\/www.justy.bio\/wp-content\/uploads\/2025\/05\/1_detox-composite-fdf6eb-1-scaled.jpg","width":1707,"height":2560},{"@type":"BreadcrumbList","@id":"https:\/\/www.justy.bio\/pt-pt\/shop\/planos-detox\/plano-detox-7-dias\/#breadcrumb","itemListElement":[{"@type":"ListItem","position":1,"name":"Shop","item":"https:\/\/www.justy.bio\/pt-pt\/shop\/"},{"@type":"ListItem","position":2,"name":"PLANO DETOX JUSTY (7 DIAS)"}]},{"@type":"WebSite","@id":"https:\/\/www.justy.bio\/pt-pt\/#website","url":"https:\/\/www.justy.bio\/pt-pt\/","name":"Justy","description":"","publisher":{"@id":"https:\/\/www.justy.bio\/pt-pt\/#organization"},"potentialAction":[{"@type":"SearchAction","target":{"@type":"EntryPoint","urlTemplate":"https:\/\/www.justy.bio\/pt-pt\/?s={search_term_string}"},"query-input":{"@type":"PropertyValueSpecification","valueRequired":true,"valueName":"search_term_string"}}],"inLanguage":"pt-PT"},{"@type":"Organization","@id":"https:\/\/www.justy.bio\/pt-pt\/#organization","name":"Justy","url":"https:\/\/www.justy.bio\/pt-pt\/","logo":{"@type":"ImageObject","inLanguage":"pt-PT","@id":"https:\/\/www.justy.bio\/pt-pt\/#\/schema\/logo\/image\/","url":"https:\/\/www.justy.bio\/wp-content\/uploads\/2023\/10\/Logo.png","contentUrl":"https:\/\/www.justy.bio\/wp-content\/uploads\/2023\/10\/Logo.png","width":218,"height":218,"caption":"Justy"},"image":{"@id":"https:\/\/www.justy.bio\/pt-pt\/#\/schema\/logo\/image\/"},"sameAs":["https:\/\/www.facebook.com\/justygoodness","https:\/\/www.instagram.com\/justygoodness\/"]}]},"product_price_amount":"259.00","product_price_currency":"EUR","og_availability":"instock","product_availability":"instock","product_retailer_item_id":"SAP - 000038","product_condition":"new"},"_links":{"self":[{"href":"https:\/\/www.justy.bio\/pt-pt\/wp-json\/wp\/v2\/product\/30256","targetHints":{"allow":["GET"]}}],"collection":[{"href":"https:\/\/www.justy.bio\/pt-pt\/wp-json\/wp\/v2\/product"}],"about":[{"href":"https:\/\/www.justy.bio\/pt-pt\/wp-json\/wp\/v2\/types\/product"}],"replies":[{"embeddable":true,"href":"https:\/\/www.justy.bio\/pt-pt\/wp-json\/wp\/v2\/comments?post=30256"}],"wp:featuredmedia":[{"embeddable":true,"href":"https:\/\/www.justy.bio\/pt-pt\/wp-json\/wp\/v2\/media\/192742"}],"wp:attachment":[{"href":"https:\/\/www.justy.bio\/pt-pt\/wp-json\/wp\/v2\/media?parent=30256"}],"wp:term":[{"taxonomy":"product_brand","embeddable":true,"href":"https:\/\/www.justy.bio\/pt-pt\/wp-json\/wp\/v2\/product_brand?post=30256"},{"taxonomy":"product_cat","embeddable":true,"href":"https:\/\/www.justy.bio\/pt-pt\/wp-json\/wp\/v2\/product_cat?post=30256"},{"taxonomy":"product_tag","embeddable":true,"href":"https:\/\/www.justy.bio\/pt-pt\/wp-json\/wp\/v2\/product_tag?post=30256"}],"curies":[{"name":"wp","href":"https:\/\/api.w.org\/{rel}","templated":true}]}}