{"id":30276,"date":"2025-05-29T17:38:31","date_gmt":"2025-05-29T15:38:31","guid":{"rendered":"https:\/\/www.justy.de\/shop\/sem%20categoria\/body-reset-21-days\/"},"modified":"2025-10-16T15:14:20","modified_gmt":"2025-10-16T13:14:20","slug":"plano-justy-body-reset-21-dias","status":"publish","type":"product","link":"https:\/\/www.justy.bio\/pt-pt\/shop\/planos-detox\/plano-justy-body-reset-21-dias\/","title":{"rendered":"PLANO JUSTY BODY RESET (21 DIAS)"},"content":{"rendered":"\n<h2 class=\"wp-block-heading\" id=\"h-transformacao-total-em-21-dias-com-nosso-detox-inovador\">Transforma\u00e7\u00e3o Total em 21 Dias com Nosso Detox Inovador!<\/h2>\n\n\n\n<p>Pensado para proporcionar uma experi\u00eancia completa de revitaliza\u00e7\u00e3o e bem-estar, este programa \u00e9 seu passaporte para uma vers\u00e3o vibrante e renovada de voc\u00ea mesmo.<\/p>\n\n\n\n<p>Nosso detox de 21 dias \u00e9 cuidadosamente planejado em tr\u00eas fases distintas, cada uma com o objetivo de maximizar seus resultados e tornar sua jornada para um estilo de vida mais saud\u00e1vel mais f\u00e1cil e eficaz do que nunca.<\/p>\n\n\n\n<p><\/p>\n\n\n\n<h3 class=\"wp-block-heading\" id=\"h-fase-detox-7-dias-cura-com-sucos-acompanhada-de-barras-funcionais-para-iniciar-a-desintoxicacao-de-forma-suave\">Fase Detox (7 dias):Cura com sucos acompanhada de barras funcionais para iniciar a desintoxica\u00e7\u00e3o de forma suave.<\/h3>\n\n\n\n<p>Primeira fase focada na elimina\u00e7\u00e3o de toxinas e redu\u00e7\u00e3o do incha\u00e7o.<\/p>\n\n\n\n<p>Produtos entregues: 35 sucos | 7 sopas | 7 shots | ch\u00e1<\/p>\n\n\n\n<p><\/p>\n\n\n\n<h3 class=\"wp-block-heading\" id=\"h-fase-queima-de-gordura-7-dias-sucos-vegetais-com-mais-de-85-de-vegetais-em-cada-dose\">Fase Queima de Gordura (7 dias):Sucos vegetais com mais de 85% de vegetais em cada dose.<\/h3>\n\n\n\n<p>\u00canfase na elimina\u00e7\u00e3o de gordura corporal.<\/p>\n\n\n\n<p>Produtos entregues: 35 sucos | 7 sopas | 7 shots<\/p>\n\n\n\n<p><\/p>\n\n\n\n<h3 class=\"wp-block-heading\" id=\"h-fase-de-estabilizacao-7-dias-retorno-a-rotina-alimentar-habitual-com-possibilidade-de-escolher-sucos-sopas-e-smoothies-para-cada-horario\">Fase de Estabiliza\u00e7\u00e3o (7 dias):Retorno \u00e0 rotina alimentar habitual, com possibilidade de escolher sucos, sopas e smoothies para cada hor\u00e1rio.<\/h3>\n\n\n\n<h2 class=\"wp-block-heading\" id=\"h-produtos-entregues-28-sucos-7-sopas-7-smoothies-14-shots\">Produtos entregues: 28 sucos | 7 sopas | 7 smoothies | 14 shots<\/h2>\n\n\n\n<p>Voc\u00ea receber\u00e1 uma combina\u00e7\u00e3o de receitas j\u00e1 testadas nas fases anteriores, al\u00e9m de novas op\u00e7\u00f5es para experimentar uma maior variedade e decidir livremente a ordem do consumo.<\/p>\n\n\n\n<p><\/p>\n\n\n\n<p>Gra\u00e7as a essa abordagem estruturada em tr\u00eas fases, nosso detox de 21 dias oferece uma experi\u00eancia completa e eficaz para revitalizar seu corpo e bem-estar geral. Est\u00e1 na hora de iniciar sua jornada rumo a uma vers\u00e3o vibrante e renovada de voc\u00ea mesmo!<\/p>\n\n\n\n<p>?&nbsp;<strong>O produto ser\u00e1 entregue em tr\u00eas partes, uma para cada fase do programa.<\/strong><\/p>\n\n\n\n<p><\/p>\n","protected":false},"excerpt":{"rendered":"<p>98 Sumos | 21 Sopas | 28 Shots | 7 Smoothies | Ch\u00e1 ? Dificuldade alta. Descubra o nosso novo Body Reset 2.0. As mesmas 3 fases com resultados melhores. Fase 1 Detox. Fase 2 Queima de gordura. Fase 3 Estabiliza\u00e7\u00e3o.<\/p>\n","protected":false},"featured_media":30277,"comment_status":"closed","ping_status":"closed","template":"","meta":{"_acf_changed":true,"_gspb_post_css":""},"product_brand":[],"product_cat":[1032],"product_tag":[916],"class_list":{"0":"post-30276","1":"product","2":"type-product","3":"status-publish","4":"has-post-thumbnail","6":"product_cat-planos-detox","7":"product_tag-import-pt-pt","8":"has-subscription-plans","10":"first","11":"instock","12":"sale","13":"taxable","14":"shipping-taxable","15":"purchasable","16":"product-type-easy_product_bundle"},"bundled_by":[],"bundle_stock_status":"instock","bundle_stock_quantity":null,"bundle_virtual":false,"bundle_layout":"","bundle_add_to_cart_form_location":"","bundle_editable_in_cart":false,"bundle_sold_individually_context":"","bundle_item_grouping":"","bundle_min_size":"","bundle_max_size":"","bundle_price":[],"bundled_items":[],"bundle_sell_ids":[],"acf":[],"yoast_head":"<!-- This site is optimized with the Yoast SEO Premium plugin v25.5 (Yoast SEO v25.5) - https:\/\/yoast.com\/wordpress\/plugins\/seo\/ -->\n<title>PLANO JUSTY BODY RESET (21 DIAS) - Justy<\/title>\n<meta name=\"robots\" content=\"index, follow, max-snippet:-1, max-image-preview:large, max-video-preview:-1\" \/>\n<link rel=\"canonical\" href=\"https:\/\/www.justy.bio\/pt-pt\/shop\/planos-detox\/plano-justy-body-reset-21-dias\/\" \/>\n<meta property=\"og:locale\" content=\"pt_PT\" \/>\n<meta property=\"og:type\" content=\"article\" \/>\n<meta property=\"og:title\" content=\"PLANO JUSTY BODY RESET (21 DIAS) - Justy\" \/>\n<meta property=\"og:description\" content=\"98 Sumos | 21 Sopas | 28 Shots | 7 Smoothies | Ch\u00e1 ? Dificuldade alta. Descubra o nosso novo Body Reset 2.0. As mesmas 3 fases com resultados melhores. Fase 1 Detox. Fase 2 Queima de gordura. Fase 3 Estabiliza\u00e7\u00e3o.\" \/>\n<meta property=\"og:url\" content=\"https:\/\/www.justy.bio\/pt-pt\/shop\/planos-detox\/plano-justy-body-reset-21-dias\/\" \/>\n<meta property=\"og:site_name\" content=\"Justy\" \/>\n<meta property=\"article:publisher\" content=\"https:\/\/www.facebook.com\/justygoodness\" \/>\n<meta property=\"article:modified_time\" content=\"2025-10-16T13:14:20+00:00\" \/>\n<meta property=\"og:image\" content=\"https:\/\/www.justy.bio\/wp-content\/uploads\/2025\/05\/sumer-body-copia.webp\" \/>\n\t<meta property=\"og:image:width\" content=\"800\" \/>\n\t<meta property=\"og:image:height\" content=\"527\" \/>\n\t<meta property=\"og:image:type\" content=\"image\/webp\" \/>\n<meta name=\"twitter:card\" content=\"summary_large_image\" \/>\n<meta name=\"twitter:label1\" content=\"pre\u00e7o\" \/>\n\t<meta name=\"twitter:data1\" content=\"&euro;&nbsp;845,00\" \/>\n\t<meta name=\"twitter:label2\" content=\"Disponibilidade\" \/>\n\t<meta name=\"twitter:data2\" content=\"Em stock\" \/>\n<script type=\"application\/ld+json\" class=\"yoast-schema-graph\">{\"@context\":\"https:\/\/schema.org\",\"@graph\":[{\"@type\":\"WebPage\",\"@id\":\"https:\/\/www.justy.bio\/pt-pt\/shop\/planos-detox\/plano-justy-body-reset-21-dias\/\",\"url\":\"https:\/\/www.justy.bio\/pt-pt\/shop\/planos-detox\/plano-justy-body-reset-21-dias\/\",\"name\":\"PLANO JUSTY BODY RESET (21 DIAS) - Justy\",\"isPartOf\":{\"@id\":\"https:\/\/www.justy.bio\/pt-pt\/#website\"},\"primaryImageOfPage\":{\"@id\":\"https:\/\/www.justy.bio\/pt-pt\/shop\/planos-detox\/plano-justy-body-reset-21-dias\/#primaryimage\"},\"image\":{\"@id\":\"https:\/\/www.justy.bio\/pt-pt\/shop\/planos-detox\/plano-justy-body-reset-21-dias\/#primaryimage\"},\"thumbnailUrl\":\"https:\/\/www.justy.bio\/wp-content\/uploads\/2025\/05\/sumer-body-copia.webp\",\"datePublished\":\"2025-05-29T15:38:31+00:00\",\"dateModified\":\"2025-10-16T13:14:20+00:00\",\"breadcrumb\":{\"@id\":\"https:\/\/www.justy.bio\/pt-pt\/shop\/planos-detox\/plano-justy-body-reset-21-dias\/#breadcrumb\"},\"inLanguage\":\"pt-PT\",\"potentialAction\":[{\"@type\":\"ReadAction\",\"target\":[\"https:\/\/www.justy.bio\/pt-pt\/shop\/planos-detox\/plano-justy-body-reset-21-dias\/\"]}]},{\"@type\":\"ImageObject\",\"inLanguage\":\"pt-PT\",\"@id\":\"https:\/\/www.justy.bio\/pt-pt\/shop\/planos-detox\/plano-justy-body-reset-21-dias\/#primaryimage\",\"url\":\"https:\/\/www.justy.bio\/wp-content\/uploads\/2025\/05\/sumer-body-copia.webp\",\"contentUrl\":\"https:\/\/www.justy.bio\/wp-content\/uploads\/2025\/05\/sumer-body-copia.webp\",\"width\":800,\"height\":527},{\"@type\":\"BreadcrumbList\",\"@id\":\"https:\/\/www.justy.bio\/pt-pt\/shop\/planos-detox\/plano-justy-body-reset-21-dias\/#breadcrumb\",\"itemListElement\":[{\"@type\":\"ListItem\",\"position\":1,\"name\":\"Shop\",\"item\":\"https:\/\/www.justy.bio\/pt-pt\/shop\/\"},{\"@type\":\"ListItem\",\"position\":2,\"name\":\"PLANO JUSTY BODY RESET (21 DIAS)\"}]},{\"@type\":\"WebSite\",\"@id\":\"https:\/\/www.justy.bio\/pt-pt\/#website\",\"url\":\"https:\/\/www.justy.bio\/pt-pt\/\",\"name\":\"Justy\",\"description\":\"\",\"publisher\":{\"@id\":\"https:\/\/www.justy.bio\/pt-pt\/#organization\"},\"potentialAction\":[{\"@type\":\"SearchAction\",\"target\":{\"@type\":\"EntryPoint\",\"urlTemplate\":\"https:\/\/www.justy.bio\/pt-pt\/?s={search_term_string}\"},\"query-input\":{\"@type\":\"PropertyValueSpecification\",\"valueRequired\":true,\"valueName\":\"search_term_string\"}}],\"inLanguage\":\"pt-PT\"},{\"@type\":\"Organization\",\"@id\":\"https:\/\/www.justy.bio\/pt-pt\/#organization\",\"name\":\"Justy\",\"url\":\"https:\/\/www.justy.bio\/pt-pt\/\",\"logo\":{\"@type\":\"ImageObject\",\"inLanguage\":\"pt-PT\",\"@id\":\"https:\/\/www.justy.bio\/pt-pt\/#\/schema\/logo\/image\/\",\"url\":\"https:\/\/www.justy.bio\/wp-content\/uploads\/2023\/10\/Logo.png\",\"contentUrl\":\"https:\/\/www.justy.bio\/wp-content\/uploads\/2023\/10\/Logo.png\",\"width\":218,\"height\":218,\"caption\":\"Justy\"},\"image\":{\"@id\":\"https:\/\/www.justy.bio\/pt-pt\/#\/schema\/logo\/image\/\"},\"sameAs\":[\"https:\/\/www.facebook.com\/justygoodness\",\"https:\/\/www.instagram.com\/justygoodness\/\"]}]}<\/script>\n<meta property=\"product:price:amount\" content=\"845.00\" \/>\n<meta property=\"product:price:currency\" content=\"EUR\" \/>\n<meta property=\"og:availability\" content=\"instock\" \/>\n<meta property=\"product:availability\" content=\"instock\" \/>\n<meta property=\"product:retailer_item_id\" content=\"SAP - 00062-c1\" \/>\n<meta property=\"product:condition\" content=\"new\" \/>\n<!-- \/ Yoast SEO Premium plugin. -->","yoast_head_json":{"title":"PLANO JUSTY BODY RESET (21 DIAS) - Justy","robots":{"index":"index","follow":"follow","max-snippet":"max-snippet:-1","max-image-preview":"max-image-preview:large","max-video-preview":"max-video-preview:-1"},"canonical":"https:\/\/www.justy.bio\/pt-pt\/shop\/planos-detox\/plano-justy-body-reset-21-dias\/","og_locale":"pt_PT","og_type":"article","og_title":"PLANO JUSTY BODY RESET (21 DIAS) - Justy","og_description":"98 Sumos | 21 Sopas | 28 Shots | 7 Smoothies | Ch\u00e1 ? Dificuldade alta. Descubra o nosso novo Body Reset 2.0. As mesmas 3 fases com resultados melhores. Fase 1 Detox. Fase 2 Queima de gordura. Fase 3 Estabiliza\u00e7\u00e3o.","og_url":"https:\/\/www.justy.bio\/pt-pt\/shop\/planos-detox\/plano-justy-body-reset-21-dias\/","og_site_name":"Justy","article_publisher":"https:\/\/www.facebook.com\/justygoodness","article_modified_time":"2025-10-16T13:14:20+00:00","og_image":[{"width":800,"height":527,"url":"https:\/\/www.justy.bio\/wp-content\/uploads\/2025\/05\/sumer-body-copia.webp","type":"image\/webp"}],"twitter_card":"summary_large_image","twitter_misc":{"pre\u00e7o":"&euro;&nbsp;845,00","Disponibilidade":"Em stock"},"schema":{"@context":"https:\/\/schema.org","@graph":[{"@type":"WebPage","@id":"https:\/\/www.justy.bio\/pt-pt\/shop\/planos-detox\/plano-justy-body-reset-21-dias\/","url":"https:\/\/www.justy.bio\/pt-pt\/shop\/planos-detox\/plano-justy-body-reset-21-dias\/","name":"PLANO JUSTY BODY RESET (21 DIAS) - Justy","isPartOf":{"@id":"https:\/\/www.justy.bio\/pt-pt\/#website"},"primaryImageOfPage":{"@id":"https:\/\/www.justy.bio\/pt-pt\/shop\/planos-detox\/plano-justy-body-reset-21-dias\/#primaryimage"},"image":{"@id":"https:\/\/www.justy.bio\/pt-pt\/shop\/planos-detox\/plano-justy-body-reset-21-dias\/#primaryimage"},"thumbnailUrl":"https:\/\/www.justy.bio\/wp-content\/uploads\/2025\/05\/sumer-body-copia.webp","datePublished":"2025-05-29T15:38:31+00:00","dateModified":"2025-10-16T13:14:20+00:00","breadcrumb":{"@id":"https:\/\/www.justy.bio\/pt-pt\/shop\/planos-detox\/plano-justy-body-reset-21-dias\/#breadcrumb"},"inLanguage":"pt-PT","potentialAction":[{"@type":"ReadAction","target":["https:\/\/www.justy.bio\/pt-pt\/shop\/planos-detox\/plano-justy-body-reset-21-dias\/"]}]},{"@type":"ImageObject","inLanguage":"pt-PT","@id":"https:\/\/www.justy.bio\/pt-pt\/shop\/planos-detox\/plano-justy-body-reset-21-dias\/#primaryimage","url":"https:\/\/www.justy.bio\/wp-content\/uploads\/2025\/05\/sumer-body-copia.webp","contentUrl":"https:\/\/www.justy.bio\/wp-content\/uploads\/2025\/05\/sumer-body-copia.webp","width":800,"height":527},{"@type":"BreadcrumbList","@id":"https:\/\/www.justy.bio\/pt-pt\/shop\/planos-detox\/plano-justy-body-reset-21-dias\/#breadcrumb","itemListElement":[{"@type":"ListItem","position":1,"name":"Shop","item":"https:\/\/www.justy.bio\/pt-pt\/shop\/"},{"@type":"ListItem","position":2,"name":"PLANO JUSTY BODY RESET (21 DIAS)"}]},{"@type":"WebSite","@id":"https:\/\/www.justy.bio\/pt-pt\/#website","url":"https:\/\/www.justy.bio\/pt-pt\/","name":"Justy","description":"","publisher":{"@id":"https:\/\/www.justy.bio\/pt-pt\/#organization"},"potentialAction":[{"@type":"SearchAction","target":{"@type":"EntryPoint","urlTemplate":"https:\/\/www.justy.bio\/pt-pt\/?s={search_term_string}"},"query-input":{"@type":"PropertyValueSpecification","valueRequired":true,"valueName":"search_term_string"}}],"inLanguage":"pt-PT"},{"@type":"Organization","@id":"https:\/\/www.justy.bio\/pt-pt\/#organization","name":"Justy","url":"https:\/\/www.justy.bio\/pt-pt\/","logo":{"@type":"ImageObject","inLanguage":"pt-PT","@id":"https:\/\/www.justy.bio\/pt-pt\/#\/schema\/logo\/image\/","url":"https:\/\/www.justy.bio\/wp-content\/uploads\/2023\/10\/Logo.png","contentUrl":"https:\/\/www.justy.bio\/wp-content\/uploads\/2023\/10\/Logo.png","width":218,"height":218,"caption":"Justy"},"image":{"@id":"https:\/\/www.justy.bio\/pt-pt\/#\/schema\/logo\/image\/"},"sameAs":["https:\/\/www.facebook.com\/justygoodness","https:\/\/www.instagram.com\/justygoodness\/"]}]},"product_price_amount":"845.00","product_price_currency":"EUR","og_availability":"instock","product_availability":"instock","product_retailer_item_id":"SAP - 00062-c1","product_condition":"new"},"_links":{"self":[{"href":"https:\/\/www.justy.bio\/pt-pt\/wp-json\/wp\/v2\/product\/30276","targetHints":{"allow":["GET"]}}],"collection":[{"href":"https:\/\/www.justy.bio\/pt-pt\/wp-json\/wp\/v2\/product"}],"about":[{"href":"https:\/\/www.justy.bio\/pt-pt\/wp-json\/wp\/v2\/types\/product"}],"replies":[{"embeddable":true,"href":"https:\/\/www.justy.bio\/pt-pt\/wp-json\/wp\/v2\/comments?post=30276"}],"wp:featuredmedia":[{"embeddable":true,"href":"https:\/\/www.justy.bio\/pt-pt\/wp-json\/wp\/v2\/media\/30277"}],"wp:attachment":[{"href":"https:\/\/www.justy.bio\/pt-pt\/wp-json\/wp\/v2\/media?parent=30276"}],"wp:term":[{"taxonomy":"product_brand","embeddable":true,"href":"https:\/\/www.justy.bio\/pt-pt\/wp-json\/wp\/v2\/product_brand?post=30276"},{"taxonomy":"product_cat","embeddable":true,"href":"https:\/\/www.justy.bio\/pt-pt\/wp-json\/wp\/v2\/product_cat?post=30276"},{"taxonomy":"product_tag","embeddable":true,"href":"https:\/\/www.justy.bio\/pt-pt\/wp-json\/wp\/v2\/product_tag?post=30276"}],"curies":[{"name":"wp","href":"https:\/\/api.w.org\/{rel}","templated":true}]}}