{"id":31872,"date":"2025-05-29T17:31:13","date_gmt":"2025-05-29T15:31:13","guid":{"rendered":"https:\/\/www.justy.bio\/shop\/uncategorized\/seasons\/"},"modified":"2025-09-10T11:39:24","modified_gmt":"2025-09-10T09:39:24","slug":"seasons","status":"publish","type":"product","link":"https:\/\/www.justy.bio\/pt-pt\/shop\/sumos\/seasons\/","title":{"rendered":"SUMO Seasons"},"content":{"rendered":"<h3>Para a cria\u00e7\u00e3o do sumo SEASONS, colabor\u00e1mos com os chefs estrelados Jonnie &amp; Th\u00e9r\u00e8se Boer, conhecidos pelo restaurante De Librije, galardoado com 3 estrelas Michelin. Al\u00e9m de uma experi\u00eancia de sabor tentadora, este slow juice \u00e0 base de vegetais e fruta sazonal tamb\u00e9m oferece muitas vitaminas e minerais.<\/h3>\n<div style=\"width: 1280px;\" class=\"wp-video\"><video class=\"wp-video-shortcode\" id=\"video-31872-1\" width=\"1280\" height=\"720\" preload=\"metadata\" controls=\"controls\"><source type=\"video\/mp4\" src=\"https:\/\/www.sap.je\/wp-content\/uploads\/2019\/02\/Sapje-Seasons-INSTA_NEW.mp4?_=1\" \/><a href=\"https:\/\/www.sap.je\/wp-content\/uploads\/2019\/02\/Sapje-Seasons-INSTA_NEW.mp4\">https:\/\/www.sap.je\/wp-content\/uploads\/2019\/02\/Sapje-Seasons-INSTA_NEW.mp4<\/a><\/video><\/div>\n<p>Jonnie Boer tornou-se chef aos vinte e quatro anos no restaurante De Librije em Zwolle. Poucos anos depois, assumiu o restaurante com a sua esposa Th\u00e9r\u00e8se. Em 1993, De Librije recebeu a sua primeira estrela Michelin. A segunda veio em 1999 e a terceira em 2004. De Librije \u00e9 agora um dos melhores restaurantes do mundo com 3 estrelas Michelin. Com o sumo Seasons, Jonnie e Th\u00e9r\u00e8se Boer criaram uma experi\u00eancia de sabor estrelada baseada nos melhores vegetais sazonais, com alguma fruta sazonal e alguns ingredientes muito surpreendentes. Que tal bergamota, raiz de girassol e pimenta chili, por exemplo? Mime o seu paladar com este sumo sazonal excitante e reforce imediatamente a sua sa\u00fade.<\/p>\n<h2><span class=\"web-mod-tabs__tab-title\">O QUE TORNA O SUMO DE JONNIE BOER SAUD\u00c1VEL?<\/span><\/h2>\n<p>O sumo Seasons n\u00e3o s\u00f3 \u00e9 muito saboroso, mas tamb\u00e9m muito saud\u00e1vel. N\u00e3o \u00e9 de admirar, pois \u00e9 feito com os melhores vegetais e fruta sazonal, extra\u00edda ainda fresca da terra. Os ingredientes puros, org\u00e2nicos e locais para este sumo sazonal s\u00e3o lavados \u00e0 m\u00e3o e extra\u00eddos no slow juicer. O sumo Seasons \u00e9 imediatamente congelado para garantir que se mantenha fresco o m\u00e1ximo de tempo poss\u00edvel. Desta forma, o sabor especial do sumo de vegetais \u00e9 preservado em condi\u00e7\u00f5es perfeitas. Com este m\u00e9todo de extra\u00e7\u00e3o e armazenamento, pode ter a certeza de que est\u00e1 a obter uma quantidade \u00f3tima de nutrientes saud\u00e1veis dos vegetais sazonais e de outros ingredientes. Como resultado, o sumo Seasons \u00e9 rico em vitaminas, minerais e antioxidantes. A vitamina A \u00e9 um dos nutrientes ricamente representados neste sumo sazonal \u00fanico. Esta vitamina \u00e9 boa para a pele e para o sistema imunol\u00f3gico, assim como a vitamina C, da qual tamb\u00e9m obt\u00e9m uma boa quantidade. O mineral cobre tamb\u00e9m \u00e9 abundante no sumo Seasons. Este mineral ajuda o seu sistema imunol\u00f3gico e contribui para uma boa resist\u00eancia. O pot\u00e1ssio \u00e9 ben\u00e9fico para a press\u00e3o arterial e, assim como o mineral c\u00e1lcio, promove o funcionamento dos nervos e m\u00fasculos. O mangan\u00eas \u00e9 um dos antioxidantes que encontrar\u00e1 neste sumo sazonal especial. Os antioxidantes s\u00e3o subst\u00e2ncias que ajudam o corpo a proteger-se contra os radicais livres.<\/p>\n<div class=\"wp-block-spacer\" aria-hidden=\"true\"><\/div>\n<h2 class=\"web-mod-bullets__title\">O SABOR DO SUMO SEASONS DE JONNIE BOER<\/h2>\n<p>Quando abrir a garrafa do sumo Seasons de cor amarela brilhante, ir\u00e1 sentir os aromas revigorantes e cintilantes de bergamota, lim\u00e3o e manga. Absorva-os por um momento e depois d\u00ea o seu primeiro gole. Disponibilize tempo para apreciar a complexa experi\u00eancia de sabor do sumo Seasons. Em primeiro lugar, provavelmente ir\u00e1 sentir os sabores ricos da cenoura amarela, beterraba amarela e ab\u00f3bora, seguido do pepino fresco, ma\u00e7\u00e3 Granny Smith ligeiramente \u00e1cida e raiz de girassol. Em seguida, v\u00eam os aponatamentos frescos e ensolarados dos frutos c\u00edtricos e da manga. Os sabores picantes e quentes do chili, a\u00e7afr\u00e3o e gengibre completam o conjunto. Parece que consegue experimentar um mundo inteiro de sabores. Surpreenda-se com este sumo \u00fanico e saud\u00e1vel de Jonnie &amp; Th\u00e9r\u00e8se Boer, feito por e para gourmets!<\/p>\n<p><strong>\u201cOs nossos sumos s\u00e3o um excelente complemento como parte de uma dieta variada e equilibrada e um estilo de vida saud\u00e1vel.\u201d<\/strong><\/p>\n","protected":false},"excerpt":{"rendered":"<p>por Jonnie &amp; Th\u00e9r\u00e8se Boer \u2013 De Librije*** Michelin<\/p>\n","protected":false},"featured_media":31873,"comment_status":"open","ping_status":"closed","template":"","meta":{"_acf_changed":true,"_gspb_post_css":""},"product_brand":[],"product_cat":[915],"product_tag":[916],"class_list":{"0":"post-31872","1":"product","2":"type-product","3":"status-publish","4":"has-post-thumbnail","6":"product_cat-sumos","7":"product_tag-import-pt-pt","8":"has-subscription-plans","10":"first","11":"instock","12":"sale","13":"taxable","14":"shipping-taxable","15":"purchasable","16":"product-type-simple"},"bundled_by":[],"bundle_stock_status":"instock","bundle_stock_quantity":null,"bundle_virtual":false,"bundle_layout":"","bundle_add_to_cart_form_location":"","bundle_editable_in_cart":false,"bundle_sold_individually_context":"","bundle_item_grouping":"","bundle_min_size":"","bundle_max_size":"","bundle_price":[],"bundled_items":[],"bundle_sell_ids":[],"acf":[],"yoast_head":"<!-- This site is optimized with the Yoast SEO Premium plugin v25.5 (Yoast SEO v25.5) - https:\/\/yoast.com\/wordpress\/plugins\/seo\/ -->\n<title>Sumo Seasons | Justy<\/title>\n<meta name=\"description\" content=\"O sumo Seasons n\u00e3o s\u00f3 \u00e9 muito saboroso, mas tamb\u00e9m muito saud\u00e1vel. N\u00e3o \u00e9 de admirar, pois \u00e9 feito com os melhores vegetais e fruta sazonal.\" \/>\n<meta name=\"robots\" content=\"index, follow, max-snippet:-1, max-image-preview:large, max-video-preview:-1\" \/>\n<link rel=\"canonical\" href=\"https:\/\/www.justy.bio\/pt-pt\/shop\/sumos\/seasons\/\" \/>\n<meta property=\"og:locale\" content=\"pt_PT\" \/>\n<meta property=\"og:type\" content=\"article\" \/>\n<meta property=\"og:title\" content=\"Sumo Seasons | Justy\" \/>\n<meta property=\"og:description\" content=\"O sumo Seasons n\u00e3o s\u00f3 \u00e9 muito saboroso, mas tamb\u00e9m muito saud\u00e1vel. N\u00e3o \u00e9 de admirar, pois \u00e9 feito com os melhores vegetais e fruta sazonal.\" \/>\n<meta property=\"og:url\" content=\"https:\/\/www.justy.bio\/pt-pt\/shop\/sumos\/seasons\/\" \/>\n<meta property=\"og:site_name\" content=\"Justy\" \/>\n<meta property=\"article:publisher\" content=\"https:\/\/www.facebook.com\/justygoodness\" \/>\n<meta property=\"article:modified_time\" content=\"2025-09-10T09:39:24+00:00\" \/>\n<meta property=\"og:image\" content=\"https:\/\/www.justy.bio\/wp-content\/uploads\/2025\/05\/seasons-3.webp\" \/>\n\t<meta property=\"og:image:width\" content=\"600\" \/>\n\t<meta property=\"og:image:height\" content=\"450\" \/>\n\t<meta property=\"og:image:type\" content=\"image\/webp\" \/>\n<meta name=\"twitter:card\" content=\"summary_large_image\" \/>\n<meta name=\"twitter:label1\" content=\"pre\u00e7o\" \/>\n\t<meta name=\"twitter:data1\" content=\"&euro;&nbsp;5,40\" \/>\n\t<meta name=\"twitter:label2\" content=\"Disponibilidade\" \/>\n\t<meta name=\"twitter:data2\" content=\"Em stock\" \/>\n<script type=\"application\/ld+json\" class=\"yoast-schema-graph\">{\"@context\":\"https:\/\/schema.org\",\"@graph\":[{\"@type\":\"WebPage\",\"@id\":\"https:\/\/www.justy.bio\/pt-pt\/shop\/sumos\/seasons\/\",\"url\":\"https:\/\/www.justy.bio\/pt-pt\/shop\/sumos\/seasons\/\",\"name\":\"Sumo Seasons | Justy\",\"isPartOf\":{\"@id\":\"https:\/\/www.justy.bio\/pt-pt\/#website\"},\"primaryImageOfPage\":{\"@id\":\"https:\/\/www.justy.bio\/pt-pt\/shop\/sumos\/seasons\/#primaryimage\"},\"image\":{\"@id\":\"https:\/\/www.justy.bio\/pt-pt\/shop\/sumos\/seasons\/#primaryimage\"},\"thumbnailUrl\":\"https:\/\/www.justy.bio\/wp-content\/uploads\/2025\/05\/seasons-3.webp\",\"datePublished\":\"2025-05-29T15:31:13+00:00\",\"dateModified\":\"2025-09-10T09:39:24+00:00\",\"description\":\"O sumo Seasons n\u00e3o s\u00f3 \u00e9 muito saboroso, mas tamb\u00e9m muito saud\u00e1vel. N\u00e3o \u00e9 de admirar, pois \u00e9 feito com os melhores vegetais e fruta sazonal.\",\"breadcrumb\":{\"@id\":\"https:\/\/www.justy.bio\/pt-pt\/shop\/sumos\/seasons\/#breadcrumb\"},\"inLanguage\":\"pt-PT\",\"potentialAction\":[{\"@type\":\"ReadAction\",\"target\":[\"https:\/\/www.justy.bio\/pt-pt\/shop\/sumos\/seasons\/\"]}]},{\"@type\":\"ImageObject\",\"inLanguage\":\"pt-PT\",\"@id\":\"https:\/\/www.justy.bio\/pt-pt\/shop\/sumos\/seasons\/#primaryimage\",\"url\":\"https:\/\/www.justy.bio\/wp-content\/uploads\/2025\/05\/seasons-3.webp\",\"contentUrl\":\"https:\/\/www.justy.bio\/wp-content\/uploads\/2025\/05\/seasons-3.webp\",\"width\":600,\"height\":450},{\"@type\":\"BreadcrumbList\",\"@id\":\"https:\/\/www.justy.bio\/pt-pt\/shop\/sumos\/seasons\/#breadcrumb\",\"itemListElement\":[{\"@type\":\"ListItem\",\"position\":1,\"name\":\"Shop\",\"item\":\"https:\/\/www.justy.bio\/pt-pt\/shop\/\"},{\"@type\":\"ListItem\",\"position\":2,\"name\":\"SUMO Seasons\"}]},{\"@type\":\"WebSite\",\"@id\":\"https:\/\/www.justy.bio\/pt-pt\/#website\",\"url\":\"https:\/\/www.justy.bio\/pt-pt\/\",\"name\":\"Justy\",\"description\":\"\",\"publisher\":{\"@id\":\"https:\/\/www.justy.bio\/pt-pt\/#organization\"},\"potentialAction\":[{\"@type\":\"SearchAction\",\"target\":{\"@type\":\"EntryPoint\",\"urlTemplate\":\"https:\/\/www.justy.bio\/pt-pt\/?s={search_term_string}\"},\"query-input\":{\"@type\":\"PropertyValueSpecification\",\"valueRequired\":true,\"valueName\":\"search_term_string\"}}],\"inLanguage\":\"pt-PT\"},{\"@type\":\"Organization\",\"@id\":\"https:\/\/www.justy.bio\/pt-pt\/#organization\",\"name\":\"Justy\",\"url\":\"https:\/\/www.justy.bio\/pt-pt\/\",\"logo\":{\"@type\":\"ImageObject\",\"inLanguage\":\"pt-PT\",\"@id\":\"https:\/\/www.justy.bio\/pt-pt\/#\/schema\/logo\/image\/\",\"url\":\"https:\/\/www.justy.bio\/wp-content\/uploads\/2023\/10\/Logo.png\",\"contentUrl\":\"https:\/\/www.justy.bio\/wp-content\/uploads\/2023\/10\/Logo.png\",\"width\":218,\"height\":218,\"caption\":\"Justy\"},\"image\":{\"@id\":\"https:\/\/www.justy.bio\/pt-pt\/#\/schema\/logo\/image\/\"},\"sameAs\":[\"https:\/\/www.facebook.com\/justygoodness\",\"https:\/\/www.instagram.com\/justygoodness\/\"]}]}<\/script>\n<meta property=\"product:price:amount\" content=\"5.40\" \/>\n<meta property=\"product:price:currency\" content=\"EUR\" \/>\n<meta property=\"og:availability\" content=\"instock\" \/>\n<meta property=\"product:availability\" content=\"instock\" \/>\n<meta property=\"product:retailer_item_id\" content=\"3301013\" \/>\n<meta property=\"product:condition\" content=\"new\" \/>\n<!-- \/ Yoast SEO Premium plugin. -->","yoast_head_json":{"title":"Sumo Seasons | Justy","description":"O sumo Seasons n\u00e3o s\u00f3 \u00e9 muito saboroso, mas tamb\u00e9m muito saud\u00e1vel. N\u00e3o \u00e9 de admirar, pois \u00e9 feito com os melhores vegetais e fruta sazonal.","robots":{"index":"index","follow":"follow","max-snippet":"max-snippet:-1","max-image-preview":"max-image-preview:large","max-video-preview":"max-video-preview:-1"},"canonical":"https:\/\/www.justy.bio\/pt-pt\/shop\/sumos\/seasons\/","og_locale":"pt_PT","og_type":"article","og_title":"Sumo Seasons | Justy","og_description":"O sumo Seasons n\u00e3o s\u00f3 \u00e9 muito saboroso, mas tamb\u00e9m muito saud\u00e1vel. N\u00e3o \u00e9 de admirar, pois \u00e9 feito com os melhores vegetais e fruta sazonal.","og_url":"https:\/\/www.justy.bio\/pt-pt\/shop\/sumos\/seasons\/","og_site_name":"Justy","article_publisher":"https:\/\/www.facebook.com\/justygoodness","article_modified_time":"2025-09-10T09:39:24+00:00","og_image":[{"width":600,"height":450,"url":"https:\/\/www.justy.bio\/wp-content\/uploads\/2025\/05\/seasons-3.webp","type":"image\/webp"}],"twitter_card":"summary_large_image","twitter_misc":{"pre\u00e7o":"&euro;&nbsp;5,40","Disponibilidade":"Em stock"},"schema":{"@context":"https:\/\/schema.org","@graph":[{"@type":"WebPage","@id":"https:\/\/www.justy.bio\/pt-pt\/shop\/sumos\/seasons\/","url":"https:\/\/www.justy.bio\/pt-pt\/shop\/sumos\/seasons\/","name":"Sumo Seasons | Justy","isPartOf":{"@id":"https:\/\/www.justy.bio\/pt-pt\/#website"},"primaryImageOfPage":{"@id":"https:\/\/www.justy.bio\/pt-pt\/shop\/sumos\/seasons\/#primaryimage"},"image":{"@id":"https:\/\/www.justy.bio\/pt-pt\/shop\/sumos\/seasons\/#primaryimage"},"thumbnailUrl":"https:\/\/www.justy.bio\/wp-content\/uploads\/2025\/05\/seasons-3.webp","datePublished":"2025-05-29T15:31:13+00:00","dateModified":"2025-09-10T09:39:24+00:00","description":"O sumo Seasons n\u00e3o s\u00f3 \u00e9 muito saboroso, mas tamb\u00e9m muito saud\u00e1vel. N\u00e3o \u00e9 de admirar, pois \u00e9 feito com os melhores vegetais e fruta sazonal.","breadcrumb":{"@id":"https:\/\/www.justy.bio\/pt-pt\/shop\/sumos\/seasons\/#breadcrumb"},"inLanguage":"pt-PT","potentialAction":[{"@type":"ReadAction","target":["https:\/\/www.justy.bio\/pt-pt\/shop\/sumos\/seasons\/"]}]},{"@type":"ImageObject","inLanguage":"pt-PT","@id":"https:\/\/www.justy.bio\/pt-pt\/shop\/sumos\/seasons\/#primaryimage","url":"https:\/\/www.justy.bio\/wp-content\/uploads\/2025\/05\/seasons-3.webp","contentUrl":"https:\/\/www.justy.bio\/wp-content\/uploads\/2025\/05\/seasons-3.webp","width":600,"height":450},{"@type":"BreadcrumbList","@id":"https:\/\/www.justy.bio\/pt-pt\/shop\/sumos\/seasons\/#breadcrumb","itemListElement":[{"@type":"ListItem","position":1,"name":"Shop","item":"https:\/\/www.justy.bio\/pt-pt\/shop\/"},{"@type":"ListItem","position":2,"name":"SUMO Seasons"}]},{"@type":"WebSite","@id":"https:\/\/www.justy.bio\/pt-pt\/#website","url":"https:\/\/www.justy.bio\/pt-pt\/","name":"Justy","description":"","publisher":{"@id":"https:\/\/www.justy.bio\/pt-pt\/#organization"},"potentialAction":[{"@type":"SearchAction","target":{"@type":"EntryPoint","urlTemplate":"https:\/\/www.justy.bio\/pt-pt\/?s={search_term_string}"},"query-input":{"@type":"PropertyValueSpecification","valueRequired":true,"valueName":"search_term_string"}}],"inLanguage":"pt-PT"},{"@type":"Organization","@id":"https:\/\/www.justy.bio\/pt-pt\/#organization","name":"Justy","url":"https:\/\/www.justy.bio\/pt-pt\/","logo":{"@type":"ImageObject","inLanguage":"pt-PT","@id":"https:\/\/www.justy.bio\/pt-pt\/#\/schema\/logo\/image\/","url":"https:\/\/www.justy.bio\/wp-content\/uploads\/2023\/10\/Logo.png","contentUrl":"https:\/\/www.justy.bio\/wp-content\/uploads\/2023\/10\/Logo.png","width":218,"height":218,"caption":"Justy"},"image":{"@id":"https:\/\/www.justy.bio\/pt-pt\/#\/schema\/logo\/image\/"},"sameAs":["https:\/\/www.facebook.com\/justygoodness","https:\/\/www.instagram.com\/justygoodness\/"]}]},"product_price_amount":"5.40","product_price_currency":"EUR","og_availability":"instock","product_availability":"instock","product_retailer_item_id":"3301013","product_condition":"new"},"_links":{"self":[{"href":"https:\/\/www.justy.bio\/pt-pt\/wp-json\/wp\/v2\/product\/31872","targetHints":{"allow":["GET"]}}],"collection":[{"href":"https:\/\/www.justy.bio\/pt-pt\/wp-json\/wp\/v2\/product"}],"about":[{"href":"https:\/\/www.justy.bio\/pt-pt\/wp-json\/wp\/v2\/types\/product"}],"replies":[{"embeddable":true,"href":"https:\/\/www.justy.bio\/pt-pt\/wp-json\/wp\/v2\/comments?post=31872"}],"wp:featuredmedia":[{"embeddable":true,"href":"https:\/\/www.justy.bio\/pt-pt\/wp-json\/wp\/v2\/media\/31873"}],"wp:attachment":[{"href":"https:\/\/www.justy.bio\/pt-pt\/wp-json\/wp\/v2\/media?parent=31872"}],"wp:term":[{"taxonomy":"product_brand","embeddable":true,"href":"https:\/\/www.justy.bio\/pt-pt\/wp-json\/wp\/v2\/product_brand?post=31872"},{"taxonomy":"product_cat","embeddable":true,"href":"https:\/\/www.justy.bio\/pt-pt\/wp-json\/wp\/v2\/product_cat?post=31872"},{"taxonomy":"product_tag","embeddable":true,"href":"https:\/\/www.justy.bio\/pt-pt\/wp-json\/wp\/v2\/product_tag?post=31872"}],"curies":[{"name":"wp","href":"https:\/\/api.w.org\/{rel}","templated":true}]}}