{"id":59538,"date":"2025-05-29T17:16:07","date_gmt":"2025-05-29T15:16:07","guid":{"rendered":"https:\/\/www.justy.bio\/shop\/sem%20categoria\/wild-juice\/"},"modified":"2025-09-05T15:39:19","modified_gmt":"2025-09-05T13:39:19","slug":"sumo-wild","status":"publish","type":"product","link":"https:\/\/www.justy.bio\/pt-pt\/shop\/sumos\/sumo-wild\/","title":{"rendered":"Sumo Wild"},"content":{"rendered":"<h2>David Wolfe, um especialista em sa\u00fade de renome mundial.<\/h2>\n<p>Criou o Wild especialmente para a Justy; uma mistura de superalimentos org\u00e2nicos e silvestres. Mime o seu corpo com este sumo extra\u00eddo a frio, cheio de vitaminas, minerais e antioxidantes de dente-de-le\u00e3o, urtiga, \u00f3leo de c\u00e2nhamo e bagas de espinheiro-mar\u00edtimo. David (Avocado) Wolfe \u00e9 uma verdadeira lenda da nutri\u00e7\u00e3o saud\u00e1vel. Fic\u00e1mos honrados que ele nos tenha criado uma receita de sumo prensado a frio com os melhores superalimentos org\u00e2nicos, crus e veganos. Ele \u00e9 conhecido como a estrela rock ou Indiana Jones dos superalimentos e da longevidade. A sua p\u00e1gina no Facebook, websites de sa\u00fade, livros, v\u00eddeos e publica\u00e7\u00f5es alcan\u00e7am milh\u00f5es de pessoas em todo o mundo todas as semanas e ele j\u00e1 participou em mais de 5000 semin\u00e1rios sobre sa\u00fade. David Wolfe \u00e9, portanto, um absoluto precursor da sa\u00fade radiante e da longevidade. Ele \u00e9 tamb\u00e9m o fundador da organiza\u00e7\u00e3o sem fins lucrativos The Fruit Tree Planting Foundation, cuja miss\u00e3o \u00e9 plantar 18 mil milh\u00f5es de \u00e1rvores frut\u00edferas, de frutos secos e medicinais no planeta. Em colabora\u00e7\u00e3o com a Justy, David Wolfe criou o Wild, um sumo fresco e \u00e1cido extra\u00eddo a frio baseado em superalimentos 100% org\u00e2nicos e alguns colhidos na natureza. Prepare-se para uma experi\u00eancia de sabor estimulante e uma boa dose de nova energia!<\/p>\n<h2>SUPERALIMENTOS DO SLOW JUICER: CRUS, VEGANS E SELVAGENS<\/h2>\n<p>H\u00e1 mais de 22 anos, que David Wolfe explora formas naturais de refor\u00e7ar a sua sa\u00fade. O seu vasto conhecimento em nutri\u00e7\u00e3o e amor pela natureza refletem-se no Wild, uma poderosa mistura de superalimentos que proporcionam vitalidade e energia enquanto refor\u00e7am o seu sistema imunit\u00e1rio. Plantas colhidas na natureza, como urtiga org\u00e2nica, bagas de espinheiro-mar\u00edtimo locais, dente-de-le\u00e3o selvagem e c\u00e2nhamo fresco, melhoram a sua sa\u00fade f\u00edsica, mental e emocional. Tudo os ingredientes deste sumo extra\u00eddos pelo slow juicer s\u00e3o puros, org\u00e2nicos, crus e vegans e, tanto quanto poss\u00edvel, colhidos na natureza e sazonais. Como os ingredientes v\u00eam tanto quanto poss\u00edvel de solo holand\u00eas, pode desfrutar de um sumo saboroso, saud\u00e1vel e ambientalmente consciente.<\/p>\n<h2><a class=\"web-mod-tabs__link js-mod-tabs__link is-active\" href=\"https:\/\/cp.drink6.es\/web\/preview.html?t=474010&amp;k=835cd61387fae6a5ab8db172cd3778fb&amp;r=958456#tab6176-2\"><span class=\"web-mod-tabs__tab-title\">O QUE TORNA O SUMO WILD DE DAVID WOLFE SAUD\u00c1VEL?<\/span><\/a><\/h2>\n<h2>David Wolfe quis processar o m\u00e1ximo de vegetais, plantas e ervas poss\u00edvel neste sumo, em combina\u00e7\u00e3o com algumas frutas naturalmente muito baixas em a\u00e7\u00facares naturais.<\/h2>\n<p>As folhas de urtiga e dente-de-le\u00e3o selvagem fornecem um tipo de energia que s\u00f3 vem de plantas selvagens: est\u00e3o cheias de poder natural de sobreviv\u00eancia. Ambas as plantas s\u00e3o ricas em vitaminas, minerais e antioxidantes. As bagas de espinheiro-mar\u00edtimo eram originalmente levadas pelos vikings em longas viagens de barco como uma importante fonte de vitamina C. Esta vitamina refor\u00e7a o seu sistema imunit\u00e1rio e ajuda a proteger o corpo contra radicais livres. O c\u00e2nhamo org\u00e2nico e fresco e o \u00f3leo de c\u00e2nhamo tamb\u00e9m s\u00e3o uma boa adi\u00e7\u00e3o a este sumo puro e natural. O sumo Wild fornece v\u00e1rios antioxidantes, como cobre, vitamina B2 e mangan\u00eas, que protegem o corpo contra radicais livres atrav\u00e9s da sua fun\u00e7\u00e3o antioxidante. O aipo e o pepino neste sumo est\u00e3o cheios de eletr\u00f3litos (minerais) e \u00e1gua, que ajudam a hidratar o corpo.<\/p>\n<div class=\"wp-block-spacer\" style=\"height: 24px;\" aria-hidden=\"true\"><\/div>\n<h2 class=\"web-mod-bullets__title\">O WILD DE DAVID WOLFE<\/h2>\n<p>Beber Wild de David Wolfe, pela primeira vez, \u00e9 um desafio surpreendente para o seu paladar. Pode ter que se acostumar ao cheiro e sabor selvagens, fortes, super verdes, frescos e \u00e1cidos deste sumo. O c\u00e2nhamo org\u00e2nico e fresco tem um sabor a noz, adstringente e o cheiro familiar est\u00e1 ligeiramente presente no fundo. A urtiga e a folha de dente-de-le\u00e3o t\u00eam um sabor um pouco forte e amargo. As bagas de espinheiro-mar\u00edtimo s\u00e3o bastante \u00e1cidas com leves notas c\u00edtricas. O lim\u00e3o e a ma\u00e7\u00e3 Granny Smith suavizam os sabores \u00e1cidos, amargos e adstringentes e proporcionam uma sensa\u00e7\u00e3o fresca e revigorante. O pepino e o aipo tornam o sumo agrad\u00e1vel e saciante e fornecem um pequeno toque salgado. Juntos, estes superalimentos proporcionam uma explos\u00e3o de sabor inesquec\u00edvel e fazem deste sumo prensado a frio uma bomba de sa\u00fade que agu\u00e7ar\u00e1 todos os seus sentidos.<\/p>\n<p>\u201cOs nossos sumos s\u00e3o um excelente complemento como parte de uma dieta variada e equilibrada e de um estilo de vida saud\u00e1vel.\u201d<\/p>\n","protected":false},"excerpt":{"rendered":"<p>por David Wolfe \u2013 especialista em sa\u00fade<\/p>\n","protected":false},"featured_media":59539,"comment_status":"open","ping_status":"closed","template":"","meta":{"_acf_changed":true,"_gspb_post_css":""},"product_brand":[],"product_cat":[915],"product_tag":[916],"class_list":{"0":"post-59538","1":"product","2":"type-product","3":"status-publish","4":"has-post-thumbnail","6":"product_cat-sumos","7":"product_tag-import-pt-pt","8":"has-subscription-plans","10":"first","11":"outofstock","12":"sale","13":"taxable","14":"shipping-taxable","15":"purchasable","16":"product-type-simple"},"bundled_by":[],"bundle_stock_status":"outofstock","bundle_stock_quantity":null,"bundle_virtual":false,"bundle_layout":"","bundle_add_to_cart_form_location":"","bundle_editable_in_cart":false,"bundle_sold_individually_context":"","bundle_item_grouping":"","bundle_min_size":"","bundle_max_size":"","bundle_price":[],"bundled_items":[],"bundle_sell_ids":[],"acf":[],"yoast_head":"<!-- This site is optimized with the Yoast SEO Premium plugin v25.5 (Yoast SEO v25.5) - https:\/\/yoast.com\/wordpress\/plugins\/seo\/ -->\n<title>Sumo Wild | Justy<\/title>\n<meta name=\"description\" content=\"Feito por David Wolfe - especialista em sa\u00fade ? Aipo, ma\u00e7\u00e3, pepino, lima, espinafre, end\u00edvia, \u00f3leo de CBD,... 240ml\" \/>\n<meta name=\"robots\" content=\"index, follow, max-snippet:-1, max-image-preview:large, max-video-preview:-1\" \/>\n<link rel=\"canonical\" href=\"https:\/\/www.justy.bio\/pt-pt\/shop\/sumos\/sumo-wild\/\" \/>\n<meta property=\"og:locale\" content=\"pt_PT\" \/>\n<meta property=\"og:type\" content=\"article\" \/>\n<meta property=\"og:title\" content=\"Sumo Wild | Justy\" \/>\n<meta property=\"og:description\" content=\"Feito por David Wolfe - especialista em sa\u00fade ? Aipo, ma\u00e7\u00e3, pepino, lima, espinafre, end\u00edvia, \u00f3leo de CBD,... 240ml\" \/>\n<meta property=\"og:url\" content=\"https:\/\/www.justy.bio\/pt-pt\/shop\/sumos\/sumo-wild\/\" \/>\n<meta property=\"og:site_name\" content=\"Justy\" \/>\n<meta property=\"article:publisher\" content=\"https:\/\/www.facebook.com\/justygoodness\" \/>\n<meta property=\"article:modified_time\" content=\"2025-09-05T13:39:19+00:00\" \/>\n<meta property=\"og:image\" content=\"https:\/\/www.justy.bio\/wp-content\/uploads\/2025\/05\/Copia-de-wild.webp\" \/>\n\t<meta property=\"og:image:width\" content=\"600\" \/>\n\t<meta property=\"og:image:height\" content=\"450\" \/>\n\t<meta property=\"og:image:type\" content=\"image\/webp\" \/>\n<meta name=\"twitter:card\" content=\"summary_large_image\" \/>\n<meta name=\"twitter:label1\" content=\"pre\u00e7o\" \/>\n\t<meta name=\"twitter:data1\" content=\"&euro;&nbsp;5,40\" \/>\n\t<meta name=\"twitter:label2\" content=\"Disponibilidade\" \/>\n\t<meta name=\"twitter:data2\" content=\"Esgotado\" \/>\n<script type=\"application\/ld+json\" class=\"yoast-schema-graph\">{\"@context\":\"https:\/\/schema.org\",\"@graph\":[{\"@type\":\"WebPage\",\"@id\":\"https:\/\/www.justy.bio\/pt-pt\/shop\/sumos\/sumo-wild\/\",\"url\":\"https:\/\/www.justy.bio\/pt-pt\/shop\/sumos\/sumo-wild\/\",\"name\":\"Sumo Wild | Justy\",\"isPartOf\":{\"@id\":\"https:\/\/www.justy.bio\/pt-pt\/#website\"},\"primaryImageOfPage\":{\"@id\":\"https:\/\/www.justy.bio\/pt-pt\/shop\/sumos\/sumo-wild\/#primaryimage\"},\"image\":{\"@id\":\"https:\/\/www.justy.bio\/pt-pt\/shop\/sumos\/sumo-wild\/#primaryimage\"},\"thumbnailUrl\":\"https:\/\/www.justy.bio\/wp-content\/uploads\/2025\/05\/Copia-de-wild.webp\",\"datePublished\":\"2025-05-29T15:16:07+00:00\",\"dateModified\":\"2025-09-05T13:39:19+00:00\",\"description\":\"Feito por David Wolfe - especialista em sa\u00fade ? Aipo, ma\u00e7\u00e3, pepino, lima, espinafre, end\u00edvia, \u00f3leo de CBD,... 240ml\",\"breadcrumb\":{\"@id\":\"https:\/\/www.justy.bio\/pt-pt\/shop\/sumos\/sumo-wild\/#breadcrumb\"},\"inLanguage\":\"pt-PT\",\"potentialAction\":[{\"@type\":\"ReadAction\",\"target\":[\"https:\/\/www.justy.bio\/pt-pt\/shop\/sumos\/sumo-wild\/\"]}]},{\"@type\":\"ImageObject\",\"inLanguage\":\"pt-PT\",\"@id\":\"https:\/\/www.justy.bio\/pt-pt\/shop\/sumos\/sumo-wild\/#primaryimage\",\"url\":\"https:\/\/www.justy.bio\/wp-content\/uploads\/2025\/05\/Copia-de-wild.webp\",\"contentUrl\":\"https:\/\/www.justy.bio\/wp-content\/uploads\/2025\/05\/Copia-de-wild.webp\",\"width\":600,\"height\":450},{\"@type\":\"BreadcrumbList\",\"@id\":\"https:\/\/www.justy.bio\/pt-pt\/shop\/sumos\/sumo-wild\/#breadcrumb\",\"itemListElement\":[{\"@type\":\"ListItem\",\"position\":1,\"name\":\"Shop\",\"item\":\"https:\/\/www.justy.bio\/pt-pt\/shop\/\"},{\"@type\":\"ListItem\",\"position\":2,\"name\":\"Sumo Wild\"}]},{\"@type\":\"WebSite\",\"@id\":\"https:\/\/www.justy.bio\/pt-pt\/#website\",\"url\":\"https:\/\/www.justy.bio\/pt-pt\/\",\"name\":\"Justy\",\"description\":\"\",\"publisher\":{\"@id\":\"https:\/\/www.justy.bio\/pt-pt\/#organization\"},\"potentialAction\":[{\"@type\":\"SearchAction\",\"target\":{\"@type\":\"EntryPoint\",\"urlTemplate\":\"https:\/\/www.justy.bio\/pt-pt\/?s={search_term_string}\"},\"query-input\":{\"@type\":\"PropertyValueSpecification\",\"valueRequired\":true,\"valueName\":\"search_term_string\"}}],\"inLanguage\":\"pt-PT\"},{\"@type\":\"Organization\",\"@id\":\"https:\/\/www.justy.bio\/pt-pt\/#organization\",\"name\":\"Justy\",\"url\":\"https:\/\/www.justy.bio\/pt-pt\/\",\"logo\":{\"@type\":\"ImageObject\",\"inLanguage\":\"pt-PT\",\"@id\":\"https:\/\/www.justy.bio\/pt-pt\/#\/schema\/logo\/image\/\",\"url\":\"https:\/\/www.justy.bio\/wp-content\/uploads\/2023\/10\/Logo.png\",\"contentUrl\":\"https:\/\/www.justy.bio\/wp-content\/uploads\/2023\/10\/Logo.png\",\"width\":218,\"height\":218,\"caption\":\"Justy\"},\"image\":{\"@id\":\"https:\/\/www.justy.bio\/pt-pt\/#\/schema\/logo\/image\/\"},\"sameAs\":[\"https:\/\/www.facebook.com\/justygoodness\",\"https:\/\/www.instagram.com\/justygoodness\/\"]}]}<\/script>\n<meta property=\"product:price:amount\" content=\"5.40\" \/>\n<meta property=\"product:price:currency\" content=\"EUR\" \/>\n<meta property=\"og:availability\" content=\"out of stock\" \/>\n<meta property=\"product:availability\" content=\"out of stock\" \/>\n<meta property=\"product:retailer_item_id\" content=\"3301016\" \/>\n<meta property=\"product:condition\" content=\"new\" \/>\n<!-- \/ Yoast SEO Premium plugin. -->","yoast_head_json":{"title":"Sumo Wild | Justy","description":"Feito por David Wolfe - especialista em sa\u00fade ? Aipo, ma\u00e7\u00e3, pepino, lima, espinafre, end\u00edvia, \u00f3leo de CBD,... 240ml","robots":{"index":"index","follow":"follow","max-snippet":"max-snippet:-1","max-image-preview":"max-image-preview:large","max-video-preview":"max-video-preview:-1"},"canonical":"https:\/\/www.justy.bio\/pt-pt\/shop\/sumos\/sumo-wild\/","og_locale":"pt_PT","og_type":"article","og_title":"Sumo Wild | Justy","og_description":"Feito por David Wolfe - especialista em sa\u00fade ? Aipo, ma\u00e7\u00e3, pepino, lima, espinafre, end\u00edvia, \u00f3leo de CBD,... 240ml","og_url":"https:\/\/www.justy.bio\/pt-pt\/shop\/sumos\/sumo-wild\/","og_site_name":"Justy","article_publisher":"https:\/\/www.facebook.com\/justygoodness","article_modified_time":"2025-09-05T13:39:19+00:00","og_image":[{"width":600,"height":450,"url":"https:\/\/www.justy.bio\/wp-content\/uploads\/2025\/05\/Copia-de-wild.webp","type":"image\/webp"}],"twitter_card":"summary_large_image","twitter_misc":{"pre\u00e7o":"&euro;&nbsp;5,40","Disponibilidade":"Esgotado"},"schema":{"@context":"https:\/\/schema.org","@graph":[{"@type":"WebPage","@id":"https:\/\/www.justy.bio\/pt-pt\/shop\/sumos\/sumo-wild\/","url":"https:\/\/www.justy.bio\/pt-pt\/shop\/sumos\/sumo-wild\/","name":"Sumo Wild | Justy","isPartOf":{"@id":"https:\/\/www.justy.bio\/pt-pt\/#website"},"primaryImageOfPage":{"@id":"https:\/\/www.justy.bio\/pt-pt\/shop\/sumos\/sumo-wild\/#primaryimage"},"image":{"@id":"https:\/\/www.justy.bio\/pt-pt\/shop\/sumos\/sumo-wild\/#primaryimage"},"thumbnailUrl":"https:\/\/www.justy.bio\/wp-content\/uploads\/2025\/05\/Copia-de-wild.webp","datePublished":"2025-05-29T15:16:07+00:00","dateModified":"2025-09-05T13:39:19+00:00","description":"Feito por David Wolfe - especialista em sa\u00fade ? Aipo, ma\u00e7\u00e3, pepino, lima, espinafre, end\u00edvia, \u00f3leo de CBD,... 240ml","breadcrumb":{"@id":"https:\/\/www.justy.bio\/pt-pt\/shop\/sumos\/sumo-wild\/#breadcrumb"},"inLanguage":"pt-PT","potentialAction":[{"@type":"ReadAction","target":["https:\/\/www.justy.bio\/pt-pt\/shop\/sumos\/sumo-wild\/"]}]},{"@type":"ImageObject","inLanguage":"pt-PT","@id":"https:\/\/www.justy.bio\/pt-pt\/shop\/sumos\/sumo-wild\/#primaryimage","url":"https:\/\/www.justy.bio\/wp-content\/uploads\/2025\/05\/Copia-de-wild.webp","contentUrl":"https:\/\/www.justy.bio\/wp-content\/uploads\/2025\/05\/Copia-de-wild.webp","width":600,"height":450},{"@type":"BreadcrumbList","@id":"https:\/\/www.justy.bio\/pt-pt\/shop\/sumos\/sumo-wild\/#breadcrumb","itemListElement":[{"@type":"ListItem","position":1,"name":"Shop","item":"https:\/\/www.justy.bio\/pt-pt\/shop\/"},{"@type":"ListItem","position":2,"name":"Sumo Wild"}]},{"@type":"WebSite","@id":"https:\/\/www.justy.bio\/pt-pt\/#website","url":"https:\/\/www.justy.bio\/pt-pt\/","name":"Justy","description":"","publisher":{"@id":"https:\/\/www.justy.bio\/pt-pt\/#organization"},"potentialAction":[{"@type":"SearchAction","target":{"@type":"EntryPoint","urlTemplate":"https:\/\/www.justy.bio\/pt-pt\/?s={search_term_string}"},"query-input":{"@type":"PropertyValueSpecification","valueRequired":true,"valueName":"search_term_string"}}],"inLanguage":"pt-PT"},{"@type":"Organization","@id":"https:\/\/www.justy.bio\/pt-pt\/#organization","name":"Justy","url":"https:\/\/www.justy.bio\/pt-pt\/","logo":{"@type":"ImageObject","inLanguage":"pt-PT","@id":"https:\/\/www.justy.bio\/pt-pt\/#\/schema\/logo\/image\/","url":"https:\/\/www.justy.bio\/wp-content\/uploads\/2023\/10\/Logo.png","contentUrl":"https:\/\/www.justy.bio\/wp-content\/uploads\/2023\/10\/Logo.png","width":218,"height":218,"caption":"Justy"},"image":{"@id":"https:\/\/www.justy.bio\/pt-pt\/#\/schema\/logo\/image\/"},"sameAs":["https:\/\/www.facebook.com\/justygoodness","https:\/\/www.instagram.com\/justygoodness\/"]}]},"product_price_amount":"5.40","product_price_currency":"EUR","og_availability":"out of stock","product_availability":"out of stock","product_retailer_item_id":"3301016","product_condition":"new"},"_links":{"self":[{"href":"https:\/\/www.justy.bio\/pt-pt\/wp-json\/wp\/v2\/product\/59538","targetHints":{"allow":["GET"]}}],"collection":[{"href":"https:\/\/www.justy.bio\/pt-pt\/wp-json\/wp\/v2\/product"}],"about":[{"href":"https:\/\/www.justy.bio\/pt-pt\/wp-json\/wp\/v2\/types\/product"}],"replies":[{"embeddable":true,"href":"https:\/\/www.justy.bio\/pt-pt\/wp-json\/wp\/v2\/comments?post=59538"}],"wp:featuredmedia":[{"embeddable":true,"href":"https:\/\/www.justy.bio\/pt-pt\/wp-json\/wp\/v2\/media\/59539"}],"wp:attachment":[{"href":"https:\/\/www.justy.bio\/pt-pt\/wp-json\/wp\/v2\/media?parent=59538"}],"wp:term":[{"taxonomy":"product_brand","embeddable":true,"href":"https:\/\/www.justy.bio\/pt-pt\/wp-json\/wp\/v2\/product_brand?post=59538"},{"taxonomy":"product_cat","embeddable":true,"href":"https:\/\/www.justy.bio\/pt-pt\/wp-json\/wp\/v2\/product_cat?post=59538"},{"taxonomy":"product_tag","embeddable":true,"href":"https:\/\/www.justy.bio\/pt-pt\/wp-json\/wp\/v2\/product_tag?post=59538"}],"curies":[{"name":"wp","href":"https:\/\/api.w.org\/{rel}","templated":true}]}}