{"id":59569,"date":"2025-05-29T17:16:11","date_gmt":"2025-05-29T15:16:11","guid":{"rendered":"https:\/\/www.justy.bio\/shop\/sem%20categoria\/tom-kha-kai-soup\/"},"modified":"2025-09-08T10:33:48","modified_gmt":"2025-09-08T08:33:48","slug":"tom-kha-kai-soup","status":"publish","type":"product","link":"https:\/\/www.justy.bio\/pt-pt\/shop\/sopa\/tom-kha-kai-soup\/","title":{"rendered":"Sopa Tom Kha KaI"},"content":{"rendered":"<h3><strong data-start=\"119\" data-end=\"171\">A nossa sopa biol\u00f3gica Tom Kha Kai de aipo-nabos<\/strong> \u00e9 uma deliciosa vers\u00e3o vegetariana do popular prato tailand\u00eas. Tem um sabor suave e equilibrado, sem picante. O leite de coco confere-lhe uma textura incrivelmente cremosa e o coentro completa a experi\u00eancia asi\u00e1tica. Ao acrescentarmos aipo-nabos, incorpor\u00e1mos ainda mais legumes, tornando-a ainda mais saud\u00e1vel. Esta saborosa sopa \u00e9 rica em folato (vitamina B11), que contribui para um bom equil\u00edbrio mental.<\/h3>\n<p data-start=\"585\" data-end=\"941\">O nome da tradicional sopa tailandesa Tom Kha Kai vem de dois ingredientes distintivos: a galanga (Kha) e o frango (Kai), que s\u00e3o cozidos juntamente com os restantes ingredientes num caldo (Tom). Na nossa vers\u00e3o vegetariana de Tom Kha Kai com aipo-nabos, substitu\u00edmos o frango por aipo-nabos fresco. Assim, obtemos uma sopa cheia de legumes e nutrientes.<\/p>\n\n<div class=\"wp-block-spacer\" style=\"height: 24px;\" aria-hidden=\"true\"><\/div>\n<h3 data-start=\"948\" data-end=\"1019\">Porque \u00e9 saud\u00e1vel a nossa sopa biol\u00f3gica Tom Kha Kai de aipo-nabos?<\/h3>\n<p data-start=\"1021\" data-end=\"1265\">Na Justy usamos sempre apenas ingredientes puros e biol\u00f3gicos da melhor qualidade. A base da nossa sopa \u00e9 um caldo caseiro que preparamos durante 24 horas com os ingredientes mais frescos, para extrair ao m\u00e1ximo todos os sabores e nutrientes.<\/p>\n<p data-start=\"1267\" data-end=\"1386\">O aipo-nabos \u00e9 uma verdadeira bomba de vitaminas, especialmente rico em folato (vitamina B11), vitamina K e pot\u00e1ssio.<\/p>\n\n<ul data-start=\"1387\" data-end=\"1756\">\n \t<li data-start=\"1387\" data-end=\"1559\">\n<p data-start=\"1389\" data-end=\"1559\"><strong data-start=\"1389\" data-end=\"1401\">O folato<\/strong> ajuda a resistir ao stress, favorece o bom humor e o equil\u00edbrio mental, contribui para reduzir o cansa\u00e7o e apoia o bom funcionamento do sistema imunit\u00e1rio.<\/p>\n<\/li>\n \t<li data-start=\"1560\" data-end=\"1658\">\n<p data-start=\"1562\" data-end=\"1658\"><strong data-start=\"1562\" data-end=\"1576\">O pot\u00e1ssio<\/strong> \u00e9 ben\u00e9fico para a tens\u00e3o arterial e ajuda a manter m\u00fasculos fortes e flex\u00edveis.<\/p>\n<\/li>\n \t<li data-start=\"1659\" data-end=\"1756\">\n<p data-start=\"1661\" data-end=\"1756\"><strong data-start=\"1661\" data-end=\"1677\">A vitamina K<\/strong> contribui para a sa\u00fade dos ossos e participa na coagula\u00e7\u00e3o normal do sangue.<\/p>\n<\/li>\n<\/ul>\n<p data-start=\"1758\" data-end=\"1920\">Ap\u00f3s a sua prepara\u00e7\u00e3o, as nossas sopas s\u00e3o imediatamente congeladas para preservar ao m\u00e1ximo o sabor, o aroma e os nutrientes. E isso sente-se a cada colherada!<\/p>\n\n<div class=\"wp-block-spacer\" style=\"height: 24px;\" aria-hidden=\"true\"><\/div>\n<h3 data-start=\"1927\" data-end=\"1988\">Sabor da nossa sopa biol\u00f3gica Tom Kha Kai de aipo-nabos<\/h3>\n<p data-start=\"1990\" data-end=\"2371\">A nossa sopa apresenta uma bonita cor branca e cremosa. N\u00e3o \u00e9 picante, mas sim muito suave e cheia de sabor. Os ingredientes caracter\u00edsticos, como a galanga, o coentro e o leite de coco, oferecem um toque asi\u00e1tico inconfund\u00edvel. O leite de coco, al\u00e9m disso, d\u00e1-lhe uma textura sedosa e cremosa. A lima acrescenta uma nota c\u00edtrica subtil que equilibra o leve dul\u00e7or desta receita.<\/p>\n<p data-start=\"2373\" data-end=\"2564\">Uma deliciosa reinterpreta\u00e7\u00e3o de um cl\u00e1ssico tailand\u00eas, perfeita para qualquer altura do dia. Uma forma ideal de aumentar a ingest\u00e3o de legumes enquanto desfruta de um sabor rico e ex\u00f3tico.<\/p>\n<p data-start=\"2566\" data-end=\"2695\"><em data-start=\"2566\" data-end=\"2693\">\u201cAs nossas sopas s\u00e3o um excelente complemento como parte de uma dieta variada e equilibrada e de um estilo de vida saud\u00e1vel.\u201d<\/em><\/p>\n<!-- \/wp:post-content -->","protected":false},"excerpt":{"rendered":"<p>Contributes to a good mental balance*<\/p>\n","protected":false},"featured_media":59570,"comment_status":"open","ping_status":"closed","template":"","meta":{"_acf_changed":true,"_gspb_post_css":""},"product_brand":[],"product_cat":[1004],"product_tag":[916],"class_list":{"0":"post-59569","1":"product","2":"type-product","3":"status-publish","4":"has-post-thumbnail","6":"product_cat-sopa","7":"product_tag-import-pt-pt","8":"has-subscription-plans","10":"first","11":"outofstock","12":"sale","13":"taxable","14":"shipping-taxable","15":"purchasable","16":"product-type-simple"},"bundled_by":[],"bundle_stock_status":"outofstock","bundle_stock_quantity":null,"bundle_virtual":false,"bundle_layout":"","bundle_add_to_cart_form_location":"","bundle_editable_in_cart":false,"bundle_sold_individually_context":"","bundle_item_grouping":"","bundle_min_size":"","bundle_max_size":"","bundle_price":[],"bundled_items":[],"bundle_sell_ids":[],"acf":[],"yoast_head":"<!-- This site is optimized with the Yoast SEO Premium plugin v25.5 (Yoast SEO v25.5) - https:\/\/yoast.com\/wordpress\/plugins\/seo\/ -->\n<title>Organic Tom Kha Kai Soup 470ml | Thai Flavors &amp; Mental Balance | Justy<\/title>\n<meta name=\"description\" content=\"Discover our organic Tom Kha Kai soup, with Thai flavors, contributing to mental balance.\" \/>\n<meta name=\"robots\" content=\"index, follow, max-snippet:-1, max-image-preview:large, max-video-preview:-1\" \/>\n<link rel=\"canonical\" href=\"https:\/\/www.justy.bio\/pt-pt\/shop\/sopa\/tom-kha-kai-soup\/\" \/>\n<meta property=\"og:locale\" content=\"pt_PT\" \/>\n<meta property=\"og:type\" content=\"article\" \/>\n<meta property=\"og:title\" content=\"Organic Tom Kha Kai Soup 470ml | Thai Flavors &amp; Mental Balance | Justy\" \/>\n<meta property=\"og:description\" content=\"Discover our organic Tom Kha Kai soup, with Thai flavors, contributing to mental balance.\" \/>\n<meta property=\"og:url\" content=\"https:\/\/www.justy.bio\/pt-pt\/shop\/sopa\/tom-kha-kai-soup\/\" \/>\n<meta property=\"og:site_name\" content=\"Justy\" \/>\n<meta property=\"article:publisher\" content=\"https:\/\/www.facebook.com\/justygoodness\" \/>\n<meta property=\"article:modified_time\" content=\"2025-09-08T08:33:48+00:00\" \/>\n<meta property=\"og:image\" content=\"https:\/\/www.justy.bio\/wp-content\/uploads\/2025\/05\/celeri.webp\" \/>\n\t<meta property=\"og:image:width\" content=\"600\" \/>\n\t<meta property=\"og:image:height\" content=\"450\" \/>\n\t<meta property=\"og:image:type\" content=\"image\/webp\" \/>\n<meta name=\"twitter:card\" content=\"summary_large_image\" \/>\n<meta name=\"twitter:label1\" content=\"pre\u00e7o\" \/>\n\t<meta name=\"twitter:data1\" content=\"&euro;&nbsp;5,95\" \/>\n\t<meta name=\"twitter:label2\" content=\"Disponibilidade\" \/>\n\t<meta name=\"twitter:data2\" content=\"Esgotado\" \/>\n<script type=\"application\/ld+json\" class=\"yoast-schema-graph\">{\"@context\":\"https:\/\/schema.org\",\"@graph\":[{\"@type\":\"WebPage\",\"@id\":\"https:\/\/www.justy.bio\/pt-pt\/shop\/sopa\/tom-kha-kai-soup\/\",\"url\":\"https:\/\/www.justy.bio\/pt-pt\/shop\/sopa\/tom-kha-kai-soup\/\",\"name\":\"Organic Tom Kha Kai Soup 470ml | Thai Flavors & Mental Balance | Justy\",\"isPartOf\":{\"@id\":\"https:\/\/www.justy.bio\/pt-pt\/#website\"},\"primaryImageOfPage\":{\"@id\":\"https:\/\/www.justy.bio\/pt-pt\/shop\/sopa\/tom-kha-kai-soup\/#primaryimage\"},\"image\":{\"@id\":\"https:\/\/www.justy.bio\/pt-pt\/shop\/sopa\/tom-kha-kai-soup\/#primaryimage\"},\"thumbnailUrl\":\"https:\/\/www.justy.bio\/wp-content\/uploads\/2025\/05\/celeri.webp\",\"datePublished\":\"2025-05-29T15:16:11+00:00\",\"dateModified\":\"2025-09-08T08:33:48+00:00\",\"description\":\"Discover our organic Tom Kha Kai soup, with Thai flavors, contributing to mental balance.\",\"breadcrumb\":{\"@id\":\"https:\/\/www.justy.bio\/pt-pt\/shop\/sopa\/tom-kha-kai-soup\/#breadcrumb\"},\"inLanguage\":\"pt-PT\",\"potentialAction\":[{\"@type\":\"ReadAction\",\"target\":[\"https:\/\/www.justy.bio\/pt-pt\/shop\/sopa\/tom-kha-kai-soup\/\"]}]},{\"@type\":\"ImageObject\",\"inLanguage\":\"pt-PT\",\"@id\":\"https:\/\/www.justy.bio\/pt-pt\/shop\/sopa\/tom-kha-kai-soup\/#primaryimage\",\"url\":\"https:\/\/www.justy.bio\/wp-content\/uploads\/2025\/05\/celeri.webp\",\"contentUrl\":\"https:\/\/www.justy.bio\/wp-content\/uploads\/2025\/05\/celeri.webp\",\"width\":600,\"height\":450},{\"@type\":\"BreadcrumbList\",\"@id\":\"https:\/\/www.justy.bio\/pt-pt\/shop\/sopa\/tom-kha-kai-soup\/#breadcrumb\",\"itemListElement\":[{\"@type\":\"ListItem\",\"position\":1,\"name\":\"Shop\",\"item\":\"https:\/\/www.justy.bio\/pt-pt\/shop\/\"},{\"@type\":\"ListItem\",\"position\":2,\"name\":\"Sopa Tom Kha KaI\"}]},{\"@type\":\"WebSite\",\"@id\":\"https:\/\/www.justy.bio\/pt-pt\/#website\",\"url\":\"https:\/\/www.justy.bio\/pt-pt\/\",\"name\":\"Justy\",\"description\":\"\",\"publisher\":{\"@id\":\"https:\/\/www.justy.bio\/pt-pt\/#organization\"},\"potentialAction\":[{\"@type\":\"SearchAction\",\"target\":{\"@type\":\"EntryPoint\",\"urlTemplate\":\"https:\/\/www.justy.bio\/pt-pt\/?s={search_term_string}\"},\"query-input\":{\"@type\":\"PropertyValueSpecification\",\"valueRequired\":true,\"valueName\":\"search_term_string\"}}],\"inLanguage\":\"pt-PT\"},{\"@type\":\"Organization\",\"@id\":\"https:\/\/www.justy.bio\/pt-pt\/#organization\",\"name\":\"Justy\",\"url\":\"https:\/\/www.justy.bio\/pt-pt\/\",\"logo\":{\"@type\":\"ImageObject\",\"inLanguage\":\"pt-PT\",\"@id\":\"https:\/\/www.justy.bio\/pt-pt\/#\/schema\/logo\/image\/\",\"url\":\"https:\/\/www.justy.bio\/wp-content\/uploads\/2023\/10\/Logo.png\",\"contentUrl\":\"https:\/\/www.justy.bio\/wp-content\/uploads\/2023\/10\/Logo.png\",\"width\":218,\"height\":218,\"caption\":\"Justy\"},\"image\":{\"@id\":\"https:\/\/www.justy.bio\/pt-pt\/#\/schema\/logo\/image\/\"},\"sameAs\":[\"https:\/\/www.facebook.com\/justygoodness\",\"https:\/\/www.instagram.com\/justygoodness\/\"]}]}<\/script>\n<meta property=\"product:price:amount\" content=\"5.95\" \/>\n<meta property=\"product:price:currency\" content=\"EUR\" \/>\n<meta property=\"og:availability\" content=\"out of stock\" \/>\n<meta property=\"product:availability\" content=\"out of stock\" \/>\n<meta property=\"product:retailer_item_id\" content=\"3309012\" \/>\n<meta property=\"product:condition\" content=\"new\" \/>\n<!-- \/ Yoast SEO Premium plugin. -->","yoast_head_json":{"title":"Organic Tom Kha Kai Soup 470ml | Thai Flavors & Mental Balance | Justy","description":"Discover our organic Tom Kha Kai soup, with Thai flavors, contributing to mental balance.","robots":{"index":"index","follow":"follow","max-snippet":"max-snippet:-1","max-image-preview":"max-image-preview:large","max-video-preview":"max-video-preview:-1"},"canonical":"https:\/\/www.justy.bio\/pt-pt\/shop\/sopa\/tom-kha-kai-soup\/","og_locale":"pt_PT","og_type":"article","og_title":"Organic Tom Kha Kai Soup 470ml | Thai Flavors & Mental Balance | Justy","og_description":"Discover our organic Tom Kha Kai soup, with Thai flavors, contributing to mental balance.","og_url":"https:\/\/www.justy.bio\/pt-pt\/shop\/sopa\/tom-kha-kai-soup\/","og_site_name":"Justy","article_publisher":"https:\/\/www.facebook.com\/justygoodness","article_modified_time":"2025-09-08T08:33:48+00:00","og_image":[{"width":600,"height":450,"url":"https:\/\/www.justy.bio\/wp-content\/uploads\/2025\/05\/celeri.webp","type":"image\/webp"}],"twitter_card":"summary_large_image","twitter_misc":{"pre\u00e7o":"&euro;&nbsp;5,95","Disponibilidade":"Esgotado"},"schema":{"@context":"https:\/\/schema.org","@graph":[{"@type":"WebPage","@id":"https:\/\/www.justy.bio\/pt-pt\/shop\/sopa\/tom-kha-kai-soup\/","url":"https:\/\/www.justy.bio\/pt-pt\/shop\/sopa\/tom-kha-kai-soup\/","name":"Organic Tom Kha Kai Soup 470ml | Thai Flavors & Mental Balance | Justy","isPartOf":{"@id":"https:\/\/www.justy.bio\/pt-pt\/#website"},"primaryImageOfPage":{"@id":"https:\/\/www.justy.bio\/pt-pt\/shop\/sopa\/tom-kha-kai-soup\/#primaryimage"},"image":{"@id":"https:\/\/www.justy.bio\/pt-pt\/shop\/sopa\/tom-kha-kai-soup\/#primaryimage"},"thumbnailUrl":"https:\/\/www.justy.bio\/wp-content\/uploads\/2025\/05\/celeri.webp","datePublished":"2025-05-29T15:16:11+00:00","dateModified":"2025-09-08T08:33:48+00:00","description":"Discover our organic Tom Kha Kai soup, with Thai flavors, contributing to mental balance.","breadcrumb":{"@id":"https:\/\/www.justy.bio\/pt-pt\/shop\/sopa\/tom-kha-kai-soup\/#breadcrumb"},"inLanguage":"pt-PT","potentialAction":[{"@type":"ReadAction","target":["https:\/\/www.justy.bio\/pt-pt\/shop\/sopa\/tom-kha-kai-soup\/"]}]},{"@type":"ImageObject","inLanguage":"pt-PT","@id":"https:\/\/www.justy.bio\/pt-pt\/shop\/sopa\/tom-kha-kai-soup\/#primaryimage","url":"https:\/\/www.justy.bio\/wp-content\/uploads\/2025\/05\/celeri.webp","contentUrl":"https:\/\/www.justy.bio\/wp-content\/uploads\/2025\/05\/celeri.webp","width":600,"height":450},{"@type":"BreadcrumbList","@id":"https:\/\/www.justy.bio\/pt-pt\/shop\/sopa\/tom-kha-kai-soup\/#breadcrumb","itemListElement":[{"@type":"ListItem","position":1,"name":"Shop","item":"https:\/\/www.justy.bio\/pt-pt\/shop\/"},{"@type":"ListItem","position":2,"name":"Sopa Tom Kha KaI"}]},{"@type":"WebSite","@id":"https:\/\/www.justy.bio\/pt-pt\/#website","url":"https:\/\/www.justy.bio\/pt-pt\/","name":"Justy","description":"","publisher":{"@id":"https:\/\/www.justy.bio\/pt-pt\/#organization"},"potentialAction":[{"@type":"SearchAction","target":{"@type":"EntryPoint","urlTemplate":"https:\/\/www.justy.bio\/pt-pt\/?s={search_term_string}"},"query-input":{"@type":"PropertyValueSpecification","valueRequired":true,"valueName":"search_term_string"}}],"inLanguage":"pt-PT"},{"@type":"Organization","@id":"https:\/\/www.justy.bio\/pt-pt\/#organization","name":"Justy","url":"https:\/\/www.justy.bio\/pt-pt\/","logo":{"@type":"ImageObject","inLanguage":"pt-PT","@id":"https:\/\/www.justy.bio\/pt-pt\/#\/schema\/logo\/image\/","url":"https:\/\/www.justy.bio\/wp-content\/uploads\/2023\/10\/Logo.png","contentUrl":"https:\/\/www.justy.bio\/wp-content\/uploads\/2023\/10\/Logo.png","width":218,"height":218,"caption":"Justy"},"image":{"@id":"https:\/\/www.justy.bio\/pt-pt\/#\/schema\/logo\/image\/"},"sameAs":["https:\/\/www.facebook.com\/justygoodness","https:\/\/www.instagram.com\/justygoodness\/"]}]},"product_price_amount":"5.95","product_price_currency":"EUR","og_availability":"out of stock","product_availability":"out of stock","product_retailer_item_id":"3309012","product_condition":"new"},"_links":{"self":[{"href":"https:\/\/www.justy.bio\/pt-pt\/wp-json\/wp\/v2\/product\/59569","targetHints":{"allow":["GET"]}}],"collection":[{"href":"https:\/\/www.justy.bio\/pt-pt\/wp-json\/wp\/v2\/product"}],"about":[{"href":"https:\/\/www.justy.bio\/pt-pt\/wp-json\/wp\/v2\/types\/product"}],"replies":[{"embeddable":true,"href":"https:\/\/www.justy.bio\/pt-pt\/wp-json\/wp\/v2\/comments?post=59569"}],"wp:featuredmedia":[{"embeddable":true,"href":"https:\/\/www.justy.bio\/pt-pt\/wp-json\/wp\/v2\/media\/59570"}],"wp:attachment":[{"href":"https:\/\/www.justy.bio\/pt-pt\/wp-json\/wp\/v2\/media?parent=59569"}],"wp:term":[{"taxonomy":"product_brand","embeddable":true,"href":"https:\/\/www.justy.bio\/pt-pt\/wp-json\/wp\/v2\/product_brand?post=59569"},{"taxonomy":"product_cat","embeddable":true,"href":"https:\/\/www.justy.bio\/pt-pt\/wp-json\/wp\/v2\/product_cat?post=59569"},{"taxonomy":"product_tag","embeddable":true,"href":"https:\/\/www.justy.bio\/pt-pt\/wp-json\/wp\/v2\/product_tag?post=59569"}],"curies":[{"name":"wp","href":"https:\/\/api.w.org\/{rel}","templated":true}]}}