{"id":59588,"date":"2025-05-29T17:16:10","date_gmt":"2025-05-29T15:16:10","guid":{"rendered":"https:\/\/www.justy.bio\/shop\/sem%20categoria\/cauliflower-soup\/"},"modified":"2025-09-10T15:49:37","modified_gmt":"2025-09-10T13:49:37","slug":"sopa-de-couve-flor","status":"publish","type":"product","link":"https:\/\/www.justy.bio\/pt-pt\/shop\/sopa\/sopa-de-couve-flor\/","title":{"rendered":"sopa de couve-flor"},"content":{"rendered":"<h2>Surpreenda-se com a nossa sopa de couve-flor org\u00e2nica! A combina\u00e7\u00e3o da couve-flor com leite de coco proporciona uma textura maravilhosamente cremosa, enquanto as v\u00e1rias ervas e especiarias indianas d\u00e3o \u00e0 sopa um sabor picante e levemente apimentado.<\/h2>\n<p>A sopa \u00e9 maravilhosamente reconfortante e saciante. Gra\u00e7as \u00e0 couve-flor, a sopa cont\u00e9m muito \u00e1cido f\u00f3lico (vitamina B11). Esta vitamina refor\u00e7a o seu sistema imunol\u00f3gico e, portanto, contribui para uma boa resist\u00eancia*.<\/p>\n<p data-start=\"1689\" data-end=\"1928\">\n<div class=\"wp-block-spacer\" style=\"height: 24px\" aria-hidden=\"true\"><\/div>\n<h3 data-start=\"1935\" data-end=\"1984\">Sabor da nossa sopa biol\u00f3gica de couve-flor<\/h3>\n<p data-start=\"1986\" data-end=\"2297\">A nossa sopa apresenta um alegre tom amarelado que chama a aten\u00e7\u00e3o de imediato. Ao abrir a garrafa, o aroma envolvente das especiarias convida a saborear. A combina\u00e7\u00e3o perfeita de <strong data-start=\"2166\" data-end=\"2182\">garam masala<\/strong>, cominhos, gengibre e a\u00e7afr\u00e3o-da-terra cria um equil\u00edbrio de sabores que aquece o corpo desde a primeira colher.<\/p>\n<p data-start=\"2299\" data-end=\"2518\">Esta sopa cremosa \u00e9 deliciosa em qualquer altura, mas \u00e9 especialmente recomendada para os dias frios. Ideal como almo\u00e7o reconfortante, acompanhamento de um jantar ou at\u00e9 como um <em data-start=\"2477\" data-end=\"2484\">boost<\/em> de energia numa pausa da tarde.<\/p>\n<p data-start=\"2520\" data-end=\"2649\"><em data-start=\"2520\" data-end=\"2647\">\u201cAs nossas sopas s\u00e3o um excelente complemento como parte de uma dieta variada e equilibrada e de um estilo de vida saud\u00e1vel.\u201d<\/em><\/p>\n","protected":false},"excerpt":{"rendered":"<p>Apoia o sistema imunit\u00e1rio.<\/p>\n","protected":false},"featured_media":59589,"comment_status":"open","ping_status":"closed","template":"","meta":{"_acf_changed":false,"_gspb_post_css":""},"product_brand":[],"product_cat":[1004],"product_tag":[916],"class_list":{"0":"post-59588","1":"product","2":"type-product","3":"status-publish","4":"has-post-thumbnail","6":"product_cat-sopa","7":"product_tag-import-pt-pt","8":"has-subscription-plans","10":"first","11":"instock","12":"sale","13":"taxable","14":"shipping-taxable","15":"purchasable","16":"product-type-simple"},"bundled_by":[],"bundle_stock_status":"instock","bundle_stock_quantity":null,"bundle_virtual":false,"bundle_layout":"","bundle_add_to_cart_form_location":"","bundle_editable_in_cart":false,"bundle_sold_individually_context":"","bundle_item_grouping":"","bundle_min_size":"","bundle_max_size":"","bundle_price":[],"bundled_items":[],"bundle_sell_ids":[],"acf":[],"yoast_head":"<!-- This site is optimized with the Yoast SEO Premium plugin v25.5 (Yoast SEO v25.5) - https:\/\/yoast.com\/wordpress\/plugins\/seo\/ -->\n<title>sopa de couve-flor | Justy<\/title>\n<meta name=\"description\" content=\"A nossa sopa de couve-flor org\u00e2nica fornece v\u00e1rias vitaminas e minerais, como a vitamina K e o \u00e1cido f\u00f3lico. A vitamina K ajuda a manter os ossos fortes.\" \/>\n<meta name=\"robots\" content=\"index, follow, max-snippet:-1, max-image-preview:large, max-video-preview:-1\" \/>\n<link rel=\"canonical\" href=\"https:\/\/www.justy.bio\/pt-pt\/shop\/sopa\/sopa-de-couve-flor\/\" \/>\n<meta property=\"og:locale\" content=\"pt_PT\" \/>\n<meta property=\"og:type\" content=\"article\" \/>\n<meta property=\"og:title\" content=\"sopa de couve-flor | Justy\" \/>\n<meta property=\"og:description\" content=\"A nossa sopa de couve-flor org\u00e2nica fornece v\u00e1rias vitaminas e minerais, como a vitamina K e o \u00e1cido f\u00f3lico. A vitamina K ajuda a manter os ossos fortes.\" \/>\n<meta property=\"og:url\" content=\"https:\/\/www.justy.bio\/pt-pt\/shop\/sopa\/sopa-de-couve-flor\/\" \/>\n<meta property=\"og:site_name\" content=\"Justy\" \/>\n<meta property=\"article:publisher\" content=\"https:\/\/www.facebook.com\/justygoodness\" \/>\n<meta property=\"article:modified_time\" content=\"2025-09-10T13:49:37+00:00\" \/>\n<meta property=\"og:image\" content=\"https:\/\/www.justy.bio\/wp-content\/uploads\/2025\/05\/coliflor-1.webp\" \/>\n\t<meta property=\"og:image:width\" content=\"600\" \/>\n\t<meta property=\"og:image:height\" content=\"450\" \/>\n\t<meta property=\"og:image:type\" content=\"image\/webp\" \/>\n<meta name=\"twitter:card\" content=\"summary_large_image\" \/>\n<meta name=\"twitter:label1\" content=\"pre\u00e7o\" \/>\n\t<meta name=\"twitter:data1\" content=\"&euro;&nbsp;5,95\" \/>\n\t<meta name=\"twitter:label2\" content=\"Disponibilidade\" \/>\n\t<meta name=\"twitter:data2\" content=\"Em stock\" \/>\n<script type=\"application\/ld+json\" class=\"yoast-schema-graph\">{\"@context\":\"https:\/\/schema.org\",\"@graph\":[{\"@type\":\"WebPage\",\"@id\":\"https:\/\/www.justy.bio\/pt-pt\/shop\/sopa\/sopa-de-couve-flor\/\",\"url\":\"https:\/\/www.justy.bio\/pt-pt\/shop\/sopa\/sopa-de-couve-flor\/\",\"name\":\"sopa de couve-flor | Justy\",\"isPartOf\":{\"@id\":\"https:\/\/www.justy.bio\/pt-pt\/#website\"},\"primaryImageOfPage\":{\"@id\":\"https:\/\/www.justy.bio\/pt-pt\/shop\/sopa\/sopa-de-couve-flor\/#primaryimage\"},\"image\":{\"@id\":\"https:\/\/www.justy.bio\/pt-pt\/shop\/sopa\/sopa-de-couve-flor\/#primaryimage\"},\"thumbnailUrl\":\"https:\/\/www.justy.bio\/wp-content\/uploads\/2025\/05\/coliflor-1.webp\",\"datePublished\":\"2025-05-29T15:16:10+00:00\",\"dateModified\":\"2025-09-10T13:49:37+00:00\",\"description\":\"A nossa sopa de couve-flor org\u00e2nica fornece v\u00e1rias vitaminas e minerais, como a vitamina K e o \u00e1cido f\u00f3lico. A vitamina K ajuda a manter os ossos fortes.\",\"breadcrumb\":{\"@id\":\"https:\/\/www.justy.bio\/pt-pt\/shop\/sopa\/sopa-de-couve-flor\/#breadcrumb\"},\"inLanguage\":\"pt-PT\",\"potentialAction\":[{\"@type\":\"ReadAction\",\"target\":[\"https:\/\/www.justy.bio\/pt-pt\/shop\/sopa\/sopa-de-couve-flor\/\"]}]},{\"@type\":\"ImageObject\",\"inLanguage\":\"pt-PT\",\"@id\":\"https:\/\/www.justy.bio\/pt-pt\/shop\/sopa\/sopa-de-couve-flor\/#primaryimage\",\"url\":\"https:\/\/www.justy.bio\/wp-content\/uploads\/2025\/05\/coliflor-1.webp\",\"contentUrl\":\"https:\/\/www.justy.bio\/wp-content\/uploads\/2025\/05\/coliflor-1.webp\",\"width\":600,\"height\":450},{\"@type\":\"BreadcrumbList\",\"@id\":\"https:\/\/www.justy.bio\/pt-pt\/shop\/sopa\/sopa-de-couve-flor\/#breadcrumb\",\"itemListElement\":[{\"@type\":\"ListItem\",\"position\":1,\"name\":\"Shop\",\"item\":\"https:\/\/www.justy.bio\/pt-pt\/shop\/\"},{\"@type\":\"ListItem\",\"position\":2,\"name\":\"sopa de couve-flor\"}]},{\"@type\":\"WebSite\",\"@id\":\"https:\/\/www.justy.bio\/pt-pt\/#website\",\"url\":\"https:\/\/www.justy.bio\/pt-pt\/\",\"name\":\"Justy\",\"description\":\"\",\"publisher\":{\"@id\":\"https:\/\/www.justy.bio\/pt-pt\/#organization\"},\"potentialAction\":[{\"@type\":\"SearchAction\",\"target\":{\"@type\":\"EntryPoint\",\"urlTemplate\":\"https:\/\/www.justy.bio\/pt-pt\/?s={search_term_string}\"},\"query-input\":{\"@type\":\"PropertyValueSpecification\",\"valueRequired\":true,\"valueName\":\"search_term_string\"}}],\"inLanguage\":\"pt-PT\"},{\"@type\":\"Organization\",\"@id\":\"https:\/\/www.justy.bio\/pt-pt\/#organization\",\"name\":\"Justy\",\"url\":\"https:\/\/www.justy.bio\/pt-pt\/\",\"logo\":{\"@type\":\"ImageObject\",\"inLanguage\":\"pt-PT\",\"@id\":\"https:\/\/www.justy.bio\/pt-pt\/#\/schema\/logo\/image\/\",\"url\":\"https:\/\/www.justy.bio\/wp-content\/uploads\/2023\/10\/Logo.png\",\"contentUrl\":\"https:\/\/www.justy.bio\/wp-content\/uploads\/2023\/10\/Logo.png\",\"width\":218,\"height\":218,\"caption\":\"Justy\"},\"image\":{\"@id\":\"https:\/\/www.justy.bio\/pt-pt\/#\/schema\/logo\/image\/\"},\"sameAs\":[\"https:\/\/www.facebook.com\/justygoodness\",\"https:\/\/www.instagram.com\/justygoodness\/\"]}]}<\/script>\n<meta property=\"product:price:amount\" content=\"5.95\" \/>\n<meta property=\"product:price:currency\" content=\"EUR\" \/>\n<meta property=\"og:availability\" content=\"instock\" \/>\n<meta property=\"product:availability\" content=\"instock\" \/>\n<meta property=\"product:retailer_item_id\" content=\"3309013\" \/>\n<meta property=\"product:condition\" content=\"new\" \/>\n<!-- \/ Yoast SEO Premium plugin. -->","yoast_head_json":{"title":"sopa de couve-flor | Justy","description":"A nossa sopa de couve-flor org\u00e2nica fornece v\u00e1rias vitaminas e minerais, como a vitamina K e o \u00e1cido f\u00f3lico. A vitamina K ajuda a manter os ossos fortes.","robots":{"index":"index","follow":"follow","max-snippet":"max-snippet:-1","max-image-preview":"max-image-preview:large","max-video-preview":"max-video-preview:-1"},"canonical":"https:\/\/www.justy.bio\/pt-pt\/shop\/sopa\/sopa-de-couve-flor\/","og_locale":"pt_PT","og_type":"article","og_title":"sopa de couve-flor | Justy","og_description":"A nossa sopa de couve-flor org\u00e2nica fornece v\u00e1rias vitaminas e minerais, como a vitamina K e o \u00e1cido f\u00f3lico. A vitamina K ajuda a manter os ossos fortes.","og_url":"https:\/\/www.justy.bio\/pt-pt\/shop\/sopa\/sopa-de-couve-flor\/","og_site_name":"Justy","article_publisher":"https:\/\/www.facebook.com\/justygoodness","article_modified_time":"2025-09-10T13:49:37+00:00","og_image":[{"width":600,"height":450,"url":"https:\/\/www.justy.bio\/wp-content\/uploads\/2025\/05\/coliflor-1.webp","type":"image\/webp"}],"twitter_card":"summary_large_image","twitter_misc":{"pre\u00e7o":"&euro;&nbsp;5,95","Disponibilidade":"Em stock"},"schema":{"@context":"https:\/\/schema.org","@graph":[{"@type":"WebPage","@id":"https:\/\/www.justy.bio\/pt-pt\/shop\/sopa\/sopa-de-couve-flor\/","url":"https:\/\/www.justy.bio\/pt-pt\/shop\/sopa\/sopa-de-couve-flor\/","name":"sopa de couve-flor | Justy","isPartOf":{"@id":"https:\/\/www.justy.bio\/pt-pt\/#website"},"primaryImageOfPage":{"@id":"https:\/\/www.justy.bio\/pt-pt\/shop\/sopa\/sopa-de-couve-flor\/#primaryimage"},"image":{"@id":"https:\/\/www.justy.bio\/pt-pt\/shop\/sopa\/sopa-de-couve-flor\/#primaryimage"},"thumbnailUrl":"https:\/\/www.justy.bio\/wp-content\/uploads\/2025\/05\/coliflor-1.webp","datePublished":"2025-05-29T15:16:10+00:00","dateModified":"2025-09-10T13:49:37+00:00","description":"A nossa sopa de couve-flor org\u00e2nica fornece v\u00e1rias vitaminas e minerais, como a vitamina K e o \u00e1cido f\u00f3lico. A vitamina K ajuda a manter os ossos fortes.","breadcrumb":{"@id":"https:\/\/www.justy.bio\/pt-pt\/shop\/sopa\/sopa-de-couve-flor\/#breadcrumb"},"inLanguage":"pt-PT","potentialAction":[{"@type":"ReadAction","target":["https:\/\/www.justy.bio\/pt-pt\/shop\/sopa\/sopa-de-couve-flor\/"]}]},{"@type":"ImageObject","inLanguage":"pt-PT","@id":"https:\/\/www.justy.bio\/pt-pt\/shop\/sopa\/sopa-de-couve-flor\/#primaryimage","url":"https:\/\/www.justy.bio\/wp-content\/uploads\/2025\/05\/coliflor-1.webp","contentUrl":"https:\/\/www.justy.bio\/wp-content\/uploads\/2025\/05\/coliflor-1.webp","width":600,"height":450},{"@type":"BreadcrumbList","@id":"https:\/\/www.justy.bio\/pt-pt\/shop\/sopa\/sopa-de-couve-flor\/#breadcrumb","itemListElement":[{"@type":"ListItem","position":1,"name":"Shop","item":"https:\/\/www.justy.bio\/pt-pt\/shop\/"},{"@type":"ListItem","position":2,"name":"sopa de couve-flor"}]},{"@type":"WebSite","@id":"https:\/\/www.justy.bio\/pt-pt\/#website","url":"https:\/\/www.justy.bio\/pt-pt\/","name":"Justy","description":"","publisher":{"@id":"https:\/\/www.justy.bio\/pt-pt\/#organization"},"potentialAction":[{"@type":"SearchAction","target":{"@type":"EntryPoint","urlTemplate":"https:\/\/www.justy.bio\/pt-pt\/?s={search_term_string}"},"query-input":{"@type":"PropertyValueSpecification","valueRequired":true,"valueName":"search_term_string"}}],"inLanguage":"pt-PT"},{"@type":"Organization","@id":"https:\/\/www.justy.bio\/pt-pt\/#organization","name":"Justy","url":"https:\/\/www.justy.bio\/pt-pt\/","logo":{"@type":"ImageObject","inLanguage":"pt-PT","@id":"https:\/\/www.justy.bio\/pt-pt\/#\/schema\/logo\/image\/","url":"https:\/\/www.justy.bio\/wp-content\/uploads\/2023\/10\/Logo.png","contentUrl":"https:\/\/www.justy.bio\/wp-content\/uploads\/2023\/10\/Logo.png","width":218,"height":218,"caption":"Justy"},"image":{"@id":"https:\/\/www.justy.bio\/pt-pt\/#\/schema\/logo\/image\/"},"sameAs":["https:\/\/www.facebook.com\/justygoodness","https:\/\/www.instagram.com\/justygoodness\/"]}]},"product_price_amount":"5.95","product_price_currency":"EUR","og_availability":"instock","product_availability":"instock","product_retailer_item_id":"3309013","product_condition":"new"},"_links":{"self":[{"href":"https:\/\/www.justy.bio\/pt-pt\/wp-json\/wp\/v2\/product\/59588","targetHints":{"allow":["GET"]}}],"collection":[{"href":"https:\/\/www.justy.bio\/pt-pt\/wp-json\/wp\/v2\/product"}],"about":[{"href":"https:\/\/www.justy.bio\/pt-pt\/wp-json\/wp\/v2\/types\/product"}],"replies":[{"embeddable":true,"href":"https:\/\/www.justy.bio\/pt-pt\/wp-json\/wp\/v2\/comments?post=59588"}],"wp:featuredmedia":[{"embeddable":true,"href":"https:\/\/www.justy.bio\/pt-pt\/wp-json\/wp\/v2\/media\/59589"}],"wp:attachment":[{"href":"https:\/\/www.justy.bio\/pt-pt\/wp-json\/wp\/v2\/media?parent=59588"}],"wp:term":[{"taxonomy":"product_brand","embeddable":true,"href":"https:\/\/www.justy.bio\/pt-pt\/wp-json\/wp\/v2\/product_brand?post=59588"},{"taxonomy":"product_cat","embeddable":true,"href":"https:\/\/www.justy.bio\/pt-pt\/wp-json\/wp\/v2\/product_cat?post=59588"},{"taxonomy":"product_tag","embeddable":true,"href":"https:\/\/www.justy.bio\/pt-pt\/wp-json\/wp\/v2\/product_tag?post=59588"}],"curies":[{"name":"wp","href":"https:\/\/api.w.org\/{rel}","templated":true}]}}